{"id":32676,"date":"2021-03-13T20:41:27","date_gmt":"2021-03-13T19:41:27","guid":{"rendered":"https:\/\/www.aninite.at\/cosplay-2\/x-cosplay-3\/"},"modified":"2025-06-18T21:20:20","modified_gmt":"2025-06-18T19:20:20","slug":"x-cosplay-3","status":"publish","type":"page","link":"https:\/\/www.aninite.at\/ja\/wettbewerbe\/cosplay-2\/x-cosplay-3\/","title":{"rendered":"X\u30b3\u30b9\u30d7\u30ec"},"content":{"rendered":"<div class=\"wp-block-image\">\n<figure class=\"aligncenter size-full\"><img decoding=\"async\" src=\"https:\/\/www.aninite.at\/wp-content\/uploads\/\/TitelTemplate-1.svg\" alt=\"\" class=\"wp-image-32076\"\/><\/figure>\n<\/div>\n<div style=\"height:50px\" aria-hidden=\"true\" class=\"wp-block-spacer\"><\/div>\n\n<p>\u3042\u306a\u305f\u306b\u306f\u3001\u3068\u3066\u3064\u3082\u306a\u304f<strong>\u30af\u30fc\u30eb\u3067\u7f8e\u3057\u304f\u3001\u5f37\u3044\u3068<\/strong>\u611f\u3058\u308b\u304a\u6c17\u306b\u5165\u308a\u306e\u30ad\u30e3\u30e9\u30af\u30bf\u30fc\u304c\u3044\u308b\u3060\u308d\u3046\u304b\uff1f\u305d\u306e\u59ff\u306b\u9b45\u4e86\u3055\u308c\u3001\u305d\u306e\u8863\u88c5\u306b\u5727\u5012\u3055\u308c\u3001\u305d\u308c\u3092\u5b9f\u73fe\u3059\u308b\u30a2\u30a4\u30c7\u30a2\u304c\u3042\u306a\u305f\u306e\u5275\u9020\u529b\u3092\u99c6\u308a\u7acb\u3066\u308b\uff1f\u305d\u308c\u306a\u3089\u3001<strong>X - Cosplay\u306f<\/strong>\u3046\u3063\u3066\u3064\u3051\u306e\u5834\u6240\u3060\uff01<br\/>\u767b\u9332\u3057\u3066\u3001\u3042\u306a\u305f\u306e\u30b3\u30b9\u30d7\u30ec\u3092\u30b9\u30c6\u30fc\u30b8\u3067\u62ab\u9732\u3057\u3088\u3046\u3002<strong>\u521d\u5fc3\u8005\u3082<\/strong> <strong>\u4e0a\u7d1a\u8005\u3082<\/strong>\u5927\u6b53\u8fce\u3002\u79c1\u305f\u3061\u306b\u3068\u3063\u3066\u4e00\u756a\u5927\u5207\u306a\u3053\u3068\u306f\u3001<strong>\u697d\u3057\u3080<\/strong>\u3053\u3068\uff01    <\/p>\n\n<h2 class=\"wp-block-heading has-text-align-center has-vivid-red-color has-text-color\" id=\"teilnahmebedingungen\">\u53c2\u52a0\u6761\u4ef6<\/h2>\n\n<ul class=\"wp-block-list\">\n<li>\u5927\u4f1a\u5f53\u65e5\u306f\u5fc5\u305a\u51fa\u5e2d\u3059\u308b\u3053\u3068\u3002  <\/li>\n\n\n\n<li>\u6388\u8cde\u5f0f\u306b\u51fa\u5e2d\u3067\u304d\u306a\u3044\u5834\u5408\u306f\u3001\u30a4\u30f3\u30d5\u30a9\u30e1\u30fc\u30b7\u30e7\u30f3\u30fb\u30b9\u30bf\u30f3\u30c9\u306b\u5831\u544a\u3057\u3001\u9023\u7d61\u5148\u3092\u4f1d\u3048\u3066\u307b\u3057\u3044\u3002  <\/li>\n\n\n\n<li>\u8cde\u54c1\u304c\u6d77\u5916\u306b\u8ee2\u9001\u3055\u308c\u308b\u3053\u3068\u306f<strong>\u306a\u3044<\/strong>\uff01 <\/li>\n\n\n\n<li>\u30a8\u30f3\u30c8\u30ea\u30fc\u30fb\u30d5\u30a9\u30fc\u30e0\u306b\u306f<strong>\u6f0f\u308c\u306a\u304f<\/strong>\u8a18\u5165\u3059\u308b\u3053\u3068\u3002  <\/li>\n\n\n\n<li>\u767b\u9332\u3059\u308b\u3053\u3068\u3067\u3001<strong>\u3042\u306a\u305f\u306e\u30d1\u30d5\u30a9\u30fc\u30de\u30f3\u30b9\u3092\u30e9\u30a4\u30d6\u30b9\u30c8\u30ea\u30fc\u30df\u30f3\u30b0\u3057\u3001\u5f8c\u3067\u30d3\u30c7\u30aa\u3092\u4f7f\u7528\u3059\u308b\u3053\u3068\u3092\u8a31\u53ef\u3059\u308b\u3053\u3068\u306b\u306a\u308b\u3002<\/strong> <\/li>\n\n\n\n<li><strong>\u30b9\u30ab\u30fc\u30c8\u3084\u30c9\u30ec\u30b9\u306e\u4e0b\u306b\u306f<\/strong>\u3001<strong>\u30b7\u30e7\u30fc\u30c8\u30d1\u30f3\u30c4\u307e\u305f\u306f\u300c\u5b89\u5168\u30ba\u30dc\u30f3\u300d\u3092<\/strong>\u7740\u7528\u3057\u306a\u3051\u308c\u3070\u306a\u3089\u306a\u3044\u3002  <\/li>\n\n\n\n<li>\u660e\u3089\u304b\u306b\u66b4\u529b\u7684\u306a\u753b\u50cf\u3084\u30dd\u30eb\u30ce\u753b\u50cf\u306f\u5931\u683c\u3068\u306a\u308b\u3002  <\/li>\n\n\n\n<li>\u73fe\u5730\u3067\u306e\u76f4\u524d\u767b\u9332\u306f<strong>\u3067\u304d\u306a\u3044<\/strong>\u3002<\/li>\n\n\n\n<li>\u7af6\u6280\u898f\u5247\u306b<strong>\u9055\u53cd\u3057\u305f <\/strong>\u5834\u5408\u3001\u7af6\u6280\u304b\u3089<strong>\u9664\u5916\u3055\u308c\u308b <\/strong>\u3053\u3068\u304c\u3042\u308b\uff01  <\/li>\n<\/ul>\n\n<h2 class=\"wp-block-heading has-text-align-center has-vivid-red-color has-text-color has-link-color wp-elements-67f66a442af380dbccf39341794dd0f8\">\u898f\u5247<\/h2>\n\n<p>\u304a\u7533\u3057\u8fbc\u307f\u306e\u524d\u306b <a href=\"https:\/\/www.aninite.at\/wp-content\/uploads\/Buehnenleifaden.pdf\"><strong>\u30b9\u30c6\u30fc\u30b8\u30ac\u30a4\u30c9<\/strong><\/a>\u304a\u3088\u3073 <strong><a href=\"https:\/\/www.aninite.at\/wp-content\/uploads\/XCosRegelnDE.pdf\">\u898f\u7d04<\/a> <\/strong>\u3092\u3088\u304f\u8aad\u3093\u3067\u304b\u3089\u767b\u9332\u3059\u308b\u3053\u3068\u3002<\/p>\n\n<p>\u3054\u4e0d\u660e\u306a\u70b9\u304c\u3054\u3056\u3044\u307e\u3057\u305f\u3089\u3001<a href=\"https:\/\/www.aninite.at\/ja\/kontakt\/\" target=\"_blank\" rel=\"noreferrer noopener\">\u304a\u554f\u3044\u5408\u308f\u305b\u30d5\u30a9\u30fc\u30e0\u3088\u308a<\/a>\u3054\u9023\u7d61\u304f\u3060\u3055\u3044\u3002<\/p>\n\n<h2 class=\"wp-block-heading has-text-align-center has-vivid-red-color has-text-color has-link-color wp-elements-2903229b50d0268566388e0e7c533d03\">\u767b\u9332<\/h2>\n\n<p><strong><a href=\"https:\/\/forms.office.com\/Pages\/ResponsePage.aspx?id=vS-9NlFDJEOLWHEKOtMaO7loUXtyNmZPibW4NHt18lNUMjhQSUNZT0tITDY2NlpWOFVTT1A1STZNNS4u\" target=\"_blank\" rel=\"noreferrer noopener\">\u767b\u9332\u306f\u3053\u3061\u3089\u304b\u3089\u3002<\/a><\/strong><br\/><strong>\u767b\u9332\u7de0\u5207\uff1a2025\u5e748\u67081\u65e523\u664259\u5206<\/strong><\/p>\n\n<h2 class=\"wp-block-heading has-text-align-center has-vivid-red-color has-text-color\">\u7af6\u6280\u624b\u9806<\/h2>\n\n<ol start=\"1\" class=\"wp-block-list\">\n<li>\u53c2\u52a0\u8005\u306b\u306f\u305d\u308c\u305e\u308c\u30b9\u30bf\u30fc\u30c8\u756a\u53f7\u304c\u5272\u308a\u632f\u3089\u308c\u3001\u305d\u308c\u306b\u3088\u3063\u3066\u30b9\u30c6\u30fc\u30b8\u3067\u306e\u6f14\u6280\u9806\u304c\u6c7a\u307e\u308b\u3002\u307e\u305f\u30012\u3064\u306e<strong><em>\u62d8\u675f\u6642\u9593<\/em><\/strong>1\u56de\u76ee\u306f\u5185\u90e8\u3067\u306e\u4e8b\u524d\u5be9\u67fb\u30012\u56de\u76ee\u306f\u30b9\u30c6\u30fc\u30b8\u3067\u306e\u30d1\u30d5\u30a9\u30fc\u30de\u30f3\u30b9\u3067\u3042\u308b\u3002   <\/li>\n<\/ol>\n\n<ol start=\"2\" class=\"wp-block-list\">\n<li>\u3059\u3079\u3066\u306e\u53c2\u52a0\u8005\u306f\u3001\u5185\u90e8\u4e8b\u524d\u5be9\u67fb\u30e9\u30a6\u30f3\u30c9<strong>\u958b\u59cb5\u5206\u524d\u307e\u3067\u306b<\/strong>\u6307\u5b9a\u3055\u308c\u305f\u4f1a\u5834\u306b\u3001\u307e\u305f\u306f\u30b7\u30e7\u30fc<strong>\u958b\u59cb10\u5206\u524d\u307e\u3067\u306b<\/strong>\u6307\u5b9a\u3055\u308c\u305f\u96c6\u5408\u5834\u6240\u306b<strong>\u6642\u9593\u53b3\u5b88\u3067<\/strong>\u5230\u7740\u3057\u306a\u3051\u308c\u3070\u306a\u3089\u306a\u3044\uff1a\u4e21\u4f1a\u5834\u306e\u4f1a\u5834\u56f3\u306f\u3001\u30b9\u30bf\u30fc\u30c8\u756a\u53f7\u3068\u3068\u3082\u306b\u9001\u4ed8\u3055\u308c\u308b\u3002  <\/li>\n<\/ol>\n\n<ol start=\"3\" class=\"wp-block-list\">\n<li>\u53c2\u52a0\u8005\u306f\u5168\u54e1\u3001\u958b\u6f14\u76f4\u524d\u3068\u7d42\u6f14\u5f8c\u306f\u30b9\u30c6\u30fc\u30b8\u3092\u96e2\u308c\u3066\u306f\u306a\u3089\u306a\u3044\uff01\u3053\u306e\u5f8c\u3001\u53c2\u52a0\u8005<strong>\u5168\u54e1\u306e\u96c6\u5408\u5199\u771f\u304c<\/strong>\u63b2\u8f09\u3055\u308c\u308b\uff01 <\/li>\n<\/ol>\n\n<ol start=\"4\" class=\"wp-block-list\">\n<li>\u5185\u90e8\u5be9\u67fb\u306f\u4e88\u5099\u5be9\u67fb\u3067\u306f\u306a\u3044\uff01<br\/>\u5168\u3066\u306e\u30b3\u30b9\u30d7\u30ec\u30a4\u30e4\u30fc\u306f<strong>\u4e21\u30e9\u30a6\u30f3\u30c9\u306b<\/strong>\u53c2\u52a0\u3059\u308b\u3002\u4e0d\u53c2\u52a0\u306f\u30ad\u30e3\u30f3\u30bb\u30eb\u3068\u307f\u306a\u3059\uff01\u4e88\u671f\u305b\u306c\u9045\u5ef6\uff08\u4ea4\u901a\u6e0b\u6ede\u3001\u4f53\u8abf\u4e0d\u826f\u3001\u4fee\u7406\u306a\u3069\uff09\u304c\u767a\u751f\u3057\u305f\u5834\u5408\u3001\u901f\u3084\u304b\u306b\u5927\u4f1a\u4e3b\u50ac\u8005\u306b\u5831\u544a\u3059\u308b\u3053\u3068\u3002<br\/>\u3053\u306e\u5834\u5408\u3001\u51fa\u6f14\u9806\u306f\u6700\u5f8c\u5c3e\u3068\u306a\u308b\u304c\u3001<strong>\u5272\u308a\u5f53\u3066\u3089\u308c\u305f\u30bc\u30c3\u30b1\u30f3\u756a\u53f7\u306f<\/strong><strong>\u6709\u52b9\u3068\u306a\u308b<\/strong>\uff01     <\/li>\n<\/ol>\n\n<ol start=\"5\" class=\"wp-block-list\">\n<li>\u30b3\u30b9\u30d7\u30ec\u30a4\u30e4\u30fc\u306e\u7686\u69d8\u306b\u306f\u3001\u30b5\u30cb\u30bf\u30ea\u30fc\u3092\u66f4\u8863\u5ba4\u3068\u3057\u3066\u4f7f\u7528\u3057\u306a\u3044\u3088\u3046\u304a\u9858\u3044\u3057\u3066\u3044\u308b\u3002<br\/>\u66f4\u8863\u5ba4\u306f\u9650\u3089\u308c\u305f\u5834\u6240\u3057\u304b\u4f7f\u7528\u3067\u304d\u306a\u3044\u305f\u3081\u3001\u7740\u66ff\u3048\u3001\u30b9\u30bf\u30a4\u30ea\u30f3\u30b0\u3001\u30e1\u30a4\u30af\u306f\u53ef\u80fd\u306a\u9650\u308a\u81ea\u5b85\u3084\u30db\u30c6\u30eb\u306e\u90e8\u5c4b\u3067\u884c\u3063\u3066\u3044\u305f\u3060\u304d\u305f\u3044\u3002  <\/li>\n<\/ol>\n\n<p>\u3053\u308c\u304c\u821e\u53f0\u3067\u306e\u7af6\u6280\u306e\u4ed5\u7d44\u307f\u3060\uff1a  <\/p>\n\n<ol start=\"1\" class=\"wp-block-list\">\n<li>\u5be9\u67fb\u54e1\u306e\u30d7\u30ec\u30bc\u30f3\u30c6\u30fc\u30b7\u30e7\u30f3  <\/li>\n\n\n\n<li>\u516c\u6f14\u306e\u30d7\u30ec\u30bc\u30f3\u30c6\u30fc\u30b7\u30e7\u30f3  <\/li>\n\n\n\n<li>\u30b9\u30bf\u30fc\u30c8\u756a\u53f7\u306b\u5fdc\u3058\u305f\u30b9\u30c6\u30fc\u30b8\u30d1\u30d5\u30a9\u30fc\u30de\u30f3\u30b9  <\/li>\n\n\n\n<li>\u6700\u5f8c\u306e\u53c2\u52a0\u8005\u7d42\u4e86\u5f8c\u3001\u30b9\u30c6\u30fc\u30b8\u4e0a\u3067\u30b3\u30b9\u30d7\u30ec\u30a4\u30e4\u30fc\u5168\u54e1\u306e\u96c6\u5408\u5199\u771f\u64ae\u5f71\uff08\u7d043\u5206  <\/li>\n\n\n\n<li>\u4e00\u793c\u3057\u3066\u30b9\u30c6\u30fc\u30b8\u304b\u3089\u9000\u5834\u3059\u308b\u3002  <\/li>\n<\/ol>\n\n<h2 class=\"wp-block-heading has-text-align-center has-vivid-red-color has-text-color\" id=\"bewertungsablauf\">\u8a55\u4fa1\u30d7\u30ed\u30bb\u30b9<\/h2>\n\n<ul class=\"wp-block-list\">\n<li>\u5be9\u67fb\u54e1\u306f3\u540d\u3067\u69cb\u6210\u3055\u308c\u308b\u3002\u4e8b\u524d\u5be9\u67fb\u3067\u306f\u3001\u30b3\u30b9\u30c1\u30e5\u30fc\u30e0\u3068\u30e1\u30a4\u30af\u30a2\u30c3\u30d7\u3092\u65bd\u3057\u305f\u72b6\u614b\u3067\u767b\u5834\u3057\u3001\u5b9f\u969b\u306b\u30b3\u30b9\u30d7\u30ec\u3092\u62ab\u9732\u3057\u3001\u3069\u306e\u3088\u3046\u306b\u4f5c\u3063\u305f\u304b\u3092\u8aac\u660e\u3059\u308b\u3002   <\/li>\n\n\n\n<li>\u5be9\u67fb\u54e1\u306f\u3001<strong>\u5168\u4f53\u7684\u306a\u5916\u89b3\u3068<\/strong> <strong>\u7d30\u90e8\u3078\u306e\u3053\u3060\u308f\u308a\u306b\u5bfe\u3057\u3066<\/strong>\u30dd\u30a4\u30f3\u30c8\u3092\u4e0e\u3048\u308b\u3002<\/li>\n\n\n\n<li>\u4e8b\u524d\u5be9\u67fb\u306f\u3001\u53c2\u52a0\u8005\u306e\u4eba\u6570\u306b\u3082\u3088\u308b\u304c\u30011\u4eba\u5f53\u305f\u308a7\uff5e10\u5206\u304b\u304b\u308b\u3002  <\/li>\n\n\n\n<li>\u30d1\u30d5\u30a9\u30fc\u30de\u30f3\u30b9\u3067\u306f\u3001\u5be9\u67fb\u54e1\u3068\u89b3\u5ba2\u306e\u524d\u3067\u30b3\u30b9\u30d7\u30ec\u3092\u62ab\u9732\u3059\u308b\u3002  <\/li>\n\n\n\n<li>\u5be9\u67fb\u54e1\u306f\u3042\u306a\u305f\u306e<strong>\u7dcf\u5408\u7684\u306a\u5370\u8c61\u3068\u30d1\u30d5\u30a9\u30fc\u30de\u30f3\u30b9\u3092<\/strong>\u5224\u65ad\u3059\u308b<strong>\u3002<\/strong><\/li>\n\n\n\n<li>\u512a\u52dd\u8005\u306f\u3001\u5408\u8a08\u5f97\u70b9\u306e\u6700\u3082\u591a\u3044\u53c2\u52a0\u8005\u3068\u306a\u308b\u3002<\/li>\n<\/ul>\n\n<h2 class=\"wp-block-heading has-text-align-center has-vivid-red-color has-text-color\" id=\"bewertungsablauf\">\u30ab\u30c6\u30b4\u30ea\u30fc<\/h2>\n\n<div class=\"wp-block-columns are-vertically-aligned-center has-background is-layout-flex wp-container-core-columns-is-layout-9d6595d7 wp-block-columns-is-layout-flex\" style=\"background-color:#cf2d2db5\">\n<div class=\"wp-block-column is-vertically-aligned-center is-layout-flow wp-block-column-is-layout-flow\">\n<p class=\"has-text-align-center has-white-color has-text-color\"><strong>\u30bd\u30fc\u30a4\u30f3\u30b0<\/strong><\/p>\n<\/div>\n\n\n\n<div class=\"wp-block-column is-vertically-aligned-center is-layout-flow wp-block-column-is-layout-flow\">\n<p class=\"has-text-align-center has-white-color has-text-color\"><strong>\u8efd\u93a7<\/strong><\/p>\n<\/div>\n\n\n\n<div class=\"wp-block-column is-vertically-aligned-center is-layout-flow wp-block-column-is-layout-flow\">\n<p class=\"has-text-align-center has-white-color has-text-color\"><strong>\u30d8\u30d3\u30fc\u30a2\u30fc\u30de\u30fc<\/strong><\/p>\n<\/div>\n<\/div>\n\n<p>\u53c2\u8003\u753b\u50cf\u3092\u3082\u3068\u306b\u3001\u4ee5\u4e0b\u306e\u30ab\u30c6\u30b4\u30ea\u30fc\u306e\u3044\u305a\u308c\u304b\u306b\u632f\u308a\u5206\u3051\u3089\u308c\u308b\u3002  <\/p>\n<div class=\"wp-block-image\">\n<figure class=\"aligncenter size-full\"><img loading=\"lazy\" decoding=\"async\" width=\"728\" height=\"162\" src=\"https:\/\/www.aninite.at\/wp-content\/uploads\/Footer_2025_FL.jpg\" alt=\"\" class=\"wp-image-17696\" srcset=\"https:\/\/www.aninite.at\/wp-content\/uploads\/Footer_2025_FL.jpg 728w, https:\/\/www.aninite.at\/wp-content\/uploads\/Footer_2025_FL-300x67.jpg 300w\" sizes=\"auto, (max-width: 728px) 100vw, 728px\" \/><\/figure>\n<\/div>","protected":false},"excerpt":{"rendered":"<p>\u3042\u306a\u305f\u306b\u306f\u3001\u3068\u3066\u3064\u3082\u306a\u304f\u30af\u30fc\u30eb\u3067\u7f8e\u3057\u304f\u3001\u5f37\u3044\u3068\u611f\u3058\u308b\u304a\u6c17\u306b\u5165\u308a\u306e\u30ad\u30e3\u30e9\u30af\u30bf\u30fc\u304c\u3044\u308b\u3060\u308d\u3046\u304b\uff1f\u305d\u306e\u59ff\u306b\u9b45\u4e86\u3055\u308c\u3001\u305d\u306e\u8863\u88c5\u306b\u5727\u5012\u3055\u308c\u3001\u305d\u308c\u3092\u5b9f\u73fe\u3059\u308b\u30a2\u30a4\u30c7\u30a2\u304c\u3042\u306a\u305f\u306e\u5275\u9020\u529b\u3092\u99c6\u308a\u7acb\u3066\u308b\uff1f\u305d\u308c\u306a\u3089\u3001X - Cosplay\u306f\u3046\u3063\u3066\u3064\u3051\u306e\u5834\u6240\u3060\uff01\u767b\u9332\u3057\u3066\u3001\u3042\u306a\u305f\u306e\u30b3\u30b9\u30d7\u30ec\u3092\u30b9\u30c6\u30fc\u30b8\u3067\u62ab\u9732\u3057\u3088\u3046\u3002\u521d\u5fc3\u8005\u3082 \u4e0a\u7d1a\u8005\u3082\u5927\u6b53\u8fce\u3002\u79c1\u305f\u3061\u306b\u3068\u3063\u3066\u4e00\u756a\u5927\u5207\u306a\u3053\u3068\u306f\u3001\u697d\u3057\u3080\u3053\u3068\uff01 \u53c2\u52a0\u6761\u4ef6 \u898f\u5247 \u304a\u7533\u3057\u8fbc\u307f\u306e\u524d\u306b \u30b9\u30c6\u30fc\u30b8\u30ac\u30a4\u30c9\u304a\u3088\u3073 \u898f\u7d04 \u3092\u3088\u304f\u8aad\u3093\u3067\u304b\u3089\u767b\u9332\u3059\u308b\u3053\u3068\u3002 \u3054\u4e0d\u660e\u306a\u70b9\u304c\u3054\u3056\u3044\u307e\u3057\u305f\u3089\u3001\u304a\u554f\u3044\u5408\u308f\u305b\u30d5\u30a9\u30fc\u30e0\u3088\u308a\u3054\u9023\u7d61\u304f\u3060\u3055\u3044\u3002 \u767b\u9332 \u767b\u9332\u306f\u3053\u3061\u3089\u304b\u3089\u3002\u767b\u9332\u7de0\u5207\uff1a2025\u5e748\u67081\u65e523\u664259\u5206 \u7af6\u6280\u624b\u9806 \u3053\u308c\u304c\u821e\u53f0\u3067\u306e\u7af6\u6280\u306e\u4ed5\u7d44\u307f\u3060\uff1a \u8a55\u4fa1\u30d7\u30ed\u30bb\u30b9 \u30ab\u30c6\u30b4\u30ea\u30fc \u30bd\u30fc\u30a4\u30f3\u30b0 \u8efd\u93a7 \u30d8\u30d3\u30fc\u30a2\u30fc\u30de\u30fc \u53c2\u8003\u753b\u50cf\u3092\u3082\u3068\u306b\u3001\u4ee5\u4e0b\u306e\u30ab\u30c6\u30b4\u30ea\u30fc\u306e\u3044\u305a\u308c\u304b\u306b\u632f\u308a\u5206\u3051\u3089\u308c\u308b\u3002<\/p>\n","protected":false},"author":10,"featured_media":0,"parent":32612,"menu_order":0,"comment_status":"closed","ping_status":"closed","template":"","meta":{"inline_featured_image":false,"footnotes":""},"class_list":["post-32676","page","type-page","status-publish","hentry"],"yoast_head":"<!-- This site is optimized with the Yoast SEO plugin v27.5 - https:\/\/yoast.com\/product\/yoast-seo-wordpress\/ -->\n<title>X\u30b3\u30b9\u30d7\u30ec - AniNite<\/title>\n<meta name=\"description\" content=\"X\u30b3\u30b9\u30d7\u30ec\u30b3\u30f3\u30c6\u30b9\u30c8\u306f\u3001\u3042\u306a\u305f\u306e\u30b3\u30b9\u30c1\u30e5\u30fc\u30e0\u3068\u3001\u305d\u308c\u3092\u3069\u308c\u3060\u3051\u3046\u307e\u304f\u6b63\u78ba\u306b\u4f5c\u308a\u4e0a\u3052\u305f\u304b\u304c\u3059\u3079\u3066\u3060\u30024\u3064\u306e\u30ab\u30c6\u30b4\u30ea\u30fc\u306b\u53c2\u52a0\u3067\u304d\u308b\u3002\" \/>\n<meta name=\"robots\" content=\"index, follow, max-snippet:-1, max-image-preview:large, max-video-preview:-1\" \/>\n<link rel=\"canonical\" href=\"https:\/\/www.aninite.at\/ja\/wettbewerbe\/cosplay-2\/x-cosplay-3\/\" \/>\n<meta property=\"og:locale\" content=\"ja_JP\" \/>\n<meta property=\"og:type\" content=\"article\" \/>\n<meta property=\"og:title\" content=\"X\u30b3\u30b9\u30d7\u30ec - AniNite\" \/>\n<meta property=\"og:description\" content=\"X\u30b3\u30b9\u30d7\u30ec\u30b3\u30f3\u30c6\u30b9\u30c8\u306f\u3001\u3042\u306a\u305f\u306e\u30b3\u30b9\u30c1\u30e5\u30fc\u30e0\u3068\u3001\u305d\u308c\u3092\u3069\u308c\u3060\u3051\u3046\u307e\u304f\u6b63\u78ba\u306b\u4f5c\u308a\u4e0a\u3052\u305f\u304b\u304c\u3059\u3079\u3066\u3060\u30024\u3064\u306e\u30ab\u30c6\u30b4\u30ea\u30fc\u306b\u53c2\u52a0\u3067\u304d\u308b\u3002\" \/>\n<meta property=\"og:url\" content=\"https:\/\/www.aninite.at\/ja\/wettbewerbe\/cosplay-2\/x-cosplay-3\/\" \/>\n<meta property=\"og:site_name\" content=\"AniNite\" \/>\n<meta property=\"article:publisher\" content=\"https:\/\/www.facebook.com\/AniMangaAustria\" \/>\n<meta property=\"article:modified_time\" content=\"2025-06-18T19:20:20+00:00\" \/>\n<meta property=\"og:image\" content=\"https:\/\/www.aninite.at\/wp-content\/uploads\/cropped-Icon_2025.jpg\" \/>\n\t<meta property=\"og:image:width\" content=\"512\" \/>\n\t<meta property=\"og:image:height\" content=\"512\" \/>\n\t<meta property=\"og:image:type\" content=\"image\/jpeg\" \/>\n<meta name=\"twitter:card\" content=\"summary_large_image\" \/>\n<meta name=\"twitter:title\" content=\"AniNite X\u30b3\u30b9\u30d7\u30ec\" \/>\n<meta name=\"twitter:description\" content=\"X\u30b3\u30b9\u30d7\u30ec\u30b3\u30f3\u30c6\u30b9\u30c8\u306f\u3001\u3042\u306a\u305f\u306e\u30b3\u30b9\u30c1\u30e5\u30fc\u30e0\u3068\u3001\u305d\u308c\u3092\u3069\u308c\u3060\u3051\u3046\u307e\u304f\u6b63\u78ba\u306b\u4f5c\u308a\u4e0a\u3052\u305f\u304b\u304c\u3059\u3079\u3066\u3060\u30024\u3064\u306e\u30ab\u30c6\u30b4\u30ea\u30fc\u306b\u53c2\u52a0\u3067\u304d\u308b\u3002\" \/>\n<meta name=\"twitter:image\" content=\"https:\/\/www.aninite.at\/wp-content\/uploads\/Seirer_AniNite2018_X-Cosplay-edited-643x1024.jpg\" \/>\n<script type=\"application\/ld+json\" class=\"yoast-schema-graph\">{\"@context\":\"https:\\\/\\\/schema.org\",\"@graph\":[{\"@type\":\"WebPage\",\"@id\":\"https:\\\/\\\/www.aninite.at\\\/ja\\\/wettbewerbe\\\/cosplay-2\\\/x-cosplay-3\\\/\",\"url\":\"https:\\\/\\\/www.aninite.at\\\/ja\\\/wettbewerbe\\\/cosplay-2\\\/x-cosplay-3\\\/\",\"name\":\"X\u30b3\u30b9\u30d7\u30ec - AniNite\",\"isPartOf\":{\"@id\":\"https:\\\/\\\/www.aninite.at\\\/ja\\\/#website\"},\"primaryImageOfPage\":{\"@id\":\"https:\\\/\\\/www.aninite.at\\\/ja\\\/wettbewerbe\\\/cosplay-2\\\/x-cosplay-3\\\/#primaryimage\"},\"image\":{\"@id\":\"https:\\\/\\\/www.aninite.at\\\/ja\\\/wettbewerbe\\\/cosplay-2\\\/x-cosplay-3\\\/#primaryimage\"},\"thumbnailUrl\":\"https:\\\/\\\/www.aninite.at\\\/wp-content\\\/uploads\\\/\\\/TitelTemplate-1.svg\",\"datePublished\":\"2021-03-13T19:41:27+00:00\",\"dateModified\":\"2025-06-18T19:20:20+00:00\",\"description\":\"X\u30b3\u30b9\u30d7\u30ec\u30b3\u30f3\u30c6\u30b9\u30c8\u306f\u3001\u3042\u306a\u305f\u306e\u30b3\u30b9\u30c1\u30e5\u30fc\u30e0\u3068\u3001\u305d\u308c\u3092\u3069\u308c\u3060\u3051\u3046\u307e\u304f\u6b63\u78ba\u306b\u4f5c\u308a\u4e0a\u3052\u305f\u304b\u304c\u3059\u3079\u3066\u3060\u30024\u3064\u306e\u30ab\u30c6\u30b4\u30ea\u30fc\u306b\u53c2\u52a0\u3067\u304d\u308b\u3002\",\"breadcrumb\":{\"@id\":\"https:\\\/\\\/www.aninite.at\\\/ja\\\/wettbewerbe\\\/cosplay-2\\\/x-cosplay-3\\\/#breadcrumb\"},\"inLanguage\":\"ja\",\"potentialAction\":[{\"@type\":\"ReadAction\",\"target\":[\"https:\\\/\\\/www.aninite.at\\\/ja\\\/wettbewerbe\\\/cosplay-2\\\/x-cosplay-3\\\/\"]}]},{\"@type\":\"ImageObject\",\"inLanguage\":\"ja\",\"@id\":\"https:\\\/\\\/www.aninite.at\\\/ja\\\/wettbewerbe\\\/cosplay-2\\\/x-cosplay-3\\\/#primaryimage\",\"url\":\"https:\\\/\\\/www.aninite.at\\\/wp-content\\\/uploads\\\/\\\/TitelTemplate-1.svg\",\"contentUrl\":\"https:\\\/\\\/www.aninite.at\\\/wp-content\\\/uploads\\\/\\\/TitelTemplate-1.svg\"},{\"@type\":\"BreadcrumbList\",\"@id\":\"https:\\\/\\\/www.aninite.at\\\/ja\\\/wettbewerbe\\\/cosplay-2\\\/x-cosplay-3\\\/#breadcrumb\",\"itemListElement\":[{\"@type\":\"ListItem\",\"position\":1,\"name\":\"Startseite\",\"item\":\"https:\\\/\\\/www.aninite.at\\\/ja\\\/willkommen\\\/\"},{\"@type\":\"ListItem\",\"position\":2,\"name\":\"\u30b3\u30f3\u30da\u30c6\u30a3\u30b7\u30e7\u30f3\",\"item\":\"https:\\\/\\\/www.aninite.at\\\/ja\\\/wettbewerbe\\\/\"},{\"@type\":\"ListItem\",\"position\":3,\"name\":\"\u30b3\u30b9\u30d7\u30ec\",\"item\":\"https:\\\/\\\/www.aninite.at\\\/ja\\\/wettbewerbe\\\/cosplay-2\\\/\"},{\"@type\":\"ListItem\",\"position\":4,\"name\":\"X\u30b3\u30b9\u30d7\u30ec\"}]},{\"@type\":\"WebSite\",\"@id\":\"https:\\\/\\\/www.aninite.at\\\/ja\\\/#website\",\"url\":\"https:\\\/\\\/www.aninite.at\\\/ja\\\/\",\"name\":\"AniNite\",\"description\":\"\u00d6sterreichs gr\u00f6\u00dfte Anime-, Manga- und Comic-Convention\",\"potentialAction\":[{\"@type\":\"SearchAction\",\"target\":{\"@type\":\"EntryPoint\",\"urlTemplate\":\"https:\\\/\\\/www.aninite.at\\\/ja\\\/?s={search_term_string}\"},\"query-input\":{\"@type\":\"PropertyValueSpecification\",\"valueRequired\":true,\"valueName\":\"search_term_string\"}}],\"inLanguage\":\"ja\"}]}<\/script>\n<!-- \/ Yoast SEO plugin. -->","yoast_head_json":{"title":"X\u30b3\u30b9\u30d7\u30ec - AniNite","description":"X\u30b3\u30b9\u30d7\u30ec\u30b3\u30f3\u30c6\u30b9\u30c8\u306f\u3001\u3042\u306a\u305f\u306e\u30b3\u30b9\u30c1\u30e5\u30fc\u30e0\u3068\u3001\u305d\u308c\u3092\u3069\u308c\u3060\u3051\u3046\u307e\u304f\u6b63\u78ba\u306b\u4f5c\u308a\u4e0a\u3052\u305f\u304b\u304c\u3059\u3079\u3066\u3060\u30024\u3064\u306e\u30ab\u30c6\u30b4\u30ea\u30fc\u306b\u53c2\u52a0\u3067\u304d\u308b\u3002","robots":{"index":"index","follow":"follow","max-snippet":"max-snippet:-1","max-image-preview":"max-image-preview:large","max-video-preview":"max-video-preview:-1"},"canonical":"https:\/\/www.aninite.at\/ja\/wettbewerbe\/cosplay-2\/x-cosplay-3\/","og_locale":"ja_JP","og_type":"article","og_title":"X\u30b3\u30b9\u30d7\u30ec - AniNite","og_description":"X\u30b3\u30b9\u30d7\u30ec\u30b3\u30f3\u30c6\u30b9\u30c8\u306f\u3001\u3042\u306a\u305f\u306e\u30b3\u30b9\u30c1\u30e5\u30fc\u30e0\u3068\u3001\u305d\u308c\u3092\u3069\u308c\u3060\u3051\u3046\u307e\u304f\u6b63\u78ba\u306b\u4f5c\u308a\u4e0a\u3052\u305f\u304b\u304c\u3059\u3079\u3066\u3060\u30024\u3064\u306e\u30ab\u30c6\u30b4\u30ea\u30fc\u306b\u53c2\u52a0\u3067\u304d\u308b\u3002","og_url":"https:\/\/www.aninite.at\/ja\/wettbewerbe\/cosplay-2\/x-cosplay-3\/","og_site_name":"AniNite","article_publisher":"https:\/\/www.facebook.com\/AniMangaAustria","article_modified_time":"2025-06-18T19:20:20+00:00","og_image":[{"width":512,"height":512,"url":"https:\/\/www.aninite.at\/wp-content\/uploads\/cropped-Icon_2025.jpg","type":"image\/jpeg"}],"twitter_card":"summary_large_image","twitter_title":"AniNite X\u30b3\u30b9\u30d7\u30ec","twitter_description":"X\u30b3\u30b9\u30d7\u30ec\u30b3\u30f3\u30c6\u30b9\u30c8\u306f\u3001\u3042\u306a\u305f\u306e\u30b3\u30b9\u30c1\u30e5\u30fc\u30e0\u3068\u3001\u305d\u308c\u3092\u3069\u308c\u3060\u3051\u3046\u307e\u304f\u6b63\u78ba\u306b\u4f5c\u308a\u4e0a\u3052\u305f\u304b\u304c\u3059\u3079\u3066\u3060\u30024\u3064\u306e\u30ab\u30c6\u30b4\u30ea\u30fc\u306b\u53c2\u52a0\u3067\u304d\u308b\u3002","twitter_image":"https:\/\/www.aninite.at\/wp-content\/uploads\/Seirer_AniNite2018_X-Cosplay-edited-643x1024.jpg","schema":{"@context":"https:\/\/schema.org","@graph":[{"@type":"WebPage","@id":"https:\/\/www.aninite.at\/ja\/wettbewerbe\/cosplay-2\/x-cosplay-3\/","url":"https:\/\/www.aninite.at\/ja\/wettbewerbe\/cosplay-2\/x-cosplay-3\/","name":"X\u30b3\u30b9\u30d7\u30ec - AniNite","isPartOf":{"@id":"https:\/\/www.aninite.at\/ja\/#website"},"primaryImageOfPage":{"@id":"https:\/\/www.aninite.at\/ja\/wettbewerbe\/cosplay-2\/x-cosplay-3\/#primaryimage"},"image":{"@id":"https:\/\/www.aninite.at\/ja\/wettbewerbe\/cosplay-2\/x-cosplay-3\/#primaryimage"},"thumbnailUrl":"https:\/\/www.aninite.at\/wp-content\/uploads\/\/TitelTemplate-1.svg","datePublished":"2021-03-13T19:41:27+00:00","dateModified":"2025-06-18T19:20:20+00:00","description":"X\u30b3\u30b9\u30d7\u30ec\u30b3\u30f3\u30c6\u30b9\u30c8\u306f\u3001\u3042\u306a\u305f\u306e\u30b3\u30b9\u30c1\u30e5\u30fc\u30e0\u3068\u3001\u305d\u308c\u3092\u3069\u308c\u3060\u3051\u3046\u307e\u304f\u6b63\u78ba\u306b\u4f5c\u308a\u4e0a\u3052\u305f\u304b\u304c\u3059\u3079\u3066\u3060\u30024\u3064\u306e\u30ab\u30c6\u30b4\u30ea\u30fc\u306b\u53c2\u52a0\u3067\u304d\u308b\u3002","breadcrumb":{"@id":"https:\/\/www.aninite.at\/ja\/wettbewerbe\/cosplay-2\/x-cosplay-3\/#breadcrumb"},"inLanguage":"ja","potentialAction":[{"@type":"ReadAction","target":["https:\/\/www.aninite.at\/ja\/wettbewerbe\/cosplay-2\/x-cosplay-3\/"]}]},{"@type":"ImageObject","inLanguage":"ja","@id":"https:\/\/www.aninite.at\/ja\/wettbewerbe\/cosplay-2\/x-cosplay-3\/#primaryimage","url":"https:\/\/www.aninite.at\/wp-content\/uploads\/\/TitelTemplate-1.svg","contentUrl":"https:\/\/www.aninite.at\/wp-content\/uploads\/\/TitelTemplate-1.svg"},{"@type":"BreadcrumbList","@id":"https:\/\/www.aninite.at\/ja\/wettbewerbe\/cosplay-2\/x-cosplay-3\/#breadcrumb","itemListElement":[{"@type":"ListItem","position":1,"name":"Startseite","item":"https:\/\/www.aninite.at\/ja\/willkommen\/"},{"@type":"ListItem","position":2,"name":"\u30b3\u30f3\u30da\u30c6\u30a3\u30b7\u30e7\u30f3","item":"https:\/\/www.aninite.at\/ja\/wettbewerbe\/"},{"@type":"ListItem","position":3,"name":"\u30b3\u30b9\u30d7\u30ec","item":"https:\/\/www.aninite.at\/ja\/wettbewerbe\/cosplay-2\/"},{"@type":"ListItem","position":4,"name":"X\u30b3\u30b9\u30d7\u30ec"}]},{"@type":"WebSite","@id":"https:\/\/www.aninite.at\/ja\/#website","url":"https:\/\/www.aninite.at\/ja\/","name":"AniNite","description":"\u00d6sterreichs gr\u00f6\u00dfte Anime-, Manga- und Comic-Convention","potentialAction":[{"@type":"SearchAction","target":{"@type":"EntryPoint","urlTemplate":"https:\/\/www.aninite.at\/ja\/?s={search_term_string}"},"query-input":{"@type":"PropertyValueSpecification","valueRequired":true,"valueName":"search_term_string"}}],"inLanguage":"ja"}]}},"acf":[],"_links":{"self":[{"href":"https:\/\/www.aninite.at\/ja\/wp-json\/wp\/v2\/pages\/32676","targetHints":{"allow":["GET"]}}],"collection":[{"href":"https:\/\/www.aninite.at\/ja\/wp-json\/wp\/v2\/pages"}],"about":[{"href":"https:\/\/www.aninite.at\/ja\/wp-json\/wp\/v2\/types\/page"}],"author":[{"embeddable":true,"href":"https:\/\/www.aninite.at\/ja\/wp-json\/wp\/v2\/users\/10"}],"replies":[{"embeddable":true,"href":"https:\/\/www.aninite.at\/ja\/wp-json\/wp\/v2\/comments?post=32676"}],"version-history":[{"count":4,"href":"https:\/\/www.aninite.at\/ja\/wp-json\/wp\/v2\/pages\/32676\/revisions"}],"predecessor-version":[{"id":32984,"href":"https:\/\/www.aninite.at\/ja\/wp-json\/wp\/v2\/pages\/32676\/revisions\/32984"}],"up":[{"embeddable":true,"href":"https:\/\/www.aninite.at\/ja\/wp-json\/wp\/v2\/pages\/32612"}],"wp:attachment":[{"href":"https:\/\/www.aninite.at\/ja\/wp-json\/wp\/v2\/media?parent=32676"}],"curies":[{"name":"wp","href":"https:\/\/api.w.org\/{rel}","templated":true}]}}