{"id":32701,"date":"2021-03-13T20:41:23","date_gmt":"2021-03-13T19:41:23","guid":{"rendered":"https:\/\/www.aninite.at\/lipsync-2\/"},"modified":"2025-08-08T06:35:59","modified_gmt":"2025-08-08T04:35:59","slug":"lipsync-2","status":"publish","type":"page","link":"https:\/\/www.aninite.at\/ja\/wettbewerbe\/lipsync-2\/","title":{"rendered":"\u30ea\u30c3\u30d7\u30b7\u30f3\u30af"},"content":{"rendered":"<div class=\"wp-block-image\">\n<figure class=\"aligncenter size-full\"><img decoding=\"async\" src=\"https:\/\/www.aninite.at\/wp-content\/uploads\/\/TitelTemplate-1.svg\" alt=\"\" class=\"wp-image-32076\"\/><\/figure>\n<\/div>\n<div style=\"height:50px\" aria-hidden=\"true\" class=\"wp-block-spacer\"><\/div>\n\n<p>\u304a\u6c17\u306b\u5165\u308a\u306e\u66f2\u3092\u6697\u8a18\u3057\u3066\u3044\u308b\uff1f<br\/>\u4eca\u5e74\u3082\u307e\u305f\u3001\u3042\u306a\u305f\u306e\u898b\u4e8b\u306a<strong>\u30ea\u30c3\u30d7\u30b7\u30f3\u30af\u30fb\u30b9\u30ad\u30eb\u3067<\/strong>\u89b3\u5ba2\u3092\u9b45\u4e86\u3059\u308b\u3053\u3068\u304c\u6c42\u3081\u3089\u308c\u3066\u3044\u308b\u3002\u3053\u306e\u71b1\u6c17\u3042\u3075\u308c\u308b\u5927\u4f1a\u306f\u3001<strong>\u30ea\u30c3\u30d7\u30fb\u30ea\u30fc\u30c7\u30a3\u30f3\u30b0\u3068<\/strong> <strong>\u30b9\u30c6\u30fc\u30b8\u30fb\u30d1\u30d5\u30a9\u30fc\u30de\u30f3\u30b9\u3092<\/strong>\u7d44\u307f\u5408\u308f\u305b\u305f\u3082\u306e\u3060\u3002    <\/p>\n\n<p>\u3053\u3061\u3089\u3092\u30af\u30ea\u30c3\u30af <strong><a href=\"https:\/\/forms.office.com\/Pages\/ResponsePage.aspx?id=vS-9NlFDJEOLWHEKOtMaO7loUXtyNmZPibW4NHt18lNUMk1ST0REMTU5NUxKV0FRS0lTQVNQT0lTSC4u\" target=\"_blank\" rel=\"noreferrer noopener\">\u30aa\u30f3\u30e9\u30a4\u30f3\u6295\u7968<\/a><\/strong><\/p>\n\n<h2 class=\"wp-block-heading has-text-align-center has-vivid-red-color has-text-color has-link-color wp-elements-2903229b50d0268566388e0e7c533d03\">\u767b\u9332<\/h2>\n\n<p class=\"has-text-align-center\"><strong>\u767b\u9332\u306f\u7d42\u4e86\u3057\u305f<\/strong><\/p>\n\n<h2 class=\"wp-block-heading has-text-align-center has-vivid-red-color has-text-color has-link-color wp-elements-41359325d719a424226c97764e9272dc\">\u8a55\u4fa1<\/h2>\n\n<ul class=\"wp-block-list\">\n<li>\u5be9\u67fb\u54e1\u56e3\u306f<strong>\u3042\u306a\u305f<\/strong>\u3067\u3042\u308a\u3001<strong>\u52dd\u8005\u3092\u6c7a\u3081\u308b\u306e\u306f\u89b3\u5ba2<\/strong>\u3067\u3042\u308b\uff01<\/li>\n\n\n\n<li>\u3060\u304b\u3089\u3001\u3059\u3079\u3066\u3092\u51fa\u3057\u5207\u3063\u3066\u89b3\u8846\u3092\u6cb8\u304b\u305b\u308b\u306e\u3060\uff01<\/li>\n<\/ul>\n\n<h2 class=\"wp-block-heading has-text-align-center has-vivid-red-color has-text-color\" id=\"teilnahmebedingungen\">\u53c2\u52a0\u6761\u4ef6<\/h2>\n\n<ul class=\"wp-block-list\">\n<li><strong>\u91cd\u8981\u306a\u3053\u3068\u3060\uff1a<\/strong>\n<ul class=\"wp-block-list\">\n<li>\u6388\u8cde\u5f0f\u306b<strong>\u51fa\u5e2d<\/strong>\u3067\u304d\u306a\u3044\u5834\u5408\u306f\u3001\u30a4\u30f3\u30d5\u30a9\u30e1\u30fc\u30b7\u30e7\u30f3\u30b9\u30bf\u30f3\u30c9\u306b\u7533\u3057\u51fa\u3066\u307b\u3057\u3044\u3002<\/li>\n\n\n\n<li>\u3042\u306a\u305f\u306e<strong>\u9023\u7d61\u5148<\/strong>\u3001\u307e\u305f\u306f<strong>\u4ee3\u7406\u4eba\u306e<\/strong>\u9023\u7d61\u5148\uff08\u30d5\u30eb\u30cd\u30fc\u30e0\u3002\uff09<\/li>\n\n\n\n<li>\u6599\u91d1\u304c\u6d77\u5916\u306b\u8ee2\u9001\u3055\u308c\u308b\u3053\u3068\u306f<strong>\u306a\u3044 <\/strong>\uff01<\/li>\n<\/ul>\n<\/li>\n\n\n\n<li>\u30ea\u30c3\u30d7\u30b7\u30f3\u30af\u30fb\u30d0\u30c8\u30eb\u306e\u8868\u5f70\u5f0f\u306f\u5927\u4f1a\u5f53\u65e5\u306b\u884c\u308f\u308c\u308b\u3002  <\/li>\n\n\n\n<li>\u30a8\u30f3\u30c8\u30ea\u30fc\u30fb\u30d5\u30a9\u30fc\u30e0\u306b\u306f<strong>\u6f0f\u308c\u306a\u304f <\/strong>\u8a18\u5165\u3059\u308b\u3053\u3068\u3002  <\/li>\n\n\n\n<li>\u767b\u9332\u3059\u308b\u3053\u3068\u3067\u3001\u3042\u306a\u305f\u306e\u30d1\u30d5\u30a9\u30fc\u30de\u30f3\u30b9\u304c<strong>\u30e9\u30a4\u30d6\u30b9\u30c8\u30ea\u30fc\u30df\u30f3\u30b0\u3055<\/strong>\u308c\u3001<strong>\u9332\u753b\u304c\u516c\u958b\u3055<\/strong>\u308c\u308b\u53ef\u80fd\u6027\u304c\u3042\u308b\u3053\u3068\u306b<strong>\u540c\u610f\u3057\u305f<\/strong>\u3053\u3068\u306b\u306a\u308b\u3002<\/li>\n<\/ul>\n\n<h2 class=\"wp-block-heading has-text-align-center has-vivid-red-color has-text-color\">\u898f\u5247<\/h2>\n\n<ul class=\"wp-block-list\">\n<li><strong>\u767b\u9332\u7de0\u3081\u5207\u308a\uff1a<\/strong>2025\u5e748\u67081\u65e523\u664259\u5206<\/li>\n\n\n\n<li>\u66f2\u306e\u9577\u3055\u306f<strong>4\u5206\u4ee5\u5185\u3068<\/strong>\u3059\u308b\u3002<\/li>\n\n\n\n<li>\u3059\u3079\u3066\u306e\u30b3\u30f3\u30c6\u30f3\u30c4\u306fFSK12\/16\u3067\u306a\u3051\u308c\u3070\u306a\u3089\u306a\u3044\u3002  <\/li>\n\n\n\n<li>\u30da\u30a2\u307e\u305f\u306f\u30b0\u30eb\u30fc\u30d7\u3067\u306e\u51fa\u5834\u3082\u8a8d\u3081\u3089\u308c\u308b\u3002  <\/li>\n\n\n\n<li><strong>\u91cd\u8981:<\/strong>\u767b\u9332\u306e\u524d\u306b <a href=\"https:\/\/www.aninite.at\/wp-content\/uploads\/Buehnenleifaden.pdf\" target=\"_blank\" rel=\"noreferrer noopener\"><strong>\u30b9\u30c6\u30fc\u30b8\u30ac\u30a4\u30c9<\/strong><\/a>\u3092\u8aad\u3093\u3067\u304b\u3089\u767b\u9332\u3059\u308b\u3053\u3068\uff01<\/li>\n<\/ul>\n\n<h2 class=\"wp-block-heading has-text-align-center has-vivid-red-color has-text-color\" id=\"wettbewerbsablauf\">\u30b3\u30f3\u30da\u30c6\u30a3\u30b7\u30e7\u30f3\u3068\u8a55\u4fa1\u624b\u7d9a\u304d<\/h2>\n\n<ul class=\"wp-block-list\">\n<li>\u30ea\u30c3\u30d7\u30b7\u30f3\u30af\u30fb\u30d0\u30c8\u30eb\u304c\u59cb\u307e\u308b<strong>15\u5206<\/strong>\u524d\u307e\u3067\u306b\u96c6\u5408\u3059\u308b\u3053\u3068\u3002<\/li>\n\n\n\n<li>\u30ea\u30c3\u30d7\u30b7\u30f3\u30af\u30fb\u30d0\u30c8\u30eb\u306fAniNite\u306e\u30e1\u30a4\u30f3\u30b9\u30c6\u30fc\u30b8\u3067\u884c\u308f\u308c\u308b\u3002<\/li>\n\n\n\n<li><strong>\u89b3\u5ba2\u304c\u6c7a\u3081\u308b\u3053\u3068\u3060<\/strong>\uff01<\/li>\n<\/ul>\n<div class=\"wp-block-image\">\n<figure class=\"aligncenter size-full\"><img loading=\"lazy\" decoding=\"async\" width=\"728\" height=\"162\" src=\"https:\/\/www.aninite.at\/wp-content\/uploads\/Footer_2025_FL.jpg\" alt=\"\" class=\"wp-image-17696\" srcset=\"https:\/\/www.aninite.at\/wp-content\/uploads\/Footer_2025_FL.jpg 728w, https:\/\/www.aninite.at\/wp-content\/uploads\/Footer_2025_FL-300x67.jpg 300w\" sizes=\"auto, (max-width: 728px) 100vw, 728px\" \/><\/figure>\n<\/div>","protected":false},"excerpt":{"rendered":"<p>\u304a\u6c17\u306b\u5165\u308a\u306e\u66f2\u3092\u6697\u8a18\u3057\u3066\u3044\u308b\uff1f\u4eca\u5e74\u3082\u307e\u305f\u3001\u3042\u306a\u305f\u306e\u898b\u4e8b\u306a\u30ea\u30c3\u30d7\u30b7\u30f3\u30af\u30fb\u30b9\u30ad\u30eb\u3067\u89b3\u5ba2\u3092\u9b45\u4e86\u3059\u308b\u3053\u3068\u304c\u6c42\u3081\u3089\u308c\u3066\u3044\u308b\u3002\u3053\u306e\u71b1\u6c17\u3042\u3075\u308c\u308b\u5927\u4f1a\u306f\u3001\u30ea\u30c3\u30d7\u30fb\u30ea\u30fc\u30c7\u30a3\u30f3\u30b0\u3068 \u30b9\u30c6\u30fc\u30b8\u30fb\u30d1\u30d5\u30a9\u30fc\u30de\u30f3\u30b9\u3092\u7d44\u307f\u5408\u308f\u305b\u305f\u3082\u306e\u3060\u3002 \u3053\u3061\u3089\u3092\u30af\u30ea\u30c3\u30af \u30aa\u30f3\u30e9\u30a4\u30f3\u6295\u7968 \u767b\u9332 \u767b\u9332\u306f\u7d42\u4e86\u3057\u305f \u8a55\u4fa1 \u53c2\u52a0\u6761\u4ef6 \u898f\u5247 \u30b3\u30f3\u30da\u30c6\u30a3\u30b7\u30e7\u30f3\u3068\u8a55\u4fa1\u624b\u7d9a\u304d<\/p>\n","protected":false},"author":10,"featured_media":0,"parent":32729,"menu_order":0,"comment_status":"closed","ping_status":"closed","template":"","meta":{"inline_featured_image":false,"footnotes":""},"class_list":["post-32701","page","type-page","status-publish","hentry"],"yoast_head":"<!-- This site is optimized with the Yoast SEO plugin v27.5 - https:\/\/yoast.com\/product\/yoast-seo-wordpress\/ -->\n<title>\u30ea\u30c3\u30d7\u30b7\u30f3\u30af - AniNite<\/title>\n<meta name=\"description\" content=\"\u3053\u3053\u3067\u306f\u3001AniNite\u3067\u306e\u30ea\u30c3\u30d7\u30b7\u30f3\u30af\u5927\u4f1a\u306b\u95a2\u3059\u308b\u3059\u3079\u3066\u306e\u60c5\u5831\u3092\u898b\u308b\u3053\u3068\u304c\u3067\u304d\u308b\u3002\" \/>\n<meta name=\"robots\" content=\"index, follow, max-snippet:-1, max-image-preview:large, max-video-preview:-1\" \/>\n<link rel=\"canonical\" href=\"https:\/\/www.aninite.at\/ja\/wettbewerbe\/lipsync-2\/\" \/>\n<meta property=\"og:locale\" content=\"ja_JP\" \/>\n<meta property=\"og:type\" content=\"article\" \/>\n<meta property=\"og:title\" content=\"\u30ea\u30c3\u30d7\u30b7\u30f3\u30af - AniNite\" \/>\n<meta property=\"og:description\" content=\"\u3053\u3053\u3067\u306f\u3001AniNite\u3067\u306e\u30ea\u30c3\u30d7\u30b7\u30f3\u30af\u5927\u4f1a\u306b\u95a2\u3059\u308b\u3059\u3079\u3066\u306e\u60c5\u5831\u3092\u898b\u308b\u3053\u3068\u304c\u3067\u304d\u308b\u3002\" \/>\n<meta property=\"og:url\" content=\"https:\/\/www.aninite.at\/ja\/wettbewerbe\/lipsync-2\/\" \/>\n<meta property=\"og:site_name\" content=\"AniNite\" \/>\n<meta property=\"article:publisher\" content=\"https:\/\/www.facebook.com\/AniMangaAustria\" \/>\n<meta property=\"article:modified_time\" content=\"2025-08-08T04:35:59+00:00\" \/>\n<meta property=\"og:image\" content=\"https:\/\/www.aninite.at\/wp-content\/uploads\/cropped-Icon_2025.jpg\" \/>\n\t<meta property=\"og:image:width\" content=\"512\" \/>\n\t<meta property=\"og:image:height\" content=\"512\" \/>\n\t<meta property=\"og:image:type\" content=\"image\/jpeg\" \/>\n<meta name=\"twitter:card\" content=\"summary_large_image\" \/>\n<meta name=\"twitter:title\" content=\"\u30a2\u30cb\u30ca\u30a4\u30c8\" \/>\n<meta name=\"twitter:description\" content=\"AniNite\u3067\u306e\u30ea\u30c3\u30d7\u30b7\u30f3\u30af\u5927\u4f1a\u306b\u3064\u3044\u3066\u306e\u8a73\u7d30\u306f\u3001\u8fd1\u65e5\u4e2d\u306b\u3053\u3061\u3089\u3067\u7d39\u4ecb\u3059\u308b\u3002\" \/>\n<meta name=\"twitter:image\" content=\"https:\/\/www.aninite.at\/wp-content\/uploads\/pexels-harrison-haines-2921541-1024x684.jpg\" \/>\n<script type=\"application\/ld+json\" class=\"yoast-schema-graph\">{\"@context\":\"https:\\\/\\\/schema.org\",\"@graph\":[{\"@type\":\"WebPage\",\"@id\":\"https:\\\/\\\/www.aninite.at\\\/ja\\\/wettbewerbe\\\/lipsync-2\\\/\",\"url\":\"https:\\\/\\\/www.aninite.at\\\/ja\\\/wettbewerbe\\\/lipsync-2\\\/\",\"name\":\"\u30ea\u30c3\u30d7\u30b7\u30f3\u30af - AniNite\",\"isPartOf\":{\"@id\":\"https:\\\/\\\/www.aninite.at\\\/ja\\\/#website\"},\"primaryImageOfPage\":{\"@id\":\"https:\\\/\\\/www.aninite.at\\\/ja\\\/wettbewerbe\\\/lipsync-2\\\/#primaryimage\"},\"image\":{\"@id\":\"https:\\\/\\\/www.aninite.at\\\/ja\\\/wettbewerbe\\\/lipsync-2\\\/#primaryimage\"},\"thumbnailUrl\":\"https:\\\/\\\/www.aninite.at\\\/wp-content\\\/uploads\\\/\\\/TitelTemplate-1.svg\",\"datePublished\":\"2021-03-13T19:41:23+00:00\",\"dateModified\":\"2025-08-08T04:35:59+00:00\",\"description\":\"\u3053\u3053\u3067\u306f\u3001AniNite\u3067\u306e\u30ea\u30c3\u30d7\u30b7\u30f3\u30af\u5927\u4f1a\u306b\u95a2\u3059\u308b\u3059\u3079\u3066\u306e\u60c5\u5831\u3092\u898b\u308b\u3053\u3068\u304c\u3067\u304d\u308b\u3002\",\"breadcrumb\":{\"@id\":\"https:\\\/\\\/www.aninite.at\\\/ja\\\/wettbewerbe\\\/lipsync-2\\\/#breadcrumb\"},\"inLanguage\":\"ja\",\"potentialAction\":[{\"@type\":\"ReadAction\",\"target\":[\"https:\\\/\\\/www.aninite.at\\\/ja\\\/wettbewerbe\\\/lipsync-2\\\/\"]}]},{\"@type\":\"ImageObject\",\"inLanguage\":\"ja\",\"@id\":\"https:\\\/\\\/www.aninite.at\\\/ja\\\/wettbewerbe\\\/lipsync-2\\\/#primaryimage\",\"url\":\"https:\\\/\\\/www.aninite.at\\\/wp-content\\\/uploads\\\/\\\/TitelTemplate-1.svg\",\"contentUrl\":\"https:\\\/\\\/www.aninite.at\\\/wp-content\\\/uploads\\\/\\\/TitelTemplate-1.svg\"},{\"@type\":\"BreadcrumbList\",\"@id\":\"https:\\\/\\\/www.aninite.at\\\/ja\\\/wettbewerbe\\\/lipsync-2\\\/#breadcrumb\",\"itemListElement\":[{\"@type\":\"ListItem\",\"position\":1,\"name\":\"Startseite\",\"item\":\"https:\\\/\\\/www.aninite.at\\\/ja\\\/willkommen\\\/\"},{\"@type\":\"ListItem\",\"position\":2,\"name\":\"\u30b3\u30f3\u30da\u30c6\u30a3\u30b7\u30e7\u30f3\",\"item\":\"https:\\\/\\\/www.aninite.at\\\/ja\\\/wettbewerbe\\\/\"},{\"@type\":\"ListItem\",\"position\":3,\"name\":\"\u30ea\u30c3\u30d7\u30b7\u30f3\u30af\"}]},{\"@type\":\"WebSite\",\"@id\":\"https:\\\/\\\/www.aninite.at\\\/ja\\\/#website\",\"url\":\"https:\\\/\\\/www.aninite.at\\\/ja\\\/\",\"name\":\"AniNite\",\"description\":\"\u00d6sterreichs gr\u00f6\u00dfte Anime-, Manga- und Comic-Convention\",\"potentialAction\":[{\"@type\":\"SearchAction\",\"target\":{\"@type\":\"EntryPoint\",\"urlTemplate\":\"https:\\\/\\\/www.aninite.at\\\/ja\\\/?s={search_term_string}\"},\"query-input\":{\"@type\":\"PropertyValueSpecification\",\"valueRequired\":true,\"valueName\":\"search_term_string\"}}],\"inLanguage\":\"ja\"}]}<\/script>\n<!-- \/ Yoast SEO plugin. -->","yoast_head_json":{"title":"\u30ea\u30c3\u30d7\u30b7\u30f3\u30af - AniNite","description":"\u3053\u3053\u3067\u306f\u3001AniNite\u3067\u306e\u30ea\u30c3\u30d7\u30b7\u30f3\u30af\u5927\u4f1a\u306b\u95a2\u3059\u308b\u3059\u3079\u3066\u306e\u60c5\u5831\u3092\u898b\u308b\u3053\u3068\u304c\u3067\u304d\u308b\u3002","robots":{"index":"index","follow":"follow","max-snippet":"max-snippet:-1","max-image-preview":"max-image-preview:large","max-video-preview":"max-video-preview:-1"},"canonical":"https:\/\/www.aninite.at\/ja\/wettbewerbe\/lipsync-2\/","og_locale":"ja_JP","og_type":"article","og_title":"\u30ea\u30c3\u30d7\u30b7\u30f3\u30af - AniNite","og_description":"\u3053\u3053\u3067\u306f\u3001AniNite\u3067\u306e\u30ea\u30c3\u30d7\u30b7\u30f3\u30af\u5927\u4f1a\u306b\u95a2\u3059\u308b\u3059\u3079\u3066\u306e\u60c5\u5831\u3092\u898b\u308b\u3053\u3068\u304c\u3067\u304d\u308b\u3002","og_url":"https:\/\/www.aninite.at\/ja\/wettbewerbe\/lipsync-2\/","og_site_name":"AniNite","article_publisher":"https:\/\/www.facebook.com\/AniMangaAustria","article_modified_time":"2025-08-08T04:35:59+00:00","og_image":[{"width":512,"height":512,"url":"https:\/\/www.aninite.at\/wp-content\/uploads\/cropped-Icon_2025.jpg","type":"image\/jpeg"}],"twitter_card":"summary_large_image","twitter_title":"\u30a2\u30cb\u30ca\u30a4\u30c8","twitter_description":"AniNite\u3067\u306e\u30ea\u30c3\u30d7\u30b7\u30f3\u30af\u5927\u4f1a\u306b\u3064\u3044\u3066\u306e\u8a73\u7d30\u306f\u3001\u8fd1\u65e5\u4e2d\u306b\u3053\u3061\u3089\u3067\u7d39\u4ecb\u3059\u308b\u3002","twitter_image":"https:\/\/www.aninite.at\/wp-content\/uploads\/pexels-harrison-haines-2921541-1024x684.jpg","schema":{"@context":"https:\/\/schema.org","@graph":[{"@type":"WebPage","@id":"https:\/\/www.aninite.at\/ja\/wettbewerbe\/lipsync-2\/","url":"https:\/\/www.aninite.at\/ja\/wettbewerbe\/lipsync-2\/","name":"\u30ea\u30c3\u30d7\u30b7\u30f3\u30af - AniNite","isPartOf":{"@id":"https:\/\/www.aninite.at\/ja\/#website"},"primaryImageOfPage":{"@id":"https:\/\/www.aninite.at\/ja\/wettbewerbe\/lipsync-2\/#primaryimage"},"image":{"@id":"https:\/\/www.aninite.at\/ja\/wettbewerbe\/lipsync-2\/#primaryimage"},"thumbnailUrl":"https:\/\/www.aninite.at\/wp-content\/uploads\/\/TitelTemplate-1.svg","datePublished":"2021-03-13T19:41:23+00:00","dateModified":"2025-08-08T04:35:59+00:00","description":"\u3053\u3053\u3067\u306f\u3001AniNite\u3067\u306e\u30ea\u30c3\u30d7\u30b7\u30f3\u30af\u5927\u4f1a\u306b\u95a2\u3059\u308b\u3059\u3079\u3066\u306e\u60c5\u5831\u3092\u898b\u308b\u3053\u3068\u304c\u3067\u304d\u308b\u3002","breadcrumb":{"@id":"https:\/\/www.aninite.at\/ja\/wettbewerbe\/lipsync-2\/#breadcrumb"},"inLanguage":"ja","potentialAction":[{"@type":"ReadAction","target":["https:\/\/www.aninite.at\/ja\/wettbewerbe\/lipsync-2\/"]}]},{"@type":"ImageObject","inLanguage":"ja","@id":"https:\/\/www.aninite.at\/ja\/wettbewerbe\/lipsync-2\/#primaryimage","url":"https:\/\/www.aninite.at\/wp-content\/uploads\/\/TitelTemplate-1.svg","contentUrl":"https:\/\/www.aninite.at\/wp-content\/uploads\/\/TitelTemplate-1.svg"},{"@type":"BreadcrumbList","@id":"https:\/\/www.aninite.at\/ja\/wettbewerbe\/lipsync-2\/#breadcrumb","itemListElement":[{"@type":"ListItem","position":1,"name":"Startseite","item":"https:\/\/www.aninite.at\/ja\/willkommen\/"},{"@type":"ListItem","position":2,"name":"\u30b3\u30f3\u30da\u30c6\u30a3\u30b7\u30e7\u30f3","item":"https:\/\/www.aninite.at\/ja\/wettbewerbe\/"},{"@type":"ListItem","position":3,"name":"\u30ea\u30c3\u30d7\u30b7\u30f3\u30af"}]},{"@type":"WebSite","@id":"https:\/\/www.aninite.at\/ja\/#website","url":"https:\/\/www.aninite.at\/ja\/","name":"AniNite","description":"\u00d6sterreichs gr\u00f6\u00dfte Anime-, Manga- und Comic-Convention","potentialAction":[{"@type":"SearchAction","target":{"@type":"EntryPoint","urlTemplate":"https:\/\/www.aninite.at\/ja\/?s={search_term_string}"},"query-input":{"@type":"PropertyValueSpecification","valueRequired":true,"valueName":"search_term_string"}}],"inLanguage":"ja"}]}},"acf":[],"_links":{"self":[{"href":"https:\/\/www.aninite.at\/ja\/wp-json\/wp\/v2\/pages\/32701","targetHints":{"allow":["GET"]}}],"collection":[{"href":"https:\/\/www.aninite.at\/ja\/wp-json\/wp\/v2\/pages"}],"about":[{"href":"https:\/\/www.aninite.at\/ja\/wp-json\/wp\/v2\/types\/page"}],"author":[{"embeddable":true,"href":"https:\/\/www.aninite.at\/ja\/wp-json\/wp\/v2\/users\/10"}],"replies":[{"embeddable":true,"href":"https:\/\/www.aninite.at\/ja\/wp-json\/wp\/v2\/comments?post=32701"}],"version-history":[{"count":7,"href":"https:\/\/www.aninite.at\/ja\/wp-json\/wp\/v2\/pages\/32701\/revisions"}],"predecessor-version":[{"id":34603,"href":"https:\/\/www.aninite.at\/ja\/wp-json\/wp\/v2\/pages\/32701\/revisions\/34603"}],"up":[{"embeddable":true,"href":"https:\/\/www.aninite.at\/ja\/wp-json\/wp\/v2\/pages\/32729"}],"wp:attachment":[{"href":"https:\/\/www.aninite.at\/ja\/wp-json\/wp\/v2\/media?parent=32701"}],"curies":[{"name":"wp","href":"https:\/\/api.w.org\/{rel}","templated":true}]}}