{"id":32703,"date":"2021-03-13T20:20:04","date_gmt":"2021-03-13T19:20:04","guid":{"rendered":"https:\/\/www.aninite.at\/location-3\/"},"modified":"2026-04-15T20:39:08","modified_gmt":"2026-04-15T18:39:08","slug":"location-3","status":"publish","type":"page","link":"https:\/\/www.aninite.at\/ja\/info-3\/location-3\/","title":{"rendered":"\u6240\u5728\u5730"},"content":{"rendered":"<div class=\"wp-block-image is-resized\">\n<figure class=\"aligncenter size-full\"><img loading=\"lazy\" decoding=\"async\" width=\"700\" height=\"72\" src=\"https:\/\/www.aninite.at\/wp-content\/uploads\/\/PageTitelBanner.svg\" alt=\"\" class=\"wp-image-34807\"\/><\/figure>\n<\/div>\n<div style=\"height:50px\" aria-hidden=\"true\" class=\"wp-block-spacer\"><\/div>\n\n<h1 class=\"wp-block-heading has-text-align-center has-text-color has-large-font-size\" style=\"color:#801fdc\">\u30aa\u30fc\u30b9\u30c8\u30ea\u30a2\u30fb\u30bb\u30f3\u30bf\u30fc\u30fb\u30a6\u30a3\u30fc\u30f3<br\/><strong>\u30d6\u30eb\u30fc\u30ce\u30fb\u30af\u30e9\u30a4\u30b9\u30ad\u30fc\u30fb\u30d7\u30e9\u30c3\u30c4 1, 1220 Vienna<\/strong><br\/><\/h1>\n\n<p><\/p>\n\n<div style=\"height:22px\" aria-hidden=\"true\" class=\"wp-block-spacer\"><\/div>\n<div class=\"wp-block-image\">\n<figure class=\"aligncenter size-full\"><a href=\"https:\/\/www.google.at\/maps\/place\/Austria+Center+Vienna\/@48.2339729,16.4133388,17z\/data=!3m1!5s0x476d06ef65d22559:0x738e156a32ba42c7!4m5!3m4!1s0x476d06ef618b7877:0x1afc2f6fe51e9128!8m2!3d48.23487!4d16.4137358\" target=\"_blank\" rel=\"noreferrer noopener\"><img loading=\"lazy\" decoding=\"async\" width=\"618\" height=\"412\" src=\"https:\/\/www.aninite.at\/wp-content\/uploads\/Maps.png\" alt=\"\" class=\"wp-image-7663\" srcset=\"https:\/\/www.aninite.at\/wp-content\/uploads\/Maps.png 618w, https:\/\/www.aninite.at\/wp-content\/uploads\/Maps-300x200.png 300w\" sizes=\"auto, (max-width: 618px) 100vw, 618px\" \/><\/a><\/figure>\n<\/div>\n<div style=\"height:27px\" aria-hidden=\"true\" class=\"wp-block-spacer\"><\/div>\n\n<hr class=\"wp-block-separator has-css-opacity\"\/>\n\n<h1 class=\"wp-block-heading has-text-align-center has-text-color\" style=\"color:#801fdc\">\u30a2\u30d7\u30ed\u30fc\u30c1<\/h1>\n\n<div class=\"wp-block-columns is-layout-flex wp-container-core-columns-is-layout-9d6595d7 wp-block-columns-is-layout-flex\">\n<div class=\"wp-block-column is-vertically-aligned-top is-layout-flow wp-block-column-is-layout-flow\">\n<h3 class=\"wp-block-heading has-text-align-center\">\u30d0\u30b9<\/h3>\n\n\n\n<p class=\"has-text-align-center\">\u30d0\u30b9\u30eb\u30fc\u30c820A\u300129A\u300192B\u306f\u30ab\u30a4\u30b6\u30fc\u30df\u30e5\u30fc\u30ec\u30f3\u99c5\u306b\u505c\u8eca\u3059\u308b\u3002<\/p>\n<\/div>\n\n\n\n<div class=\"wp-block-column is-vertically-aligned-top is-layout-flow wp-block-column-is-layout-flow\">\n<h3 class=\"wp-block-heading has-text-align-center\">\u30a2\u30f3\u30c0\u30fc\u30b0\u30e9\u30a6\u30f3\u30c9<\/h3>\n\n\n\n<p class=\"has-text-align-center\">ACV\u306f\u5730\u4e0b\u9244U1\u53f7\u7dda\u30ab\u30a4\u30b6\u30fc\u30df\u30e5\u30fc\u30ec\u30f3\u99c5\u306e\u5411\u304b\u3044\u306b\u3042\u308b\u3002  <\/p>\n<\/div>\n\n\n\n<div class=\"wp-block-column is-vertically-aligned-top is-layout-flow wp-block-column-is-layout-flow\">\n<h3 class=\"wp-block-heading has-text-align-center\">\u98db\u884c\u6a5f<\/h3>\n\n\n\n<p class=\"has-text-align-center\">\u98db\u884c\u6a5f\u3067\u306e\u79fb\u52d5\u306f<a href=\"https:\/\/www.viennaairport.com\/\" target=\"_blank\" rel=\"noreferrer noopener\">VIA\uff08\u30a6\u30a3\u30fc\u30f3\u56fd\u969b\u7a7a\u6e2f\uff09\u3092<\/a>\u5229\u7528\u3059\u308b\u3002<\/p>\n<\/div>\n\n\n\n<div class=\"wp-block-column is-vertically-aligned-top is-layout-flow wp-block-column-is-layout-flow\">\n<h3 class=\"wp-block-heading has-text-align-center\">\u8eca<\/h3>\n\n\n\n<p class=\"has-text-align-center\">ACV\u306b\u306f\u3001AniNite\u6765\u5834\u8005\u7528\u306e<a href=\"https:\/\/www.acv.at\/de\/anrainer\/dauerparker\/\" target=\"_blank\" rel=\"noreferrer noopener\">\u99d0\u8eca\u30b9\u30da\u30fc\u30b9\uff08 <\/a>\u53f0\u6570\u9650\u5b9a\uff09\u304c\u6709\u6599\u3067\u7528\u610f\u3055\u308c\u3066\u3044\u308b\u3002<\/p>\n<\/div>\n<\/div>\n\n<h3 class=\"wp-block-heading has-text-color\" style=\"color:#801fdc\">\u5730\u4e0b\u9244\u3067\u306e\u79fb\u52d5<\/h3>\n\n<figure class=\"wp-block-image size-large is-resized\"><img loading=\"lazy\" decoding=\"async\" width=\"1024\" height=\"724\" src=\"https:\/\/www.aninite.at\/wp-content\/uploads\/\/Anfahrt_Oeffentliche_Verkehrsmittel-1024x724.webp\" alt=\"\" class=\"wp-image-7773\" srcset=\"https:\/\/www.aninite.at\/wp-content\/uploads\/Anfahrt_Oeffentliche_Verkehrsmittel-1024x724.webp 1024w, https:\/\/www.aninite.at\/wp-content\/uploads\/Anfahrt_Oeffentliche_Verkehrsmittel-300x212.webp 300w, https:\/\/www.aninite.at\/wp-content\/uploads\/Anfahrt_Oeffentliche_Verkehrsmittel-768x543.webp 768w, https:\/\/www.aninite.at\/wp-content\/uploads\/Anfahrt_Oeffentliche_Verkehrsmittel-1536x1086.webp 1536w, https:\/\/www.aninite.at\/wp-content\/uploads\/Anfahrt_Oeffentliche_Verkehrsmittel-2048x1449.webp 2048w, https:\/\/www.aninite.at\/wp-content\/uploads\/Anfahrt_Oeffentliche_Verkehrsmittel-1140x806.webp 1140w\" sizes=\"auto, (max-width: 1024px) 100vw, 1024px\" \/><\/figure>\n\n<p class=\"has-text-color\" style=\"color:#8e4627\"><\/p>\n\n<h3 class=\"wp-block-heading has-text-color\" style=\"color:#801fdc\">\u99d0\u8eca\u5834<\/h3>\n\n<div class=\"wp-block-columns is-layout-flex wp-container-core-columns-is-layout-9d6595d7 wp-block-columns-is-layout-flex\">\n<div class=\"wp-block-column is-layout-flow wp-block-column-is-layout-flow\"><div class=\"wp-block-image\">\n<figure class=\"aligncenter size-large\"><a href=\"https:\/\/www.aninite.at\/wp-content\/uploads\/Anfahrt_PKW_A22-scaled.webp\"><img loading=\"lazy\" decoding=\"async\" width=\"1024\" height=\"724\" src=\"https:\/\/www.aninite.at\/wp-content\/uploads\/\/Anfahrt_PKW_A22-1024x724.webp\" alt=\"\" class=\"wp-image-7760\" srcset=\"https:\/\/www.aninite.at\/wp-content\/uploads\/Anfahrt_PKW_A22-1024x724.webp 1024w, https:\/\/www.aninite.at\/wp-content\/uploads\/Anfahrt_PKW_A22-300x212.webp 300w, https:\/\/www.aninite.at\/wp-content\/uploads\/Anfahrt_PKW_A22-768x543.webp 768w, https:\/\/www.aninite.at\/wp-content\/uploads\/Anfahrt_PKW_A22-1536x1086.webp 1536w, https:\/\/www.aninite.at\/wp-content\/uploads\/Anfahrt_PKW_A22-2048x1448.webp 2048w, https:\/\/www.aninite.at\/wp-content\/uploads\/Anfahrt_PKW_A22-1140x806.webp 1140w\" sizes=\"auto, (max-width: 1024px) 100vw, 1024px\" \/><\/a><figcaption class=\"wp-element-caption\">\u99d0\u8eca\u5834\u306e\u6982\u8981\uff08\u30af\u30ea\u30c3\u30af\u3067\u62e1\u5927\uff09<\/figcaption><\/figure>\n<\/div><\/div>\n\n\n\n<div class=\"wp-block-column is-vertically-aligned-center is-layout-flow wp-block-column-is-layout-flow\">\n<p><strong>\u6ce8\u610f\uff1a<\/strong>\u30ac\u30ec\u30fc\u30b8\u306e\u99d0\u8eca\u5834\u306f<strong>\u7121\u6599\u3067\u306f\u306a\u3044<\/strong>\uff01<\/p>\n\n\n\n<p>\u99d0\u8eca\u5834\u306e\u6599\u91d1\u306f\u305d\u308c\u305e\u308c\u7570\u306a\u308b\u306e\u3067\u3001\u3053\u306e\u5730\u57df\u306e\u99d0\u8eca\u5834\u306b\u3064\u3044\u3066\u4e8b\u524d\u306b\u8abf\u3079\u3066\u304a\u304f\u3053\u3068\uff01  <\/p>\n<\/div>\n<\/div>\n\n<hr class=\"wp-block-separator has-css-opacity\"\/>\n<div class=\"wp-block-image\">\n<figure class=\"aligncenter size-full\"><img loading=\"lazy\" decoding=\"async\" width=\"728\" height=\"162\" src=\"https:\/\/www.aninite.at\/wp-content\/uploads\/Footer_2026_FL.png\" alt=\"\" class=\"wp-image-34746\" srcset=\"https:\/\/www.aninite.at\/wp-content\/uploads\/Footer_2026_FL.png 728w, https:\/\/www.aninite.at\/wp-content\/uploads\/Footer_2026_FL-300x67.png 300w\" sizes=\"auto, (max-width: 728px) 100vw, 728px\" \/><\/figure>\n<\/div>","protected":false},"excerpt":{"rendered":"<p>\u30aa\u30fc\u30b9\u30c8\u30ea\u30a2\u30fb\u30bb\u30f3\u30bf\u30fc\u30fb\u30a6\u30a3\u30fc\u30f3\u30d6\u30eb\u30fc\u30ce\u30fb\u30af\u30e9\u30a4\u30b9\u30ad\u30fc\u30fb\u30d7\u30e9\u30c3\u30c4 1, 1220 Vienna \u30a2\u30d7\u30ed\u30fc\u30c1 \u30d0\u30b9 \u30d0\u30b9\u30eb\u30fc\u30c820A\u300129A\u300192B\u306f\u30ab\u30a4\u30b6\u30fc\u30df\u30e5\u30fc\u30ec\u30f3\u99c5\u306b\u505c\u8eca\u3059\u308b\u3002 \u30a2\u30f3\u30c0\u30fc\u30b0\u30e9\u30a6\u30f3\u30c9 ACV\u306f\u5730\u4e0b\u9244U1\u53f7\u7dda\u30ab\u30a4\u30b6\u30fc\u30df\u30e5\u30fc\u30ec\u30f3\u99c5\u306e\u5411\u304b\u3044\u306b\u3042\u308b\u3002 \u98db\u884c\u6a5f \u98db\u884c\u6a5f\u3067\u306e\u79fb\u52d5\u306fVIA\uff08\u30a6\u30a3\u30fc\u30f3\u56fd\u969b\u7a7a\u6e2f\uff09\u3092\u5229\u7528\u3059\u308b\u3002 \u8eca ACV\u306b\u306f\u3001AniNite\u6765\u5834\u8005\u7528\u306e\u99d0\u8eca\u30b9\u30da\u30fc\u30b9\uff08 \u53f0\u6570\u9650\u5b9a\uff09\u304c\u6709\u6599\u3067\u7528\u610f\u3055\u308c\u3066\u3044\u308b\u3002 \u5730\u4e0b\u9244\u3067\u306e\u79fb\u52d5 \u99d0\u8eca\u5834 \u6ce8\u610f\uff1a\u30ac\u30ec\u30fc\u30b8\u306e\u99d0\u8eca\u5834\u306f\u7121\u6599\u3067\u306f\u306a\u3044\uff01 \u99d0\u8eca\u5834\u306e\u6599\u91d1\u306f\u305d\u308c\u305e\u308c\u7570\u306a\u308b\u306e\u3067\u3001\u3053\u306e\u5730\u57df\u306e\u99d0\u8eca\u5834\u306b\u3064\u3044\u3066\u4e8b\u524d\u306b\u8abf\u3079\u3066\u304a\u304f\u3053\u3068\uff01<\/p>\n","protected":false},"author":10,"featured_media":0,"parent":32716,"menu_order":0,"comment_status":"closed","ping_status":"closed","template":"","meta":{"inline_featured_image":false,"footnotes":""},"class_list":["post-32703","page","type-page","status-publish","hentry"],"yoast_head":"<!-- This site is optimized with the Yoast SEO plugin v27.4 - https:\/\/yoast.com\/product\/yoast-seo-wordpress\/ -->\n<title>\u6240\u5728\u5730 - AniNite<\/title>\n<meta name=\"description\" content=\"AniNite\u306f\u30aa\u30fc\u30b9\u30c8\u30ea\u30a2\u30fb\u30bb\u30f3\u30bf\u30fc\u30fb\u30a6\u30a3\u30fc\u30f3\uff08Bruno-Kreisky-Platz 1, 1220 Vienna\uff09\u3067\u958b\u50ac\u3055\u308c\u308b\u3002\" \/>\n<meta name=\"robots\" content=\"index, follow, max-snippet:-1, max-image-preview:large, max-video-preview:-1\" \/>\n<link rel=\"canonical\" href=\"https:\/\/www.aninite.at\/ja\/info-3\/location-3\/\" \/>\n<meta property=\"og:locale\" content=\"ja_JP\" \/>\n<meta property=\"og:type\" content=\"article\" \/>\n<meta property=\"og:title\" content=\"\u6240\u5728\u5730 - AniNite\" \/>\n<meta property=\"og:description\" content=\"AniNite\u306f\u30aa\u30fc\u30b9\u30c8\u30ea\u30a2\u30fb\u30bb\u30f3\u30bf\u30fc\u30fb\u30a6\u30a3\u30fc\u30f3\uff08Bruno-Kreisky-Platz 1, 1220 Vienna\uff09\u3067\u958b\u50ac\u3055\u308c\u308b\u3002\" \/>\n<meta property=\"og:url\" content=\"https:\/\/www.aninite.at\/ja\/info-3\/location-3\/\" \/>\n<meta property=\"og:site_name\" content=\"AniNite\" \/>\n<meta property=\"article:publisher\" content=\"https:\/\/www.facebook.com\/AniMangaAustria\" \/>\n<meta property=\"article:modified_time\" content=\"2026-04-15T18:39:08+00:00\" \/>\n<meta property=\"og:image\" content=\"https:\/\/www.aninite.at\/wp-content\/uploads\/cropped-Icon_2025.jpg\" \/>\n\t<meta property=\"og:image:width\" content=\"512\" \/>\n\t<meta property=\"og:image:height\" content=\"512\" \/>\n\t<meta property=\"og:image:type\" content=\"image\/jpeg\" \/>\n<meta name=\"twitter:card\" content=\"summary_large_image\" \/>\n<meta name=\"twitter:title\" content=\"\u30a2\u30cb\u30ca\u30a4\u30c8\" \/>\n<meta name=\"twitter:description\" content=\"AniNite\u306f\u30aa\u30fc\u30b9\u30c8\u30ea\u30a2\u30fb\u30bb\u30f3\u30bf\u30fc\u30fb\u30a6\u30a3\u30fc\u30f3\uff08Bruno-Kreisky-Platz 1, 1220 Vienna\uff09\u3067\u958b\u50ac\u3055\u308c\u308b\u3002\" \/>\n<meta name=\"twitter:image\" content=\"https:\/\/www.aninite.at\/wp-content\/uploads\/Haendlerhalle_03_Sascha_offen-edited-1024x575.jpg\" \/>\n<script type=\"application\/ld+json\" class=\"yoast-schema-graph\">{\"@context\":\"https:\\\/\\\/schema.org\",\"@graph\":[{\"@type\":\"WebPage\",\"@id\":\"https:\\\/\\\/www.aninite.at\\\/ja\\\/info-3\\\/location-3\\\/\",\"url\":\"https:\\\/\\\/www.aninite.at\\\/ja\\\/info-3\\\/location-3\\\/\",\"name\":\"\u6240\u5728\u5730 - AniNite\",\"isPartOf\":{\"@id\":\"https:\\\/\\\/www.aninite.at\\\/ja\\\/#website\"},\"primaryImageOfPage\":{\"@id\":\"https:\\\/\\\/www.aninite.at\\\/ja\\\/info-3\\\/location-3\\\/#primaryimage\"},\"image\":{\"@id\":\"https:\\\/\\\/www.aninite.at\\\/ja\\\/info-3\\\/location-3\\\/#primaryimage\"},\"thumbnailUrl\":\"https:\\\/\\\/www.aninite.at\\\/wp-content\\\/uploads\\\/\\\/PageTitelBanner.svg\",\"datePublished\":\"2021-03-13T19:20:04+00:00\",\"dateModified\":\"2026-04-15T18:39:08+00:00\",\"description\":\"AniNite\u306f\u30aa\u30fc\u30b9\u30c8\u30ea\u30a2\u30fb\u30bb\u30f3\u30bf\u30fc\u30fb\u30a6\u30a3\u30fc\u30f3\uff08Bruno-Kreisky-Platz 1, 1220 Vienna\uff09\u3067\u958b\u50ac\u3055\u308c\u308b\u3002\",\"breadcrumb\":{\"@id\":\"https:\\\/\\\/www.aninite.at\\\/ja\\\/info-3\\\/location-3\\\/#breadcrumb\"},\"inLanguage\":\"ja\",\"potentialAction\":[{\"@type\":\"ReadAction\",\"target\":[\"https:\\\/\\\/www.aninite.at\\\/ja\\\/info-3\\\/location-3\\\/\"]}]},{\"@type\":\"ImageObject\",\"inLanguage\":\"ja\",\"@id\":\"https:\\\/\\\/www.aninite.at\\\/ja\\\/info-3\\\/location-3\\\/#primaryimage\",\"url\":\"https:\\\/\\\/www.aninite.at\\\/wp-content\\\/uploads\\\/\\\/PageTitelBanner.svg\",\"contentUrl\":\"https:\\\/\\\/www.aninite.at\\\/wp-content\\\/uploads\\\/\\\/PageTitelBanner.svg\"},{\"@type\":\"BreadcrumbList\",\"@id\":\"https:\\\/\\\/www.aninite.at\\\/ja\\\/info-3\\\/location-3\\\/#breadcrumb\",\"itemListElement\":[{\"@type\":\"ListItem\",\"position\":1,\"name\":\"Startseite\",\"item\":\"https:\\\/\\\/www.aninite.at\\\/ja\\\/willkommen\\\/\"},{\"@type\":\"ListItem\",\"position\":2,\"name\":\"\u30a4\u30f3\u30d5\u30a9\u30e1\u30fc\u30b7\u30e7\u30f3\",\"item\":\"https:\\\/\\\/www.aninite.at\\\/ja\\\/info-3\\\/\"},{\"@type\":\"ListItem\",\"position\":3,\"name\":\"\u6240\u5728\u5730\"}]},{\"@type\":\"WebSite\",\"@id\":\"https:\\\/\\\/www.aninite.at\\\/ja\\\/#website\",\"url\":\"https:\\\/\\\/www.aninite.at\\\/ja\\\/\",\"name\":\"AniNite\",\"description\":\"\u00d6sterreichs gr\u00f6\u00dfte Anime-, Manga- und Comic-Convention\",\"potentialAction\":[{\"@type\":\"SearchAction\",\"target\":{\"@type\":\"EntryPoint\",\"urlTemplate\":\"https:\\\/\\\/www.aninite.at\\\/ja\\\/?s={search_term_string}\"},\"query-input\":{\"@type\":\"PropertyValueSpecification\",\"valueRequired\":true,\"valueName\":\"search_term_string\"}}],\"inLanguage\":\"ja\"}]}<\/script>\n<!-- \/ Yoast SEO plugin. -->","yoast_head_json":{"title":"\u6240\u5728\u5730 - AniNite","description":"AniNite\u306f\u30aa\u30fc\u30b9\u30c8\u30ea\u30a2\u30fb\u30bb\u30f3\u30bf\u30fc\u30fb\u30a6\u30a3\u30fc\u30f3\uff08Bruno-Kreisky-Platz 1, 1220 Vienna\uff09\u3067\u958b\u50ac\u3055\u308c\u308b\u3002","robots":{"index":"index","follow":"follow","max-snippet":"max-snippet:-1","max-image-preview":"max-image-preview:large","max-video-preview":"max-video-preview:-1"},"canonical":"https:\/\/www.aninite.at\/ja\/info-3\/location-3\/","og_locale":"ja_JP","og_type":"article","og_title":"\u6240\u5728\u5730 - AniNite","og_description":"AniNite\u306f\u30aa\u30fc\u30b9\u30c8\u30ea\u30a2\u30fb\u30bb\u30f3\u30bf\u30fc\u30fb\u30a6\u30a3\u30fc\u30f3\uff08Bruno-Kreisky-Platz 1, 1220 Vienna\uff09\u3067\u958b\u50ac\u3055\u308c\u308b\u3002","og_url":"https:\/\/www.aninite.at\/ja\/info-3\/location-3\/","og_site_name":"AniNite","article_publisher":"https:\/\/www.facebook.com\/AniMangaAustria","article_modified_time":"2026-04-15T18:39:08+00:00","og_image":[{"width":512,"height":512,"url":"https:\/\/www.aninite.at\/wp-content\/uploads\/cropped-Icon_2025.jpg","type":"image\/jpeg"}],"twitter_card":"summary_large_image","twitter_title":"\u30a2\u30cb\u30ca\u30a4\u30c8","twitter_description":"AniNite\u306f\u30aa\u30fc\u30b9\u30c8\u30ea\u30a2\u30fb\u30bb\u30f3\u30bf\u30fc\u30fb\u30a6\u30a3\u30fc\u30f3\uff08Bruno-Kreisky-Platz 1, 1220 Vienna\uff09\u3067\u958b\u50ac\u3055\u308c\u308b\u3002","twitter_image":"https:\/\/www.aninite.at\/wp-content\/uploads\/Haendlerhalle_03_Sascha_offen-edited-1024x575.jpg","schema":{"@context":"https:\/\/schema.org","@graph":[{"@type":"WebPage","@id":"https:\/\/www.aninite.at\/ja\/info-3\/location-3\/","url":"https:\/\/www.aninite.at\/ja\/info-3\/location-3\/","name":"\u6240\u5728\u5730 - AniNite","isPartOf":{"@id":"https:\/\/www.aninite.at\/ja\/#website"},"primaryImageOfPage":{"@id":"https:\/\/www.aninite.at\/ja\/info-3\/location-3\/#primaryimage"},"image":{"@id":"https:\/\/www.aninite.at\/ja\/info-3\/location-3\/#primaryimage"},"thumbnailUrl":"https:\/\/www.aninite.at\/wp-content\/uploads\/\/PageTitelBanner.svg","datePublished":"2021-03-13T19:20:04+00:00","dateModified":"2026-04-15T18:39:08+00:00","description":"AniNite\u306f\u30aa\u30fc\u30b9\u30c8\u30ea\u30a2\u30fb\u30bb\u30f3\u30bf\u30fc\u30fb\u30a6\u30a3\u30fc\u30f3\uff08Bruno-Kreisky-Platz 1, 1220 Vienna\uff09\u3067\u958b\u50ac\u3055\u308c\u308b\u3002","breadcrumb":{"@id":"https:\/\/www.aninite.at\/ja\/info-3\/location-3\/#breadcrumb"},"inLanguage":"ja","potentialAction":[{"@type":"ReadAction","target":["https:\/\/www.aninite.at\/ja\/info-3\/location-3\/"]}]},{"@type":"ImageObject","inLanguage":"ja","@id":"https:\/\/www.aninite.at\/ja\/info-3\/location-3\/#primaryimage","url":"https:\/\/www.aninite.at\/wp-content\/uploads\/\/PageTitelBanner.svg","contentUrl":"https:\/\/www.aninite.at\/wp-content\/uploads\/\/PageTitelBanner.svg"},{"@type":"BreadcrumbList","@id":"https:\/\/www.aninite.at\/ja\/info-3\/location-3\/#breadcrumb","itemListElement":[{"@type":"ListItem","position":1,"name":"Startseite","item":"https:\/\/www.aninite.at\/ja\/willkommen\/"},{"@type":"ListItem","position":2,"name":"\u30a4\u30f3\u30d5\u30a9\u30e1\u30fc\u30b7\u30e7\u30f3","item":"https:\/\/www.aninite.at\/ja\/info-3\/"},{"@type":"ListItem","position":3,"name":"\u6240\u5728\u5730"}]},{"@type":"WebSite","@id":"https:\/\/www.aninite.at\/ja\/#website","url":"https:\/\/www.aninite.at\/ja\/","name":"AniNite","description":"\u00d6sterreichs gr\u00f6\u00dfte Anime-, Manga- und Comic-Convention","potentialAction":[{"@type":"SearchAction","target":{"@type":"EntryPoint","urlTemplate":"https:\/\/www.aninite.at\/ja\/?s={search_term_string}"},"query-input":{"@type":"PropertyValueSpecification","valueRequired":true,"valueName":"search_term_string"}}],"inLanguage":"ja"}]}},"acf":[],"_links":{"self":[{"href":"https:\/\/www.aninite.at\/ja\/wp-json\/wp\/v2\/pages\/32703","targetHints":{"allow":["GET"]}}],"collection":[{"href":"https:\/\/www.aninite.at\/ja\/wp-json\/wp\/v2\/pages"}],"about":[{"href":"https:\/\/www.aninite.at\/ja\/wp-json\/wp\/v2\/types\/page"}],"author":[{"embeddable":true,"href":"https:\/\/www.aninite.at\/ja\/wp-json\/wp\/v2\/users\/10"}],"replies":[{"embeddable":true,"href":"https:\/\/www.aninite.at\/ja\/wp-json\/wp\/v2\/comments?post=32703"}],"version-history":[{"count":6,"href":"https:\/\/www.aninite.at\/ja\/wp-json\/wp\/v2\/pages\/32703\/revisions"}],"predecessor-version":[{"id":34980,"href":"https:\/\/www.aninite.at\/ja\/wp-json\/wp\/v2\/pages\/32703\/revisions\/34980"}],"up":[{"embeddable":true,"href":"https:\/\/www.aninite.at\/ja\/wp-json\/wp\/v2\/pages\/32716"}],"wp:attachment":[{"href":"https:\/\/www.aninite.at\/ja\/wp-json\/wp\/v2\/media?parent=32703"}],"curies":[{"name":"wp","href":"https:\/\/api.w.org\/{rel}","templated":true}]}}