{"id":32729,"date":"2021-03-13T20:41:21","date_gmt":"2021-03-13T19:41:21","guid":{"rendered":"https:\/\/www.aninite.at\/wettbewerbe\/"},"modified":"2025-07-16T10:48:13","modified_gmt":"2025-07-16T08:48:13","slug":"wettbewerbe","status":"publish","type":"page","link":"https:\/\/www.aninite.at\/ja\/wettbewerbe\/","title":{"rendered":"\u30b3\u30f3\u30da\u30c6\u30a3\u30b7\u30e7\u30f3"},"content":{"rendered":"<div class=\"wp-block-image\">\n<figure class=\"aligncenter size-full\"><img decoding=\"async\" src=\"https:\/\/www.aninite.at\/wp-content\/uploads\/\/TitelTemplate-1.svg\" alt=\"\" class=\"wp-image-32076\"\/><\/figure>\n<\/div>\n<div style=\"height:50px\" aria-hidden=\"true\" class=\"wp-block-spacer\"><\/div>\n\n<p class=\"has-text-align-center has-medium-font-size\">\u30b3\u30f3\u30da\u30c6\u30a3\u30b7\u30e7\u30f3\u306b\u95a2\u3059\u308b\u60c5\u5831\u306f\u5b9a\u671f\u7684\u306b\u66f4\u65b0\u3055\u308c\u308b\uff01<\/p>\n\n<p class=\"has-medium-font-size\">\u5927\u4f1a\u306b\u767b\u9332\u3059\u308b\u524d\u306b\u3001\u5fc5\u305a\u5927\u4f1a\u306e<strong>\u53c2\u52a0\u6761\u4ef6\u3068<\/strong> <strong>\u898f\u7d04\u3092<\/strong>\u8aad\u3093\u3067\u307b\u3057\u3044\u3002\u53c2\u52a0\u6761\u4ef6\u304a\u3088\u3073\u898f\u5247\u30fb\u898f\u5b9a\u3092\u9075\u5b88\u3057\u306a\u3044\u5834\u5408\u306f\u3001\u30b3\u30f3\u30da\u30c6\u30a3\u30b7\u30e7\u30f3\u304b\u3089\u9664\u5916\u3055\u308c\u308b\uff01\u5404\u30b3\u30f3\u30da\u30c6\u30a3\u30b7\u30e7\u30f3\u306b\u95a2\u3059\u308b\u304a\u554f\u3044\u5408\u308f\u305b\u306f <strong><a href=\"https:\/\/www.aninite.at\/ja\/kontakt\/\" target=\"_blank\" rel=\"noreferrer noopener\">\u304a\u554f\u3044\u5408\u308f\u305b\u30d5\u30a9\u30fc\u30e0<\/a><\/strong>.  <\/p>\n\n<p class=\"has-text-align-center has-medium-font-size\"><strong><a href=\"https:\/\/www.aninite.at\/ja\/wettbewerbe\/amv-wettbewerb\/\" target=\"_blank\" rel=\"noreferrer noopener\">AMV<\/a><\/strong><\/p>\n\n<p class=\"has-text-align-center has-medium-font-size\"><strong><a href=\"https:\/\/www.aninite.at\/cosplayfoto\/\">\u30b3\u30b9\u30d7\u30ec\u5199\u771f<\/a><\/strong><\/p>\n\n<p class=\"has-text-align-center has-medium-font-size\"><strong><a href=\"https:\/\/www.aninite.at\/ja\/wettbewerbe\/cosplay-2\/character-cosplay-2\/\" target=\"_blank\" rel=\"noreferrer noopener\">\u30ad\u30e3\u30e9\u30af\u30bf\u30fc\u30fb\u30b3\u30b9\u30d7\u30ec<\/a><\/strong><\/p>\n\n<p class=\"has-text-align-center has-medium-font-size\"><strong><a href=\"https:\/\/www.aninite.at\/ja\/wettbewerbe\/cosplay-2\/ccc\/\">CCC<\/a><\/strong><\/p>\n\n<p class=\"has-text-align-center has-medium-font-size\"><a href=\"https:\/\/www.aninite.at\/ja\/wettbewerbe\/dance-contest-2\/\"><strong>\u30c0\u30f3\u30b9\u30fb\u30b3\u30f3\u30c6\u30b9\u30c8<\/strong><\/a><\/p>\n\n<p class=\"has-text-align-center has-medium-font-size\"><strong><a href=\"https:\/\/www.aninite.at\/ja\/wettbewerbe\/fanart-regulaer\/\">\u30d5\u30a1\u30f3\u30a2\u30fc\u30c8<\/a><\/strong><\/p>\n\n<p class=\"has-text-align-center has-medium-font-size\"><strong><a href=\"https:\/\/www.aninite.at\/figurenfoto\/\">\u30d5\u30a3\u30ae\u30e5\u30a2\u306e\u5199\u771f<\/a><\/strong><\/p>\n\n<p class=\"has-text-align-center has-medium-font-size\"><strong><a href=\"https:\/\/www.aninite.at\/ja\/wettbewerbe\/lipsync-2\/\">\u30ea\u30d7\u30b7\u30f3\u30c1<\/a><\/strong><\/p>\n\n<p class=\"has-text-align-center has-medium-font-size\"><strong><a href=\"https:\/\/www.aninite.at\/meme-wettbewerb\/\">\u30df\u30fc\u30e0<\/a><\/strong><\/p>\n\n<p class=\"has-text-align-center has-medium-font-size\"><strong><a href=\"https:\/\/www.aninite.at\/ja\/wettbewerbe\/cosplay-2\/world-cosplay-summit-2\/\">\u4e16\u754c\u30b3\u30b9\u30d7\u30ec\u30b5\u30df\u30c3\u30c8\u4e88\u5099\u6c7a\u5b9a<\/a><\/strong><\/p>\n\n<p class=\"has-text-align-center has-medium-font-size\"><strong><a href=\"https:\/\/www.aninite.at\/ja\/wettbewerbe\/cosplay-2\/x-cosplay-3\/\">X\u30b3\u30b9\u30d7\u30ec<\/a><\/strong><\/p>\n\n<p class=\"has-text-align-center\">\u305d\u306e\u4ed6\u591a\u6570<\/p>\n\n<p><\/p>\n\n<div class=\"wp-block-columns are-vertically-aligned-center is-layout-flex wp-container-core-columns-is-layout-9d6595d7 wp-block-columns-is-layout-flex\">\n<div class=\"wp-block-column is-vertically-aligned-center is-layout-flow wp-block-column-is-layout-flow\"><\/div>\n<\/div>\n<div class=\"wp-block-image\">\n<figure class=\"aligncenter size-full\"><img loading=\"lazy\" decoding=\"async\" width=\"728\" height=\"162\" src=\"https:\/\/www.aninite.at\/wp-content\/uploads\/Footer_2025_FL.jpg\" alt=\"\" class=\"wp-image-17696\" srcset=\"https:\/\/www.aninite.at\/wp-content\/uploads\/Footer_2025_FL.jpg 728w, https:\/\/www.aninite.at\/wp-content\/uploads\/Footer_2025_FL-300x67.jpg 300w\" sizes=\"auto, (max-width: 728px) 100vw, 728px\" \/><\/figure>\n<\/div>","protected":false},"excerpt":{"rendered":"<p>\u30b3\u30f3\u30da\u30c6\u30a3\u30b7\u30e7\u30f3\u306b\u95a2\u3059\u308b\u60c5\u5831\u306f\u5b9a\u671f\u7684\u306b\u66f4\u65b0\u3055\u308c\u308b\uff01 \u5927\u4f1a\u306b\u767b\u9332\u3059\u308b\u524d\u306b\u3001\u5fc5\u305a\u5927\u4f1a\u306e\u53c2\u52a0\u6761\u4ef6\u3068 \u898f\u7d04\u3092\u8aad\u3093\u3067\u307b\u3057\u3044\u3002\u53c2\u52a0\u6761\u4ef6\u304a\u3088\u3073\u898f\u5247\u30fb\u898f\u5b9a\u3092\u9075\u5b88\u3057\u306a\u3044\u5834\u5408\u306f\u3001\u30b3\u30f3\u30da\u30c6\u30a3\u30b7\u30e7\u30f3\u304b\u3089\u9664\u5916\u3055\u308c\u308b\uff01\u5404\u30b3\u30f3\u30da\u30c6\u30a3\u30b7\u30e7\u30f3\u306b\u95a2\u3059\u308b\u304a\u554f\u3044\u5408\u308f\u305b\u306f \u304a\u554f\u3044\u5408\u308f\u305b\u30d5\u30a9\u30fc\u30e0. AMV \u30b3\u30b9\u30d7\u30ec\u5199\u771f \u30ad\u30e3\u30e9\u30af\u30bf\u30fc\u30fb\u30b3\u30b9\u30d7\u30ec CCC \u30c0\u30f3\u30b9\u30fb\u30b3\u30f3\u30c6\u30b9\u30c8 \u30d5\u30a1\u30f3\u30a2\u30fc\u30c8 \u30d5\u30a3\u30ae\u30e5\u30a2\u306e\u5199\u771f \u30ea\u30d7\u30b7\u30f3\u30c1 \u30df\u30fc\u30e0 \u4e16\u754c\u30b3\u30b9\u30d7\u30ec\u30b5\u30df\u30c3\u30c8\u4e88\u5099\u6c7a\u5b9a X\u30b3\u30b9\u30d7\u30ec \u305d\u306e\u4ed6\u591a\u6570<\/p>\n","protected":false},"author":10,"featured_media":0,"parent":0,"menu_order":0,"comment_status":"closed","ping_status":"closed","template":"","meta":{"inline_featured_image":false,"footnotes":""},"class_list":["post-32729","page","type-page","status-publish","hentry"],"yoast_head":"<!-- This site is optimized with the Yoast SEO plugin v27.5 - https:\/\/yoast.com\/product\/yoast-seo-wordpress\/ -->\n<title>\u30b3\u30f3\u30da\u30c6\u30a3\u30b7\u30e7\u30f3 - AniNite<\/title>\n<meta name=\"description\" content=\"AniNite\u3067\u958b\u50ac\u3055\u308c\u308b\u3059\u3079\u3066\u306e\u5927\u4f1a\u306e\u6982\u8981\uff01\u30d5\u30a1\u30f3\u30a2\u30fc\u30c8\u3001\u30b3\u30b9\u30d7\u30ec\u3001AMV\u3001\u30d5\u30a9\u30c8\u30b3\u30f3\u30c6\u30b9\u30c8\u3001\u30c0\u30f3\u30b9\u3001\u30df\u30fc\u30e0\u306a\u3069\u306a\u3069\uff01\" \/>\n<meta name=\"robots\" content=\"index, follow, max-snippet:-1, max-image-preview:large, max-video-preview:-1\" \/>\n<link rel=\"canonical\" href=\"https:\/\/www.aninite.at\/ja\/wettbewerbe\/\" \/>\n<meta property=\"og:locale\" content=\"ja_JP\" \/>\n<meta property=\"og:type\" content=\"article\" \/>\n<meta property=\"og:title\" content=\"\u30b3\u30f3\u30da\u30c6\u30a3\u30b7\u30e7\u30f3 - AniNite\" \/>\n<meta property=\"og:description\" content=\"AniNite\u3067\u958b\u50ac\u3055\u308c\u308b\u3059\u3079\u3066\u306e\u5927\u4f1a\u306e\u6982\u8981\uff01\u30d5\u30a1\u30f3\u30a2\u30fc\u30c8\u3001\u30b3\u30b9\u30d7\u30ec\u3001AMV\u3001\u30d5\u30a9\u30c8\u30b3\u30f3\u30c6\u30b9\u30c8\u3001\u30c0\u30f3\u30b9\u3001\u30df\u30fc\u30e0\u306a\u3069\u306a\u3069\uff01\" \/>\n<meta property=\"og:url\" content=\"https:\/\/www.aninite.at\/ja\/wettbewerbe\/\" \/>\n<meta property=\"og:site_name\" content=\"AniNite\" \/>\n<meta property=\"article:publisher\" content=\"https:\/\/www.facebook.com\/AniMangaAustria\" \/>\n<meta property=\"article:modified_time\" content=\"2025-07-16T08:48:13+00:00\" \/>\n<meta property=\"og:image\" content=\"https:\/\/www.aninite.at\/wp-content\/uploads\/cropped-Icon_2025.jpg\" \/>\n\t<meta property=\"og:image:width\" content=\"512\" \/>\n\t<meta property=\"og:image:height\" content=\"512\" \/>\n\t<meta property=\"og:image:type\" content=\"image\/jpeg\" \/>\n<meta name=\"twitter:card\" content=\"summary_large_image\" \/>\n<meta name=\"twitter:title\" content=\"\u30a2\u30cb\u30ca\u30a4\u30c8\" \/>\n<meta name=\"twitter:description\" content=\"AniNite\u3067\u958b\u50ac\u3055\u308c\u308b\u3059\u3079\u3066\u306e\u5927\u4f1a\u306e\u6982\u8981\uff01\u30d5\u30a1\u30f3\u30a2\u30fc\u30c8\u3001\u30b3\u30b9\u30d7\u30ec\u3001AMV\u3001\u30d5\u30a9\u30c8\u30b3\u30f3\u30c6\u30b9\u30c8\u3001\u30c0\u30f3\u30b9\u3001\u30df\u30fc\u30e0\u306a\u3069\u306a\u3069\uff01\" \/>\n<meta name=\"twitter:image\" content=\"https:\/\/www.aninite.at\/wp-content\/uploads\/cropped-Icon_2022-1.jpg\" \/>\n<script type=\"application\/ld+json\" class=\"yoast-schema-graph\">{\"@context\":\"https:\\\/\\\/schema.org\",\"@graph\":[{\"@type\":\"WebPage\",\"@id\":\"https:\\\/\\\/www.aninite.at\\\/ja\\\/wettbewerbe\\\/\",\"url\":\"https:\\\/\\\/www.aninite.at\\\/ja\\\/wettbewerbe\\\/\",\"name\":\"\u30b3\u30f3\u30da\u30c6\u30a3\u30b7\u30e7\u30f3 - AniNite\",\"isPartOf\":{\"@id\":\"https:\\\/\\\/www.aninite.at\\\/ja\\\/#website\"},\"primaryImageOfPage\":{\"@id\":\"https:\\\/\\\/www.aninite.at\\\/ja\\\/wettbewerbe\\\/#primaryimage\"},\"image\":{\"@id\":\"https:\\\/\\\/www.aninite.at\\\/ja\\\/wettbewerbe\\\/#primaryimage\"},\"thumbnailUrl\":\"https:\\\/\\\/www.aninite.at\\\/wp-content\\\/uploads\\\/\\\/TitelTemplate-1.svg\",\"datePublished\":\"2021-03-13T19:41:21+00:00\",\"dateModified\":\"2025-07-16T08:48:13+00:00\",\"description\":\"AniNite\u3067\u958b\u50ac\u3055\u308c\u308b\u3059\u3079\u3066\u306e\u5927\u4f1a\u306e\u6982\u8981\uff01\u30d5\u30a1\u30f3\u30a2\u30fc\u30c8\u3001\u30b3\u30b9\u30d7\u30ec\u3001AMV\u3001\u30d5\u30a9\u30c8\u30b3\u30f3\u30c6\u30b9\u30c8\u3001\u30c0\u30f3\u30b9\u3001\u30df\u30fc\u30e0\u306a\u3069\u306a\u3069\uff01\",\"breadcrumb\":{\"@id\":\"https:\\\/\\\/www.aninite.at\\\/ja\\\/wettbewerbe\\\/#breadcrumb\"},\"inLanguage\":\"ja\",\"potentialAction\":[{\"@type\":\"ReadAction\",\"target\":[\"https:\\\/\\\/www.aninite.at\\\/ja\\\/wettbewerbe\\\/\"]}]},{\"@type\":\"ImageObject\",\"inLanguage\":\"ja\",\"@id\":\"https:\\\/\\\/www.aninite.at\\\/ja\\\/wettbewerbe\\\/#primaryimage\",\"url\":\"https:\\\/\\\/www.aninite.at\\\/wp-content\\\/uploads\\\/\\\/TitelTemplate-1.svg\",\"contentUrl\":\"https:\\\/\\\/www.aninite.at\\\/wp-content\\\/uploads\\\/\\\/TitelTemplate-1.svg\"},{\"@type\":\"BreadcrumbList\",\"@id\":\"https:\\\/\\\/www.aninite.at\\\/ja\\\/wettbewerbe\\\/#breadcrumb\",\"itemListElement\":[{\"@type\":\"ListItem\",\"position\":1,\"name\":\"Startseite\",\"item\":\"https:\\\/\\\/www.aninite.at\\\/ja\\\/willkommen\\\/\"},{\"@type\":\"ListItem\",\"position\":2,\"name\":\"\u30b3\u30f3\u30da\u30c6\u30a3\u30b7\u30e7\u30f3\"}]},{\"@type\":\"WebSite\",\"@id\":\"https:\\\/\\\/www.aninite.at\\\/ja\\\/#website\",\"url\":\"https:\\\/\\\/www.aninite.at\\\/ja\\\/\",\"name\":\"AniNite\",\"description\":\"\u00d6sterreichs gr\u00f6\u00dfte Anime-, Manga- und Comic-Convention\",\"potentialAction\":[{\"@type\":\"SearchAction\",\"target\":{\"@type\":\"EntryPoint\",\"urlTemplate\":\"https:\\\/\\\/www.aninite.at\\\/ja\\\/?s={search_term_string}\"},\"query-input\":{\"@type\":\"PropertyValueSpecification\",\"valueRequired\":true,\"valueName\":\"search_term_string\"}}],\"inLanguage\":\"ja\"}]}<\/script>\n<!-- \/ Yoast SEO plugin. -->","yoast_head_json":{"title":"\u30b3\u30f3\u30da\u30c6\u30a3\u30b7\u30e7\u30f3 - AniNite","description":"AniNite\u3067\u958b\u50ac\u3055\u308c\u308b\u3059\u3079\u3066\u306e\u5927\u4f1a\u306e\u6982\u8981\uff01\u30d5\u30a1\u30f3\u30a2\u30fc\u30c8\u3001\u30b3\u30b9\u30d7\u30ec\u3001AMV\u3001\u30d5\u30a9\u30c8\u30b3\u30f3\u30c6\u30b9\u30c8\u3001\u30c0\u30f3\u30b9\u3001\u30df\u30fc\u30e0\u306a\u3069\u306a\u3069\uff01","robots":{"index":"index","follow":"follow","max-snippet":"max-snippet:-1","max-image-preview":"max-image-preview:large","max-video-preview":"max-video-preview:-1"},"canonical":"https:\/\/www.aninite.at\/ja\/wettbewerbe\/","og_locale":"ja_JP","og_type":"article","og_title":"\u30b3\u30f3\u30da\u30c6\u30a3\u30b7\u30e7\u30f3 - AniNite","og_description":"AniNite\u3067\u958b\u50ac\u3055\u308c\u308b\u3059\u3079\u3066\u306e\u5927\u4f1a\u306e\u6982\u8981\uff01\u30d5\u30a1\u30f3\u30a2\u30fc\u30c8\u3001\u30b3\u30b9\u30d7\u30ec\u3001AMV\u3001\u30d5\u30a9\u30c8\u30b3\u30f3\u30c6\u30b9\u30c8\u3001\u30c0\u30f3\u30b9\u3001\u30df\u30fc\u30e0\u306a\u3069\u306a\u3069\uff01","og_url":"https:\/\/www.aninite.at\/ja\/wettbewerbe\/","og_site_name":"AniNite","article_publisher":"https:\/\/www.facebook.com\/AniMangaAustria","article_modified_time":"2025-07-16T08:48:13+00:00","og_image":[{"width":512,"height":512,"url":"https:\/\/www.aninite.at\/wp-content\/uploads\/cropped-Icon_2025.jpg","type":"image\/jpeg"}],"twitter_card":"summary_large_image","twitter_title":"\u30a2\u30cb\u30ca\u30a4\u30c8","twitter_description":"AniNite\u3067\u958b\u50ac\u3055\u308c\u308b\u3059\u3079\u3066\u306e\u5927\u4f1a\u306e\u6982\u8981\uff01\u30d5\u30a1\u30f3\u30a2\u30fc\u30c8\u3001\u30b3\u30b9\u30d7\u30ec\u3001AMV\u3001\u30d5\u30a9\u30c8\u30b3\u30f3\u30c6\u30b9\u30c8\u3001\u30c0\u30f3\u30b9\u3001\u30df\u30fc\u30e0\u306a\u3069\u306a\u3069\uff01","twitter_image":"https:\/\/www.aninite.at\/wp-content\/uploads\/cropped-Icon_2022-1.jpg","schema":{"@context":"https:\/\/schema.org","@graph":[{"@type":"WebPage","@id":"https:\/\/www.aninite.at\/ja\/wettbewerbe\/","url":"https:\/\/www.aninite.at\/ja\/wettbewerbe\/","name":"\u30b3\u30f3\u30da\u30c6\u30a3\u30b7\u30e7\u30f3 - AniNite","isPartOf":{"@id":"https:\/\/www.aninite.at\/ja\/#website"},"primaryImageOfPage":{"@id":"https:\/\/www.aninite.at\/ja\/wettbewerbe\/#primaryimage"},"image":{"@id":"https:\/\/www.aninite.at\/ja\/wettbewerbe\/#primaryimage"},"thumbnailUrl":"https:\/\/www.aninite.at\/wp-content\/uploads\/\/TitelTemplate-1.svg","datePublished":"2021-03-13T19:41:21+00:00","dateModified":"2025-07-16T08:48:13+00:00","description":"AniNite\u3067\u958b\u50ac\u3055\u308c\u308b\u3059\u3079\u3066\u306e\u5927\u4f1a\u306e\u6982\u8981\uff01\u30d5\u30a1\u30f3\u30a2\u30fc\u30c8\u3001\u30b3\u30b9\u30d7\u30ec\u3001AMV\u3001\u30d5\u30a9\u30c8\u30b3\u30f3\u30c6\u30b9\u30c8\u3001\u30c0\u30f3\u30b9\u3001\u30df\u30fc\u30e0\u306a\u3069\u306a\u3069\uff01","breadcrumb":{"@id":"https:\/\/www.aninite.at\/ja\/wettbewerbe\/#breadcrumb"},"inLanguage":"ja","potentialAction":[{"@type":"ReadAction","target":["https:\/\/www.aninite.at\/ja\/wettbewerbe\/"]}]},{"@type":"ImageObject","inLanguage":"ja","@id":"https:\/\/www.aninite.at\/ja\/wettbewerbe\/#primaryimage","url":"https:\/\/www.aninite.at\/wp-content\/uploads\/\/TitelTemplate-1.svg","contentUrl":"https:\/\/www.aninite.at\/wp-content\/uploads\/\/TitelTemplate-1.svg"},{"@type":"BreadcrumbList","@id":"https:\/\/www.aninite.at\/ja\/wettbewerbe\/#breadcrumb","itemListElement":[{"@type":"ListItem","position":1,"name":"Startseite","item":"https:\/\/www.aninite.at\/ja\/willkommen\/"},{"@type":"ListItem","position":2,"name":"\u30b3\u30f3\u30da\u30c6\u30a3\u30b7\u30e7\u30f3"}]},{"@type":"WebSite","@id":"https:\/\/www.aninite.at\/ja\/#website","url":"https:\/\/www.aninite.at\/ja\/","name":"AniNite","description":"\u00d6sterreichs gr\u00f6\u00dfte Anime-, Manga- und Comic-Convention","potentialAction":[{"@type":"SearchAction","target":{"@type":"EntryPoint","urlTemplate":"https:\/\/www.aninite.at\/ja\/?s={search_term_string}"},"query-input":{"@type":"PropertyValueSpecification","valueRequired":true,"valueName":"search_term_string"}}],"inLanguage":"ja"}]}},"acf":[],"_links":{"self":[{"href":"https:\/\/www.aninite.at\/ja\/wp-json\/wp\/v2\/pages\/32729","targetHints":{"allow":["GET"]}}],"collection":[{"href":"https:\/\/www.aninite.at\/ja\/wp-json\/wp\/v2\/pages"}],"about":[{"href":"https:\/\/www.aninite.at\/ja\/wp-json\/wp\/v2\/types\/page"}],"author":[{"embeddable":true,"href":"https:\/\/www.aninite.at\/ja\/wp-json\/wp\/v2\/users\/10"}],"replies":[{"embeddable":true,"href":"https:\/\/www.aninite.at\/ja\/wp-json\/wp\/v2\/comments?post=32729"}],"version-history":[{"count":5,"href":"https:\/\/www.aninite.at\/ja\/wp-json\/wp\/v2\/pages\/32729\/revisions"}],"predecessor-version":[{"id":34047,"href":"https:\/\/www.aninite.at\/ja\/wp-json\/wp\/v2\/pages\/32729\/revisions\/34047"}],"wp:attachment":[{"href":"https:\/\/www.aninite.at\/ja\/wp-json\/wp\/v2\/media?parent=32729"}],"curies":[{"name":"wp","href":"https:\/\/api.w.org\/{rel}","templated":true}]}}