{"id":32736,"date":"2021-03-13T20:20:03","date_gmt":"2021-03-13T19:20:03","guid":{"rendered":"https:\/\/www.aninite.at\/info-3\/oeffnungszeiten\/"},"modified":"2026-04-15T20:41:14","modified_gmt":"2026-04-15T18:41:14","slug":"oeffnungszeiten","status":"publish","type":"page","link":"https:\/\/www.aninite.at\/ja\/info-3\/oeffnungszeiten\/","title":{"rendered":"\u55b6\u696d\u6642\u9593"},"content":{"rendered":"<div class=\"wp-block-image\">\n<figure class=\"aligncenter size-full is-resized\"><img loading=\"lazy\" decoding=\"async\" width=\"700\" height=\"72\" src=\"https:\/\/www.aninite.at\/wp-content\/uploads\/\/PageTitelBanner.svg\" alt=\"\" class=\"wp-image-34807\" style=\"width:690px;height:71px\"\/><\/figure>\n<\/div>\n<div style=\"height:50px\" aria-hidden=\"true\" class=\"wp-block-spacer\"><\/div>\n\n<h1 class=\"wp-block-heading has-text-align-center has-text-color has-large-font-size\" style=\"color:#801fdc\"><strong>2026\u5e748\u67087\u65e5\uff08\u91d1<\/strong><\/h1>\n\n<p class=\"has-text-align-center\">\u55b6\u696d\u6642\u9593\uff1a10:00\uff5e22:00<br\/>\u30a4\u30d9\u30f3\u30c8\u30fb\u30ad\u30e3\u30c3\u30b7\u30e5\u30c7\u30b9\u30af\u306f9:00\u304b\u3089\u55b6\u696d<br\/>\u30c8\u30ec\u30fc\u30c0\u30fc\u306f20:00\u307e\u3067\u3002<br\/><\/p>\n\n<h2 class=\"wp-block-heading has-text-align-center has-text-color has-large-font-size\" style=\"color:#801fdc\"><strong>2026\u5e748\u67088\u65e5\uff08\u571f<\/strong><\/h2>\n\n<p class=\"has-text-align-center\" id=\"block-2e1a8a0e-93a6-45fe-a326-00077530f8f8\">\u55b6\u696d\u6642\u9593\uff1a10:00\uff5e22:00<br\/>\u30a4\u30d9\u30f3\u30c8\u30fb\u30ad\u30e3\u30c3\u30b7\u30e5\u30c7\u30b9\u30af\u306f9:00\u304b\u3089\u55b6\u696d<br\/>\u30c8\u30ec\u30fc\u30c0\u30fc\u306f20:00\u307e\u3067\u3002<br\/><\/p>\n\n<h2 class=\"wp-block-heading has-text-align-center has-text-color has-large-font-size\" style=\"color:#801fdc\"><strong>2026\u5e748\u67089\u65e5\uff08\u65e5<\/strong><\/h2>\n\n<p class=\"has-text-align-center\">\u55b6\u696d\u6642\u9593\uff1a10:00\uff5e18:00<br\/>\u30a4\u30d9\u30f3\u30c8\u30fb\u30ad\u30e3\u30c3\u30b7\u30e5\u30c7\u30b9\u30af\u306f9:00\u304b\u3089\u55b6\u696d<br\/>\u30c8\u30ec\u30fc\u30c0\u30fc\u306f17:00\u307e\u3067\u3002<br\/><\/p>\n\n<p><strong>\u5b50\u4f9b\u3068\u9752\u5c11\u5e74<\/strong>\uff1a<br\/>6\u6b73\u307e\u3067\u306e\u5b50\u4f9b\u306f\u3001\u89aa\u307e\u305f\u306f\u4fdd\u8b77\u8005\u3001\u3082\u3057\u304f\u306f\u89aa\u307e\u305f\u306f\u4fdd\u8b77\u8005\u306e\u627f\u8a8d\u3092\u53d7\u3051\u305f\u5408\u6cd5\u7684\u306a\u5e74\u9f62\u306e\u4eba\u304c\u540c\u4f34\u3059\u308b\u5834\u5408\u3001\u30a4\u30d9\u30f3\u30c8\u306b\u7121\u6599\u3067\u53c2\u52a0\u3067\u304d\u308b\u3002<br\/>\u5927\u4eba\u304c\u540c\u4f34\u3057\u306a\u304414\u6b73\u672a\u6e80\u306e\u9752\u5c11\u5e74\u306f\u300122:00\u307e\u3067AniNite\u306b\u6ede\u5728\u3067\u304d\u308b\u3002<br\/>22:00\u4ee5\u964d\u300114\u6b73\u672a\u6e80\u306e\u9752\u5c11\u5e74\u306f\u540c\u4f34\u8005\uff08\u89aa\u307e\u305f\u306f\u4fdd\u8b77\u8005\u3001\u3082\u3057\u304f\u306f\u89aa\u307e\u305f\u306f\u4fdd\u8b77\u8005\u306e\u627f\u8a8d\u3092\u53d7\u3051\u305f\u5408\u6cd5\u7684\u306a\u5e74\u9f62\u306e\u4eba\uff09\u304c\u5fc5\u8981\u3068\u306a\u308b\u3002<\/p>\n<div class=\"wp-block-image\">\n<figure class=\"aligncenter size-full\"><img loading=\"lazy\" decoding=\"async\" width=\"728\" height=\"162\" src=\"https:\/\/www.aninite.at\/wp-content\/uploads\/Footer_2026_FL.png\" alt=\"\" class=\"wp-image-34746\" srcset=\"https:\/\/www.aninite.at\/wp-content\/uploads\/Footer_2026_FL.png 728w, https:\/\/www.aninite.at\/wp-content\/uploads\/Footer_2026_FL-300x67.png 300w\" sizes=\"auto, (max-width: 728px) 100vw, 728px\" \/><\/figure>\n<\/div>","protected":false},"excerpt":{"rendered":"<p>2026\u5e748\u67087\u65e5\uff08\u91d1 \u55b6\u696d\u6642\u9593\uff1a10:00\uff5e22:00\u30a4\u30d9\u30f3\u30c8\u30fb\u30ad\u30e3\u30c3\u30b7\u30e5\u30c7\u30b9\u30af\u306f9:00\u304b\u3089\u55b6\u696d\u30c8\u30ec\u30fc\u30c0\u30fc\u306f20:00\u307e\u3067\u3002 2026\u5e748\u67088\u65e5\uff08\u571f \u55b6\u696d\u6642\u9593\uff1a10:00\uff5e22:00\u30a4\u30d9\u30f3\u30c8\u30fb\u30ad\u30e3\u30c3\u30b7\u30e5\u30c7\u30b9\u30af\u306f9:00\u304b\u3089\u55b6\u696d\u30c8\u30ec\u30fc\u30c0\u30fc\u306f20:00\u307e\u3067\u3002 2026\u5e748\u67089\u65e5\uff08\u65e5 \u55b6\u696d\u6642\u9593\uff1a10:00\uff5e18:00\u30a4\u30d9\u30f3\u30c8\u30fb\u30ad\u30e3\u30c3\u30b7\u30e5\u30c7\u30b9\u30af\u306f9:00\u304b\u3089\u55b6\u696d\u30c8\u30ec\u30fc\u30c0\u30fc\u306f17:00\u307e\u3067\u3002 \u5b50\u4f9b\u3068\u9752\u5c11\u5e74\uff1a6\u6b73\u307e\u3067\u306e\u5b50\u4f9b\u306f\u3001\u89aa\u307e\u305f\u306f\u4fdd\u8b77\u8005\u3001\u3082\u3057\u304f\u306f\u89aa\u307e\u305f\u306f\u4fdd\u8b77\u8005\u306e\u627f\u8a8d\u3092\u53d7\u3051\u305f\u5408\u6cd5\u7684\u306a\u5e74\u9f62\u306e\u4eba\u304c\u540c\u4f34\u3059\u308b\u5834\u5408\u3001\u30a4\u30d9\u30f3\u30c8\u306b\u7121\u6599\u3067\u53c2\u52a0\u3067\u304d\u308b\u3002\u5927\u4eba\u304c\u540c\u4f34\u3057\u306a\u304414\u6b73\u672a\u6e80\u306e\u9752\u5c11\u5e74\u306f\u300122:00\u307e\u3067AniNite\u306b\u6ede\u5728\u3067\u304d\u308b\u300222:00\u4ee5\u964d\u300114\u6b73\u672a\u6e80\u306e\u9752\u5c11\u5e74\u306f\u540c\u4f34\u8005\uff08\u89aa\u307e\u305f\u306f\u4fdd\u8b77\u8005\u3001\u3082\u3057\u304f\u306f\u89aa\u307e\u305f\u306f\u4fdd\u8b77\u8005\u306e\u627f\u8a8d\u3092\u53d7\u3051\u305f\u5408\u6cd5\u7684\u306a\u5e74\u9f62\u306e\u4eba\uff09\u304c\u5fc5\u8981\u3068\u306a\u308b\u3002<\/p>\n","protected":false},"author":10,"featured_media":0,"parent":32716,"menu_order":0,"comment_status":"closed","ping_status":"closed","template":"","meta":{"inline_featured_image":false,"footnotes":""},"class_list":["post-32736","page","type-page","status-publish","hentry"],"yoast_head":"<!-- This site is optimized with the Yoast SEO plugin v27.4 - https:\/\/yoast.com\/product\/yoast-seo-wordpress\/ -->\n<title>\u55b6\u696d\u6642\u9593 - AniNite<\/title>\n<meta name=\"description\" content=\"AniNite\u306e\u55b6\u696d\u6642\u9593\u306f\u3053\u3061\u3089\u3067\u78ba\u8a8d\u3067\u304d\u308b\u3002\" \/>\n<meta name=\"robots\" content=\"index, follow, max-snippet:-1, max-image-preview:large, max-video-preview:-1\" \/>\n<link rel=\"canonical\" href=\"https:\/\/www.aninite.at\/ja\/info-3\/oeffnungszeiten\/\" \/>\n<meta property=\"og:locale\" content=\"ja_JP\" \/>\n<meta property=\"og:type\" content=\"article\" \/>\n<meta property=\"og:title\" content=\"\u55b6\u696d\u6642\u9593 - AniNite\" \/>\n<meta property=\"og:description\" content=\"AniNite\u306e\u55b6\u696d\u6642\u9593\u306f\u3053\u3061\u3089\u3067\u78ba\u8a8d\u3067\u304d\u308b\u3002\" \/>\n<meta property=\"og:url\" content=\"https:\/\/www.aninite.at\/ja\/info-3\/oeffnungszeiten\/\" \/>\n<meta property=\"og:site_name\" content=\"AniNite\" \/>\n<meta property=\"article:publisher\" content=\"https:\/\/www.facebook.com\/AniMangaAustria\" \/>\n<meta property=\"article:modified_time\" content=\"2026-04-15T18:41:14+00:00\" \/>\n<meta property=\"og:image\" content=\"https:\/\/www.aninite.at\/wp-content\/uploads\/cropped-Icon_2025.jpg\" \/>\n\t<meta property=\"og:image:width\" content=\"512\" \/>\n\t<meta property=\"og:image:height\" content=\"512\" \/>\n\t<meta property=\"og:image:type\" content=\"image\/jpeg\" \/>\n<meta name=\"twitter:card\" content=\"summary_large_image\" \/>\n<meta name=\"twitter:title\" content=\"\u30a2\u30cb\u30ca\u30a4\u30c8\" \/>\n<meta name=\"twitter:description\" content=\"AniNite\u306e\u55b6\u696d\u6642\u9593\u306f\u3053\u3061\u3089\u3067\u78ba\u8a8d\u3067\u304d\u308b\u3002\" \/>\n<meta name=\"twitter:image\" content=\"https:\/\/www.aninite.at\/wp-content\/uploads\/cropped-Icon_2022-1.jpg\" \/>\n<script type=\"application\/ld+json\" class=\"yoast-schema-graph\">{\"@context\":\"https:\\\/\\\/schema.org\",\"@graph\":[{\"@type\":\"WebPage\",\"@id\":\"https:\\\/\\\/www.aninite.at\\\/ja\\\/info-3\\\/oeffnungszeiten\\\/\",\"url\":\"https:\\\/\\\/www.aninite.at\\\/ja\\\/info-3\\\/oeffnungszeiten\\\/\",\"name\":\"\u55b6\u696d\u6642\u9593 - AniNite\",\"isPartOf\":{\"@id\":\"https:\\\/\\\/www.aninite.at\\\/ja\\\/#website\"},\"primaryImageOfPage\":{\"@id\":\"https:\\\/\\\/www.aninite.at\\\/ja\\\/info-3\\\/oeffnungszeiten\\\/#primaryimage\"},\"image\":{\"@id\":\"https:\\\/\\\/www.aninite.at\\\/ja\\\/info-3\\\/oeffnungszeiten\\\/#primaryimage\"},\"thumbnailUrl\":\"https:\\\/\\\/www.aninite.at\\\/wp-content\\\/uploads\\\/\\\/PageTitelBanner.svg\",\"datePublished\":\"2021-03-13T19:20:03+00:00\",\"dateModified\":\"2026-04-15T18:41:14+00:00\",\"description\":\"AniNite\u306e\u55b6\u696d\u6642\u9593\u306f\u3053\u3061\u3089\u3067\u78ba\u8a8d\u3067\u304d\u308b\u3002\",\"breadcrumb\":{\"@id\":\"https:\\\/\\\/www.aninite.at\\\/ja\\\/info-3\\\/oeffnungszeiten\\\/#breadcrumb\"},\"inLanguage\":\"ja\",\"potentialAction\":[{\"@type\":\"ReadAction\",\"target\":[\"https:\\\/\\\/www.aninite.at\\\/ja\\\/info-3\\\/oeffnungszeiten\\\/\"]}]},{\"@type\":\"ImageObject\",\"inLanguage\":\"ja\",\"@id\":\"https:\\\/\\\/www.aninite.at\\\/ja\\\/info-3\\\/oeffnungszeiten\\\/#primaryimage\",\"url\":\"https:\\\/\\\/www.aninite.at\\\/wp-content\\\/uploads\\\/\\\/PageTitelBanner.svg\",\"contentUrl\":\"https:\\\/\\\/www.aninite.at\\\/wp-content\\\/uploads\\\/\\\/PageTitelBanner.svg\"},{\"@type\":\"BreadcrumbList\",\"@id\":\"https:\\\/\\\/www.aninite.at\\\/ja\\\/info-3\\\/oeffnungszeiten\\\/#breadcrumb\",\"itemListElement\":[{\"@type\":\"ListItem\",\"position\":1,\"name\":\"Startseite\",\"item\":\"https:\\\/\\\/www.aninite.at\\\/ja\\\/willkommen\\\/\"},{\"@type\":\"ListItem\",\"position\":2,\"name\":\"\u30a4\u30f3\u30d5\u30a9\u30e1\u30fc\u30b7\u30e7\u30f3\",\"item\":\"https:\\\/\\\/www.aninite.at\\\/ja\\\/info-3\\\/\"},{\"@type\":\"ListItem\",\"position\":3,\"name\":\"\u55b6\u696d\u6642\u9593\"}]},{\"@type\":\"WebSite\",\"@id\":\"https:\\\/\\\/www.aninite.at\\\/ja\\\/#website\",\"url\":\"https:\\\/\\\/www.aninite.at\\\/ja\\\/\",\"name\":\"AniNite\",\"description\":\"\u00d6sterreichs gr\u00f6\u00dfte Anime-, Manga- und Comic-Convention\",\"potentialAction\":[{\"@type\":\"SearchAction\",\"target\":{\"@type\":\"EntryPoint\",\"urlTemplate\":\"https:\\\/\\\/www.aninite.at\\\/ja\\\/?s={search_term_string}\"},\"query-input\":{\"@type\":\"PropertyValueSpecification\",\"valueRequired\":true,\"valueName\":\"search_term_string\"}}],\"inLanguage\":\"ja\"}]}<\/script>\n<!-- \/ Yoast SEO plugin. -->","yoast_head_json":{"title":"\u55b6\u696d\u6642\u9593 - AniNite","description":"AniNite\u306e\u55b6\u696d\u6642\u9593\u306f\u3053\u3061\u3089\u3067\u78ba\u8a8d\u3067\u304d\u308b\u3002","robots":{"index":"index","follow":"follow","max-snippet":"max-snippet:-1","max-image-preview":"max-image-preview:large","max-video-preview":"max-video-preview:-1"},"canonical":"https:\/\/www.aninite.at\/ja\/info-3\/oeffnungszeiten\/","og_locale":"ja_JP","og_type":"article","og_title":"\u55b6\u696d\u6642\u9593 - AniNite","og_description":"AniNite\u306e\u55b6\u696d\u6642\u9593\u306f\u3053\u3061\u3089\u3067\u78ba\u8a8d\u3067\u304d\u308b\u3002","og_url":"https:\/\/www.aninite.at\/ja\/info-3\/oeffnungszeiten\/","og_site_name":"AniNite","article_publisher":"https:\/\/www.facebook.com\/AniMangaAustria","article_modified_time":"2026-04-15T18:41:14+00:00","og_image":[{"width":512,"height":512,"url":"https:\/\/www.aninite.at\/wp-content\/uploads\/cropped-Icon_2025.jpg","type":"image\/jpeg"}],"twitter_card":"summary_large_image","twitter_title":"\u30a2\u30cb\u30ca\u30a4\u30c8","twitter_description":"AniNite\u306e\u55b6\u696d\u6642\u9593\u306f\u3053\u3061\u3089\u3067\u78ba\u8a8d\u3067\u304d\u308b\u3002","twitter_image":"https:\/\/www.aninite.at\/wp-content\/uploads\/cropped-Icon_2022-1.jpg","schema":{"@context":"https:\/\/schema.org","@graph":[{"@type":"WebPage","@id":"https:\/\/www.aninite.at\/ja\/info-3\/oeffnungszeiten\/","url":"https:\/\/www.aninite.at\/ja\/info-3\/oeffnungszeiten\/","name":"\u55b6\u696d\u6642\u9593 - AniNite","isPartOf":{"@id":"https:\/\/www.aninite.at\/ja\/#website"},"primaryImageOfPage":{"@id":"https:\/\/www.aninite.at\/ja\/info-3\/oeffnungszeiten\/#primaryimage"},"image":{"@id":"https:\/\/www.aninite.at\/ja\/info-3\/oeffnungszeiten\/#primaryimage"},"thumbnailUrl":"https:\/\/www.aninite.at\/wp-content\/uploads\/\/PageTitelBanner.svg","datePublished":"2021-03-13T19:20:03+00:00","dateModified":"2026-04-15T18:41:14+00:00","description":"AniNite\u306e\u55b6\u696d\u6642\u9593\u306f\u3053\u3061\u3089\u3067\u78ba\u8a8d\u3067\u304d\u308b\u3002","breadcrumb":{"@id":"https:\/\/www.aninite.at\/ja\/info-3\/oeffnungszeiten\/#breadcrumb"},"inLanguage":"ja","potentialAction":[{"@type":"ReadAction","target":["https:\/\/www.aninite.at\/ja\/info-3\/oeffnungszeiten\/"]}]},{"@type":"ImageObject","inLanguage":"ja","@id":"https:\/\/www.aninite.at\/ja\/info-3\/oeffnungszeiten\/#primaryimage","url":"https:\/\/www.aninite.at\/wp-content\/uploads\/\/PageTitelBanner.svg","contentUrl":"https:\/\/www.aninite.at\/wp-content\/uploads\/\/PageTitelBanner.svg"},{"@type":"BreadcrumbList","@id":"https:\/\/www.aninite.at\/ja\/info-3\/oeffnungszeiten\/#breadcrumb","itemListElement":[{"@type":"ListItem","position":1,"name":"Startseite","item":"https:\/\/www.aninite.at\/ja\/willkommen\/"},{"@type":"ListItem","position":2,"name":"\u30a4\u30f3\u30d5\u30a9\u30e1\u30fc\u30b7\u30e7\u30f3","item":"https:\/\/www.aninite.at\/ja\/info-3\/"},{"@type":"ListItem","position":3,"name":"\u55b6\u696d\u6642\u9593"}]},{"@type":"WebSite","@id":"https:\/\/www.aninite.at\/ja\/#website","url":"https:\/\/www.aninite.at\/ja\/","name":"AniNite","description":"\u00d6sterreichs gr\u00f6\u00dfte Anime-, Manga- und Comic-Convention","potentialAction":[{"@type":"SearchAction","target":{"@type":"EntryPoint","urlTemplate":"https:\/\/www.aninite.at\/ja\/?s={search_term_string}"},"query-input":{"@type":"PropertyValueSpecification","valueRequired":true,"valueName":"search_term_string"}}],"inLanguage":"ja"}]}},"acf":[],"_links":{"self":[{"href":"https:\/\/www.aninite.at\/ja\/wp-json\/wp\/v2\/pages\/32736","targetHints":{"allow":["GET"]}}],"collection":[{"href":"https:\/\/www.aninite.at\/ja\/wp-json\/wp\/v2\/pages"}],"about":[{"href":"https:\/\/www.aninite.at\/ja\/wp-json\/wp\/v2\/types\/page"}],"author":[{"embeddable":true,"href":"https:\/\/www.aninite.at\/ja\/wp-json\/wp\/v2\/users\/10"}],"replies":[{"embeddable":true,"href":"https:\/\/www.aninite.at\/ja\/wp-json\/wp\/v2\/comments?post=32736"}],"version-history":[{"count":5,"href":"https:\/\/www.aninite.at\/ja\/wp-json\/wp\/v2\/pages\/32736\/revisions"}],"predecessor-version":[{"id":34989,"href":"https:\/\/www.aninite.at\/ja\/wp-json\/wp\/v2\/pages\/32736\/revisions\/34989"}],"up":[{"embeddable":true,"href":"https:\/\/www.aninite.at\/ja\/wp-json\/wp\/v2\/pages\/32716"}],"wp:attachment":[{"href":"https:\/\/www.aninite.at\/ja\/wp-json\/wp\/v2\/media?parent=32736"}],"curies":[{"name":"wp","href":"https:\/\/api.w.org\/{rel}","templated":true}]}}