{"id":32754,"date":"2025-04-15T06:00:00","date_gmt":"2025-04-15T04:00:00","guid":{"rendered":"https:\/\/www.aninite.at\/aussteller\/18-bereich\/"},"modified":"2026-04-27T21:46:47","modified_gmt":"2026-04-27T19:46:47","slug":"18-bereich","status":"publish","type":"page","link":"https:\/\/www.aninite.at\/ja\/aussteller\/18-bereich\/","title":{"rendered":"18\u6b73\u4ee5\u4e0a\u306e\u7bc4\u56f2"},"content":{"rendered":"<div class=\"wp-block-image is-resized\">\n<figure class=\"aligncenter size-full\"><img loading=\"lazy\" decoding=\"async\" width=\"700\" height=\"72\" src=\"https:\/\/www.aninite.at\/wp-content\/uploads\/\/PageTitelBanner.svg\" alt=\"\" class=\"wp-image-34807\"\/><\/figure>\n<\/div>\n<div style=\"height:18px\" aria-hidden=\"true\" class=\"wp-block-spacer\"><\/div>\n\n<p class=\"has-text-align-center\"><strong>18\u6b73\u4ee5\u4e0a\u30a8\u30ea\u30a2\u306e\u767b\u9332\u306f\u307e\u3082\u306a\u304f\u958b\u59cb\u3055\u308c\u308b\u3002<\/strong><br\/><strong><strong>18\u6b73\u4ee5\u4e0a<\/strong>\u30a8\u30ea\u30a2\u306e\u767b\u9332\u306f17.05.2026 23:15\u307e\u3067\u53d7\u3051\u4ed8\u3051\u3066\u3044\u308b\u3002<\/strong><\/p>\n\n<div class=\"wp-block-buttons is-content-justification-center is-layout-flex wp-container-core-buttons-is-layout-16018d1d wp-block-buttons-is-layout-flex\">\n<div class=\"wp-block-button is-style-outline is-style-outline--1\"><a class=\"wp-block-button__link has-vivid-purple-color has-text-color has-link-color has-large-font-size has-custom-font-size wp-element-button\" href=\"https:\/\/forms.cloud.microsoft\/Pages\/DesignPageV2.aspx?prevorigin=shell&amp;origin=NeoPortalPage&amp;subpage=design&amp;id=vS-9NlFDJEOLWHEKOtMaO1pLJ7jC0LtMsiu7tcf3XTRUN1dUNE9RVzRDNjNJNzhGTUZKOEJGOTVRUSQlQCN0PWcu\" target=\"_blank\" rel=\"noreferrer noopener\"><strong>&gt;&gt; \u767b\u9332  &lt;&lt;<\/strong><\/a><\/div>\n<\/div>\n\n<hr class=\"wp-block-separator has-alpha-channel-opacity\"\/>\n\n<p class=\"has-text-align-center\">\u3054\u767b\u9332\u3044\u305f\u3060\u3044\u305f\u7686\u69d8\u3078\uff1a<br\/><br\/>\u30b9\u30b1\u30b8\u30e5\u30fc\u30eb\u3001\u8a2d\u55b6\u30fb\u64a4\u53ce\u6642\u9593\u306a\u3069\u3092\u304a\u77e5\u3089\u305b\u3057\u307e\u3059\u3002<br\/>\u8ff7\u60d1\u30e1\u30fc\u30eb\u30d5\u30a9\u30eb\u30c0\u3082\u3054\u78ba\u8a8d\u304f\u3060\u3055\u3044\uff01<\/p>\n\n<p class=\"has-text-align-left\"><br\/>1.) \u60c5\u5831\u3068\u898f\u5247 <strong><a href=\"https:\/\/www.aninite.at\/wp-content\/uploads\/Artist_Regeln_und_InformationenDE26.pdf\" type=\"link\" id=\"https:\/\/www.aninite.at\/wp-content\/uploads\/Artist_Regeln_und_InformationenDE26.pdf\" target=\"_blank\" rel=\"noreferrer noopener\">\u30c9\u30a4\u30c4\u8a9e<\/a><\/strong><strong><a href=\"https:\/\/www.aninite.at\/wp-content\/uploads\/Artist_Rules_and_InformationENG26.pdf\" type=\"link\" id=\"https:\/\/www.aninite.at\/wp-content\/uploads\/Artist_Rules_and_InformationENG26.pdf\" target=\"_blank\" rel=\"noreferrer noopener\">\u82f1\u8a9e<\/a><\/strong><br\/>2) \u30d5\u30a1\u30f3\u30a2\u30fc\u30c8\u30ac\u30a4\u30c9 <strong><a href=\"https:\/\/www.aninite.at\/wp-content\/uploads\/FanArt_GuideDE.pdf\" target=\"_blank\" rel=\"noreferrer noopener\">\u30c9\u30a4\u30c4\u8a9e<\/a> <a href=\"https:\/\/www.aninite.at\/wp-content\/uploads\/FanArt_GuideENG.pdf\" target=\"_blank\" rel=\"noreferrer noopener\">ENGLISH<\/a><\/strong><\/p>\n\n<p>\u30ec\u30ae\u30e5\u30e9\u30fc\u30c6\u30fc\u30d6\u30eb\uff1a\u5bf8\u6cd5HxWxD\uff1a70 x 120 x 80 cm<br\/>\u30d7\u30ed\u30d5\u30a7\u30c3\u30b7\u30e7\u30ca\u30eb\u30c6\u30fc\u30d6\u30eb\uff1a\u5bf8\u6cd5HxWxD\uff1a74 x 160 x 80 cm<\/p>\n\n<p><br\/>- \u5404\u30c6\u30fc\u30d6\u30eb\u306b\u306f\u30a2\u30fc\u30c6\u30a3\u30b9\u30c8\u7528\u30c1\u30b1\u30c3\u30c81\u679a\u3068\u6905\u5b501\u811a\uff08<br\/> \uff09 - \u30d5\u30a1\u30f3\u30a2\u30fc\u30c8\u30fb\u30c6\u30fc\u30d6\u30eb\u306f\u6700\u592750\uff05\u307e\u3067\u30d5\u30a1\u30f3\u30a2\u30fc\u30c8\u3092\u63d0\u4f9b\u3067\u304d\u308b\u3002\u6b8b\u308a\u306e50\uff05\u306f\u30aa\u30ea\u30b8\u30ca\u30eb\u30a2\u30fc\u30c8\u3067\u306a\u3051\u308c\u3070\u306a\u3089\u306a\u3044\u3002  <br\/>- \u30aa\u30ea\u30b8\u30ca\u30eb\u30fb\u30a2\u30fc\u30c8\u306e &#8220;\u30ec\u30ae\u30e5\u30e9\u30fc &#8220;\u304a\u3088\u3073 &#8220;\u30d7\u30ed\u30d5\u30a7\u30c3\u30b7\u30e7\u30ca\u30eb &#8220;\u30c6\u30fc\u30d6\u30eb\u306f\u3001\u30aa\u30ea\u30b8\u30ca\u30eb\u30fb\u30a2\u30fc\u30c8\u306e\u307f\u3092\u63d0\u4f9b\u3059\u308b\u3053\u3068\u304c\u3067\u304d\u308b\u3002<\/p>\n\n<p class=\"has-text-align-left\">\u3055\u3089\u306b\u3054\u8cea\u554f\u304c\u3042\u308b\u5834\u5408\u306f\u3001<a href=\"https:\/\/www.aninite.at\/ja\/kontakt\/\">\u304a\u554f\u3044\u5408\u308f\u305b\u30d5\u30a9\u30fc\u30e0\u304b\u3089 <\/a>\u3054\u9023\u7d61\u3044\u305f\u3060\u304d\u305f\u3044\u3002<\/p>\n\n<hr class=\"wp-block-separator has-alpha-channel-opacity\"\/>\n\n<p class=\"has-text-align-center\"><strong><strong>AniNite2025\u306e<\/strong>18\u6b73\u4ee5\u4e0a<strong>\u30a8\u30ea\u30a2\u306b\u306f\u4ee5\u4e0b\u306e\u30a2\u30fc\u30c6\u30a3\u30b9\u30c8*\u304c<\/strong>\u51fa\u6f14\u3057\u3066\u3044\u305f\uff1a<\/strong><\/p>\n\n<p class=\"has-text-align-center\">\u30a2\u30d7\u30ea\u30b1\u30fc\u30b7\u30e7\u30f3\u30fb\u30bf\u30a4\u30d7<\/p>\n\n<p class=\"has-text-align-center\">\u30a2\u30cb\u30e3\u30ca\u30ea\u30fc<\/p>\n\n<p class=\"has-text-align-center\">\u30a2\u30eb\u30ab\u30a4\u30b5<\/p>\n\n<p class=\"has-text-align-center\">\u30a2\u30c6\u30a3\u30c3\u30c8\u4f5c\u54c1<\/p>\n\n<p class=\"has-text-align-center\">\u30d9\u30eb\u30f3\u30cf\u30eb\u30c8\u30fb\u30d3\u30f3\u30c0\u30fc<\/p>\n\n<p class=\"has-text-align-center\">\u30ab\u30fc\u30dc\u30f3\u30ad\u30e3\u30c3\u30c4<\/p>\n\n<p class=\"has-text-align-center\">\u30c1\u30d3\u30af\u30e9\u30a4<\/p>\n\n<p class=\"has-text-align-center\">DLK - \u30d0\u30e9\u30a8\u30c6\u30a3\u30fb\u30a2\u30fc\u30c6\u30a3\u30b9\u30c8<\/p>\n\n<p class=\"has-text-align-center\">\u30a8\u30ea\u30c7\u30a3\u30a2<\/p>\n\n<p class=\"has-text-align-center\">\u5fd8\u308c\u3089\u308c\u305f\u8b1b\u7fa9<\/p>\n\n<p class=\"has-text-align-center\">\u30d5\u30a1\u30b8\u30fc\u30fb\u30d4\u30fc\u30c1<\/p>\n\n<p class=\"has-text-align-center\">\u30d5\u30a1\u30a4\u30ea\u30fc\u4f5c\u54c1\uff06\u30b3\u30b9\u30d7\u30ec<\/p>\n\n<p class=\"has-text-align-center\">\u30e4\u30f3\u30cb\u30e3\u30fc<\/p>\n\n<p class=\"has-text-align-center\">\u30ab\u30e9\u30b7<\/p>\n\n<p class=\"has-text-align-center\">\u30ab\u30ea\u30a8\u30b9\u30b9\u30d1\u30a4\u30b9<\/p>\n\n<p class=\"has-text-align-center\">\u30eb\u30b7\u30b3\u30a2\uff08\u30ac\u30ec\u30ea\u30a2\u30fb\u30dc\u30c7\u30a3\u30a2\u30fc\u30c8\uff09<\/p>\n\n<p class=\"has-text-align-center\">\u30cb\u30ea\u30c3\u30af\u30b9\u30fb\u30a2\u30fc\u30c8<\/p>\n\n<p class=\"has-text-align-center\">\u30d7\u30ec\u30a4\u30b2\u30a4<\/p>\n\n<p class=\"has-text-align-center\">\u7121\u610f\u5473\u306a\u30e0\u30fc<\/p>\n\n<p class=\"has-text-align-center\">PPlicious\u30b9\u30bf\u30b8\u30aa<\/p>\n\n<p class=\"has-text-align-center\">\u30e9\u30f3\u30d6\u30fc\u30bf\u30f3\u306e\u30a4\u30e9\u30b9\u30c8<\/p>\n\n<p class=\"has-text-align-center\">\u30ec\u30c8\u30ed\u30d5\u30a7\u30ec\u30c3\u30c8<\/p>\n\n<p class=\"has-text-align-center\">\u30ed\u30ad\u30b7\u30ce\u30a2\u30fc\u30c8<\/p>\n\n<p class=\"has-text-align-center\">\u30c8\u30d3\u30aa\u306e\u30a2\u30fc\u30c8<\/p>\n\n<p class=\"has-text-align-center\">\u30f4\u30a9\u30a4\u30c9\u3057\u3093\u3058\u3053<\/p>\n<div class=\"wp-block-image\">\n<figure class=\"aligncenter size-full\"><img loading=\"lazy\" decoding=\"async\" width=\"728\" height=\"162\" src=\"https:\/\/www.aninite.at\/wp-content\/uploads\/Footer_2026_FL.png\" alt=\"\" class=\"wp-image-34746\" srcset=\"https:\/\/www.aninite.at\/wp-content\/uploads\/Footer_2026_FL.png 728w, https:\/\/www.aninite.at\/wp-content\/uploads\/Footer_2026_FL-300x67.png 300w\" sizes=\"auto, (max-width: 728px) 100vw, 728px\" \/><\/figure>\n<\/div>","protected":false},"excerpt":{"rendered":"<p>18\u6b73\u4ee5\u4e0a\u30a8\u30ea\u30a2\u306e\u767b\u9332\u306f\u307e\u3082\u306a\u304f\u958b\u59cb\u3055\u308c\u308b\u300218\u6b73\u4ee5\u4e0a\u30a8\u30ea\u30a2\u306e\u767b\u9332\u306f17.05.2026 23:15\u307e\u3067\u53d7\u3051\u4ed8\u3051\u3066\u3044\u308b\u3002 \u3054\u767b\u9332\u3044\u305f\u3060\u3044\u305f\u7686\u69d8\u3078\uff1a \u30b9\u30b1\u30b8\u30e5\u30fc\u30eb\u3001\u8a2d\u55b6\u30fb\u64a4\u53ce\u6642\u9593\u306a\u3069\u3092\u304a\u77e5\u3089\u305b\u3057\u307e\u3059\u3002\u8ff7\u60d1\u30e1\u30fc\u30eb\u30d5\u30a9\u30eb\u30c0\u3082\u3054\u78ba\u8a8d\u304f\u3060\u3055\u3044\uff01 1.) \u60c5\u5831\u3068\u898f\u5247 \u30c9\u30a4\u30c4\u8a9e\u82f1\u8a9e2) \u30d5\u30a1\u30f3\u30a2\u30fc\u30c8\u30ac\u30a4\u30c9 \u30c9\u30a4\u30c4\u8a9e ENGLISH \u30ec\u30ae\u30e5\u30e9\u30fc\u30c6\u30fc\u30d6\u30eb\uff1a\u5bf8\u6cd5HxWxD\uff1a70 x 120 x 80 cm\u30d7\u30ed\u30d5\u30a7\u30c3\u30b7\u30e7\u30ca\u30eb\u30c6\u30fc\u30d6\u30eb\uff1a\u5bf8\u6cd5HxWxD\uff1a74 x 160 x 80 cm - \u5404\u30c6\u30fc\u30d6\u30eb\u306b\u306f\u30a2\u30fc\u30c6\u30a3\u30b9\u30c8\u7528\u30c1\u30b1\u30c3\u30c81\u679a\u3068\u6905\u5b501\u811a\uff08 \uff09 - \u30d5\u30a1\u30f3\u30a2\u30fc\u30c8\u30fb\u30c6\u30fc\u30d6\u30eb\u306f\u6700\u592750\uff05\u307e\u3067\u30d5\u30a1\u30f3\u30a2\u30fc\u30c8\u3092\u63d0\u4f9b\u3067\u304d\u308b\u3002\u6b8b\u308a\u306e50\uff05\u306f\u30aa\u30ea\u30b8\u30ca\u30eb\u30a2\u30fc\u30c8\u3067\u306a\u3051\u308c\u3070\u306a\u3089\u306a\u3044\u3002 - \u30aa\u30ea\u30b8\u30ca\u30eb\u30fb\u30a2\u30fc\u30c8\u306e &#8220;\u30ec\u30ae\u30e5\u30e9\u30fc &#8220;\u304a\u3088\u3073 &#8220;\u30d7\u30ed\u30d5\u30a7\u30c3\u30b7\u30e7\u30ca\u30eb &#8220;\u30c6\u30fc\u30d6\u30eb\u306f\u3001\u30aa\u30ea\u30b8\u30ca\u30eb\u30fb\u30a2\u30fc\u30c8\u306e\u307f\u3092\u63d0\u4f9b\u3059\u308b\u3053\u3068\u304c\u3067\u304d\u308b\u3002 \u3055\u3089\u306b\u3054\u8cea\u554f\u304c\u3042\u308b\u5834\u5408\u306f\u3001\u304a\u554f\u3044\u5408\u308f\u305b\u30d5\u30a9\u30fc\u30e0\u304b\u3089 \u3054\u9023\u7d61\u3044\u305f\u3060\u304d\u305f\u3044\u3002 AniNite2025\u306e18\u6b73\u4ee5\u4e0a\u30a8\u30ea\u30a2\u306b\u306f\u4ee5\u4e0b\u306e\u30a2\u30fc\u30c6\u30a3\u30b9\u30c8*\u304c\u51fa\u6f14\u3057\u3066\u3044\u305f\uff1a \u30a2\u30d7\u30ea\u30b1\u30fc\u30b7\u30e7\u30f3\u30fb\u30bf\u30a4\u30d7 \u30a2\u30cb\u30e3\u30ca\u30ea\u30fc \u30a2\u30eb\u30ab\u30a4\u30b5 \u30a2\u30c6\u30a3\u30c3\u30c8\u4f5c\u54c1 \u30d9\u30eb\u30f3\u30cf\u30eb\u30c8\u30fb\u30d3\u30f3\u30c0\u30fc \u30ab\u30fc\u30dc\u30f3\u30ad\u30e3\u30c3\u30c4 \u30c1\u30d3\u30af\u30e9\u30a4 DLK - \u30d0\u30e9\u30a8\u30c6\u30a3\u30fb\u30a2\u30fc\u30c6\u30a3\u30b9\u30c8 \u30a8\u30ea\u30c7\u30a3\u30a2 \u5fd8\u308c\u3089\u308c\u305f\u8b1b\u7fa9 \u30d5\u30a1\u30b8\u30fc\u30fb\u30d4\u30fc\u30c1 \u30d5\u30a1\u30a4\u30ea\u30fc\u4f5c\u54c1\uff06\u30b3\u30b9\u30d7\u30ec \u30e4\u30f3\u30cb\u30e3\u30fc \u30ab\u30e9\u30b7 \u30ab\u30ea\u30a8\u30b9\u30b9\u30d1\u30a4\u30b9 \u30eb\u30b7\u30b3\u30a2\uff08\u30ac\u30ec\u30ea\u30a2\u30fb\u30dc\u30c7\u30a3\u30a2\u30fc\u30c8\uff09 \u30cb\u30ea\u30c3\u30af\u30b9\u30fb\u30a2\u30fc\u30c8 \u30d7\u30ec\u30a4\u30b2\u30a4 \u7121\u610f\u5473\u306a\u30e0\u30fc PPlicious\u30b9\u30bf\u30b8\u30aa \u30e9\u30f3\u30d6\u30fc\u30bf\u30f3\u306e\u30a4\u30e9\u30b9\u30c8 \u30ec\u30c8\u30ed\u30d5\u30a7\u30ec\u30c3\u30c8 \u30ed\u30ad\u30b7\u30ce\u30a2\u30fc\u30c8 \u30c8\u30d3\u30aa\u306e\u30a2\u30fc\u30c8 \u30f4\u30a9\u30a4\u30c9\u3057\u3093\u3058\u3053<\/p>\n","protected":false},"author":10,"featured_media":0,"parent":32633,"menu_order":0,"comment_status":"closed","ping_status":"closed","template":"","meta":{"inline_featured_image":false,"footnotes":""},"class_list":["post-32754","page","type-page","status-publish","hentry"],"yoast_head":"<!-- This site is optimized with the Yoast SEO plugin v27.4 - https:\/\/yoast.com\/product\/yoast-seo-wordpress\/ -->\n<title>18\u6b73\u4ee5\u4e0a\u306e\u7bc4\u56f2 - AniNite<\/title>\n<meta name=\"robots\" content=\"index, follow, max-snippet:-1, max-image-preview:large, max-video-preview:-1\" \/>\n<link rel=\"canonical\" href=\"https:\/\/www.aninite.at\/ja\/aussteller\/18-bereich\/\" \/>\n<meta property=\"og:locale\" content=\"ja_JP\" \/>\n<meta property=\"og:type\" content=\"article\" \/>\n<meta property=\"og:title\" content=\"18\u6b73\u4ee5\u4e0a\u306e\u7bc4\u56f2 - AniNite\" \/>\n<meta property=\"og:description\" content=\"18\u6b73\u4ee5\u4e0a\u30a8\u30ea\u30a2\u306e\u767b\u9332\u306f\u307e\u3082\u306a\u304f\u958b\u59cb\u3055\u308c\u308b\u300218\u6b73\u4ee5\u4e0a\u30a8\u30ea\u30a2\u306e\u767b\u9332\u306f17.05.2026 23:15\u307e\u3067\u53d7\u3051\u4ed8\u3051\u3066\u3044\u308b\u3002 \u3054\u767b\u9332\u3044\u305f\u3060\u3044\u305f\u7686\u69d8\u3078\uff1a \u30b9\u30b1\u30b8\u30e5\u30fc\u30eb\u3001\u8a2d\u55b6\u30fb\u64a4\u53ce\u6642\u9593\u306a\u3069\u3092\u304a\u77e5\u3089\u305b\u3057\u307e\u3059\u3002\u8ff7\u60d1\u30e1\u30fc\u30eb\u30d5\u30a9\u30eb\u30c0\u3082\u3054\u78ba\u8a8d\u304f\u3060\u3055\u3044\uff01 1.) \u60c5\u5831\u3068\u898f\u5247 \u30c9\u30a4\u30c4\u8a9e\u82f1\u8a9e2) \u30d5\u30a1\u30f3\u30a2\u30fc\u30c8\u30ac\u30a4\u30c9 \u30c9\u30a4\u30c4\u8a9e ENGLISH \u30ec\u30ae\u30e5\u30e9\u30fc\u30c6\u30fc\u30d6\u30eb\uff1a\u5bf8\u6cd5HxWxD\uff1a70 x 120 x 80 cm\u30d7\u30ed\u30d5\u30a7\u30c3\u30b7\u30e7\u30ca\u30eb\u30c6\u30fc\u30d6\u30eb\uff1a\u5bf8\u6cd5HxWxD\uff1a74 x 160 x 80 cm - \u5404\u30c6\u30fc\u30d6\u30eb\u306b\u306f\u30a2\u30fc\u30c6\u30a3\u30b9\u30c8\u7528\u30c1\u30b1\u30c3\u30c81\u679a\u3068\u6905\u5b501\u811a\uff08 \uff09 - \u30d5\u30a1\u30f3\u30a2\u30fc\u30c8\u30fb\u30c6\u30fc\u30d6\u30eb\u306f\u6700\u592750\uff05\u307e\u3067\u30d5\u30a1\u30f3\u30a2\u30fc\u30c8\u3092\u63d0\u4f9b\u3067\u304d\u308b\u3002\u6b8b\u308a\u306e50\uff05\u306f\u30aa\u30ea\u30b8\u30ca\u30eb\u30a2\u30fc\u30c8\u3067\u306a\u3051\u308c\u3070\u306a\u3089\u306a\u3044\u3002 - \u30aa\u30ea\u30b8\u30ca\u30eb\u30fb\u30a2\u30fc\u30c8\u306e &#8220;\u30ec\u30ae\u30e5\u30e9\u30fc &#8220;\u304a\u3088\u3073 &#8220;\u30d7\u30ed\u30d5\u30a7\u30c3\u30b7\u30e7\u30ca\u30eb &#8220;\u30c6\u30fc\u30d6\u30eb\u306f\u3001\u30aa\u30ea\u30b8\u30ca\u30eb\u30fb\u30a2\u30fc\u30c8\u306e\u307f\u3092\u63d0\u4f9b\u3059\u308b\u3053\u3068\u304c\u3067\u304d\u308b\u3002 \u3055\u3089\u306b\u3054\u8cea\u554f\u304c\u3042\u308b\u5834\u5408\u306f\u3001\u304a\u554f\u3044\u5408\u308f\u305b\u30d5\u30a9\u30fc\u30e0\u304b\u3089 \u3054\u9023\u7d61\u3044\u305f\u3060\u304d\u305f\u3044\u3002 AniNite2025\u306e18\u6b73\u4ee5\u4e0a\u30a8\u30ea\u30a2\u306b\u306f\u4ee5\u4e0b\u306e\u30a2\u30fc\u30c6\u30a3\u30b9\u30c8*\u304c\u51fa\u6f14\u3057\u3066\u3044\u305f\uff1a \u30a2\u30d7\u30ea\u30b1\u30fc\u30b7\u30e7\u30f3\u30fb\u30bf\u30a4\u30d7 \u30a2\u30cb\u30e3\u30ca\u30ea\u30fc \u30a2\u30eb\u30ab\u30a4\u30b5 \u30a2\u30c6\u30a3\u30c3\u30c8\u4f5c\u54c1 \u30d9\u30eb\u30f3\u30cf\u30eb\u30c8\u30fb\u30d3\u30f3\u30c0\u30fc \u30ab\u30fc\u30dc\u30f3\u30ad\u30e3\u30c3\u30c4 \u30c1\u30d3\u30af\u30e9\u30a4 DLK - \u30d0\u30e9\u30a8\u30c6\u30a3\u30fb\u30a2\u30fc\u30c6\u30a3\u30b9\u30c8 \u30a8\u30ea\u30c7\u30a3\u30a2 \u5fd8\u308c\u3089\u308c\u305f\u8b1b\u7fa9 \u30d5\u30a1\u30b8\u30fc\u30fb\u30d4\u30fc\u30c1 \u30d5\u30a1\u30a4\u30ea\u30fc\u4f5c\u54c1\uff06\u30b3\u30b9\u30d7\u30ec \u30e4\u30f3\u30cb\u30e3\u30fc \u30ab\u30e9\u30b7 \u30ab\u30ea\u30a8\u30b9\u30b9\u30d1\u30a4\u30b9 \u30eb\u30b7\u30b3\u30a2\uff08\u30ac\u30ec\u30ea\u30a2\u30fb\u30dc\u30c7\u30a3\u30a2\u30fc\u30c8\uff09 \u30cb\u30ea\u30c3\u30af\u30b9\u30fb\u30a2\u30fc\u30c8 \u30d7\u30ec\u30a4\u30b2\u30a4 \u7121\u610f\u5473\u306a\u30e0\u30fc PPlicious\u30b9\u30bf\u30b8\u30aa \u30e9\u30f3\u30d6\u30fc\u30bf\u30f3\u306e\u30a4\u30e9\u30b9\u30c8 \u30ec\u30c8\u30ed\u30d5\u30a7\u30ec\u30c3\u30c8 \u30ed\u30ad\u30b7\u30ce\u30a2\u30fc\u30c8 \u30c8\u30d3\u30aa\u306e\u30a2\u30fc\u30c8 \u30f4\u30a9\u30a4\u30c9\u3057\u3093\u3058\u3053\" \/>\n<meta property=\"og:url\" content=\"https:\/\/www.aninite.at\/ja\/aussteller\/18-bereich\/\" \/>\n<meta property=\"og:site_name\" content=\"AniNite\" \/>\n<meta property=\"article:publisher\" content=\"https:\/\/www.facebook.com\/AniMangaAustria\" \/>\n<meta property=\"article:modified_time\" content=\"2026-04-27T19:46:47+00:00\" \/>\n<meta property=\"og:image\" content=\"https:\/\/www.aninite.at\/wp-content\/uploads\/cropped-Icon_2025.jpg\" \/>\n\t<meta property=\"og:image:width\" content=\"512\" \/>\n\t<meta property=\"og:image:height\" content=\"512\" \/>\n\t<meta property=\"og:image:type\" content=\"image\/jpeg\" \/>\n<meta name=\"twitter:card\" content=\"summary_large_image\" \/>\n<script type=\"application\/ld+json\" class=\"yoast-schema-graph\">{\"@context\":\"https:\\\/\\\/schema.org\",\"@graph\":[{\"@type\":\"WebPage\",\"@id\":\"https:\\\/\\\/www.aninite.at\\\/ja\\\/aussteller\\\/18-bereich\\\/\",\"url\":\"https:\\\/\\\/www.aninite.at\\\/ja\\\/aussteller\\\/18-bereich\\\/\",\"name\":\"18\u6b73\u4ee5\u4e0a\u306e\u7bc4\u56f2 - AniNite\",\"isPartOf\":{\"@id\":\"https:\\\/\\\/www.aninite.at\\\/ja\\\/#website\"},\"primaryImageOfPage\":{\"@id\":\"https:\\\/\\\/www.aninite.at\\\/ja\\\/aussteller\\\/18-bereich\\\/#primaryimage\"},\"image\":{\"@id\":\"https:\\\/\\\/www.aninite.at\\\/ja\\\/aussteller\\\/18-bereich\\\/#primaryimage\"},\"thumbnailUrl\":\"https:\\\/\\\/www.aninite.at\\\/wp-content\\\/uploads\\\/\\\/PageTitelBanner.svg\",\"datePublished\":\"2025-04-15T04:00:00+00:00\",\"dateModified\":\"2026-04-27T19:46:47+00:00\",\"breadcrumb\":{\"@id\":\"https:\\\/\\\/www.aninite.at\\\/ja\\\/aussteller\\\/18-bereich\\\/#breadcrumb\"},\"inLanguage\":\"ja\",\"potentialAction\":[{\"@type\":\"ReadAction\",\"target\":[\"https:\\\/\\\/www.aninite.at\\\/ja\\\/aussteller\\\/18-bereich\\\/\"]}]},{\"@type\":\"ImageObject\",\"inLanguage\":\"ja\",\"@id\":\"https:\\\/\\\/www.aninite.at\\\/ja\\\/aussteller\\\/18-bereich\\\/#primaryimage\",\"url\":\"https:\\\/\\\/www.aninite.at\\\/wp-content\\\/uploads\\\/\\\/PageTitelBanner.svg\",\"contentUrl\":\"https:\\\/\\\/www.aninite.at\\\/wp-content\\\/uploads\\\/\\\/PageTitelBanner.svg\"},{\"@type\":\"BreadcrumbList\",\"@id\":\"https:\\\/\\\/www.aninite.at\\\/ja\\\/aussteller\\\/18-bereich\\\/#breadcrumb\",\"itemListElement\":[{\"@type\":\"ListItem\",\"position\":1,\"name\":\"Startseite\",\"item\":\"https:\\\/\\\/www.aninite.at\\\/ja\\\/willkommen\\\/\"},{\"@type\":\"ListItem\",\"position\":2,\"name\":\"\u51fa\u5c55\u8005\",\"item\":\"https:\\\/\\\/www.aninite.at\\\/ja\\\/aussteller\\\/\"},{\"@type\":\"ListItem\",\"position\":3,\"name\":\"18\u6b73\u4ee5\u4e0a\u306e\u7bc4\u56f2\"}]},{\"@type\":\"WebSite\",\"@id\":\"https:\\\/\\\/www.aninite.at\\\/ja\\\/#website\",\"url\":\"https:\\\/\\\/www.aninite.at\\\/ja\\\/\",\"name\":\"AniNite\",\"description\":\"\u00d6sterreichs gr\u00f6\u00dfte Anime-, Manga- und Comic-Convention\",\"potentialAction\":[{\"@type\":\"SearchAction\",\"target\":{\"@type\":\"EntryPoint\",\"urlTemplate\":\"https:\\\/\\\/www.aninite.at\\\/ja\\\/?s={search_term_string}\"},\"query-input\":{\"@type\":\"PropertyValueSpecification\",\"valueRequired\":true,\"valueName\":\"search_term_string\"}}],\"inLanguage\":\"ja\"}]}<\/script>\n<!-- \/ Yoast SEO plugin. -->","yoast_head_json":{"title":"18\u6b73\u4ee5\u4e0a\u306e\u7bc4\u56f2 - AniNite","robots":{"index":"index","follow":"follow","max-snippet":"max-snippet:-1","max-image-preview":"max-image-preview:large","max-video-preview":"max-video-preview:-1"},"canonical":"https:\/\/www.aninite.at\/ja\/aussteller\/18-bereich\/","og_locale":"ja_JP","og_type":"article","og_title":"18\u6b73\u4ee5\u4e0a\u306e\u7bc4\u56f2 - AniNite","og_description":"18\u6b73\u4ee5\u4e0a\u30a8\u30ea\u30a2\u306e\u767b\u9332\u306f\u307e\u3082\u306a\u304f\u958b\u59cb\u3055\u308c\u308b\u300218\u6b73\u4ee5\u4e0a\u30a8\u30ea\u30a2\u306e\u767b\u9332\u306f17.05.2026 23:15\u307e\u3067\u53d7\u3051\u4ed8\u3051\u3066\u3044\u308b\u3002 \u3054\u767b\u9332\u3044\u305f\u3060\u3044\u305f\u7686\u69d8\u3078\uff1a \u30b9\u30b1\u30b8\u30e5\u30fc\u30eb\u3001\u8a2d\u55b6\u30fb\u64a4\u53ce\u6642\u9593\u306a\u3069\u3092\u304a\u77e5\u3089\u305b\u3057\u307e\u3059\u3002\u8ff7\u60d1\u30e1\u30fc\u30eb\u30d5\u30a9\u30eb\u30c0\u3082\u3054\u78ba\u8a8d\u304f\u3060\u3055\u3044\uff01 1.) \u60c5\u5831\u3068\u898f\u5247 \u30c9\u30a4\u30c4\u8a9e\u82f1\u8a9e2) \u30d5\u30a1\u30f3\u30a2\u30fc\u30c8\u30ac\u30a4\u30c9 \u30c9\u30a4\u30c4\u8a9e ENGLISH \u30ec\u30ae\u30e5\u30e9\u30fc\u30c6\u30fc\u30d6\u30eb\uff1a\u5bf8\u6cd5HxWxD\uff1a70 x 120 x 80 cm\u30d7\u30ed\u30d5\u30a7\u30c3\u30b7\u30e7\u30ca\u30eb\u30c6\u30fc\u30d6\u30eb\uff1a\u5bf8\u6cd5HxWxD\uff1a74 x 160 x 80 cm - \u5404\u30c6\u30fc\u30d6\u30eb\u306b\u306f\u30a2\u30fc\u30c6\u30a3\u30b9\u30c8\u7528\u30c1\u30b1\u30c3\u30c81\u679a\u3068\u6905\u5b501\u811a\uff08 \uff09 - \u30d5\u30a1\u30f3\u30a2\u30fc\u30c8\u30fb\u30c6\u30fc\u30d6\u30eb\u306f\u6700\u592750\uff05\u307e\u3067\u30d5\u30a1\u30f3\u30a2\u30fc\u30c8\u3092\u63d0\u4f9b\u3067\u304d\u308b\u3002\u6b8b\u308a\u306e50\uff05\u306f\u30aa\u30ea\u30b8\u30ca\u30eb\u30a2\u30fc\u30c8\u3067\u306a\u3051\u308c\u3070\u306a\u3089\u306a\u3044\u3002 - \u30aa\u30ea\u30b8\u30ca\u30eb\u30fb\u30a2\u30fc\u30c8\u306e &#8220;\u30ec\u30ae\u30e5\u30e9\u30fc &#8220;\u304a\u3088\u3073 &#8220;\u30d7\u30ed\u30d5\u30a7\u30c3\u30b7\u30e7\u30ca\u30eb &#8220;\u30c6\u30fc\u30d6\u30eb\u306f\u3001\u30aa\u30ea\u30b8\u30ca\u30eb\u30fb\u30a2\u30fc\u30c8\u306e\u307f\u3092\u63d0\u4f9b\u3059\u308b\u3053\u3068\u304c\u3067\u304d\u308b\u3002 \u3055\u3089\u306b\u3054\u8cea\u554f\u304c\u3042\u308b\u5834\u5408\u306f\u3001\u304a\u554f\u3044\u5408\u308f\u305b\u30d5\u30a9\u30fc\u30e0\u304b\u3089 \u3054\u9023\u7d61\u3044\u305f\u3060\u304d\u305f\u3044\u3002 AniNite2025\u306e18\u6b73\u4ee5\u4e0a\u30a8\u30ea\u30a2\u306b\u306f\u4ee5\u4e0b\u306e\u30a2\u30fc\u30c6\u30a3\u30b9\u30c8*\u304c\u51fa\u6f14\u3057\u3066\u3044\u305f\uff1a \u30a2\u30d7\u30ea\u30b1\u30fc\u30b7\u30e7\u30f3\u30fb\u30bf\u30a4\u30d7 \u30a2\u30cb\u30e3\u30ca\u30ea\u30fc \u30a2\u30eb\u30ab\u30a4\u30b5 \u30a2\u30c6\u30a3\u30c3\u30c8\u4f5c\u54c1 \u30d9\u30eb\u30f3\u30cf\u30eb\u30c8\u30fb\u30d3\u30f3\u30c0\u30fc \u30ab\u30fc\u30dc\u30f3\u30ad\u30e3\u30c3\u30c4 \u30c1\u30d3\u30af\u30e9\u30a4 DLK - \u30d0\u30e9\u30a8\u30c6\u30a3\u30fb\u30a2\u30fc\u30c6\u30a3\u30b9\u30c8 \u30a8\u30ea\u30c7\u30a3\u30a2 \u5fd8\u308c\u3089\u308c\u305f\u8b1b\u7fa9 \u30d5\u30a1\u30b8\u30fc\u30fb\u30d4\u30fc\u30c1 \u30d5\u30a1\u30a4\u30ea\u30fc\u4f5c\u54c1\uff06\u30b3\u30b9\u30d7\u30ec \u30e4\u30f3\u30cb\u30e3\u30fc \u30ab\u30e9\u30b7 \u30ab\u30ea\u30a8\u30b9\u30b9\u30d1\u30a4\u30b9 \u30eb\u30b7\u30b3\u30a2\uff08\u30ac\u30ec\u30ea\u30a2\u30fb\u30dc\u30c7\u30a3\u30a2\u30fc\u30c8\uff09 \u30cb\u30ea\u30c3\u30af\u30b9\u30fb\u30a2\u30fc\u30c8 \u30d7\u30ec\u30a4\u30b2\u30a4 \u7121\u610f\u5473\u306a\u30e0\u30fc PPlicious\u30b9\u30bf\u30b8\u30aa \u30e9\u30f3\u30d6\u30fc\u30bf\u30f3\u306e\u30a4\u30e9\u30b9\u30c8 \u30ec\u30c8\u30ed\u30d5\u30a7\u30ec\u30c3\u30c8 \u30ed\u30ad\u30b7\u30ce\u30a2\u30fc\u30c8 \u30c8\u30d3\u30aa\u306e\u30a2\u30fc\u30c8 \u30f4\u30a9\u30a4\u30c9\u3057\u3093\u3058\u3053","og_url":"https:\/\/www.aninite.at\/ja\/aussteller\/18-bereich\/","og_site_name":"AniNite","article_publisher":"https:\/\/www.facebook.com\/AniMangaAustria","article_modified_time":"2026-04-27T19:46:47+00:00","og_image":[{"width":512,"height":512,"url":"https:\/\/www.aninite.at\/wp-content\/uploads\/cropped-Icon_2025.jpg","type":"image\/jpeg"}],"twitter_card":"summary_large_image","schema":{"@context":"https:\/\/schema.org","@graph":[{"@type":"WebPage","@id":"https:\/\/www.aninite.at\/ja\/aussteller\/18-bereich\/","url":"https:\/\/www.aninite.at\/ja\/aussteller\/18-bereich\/","name":"18\u6b73\u4ee5\u4e0a\u306e\u7bc4\u56f2 - AniNite","isPartOf":{"@id":"https:\/\/www.aninite.at\/ja\/#website"},"primaryImageOfPage":{"@id":"https:\/\/www.aninite.at\/ja\/aussteller\/18-bereich\/#primaryimage"},"image":{"@id":"https:\/\/www.aninite.at\/ja\/aussteller\/18-bereich\/#primaryimage"},"thumbnailUrl":"https:\/\/www.aninite.at\/wp-content\/uploads\/\/PageTitelBanner.svg","datePublished":"2025-04-15T04:00:00+00:00","dateModified":"2026-04-27T19:46:47+00:00","breadcrumb":{"@id":"https:\/\/www.aninite.at\/ja\/aussteller\/18-bereich\/#breadcrumb"},"inLanguage":"ja","potentialAction":[{"@type":"ReadAction","target":["https:\/\/www.aninite.at\/ja\/aussteller\/18-bereich\/"]}]},{"@type":"ImageObject","inLanguage":"ja","@id":"https:\/\/www.aninite.at\/ja\/aussteller\/18-bereich\/#primaryimage","url":"https:\/\/www.aninite.at\/wp-content\/uploads\/\/PageTitelBanner.svg","contentUrl":"https:\/\/www.aninite.at\/wp-content\/uploads\/\/PageTitelBanner.svg"},{"@type":"BreadcrumbList","@id":"https:\/\/www.aninite.at\/ja\/aussteller\/18-bereich\/#breadcrumb","itemListElement":[{"@type":"ListItem","position":1,"name":"Startseite","item":"https:\/\/www.aninite.at\/ja\/willkommen\/"},{"@type":"ListItem","position":2,"name":"\u51fa\u5c55\u8005","item":"https:\/\/www.aninite.at\/ja\/aussteller\/"},{"@type":"ListItem","position":3,"name":"18\u6b73\u4ee5\u4e0a\u306e\u7bc4\u56f2"}]},{"@type":"WebSite","@id":"https:\/\/www.aninite.at\/ja\/#website","url":"https:\/\/www.aninite.at\/ja\/","name":"AniNite","description":"\u00d6sterreichs gr\u00f6\u00dfte Anime-, Manga- und Comic-Convention","potentialAction":[{"@type":"SearchAction","target":{"@type":"EntryPoint","urlTemplate":"https:\/\/www.aninite.at\/ja\/?s={search_term_string}"},"query-input":{"@type":"PropertyValueSpecification","valueRequired":true,"valueName":"search_term_string"}}],"inLanguage":"ja"}]}},"acf":[],"_links":{"self":[{"href":"https:\/\/www.aninite.at\/ja\/wp-json\/wp\/v2\/pages\/32754","targetHints":{"allow":["GET"]}}],"collection":[{"href":"https:\/\/www.aninite.at\/ja\/wp-json\/wp\/v2\/pages"}],"about":[{"href":"https:\/\/www.aninite.at\/ja\/wp-json\/wp\/v2\/types\/page"}],"author":[{"embeddable":true,"href":"https:\/\/www.aninite.at\/ja\/wp-json\/wp\/v2\/users\/10"}],"replies":[{"embeddable":true,"href":"https:\/\/www.aninite.at\/ja\/wp-json\/wp\/v2\/comments?post=32754"}],"version-history":[{"count":7,"href":"https:\/\/www.aninite.at\/ja\/wp-json\/wp\/v2\/pages\/32754\/revisions"}],"predecessor-version":[{"id":35095,"href":"https:\/\/www.aninite.at\/ja\/wp-json\/wp\/v2\/pages\/32754\/revisions\/35095"}],"up":[{"embeddable":true,"href":"https:\/\/www.aninite.at\/ja\/wp-json\/wp\/v2\/pages\/32633"}],"wp:attachment":[{"href":"https:\/\/www.aninite.at\/ja\/wp-json\/wp\/v2\/media?parent=32754"}],"curies":[{"name":"wp","href":"https:\/\/api.w.org\/{rel}","templated":true}]}}