{"id":32997,"date":"2021-03-13T20:14:37","date_gmt":"2021-03-13T19:14:37","guid":{"rendered":"https:\/\/www.aninite.at\/tickets\/gold-ticket\/"},"modified":"2026-04-15T20:13:53","modified_gmt":"2026-04-15T18:13:53","slug":"gold-ticket","status":"publish","type":"page","link":"https:\/\/www.aninite.at\/ja\/tickets\/gold-ticket\/","title":{"rendered":"\u30b4\u30fc\u30eb\u30c9\u30c1\u30b1\u30c3\u30c8"},"content":{"rendered":"<div class=\"wp-block-image\">\n<figure class=\"aligncenter size-full\"><img loading=\"lazy\" decoding=\"async\" width=\"700\" height=\"72\" src=\"https:\/\/www.aninite.at\/wp-content\/uploads\/\/PageTitelBanner.svg\" alt=\"\" class=\"wp-image-34807\"\/><\/figure>\n<\/div>\n<div style=\"height:27px\" aria-hidden=\"true\" class=\"wp-block-spacer\"><\/div>\n\n<p class=\"has-text-align-center\"><strong>AniNite\u3092VIP\u3068\u3057\u3066\u697d\u3057\u307f\u305f\u3044\u3068\u601d\u3063\u305f\u3053\u3068\u306f\u306a\u3044\u3060\u308d\u3046\u304b\uff1f  <\/strong><br\/><strong>\u305d\u308c\u306a\u3089\u3001\u30b4\u30fc\u30eb\u30c9\u30fb\u30c1\u30b1\u30c3\u30c8\u306f\u307e\u3055\u306b\u3046\u3063\u3066\u3064\u3051\u3060\uff01<\/strong><\/p>\n\n<p class=\"has-text-align-center\">\u30a2\u30cb\u30ca\u30a4\u30c8\u304c\u59cb\u307e\u308b\u76f4\u524d\u306e\u91d1\u66dc\u65e5\u3001\u30c1\u30b1\u30c3\u30c8\u58f2\u308a\u5834\u306b\u5927\u884c\u5217\u304c\u3067\u304d\u3066\u3044\u305f\u3068\u3057\u3088\u3046\u3002  <br\/>\u30b4\u30fc\u30eb\u30c9\u30c1\u30b1\u30c3\u30c8\u3092\u6301\u3063\u3066\u3044\u308b\u4eba\u306f\u3001\u30d8\u30eb\u30d7\u30c7\u30b9\u30af\u306b\u30c1\u30b1\u30c3\u30c8\u3092\u53d6\u308a\u306b\u884c\u304f\u3060\u3051\u3067\u3044\u3044\u3002\u901a\u5e38\u306e\u30c1\u30b1\u30c3\u30c8\u306e\u4ee3\u308f\u308a\u306b\u3001\u9650\u5b9a\u306e<strong>\u30b4\u30fc\u30eb\u30c9\u30fb\u30c1\u30b1\u30c3\u30c8\u3092<\/strong>\u53d7\u3051\u53d6\u308b\u3053\u3068\u304c\u3067\u304d\u308b\u304b\u3089\u3060\u3002 <\/p>\n\n<p class=\"has-text-align-center\">\u3057\u304b\u3057\u3001\u305d\u308c\u3060\u3051\u3067\u306f\u306a\u3044\uff01\u4ed6\u306e\u6765\u5834\u8005\u304c\u624b\u306b\u3059\u308b\u3053\u3068\u306e\u3067\u304d\u306a\u3044\u30e6\u30cb\u30fc\u30af\u306a\u30b0\u30c3\u30ba\u3082\u30d7\u30ec\u30bc\u30f3\u30c8\u3055\u308c\u308b\uff01 <\/p>\n\n<p class=\"has-text-align-center\">\u30ec\u30af\u30c1\u30e3\u30fc\u3084\u30ef\u30fc\u30af\u30b7\u30e7\u30c3\u30d7\u306e\u53c2\u52a0\u5e0c\u671b\u306b\u304b\u304b\u308f\u3089\u305a\u3001\u5fc5\u305a\u53c2\u52a0\u3067\u304d\u308b\u3002\u53c2\u52a0\u3057\u305f\u3044\u5834\u6240\u3092<strong>VORTAG\u306e <\/strong>E\u30e1\u30fc\u30eb\u3067\u77e5\u3089\u305b\u3066\u307b\u3057\u3044\u3002\u4e8b\u524d\u306b\u5834\u6240\u3092\u78ba\u4fdd\u3059\u308b\u3002<strong>(\u6ce8\u610f<\/strong>\uff1a\u30ef\u30fc\u30af\u30b7\u30e7\u30c3\u30d7\u306e\u5834\u5408\u3001\u53c2\u52a0\u8cbb\u304c\u5fc5\u8981\u306a\u5834\u5408\u306f\u81ea\u5df1\u8ca0\u62c5\u3068\u306a\u308b\u3002\uff09 <\/p>\n\n<p class=\"has-text-align-center\">\u30e1\u30a4\u30c9\u30ab\u30d5\u30a7\u3068\u30c6\u30a3\u30fc\u30cf\u30a6\u30b9\u306f\u524d\u65e5\u304b\u3089\u4e88\u7d04\u3082\u3067\u304d\u308b\uff01<\/p>\n\n<p class=\"has-text-align-center\">\u30b4\u30fc\u30eb\u30c9\u30fb\u30c1\u30b1\u30c3\u30c8\u3092\u304a\u6301\u3061\u306e\u65b9\u306f\u3001\u30d0\u30fc\u30fb\u30d5\u30a1\u30b9\u30c8\u30e9\u30a4\u30f3\u3067\u306e\u30c9\u30ea\u30f3\u30af\u3082\u7121\u6599\u3068\u306a\u308b\u3002<\/p>\n\n<p class=\"has-text-align-center\">\u30e6\u30cb\u30fc\u30af\u306a\u4f53\u9a13\u3060\u3068\u601d\u308f\u306a\u3044\u304b\uff1f<br\/>\u305d\u308c\u306a\u3089\u3001\u4eca\u3059\u3050\u30b4\u30fc\u30eb\u30c9\u30fb\u30c1\u30b1\u30c3\u30c8\u3092\u624b\u306b\u5165\u308c\u3088\u3046\uff01<br\/><\/p>\n\n<h2 class=\"wp-block-heading has-text-align-center has-text-color\" style=\"color:#801fdc\">\u30b4\u30fc\u30eb\u30c9\u30fb\u30c1\u30b1\u30c3\u30c8\u306e\u5165\u624b\u65b9\u6cd5\u306f\uff1f<\/h2>\n\n<p class=\"has-text-align-center\"><strong>2026\u5e74\u30b4\u30fc\u30eb\u30c9\u30c1\u30b1\u30c3\u30c8\u306b\u95a2\u3059\u308b\u8a73\u7d30\u306f\u8fd1\u65e5\u4e2d\u306b\u767a\u8868\u3055\u308c\u308b\u3002<\/strong><\/p>\n\n<p><\/p>\n\n<p class=\"has-text-align-center\">\u822a\u7a7a\u5238\u3092\u6ce8\u6587\u3059\u308b\u3068\u3001\u652f\u6255\u3044\u60c5\u5831\u3092\u53d7\u3051\u53d6\u308b\u3002\u652f\u6255\u3044\u60c5\u5831\u3092\u53d7\u3051\u53d6\u3063\u3066\u304b\u3089<strong>7\u65e5<\/strong>\u4ee5\u5185\u306b\u652f\u6255\u3044\u307e\u305f\u306f\u652f\u6255\u3044\u78ba\u8a8d\u66f8\u3092\u53d7\u3051\u53d6\u3089\u306a\u304b\u3063\u305f\u5834\u5408\u3001\u4e88\u7d04\u306f\u30ad\u30e3\u30f3\u30bb\u30eb\u3055\u308c\u308b\u3002 <\/p>\n\n<p class=\"has-text-align-center\"><strong>\u3059\u3067\u306b\u30b3\u30f3\u30fb\u30c1\u30b1\u30c3\u30c8\u3092\u6301\u3063\u3066\u3044\u308b\u306e\u304b\uff1f<\/strong><br\/>\u3054\u5fc3\u914d\u306a\u304f\u3001\u30c1\u30b1\u30c3\u30c8\u306f\u7c21\u5358\u306b\u30a2\u30c3\u30d7\u30b0\u30ec\u30fc\u30c9\u3067\u304d\u308b\u3002\u91cd\u8981\u306a\u306e\u306f\u3001\u3042\u306a\u305f\u306e\u30b3\u30f3\u30c1\u30b1\u30c3\u30c8\u306e\u652f\u6255\u3044\u30ea\u30d5\u30a1\u30ec\u30f3\u30b9\u3092\u5165\u529b\u3059\u308b\u3053\u3068\u3060\u3051\u3060\u3002 <\/p>\n\n<p class=\"has-text-align-center\"><\/p>\n\n<p class=\"has-text-align-center\"><strong>\u30c1\u30b1\u30c3\u30c8\u306f\u5148\u7740\u9806\u3068\u306a\u308b\u3002<\/strong><\/p>\n\n<div style=\"height:27px\" aria-hidden=\"true\" class=\"wp-block-spacer\"><\/div>\n<div class=\"wp-block-image\">\n<figure class=\"aligncenter size-full\"><img loading=\"lazy\" decoding=\"async\" width=\"728\" height=\"162\" src=\"https:\/\/www.aninite.at\/wp-content\/uploads\/Footer_2026_FL.png\" alt=\"\" class=\"wp-image-34746\" srcset=\"https:\/\/www.aninite.at\/wp-content\/uploads\/Footer_2026_FL.png 728w, https:\/\/www.aninite.at\/wp-content\/uploads\/Footer_2026_FL-300x67.png 300w\" sizes=\"auto, (max-width: 728px) 100vw, 728px\" \/><\/figure>\n<\/div>","protected":false},"excerpt":{"rendered":"<p>AniNite\u3092VIP\u3068\u3057\u3066\u697d\u3057\u307f\u305f\u3044\u3068\u601d\u3063\u305f\u3053\u3068\u306f\u306a\u3044\u3060\u308d\u3046\u304b\uff1f \u305d\u308c\u306a\u3089\u3001\u30b4\u30fc\u30eb\u30c9\u30fb\u30c1\u30b1\u30c3\u30c8\u306f\u307e\u3055\u306b\u3046\u3063\u3066\u3064\u3051\u3060\uff01 \u30a2\u30cb\u30ca\u30a4\u30c8\u304c\u59cb\u307e\u308b\u76f4\u524d\u306e\u91d1\u66dc\u65e5\u3001\u30c1\u30b1\u30c3\u30c8\u58f2\u308a\u5834\u306b\u5927\u884c\u5217\u304c\u3067\u304d\u3066\u3044\u305f\u3068\u3057\u3088\u3046\u3002 \u30b4\u30fc\u30eb\u30c9\u30c1\u30b1\u30c3\u30c8\u3092\u6301\u3063\u3066\u3044\u308b\u4eba\u306f\u3001\u30d8\u30eb\u30d7\u30c7\u30b9\u30af\u306b\u30c1\u30b1\u30c3\u30c8\u3092\u53d6\u308a\u306b\u884c\u304f\u3060\u3051\u3067\u3044\u3044\u3002\u901a\u5e38\u306e\u30c1\u30b1\u30c3\u30c8\u306e\u4ee3\u308f\u308a\u306b\u3001\u9650\u5b9a\u306e\u30b4\u30fc\u30eb\u30c9\u30fb\u30c1\u30b1\u30c3\u30c8\u3092\u53d7\u3051\u53d6\u308b\u3053\u3068\u304c\u3067\u304d\u308b\u304b\u3089\u3060\u3002 \u3057\u304b\u3057\u3001\u305d\u308c\u3060\u3051\u3067\u306f\u306a\u3044\uff01\u4ed6\u306e\u6765\u5834\u8005\u304c\u624b\u306b\u3059\u308b\u3053\u3068\u306e\u3067\u304d\u306a\u3044\u30e6\u30cb\u30fc\u30af\u306a\u30b0\u30c3\u30ba\u3082\u30d7\u30ec\u30bc\u30f3\u30c8\u3055\u308c\u308b\uff01 \u30ec\u30af\u30c1\u30e3\u30fc\u3084\u30ef\u30fc\u30af\u30b7\u30e7\u30c3\u30d7\u306e\u53c2\u52a0\u5e0c\u671b\u306b\u304b\u304b\u308f\u3089\u305a\u3001\u5fc5\u305a\u53c2\u52a0\u3067\u304d\u308b\u3002\u53c2\u52a0\u3057\u305f\u3044\u5834\u6240\u3092VORTAG\u306e E\u30e1\u30fc\u30eb\u3067\u77e5\u3089\u305b\u3066\u307b\u3057\u3044\u3002\u4e8b\u524d\u306b\u5834\u6240\u3092\u78ba\u4fdd\u3059\u308b\u3002(\u6ce8\u610f\uff1a\u30ef\u30fc\u30af\u30b7\u30e7\u30c3\u30d7\u306e\u5834\u5408\u3001\u53c2\u52a0\u8cbb\u304c\u5fc5\u8981\u306a\u5834\u5408\u306f\u81ea\u5df1\u8ca0\u62c5\u3068\u306a\u308b\u3002\uff09 \u30e1\u30a4\u30c9\u30ab\u30d5\u30a7\u3068\u30c6\u30a3\u30fc\u30cf\u30a6\u30b9\u306f\u524d\u65e5\u304b\u3089\u4e88\u7d04\u3082\u3067\u304d\u308b\uff01 \u30b4\u30fc\u30eb\u30c9\u30fb\u30c1\u30b1\u30c3\u30c8\u3092\u304a\u6301\u3061\u306e\u65b9\u306f\u3001\u30d0\u30fc\u30fb\u30d5\u30a1\u30b9\u30c8\u30e9\u30a4\u30f3\u3067\u306e\u30c9\u30ea\u30f3\u30af\u3082\u7121\u6599\u3068\u306a\u308b\u3002 \u30e6\u30cb\u30fc\u30af\u306a\u4f53\u9a13\u3060\u3068\u601d\u308f\u306a\u3044\u304b\uff1f\u305d\u308c\u306a\u3089\u3001\u4eca\u3059\u3050\u30b4\u30fc\u30eb\u30c9\u30fb\u30c1\u30b1\u30c3\u30c8\u3092\u624b\u306b\u5165\u308c\u3088\u3046\uff01 \u30b4\u30fc\u30eb\u30c9\u30fb\u30c1\u30b1\u30c3\u30c8\u306e\u5165\u624b\u65b9\u6cd5\u306f\uff1f 2026\u5e74\u30b4\u30fc\u30eb\u30c9\u30c1\u30b1\u30c3\u30c8\u306b\u95a2\u3059\u308b\u8a73\u7d30\u306f\u8fd1\u65e5\u4e2d\u306b\u767a\u8868\u3055\u308c\u308b\u3002 \u822a\u7a7a\u5238\u3092\u6ce8\u6587\u3059\u308b\u3068\u3001\u652f\u6255\u3044\u60c5\u5831\u3092\u53d7\u3051\u53d6\u308b\u3002\u652f\u6255\u3044\u60c5\u5831\u3092\u53d7\u3051\u53d6\u3063\u3066\u304b\u30897\u65e5\u4ee5\u5185\u306b\u652f\u6255\u3044\u307e\u305f\u306f\u652f\u6255\u3044\u78ba\u8a8d\u66f8\u3092\u53d7\u3051\u53d6\u3089\u306a\u304b\u3063\u305f\u5834\u5408\u3001\u4e88\u7d04\u306f\u30ad\u30e3\u30f3\u30bb\u30eb\u3055\u308c\u308b\u3002 \u3059\u3067\u306b\u30b3\u30f3\u30fb\u30c1\u30b1\u30c3\u30c8\u3092\u6301\u3063\u3066\u3044\u308b\u306e\u304b\uff1f\u3054\u5fc3\u914d\u306a\u304f\u3001\u30c1\u30b1\u30c3\u30c8\u306f\u7c21\u5358\u306b\u30a2\u30c3\u30d7\u30b0\u30ec\u30fc\u30c9\u3067\u304d\u308b\u3002\u91cd\u8981\u306a\u306e\u306f\u3001\u3042\u306a\u305f\u306e\u30b3\u30f3\u30c1\u30b1\u30c3\u30c8\u306e\u652f\u6255\u3044\u30ea\u30d5\u30a1\u30ec\u30f3\u30b9\u3092\u5165\u529b\u3059\u308b\u3053\u3068\u3060\u3051\u3060\u3002 \u30c1\u30b1\u30c3\u30c8\u306f\u5148\u7740\u9806\u3068\u306a\u308b\u3002<\/p>\n","protected":false},"author":10,"featured_media":0,"parent":32407,"menu_order":0,"comment_status":"closed","ping_status":"closed","template":"","meta":{"inline_featured_image":false,"footnotes":""},"class_list":["post-32997","page","type-page","status-publish","hentry"],"yoast_head":"<!-- This site is optimized with the Yoast SEO plugin v27.5 - https:\/\/yoast.com\/product\/yoast-seo-wordpress\/ -->\n<title>\u30b4\u30fc\u30eb\u30c9\u30c1\u30b1\u30c3\u30c8 - AniNite<\/title>\n<meta name=\"description\" content=\"\u30b4\u30fc\u30eb\u30c9\u30fb\u30c1\u30b1\u30c3\u30c8\u306f3\u65e5\u9593\u6709\u52b9\u306e\u30c1\u30b1\u30c3\u30c8\u3067\u3001\u7279\u5225\u306a\u7279\u5178\u304c\u3064\u3044\u3066\u3044\u308b\u3002\" \/>\n<meta name=\"robots\" content=\"index, follow, max-snippet:-1, max-image-preview:large, max-video-preview:-1\" \/>\n<link rel=\"canonical\" href=\"https:\/\/www.aninite.at\/ja\/tickets\/gold-ticket\/\" \/>\n<meta property=\"og:locale\" content=\"ja_JP\" \/>\n<meta property=\"og:type\" content=\"article\" \/>\n<meta property=\"og:title\" content=\"\u30b4\u30fc\u30eb\u30c9\u30c1\u30b1\u30c3\u30c8 - AniNite\" \/>\n<meta property=\"og:description\" content=\"\u30b4\u30fc\u30eb\u30c9\u30fb\u30c1\u30b1\u30c3\u30c8\u306f3\u65e5\u9593\u6709\u52b9\u306e\u30c1\u30b1\u30c3\u30c8\u3067\u3001\u7279\u5225\u306a\u7279\u5178\u304c\u3064\u3044\u3066\u3044\u308b\u3002\" \/>\n<meta property=\"og:url\" content=\"https:\/\/www.aninite.at\/ja\/tickets\/gold-ticket\/\" \/>\n<meta property=\"og:site_name\" content=\"AniNite\" \/>\n<meta property=\"article:publisher\" content=\"https:\/\/www.facebook.com\/AniMangaAustria\" \/>\n<meta property=\"article:modified_time\" content=\"2026-04-15T18:13:53+00:00\" \/>\n<meta property=\"og:image\" content=\"https:\/\/www.aninite.at\/wp-content\/uploads\/cropped-Icon_2025.jpg\" \/>\n\t<meta property=\"og:image:width\" content=\"512\" \/>\n\t<meta property=\"og:image:height\" content=\"512\" \/>\n\t<meta property=\"og:image:type\" content=\"image\/jpeg\" \/>\n<meta name=\"twitter:card\" content=\"summary_large_image\" \/>\n<meta name=\"twitter:title\" content=\"\u30a2\u30cb\u30ca\u30a4\u30c8\u30fb\u30b4\u30fc\u30eb\u30c9\u30fb\u30c1\u30b1\u30c3\u30c8\" \/>\n<meta name=\"twitter:description\" content=\"\u30b4\u30fc\u30eb\u30c9\u30fb\u30c1\u30b1\u30c3\u30c8\u306f3\u65e5\u9593\u6709\u52b9\u306e\u30c1\u30b1\u30c3\u30c8\u3067\u3001\u7279\u5225\u306a\u7279\u5178\u304c\u3064\u3044\u3066\u3044\u308b\u3002\" \/>\n<meta name=\"twitter:image\" content=\"https:\/\/www.aninite.at\/wp-content\/uploads\/cropped-Icon_2022-1.jpg\" \/>\n<script type=\"application\/ld+json\" class=\"yoast-schema-graph\">{\"@context\":\"https:\\\/\\\/schema.org\",\"@graph\":[{\"@type\":\"WebPage\",\"@id\":\"https:\\\/\\\/www.aninite.at\\\/ja\\\/tickets\\\/gold-ticket\\\/\",\"url\":\"https:\\\/\\\/www.aninite.at\\\/ja\\\/tickets\\\/gold-ticket\\\/\",\"name\":\"\u30b4\u30fc\u30eb\u30c9\u30c1\u30b1\u30c3\u30c8 - AniNite\",\"isPartOf\":{\"@id\":\"https:\\\/\\\/www.aninite.at\\\/ja\\\/#website\"},\"primaryImageOfPage\":{\"@id\":\"https:\\\/\\\/www.aninite.at\\\/ja\\\/tickets\\\/gold-ticket\\\/#primaryimage\"},\"image\":{\"@id\":\"https:\\\/\\\/www.aninite.at\\\/ja\\\/tickets\\\/gold-ticket\\\/#primaryimage\"},\"thumbnailUrl\":\"https:\\\/\\\/www.aninite.at\\\/wp-content\\\/uploads\\\/\\\/PageTitelBanner.svg\",\"datePublished\":\"2021-03-13T19:14:37+00:00\",\"dateModified\":\"2026-04-15T18:13:53+00:00\",\"description\":\"\u30b4\u30fc\u30eb\u30c9\u30fb\u30c1\u30b1\u30c3\u30c8\u306f3\u65e5\u9593\u6709\u52b9\u306e\u30c1\u30b1\u30c3\u30c8\u3067\u3001\u7279\u5225\u306a\u7279\u5178\u304c\u3064\u3044\u3066\u3044\u308b\u3002\",\"breadcrumb\":{\"@id\":\"https:\\\/\\\/www.aninite.at\\\/ja\\\/tickets\\\/gold-ticket\\\/#breadcrumb\"},\"inLanguage\":\"ja\",\"potentialAction\":[{\"@type\":\"ReadAction\",\"target\":[\"https:\\\/\\\/www.aninite.at\\\/ja\\\/tickets\\\/gold-ticket\\\/\"]}]},{\"@type\":\"ImageObject\",\"inLanguage\":\"ja\",\"@id\":\"https:\\\/\\\/www.aninite.at\\\/ja\\\/tickets\\\/gold-ticket\\\/#primaryimage\",\"url\":\"https:\\\/\\\/www.aninite.at\\\/wp-content\\\/uploads\\\/\\\/PageTitelBanner.svg\",\"contentUrl\":\"https:\\\/\\\/www.aninite.at\\\/wp-content\\\/uploads\\\/\\\/PageTitelBanner.svg\"},{\"@type\":\"BreadcrumbList\",\"@id\":\"https:\\\/\\\/www.aninite.at\\\/ja\\\/tickets\\\/gold-ticket\\\/#breadcrumb\",\"itemListElement\":[{\"@type\":\"ListItem\",\"position\":1,\"name\":\"Startseite\",\"item\":\"https:\\\/\\\/www.aninite.at\\\/ja\\\/willkommen\\\/\"},{\"@type\":\"ListItem\",\"position\":2,\"name\":\"\u30c1\u30b1\u30c3\u30c8\",\"item\":\"https:\\\/\\\/www.aninite.at\\\/ja\\\/tickets\\\/\"},{\"@type\":\"ListItem\",\"position\":3,\"name\":\"\u30b4\u30fc\u30eb\u30c9\u30c1\u30b1\u30c3\u30c8\"}]},{\"@type\":\"WebSite\",\"@id\":\"https:\\\/\\\/www.aninite.at\\\/ja\\\/#website\",\"url\":\"https:\\\/\\\/www.aninite.at\\\/ja\\\/\",\"name\":\"AniNite\",\"description\":\"\u00d6sterreichs gr\u00f6\u00dfte Anime-, Manga- und Comic-Convention\",\"potentialAction\":[{\"@type\":\"SearchAction\",\"target\":{\"@type\":\"EntryPoint\",\"urlTemplate\":\"https:\\\/\\\/www.aninite.at\\\/ja\\\/?s={search_term_string}\"},\"query-input\":{\"@type\":\"PropertyValueSpecification\",\"valueRequired\":true,\"valueName\":\"search_term_string\"}}],\"inLanguage\":\"ja\"}]}<\/script>\n<!-- \/ Yoast SEO plugin. -->","yoast_head_json":{"title":"\u30b4\u30fc\u30eb\u30c9\u30c1\u30b1\u30c3\u30c8 - AniNite","description":"\u30b4\u30fc\u30eb\u30c9\u30fb\u30c1\u30b1\u30c3\u30c8\u306f3\u65e5\u9593\u6709\u52b9\u306e\u30c1\u30b1\u30c3\u30c8\u3067\u3001\u7279\u5225\u306a\u7279\u5178\u304c\u3064\u3044\u3066\u3044\u308b\u3002","robots":{"index":"index","follow":"follow","max-snippet":"max-snippet:-1","max-image-preview":"max-image-preview:large","max-video-preview":"max-video-preview:-1"},"canonical":"https:\/\/www.aninite.at\/ja\/tickets\/gold-ticket\/","og_locale":"ja_JP","og_type":"article","og_title":"\u30b4\u30fc\u30eb\u30c9\u30c1\u30b1\u30c3\u30c8 - AniNite","og_description":"\u30b4\u30fc\u30eb\u30c9\u30fb\u30c1\u30b1\u30c3\u30c8\u306f3\u65e5\u9593\u6709\u52b9\u306e\u30c1\u30b1\u30c3\u30c8\u3067\u3001\u7279\u5225\u306a\u7279\u5178\u304c\u3064\u3044\u3066\u3044\u308b\u3002","og_url":"https:\/\/www.aninite.at\/ja\/tickets\/gold-ticket\/","og_site_name":"AniNite","article_publisher":"https:\/\/www.facebook.com\/AniMangaAustria","article_modified_time":"2026-04-15T18:13:53+00:00","og_image":[{"width":512,"height":512,"url":"https:\/\/www.aninite.at\/wp-content\/uploads\/cropped-Icon_2025.jpg","type":"image\/jpeg"}],"twitter_card":"summary_large_image","twitter_title":"\u30a2\u30cb\u30ca\u30a4\u30c8\u30fb\u30b4\u30fc\u30eb\u30c9\u30fb\u30c1\u30b1\u30c3\u30c8","twitter_description":"\u30b4\u30fc\u30eb\u30c9\u30fb\u30c1\u30b1\u30c3\u30c8\u306f3\u65e5\u9593\u6709\u52b9\u306e\u30c1\u30b1\u30c3\u30c8\u3067\u3001\u7279\u5225\u306a\u7279\u5178\u304c\u3064\u3044\u3066\u3044\u308b\u3002","twitter_image":"https:\/\/www.aninite.at\/wp-content\/uploads\/cropped-Icon_2022-1.jpg","schema":{"@context":"https:\/\/schema.org","@graph":[{"@type":"WebPage","@id":"https:\/\/www.aninite.at\/ja\/tickets\/gold-ticket\/","url":"https:\/\/www.aninite.at\/ja\/tickets\/gold-ticket\/","name":"\u30b4\u30fc\u30eb\u30c9\u30c1\u30b1\u30c3\u30c8 - AniNite","isPartOf":{"@id":"https:\/\/www.aninite.at\/ja\/#website"},"primaryImageOfPage":{"@id":"https:\/\/www.aninite.at\/ja\/tickets\/gold-ticket\/#primaryimage"},"image":{"@id":"https:\/\/www.aninite.at\/ja\/tickets\/gold-ticket\/#primaryimage"},"thumbnailUrl":"https:\/\/www.aninite.at\/wp-content\/uploads\/\/PageTitelBanner.svg","datePublished":"2021-03-13T19:14:37+00:00","dateModified":"2026-04-15T18:13:53+00:00","description":"\u30b4\u30fc\u30eb\u30c9\u30fb\u30c1\u30b1\u30c3\u30c8\u306f3\u65e5\u9593\u6709\u52b9\u306e\u30c1\u30b1\u30c3\u30c8\u3067\u3001\u7279\u5225\u306a\u7279\u5178\u304c\u3064\u3044\u3066\u3044\u308b\u3002","breadcrumb":{"@id":"https:\/\/www.aninite.at\/ja\/tickets\/gold-ticket\/#breadcrumb"},"inLanguage":"ja","potentialAction":[{"@type":"ReadAction","target":["https:\/\/www.aninite.at\/ja\/tickets\/gold-ticket\/"]}]},{"@type":"ImageObject","inLanguage":"ja","@id":"https:\/\/www.aninite.at\/ja\/tickets\/gold-ticket\/#primaryimage","url":"https:\/\/www.aninite.at\/wp-content\/uploads\/\/PageTitelBanner.svg","contentUrl":"https:\/\/www.aninite.at\/wp-content\/uploads\/\/PageTitelBanner.svg"},{"@type":"BreadcrumbList","@id":"https:\/\/www.aninite.at\/ja\/tickets\/gold-ticket\/#breadcrumb","itemListElement":[{"@type":"ListItem","position":1,"name":"Startseite","item":"https:\/\/www.aninite.at\/ja\/willkommen\/"},{"@type":"ListItem","position":2,"name":"\u30c1\u30b1\u30c3\u30c8","item":"https:\/\/www.aninite.at\/ja\/tickets\/"},{"@type":"ListItem","position":3,"name":"\u30b4\u30fc\u30eb\u30c9\u30c1\u30b1\u30c3\u30c8"}]},{"@type":"WebSite","@id":"https:\/\/www.aninite.at\/ja\/#website","url":"https:\/\/www.aninite.at\/ja\/","name":"AniNite","description":"\u00d6sterreichs gr\u00f6\u00dfte Anime-, Manga- und Comic-Convention","potentialAction":[{"@type":"SearchAction","target":{"@type":"EntryPoint","urlTemplate":"https:\/\/www.aninite.at\/ja\/?s={search_term_string}"},"query-input":{"@type":"PropertyValueSpecification","valueRequired":true,"valueName":"search_term_string"}}],"inLanguage":"ja"}]}},"acf":[],"_links":{"self":[{"href":"https:\/\/www.aninite.at\/ja\/wp-json\/wp\/v2\/pages\/32997","targetHints":{"allow":["GET"]}}],"collection":[{"href":"https:\/\/www.aninite.at\/ja\/wp-json\/wp\/v2\/pages"}],"about":[{"href":"https:\/\/www.aninite.at\/ja\/wp-json\/wp\/v2\/types\/page"}],"author":[{"embeddable":true,"href":"https:\/\/www.aninite.at\/ja\/wp-json\/wp\/v2\/users\/10"}],"replies":[{"embeddable":true,"href":"https:\/\/www.aninite.at\/ja\/wp-json\/wp\/v2\/comments?post=32997"}],"version-history":[{"count":7,"href":"https:\/\/www.aninite.at\/ja\/wp-json\/wp\/v2\/pages\/32997\/revisions"}],"predecessor-version":[{"id":34926,"href":"https:\/\/www.aninite.at\/ja\/wp-json\/wp\/v2\/pages\/32997\/revisions\/34926"}],"up":[{"embeddable":true,"href":"https:\/\/www.aninite.at\/ja\/wp-json\/wp\/v2\/pages\/32407"}],"wp:attachment":[{"href":"https:\/\/www.aninite.at\/ja\/wp-json\/wp\/v2\/media?parent=32997"}],"curies":[{"name":"wp","href":"https:\/\/api.w.org\/{rel}","templated":true}]}}