{"id":33564,"date":"2021-03-13T20:20:07","date_gmt":"2021-03-13T19:20:07","guid":{"rendered":"https:\/\/www.aninite.at\/programm\/"},"modified":"2026-04-15T21:54:44","modified_gmt":"2026-04-15T19:54:44","slug":"programm","status":"publish","type":"page","link":"https:\/\/www.aninite.at\/ja\/programm\/","title":{"rendered":"\u30d7\u30ed\u30b0\u30e9\u30e0"},"content":{"rendered":"<div class=\"wp-block-image is-resized\">\n<figure class=\"aligncenter size-full\"><img loading=\"lazy\" decoding=\"async\" width=\"700\" height=\"72\" src=\"https:\/\/www.aninite.at\/wp-content\/uploads\/\/PageTitelBanner.svg\" alt=\"\" class=\"wp-image-34807\"\/><\/figure>\n<\/div>\n<div style=\"height:50px\" aria-hidden=\"true\" class=\"wp-block-spacer\"><\/div>\n\n<p class=\"has-text-align-center\">AniNite\u3067\u306f\u3001\u5e45\u5e83\u3044\u30b9\u30c6\u30fc\u30b8\u3068\u30b5\u30dd\u30fc\u30c8\u30fb\u30d7\u30ed\u30b0\u30e9\u30e0\u304c\u3042\u308a\u3001\u8ab0\u3082\u304c\u697d\u3057\u3081\u308b\uff01\u6982\u8981\u306f\u3053\u3061\u3089\uff1a   <\/p>\n\n<div style=\"height:30px\" aria-hidden=\"true\" class=\"wp-block-spacer\"><\/div>\n\n<p class=\"has-text-align-center\"><a href=\"https:\/\/www.aninite.at\/ja\/programmplan\/\">\u30d7\u30ed\u30b0\u30e9\u30e0\u30fb\u30b9\u30b1\u30b8\u30e5\u30fc\u30eb<\/a><\/p>\n\n<p class=\"has-text-align-center\"><a href=\"https:\/\/www.aninite.at\/ja\/programm\/vortraege\/\" target=\"_blank\" rel=\"noreferrer noopener\">\u30ec\u30af\u30c1\u30e3\u30fc\uff06\u30ef\u30fc\u30af\u30b7\u30e7\u30c3\u30d7<\/a><\/p>\n\n<p class=\"has-text-align-center\"><a href=\"https:\/\/www.aninite.at\/ja\/programm\/aftercon\/\">\u30a2\u30d5\u30bf\u30fc\u30b3\u30f3\u30d1\u30fc\u30c6\u30a3\u30fc<\/a><\/p>\n\n<p class=\"has-text-align-center\"><a href=\"https:\/\/www.aninite.at\/teehaus\/\" target=\"_blank\" rel=\"noreferrer noopener\">\u8336\u5ba4<\/a><\/p>\n\n<p class=\"has-text-align-center\"><a href=\"https:\/\/www.aninite.at\/ja\/programm\/games\/\" target=\"_blank\" rel=\"noreferrer noopener\">\u30b2\u30fc\u30e0<\/a><\/p>\n\n<p class=\"has-text-align-center\"><a href=\"https:\/\/www.aninite.at\/ja\/programm\/maid-cafe-2\/\">\u30e1\u30a4\u30c9\u30ab\u30d5\u30a7<\/a><\/p>\n\n<p class=\"has-text-align-center\"><a href=\"https:\/\/www.aninite.at\/kreativecke\" target=\"_blank\" rel=\"noreferrer noopener\">\u30af\u30ea\u30a8\u30a4\u30c6\u30a3\u30d6\u30fb\u30b3\u30fc\u30ca\u30fc<\/a><\/p>\n\n<p class=\"has-text-align-center\"><a href=\"https:\/\/www.aninite.at\/ja\/?page_id=33411\" target=\"_blank\" rel=\"noreferrer noopener\">\u30ad\u30c3\u30ba\u30b3\u30fc\u30ca\u30fc<\/a><\/p>\n\n<p class=\"has-text-align-center\"><a href=\"https:\/\/www.aninite.at\/ehrengaeste\" target=\"_blank\" rel=\"noreferrer noopener\">\u4e3b\u8cd3<\/a><\/p>\n\n<p class=\"has-text-align-center\"><\/p>\n\n<p><\/p>\n<div class=\"wp-block-image\">\n<figure class=\"aligncenter size-full\"><img loading=\"lazy\" decoding=\"async\" width=\"728\" height=\"162\" src=\"https:\/\/www.aninite.at\/wp-content\/uploads\/Footer_2026_FL.png\" alt=\"\" class=\"wp-image-34746\" srcset=\"https:\/\/www.aninite.at\/wp-content\/uploads\/Footer_2026_FL.png 728w, https:\/\/www.aninite.at\/wp-content\/uploads\/Footer_2026_FL-300x67.png 300w\" sizes=\"auto, (max-width: 728px) 100vw, 728px\" \/><\/figure>\n<\/div>","protected":false},"excerpt":{"rendered":"<p>AniNite\u3067\u306f\u3001\u5e45\u5e83\u3044\u30b9\u30c6\u30fc\u30b8\u3068\u30b5\u30dd\u30fc\u30c8\u30fb\u30d7\u30ed\u30b0\u30e9\u30e0\u304c\u3042\u308a\u3001\u8ab0\u3082\u304c\u697d\u3057\u3081\u308b\uff01\u6982\u8981\u306f\u3053\u3061\u3089\uff1a \u30d7\u30ed\u30b0\u30e9\u30e0\u30fb\u30b9\u30b1\u30b8\u30e5\u30fc\u30eb \u30ec\u30af\u30c1\u30e3\u30fc\uff06\u30ef\u30fc\u30af\u30b7\u30e7\u30c3\u30d7 \u30a2\u30d5\u30bf\u30fc\u30b3\u30f3\u30d1\u30fc\u30c6\u30a3\u30fc \u8336\u5ba4 \u30b2\u30fc\u30e0 \u30e1\u30a4\u30c9\u30ab\u30d5\u30a7 \u30af\u30ea\u30a8\u30a4\u30c6\u30a3\u30d6\u30fb\u30b3\u30fc\u30ca\u30fc \u30ad\u30c3\u30ba\u30b3\u30fc\u30ca\u30fc \u4e3b\u8cd3<\/p>\n","protected":false},"author":10,"featured_media":0,"parent":0,"menu_order":0,"comment_status":"closed","ping_status":"closed","template":"","meta":{"inline_featured_image":false,"footnotes":""},"class_list":["post-33564","page","type-page","status-publish","hentry"],"yoast_head":"<!-- This site is optimized with the Yoast SEO plugin v27.5 - https:\/\/yoast.com\/product\/yoast-seo-wordpress\/ -->\n<title>\u30d7\u30ed\u30b0\u30e9\u30e0 - AniNite<\/title>\n<meta name=\"description\" content=\"AniNite\u30b5\u30dd\u30fc\u30c8\u30d7\u30ed\u30b0\u30e9\u30e0\" \/>\n<meta name=\"robots\" content=\"index, follow, max-snippet:-1, max-image-preview:large, max-video-preview:-1\" \/>\n<link rel=\"canonical\" href=\"https:\/\/www.aninite.at\/ja\/programm\/\" \/>\n<meta property=\"og:locale\" content=\"ja_JP\" \/>\n<meta property=\"og:type\" content=\"article\" \/>\n<meta property=\"og:title\" content=\"\u30d7\u30ed\u30b0\u30e9\u30e0 - AniNite\" \/>\n<meta property=\"og:description\" content=\"AniNite\u30b5\u30dd\u30fc\u30c8\u30d7\u30ed\u30b0\u30e9\u30e0\" \/>\n<meta property=\"og:url\" content=\"https:\/\/www.aninite.at\/ja\/programm\/\" \/>\n<meta property=\"og:site_name\" content=\"AniNite\" \/>\n<meta property=\"article:publisher\" content=\"https:\/\/www.facebook.com\/AniMangaAustria\" \/>\n<meta property=\"article:modified_time\" content=\"2026-04-15T19:54:44+00:00\" \/>\n<meta property=\"og:image\" content=\"https:\/\/www.aninite.at\/wp-content\/uploads\/cropped-Icon_2025.jpg\" \/>\n\t<meta property=\"og:image:width\" content=\"512\" \/>\n\t<meta property=\"og:image:height\" content=\"512\" \/>\n\t<meta property=\"og:image:type\" content=\"image\/jpeg\" \/>\n<meta name=\"twitter:card\" content=\"summary_large_image\" \/>\n<meta name=\"twitter:title\" content=\"\u30a2\u30cb\u30ca\u30a4\u30c8\" \/>\n<meta name=\"twitter:description\" content=\"AniNite\u30b5\u30dd\u30fc\u30c8\u30d7\u30ed\u30b0\u30e9\u30e0\" \/>\n<meta name=\"twitter:image\" content=\"https:\/\/www.aninite.at\/wp-content\/uploads\/Aninite22_Wallpaper-1024x576.jpg\" \/>\n<script type=\"application\/ld+json\" class=\"yoast-schema-graph\">{\"@context\":\"https:\\\/\\\/schema.org\",\"@graph\":[{\"@type\":\"WebPage\",\"@id\":\"https:\\\/\\\/www.aninite.at\\\/ja\\\/programm\\\/\",\"url\":\"https:\\\/\\\/www.aninite.at\\\/ja\\\/programm\\\/\",\"name\":\"\u30d7\u30ed\u30b0\u30e9\u30e0 - AniNite\",\"isPartOf\":{\"@id\":\"https:\\\/\\\/www.aninite.at\\\/ja\\\/#website\"},\"primaryImageOfPage\":{\"@id\":\"https:\\\/\\\/www.aninite.at\\\/ja\\\/programm\\\/#primaryimage\"},\"image\":{\"@id\":\"https:\\\/\\\/www.aninite.at\\\/ja\\\/programm\\\/#primaryimage\"},\"thumbnailUrl\":\"https:\\\/\\\/www.aninite.at\\\/wp-content\\\/uploads\\\/\\\/PageTitelBanner.svg\",\"datePublished\":\"2021-03-13T19:20:07+00:00\",\"dateModified\":\"2026-04-15T19:54:44+00:00\",\"description\":\"AniNite\u30b5\u30dd\u30fc\u30c8\u30d7\u30ed\u30b0\u30e9\u30e0\",\"breadcrumb\":{\"@id\":\"https:\\\/\\\/www.aninite.at\\\/ja\\\/programm\\\/#breadcrumb\"},\"inLanguage\":\"ja\",\"potentialAction\":[{\"@type\":\"ReadAction\",\"target\":[\"https:\\\/\\\/www.aninite.at\\\/ja\\\/programm\\\/\"]}]},{\"@type\":\"ImageObject\",\"inLanguage\":\"ja\",\"@id\":\"https:\\\/\\\/www.aninite.at\\\/ja\\\/programm\\\/#primaryimage\",\"url\":\"https:\\\/\\\/www.aninite.at\\\/wp-content\\\/uploads\\\/\\\/PageTitelBanner.svg\",\"contentUrl\":\"https:\\\/\\\/www.aninite.at\\\/wp-content\\\/uploads\\\/\\\/PageTitelBanner.svg\"},{\"@type\":\"BreadcrumbList\",\"@id\":\"https:\\\/\\\/www.aninite.at\\\/ja\\\/programm\\\/#breadcrumb\",\"itemListElement\":[{\"@type\":\"ListItem\",\"position\":1,\"name\":\"Startseite\",\"item\":\"https:\\\/\\\/www.aninite.at\\\/ja\\\/willkommen\\\/\"},{\"@type\":\"ListItem\",\"position\":2,\"name\":\"\u30d7\u30ed\u30b0\u30e9\u30e0\"}]},{\"@type\":\"WebSite\",\"@id\":\"https:\\\/\\\/www.aninite.at\\\/ja\\\/#website\",\"url\":\"https:\\\/\\\/www.aninite.at\\\/ja\\\/\",\"name\":\"AniNite\",\"description\":\"\u00d6sterreichs gr\u00f6\u00dfte Anime-, Manga- und Comic-Convention\",\"potentialAction\":[{\"@type\":\"SearchAction\",\"target\":{\"@type\":\"EntryPoint\",\"urlTemplate\":\"https:\\\/\\\/www.aninite.at\\\/ja\\\/?s={search_term_string}\"},\"query-input\":{\"@type\":\"PropertyValueSpecification\",\"valueRequired\":true,\"valueName\":\"search_term_string\"}}],\"inLanguage\":\"ja\"}]}<\/script>\n<!-- \/ Yoast SEO plugin. -->","yoast_head_json":{"title":"\u30d7\u30ed\u30b0\u30e9\u30e0 - AniNite","description":"AniNite\u30b5\u30dd\u30fc\u30c8\u30d7\u30ed\u30b0\u30e9\u30e0","robots":{"index":"index","follow":"follow","max-snippet":"max-snippet:-1","max-image-preview":"max-image-preview:large","max-video-preview":"max-video-preview:-1"},"canonical":"https:\/\/www.aninite.at\/ja\/programm\/","og_locale":"ja_JP","og_type":"article","og_title":"\u30d7\u30ed\u30b0\u30e9\u30e0 - AniNite","og_description":"AniNite\u30b5\u30dd\u30fc\u30c8\u30d7\u30ed\u30b0\u30e9\u30e0","og_url":"https:\/\/www.aninite.at\/ja\/programm\/","og_site_name":"AniNite","article_publisher":"https:\/\/www.facebook.com\/AniMangaAustria","article_modified_time":"2026-04-15T19:54:44+00:00","og_image":[{"width":512,"height":512,"url":"https:\/\/www.aninite.at\/wp-content\/uploads\/cropped-Icon_2025.jpg","type":"image\/jpeg"}],"twitter_card":"summary_large_image","twitter_title":"\u30a2\u30cb\u30ca\u30a4\u30c8","twitter_description":"AniNite\u30b5\u30dd\u30fc\u30c8\u30d7\u30ed\u30b0\u30e9\u30e0","twitter_image":"https:\/\/www.aninite.at\/wp-content\/uploads\/Aninite22_Wallpaper-1024x576.jpg","schema":{"@context":"https:\/\/schema.org","@graph":[{"@type":"WebPage","@id":"https:\/\/www.aninite.at\/ja\/programm\/","url":"https:\/\/www.aninite.at\/ja\/programm\/","name":"\u30d7\u30ed\u30b0\u30e9\u30e0 - AniNite","isPartOf":{"@id":"https:\/\/www.aninite.at\/ja\/#website"},"primaryImageOfPage":{"@id":"https:\/\/www.aninite.at\/ja\/programm\/#primaryimage"},"image":{"@id":"https:\/\/www.aninite.at\/ja\/programm\/#primaryimage"},"thumbnailUrl":"https:\/\/www.aninite.at\/wp-content\/uploads\/\/PageTitelBanner.svg","datePublished":"2021-03-13T19:20:07+00:00","dateModified":"2026-04-15T19:54:44+00:00","description":"AniNite\u30b5\u30dd\u30fc\u30c8\u30d7\u30ed\u30b0\u30e9\u30e0","breadcrumb":{"@id":"https:\/\/www.aninite.at\/ja\/programm\/#breadcrumb"},"inLanguage":"ja","potentialAction":[{"@type":"ReadAction","target":["https:\/\/www.aninite.at\/ja\/programm\/"]}]},{"@type":"ImageObject","inLanguage":"ja","@id":"https:\/\/www.aninite.at\/ja\/programm\/#primaryimage","url":"https:\/\/www.aninite.at\/wp-content\/uploads\/\/PageTitelBanner.svg","contentUrl":"https:\/\/www.aninite.at\/wp-content\/uploads\/\/PageTitelBanner.svg"},{"@type":"BreadcrumbList","@id":"https:\/\/www.aninite.at\/ja\/programm\/#breadcrumb","itemListElement":[{"@type":"ListItem","position":1,"name":"Startseite","item":"https:\/\/www.aninite.at\/ja\/willkommen\/"},{"@type":"ListItem","position":2,"name":"\u30d7\u30ed\u30b0\u30e9\u30e0"}]},{"@type":"WebSite","@id":"https:\/\/www.aninite.at\/ja\/#website","url":"https:\/\/www.aninite.at\/ja\/","name":"AniNite","description":"\u00d6sterreichs gr\u00f6\u00dfte Anime-, Manga- und Comic-Convention","potentialAction":[{"@type":"SearchAction","target":{"@type":"EntryPoint","urlTemplate":"https:\/\/www.aninite.at\/ja\/?s={search_term_string}"},"query-input":{"@type":"PropertyValueSpecification","valueRequired":true,"valueName":"search_term_string"}}],"inLanguage":"ja"}]}},"acf":[],"_links":{"self":[{"href":"https:\/\/www.aninite.at\/ja\/wp-json\/wp\/v2\/pages\/33564","targetHints":{"allow":["GET"]}}],"collection":[{"href":"https:\/\/www.aninite.at\/ja\/wp-json\/wp\/v2\/pages"}],"about":[{"href":"https:\/\/www.aninite.at\/ja\/wp-json\/wp\/v2\/types\/page"}],"author":[{"embeddable":true,"href":"https:\/\/www.aninite.at\/ja\/wp-json\/wp\/v2\/users\/10"}],"replies":[{"embeddable":true,"href":"https:\/\/www.aninite.at\/ja\/wp-json\/wp\/v2\/comments?post=33564"}],"version-history":[{"count":6,"href":"https:\/\/www.aninite.at\/ja\/wp-json\/wp\/v2\/pages\/33564\/revisions"}],"predecessor-version":[{"id":35065,"href":"https:\/\/www.aninite.at\/ja\/wp-json\/wp\/v2\/pages\/33564\/revisions\/35065"}],"wp:attachment":[{"href":"https:\/\/www.aninite.at\/ja\/wp-json\/wp\/v2\/media?parent=33564"}],"curies":[{"name":"wp","href":"https:\/\/api.w.org\/{rel}","templated":true}]}}