{"id":33573,"date":"2021-03-13T20:41:16","date_gmt":"2021-03-13T19:41:16","guid":{"rendered":"https:\/\/www.aninite.at\/programm\/maid-cafe-2\/"},"modified":"2026-04-15T21:28:16","modified_gmt":"2026-04-15T19:28:16","slug":"maid-cafe-2","status":"publish","type":"page","link":"https:\/\/www.aninite.at\/ja\/programm\/maid-cafe-2\/","title":{"rendered":"\u30e1\u30a4\u30c9\u30ab\u30d5\u30a7"},"content":{"rendered":"<div class=\"wp-block-image\">\n<figure class=\"aligncenter size-full\"><img loading=\"lazy\" decoding=\"async\" width=\"700\" height=\"72\" src=\"https:\/\/www.aninite.at\/wp-content\/uploads\/\/PageTitelBanner.svg\" alt=\"\" class=\"wp-image-34807\"\/><\/figure>\n<\/div>\n<div style=\"height:50px\" aria-hidden=\"true\" class=\"wp-block-spacer\"><\/div>\n\n<p class=\"has-text-align-center has-text-color\" style=\"color:#801fdc;font-size:30px\">\u304a\u304b\u3048\u308a\u306a\u3055\u3044\u3001\u30de\u30a4\u30fb\u30ed\u30fc\u30c9\u3001\u30de\u30a4\u30fb\u30ec\u30c7\u30a3\uff01<\/p>\n\n<p>Kitsune Maid &amp; Butler Caf\u00e9 KonKon\u3067\u306f\u3001\u30b9\u30a4\u30fc\u30c8\u306a\u30e1\u30a4\u30c9\u3068\u30a8\u30ec\u30ac\u30f3\u30c8\u306a\u30d0\u30c8\u30e9\u30fc\u304c\u5fc3\u3086\u304f\u307e\u3067\u30b5\u30fc\u30d3\u30b9\u3092\u63d0\u4f9b\u3057\u3001\u5927\u4f1a\u306e\u614c\u305f\u3060\u3057\u3044\u65e5\u5e38\u3092\u3057\u3070\u3057\u5fd8\u308c\u3055\u305b\u3066\u304f\u308c\u308b\u3002<br\/>\u9b45\u60d1\u7684\u306a\u30c7\u30b6\u30fc\u30c8\u306b\u52a0\u3048\u3001\u9999\u308a\u9ad8\u3044\u30b3\u30fc\u30d2\u30fc\u3084\u30c9\u30ea\u30f3\u30af\u3067\u5589\u3092\u6f64\u3059\u3053\u3068\u304c\u3067\u304d\u308b\u3002<\/p>\n\n<p>\u3067\u3082\u5fc3\u914d\u306f\u3044\u3089\u306a\u3044\uff01\u30a8\u30f3\u30bf\u30fc\u30c6\u30a4\u30e1\u30f3\u30c8\u3082\u7528\u610f\u3055\u308c\u3066\u3044\u308b\u304b\u3089\u3060\uff01\u6311\u6226\u7684\u306a\u30df\u30cb\u30b2\u30fc\u30e0\u3067\u30e1\u30a4\u30c9\u3084\u57f7\u4e8b\u3092\u5012\u3057\u3066\u3001\u30e6\u30cb\u30fc\u30af\u306a\u8cde\u54c1\u3092\u30b2\u30c3\u30c8\u3057\u3088\u3046\uff01  <\/p>\n\n<p>\u305d\u308c\u3067\u306f\u307e\u305f\u3001\u300c\u30e1\u30a4\u30c9\uff06\u57f7\u4e8b\u55ab\u8336\u3053\u3093\u3053\u3093\u300d\u3067\u304a\u4f1a\u3044\u3057\u3088\u3046\uff01<\/p>\n\n<h2 class=\"wp-block-heading has-text-align-left has-text-color\" style=\"color:#801fdc\">\u55b6\u696d\u6642\u9593<\/h2>\n\n<p class=\"has-text-align-left\"><strong>\u91d1\u30fb\u571f11:00 - 19:00<br\/>\u65e5\u30fb\u795d11:00 - 19:00  11:00 - 17:00<\/strong><\/p>\n\n<p><\/p>\n\n<p><\/p>\n<div class=\"wp-block-image\">\n<figure class=\"aligncenter size-full\"><img loading=\"lazy\" decoding=\"async\" width=\"728\" height=\"162\" src=\"https:\/\/www.aninite.at\/wp-content\/uploads\/Footer_2026_FL.png\" alt=\"\" class=\"wp-image-34746\" srcset=\"https:\/\/www.aninite.at\/wp-content\/uploads\/Footer_2026_FL.png 728w, https:\/\/www.aninite.at\/wp-content\/uploads\/Footer_2026_FL-300x67.png 300w\" sizes=\"auto, (max-width: 728px) 100vw, 728px\" \/><\/figure>\n<\/div>","protected":false},"excerpt":{"rendered":"<p>\u304a\u304b\u3048\u308a\u306a\u3055\u3044\u3001\u30de\u30a4\u30fb\u30ed\u30fc\u30c9\u3001\u30de\u30a4\u30fb\u30ec\u30c7\u30a3\uff01 Kitsune Maid &amp; Butler Caf\u00e9 KonKon\u3067\u306f\u3001\u30b9\u30a4\u30fc\u30c8\u306a\u30e1\u30a4\u30c9\u3068\u30a8\u30ec\u30ac\u30f3\u30c8\u306a\u30d0\u30c8\u30e9\u30fc\u304c\u5fc3\u3086\u304f\u307e\u3067\u30b5\u30fc\u30d3\u30b9\u3092\u63d0\u4f9b\u3057\u3001\u5927\u4f1a\u306e\u614c\u305f\u3060\u3057\u3044\u65e5\u5e38\u3092\u3057\u3070\u3057\u5fd8\u308c\u3055\u305b\u3066\u304f\u308c\u308b\u3002\u9b45\u60d1\u7684\u306a\u30c7\u30b6\u30fc\u30c8\u306b\u52a0\u3048\u3001\u9999\u308a\u9ad8\u3044\u30b3\u30fc\u30d2\u30fc\u3084\u30c9\u30ea\u30f3\u30af\u3067\u5589\u3092\u6f64\u3059\u3053\u3068\u304c\u3067\u304d\u308b\u3002 \u3067\u3082\u5fc3\u914d\u306f\u3044\u3089\u306a\u3044\uff01\u30a8\u30f3\u30bf\u30fc\u30c6\u30a4\u30e1\u30f3\u30c8\u3082\u7528\u610f\u3055\u308c\u3066\u3044\u308b\u304b\u3089\u3060\uff01\u6311\u6226\u7684\u306a\u30df\u30cb\u30b2\u30fc\u30e0\u3067\u30e1\u30a4\u30c9\u3084\u57f7\u4e8b\u3092\u5012\u3057\u3066\u3001\u30e6\u30cb\u30fc\u30af\u306a\u8cde\u54c1\u3092\u30b2\u30c3\u30c8\u3057\u3088\u3046\uff01 \u305d\u308c\u3067\u306f\u307e\u305f\u3001\u300c\u30e1\u30a4\u30c9\uff06\u57f7\u4e8b\u55ab\u8336\u3053\u3093\u3053\u3093\u300d\u3067\u304a\u4f1a\u3044\u3057\u3088\u3046\uff01 \u55b6\u696d\u6642\u9593 \u91d1\u30fb\u571f11:00 - 19:00\u65e5\u30fb\u795d11:00 - 19:00 11:00 - 17:00<\/p>\n","protected":false},"author":10,"featured_media":0,"parent":33564,"menu_order":0,"comment_status":"closed","ping_status":"closed","template":"","meta":{"inline_featured_image":false,"footnotes":""},"class_list":["post-33573","page","type-page","status-publish","hentry"],"yoast_head":"<!-- This site is optimized with the Yoast SEO plugin v27.4 - https:\/\/yoast.com\/product\/yoast-seo-wordpress\/ -->\n<title>\u30e1\u30a4\u30c9\u30ab\u30d5\u30a7 - AniNite<\/title>\n<meta name=\"description\" content=\"AniNite\u306e\u30e1\u30a4\u30c9\u30ab\u30d5\u30a7\u693f\u306b\u95a2\u3059\u308b\u3059\u3079\u3066\u306e\u60c5\u5831\u306f\u3053\u3053\u3067\u898b\u308b\u3053\u3068\u304c\u3067\u304d\u308b\u3002\" \/>\n<meta name=\"robots\" content=\"index, follow, max-snippet:-1, max-image-preview:large, max-video-preview:-1\" \/>\n<link rel=\"canonical\" href=\"https:\/\/www.aninite.at\/ja\/programm\/maid-cafe-2\/\" \/>\n<meta property=\"og:locale\" content=\"ja_JP\" \/>\n<meta property=\"og:type\" content=\"article\" \/>\n<meta property=\"og:title\" content=\"\u30e1\u30a4\u30c9\u30ab\u30d5\u30a7 - AniNite\" \/>\n<meta property=\"og:description\" content=\"AniNite\u306e\u30e1\u30a4\u30c9\u30ab\u30d5\u30a7\u693f\u306b\u95a2\u3059\u308b\u3059\u3079\u3066\u306e\u60c5\u5831\u306f\u3053\u3053\u3067\u898b\u308b\u3053\u3068\u304c\u3067\u304d\u308b\u3002\" \/>\n<meta property=\"og:url\" content=\"https:\/\/www.aninite.at\/ja\/programm\/maid-cafe-2\/\" \/>\n<meta property=\"og:site_name\" content=\"AniNite\" \/>\n<meta property=\"article:publisher\" content=\"https:\/\/www.facebook.com\/AniMangaAustria\" \/>\n<meta property=\"article:modified_time\" content=\"2026-04-15T19:28:16+00:00\" \/>\n<meta property=\"og:image\" content=\"https:\/\/www.aninite.at\/wp-content\/uploads\/cropped-Icon_2025.jpg\" \/>\n\t<meta property=\"og:image:width\" content=\"512\" \/>\n\t<meta property=\"og:image:height\" content=\"512\" \/>\n\t<meta property=\"og:image:type\" content=\"image\/jpeg\" \/>\n<meta name=\"twitter:card\" content=\"summary_large_image\" \/>\n<meta name=\"twitter:title\" content=\"\u30a2\u30cb\u30ca\u30a4\u30c8\" \/>\n<meta name=\"twitter:description\" content=\"AniNite\u306e\u30e1\u30a4\u30c9\u30ab\u30d5\u30a7\u693f\u306b\u95a2\u3059\u308b\u3059\u3079\u3066\u306e\u60c5\u5831\u306f\u3053\u3053\u3067\u898b\u308b\u3053\u3068\u304c\u3067\u304d\u308b\u3002\" \/>\n<meta name=\"twitter:image\" content=\"https:\/\/www.aninite.at\/wp-content\/uploads\/Tsubaki-Logo-quer.png\" \/>\n<script type=\"application\/ld+json\" class=\"yoast-schema-graph\">{\"@context\":\"https:\\\/\\\/schema.org\",\"@graph\":[{\"@type\":\"WebPage\",\"@id\":\"https:\\\/\\\/www.aninite.at\\\/ja\\\/programm\\\/maid-cafe-2\\\/\",\"url\":\"https:\\\/\\\/www.aninite.at\\\/ja\\\/programm\\\/maid-cafe-2\\\/\",\"name\":\"\u30e1\u30a4\u30c9\u30ab\u30d5\u30a7 - AniNite\",\"isPartOf\":{\"@id\":\"https:\\\/\\\/www.aninite.at\\\/ja\\\/#website\"},\"primaryImageOfPage\":{\"@id\":\"https:\\\/\\\/www.aninite.at\\\/ja\\\/programm\\\/maid-cafe-2\\\/#primaryimage\"},\"image\":{\"@id\":\"https:\\\/\\\/www.aninite.at\\\/ja\\\/programm\\\/maid-cafe-2\\\/#primaryimage\"},\"thumbnailUrl\":\"https:\\\/\\\/www.aninite.at\\\/wp-content\\\/uploads\\\/\\\/PageTitelBanner.svg\",\"datePublished\":\"2021-03-13T19:41:16+00:00\",\"dateModified\":\"2026-04-15T19:28:16+00:00\",\"description\":\"AniNite\u306e\u30e1\u30a4\u30c9\u30ab\u30d5\u30a7\u693f\u306b\u95a2\u3059\u308b\u3059\u3079\u3066\u306e\u60c5\u5831\u306f\u3053\u3053\u3067\u898b\u308b\u3053\u3068\u304c\u3067\u304d\u308b\u3002\",\"breadcrumb\":{\"@id\":\"https:\\\/\\\/www.aninite.at\\\/ja\\\/programm\\\/maid-cafe-2\\\/#breadcrumb\"},\"inLanguage\":\"ja\",\"potentialAction\":[{\"@type\":\"ReadAction\",\"target\":[\"https:\\\/\\\/www.aninite.at\\\/ja\\\/programm\\\/maid-cafe-2\\\/\"]}]},{\"@type\":\"ImageObject\",\"inLanguage\":\"ja\",\"@id\":\"https:\\\/\\\/www.aninite.at\\\/ja\\\/programm\\\/maid-cafe-2\\\/#primaryimage\",\"url\":\"https:\\\/\\\/www.aninite.at\\\/wp-content\\\/uploads\\\/\\\/PageTitelBanner.svg\",\"contentUrl\":\"https:\\\/\\\/www.aninite.at\\\/wp-content\\\/uploads\\\/\\\/PageTitelBanner.svg\"},{\"@type\":\"BreadcrumbList\",\"@id\":\"https:\\\/\\\/www.aninite.at\\\/ja\\\/programm\\\/maid-cafe-2\\\/#breadcrumb\",\"itemListElement\":[{\"@type\":\"ListItem\",\"position\":1,\"name\":\"Startseite\",\"item\":\"https:\\\/\\\/www.aninite.at\\\/ja\\\/willkommen\\\/\"},{\"@type\":\"ListItem\",\"position\":2,\"name\":\"\u30d7\u30ed\u30b0\u30e9\u30e0\",\"item\":\"https:\\\/\\\/www.aninite.at\\\/ja\\\/programm\\\/\"},{\"@type\":\"ListItem\",\"position\":3,\"name\":\"\u30e1\u30a4\u30c9\u30ab\u30d5\u30a7\"}]},{\"@type\":\"WebSite\",\"@id\":\"https:\\\/\\\/www.aninite.at\\\/ja\\\/#website\",\"url\":\"https:\\\/\\\/www.aninite.at\\\/ja\\\/\",\"name\":\"AniNite\",\"description\":\"\u00d6sterreichs gr\u00f6\u00dfte Anime-, Manga- und Comic-Convention\",\"potentialAction\":[{\"@type\":\"SearchAction\",\"target\":{\"@type\":\"EntryPoint\",\"urlTemplate\":\"https:\\\/\\\/www.aninite.at\\\/ja\\\/?s={search_term_string}\"},\"query-input\":{\"@type\":\"PropertyValueSpecification\",\"valueRequired\":true,\"valueName\":\"search_term_string\"}}],\"inLanguage\":\"ja\"}]}<\/script>\n<!-- \/ Yoast SEO plugin. -->","yoast_head_json":{"title":"\u30e1\u30a4\u30c9\u30ab\u30d5\u30a7 - AniNite","description":"AniNite\u306e\u30e1\u30a4\u30c9\u30ab\u30d5\u30a7\u693f\u306b\u95a2\u3059\u308b\u3059\u3079\u3066\u306e\u60c5\u5831\u306f\u3053\u3053\u3067\u898b\u308b\u3053\u3068\u304c\u3067\u304d\u308b\u3002","robots":{"index":"index","follow":"follow","max-snippet":"max-snippet:-1","max-image-preview":"max-image-preview:large","max-video-preview":"max-video-preview:-1"},"canonical":"https:\/\/www.aninite.at\/ja\/programm\/maid-cafe-2\/","og_locale":"ja_JP","og_type":"article","og_title":"\u30e1\u30a4\u30c9\u30ab\u30d5\u30a7 - AniNite","og_description":"AniNite\u306e\u30e1\u30a4\u30c9\u30ab\u30d5\u30a7\u693f\u306b\u95a2\u3059\u308b\u3059\u3079\u3066\u306e\u60c5\u5831\u306f\u3053\u3053\u3067\u898b\u308b\u3053\u3068\u304c\u3067\u304d\u308b\u3002","og_url":"https:\/\/www.aninite.at\/ja\/programm\/maid-cafe-2\/","og_site_name":"AniNite","article_publisher":"https:\/\/www.facebook.com\/AniMangaAustria","article_modified_time":"2026-04-15T19:28:16+00:00","og_image":[{"width":512,"height":512,"url":"https:\/\/www.aninite.at\/wp-content\/uploads\/cropped-Icon_2025.jpg","type":"image\/jpeg"}],"twitter_card":"summary_large_image","twitter_title":"\u30a2\u30cb\u30ca\u30a4\u30c8","twitter_description":"AniNite\u306e\u30e1\u30a4\u30c9\u30ab\u30d5\u30a7\u693f\u306b\u95a2\u3059\u308b\u3059\u3079\u3066\u306e\u60c5\u5831\u306f\u3053\u3053\u3067\u898b\u308b\u3053\u3068\u304c\u3067\u304d\u308b\u3002","twitter_image":"https:\/\/www.aninite.at\/wp-content\/uploads\/Tsubaki-Logo-quer.png","schema":{"@context":"https:\/\/schema.org","@graph":[{"@type":"WebPage","@id":"https:\/\/www.aninite.at\/ja\/programm\/maid-cafe-2\/","url":"https:\/\/www.aninite.at\/ja\/programm\/maid-cafe-2\/","name":"\u30e1\u30a4\u30c9\u30ab\u30d5\u30a7 - AniNite","isPartOf":{"@id":"https:\/\/www.aninite.at\/ja\/#website"},"primaryImageOfPage":{"@id":"https:\/\/www.aninite.at\/ja\/programm\/maid-cafe-2\/#primaryimage"},"image":{"@id":"https:\/\/www.aninite.at\/ja\/programm\/maid-cafe-2\/#primaryimage"},"thumbnailUrl":"https:\/\/www.aninite.at\/wp-content\/uploads\/\/PageTitelBanner.svg","datePublished":"2021-03-13T19:41:16+00:00","dateModified":"2026-04-15T19:28:16+00:00","description":"AniNite\u306e\u30e1\u30a4\u30c9\u30ab\u30d5\u30a7\u693f\u306b\u95a2\u3059\u308b\u3059\u3079\u3066\u306e\u60c5\u5831\u306f\u3053\u3053\u3067\u898b\u308b\u3053\u3068\u304c\u3067\u304d\u308b\u3002","breadcrumb":{"@id":"https:\/\/www.aninite.at\/ja\/programm\/maid-cafe-2\/#breadcrumb"},"inLanguage":"ja","potentialAction":[{"@type":"ReadAction","target":["https:\/\/www.aninite.at\/ja\/programm\/maid-cafe-2\/"]}]},{"@type":"ImageObject","inLanguage":"ja","@id":"https:\/\/www.aninite.at\/ja\/programm\/maid-cafe-2\/#primaryimage","url":"https:\/\/www.aninite.at\/wp-content\/uploads\/\/PageTitelBanner.svg","contentUrl":"https:\/\/www.aninite.at\/wp-content\/uploads\/\/PageTitelBanner.svg"},{"@type":"BreadcrumbList","@id":"https:\/\/www.aninite.at\/ja\/programm\/maid-cafe-2\/#breadcrumb","itemListElement":[{"@type":"ListItem","position":1,"name":"Startseite","item":"https:\/\/www.aninite.at\/ja\/willkommen\/"},{"@type":"ListItem","position":2,"name":"\u30d7\u30ed\u30b0\u30e9\u30e0","item":"https:\/\/www.aninite.at\/ja\/programm\/"},{"@type":"ListItem","position":3,"name":"\u30e1\u30a4\u30c9\u30ab\u30d5\u30a7"}]},{"@type":"WebSite","@id":"https:\/\/www.aninite.at\/ja\/#website","url":"https:\/\/www.aninite.at\/ja\/","name":"AniNite","description":"\u00d6sterreichs gr\u00f6\u00dfte Anime-, Manga- und Comic-Convention","potentialAction":[{"@type":"SearchAction","target":{"@type":"EntryPoint","urlTemplate":"https:\/\/www.aninite.at\/ja\/?s={search_term_string}"},"query-input":{"@type":"PropertyValueSpecification","valueRequired":true,"valueName":"search_term_string"}}],"inLanguage":"ja"}]}},"acf":[],"_links":{"self":[{"href":"https:\/\/www.aninite.at\/ja\/wp-json\/wp\/v2\/pages\/33573","targetHints":{"allow":["GET"]}}],"collection":[{"href":"https:\/\/www.aninite.at\/ja\/wp-json\/wp\/v2\/pages"}],"about":[{"href":"https:\/\/www.aninite.at\/ja\/wp-json\/wp\/v2\/types\/page"}],"author":[{"embeddable":true,"href":"https:\/\/www.aninite.at\/ja\/wp-json\/wp\/v2\/users\/10"}],"replies":[{"embeddable":true,"href":"https:\/\/www.aninite.at\/ja\/wp-json\/wp\/v2\/comments?post=33573"}],"version-history":[{"count":6,"href":"https:\/\/www.aninite.at\/ja\/wp-json\/wp\/v2\/pages\/33573\/revisions"}],"predecessor-version":[{"id":35048,"href":"https:\/\/www.aninite.at\/ja\/wp-json\/wp\/v2\/pages\/33573\/revisions\/35048"}],"up":[{"embeddable":true,"href":"https:\/\/www.aninite.at\/ja\/wp-json\/wp\/v2\/pages\/33564"}],"wp:attachment":[{"href":"https:\/\/www.aninite.at\/ja\/wp-json\/wp\/v2\/media?parent=33573"}],"curies":[{"name":"wp","href":"https:\/\/api.w.org\/{rel}","templated":true}]}}