{"id":33594,"date":"2021-03-13T20:41:14","date_gmt":"2021-03-13T19:41:14","guid":{"rendered":"https:\/\/www.aninite.at\/programm\/teehaus\/"},"modified":"2026-04-15T21:18:08","modified_gmt":"2026-04-15T19:18:08","slug":"teehaus","status":"publish","type":"page","link":"https:\/\/www.aninite.at\/ja\/programm\/teehaus\/","title":{"rendered":"\u30a2\u30cb\u30ca\u30a4\u30c8\u30fb\u30c6\u30a3\u30fc\u30cf\u30a6\u30b9"},"content":{"rendered":"<div class=\"wp-block-image\">\n<figure class=\"aligncenter size-full\"><img loading=\"lazy\" decoding=\"async\" width=\"700\" height=\"72\" src=\"https:\/\/www.aninite.at\/wp-content\/uploads\/\/PageTitelBanner.svg\" alt=\"\" class=\"wp-image-34807\"\/><\/figure>\n<\/div>\n<div style=\"height:50px\" aria-hidden=\"true\" class=\"wp-block-spacer\"><\/div>\n\n<div class=\"wp-block-media-text alignwide is-stacked-on-mobile\"><figure class=\"wp-block-media-text__media\"><img loading=\"lazy\" decoding=\"async\" width=\"1024\" height=\"969\" src=\"https:\/\/www.aninite.at\/wp-content\/uploads\/\/Ticket-1024x969.png\" alt=\"\" class=\"wp-image-34743 size-full\" srcset=\"https:\/\/www.aninite.at\/wp-content\/uploads\/Ticket-1024x969.png 1024w, https:\/\/www.aninite.at\/wp-content\/uploads\/Ticket-300x284.png 300w, https:\/\/www.aninite.at\/wp-content\/uploads\/Ticket-768x727.png 768w, https:\/\/www.aninite.at\/wp-content\/uploads\/Ticket-1536x1453.png 1536w, https:\/\/www.aninite.at\/wp-content\/uploads\/Ticket-2048x1938.png 2048w, https:\/\/www.aninite.at\/wp-content\/uploads\/Ticket-1140x1079.png 1140w\" sizes=\"auto, (max-width: 1024px) 100vw, 1024px\" \/><\/figure><div class=\"wp-block-media-text__content\">\n<h2 class=\"wp-block-heading has-text-color\" style=\"color:#801fdc;font-size:28px\"><strong>\u30a2\u30cb\u30ca\u30a4\u30c8\u30fb\u30c6\u30a3\u30fc\u30cf\u30a6\u30b9\u3078\u3088\u3046\u3053\u305d\uff01<\/strong><\/h2>\n\n\n\n<p>AniNite\u306e\u30c6\u30a3\u30fc\u30cf\u30a6\u30b9\u3067\u306f\u3001\u3061\u3087\u3063\u3068\u3057\u305f\u30b9\u30ca\u30c3\u30af\u3068\u30ea\u30e9\u30c3\u30af\u30b9\u3067\u304d\u308b\u304a\u8336\u3067\u304f\u3064\u308d\u3050\u3053\u3068\u304c\u3067\u304d\u308b\u3002<\/p>\n\n\n\n<h3 class=\"wp-block-heading has-text-color\" style=\"color:#801fdc\">\u55b6\u696d\u6642\u9593<\/h3>\n\n\n\n<p><strong>\u91d1\u30fb\u571f 11:00 - 19:00<br\/>\u65e5 11:00 - 16:00  <\/strong><\/p>\n\n\n\n<p>\u3059\u3079\u3066\u306e\u304a\u5ba2\u3055\u307e\u306b\u304a\u8336\u3092\u697d\u3057\u3093\u3067\u3044\u305f\u3060\u304f\u305f\u3081\u30011\u56de\u306e\u304a\u8336\u306730\u5206\u4ee5\u4e0a\u306e\u6ede\u5728\u306f\u3054\u9060\u616e\u3044\u305f\u3060\u3044\u3066\u3044\u308b\u3002\u3054\u4e86\u627f\u3044\u305f\u3060\u304d\u305f\u3044\uff01 <\/p>\n\n\n\n<h3 class=\"wp-block-heading has-text-color\" style=\"color:#801fdc\">\u300c\u30c6\u30a3\u30fc\u30bf\u30a4\u30e0\u306e\u5f8c\u306b<\/h3>\n\n\n\n<p>\u7d05\u8336\u3092\u6c17\u306b\u5165\u308a\u3001\u6301\u3061\u5e30\u308a\u305f\u304f\u306a\u3063\u305f\u3060\u308d\u3046\u304b\uff1f<br\/><strong>\u65e5\u66dc\u65e5\u306e\u5348\u5f8c4\u6642\u304b\u3089<\/strong>\u3001\u3053\u306e\u7d05\u8336\u3092\u8cfc\u5165\u3059\u308b\u30c1\u30e3\u30f3\u30b9\u304c\u3042\u308b\u3002- \u305f\u3060\u3057\u3001\u5728\u5eab\u304c\u3042\u308b\u9650\u308a\u3001\u9045\u304f\u3068\u3082<strong>\u5348\u5f8c5<\/strong>\u6642\u307e\u3067\u3060\u3002 <\/p>\n\n\n\n<h3 class=\"wp-block-heading has-text-color\" style=\"color:#801fdc\">\u6301\u3061\u5e30\u308a\u7528\u306e\u304a\u8336<\/h3>\n\n\n\n<p>\u304a\u8336\u3092\u98f2\u307f\u305f\u3044\u304c\u3001\u30d1\u30cd\u30eb\u3092\u898b\u9003\u3057\u305f\u304f\u306a\u3044\uff1f\u8336\u5ba4\u306b\u306f\u7a7a\u304d\u304c\u306a\u3044\u304c\u3001\u304a\u8336\u3092\u98f2\u307f\u305f\u3044\uff1f  - \u3054\u5fc3\u914d\u306a\u304f\u3001\u89e3\u6c7a\u7b56\u304c\u3042\u308b\uff01<\/p>\n\n\n\n<p>\u4f8b\u5e74\u901a\u308a\u3001\u7d05\u8336\u3092\u6301\u3061\u5e30\u308b\u3053\u3068\u3082\u3067\u304d\u308b\u3002\u305d\u306e\u305f\u3081\u3001\u3069\u3053\u306b\u3044\u3066\u3082\u304a\u8336\u3092\u697d\u3057\u3080\u3053\u3068\u304c\u3067\u304d\u308b\u3002 <\/p>\n\n\n\n<h3 class=\"wp-block-heading has-text-color\" style=\"color:#801fdc\">\u597d\u5947\u5fc3\u304c\u6e67\u3044\u3066\u304d\u305f\u304b\uff1f<\/h3>\n\n\n\n<p>\u305d\u3057\u3066\u3001\u79c1\u305f\u3061\u304c\u7528\u610f\u3057\u305f\u304a\u8336\u306e\u30e1\u30cb\u30e5\u30fc\u3092\u898b\u3066\u307f\u3088\u3046\uff01\u304a\u8336\u5c4b\u30c1\u30fc\u30e0\u306e\u304a\u6c17\u306b\u5165\u308a\u304c\u898b\u3064\u304b\u308b\u306f\u305a\u3060\u3002 <\/p>\n\n\n\n<p><strong>\u304a\u8336\u306e\u30e1\u30cb\u30e5\u30fc\u306f\u3059\u3050\u306b\u898b\u3064\u304b\u308b\u3060\u308d\u3046\uff01<\/strong><\/p>\n\n\n\n<p class=\"has-text-align-left has-medium-font-size\"><strong>\u305d\u3053\u3067\u304a\u4f1a\u3044\u3067\u304d\u308b\u3053\u3068\u3092\u697d\u3057\u307f\u306b\u3057\u3066\u3044\u308b\uff01<\/strong><\/p>\n<\/div><\/div>\n<div class=\"wp-block-image\">\n<figure class=\"aligncenter size-full\"><img loading=\"lazy\" decoding=\"async\" width=\"728\" height=\"162\" src=\"https:\/\/www.aninite.at\/wp-content\/uploads\/Footer_2026_FL.png\" alt=\"\" class=\"wp-image-34746\" srcset=\"https:\/\/www.aninite.at\/wp-content\/uploads\/Footer_2026_FL.png 728w, https:\/\/www.aninite.at\/wp-content\/uploads\/Footer_2026_FL-300x67.png 300w\" sizes=\"auto, (max-width: 728px) 100vw, 728px\" \/><\/figure>\n<\/div>","protected":false},"excerpt":{"rendered":"<p>\u30a2\u30cb\u30ca\u30a4\u30c8\u30fb\u30c6\u30a3\u30fc\u30cf\u30a6\u30b9\u3078\u3088\u3046\u3053\u305d\uff01 AniNite\u306e\u30c6\u30a3\u30fc\u30cf\u30a6\u30b9\u3067\u306f\u3001\u3061\u3087\u3063\u3068\u3057\u305f\u30b9\u30ca\u30c3\u30af\u3068\u30ea\u30e9\u30c3\u30af\u30b9\u3067\u304d\u308b\u304a\u8336\u3067\u304f\u3064\u308d\u3050\u3053\u3068\u304c\u3067\u304d\u308b\u3002 \u55b6\u696d\u6642\u9593 \u91d1\u30fb\u571f 11:00 - 19:00\u65e5 11:00 - 16:00 \u3059\u3079\u3066\u306e\u304a\u5ba2\u3055\u307e\u306b\u304a\u8336\u3092\u697d\u3057\u3093\u3067\u3044\u305f\u3060\u304f\u305f\u3081\u30011\u56de\u306e\u304a\u8336\u306730\u5206\u4ee5\u4e0a\u306e\u6ede\u5728\u306f\u3054\u9060\u616e\u3044\u305f\u3060\u3044\u3066\u3044\u308b\u3002\u3054\u4e86\u627f\u3044\u305f\u3060\u304d\u305f\u3044\uff01 \u300c\u30c6\u30a3\u30fc\u30bf\u30a4\u30e0\u306e\u5f8c\u306b \u7d05\u8336\u3092\u6c17\u306b\u5165\u308a\u3001\u6301\u3061\u5e30\u308a\u305f\u304f\u306a\u3063\u305f\u3060\u308d\u3046\u304b\uff1f\u65e5\u66dc\u65e5\u306e\u5348\u5f8c4\u6642\u304b\u3089\u3001\u3053\u306e\u7d05\u8336\u3092\u8cfc\u5165\u3059\u308b\u30c1\u30e3\u30f3\u30b9\u304c\u3042\u308b\u3002- \u305f\u3060\u3057\u3001\u5728\u5eab\u304c\u3042\u308b\u9650\u308a\u3001\u9045\u304f\u3068\u3082\u5348\u5f8c5\u6642\u307e\u3067\u3060\u3002 \u6301\u3061\u5e30\u308a\u7528\u306e\u304a\u8336 \u304a\u8336\u3092\u98f2\u307f\u305f\u3044\u304c\u3001\u30d1\u30cd\u30eb\u3092\u898b\u9003\u3057\u305f\u304f\u306a\u3044\uff1f\u8336\u5ba4\u306b\u306f\u7a7a\u304d\u304c\u306a\u3044\u304c\u3001\u304a\u8336\u3092\u98f2\u307f\u305f\u3044\uff1f - \u3054\u5fc3\u914d\u306a\u304f\u3001\u89e3\u6c7a\u7b56\u304c\u3042\u308b\uff01 \u4f8b\u5e74\u901a\u308a\u3001\u7d05\u8336\u3092\u6301\u3061\u5e30\u308b\u3053\u3068\u3082\u3067\u304d\u308b\u3002\u305d\u306e\u305f\u3081\u3001\u3069\u3053\u306b\u3044\u3066\u3082\u304a\u8336\u3092\u697d\u3057\u3080\u3053\u3068\u304c\u3067\u304d\u308b\u3002 \u597d\u5947\u5fc3\u304c\u6e67\u3044\u3066\u304d\u305f\u304b\uff1f \u305d\u3057\u3066\u3001\u79c1\u305f\u3061\u304c\u7528\u610f\u3057\u305f\u304a\u8336\u306e\u30e1\u30cb\u30e5\u30fc\u3092\u898b\u3066\u307f\u3088\u3046\uff01\u304a\u8336\u5c4b\u30c1\u30fc\u30e0\u306e\u304a\u6c17\u306b\u5165\u308a\u304c\u898b\u3064\u304b\u308b\u306f\u305a\u3060\u3002 \u304a\u8336\u306e\u30e1\u30cb\u30e5\u30fc\u306f\u3059\u3050\u306b\u898b\u3064\u304b\u308b\u3060\u308d\u3046\uff01 \u305d\u3053\u3067\u304a\u4f1a\u3044\u3067\u304d\u308b\u3053\u3068\u3092\u697d\u3057\u307f\u306b\u3057\u3066\u3044\u308b\uff01<\/p>\n","protected":false},"author":10,"featured_media":0,"parent":33564,"menu_order":0,"comment_status":"closed","ping_status":"closed","template":"","meta":{"inline_featured_image":false,"footnotes":""},"class_list":["post-33594","page","type-page","status-publish","hentry"],"yoast_head":"<!-- This site is optimized with the Yoast SEO plugin v27.5 - https:\/\/yoast.com\/product\/yoast-seo-wordpress\/ -->\n<title>\u30a2\u30cb\u30ca\u30a4\u30c8\u30fb\u30c6\u30a3\u30fc\u30cf\u30a6\u30b9 - AniNite<\/title>\n<meta name=\"description\" content=\"\u305d\u306e\u5f8c\u3001AniNite\u306e\u30c6\u30a3\u30fc\u30cf\u30a6\u30b9\u3067\u3061\u3087\u3063\u3068\u3057\u305f\u30b9\u30ca\u30c3\u30af\u3068\u30ea\u30e9\u30c3\u30af\u30b9\u3067\u304d\u308b\u304a\u8336\u3067\u5927\u4f1a\u306e\u30b9\u30c8\u30ec\u30b9\u304b\u3089\u56de\u5fa9\u3059\u308b\u3053\u3068\u304c\u3067\u304d\u308b\u3002\" \/>\n<meta name=\"robots\" content=\"index, follow, max-snippet:-1, max-image-preview:large, max-video-preview:-1\" \/>\n<link rel=\"canonical\" href=\"https:\/\/www.aninite.at\/ja\/programm\/teehaus\/\" \/>\n<meta property=\"og:locale\" content=\"ja_JP\" \/>\n<meta property=\"og:type\" content=\"article\" \/>\n<meta property=\"og:title\" content=\"\u30a2\u30cb\u30ca\u30a4\u30c8\u30fb\u30c6\u30a3\u30fc\u30cf\u30a6\u30b9 - AniNite\" \/>\n<meta property=\"og:description\" content=\"\u305d\u306e\u5f8c\u3001AniNite\u306e\u30c6\u30a3\u30fc\u30cf\u30a6\u30b9\u3067\u3061\u3087\u3063\u3068\u3057\u305f\u30b9\u30ca\u30c3\u30af\u3068\u30ea\u30e9\u30c3\u30af\u30b9\u3067\u304d\u308b\u304a\u8336\u3067\u5927\u4f1a\u306e\u30b9\u30c8\u30ec\u30b9\u304b\u3089\u56de\u5fa9\u3059\u308b\u3053\u3068\u304c\u3067\u304d\u308b\u3002\" \/>\n<meta property=\"og:url\" content=\"https:\/\/www.aninite.at\/ja\/programm\/teehaus\/\" \/>\n<meta property=\"og:site_name\" content=\"AniNite\" \/>\n<meta property=\"article:publisher\" content=\"https:\/\/www.facebook.com\/AniMangaAustria\" \/>\n<meta property=\"article:modified_time\" content=\"2026-04-15T19:18:08+00:00\" \/>\n<meta property=\"og:image\" content=\"https:\/\/www.aninite.at\/wp-content\/uploads\/Sascha_frei_Teehaus_IMG_2622-200x300.jpg\" \/>\n<meta name=\"twitter:card\" content=\"summary_large_image\" \/>\n<meta name=\"twitter:title\" content=\"\u30a2\u30cb\u30ca\u30a4\u30c8\u30fb\u30c6\u30a3\u30fc\u30cf\u30a6\u30b9\" \/>\n<meta name=\"twitter:description\" content=\"AniNite\u306e\u30c6\u30a3\u30fc\u30cf\u30a6\u30b9\u3067\u306f\u3001\u3061\u3087\u3063\u3068\u3057\u305f\u30b9\u30ca\u30c3\u30af\u3068\u30ea\u30e9\u30c3\u30af\u30b9\u3067\u304d\u308b\u304a\u8336\u3067\u5927\u4f1a\u306e\u30b9\u30c8\u30ec\u30b9\u304b\u3089\u56de\u5fa9\u3059\u308b\u3053\u3068\u304c\u3067\u304d\u308b\u3002\" \/>\n<meta name=\"twitter:image\" content=\"https:\/\/www.aninite.at\/wp-content\/uploads\/Sascha_frei_Teehaus_IMG_2622-683x1024.jpg\" \/>\n<script type=\"application\/ld+json\" class=\"yoast-schema-graph\">{\"@context\":\"https:\\\/\\\/schema.org\",\"@graph\":[{\"@type\":\"WebPage\",\"@id\":\"https:\\\/\\\/www.aninite.at\\\/ja\\\/programm\\\/teehaus\\\/\",\"url\":\"https:\\\/\\\/www.aninite.at\\\/ja\\\/programm\\\/teehaus\\\/\",\"name\":\"\u30a2\u30cb\u30ca\u30a4\u30c8\u30fb\u30c6\u30a3\u30fc\u30cf\u30a6\u30b9 - AniNite\",\"isPartOf\":{\"@id\":\"https:\\\/\\\/www.aninite.at\\\/ja\\\/#website\"},\"primaryImageOfPage\":{\"@id\":\"https:\\\/\\\/www.aninite.at\\\/ja\\\/programm\\\/teehaus\\\/#primaryimage\"},\"image\":{\"@id\":\"https:\\\/\\\/www.aninite.at\\\/ja\\\/programm\\\/teehaus\\\/#primaryimage\"},\"thumbnailUrl\":\"https:\\\/\\\/www.aninite.at\\\/wp-content\\\/uploads\\\/\\\/PageTitelBanner.svg\",\"datePublished\":\"2021-03-13T19:41:14+00:00\",\"dateModified\":\"2026-04-15T19:18:08+00:00\",\"description\":\"\u305d\u306e\u5f8c\u3001AniNite\u306e\u30c6\u30a3\u30fc\u30cf\u30a6\u30b9\u3067\u3061\u3087\u3063\u3068\u3057\u305f\u30b9\u30ca\u30c3\u30af\u3068\u30ea\u30e9\u30c3\u30af\u30b9\u3067\u304d\u308b\u304a\u8336\u3067\u5927\u4f1a\u306e\u30b9\u30c8\u30ec\u30b9\u304b\u3089\u56de\u5fa9\u3059\u308b\u3053\u3068\u304c\u3067\u304d\u308b\u3002\",\"breadcrumb\":{\"@id\":\"https:\\\/\\\/www.aninite.at\\\/ja\\\/programm\\\/teehaus\\\/#breadcrumb\"},\"inLanguage\":\"ja\",\"potentialAction\":[{\"@type\":\"ReadAction\",\"target\":[\"https:\\\/\\\/www.aninite.at\\\/ja\\\/programm\\\/teehaus\\\/\"]}]},{\"@type\":\"ImageObject\",\"inLanguage\":\"ja\",\"@id\":\"https:\\\/\\\/www.aninite.at\\\/ja\\\/programm\\\/teehaus\\\/#primaryimage\",\"url\":\"https:\\\/\\\/www.aninite.at\\\/wp-content\\\/uploads\\\/\\\/PageTitelBanner.svg\",\"contentUrl\":\"https:\\\/\\\/www.aninite.at\\\/wp-content\\\/uploads\\\/\\\/PageTitelBanner.svg\"},{\"@type\":\"BreadcrumbList\",\"@id\":\"https:\\\/\\\/www.aninite.at\\\/ja\\\/programm\\\/teehaus\\\/#breadcrumb\",\"itemListElement\":[{\"@type\":\"ListItem\",\"position\":1,\"name\":\"Startseite\",\"item\":\"https:\\\/\\\/www.aninite.at\\\/ja\\\/willkommen\\\/\"},{\"@type\":\"ListItem\",\"position\":2,\"name\":\"\u30d7\u30ed\u30b0\u30e9\u30e0\",\"item\":\"https:\\\/\\\/www.aninite.at\\\/ja\\\/programm\\\/\"},{\"@type\":\"ListItem\",\"position\":3,\"name\":\"\u30a2\u30cb\u30ca\u30a4\u30c8\u30fb\u30c6\u30a3\u30fc\u30cf\u30a6\u30b9\"}]},{\"@type\":\"WebSite\",\"@id\":\"https:\\\/\\\/www.aninite.at\\\/ja\\\/#website\",\"url\":\"https:\\\/\\\/www.aninite.at\\\/ja\\\/\",\"name\":\"AniNite\",\"description\":\"\u00d6sterreichs gr\u00f6\u00dfte Anime-, Manga- und Comic-Convention\",\"potentialAction\":[{\"@type\":\"SearchAction\",\"target\":{\"@type\":\"EntryPoint\",\"urlTemplate\":\"https:\\\/\\\/www.aninite.at\\\/ja\\\/?s={search_term_string}\"},\"query-input\":{\"@type\":\"PropertyValueSpecification\",\"valueRequired\":true,\"valueName\":\"search_term_string\"}}],\"inLanguage\":\"ja\"}]}<\/script>\n<!-- \/ Yoast SEO plugin. -->","yoast_head_json":{"title":"\u30a2\u30cb\u30ca\u30a4\u30c8\u30fb\u30c6\u30a3\u30fc\u30cf\u30a6\u30b9 - AniNite","description":"\u305d\u306e\u5f8c\u3001AniNite\u306e\u30c6\u30a3\u30fc\u30cf\u30a6\u30b9\u3067\u3061\u3087\u3063\u3068\u3057\u305f\u30b9\u30ca\u30c3\u30af\u3068\u30ea\u30e9\u30c3\u30af\u30b9\u3067\u304d\u308b\u304a\u8336\u3067\u5927\u4f1a\u306e\u30b9\u30c8\u30ec\u30b9\u304b\u3089\u56de\u5fa9\u3059\u308b\u3053\u3068\u304c\u3067\u304d\u308b\u3002","robots":{"index":"index","follow":"follow","max-snippet":"max-snippet:-1","max-image-preview":"max-image-preview:large","max-video-preview":"max-video-preview:-1"},"canonical":"https:\/\/www.aninite.at\/ja\/programm\/teehaus\/","og_locale":"ja_JP","og_type":"article","og_title":"\u30a2\u30cb\u30ca\u30a4\u30c8\u30fb\u30c6\u30a3\u30fc\u30cf\u30a6\u30b9 - AniNite","og_description":"\u305d\u306e\u5f8c\u3001AniNite\u306e\u30c6\u30a3\u30fc\u30cf\u30a6\u30b9\u3067\u3061\u3087\u3063\u3068\u3057\u305f\u30b9\u30ca\u30c3\u30af\u3068\u30ea\u30e9\u30c3\u30af\u30b9\u3067\u304d\u308b\u304a\u8336\u3067\u5927\u4f1a\u306e\u30b9\u30c8\u30ec\u30b9\u304b\u3089\u56de\u5fa9\u3059\u308b\u3053\u3068\u304c\u3067\u304d\u308b\u3002","og_url":"https:\/\/www.aninite.at\/ja\/programm\/teehaus\/","og_site_name":"AniNite","article_publisher":"https:\/\/www.facebook.com\/AniMangaAustria","article_modified_time":"2026-04-15T19:18:08+00:00","og_image":[{"url":"https:\/\/www.aninite.at\/wp-content\/uploads\/Sascha_frei_Teehaus_IMG_2622-200x300.jpg","type":"","width":"","height":""}],"twitter_card":"summary_large_image","twitter_title":"\u30a2\u30cb\u30ca\u30a4\u30c8\u30fb\u30c6\u30a3\u30fc\u30cf\u30a6\u30b9","twitter_description":"AniNite\u306e\u30c6\u30a3\u30fc\u30cf\u30a6\u30b9\u3067\u306f\u3001\u3061\u3087\u3063\u3068\u3057\u305f\u30b9\u30ca\u30c3\u30af\u3068\u30ea\u30e9\u30c3\u30af\u30b9\u3067\u304d\u308b\u304a\u8336\u3067\u5927\u4f1a\u306e\u30b9\u30c8\u30ec\u30b9\u304b\u3089\u56de\u5fa9\u3059\u308b\u3053\u3068\u304c\u3067\u304d\u308b\u3002","twitter_image":"https:\/\/www.aninite.at\/wp-content\/uploads\/Sascha_frei_Teehaus_IMG_2622-683x1024.jpg","schema":{"@context":"https:\/\/schema.org","@graph":[{"@type":"WebPage","@id":"https:\/\/www.aninite.at\/ja\/programm\/teehaus\/","url":"https:\/\/www.aninite.at\/ja\/programm\/teehaus\/","name":"\u30a2\u30cb\u30ca\u30a4\u30c8\u30fb\u30c6\u30a3\u30fc\u30cf\u30a6\u30b9 - AniNite","isPartOf":{"@id":"https:\/\/www.aninite.at\/ja\/#website"},"primaryImageOfPage":{"@id":"https:\/\/www.aninite.at\/ja\/programm\/teehaus\/#primaryimage"},"image":{"@id":"https:\/\/www.aninite.at\/ja\/programm\/teehaus\/#primaryimage"},"thumbnailUrl":"https:\/\/www.aninite.at\/wp-content\/uploads\/\/PageTitelBanner.svg","datePublished":"2021-03-13T19:41:14+00:00","dateModified":"2026-04-15T19:18:08+00:00","description":"\u305d\u306e\u5f8c\u3001AniNite\u306e\u30c6\u30a3\u30fc\u30cf\u30a6\u30b9\u3067\u3061\u3087\u3063\u3068\u3057\u305f\u30b9\u30ca\u30c3\u30af\u3068\u30ea\u30e9\u30c3\u30af\u30b9\u3067\u304d\u308b\u304a\u8336\u3067\u5927\u4f1a\u306e\u30b9\u30c8\u30ec\u30b9\u304b\u3089\u56de\u5fa9\u3059\u308b\u3053\u3068\u304c\u3067\u304d\u308b\u3002","breadcrumb":{"@id":"https:\/\/www.aninite.at\/ja\/programm\/teehaus\/#breadcrumb"},"inLanguage":"ja","potentialAction":[{"@type":"ReadAction","target":["https:\/\/www.aninite.at\/ja\/programm\/teehaus\/"]}]},{"@type":"ImageObject","inLanguage":"ja","@id":"https:\/\/www.aninite.at\/ja\/programm\/teehaus\/#primaryimage","url":"https:\/\/www.aninite.at\/wp-content\/uploads\/\/PageTitelBanner.svg","contentUrl":"https:\/\/www.aninite.at\/wp-content\/uploads\/\/PageTitelBanner.svg"},{"@type":"BreadcrumbList","@id":"https:\/\/www.aninite.at\/ja\/programm\/teehaus\/#breadcrumb","itemListElement":[{"@type":"ListItem","position":1,"name":"Startseite","item":"https:\/\/www.aninite.at\/ja\/willkommen\/"},{"@type":"ListItem","position":2,"name":"\u30d7\u30ed\u30b0\u30e9\u30e0","item":"https:\/\/www.aninite.at\/ja\/programm\/"},{"@type":"ListItem","position":3,"name":"\u30a2\u30cb\u30ca\u30a4\u30c8\u30fb\u30c6\u30a3\u30fc\u30cf\u30a6\u30b9"}]},{"@type":"WebSite","@id":"https:\/\/www.aninite.at\/ja\/#website","url":"https:\/\/www.aninite.at\/ja\/","name":"AniNite","description":"\u00d6sterreichs gr\u00f6\u00dfte Anime-, Manga- und Comic-Convention","potentialAction":[{"@type":"SearchAction","target":{"@type":"EntryPoint","urlTemplate":"https:\/\/www.aninite.at\/ja\/?s={search_term_string}"},"query-input":{"@type":"PropertyValueSpecification","valueRequired":true,"valueName":"search_term_string"}}],"inLanguage":"ja"}]}},"acf":[],"_links":{"self":[{"href":"https:\/\/www.aninite.at\/ja\/wp-json\/wp\/v2\/pages\/33594","targetHints":{"allow":["GET"]}}],"collection":[{"href":"https:\/\/www.aninite.at\/ja\/wp-json\/wp\/v2\/pages"}],"about":[{"href":"https:\/\/www.aninite.at\/ja\/wp-json\/wp\/v2\/types\/page"}],"author":[{"embeddable":true,"href":"https:\/\/www.aninite.at\/ja\/wp-json\/wp\/v2\/users\/10"}],"replies":[{"embeddable":true,"href":"https:\/\/www.aninite.at\/ja\/wp-json\/wp\/v2\/comments?post=33594"}],"version-history":[{"count":7,"href":"https:\/\/www.aninite.at\/ja\/wp-json\/wp\/v2\/pages\/33594\/revisions"}],"predecessor-version":[{"id":35024,"href":"https:\/\/www.aninite.at\/ja\/wp-json\/wp\/v2\/pages\/33594\/revisions\/35024"}],"up":[{"embeddable":true,"href":"https:\/\/www.aninite.at\/ja\/wp-json\/wp\/v2\/pages\/33564"}],"wp:attachment":[{"href":"https:\/\/www.aninite.at\/ja\/wp-json\/wp\/v2\/media?parent=33594"}],"curies":[{"name":"wp","href":"https:\/\/api.w.org\/{rel}","templated":true}]}}