{"id":33597,"date":"2021-03-13T20:41:21","date_gmt":"2021-03-13T19:41:21","guid":{"rendered":"https:\/\/www.aninite.at\/programm\/games\/"},"modified":"2026-04-15T21:23:53","modified_gmt":"2026-04-15T19:23:53","slug":"games","status":"publish","type":"page","link":"https:\/\/www.aninite.at\/ja\/programm\/games\/","title":{"rendered":"\u30b2\u30fc\u30e0"},"content":{"rendered":"<div class=\"wp-block-image\">\n<figure class=\"aligncenter size-full is-resized\"><img loading=\"lazy\" decoding=\"async\" width=\"700\" height=\"72\" src=\"https:\/\/www.aninite.at\/wp-content\/uploads\/\/PageTitelBanner.svg\" alt=\"\" class=\"wp-image-34807\" style=\"width:700px;height:72px\"\/><\/figure>\n<\/div>\n<div style=\"height:50px\" aria-hidden=\"true\" class=\"wp-block-spacer\"><\/div>\n\n<p class=\"has-text-align-center\">\u4eca\u5e74\u3082\u30a2\u30cb\u30ca\u30a4\u30c8\u3067\u5c45\u5fc3\u5730\u306e\u826f\u3044\u8a66\u5408\u3092\u697d\u3057\u3080\u3053\u3068\u304c\u3067\u304d\u308b\uff01  <br\/>AniNite\u3067\u958b\u50ac\u3055\u308c\u308b\u30d3\u30c7\u30aa\u30b2\u30fc\u30e0\u3001\u30dc\u30fc\u30c9\u30b2\u30fc\u30e0\u3001\u30a2\u30fc\u30b1\u30fc\u30c9\u3001\u30da\u30f3\uff06\u30da\u30fc\u30d1\u30fc\u3001\u305d\u3057\u3066\u95a2\u9023\u30c8\u30fc\u30ca\u30e1\u30f3\u30c8\u306b\u95a2\u3059\u308b\u3059\u3079\u3066\u306e\u60c5\u5831\u306f\u3001\u3053\u3053\u3067\u898b\u3064\u3051\u308b\u3053\u3068\u304c\u3067\u304d\u308b\u3002<\/p>\n\n<hr class=\"wp-block-separator has-alpha-channel-opacity\"\/>\n\n<p>AniNite2025\u306b\u306f\u4ee5\u4e0b\u306e\u51fa\u5c55\u8005\u3092\u8fce\u3048\u305f\uff1a<\/p>\n\n<div class=\"wp-block-columns is-layout-flex wp-container-core-columns-is-layout-9d6595d7 wp-block-columns-is-layout-flex\">\n<div class=\"wp-block-column is-layout-flow wp-block-column-is-layout-flow\">\n<figure class=\"wp-block-image size-full\"><img loading=\"lazy\" decoding=\"async\" width=\"974\" height=\"652\" src=\"https:\/\/www.aninite.at\/wp-content\/uploads\/goverband-logo-raster.png\" alt=\"\" class=\"wp-image-34306\" srcset=\"https:\/\/www.aninite.at\/wp-content\/uploads\/goverband-logo-raster.png 974w, https:\/\/www.aninite.at\/wp-content\/uploads\/goverband-logo-raster-300x201.png 300w, https:\/\/www.aninite.at\/wp-content\/uploads\/goverband-logo-raster-768x514.png 768w\" sizes=\"auto, (max-width: 974px) 100vw, 974px\" \/><\/figure>\n\n\n\n<div class=\"wp-block-columns is-layout-flex wp-container-core-columns-is-layout-9d6595d7 wp-block-columns-is-layout-flex\">\n<div class=\"wp-block-column is-layout-flow wp-block-column-is-layout-flow\"><\/div>\n\n\n\n<div class=\"wp-block-column is-layout-flow wp-block-column-is-layout-flow\"><\/div>\n<\/div>\n<\/div>\n\n\n\n<div class=\"wp-block-column is-layout-flow wp-block-column-is-layout-flow\">\n<figure class=\"wp-block-image size-large\"><img loading=\"lazy\" decoding=\"async\" width=\"1024\" height=\"1024\" src=\"https:\/\/www.aninite.at\/wp-content\/uploads\/\/EC70F7E2-4D6F-4619-B955-5753E212A7C3-1024x1024.png\" alt=\"\" class=\"wp-image-34312\" srcset=\"https:\/\/www.aninite.at\/wp-content\/uploads\/EC70F7E2-4D6F-4619-B955-5753E212A7C3-1024x1024.png 1024w, https:\/\/www.aninite.at\/wp-content\/uploads\/EC70F7E2-4D6F-4619-B955-5753E212A7C3-300x300.png 300w, https:\/\/www.aninite.at\/wp-content\/uploads\/EC70F7E2-4D6F-4619-B955-5753E212A7C3-150x150.png 150w, https:\/\/www.aninite.at\/wp-content\/uploads\/EC70F7E2-4D6F-4619-B955-5753E212A7C3-768x768.png 768w, https:\/\/www.aninite.at\/wp-content\/uploads\/EC70F7E2-4D6F-4619-B955-5753E212A7C3-1536x1536.png 1536w, https:\/\/www.aninite.at\/wp-content\/uploads\/EC70F7E2-4D6F-4619-B955-5753E212A7C3-1140x1140.png 1140w, https:\/\/www.aninite.at\/wp-content\/uploads\/EC70F7E2-4D6F-4619-B955-5753E212A7C3-75x75.png 75w, https:\/\/www.aninite.at\/wp-content\/uploads\/EC70F7E2-4D6F-4619-B955-5753E212A7C3.png 1920w\" sizes=\"auto, (max-width: 1024px) 100vw, 1024px\" \/><\/figure>\n<\/div>\n<\/div>\n\n<div class=\"wp-block-columns is-layout-flex wp-container-core-columns-is-layout-9d6595d7 wp-block-columns-is-layout-flex\">\n<div class=\"wp-block-column is-layout-flow wp-block-column-is-layout-flow\">\n<figure class=\"wp-block-image size-large\"><img loading=\"lazy\" decoding=\"async\" width=\"1024\" height=\"517\" src=\"https:\/\/www.aninite.at\/wp-content\/uploads\/\/Kasu-Asiatische-Spielekultur-1024x517.png\" alt=\"\" class=\"wp-image-34315\" srcset=\"https:\/\/www.aninite.at\/wp-content\/uploads\/Kasu-Asiatische-Spielekultur-1024x517.png 1024w, https:\/\/www.aninite.at\/wp-content\/uploads\/Kasu-Asiatische-Spielekultur-300x151.png 300w, https:\/\/www.aninite.at\/wp-content\/uploads\/Kasu-Asiatische-Spielekultur-768x387.png 768w, https:\/\/www.aninite.at\/wp-content\/uploads\/Kasu-Asiatische-Spielekultur-1140x575.png 1140w, https:\/\/www.aninite.at\/wp-content\/uploads\/Kasu-Asiatische-Spielekultur.png 1437w\" sizes=\"auto, (max-width: 1024px) 100vw, 1024px\" \/><\/figure>\n<\/div>\n\n\n\n<div class=\"wp-block-column is-layout-flow wp-block-column-is-layout-flow\">\n<figure class=\"wp-block-image size-full\"><img loading=\"lazy\" decoding=\"async\" width=\"340\" height=\"340\" src=\"https:\/\/www.aninite.at\/wp-content\/uploads\/Spieleclub.at_2025_1-1.jpg\" alt=\"\" class=\"wp-image-34318\" srcset=\"https:\/\/www.aninite.at\/wp-content\/uploads\/Spieleclub.at_2025_1-1.jpg 340w, https:\/\/www.aninite.at\/wp-content\/uploads\/Spieleclub.at_2025_1-1-300x300.jpg 300w, https:\/\/www.aninite.at\/wp-content\/uploads\/Spieleclub.at_2025_1-1-150x150.jpg 150w, https:\/\/www.aninite.at\/wp-content\/uploads\/Spieleclub.at_2025_1-1-75x75.jpg 75w\" sizes=\"auto, (max-width: 340px) 100vw, 340px\" \/><\/figure>\n<\/div>\n<\/div>\n\n<div class=\"wp-block-columns is-layout-flex wp-container-core-columns-is-layout-9d6595d7 wp-block-columns-is-layout-flex\">\n<div class=\"wp-block-column is-layout-flow wp-block-column-is-layout-flow\">\n<figure class=\"wp-block-image size-large\"><img loading=\"lazy\" decoding=\"async\" width=\"724\" height=\"1024\" src=\"https:\/\/www.aninite.at\/wp-content\/uploads\/\/Moogle_Gaming_Society_neu-724x1024.png\" alt=\"\" class=\"wp-image-34324\" srcset=\"https:\/\/www.aninite.at\/wp-content\/uploads\/Moogle_Gaming_Society_neu-724x1024.png 724w, https:\/\/www.aninite.at\/wp-content\/uploads\/Moogle_Gaming_Society_neu-212x300.png 212w, https:\/\/www.aninite.at\/wp-content\/uploads\/Moogle_Gaming_Society_neu-768x1086.png 768w, https:\/\/www.aninite.at\/wp-content\/uploads\/Moogle_Gaming_Society_neu-1086x1536.png 1086w, https:\/\/www.aninite.at\/wp-content\/uploads\/Moogle_Gaming_Society_neu-1448x2048.png 1448w, https:\/\/www.aninite.at\/wp-content\/uploads\/Moogle_Gaming_Society_neu-1140x1613.png 1140w, https:\/\/www.aninite.at\/wp-content\/uploads\/Moogle_Gaming_Society_neu-scaled.png 1810w\" sizes=\"auto, (max-width: 724px) 100vw, 724px\" \/><\/figure>\n<\/div>\n\n\n\n<div class=\"wp-block-column is-layout-flow wp-block-column-is-layout-flow\">\n<figure class=\"wp-block-image size-large\"><img loading=\"lazy\" decoding=\"async\" width=\"1024\" height=\"1024\" src=\"https:\/\/www.aninite.at\/wp-content\/uploads\/\/Spieleabend_square-1024x1024.png\" alt=\"\" class=\"wp-image-34327\" srcset=\"https:\/\/www.aninite.at\/wp-content\/uploads\/Spieleabend_square-1024x1024.png 1024w, https:\/\/www.aninite.at\/wp-content\/uploads\/Spieleabend_square-300x300.png 300w, https:\/\/www.aninite.at\/wp-content\/uploads\/Spieleabend_square-150x150.png 150w, https:\/\/www.aninite.at\/wp-content\/uploads\/Spieleabend_square-768x768.png 768w, https:\/\/www.aninite.at\/wp-content\/uploads\/Spieleabend_square-1536x1536.png 1536w, https:\/\/www.aninite.at\/wp-content\/uploads\/Spieleabend_square-2048x2048.png 2048w, https:\/\/www.aninite.at\/wp-content\/uploads\/Spieleabend_square-1140x1140.png 1140w, https:\/\/www.aninite.at\/wp-content\/uploads\/Spieleabend_square-75x75.png 75w\" sizes=\"auto, (max-width: 1024px) 100vw, 1024px\" \/><\/figure>\n<\/div>\n<\/div>\n\n<div class=\"wp-block-columns is-layout-flex wp-container-core-columns-is-layout-9d6595d7 wp-block-columns-is-layout-flex\">\n<div class=\"wp-block-column is-layout-flow wp-block-column-is-layout-flow\">\n<figure class=\"wp-block-image size-full\"><img loading=\"lazy\" decoding=\"async\" width=\"805\" height=\"808\" src=\"https:\/\/www.aninite.at\/wp-content\/uploads\/Copy-of-creAT_Logo-black.png\" alt=\"\" class=\"wp-image-34339\" srcset=\"https:\/\/www.aninite.at\/wp-content\/uploads\/Copy-of-creAT_Logo-black.png 805w, https:\/\/www.aninite.at\/wp-content\/uploads\/Copy-of-creAT_Logo-black-300x300.png 300w, https:\/\/www.aninite.at\/wp-content\/uploads\/Copy-of-creAT_Logo-black-150x150.png 150w, https:\/\/www.aninite.at\/wp-content\/uploads\/Copy-of-creAT_Logo-black-768x771.png 768w, https:\/\/www.aninite.at\/wp-content\/uploads\/Copy-of-creAT_Logo-black-75x75.png 75w\" sizes=\"auto, (max-width: 805px) 100vw, 805px\" \/><\/figure>\n<\/div>\n\n\n\n<div class=\"wp-block-column is-layout-flow wp-block-column-is-layout-flow\">\n<figure class=\"wp-block-image size-large\"><img loading=\"lazy\" decoding=\"async\" width=\"1024\" height=\"1024\" src=\"https:\/\/www.aninite.at\/wp-content\/uploads\/\/AS-Logo-Pergament-Wallpaper1080-x1080-1024x1024.png\" alt=\"\" class=\"wp-image-34369\" srcset=\"https:\/\/www.aninite.at\/wp-content\/uploads\/AS-Logo-Pergament-Wallpaper1080-x1080-1024x1024.png 1024w, https:\/\/www.aninite.at\/wp-content\/uploads\/AS-Logo-Pergament-Wallpaper1080-x1080-300x300.png 300w, https:\/\/www.aninite.at\/wp-content\/uploads\/AS-Logo-Pergament-Wallpaper1080-x1080-150x150.png 150w, https:\/\/www.aninite.at\/wp-content\/uploads\/AS-Logo-Pergament-Wallpaper1080-x1080-768x768.png 768w, https:\/\/www.aninite.at\/wp-content\/uploads\/AS-Logo-Pergament-Wallpaper1080-x1080-75x75.png 75w, https:\/\/www.aninite.at\/wp-content\/uploads\/AS-Logo-Pergament-Wallpaper1080-x1080.png 1080w\" sizes=\"auto, (max-width: 1024px) 100vw, 1024px\" \/><\/figure>\n<\/div>\n<\/div>\n\n<div class=\"wp-block-columns is-layout-flex wp-container-core-columns-is-layout-9d6595d7 wp-block-columns-is-layout-flex\">\n<div class=\"wp-block-column is-layout-flow wp-block-column-is-layout-flow\">\n<figure class=\"wp-block-image size-large\"><img loading=\"lazy\" decoding=\"async\" width=\"1024\" height=\"1024\" src=\"https:\/\/www.aninite.at\/wp-content\/uploads\/\/LOGO-ARKADY.SK_-1024x1024.png\" alt=\"\" class=\"wp-image-34496\" srcset=\"https:\/\/www.aninite.at\/wp-content\/uploads\/LOGO-ARKADY.SK_-1024x1024.png 1024w, https:\/\/www.aninite.at\/wp-content\/uploads\/LOGO-ARKADY.SK_-300x300.png 300w, https:\/\/www.aninite.at\/wp-content\/uploads\/LOGO-ARKADY.SK_-150x150.png 150w, https:\/\/www.aninite.at\/wp-content\/uploads\/LOGO-ARKADY.SK_-768x768.png 768w, https:\/\/www.aninite.at\/wp-content\/uploads\/LOGO-ARKADY.SK_-1536x1536.png 1536w, https:\/\/www.aninite.at\/wp-content\/uploads\/LOGO-ARKADY.SK_-2048x2048.png 2048w, https:\/\/www.aninite.at\/wp-content\/uploads\/LOGO-ARKADY.SK_-1140x1140.png 1140w, https:\/\/www.aninite.at\/wp-content\/uploads\/LOGO-ARKADY.SK_-75x75.png 75w\" sizes=\"auto, (max-width: 1024px) 100vw, 1024px\" \/><\/figure>\n<\/div>\n\n\n\n<div class=\"wp-block-column is-layout-flow wp-block-column-is-layout-flow\"><\/div>\n<\/div>\n<div class=\"wp-block-image\">\n<figure class=\"aligncenter size-full\"><img loading=\"lazy\" decoding=\"async\" width=\"728\" height=\"162\" src=\"https:\/\/www.aninite.at\/wp-content\/uploads\/Footer_2026_FL.png\" alt=\"\" class=\"wp-image-34746\" srcset=\"https:\/\/www.aninite.at\/wp-content\/uploads\/Footer_2026_FL.png 728w, https:\/\/www.aninite.at\/wp-content\/uploads\/Footer_2026_FL-300x67.png 300w\" sizes=\"auto, (max-width: 728px) 100vw, 728px\" \/><\/figure>\n<\/div>\n<p><\/p>\n","protected":false},"excerpt":{"rendered":"<p>\u4eca\u5e74\u3082\u30a2\u30cb\u30ca\u30a4\u30c8\u3067\u5c45\u5fc3\u5730\u306e\u826f\u3044\u8a66\u5408\u3092\u697d\u3057\u3080\u3053\u3068\u304c\u3067\u304d\u308b\uff01 AniNite\u3067\u958b\u50ac\u3055\u308c\u308b\u30d3\u30c7\u30aa\u30b2\u30fc\u30e0\u3001\u30dc\u30fc\u30c9\u30b2\u30fc\u30e0\u3001\u30a2\u30fc\u30b1\u30fc\u30c9\u3001\u30da\u30f3\uff06\u30da\u30fc\u30d1\u30fc\u3001\u305d\u3057\u3066\u95a2\u9023\u30c8\u30fc\u30ca\u30e1\u30f3\u30c8\u306b\u95a2\u3059\u308b\u3059\u3079\u3066\u306e\u60c5\u5831\u306f\u3001\u3053\u3053\u3067\u898b\u3064\u3051\u308b\u3053\u3068\u304c\u3067\u304d\u308b\u3002 AniNite2025\u306b\u306f\u4ee5\u4e0b\u306e\u51fa\u5c55\u8005\u3092\u8fce\u3048\u305f\uff1a<\/p>\n","protected":false},"author":10,"featured_media":0,"parent":33564,"menu_order":0,"comment_status":"closed","ping_status":"closed","template":"","meta":{"inline_featured_image":false,"footnotes":""},"class_list":["post-33597","page","type-page","status-publish","hentry"],"yoast_head":"<!-- This site is optimized with the Yoast SEO plugin v27.4 - https:\/\/yoast.com\/product\/yoast-seo-wordpress\/ -->\n<title>\u30b2\u30fc\u30e0 - AniNite<\/title>\n<meta name=\"description\" content=\"AniNite\u3067\u306f\u307e\u305f\u30b2\u30fc\u30e0\u3082\u3067\u304d\u308b\uff01AniNite\u3067\u958b\u50ac\u3055\u308c\u308b\u30d3\u30c7\u30aa\u30b2\u30fc\u30e0\u306b\u95a2\u3059\u308b\u60c5\u5831\u306f\u3001\u8fd1\u65e5\u4e2d\u306b\u3053\u3053\u306b\u63b2\u8f09\u3055\u308c\u308b\u3002\" \/>\n<meta name=\"robots\" content=\"index, follow, max-snippet:-1, max-image-preview:large, max-video-preview:-1\" \/>\n<link rel=\"canonical\" href=\"https:\/\/www.aninite.at\/ja\/programm\/games\/\" \/>\n<meta property=\"og:locale\" content=\"ja_JP\" \/>\n<meta property=\"og:type\" content=\"article\" \/>\n<meta property=\"og:title\" content=\"\u30b2\u30fc\u30e0 - AniNite\" \/>\n<meta property=\"og:description\" content=\"AniNite\u3067\u306f\u307e\u305f\u30b2\u30fc\u30e0\u3082\u3067\u304d\u308b\uff01AniNite\u3067\u958b\u50ac\u3055\u308c\u308b\u30d3\u30c7\u30aa\u30b2\u30fc\u30e0\u306b\u95a2\u3059\u308b\u60c5\u5831\u306f\u3001\u8fd1\u65e5\u4e2d\u306b\u3053\u3053\u306b\u63b2\u8f09\u3055\u308c\u308b\u3002\" \/>\n<meta property=\"og:url\" content=\"https:\/\/www.aninite.at\/ja\/programm\/games\/\" \/>\n<meta property=\"og:site_name\" content=\"AniNite\" \/>\n<meta property=\"article:publisher\" content=\"https:\/\/www.facebook.com\/AniMangaAustria\" \/>\n<meta property=\"article:modified_time\" content=\"2026-04-15T19:23:53+00:00\" \/>\n<meta property=\"og:image\" content=\"https:\/\/www.aninite.at\/wp-content\/uploads\/cropped-Icon_2025.jpg\" \/>\n\t<meta property=\"og:image:width\" content=\"512\" \/>\n\t<meta property=\"og:image:height\" content=\"512\" \/>\n\t<meta property=\"og:image:type\" content=\"image\/jpeg\" \/>\n<meta name=\"twitter:card\" content=\"summary_large_image\" \/>\n<meta name=\"twitter:title\" content=\"\u30a2\u30cb\u30ca\u30a4\u30c8\" \/>\n<meta name=\"twitter:description\" content=\"AniNite\u3067\u306f\u307e\u305f\u30b2\u30fc\u30e0\u3082\u3067\u304d\u308b\uff01AniNite\u3067\u958b\u50ac\u3055\u308c\u308b\u30d3\u30c7\u30aa\u30b2\u30fc\u30e0\u306b\u95a2\u3059\u308b\u60c5\u5831\u306f\u3001\u8fd1\u65e5\u4e2d\u306b\u3053\u3053\u306b\u63b2\u8f09\u3055\u308c\u308b\u3002\" \/>\n<meta name=\"twitter:image\" content=\"https:\/\/www.aninite.at\/wp-content\/uploads\/Videogames_Kitao_Credit-683x1024.jpg\" \/>\n<script type=\"application\/ld+json\" class=\"yoast-schema-graph\">{\"@context\":\"https:\\\/\\\/schema.org\",\"@graph\":[{\"@type\":\"WebPage\",\"@id\":\"https:\\\/\\\/www.aninite.at\\\/ja\\\/programm\\\/games\\\/\",\"url\":\"https:\\\/\\\/www.aninite.at\\\/ja\\\/programm\\\/games\\\/\",\"name\":\"\u30b2\u30fc\u30e0 - AniNite\",\"isPartOf\":{\"@id\":\"https:\\\/\\\/www.aninite.at\\\/ja\\\/#website\"},\"primaryImageOfPage\":{\"@id\":\"https:\\\/\\\/www.aninite.at\\\/ja\\\/programm\\\/games\\\/#primaryimage\"},\"image\":{\"@id\":\"https:\\\/\\\/www.aninite.at\\\/ja\\\/programm\\\/games\\\/#primaryimage\"},\"thumbnailUrl\":\"https:\\\/\\\/www.aninite.at\\\/wp-content\\\/uploads\\\/\\\/PageTitelBanner.svg\",\"datePublished\":\"2021-03-13T19:41:21+00:00\",\"dateModified\":\"2026-04-15T19:23:53+00:00\",\"description\":\"AniNite\u3067\u306f\u307e\u305f\u30b2\u30fc\u30e0\u3082\u3067\u304d\u308b\uff01AniNite\u3067\u958b\u50ac\u3055\u308c\u308b\u30d3\u30c7\u30aa\u30b2\u30fc\u30e0\u306b\u95a2\u3059\u308b\u60c5\u5831\u306f\u3001\u8fd1\u65e5\u4e2d\u306b\u3053\u3053\u306b\u63b2\u8f09\u3055\u308c\u308b\u3002\",\"breadcrumb\":{\"@id\":\"https:\\\/\\\/www.aninite.at\\\/ja\\\/programm\\\/games\\\/#breadcrumb\"},\"inLanguage\":\"ja\",\"potentialAction\":[{\"@type\":\"ReadAction\",\"target\":[\"https:\\\/\\\/www.aninite.at\\\/ja\\\/programm\\\/games\\\/\"]}]},{\"@type\":\"ImageObject\",\"inLanguage\":\"ja\",\"@id\":\"https:\\\/\\\/www.aninite.at\\\/ja\\\/programm\\\/games\\\/#primaryimage\",\"url\":\"https:\\\/\\\/www.aninite.at\\\/wp-content\\\/uploads\\\/\\\/PageTitelBanner.svg\",\"contentUrl\":\"https:\\\/\\\/www.aninite.at\\\/wp-content\\\/uploads\\\/\\\/PageTitelBanner.svg\"},{\"@type\":\"BreadcrumbList\",\"@id\":\"https:\\\/\\\/www.aninite.at\\\/ja\\\/programm\\\/games\\\/#breadcrumb\",\"itemListElement\":[{\"@type\":\"ListItem\",\"position\":1,\"name\":\"Startseite\",\"item\":\"https:\\\/\\\/www.aninite.at\\\/ja\\\/willkommen\\\/\"},{\"@type\":\"ListItem\",\"position\":2,\"name\":\"\u30d7\u30ed\u30b0\u30e9\u30e0\",\"item\":\"https:\\\/\\\/www.aninite.at\\\/ja\\\/programm\\\/\"},{\"@type\":\"ListItem\",\"position\":3,\"name\":\"\u30b2\u30fc\u30e0\"}]},{\"@type\":\"WebSite\",\"@id\":\"https:\\\/\\\/www.aninite.at\\\/ja\\\/#website\",\"url\":\"https:\\\/\\\/www.aninite.at\\\/ja\\\/\",\"name\":\"AniNite\",\"description\":\"\u00d6sterreichs gr\u00f6\u00dfte Anime-, Manga- und Comic-Convention\",\"potentialAction\":[{\"@type\":\"SearchAction\",\"target\":{\"@type\":\"EntryPoint\",\"urlTemplate\":\"https:\\\/\\\/www.aninite.at\\\/ja\\\/?s={search_term_string}\"},\"query-input\":{\"@type\":\"PropertyValueSpecification\",\"valueRequired\":true,\"valueName\":\"search_term_string\"}}],\"inLanguage\":\"ja\"}]}<\/script>\n<!-- \/ Yoast SEO plugin. -->","yoast_head_json":{"title":"\u30b2\u30fc\u30e0 - AniNite","description":"AniNite\u3067\u306f\u307e\u305f\u30b2\u30fc\u30e0\u3082\u3067\u304d\u308b\uff01AniNite\u3067\u958b\u50ac\u3055\u308c\u308b\u30d3\u30c7\u30aa\u30b2\u30fc\u30e0\u306b\u95a2\u3059\u308b\u60c5\u5831\u306f\u3001\u8fd1\u65e5\u4e2d\u306b\u3053\u3053\u306b\u63b2\u8f09\u3055\u308c\u308b\u3002","robots":{"index":"index","follow":"follow","max-snippet":"max-snippet:-1","max-image-preview":"max-image-preview:large","max-video-preview":"max-video-preview:-1"},"canonical":"https:\/\/www.aninite.at\/ja\/programm\/games\/","og_locale":"ja_JP","og_type":"article","og_title":"\u30b2\u30fc\u30e0 - AniNite","og_description":"AniNite\u3067\u306f\u307e\u305f\u30b2\u30fc\u30e0\u3082\u3067\u304d\u308b\uff01AniNite\u3067\u958b\u50ac\u3055\u308c\u308b\u30d3\u30c7\u30aa\u30b2\u30fc\u30e0\u306b\u95a2\u3059\u308b\u60c5\u5831\u306f\u3001\u8fd1\u65e5\u4e2d\u306b\u3053\u3053\u306b\u63b2\u8f09\u3055\u308c\u308b\u3002","og_url":"https:\/\/www.aninite.at\/ja\/programm\/games\/","og_site_name":"AniNite","article_publisher":"https:\/\/www.facebook.com\/AniMangaAustria","article_modified_time":"2026-04-15T19:23:53+00:00","og_image":[{"width":512,"height":512,"url":"https:\/\/www.aninite.at\/wp-content\/uploads\/cropped-Icon_2025.jpg","type":"image\/jpeg"}],"twitter_card":"summary_large_image","twitter_title":"\u30a2\u30cb\u30ca\u30a4\u30c8","twitter_description":"AniNite\u3067\u306f\u307e\u305f\u30b2\u30fc\u30e0\u3082\u3067\u304d\u308b\uff01AniNite\u3067\u958b\u50ac\u3055\u308c\u308b\u30d3\u30c7\u30aa\u30b2\u30fc\u30e0\u306b\u95a2\u3059\u308b\u60c5\u5831\u306f\u3001\u8fd1\u65e5\u4e2d\u306b\u3053\u3053\u306b\u63b2\u8f09\u3055\u308c\u308b\u3002","twitter_image":"https:\/\/www.aninite.at\/wp-content\/uploads\/Videogames_Kitao_Credit-683x1024.jpg","schema":{"@context":"https:\/\/schema.org","@graph":[{"@type":"WebPage","@id":"https:\/\/www.aninite.at\/ja\/programm\/games\/","url":"https:\/\/www.aninite.at\/ja\/programm\/games\/","name":"\u30b2\u30fc\u30e0 - AniNite","isPartOf":{"@id":"https:\/\/www.aninite.at\/ja\/#website"},"primaryImageOfPage":{"@id":"https:\/\/www.aninite.at\/ja\/programm\/games\/#primaryimage"},"image":{"@id":"https:\/\/www.aninite.at\/ja\/programm\/games\/#primaryimage"},"thumbnailUrl":"https:\/\/www.aninite.at\/wp-content\/uploads\/\/PageTitelBanner.svg","datePublished":"2021-03-13T19:41:21+00:00","dateModified":"2026-04-15T19:23:53+00:00","description":"AniNite\u3067\u306f\u307e\u305f\u30b2\u30fc\u30e0\u3082\u3067\u304d\u308b\uff01AniNite\u3067\u958b\u50ac\u3055\u308c\u308b\u30d3\u30c7\u30aa\u30b2\u30fc\u30e0\u306b\u95a2\u3059\u308b\u60c5\u5831\u306f\u3001\u8fd1\u65e5\u4e2d\u306b\u3053\u3053\u306b\u63b2\u8f09\u3055\u308c\u308b\u3002","breadcrumb":{"@id":"https:\/\/www.aninite.at\/ja\/programm\/games\/#breadcrumb"},"inLanguage":"ja","potentialAction":[{"@type":"ReadAction","target":["https:\/\/www.aninite.at\/ja\/programm\/games\/"]}]},{"@type":"ImageObject","inLanguage":"ja","@id":"https:\/\/www.aninite.at\/ja\/programm\/games\/#primaryimage","url":"https:\/\/www.aninite.at\/wp-content\/uploads\/\/PageTitelBanner.svg","contentUrl":"https:\/\/www.aninite.at\/wp-content\/uploads\/\/PageTitelBanner.svg"},{"@type":"BreadcrumbList","@id":"https:\/\/www.aninite.at\/ja\/programm\/games\/#breadcrumb","itemListElement":[{"@type":"ListItem","position":1,"name":"Startseite","item":"https:\/\/www.aninite.at\/ja\/willkommen\/"},{"@type":"ListItem","position":2,"name":"\u30d7\u30ed\u30b0\u30e9\u30e0","item":"https:\/\/www.aninite.at\/ja\/programm\/"},{"@type":"ListItem","position":3,"name":"\u30b2\u30fc\u30e0"}]},{"@type":"WebSite","@id":"https:\/\/www.aninite.at\/ja\/#website","url":"https:\/\/www.aninite.at\/ja\/","name":"AniNite","description":"\u00d6sterreichs gr\u00f6\u00dfte Anime-, Manga- und Comic-Convention","potentialAction":[{"@type":"SearchAction","target":{"@type":"EntryPoint","urlTemplate":"https:\/\/www.aninite.at\/ja\/?s={search_term_string}"},"query-input":{"@type":"PropertyValueSpecification","valueRequired":true,"valueName":"search_term_string"}}],"inLanguage":"ja"}]}},"acf":[],"_links":{"self":[{"href":"https:\/\/www.aninite.at\/ja\/wp-json\/wp\/v2\/pages\/33597","targetHints":{"allow":["GET"]}}],"collection":[{"href":"https:\/\/www.aninite.at\/ja\/wp-json\/wp\/v2\/pages"}],"about":[{"href":"https:\/\/www.aninite.at\/ja\/wp-json\/wp\/v2\/types\/page"}],"author":[{"embeddable":true,"href":"https:\/\/www.aninite.at\/ja\/wp-json\/wp\/v2\/users\/10"}],"replies":[{"embeddable":true,"href":"https:\/\/www.aninite.at\/ja\/wp-json\/wp\/v2\/comments?post=33597"}],"version-history":[{"count":11,"href":"https:\/\/www.aninite.at\/ja\/wp-json\/wp\/v2\/pages\/33597\/revisions"}],"predecessor-version":[{"id":35039,"href":"https:\/\/www.aninite.at\/ja\/wp-json\/wp\/v2\/pages\/33597\/revisions\/35039"}],"up":[{"embeddable":true,"href":"https:\/\/www.aninite.at\/ja\/wp-json\/wp\/v2\/pages\/33564"}],"wp:attachment":[{"href":"https:\/\/www.aninite.at\/ja\/wp-json\/wp\/v2\/media?parent=33597"}],"curies":[{"name":"wp","href":"https:\/\/api.w.org\/{rel}","templated":true}]}}