{"id":33604,"date":"2021-03-13T20:41:30","date_gmt":"2021-03-13T19:41:30","guid":{"rendered":"https:\/\/www.aninite.at\/aussteller\/partner-und-vereine\/"},"modified":"2026-04-15T21:13:49","modified_gmt":"2026-04-15T19:13:49","slug":"partner-und-vereine","status":"publish","type":"page","link":"https:\/\/www.aninite.at\/ja\/aussteller\/partner-und-vereine\/","title":{"rendered":"\u30d1\u30fc\u30c8\u30ca\u30fc\u304a\u3088\u3073\u5354\u4f1a"},"content":{"rendered":"<div class=\"wp-block-image\">\n<figure class=\"aligncenter size-full\"><img loading=\"lazy\" decoding=\"async\" width=\"700\" height=\"72\" src=\"https:\/\/www.aninite.at\/wp-content\/uploads\/\/PageTitelBanner.svg\" alt=\"\" class=\"wp-image-34807\"\/><\/figure>\n<\/div>\n<div style=\"height:50px\" aria-hidden=\"true\" class=\"wp-block-spacer\"><\/div>\n\n<p class=\"has-text-align-center\">AniNite\u306f\u3001\u540c\u3058\u5fd7\u3092\u6301\u3064\u4ef2\u9593\u3092\u898b\u3064\u3051\u3001\u81ea\u5206\u306e\u30d7\u30ed\u30b8\u30a7\u30af\u30c8\u3092\u767a\u8868\u3059\u308b\u306e\u306b\u6700\u9069\u306a\u5834\u6240\u3060\uff01  <br\/>\u307e\u305f\u3001\u30d6\u30ed\u30b0\u3084\u30af\u30e9\u30d6\u306a\u3069\u306e\u30d5\u30a1\u30f3\u30fb\u30d7\u30ed\u30b8\u30a7\u30af\u30c8\u304c\u3042\u308c\u3070\u3001AniNite\u3067\u767a\u8868\u3057\u3001\u30a2\u30a4\u30c7\u30a2\u3092\u4ea4\u63db\u3057\u3001\u4eba\u8108\u3092\u4f5c\u308b\u6a5f\u4f1a\u3082\u63d0\u4f9b\u3059\u308b\u3002<\/p>\n\n<p class=\"has-text-align-center\">\u53c2\u52a0\u3057\u305f\u3044\uff1f<a href=\"https:\/\/www.aninite.at\/ja\/kontakt\/\">\u304a\u554f\u3044\u5408\u308f\u305b\u30d5\u30a9\u30fc\u30e0\u304b\u3089<\/a>\u3054\u9023\u7d61\u3092 <\/p>\n\n<p class=\"has-text-align-center has-vivid-red-color has-text-color has-link-color wp-elements-ea4fcc9eb9c87c98ad4be583710f7f05\"><\/p>\n<div class=\"wp-block-image\">\n<figure class=\"aligncenter size-full\"><img loading=\"lazy\" decoding=\"async\" width=\"728\" height=\"162\" src=\"https:\/\/www.aninite.at\/wp-content\/uploads\/Footer_2026_FL.png\" alt=\"\" class=\"wp-image-34746\" srcset=\"https:\/\/www.aninite.at\/wp-content\/uploads\/Footer_2026_FL.png 728w, https:\/\/www.aninite.at\/wp-content\/uploads\/Footer_2026_FL-300x67.png 300w\" sizes=\"auto, (max-width: 728px) 100vw, 728px\" \/><\/figure>\n<\/div>","protected":false},"excerpt":{"rendered":"<p>AniNite\u306f\u3001\u540c\u3058\u5fd7\u3092\u6301\u3064\u4ef2\u9593\u3092\u898b\u3064\u3051\u3001\u81ea\u5206\u306e\u30d7\u30ed\u30b8\u30a7\u30af\u30c8\u3092\u767a\u8868\u3059\u308b\u306e\u306b\u6700\u9069\u306a\u5834\u6240\u3060\uff01 \u307e\u305f\u3001\u30d6\u30ed\u30b0\u3084\u30af\u30e9\u30d6\u306a\u3069\u306e\u30d5\u30a1\u30f3\u30fb\u30d7\u30ed\u30b8\u30a7\u30af\u30c8\u304c\u3042\u308c\u3070\u3001AniNite\u3067\u767a\u8868\u3057\u3001\u30a2\u30a4\u30c7\u30a2\u3092\u4ea4\u63db\u3057\u3001\u4eba\u8108\u3092\u4f5c\u308b\u6a5f\u4f1a\u3082\u63d0\u4f9b\u3059\u308b\u3002 \u53c2\u52a0\u3057\u305f\u3044\uff1f\u304a\u554f\u3044\u5408\u308f\u305b\u30d5\u30a9\u30fc\u30e0\u304b\u3089\u3054\u9023\u7d61\u3092<\/p>\n","protected":false},"author":10,"featured_media":0,"parent":32633,"menu_order":0,"comment_status":"closed","ping_status":"closed","template":"","meta":{"inline_featured_image":false,"footnotes":""},"class_list":["post-33604","page","type-page","status-publish","hentry"],"yoast_head":"<!-- This site is optimized with the Yoast SEO plugin v27.4 - https:\/\/yoast.com\/product\/yoast-seo-wordpress\/ -->\n<title>\u30d1\u30fc\u30c8\u30ca\u30fc\u304a\u3088\u3073\u5354\u4f1a - AniNite<\/title>\n<meta name=\"description\" content=\"AniNite\u306f\u3001\u540c\u3058\u5fd7\u3092\u6301\u3064\u4ef2\u9593\u3092\u898b\u3064\u3051\u3001\u81ea\u5206\u306e\u30d7\u30ed\u30b8\u30a7\u30af\u30c8\u3092\u767a\u8868\u3059\u308b\u306e\u306b\u6700\u9069\u306a\u5834\u6240\u3060\uff01\" \/>\n<meta name=\"robots\" content=\"index, follow, max-snippet:-1, max-image-preview:large, max-video-preview:-1\" \/>\n<link rel=\"canonical\" href=\"https:\/\/www.aninite.at\/ja\/aussteller\/partner-und-vereine\/\" \/>\n<meta property=\"og:locale\" content=\"ja_JP\" \/>\n<meta property=\"og:type\" content=\"article\" \/>\n<meta property=\"og:title\" content=\"\u30d1\u30fc\u30c8\u30ca\u30fc\u304a\u3088\u3073\u5354\u4f1a - AniNite\" \/>\n<meta property=\"og:description\" content=\"AniNite\u306f\u3001\u540c\u3058\u5fd7\u3092\u6301\u3064\u4ef2\u9593\u3092\u898b\u3064\u3051\u3001\u81ea\u5206\u306e\u30d7\u30ed\u30b8\u30a7\u30af\u30c8\u3092\u767a\u8868\u3059\u308b\u306e\u306b\u6700\u9069\u306a\u5834\u6240\u3060\uff01\" \/>\n<meta property=\"og:url\" content=\"https:\/\/www.aninite.at\/ja\/aussteller\/partner-und-vereine\/\" \/>\n<meta property=\"og:site_name\" content=\"AniNite\" \/>\n<meta property=\"article:publisher\" content=\"https:\/\/www.facebook.com\/AniMangaAustria\" \/>\n<meta property=\"article:modified_time\" content=\"2026-04-15T19:13:49+00:00\" \/>\n<meta property=\"og:image\" content=\"https:\/\/www.aninite.at\/wp-content\/uploads\/cropped-Icon_2025.jpg\" \/>\n\t<meta property=\"og:image:width\" content=\"512\" \/>\n\t<meta property=\"og:image:height\" content=\"512\" \/>\n\t<meta property=\"og:image:type\" content=\"image\/jpeg\" \/>\n<meta name=\"twitter:card\" content=\"summary_large_image\" \/>\n<meta name=\"twitter:title\" content=\"\u30a2\u30cb\u30ca\u30a4\u30c8\" \/>\n<meta name=\"twitter:description\" content=\"AniNite\u306f\u3001\u540c\u3058\u5fd7\u3092\u6301\u3064\u4ef2\u9593\u3092\u898b\u3064\u3051\u3001\u81ea\u5206\u306e\u30d7\u30ed\u30b8\u30a7\u30af\u30c8\u3092\u767a\u8868\u3059\u308b\u306e\u306b\u6700\u9069\u306a\u5834\u6240\u3060\uff01\" \/>\n<meta name=\"twitter:image\" content=\"https:\/\/www.aninite.at\/wp-content\/uploads\/Haendlerhalle_03_Sascha_offen-edited-1024x575.jpg\" \/>\n<script type=\"application\/ld+json\" class=\"yoast-schema-graph\">{\"@context\":\"https:\\\/\\\/schema.org\",\"@graph\":[{\"@type\":\"WebPage\",\"@id\":\"https:\\\/\\\/www.aninite.at\\\/ja\\\/aussteller\\\/partner-und-vereine\\\/\",\"url\":\"https:\\\/\\\/www.aninite.at\\\/ja\\\/aussteller\\\/partner-und-vereine\\\/\",\"name\":\"\u30d1\u30fc\u30c8\u30ca\u30fc\u304a\u3088\u3073\u5354\u4f1a - AniNite\",\"isPartOf\":{\"@id\":\"https:\\\/\\\/www.aninite.at\\\/ja\\\/#website\"},\"primaryImageOfPage\":{\"@id\":\"https:\\\/\\\/www.aninite.at\\\/ja\\\/aussteller\\\/partner-und-vereine\\\/#primaryimage\"},\"image\":{\"@id\":\"https:\\\/\\\/www.aninite.at\\\/ja\\\/aussteller\\\/partner-und-vereine\\\/#primaryimage\"},\"thumbnailUrl\":\"https:\\\/\\\/www.aninite.at\\\/wp-content\\\/uploads\\\/\\\/PageTitelBanner.svg\",\"datePublished\":\"2021-03-13T19:41:30+00:00\",\"dateModified\":\"2026-04-15T19:13:49+00:00\",\"description\":\"AniNite\u306f\u3001\u540c\u3058\u5fd7\u3092\u6301\u3064\u4ef2\u9593\u3092\u898b\u3064\u3051\u3001\u81ea\u5206\u306e\u30d7\u30ed\u30b8\u30a7\u30af\u30c8\u3092\u767a\u8868\u3059\u308b\u306e\u306b\u6700\u9069\u306a\u5834\u6240\u3060\uff01\",\"breadcrumb\":{\"@id\":\"https:\\\/\\\/www.aninite.at\\\/ja\\\/aussteller\\\/partner-und-vereine\\\/#breadcrumb\"},\"inLanguage\":\"ja\",\"potentialAction\":[{\"@type\":\"ReadAction\",\"target\":[\"https:\\\/\\\/www.aninite.at\\\/ja\\\/aussteller\\\/partner-und-vereine\\\/\"]}]},{\"@type\":\"ImageObject\",\"inLanguage\":\"ja\",\"@id\":\"https:\\\/\\\/www.aninite.at\\\/ja\\\/aussteller\\\/partner-und-vereine\\\/#primaryimage\",\"url\":\"https:\\\/\\\/www.aninite.at\\\/wp-content\\\/uploads\\\/\\\/PageTitelBanner.svg\",\"contentUrl\":\"https:\\\/\\\/www.aninite.at\\\/wp-content\\\/uploads\\\/\\\/PageTitelBanner.svg\"},{\"@type\":\"BreadcrumbList\",\"@id\":\"https:\\\/\\\/www.aninite.at\\\/ja\\\/aussteller\\\/partner-und-vereine\\\/#breadcrumb\",\"itemListElement\":[{\"@type\":\"ListItem\",\"position\":1,\"name\":\"Startseite\",\"item\":\"https:\\\/\\\/www.aninite.at\\\/ja\\\/willkommen\\\/\"},{\"@type\":\"ListItem\",\"position\":2,\"name\":\"\u51fa\u5c55\u8005\",\"item\":\"https:\\\/\\\/www.aninite.at\\\/ja\\\/aussteller\\\/\"},{\"@type\":\"ListItem\",\"position\":3,\"name\":\"\u30d1\u30fc\u30c8\u30ca\u30fc\u304a\u3088\u3073\u5354\u4f1a\"}]},{\"@type\":\"WebSite\",\"@id\":\"https:\\\/\\\/www.aninite.at\\\/ja\\\/#website\",\"url\":\"https:\\\/\\\/www.aninite.at\\\/ja\\\/\",\"name\":\"AniNite\",\"description\":\"\u00d6sterreichs gr\u00f6\u00dfte Anime-, Manga- und Comic-Convention\",\"potentialAction\":[{\"@type\":\"SearchAction\",\"target\":{\"@type\":\"EntryPoint\",\"urlTemplate\":\"https:\\\/\\\/www.aninite.at\\\/ja\\\/?s={search_term_string}\"},\"query-input\":{\"@type\":\"PropertyValueSpecification\",\"valueRequired\":true,\"valueName\":\"search_term_string\"}}],\"inLanguage\":\"ja\"}]}<\/script>\n<!-- \/ Yoast SEO plugin. -->","yoast_head_json":{"title":"\u30d1\u30fc\u30c8\u30ca\u30fc\u304a\u3088\u3073\u5354\u4f1a - AniNite","description":"AniNite\u306f\u3001\u540c\u3058\u5fd7\u3092\u6301\u3064\u4ef2\u9593\u3092\u898b\u3064\u3051\u3001\u81ea\u5206\u306e\u30d7\u30ed\u30b8\u30a7\u30af\u30c8\u3092\u767a\u8868\u3059\u308b\u306e\u306b\u6700\u9069\u306a\u5834\u6240\u3060\uff01","robots":{"index":"index","follow":"follow","max-snippet":"max-snippet:-1","max-image-preview":"max-image-preview:large","max-video-preview":"max-video-preview:-1"},"canonical":"https:\/\/www.aninite.at\/ja\/aussteller\/partner-und-vereine\/","og_locale":"ja_JP","og_type":"article","og_title":"\u30d1\u30fc\u30c8\u30ca\u30fc\u304a\u3088\u3073\u5354\u4f1a - AniNite","og_description":"AniNite\u306f\u3001\u540c\u3058\u5fd7\u3092\u6301\u3064\u4ef2\u9593\u3092\u898b\u3064\u3051\u3001\u81ea\u5206\u306e\u30d7\u30ed\u30b8\u30a7\u30af\u30c8\u3092\u767a\u8868\u3059\u308b\u306e\u306b\u6700\u9069\u306a\u5834\u6240\u3060\uff01","og_url":"https:\/\/www.aninite.at\/ja\/aussteller\/partner-und-vereine\/","og_site_name":"AniNite","article_publisher":"https:\/\/www.facebook.com\/AniMangaAustria","article_modified_time":"2026-04-15T19:13:49+00:00","og_image":[{"width":512,"height":512,"url":"https:\/\/www.aninite.at\/wp-content\/uploads\/cropped-Icon_2025.jpg","type":"image\/jpeg"}],"twitter_card":"summary_large_image","twitter_title":"\u30a2\u30cb\u30ca\u30a4\u30c8","twitter_description":"AniNite\u306f\u3001\u540c\u3058\u5fd7\u3092\u6301\u3064\u4ef2\u9593\u3092\u898b\u3064\u3051\u3001\u81ea\u5206\u306e\u30d7\u30ed\u30b8\u30a7\u30af\u30c8\u3092\u767a\u8868\u3059\u308b\u306e\u306b\u6700\u9069\u306a\u5834\u6240\u3060\uff01","twitter_image":"https:\/\/www.aninite.at\/wp-content\/uploads\/Haendlerhalle_03_Sascha_offen-edited-1024x575.jpg","schema":{"@context":"https:\/\/schema.org","@graph":[{"@type":"WebPage","@id":"https:\/\/www.aninite.at\/ja\/aussteller\/partner-und-vereine\/","url":"https:\/\/www.aninite.at\/ja\/aussteller\/partner-und-vereine\/","name":"\u30d1\u30fc\u30c8\u30ca\u30fc\u304a\u3088\u3073\u5354\u4f1a - AniNite","isPartOf":{"@id":"https:\/\/www.aninite.at\/ja\/#website"},"primaryImageOfPage":{"@id":"https:\/\/www.aninite.at\/ja\/aussteller\/partner-und-vereine\/#primaryimage"},"image":{"@id":"https:\/\/www.aninite.at\/ja\/aussteller\/partner-und-vereine\/#primaryimage"},"thumbnailUrl":"https:\/\/www.aninite.at\/wp-content\/uploads\/\/PageTitelBanner.svg","datePublished":"2021-03-13T19:41:30+00:00","dateModified":"2026-04-15T19:13:49+00:00","description":"AniNite\u306f\u3001\u540c\u3058\u5fd7\u3092\u6301\u3064\u4ef2\u9593\u3092\u898b\u3064\u3051\u3001\u81ea\u5206\u306e\u30d7\u30ed\u30b8\u30a7\u30af\u30c8\u3092\u767a\u8868\u3059\u308b\u306e\u306b\u6700\u9069\u306a\u5834\u6240\u3060\uff01","breadcrumb":{"@id":"https:\/\/www.aninite.at\/ja\/aussteller\/partner-und-vereine\/#breadcrumb"},"inLanguage":"ja","potentialAction":[{"@type":"ReadAction","target":["https:\/\/www.aninite.at\/ja\/aussteller\/partner-und-vereine\/"]}]},{"@type":"ImageObject","inLanguage":"ja","@id":"https:\/\/www.aninite.at\/ja\/aussteller\/partner-und-vereine\/#primaryimage","url":"https:\/\/www.aninite.at\/wp-content\/uploads\/\/PageTitelBanner.svg","contentUrl":"https:\/\/www.aninite.at\/wp-content\/uploads\/\/PageTitelBanner.svg"},{"@type":"BreadcrumbList","@id":"https:\/\/www.aninite.at\/ja\/aussteller\/partner-und-vereine\/#breadcrumb","itemListElement":[{"@type":"ListItem","position":1,"name":"Startseite","item":"https:\/\/www.aninite.at\/ja\/willkommen\/"},{"@type":"ListItem","position":2,"name":"\u51fa\u5c55\u8005","item":"https:\/\/www.aninite.at\/ja\/aussteller\/"},{"@type":"ListItem","position":3,"name":"\u30d1\u30fc\u30c8\u30ca\u30fc\u304a\u3088\u3073\u5354\u4f1a"}]},{"@type":"WebSite","@id":"https:\/\/www.aninite.at\/ja\/#website","url":"https:\/\/www.aninite.at\/ja\/","name":"AniNite","description":"\u00d6sterreichs gr\u00f6\u00dfte Anime-, Manga- und Comic-Convention","potentialAction":[{"@type":"SearchAction","target":{"@type":"EntryPoint","urlTemplate":"https:\/\/www.aninite.at\/ja\/?s={search_term_string}"},"query-input":{"@type":"PropertyValueSpecification","valueRequired":true,"valueName":"search_term_string"}}],"inLanguage":"ja"}]}},"acf":[],"_links":{"self":[{"href":"https:\/\/www.aninite.at\/ja\/wp-json\/wp\/v2\/pages\/33604","targetHints":{"allow":["GET"]}}],"collection":[{"href":"https:\/\/www.aninite.at\/ja\/wp-json\/wp\/v2\/pages"}],"about":[{"href":"https:\/\/www.aninite.at\/ja\/wp-json\/wp\/v2\/types\/page"}],"author":[{"embeddable":true,"href":"https:\/\/www.aninite.at\/ja\/wp-json\/wp\/v2\/users\/10"}],"replies":[{"embeddable":true,"href":"https:\/\/www.aninite.at\/ja\/wp-json\/wp\/v2\/comments?post=33604"}],"version-history":[{"count":5,"href":"https:\/\/www.aninite.at\/ja\/wp-json\/wp\/v2\/pages\/33604\/revisions"}],"predecessor-version":[{"id":35014,"href":"https:\/\/www.aninite.at\/ja\/wp-json\/wp\/v2\/pages\/33604\/revisions\/35014"}],"up":[{"embeddable":true,"href":"https:\/\/www.aninite.at\/ja\/wp-json\/wp\/v2\/pages\/32633"}],"wp:attachment":[{"href":"https:\/\/www.aninite.at\/ja\/wp-json\/wp\/v2\/media?parent=33604"}],"curies":[{"name":"wp","href":"https:\/\/api.w.org\/{rel}","templated":true}]}}