{"id":33629,"date":"2025-07-13T20:34:38","date_gmt":"2025-07-13T18:34:38","guid":{"rendered":"https:\/\/www.aninite.at\/programm\/vortraege\/"},"modified":"2026-04-15T21:33:03","modified_gmt":"2026-04-15T19:33:03","slug":"vortraege","status":"publish","type":"page","link":"https:\/\/www.aninite.at\/ja\/programm\/vortraege\/","title":{"rendered":"\u30ec\u30af\u30c1\u30e3\u30fc\uff06\u30ef\u30fc\u30af\u30b7\u30e7\u30c3\u30d7"},"content":{"rendered":"<div class=\"wp-block-image\">\n<figure class=\"aligncenter size-large\"><img loading=\"lazy\" decoding=\"async\" width=\"700\" height=\"72\" src=\"https:\/\/www.aninite.at\/wp-content\/uploads\/\/PageTitelBanner.svg\" alt=\"\" class=\"wp-image-34807\"\/><\/figure>\n<\/div>\n<h2 class=\"wp-block-heading\"><\/h2>\n\n<figure class=\"wp-block-image size-large\"><img loading=\"lazy\" decoding=\"async\" width=\"1024\" height=\"683\" src=\"https:\/\/www.aninite.at\/wp-content\/uploads\/\/grafik-1-1024x683.png\" alt=\"\" class=\"wp-image-11922\" srcset=\"https:\/\/www.aninite.at\/wp-content\/uploads\/grafik-1-1024x683.png 1024w, https:\/\/www.aninite.at\/wp-content\/uploads\/grafik-1-300x200.png 300w, https:\/\/www.aninite.at\/wp-content\/uploads\/grafik-1-768x513.png 768w, https:\/\/www.aninite.at\/wp-content\/uploads\/grafik-1-1140x761.png 1140w, https:\/\/www.aninite.at\/wp-content\/uploads\/grafik-1.png 1536w\" sizes=\"auto, (max-width: 1024px) 100vw, 1024px\" \/><\/figure>\n\n<p><br\/><br\/>\u30b3\u30b9\u30d7\u30ec\u7528\u306e\u30a6\u30a3\u30c3\u30b0\u306e\u30d9\u30b9\u30c8\u306a\u5207\u308a\u65b9\u3092\u77e5\u308a\u305f\u3044\u3068\u601d\u3063\u305f\u3053\u3068\u306f\u306a\u3044\u3060\u308d\u3046\u304b\uff1f\u3042\u308b\u3044\u306f\u3001\u304a\u3044\u3057\u3044\u304a\u5f01\u5f53\u3092\u4f5c\u308b\u306b\u306f\u4f55\u3092\u6c17\u3092\u3064\u3051\u308c\u3070\u3044\u3044\u306e\u304b\uff1f\u305d\u308c\u306a\u3089\u3001AniNite\u306e\u30ec\u30af\u30c1\u30e3\u30fc\uff06\u30ef\u30fc\u30af\u30b7\u30e7\u30c3\u30d7\u304c\u3074\u3063\u305f\u308a\u3060\uff01  <\/p>\n\n<p>\u65e5\u9593\u306b\u308f\u305f\u3063\u3066\u958b\u50ac\u3055\u308c\u308b\u3053\u306e\u30a4\u30d9\u30f3\u30c8\u3067\u306f\u3001\u8b1b\u7fa9\u3067\u65e5\u672c\u3084\u65e5\u672c\u306e\u30dd\u30c3\u30d7\u30ab\u30eb\u30c1\u30e3\u30fc\u306b\u95a2\u3059\u308b\u77e5\u8b58\u3092\u6df1\u3081\u308b\u3060\u3051\u3067\u306a\u304f\u3001\u30ef\u30fc\u30af\u30b7\u30e7\u30c3\u30d7\u3067\u5b9f\u8df5\u7684\u306a\u30b9\u30ad\u30eb\u3092\u8eab\u306b\u3064\u3051\u308b\u3053\u3068\u3082\u3067\u304d\u308b\u3002\u7d20\u6674\u3089\u3057\u3044\u306e\u306f\u3001\u3053\u308c\u3089\u306e\u8b1b\u7fa9\u3084\u30ef\u30fc\u30af\u30b7\u30e7\u30c3\u30d7\u306e\u4e2d\u306b\u306f\u3001\u305d\u306e\u5206\u91ce\u306e\u5de8\u5320\u304c\u8b1b\u5e2b\u3092\u52d9\u3081\u308b\u3082\u306e\u3082\u3042\u308c\u3070\u3001\u4e00\u822c\u306e\u30d5\u30a1\u30f3\u304c\u8b1b\u5e2b\u3092\u52d9\u3081\u308b\u3082\u306e\u3082\u3042\u308b\u3053\u3068\u3060\u3002 <\/p>\n\n<p class=\"has-text-align-center has-medium-font-size\"><\/p>\n\n<p class=\"has-text-align-center has-medium-font-size\"><strong>AniNite\u3067\u30c8\u30fc\u30af\u3084\u30ef\u30fc\u30af\u30b7\u30e7\u30c3\u30d7\u3092\u3057\u305f\u3044\uff1f<a href=\"https:\/\/www.aninite.at\/ja\/kontakt\/\" type=\"page\" id=\"99\" target=\"_blank\" rel=\"noreferrer noopener\">\u3053\u3061\u3089\u304b\u3089<\/a>\u304a\u7533\u3057\u8fbc\u307f\u3092\uff01 <\/strong><\/p>\n\n<p><\/p>\n\n<figure class=\"wp-block-image size-full\"><img loading=\"lazy\" decoding=\"async\" width=\"728\" height=\"162\" src=\"https:\/\/www.aninite.at\/wp-content\/uploads\/Footer_2026_FL.png\" alt=\"\" class=\"wp-image-34746\" srcset=\"https:\/\/www.aninite.at\/wp-content\/uploads\/Footer_2026_FL.png 728w, https:\/\/www.aninite.at\/wp-content\/uploads\/Footer_2026_FL-300x67.png 300w\" sizes=\"auto, (max-width: 728px) 100vw, 728px\" \/><\/figure>\n","protected":false},"excerpt":{"rendered":"<p>\u30b3\u30b9\u30d7\u30ec\u7528\u306e\u30a6\u30a3\u30c3\u30b0\u306e\u30d9\u30b9\u30c8\u306a\u5207\u308a\u65b9\u3092\u77e5\u308a\u305f\u3044\u3068\u601d\u3063\u305f\u3053\u3068\u306f\u306a\u3044\u3060\u308d\u3046\u304b\uff1f\u3042\u308b\u3044\u306f\u3001\u304a\u3044\u3057\u3044\u304a\u5f01\u5f53\u3092\u4f5c\u308b\u306b\u306f\u4f55\u3092\u6c17\u3092\u3064\u3051\u308c\u3070\u3044\u3044\u306e\u304b\uff1f\u305d\u308c\u306a\u3089\u3001AniNite\u306e\u30ec\u30af\u30c1\u30e3\u30fc\uff06\u30ef\u30fc\u30af\u30b7\u30e7\u30c3\u30d7\u304c\u3074\u3063\u305f\u308a\u3060\uff01 \u65e5\u9593\u306b\u308f\u305f\u3063\u3066\u958b\u50ac\u3055\u308c\u308b\u3053\u306e\u30a4\u30d9\u30f3\u30c8\u3067\u306f\u3001\u8b1b\u7fa9\u3067\u65e5\u672c\u3084\u65e5\u672c\u306e\u30dd\u30c3\u30d7\u30ab\u30eb\u30c1\u30e3\u30fc\u306b\u95a2\u3059\u308b\u77e5\u8b58\u3092\u6df1\u3081\u308b\u3060\u3051\u3067\u306a\u304f\u3001\u30ef\u30fc\u30af\u30b7\u30e7\u30c3\u30d7\u3067\u5b9f\u8df5\u7684\u306a\u30b9\u30ad\u30eb\u3092\u8eab\u306b\u3064\u3051\u308b\u3053\u3068\u3082\u3067\u304d\u308b\u3002\u7d20\u6674\u3089\u3057\u3044\u306e\u306f\u3001\u3053\u308c\u3089\u306e\u8b1b\u7fa9\u3084\u30ef\u30fc\u30af\u30b7\u30e7\u30c3\u30d7\u306e\u4e2d\u306b\u306f\u3001\u305d\u306e\u5206\u91ce\u306e\u5de8\u5320\u304c\u8b1b\u5e2b\u3092\u52d9\u3081\u308b\u3082\u306e\u3082\u3042\u308c\u3070\u3001\u4e00\u822c\u306e\u30d5\u30a1\u30f3\u304c\u8b1b\u5e2b\u3092\u52d9\u3081\u308b\u3082\u306e\u3082\u3042\u308b\u3053\u3068\u3060\u3002 AniNite\u3067\u30c8\u30fc\u30af\u3084\u30ef\u30fc\u30af\u30b7\u30e7\u30c3\u30d7\u3092\u3057\u305f\u3044\uff1f\u3053\u3061\u3089\u304b\u3089\u304a\u7533\u3057\u8fbc\u307f\u3092\uff01<\/p>\n","protected":false},"author":10,"featured_media":0,"parent":33564,"menu_order":0,"comment_status":"closed","ping_status":"closed","template":"","meta":{"inline_featured_image":false,"footnotes":""},"class_list":["post-33629","page","type-page","status-publish","hentry"],"yoast_head":"<!-- This site is optimized with the Yoast SEO plugin v27.5 - https:\/\/yoast.com\/product\/yoast-seo-wordpress\/ -->\n<title>\u30ec\u30af\u30c1\u30e3\u30fc\uff06\u30ef\u30fc\u30af\u30b7\u30e7\u30c3\u30d7 - AniNite<\/title>\n<meta name=\"description\" content=\"\u65b0\u3057\u3044\u3053\u3068\u3092\u5b66\u3073\u305f\u3044\u306a\u3089\u3001AniNite\u306e\u30ec\u30af\u30c1\u30e3\u30fc\u306f\u3046\u3063\u3066\u3064\u3051\u3060\u3002\u305c\u3072\u53c2\u52a0\u3057\u3066\u8b1b\u7fa9\u3092\u697d\u3057\u3082\u3046\uff01\" \/>\n<meta name=\"robots\" content=\"index, follow, max-snippet:-1, max-image-preview:large, max-video-preview:-1\" \/>\n<link rel=\"canonical\" href=\"https:\/\/www.aninite.at\/ja\/programm\/vortraege\/\" \/>\n<meta property=\"og:locale\" content=\"ja_JP\" \/>\n<meta property=\"og:type\" content=\"article\" \/>\n<meta property=\"og:title\" content=\"\u30ec\u30af\u30c1\u30e3\u30fc\uff06\u30ef\u30fc\u30af\u30b7\u30e7\u30c3\u30d7 - AniNite\" \/>\n<meta property=\"og:description\" content=\"\u65b0\u3057\u3044\u3053\u3068\u3092\u5b66\u3073\u305f\u3044\u306a\u3089\u3001AniNite\u306e\u30ec\u30af\u30c1\u30e3\u30fc\u306f\u3046\u3063\u3066\u3064\u3051\u3060\u3002\u305c\u3072\u53c2\u52a0\u3057\u3066\u8b1b\u7fa9\u3092\u697d\u3057\u3082\u3046\uff01\" \/>\n<meta property=\"og:url\" content=\"https:\/\/www.aninite.at\/ja\/programm\/vortraege\/\" \/>\n<meta property=\"og:site_name\" content=\"AniNite\" \/>\n<meta property=\"article:publisher\" content=\"https:\/\/www.facebook.com\/AniMangaAustria\" \/>\n<meta property=\"article:modified_time\" content=\"2026-04-15T19:33:03+00:00\" \/>\n<meta property=\"og:image\" content=\"https:\/\/www.aninite.at\/wp-content\/uploads\/cropped-Icon_2025.jpg\" \/>\n\t<meta property=\"og:image:width\" content=\"512\" \/>\n\t<meta property=\"og:image:height\" content=\"512\" \/>\n\t<meta property=\"og:image:type\" content=\"image\/jpeg\" \/>\n<meta name=\"twitter:card\" content=\"summary_large_image\" \/>\n<meta name=\"twitter:title\" content=\"\u30a2\u30cb\u30ca\u30a4\u30c8\" \/>\n<meta name=\"twitter:description\" content=\"\u65b0\u3057\u3044\u3053\u3068\u3092\u5b66\u3073\u305f\u3044\u306a\u3089\u3001AniNite\u306e\u30ec\u30af\u30c1\u30e3\u30fc\u306f\u3046\u3063\u3066\u3064\u3051\u3060\u3002\u305c\u3072\u53c2\u52a0\u3057\u3066\u8b1b\u7fa9\u3092\u697d\u3057\u3082\u3046\uff01\" \/>\n<meta name=\"twitter:image\" content=\"https:\/\/www.aninite.at\/wp-content\/uploads\/Vortrag_offen_Philip-Rigaud-2-1024x683.jpg\" \/>\n<script type=\"application\/ld+json\" class=\"yoast-schema-graph\">{\"@context\":\"https:\\\/\\\/schema.org\",\"@graph\":[{\"@type\":\"WebPage\",\"@id\":\"https:\\\/\\\/www.aninite.at\\\/ja\\\/programm\\\/vortraege\\\/\",\"url\":\"https:\\\/\\\/www.aninite.at\\\/ja\\\/programm\\\/vortraege\\\/\",\"name\":\"\u30ec\u30af\u30c1\u30e3\u30fc\uff06\u30ef\u30fc\u30af\u30b7\u30e7\u30c3\u30d7 - AniNite\",\"isPartOf\":{\"@id\":\"https:\\\/\\\/www.aninite.at\\\/ja\\\/#website\"},\"primaryImageOfPage\":{\"@id\":\"https:\\\/\\\/www.aninite.at\\\/ja\\\/programm\\\/vortraege\\\/#primaryimage\"},\"image\":{\"@id\":\"https:\\\/\\\/www.aninite.at\\\/ja\\\/programm\\\/vortraege\\\/#primaryimage\"},\"thumbnailUrl\":\"https:\\\/\\\/www.aninite.at\\\/wp-content\\\/uploads\\\/\\\/PageTitelBanner.svg\",\"datePublished\":\"2025-07-13T18:34:38+00:00\",\"dateModified\":\"2026-04-15T19:33:03+00:00\",\"description\":\"\u65b0\u3057\u3044\u3053\u3068\u3092\u5b66\u3073\u305f\u3044\u306a\u3089\u3001AniNite\u306e\u30ec\u30af\u30c1\u30e3\u30fc\u306f\u3046\u3063\u3066\u3064\u3051\u3060\u3002\u305c\u3072\u53c2\u52a0\u3057\u3066\u8b1b\u7fa9\u3092\u697d\u3057\u3082\u3046\uff01\",\"breadcrumb\":{\"@id\":\"https:\\\/\\\/www.aninite.at\\\/ja\\\/programm\\\/vortraege\\\/#breadcrumb\"},\"inLanguage\":\"ja\",\"potentialAction\":[{\"@type\":\"ReadAction\",\"target\":[\"https:\\\/\\\/www.aninite.at\\\/ja\\\/programm\\\/vortraege\\\/\"]}]},{\"@type\":\"ImageObject\",\"inLanguage\":\"ja\",\"@id\":\"https:\\\/\\\/www.aninite.at\\\/ja\\\/programm\\\/vortraege\\\/#primaryimage\",\"url\":\"https:\\\/\\\/www.aninite.at\\\/wp-content\\\/uploads\\\/\\\/PageTitelBanner.svg\",\"contentUrl\":\"https:\\\/\\\/www.aninite.at\\\/wp-content\\\/uploads\\\/\\\/PageTitelBanner.svg\"},{\"@type\":\"BreadcrumbList\",\"@id\":\"https:\\\/\\\/www.aninite.at\\\/ja\\\/programm\\\/vortraege\\\/#breadcrumb\",\"itemListElement\":[{\"@type\":\"ListItem\",\"position\":1,\"name\":\"Startseite\",\"item\":\"https:\\\/\\\/www.aninite.at\\\/ja\\\/willkommen\\\/\"},{\"@type\":\"ListItem\",\"position\":2,\"name\":\"\u30d7\u30ed\u30b0\u30e9\u30e0\",\"item\":\"https:\\\/\\\/www.aninite.at\\\/ja\\\/programm\\\/\"},{\"@type\":\"ListItem\",\"position\":3,\"name\":\"\u30ec\u30af\u30c1\u30e3\u30fc\uff06\u30ef\u30fc\u30af\u30b7\u30e7\u30c3\u30d7\"}]},{\"@type\":\"WebSite\",\"@id\":\"https:\\\/\\\/www.aninite.at\\\/ja\\\/#website\",\"url\":\"https:\\\/\\\/www.aninite.at\\\/ja\\\/\",\"name\":\"AniNite\",\"description\":\"\u00d6sterreichs gr\u00f6\u00dfte Anime-, Manga- und Comic-Convention\",\"potentialAction\":[{\"@type\":\"SearchAction\",\"target\":{\"@type\":\"EntryPoint\",\"urlTemplate\":\"https:\\\/\\\/www.aninite.at\\\/ja\\\/?s={search_term_string}\"},\"query-input\":{\"@type\":\"PropertyValueSpecification\",\"valueRequired\":true,\"valueName\":\"search_term_string\"}}],\"inLanguage\":\"ja\"}]}<\/script>\n<!-- \/ Yoast SEO plugin. -->","yoast_head_json":{"title":"\u30ec\u30af\u30c1\u30e3\u30fc\uff06\u30ef\u30fc\u30af\u30b7\u30e7\u30c3\u30d7 - AniNite","description":"\u65b0\u3057\u3044\u3053\u3068\u3092\u5b66\u3073\u305f\u3044\u306a\u3089\u3001AniNite\u306e\u30ec\u30af\u30c1\u30e3\u30fc\u306f\u3046\u3063\u3066\u3064\u3051\u3060\u3002\u305c\u3072\u53c2\u52a0\u3057\u3066\u8b1b\u7fa9\u3092\u697d\u3057\u3082\u3046\uff01","robots":{"index":"index","follow":"follow","max-snippet":"max-snippet:-1","max-image-preview":"max-image-preview:large","max-video-preview":"max-video-preview:-1"},"canonical":"https:\/\/www.aninite.at\/ja\/programm\/vortraege\/","og_locale":"ja_JP","og_type":"article","og_title":"\u30ec\u30af\u30c1\u30e3\u30fc\uff06\u30ef\u30fc\u30af\u30b7\u30e7\u30c3\u30d7 - AniNite","og_description":"\u65b0\u3057\u3044\u3053\u3068\u3092\u5b66\u3073\u305f\u3044\u306a\u3089\u3001AniNite\u306e\u30ec\u30af\u30c1\u30e3\u30fc\u306f\u3046\u3063\u3066\u3064\u3051\u3060\u3002\u305c\u3072\u53c2\u52a0\u3057\u3066\u8b1b\u7fa9\u3092\u697d\u3057\u3082\u3046\uff01","og_url":"https:\/\/www.aninite.at\/ja\/programm\/vortraege\/","og_site_name":"AniNite","article_publisher":"https:\/\/www.facebook.com\/AniMangaAustria","article_modified_time":"2026-04-15T19:33:03+00:00","og_image":[{"width":512,"height":512,"url":"https:\/\/www.aninite.at\/wp-content\/uploads\/cropped-Icon_2025.jpg","type":"image\/jpeg"}],"twitter_card":"summary_large_image","twitter_title":"\u30a2\u30cb\u30ca\u30a4\u30c8","twitter_description":"\u65b0\u3057\u3044\u3053\u3068\u3092\u5b66\u3073\u305f\u3044\u306a\u3089\u3001AniNite\u306e\u30ec\u30af\u30c1\u30e3\u30fc\u306f\u3046\u3063\u3066\u3064\u3051\u3060\u3002\u305c\u3072\u53c2\u52a0\u3057\u3066\u8b1b\u7fa9\u3092\u697d\u3057\u3082\u3046\uff01","twitter_image":"https:\/\/www.aninite.at\/wp-content\/uploads\/Vortrag_offen_Philip-Rigaud-2-1024x683.jpg","schema":{"@context":"https:\/\/schema.org","@graph":[{"@type":"WebPage","@id":"https:\/\/www.aninite.at\/ja\/programm\/vortraege\/","url":"https:\/\/www.aninite.at\/ja\/programm\/vortraege\/","name":"\u30ec\u30af\u30c1\u30e3\u30fc\uff06\u30ef\u30fc\u30af\u30b7\u30e7\u30c3\u30d7 - AniNite","isPartOf":{"@id":"https:\/\/www.aninite.at\/ja\/#website"},"primaryImageOfPage":{"@id":"https:\/\/www.aninite.at\/ja\/programm\/vortraege\/#primaryimage"},"image":{"@id":"https:\/\/www.aninite.at\/ja\/programm\/vortraege\/#primaryimage"},"thumbnailUrl":"https:\/\/www.aninite.at\/wp-content\/uploads\/\/PageTitelBanner.svg","datePublished":"2025-07-13T18:34:38+00:00","dateModified":"2026-04-15T19:33:03+00:00","description":"\u65b0\u3057\u3044\u3053\u3068\u3092\u5b66\u3073\u305f\u3044\u306a\u3089\u3001AniNite\u306e\u30ec\u30af\u30c1\u30e3\u30fc\u306f\u3046\u3063\u3066\u3064\u3051\u3060\u3002\u305c\u3072\u53c2\u52a0\u3057\u3066\u8b1b\u7fa9\u3092\u697d\u3057\u3082\u3046\uff01","breadcrumb":{"@id":"https:\/\/www.aninite.at\/ja\/programm\/vortraege\/#breadcrumb"},"inLanguage":"ja","potentialAction":[{"@type":"ReadAction","target":["https:\/\/www.aninite.at\/ja\/programm\/vortraege\/"]}]},{"@type":"ImageObject","inLanguage":"ja","@id":"https:\/\/www.aninite.at\/ja\/programm\/vortraege\/#primaryimage","url":"https:\/\/www.aninite.at\/wp-content\/uploads\/\/PageTitelBanner.svg","contentUrl":"https:\/\/www.aninite.at\/wp-content\/uploads\/\/PageTitelBanner.svg"},{"@type":"BreadcrumbList","@id":"https:\/\/www.aninite.at\/ja\/programm\/vortraege\/#breadcrumb","itemListElement":[{"@type":"ListItem","position":1,"name":"Startseite","item":"https:\/\/www.aninite.at\/ja\/willkommen\/"},{"@type":"ListItem","position":2,"name":"\u30d7\u30ed\u30b0\u30e9\u30e0","item":"https:\/\/www.aninite.at\/ja\/programm\/"},{"@type":"ListItem","position":3,"name":"\u30ec\u30af\u30c1\u30e3\u30fc\uff06\u30ef\u30fc\u30af\u30b7\u30e7\u30c3\u30d7"}]},{"@type":"WebSite","@id":"https:\/\/www.aninite.at\/ja\/#website","url":"https:\/\/www.aninite.at\/ja\/","name":"AniNite","description":"\u00d6sterreichs gr\u00f6\u00dfte Anime-, Manga- und Comic-Convention","potentialAction":[{"@type":"SearchAction","target":{"@type":"EntryPoint","urlTemplate":"https:\/\/www.aninite.at\/ja\/?s={search_term_string}"},"query-input":{"@type":"PropertyValueSpecification","valueRequired":true,"valueName":"search_term_string"}}],"inLanguage":"ja"}]}},"acf":[],"_links":{"self":[{"href":"https:\/\/www.aninite.at\/ja\/wp-json\/wp\/v2\/pages\/33629","targetHints":{"allow":["GET"]}}],"collection":[{"href":"https:\/\/www.aninite.at\/ja\/wp-json\/wp\/v2\/pages"}],"about":[{"href":"https:\/\/www.aninite.at\/ja\/wp-json\/wp\/v2\/types\/page"}],"author":[{"embeddable":true,"href":"https:\/\/www.aninite.at\/ja\/wp-json\/wp\/v2\/users\/10"}],"replies":[{"embeddable":true,"href":"https:\/\/www.aninite.at\/ja\/wp-json\/wp\/v2\/comments?post=33629"}],"version-history":[{"count":31,"href":"https:\/\/www.aninite.at\/ja\/wp-json\/wp\/v2\/pages\/33629\/revisions"}],"predecessor-version":[{"id":35057,"href":"https:\/\/www.aninite.at\/ja\/wp-json\/wp\/v2\/pages\/33629\/revisions\/35057"}],"up":[{"embeddable":true,"href":"https:\/\/www.aninite.at\/ja\/wp-json\/wp\/v2\/pages\/33564"}],"wp:attachment":[{"href":"https:\/\/www.aninite.at\/ja\/wp-json\/wp\/v2\/media?parent=33629"}],"curies":[{"name":"wp","href":"https:\/\/api.w.org\/{rel}","templated":true}]}}