{"id":33636,"date":"2023-07-12T17:05:59","date_gmt":"2023-07-12T15:05:59","guid":{"rendered":"https:\/\/www.aninite.at\/info-3\/safezone-2\/"},"modified":"2026-04-15T20:42:28","modified_gmt":"2026-04-15T18:42:28","slug":"safezone-2","status":"publish","type":"page","link":"https:\/\/www.aninite.at\/ja\/info-3\/safezone-2\/","title":{"rendered":"\u30bb\u30fc\u30d5\u30be\u30fc\u30f3"},"content":{"rendered":"<div class=\"wp-block-image\">\n<figure class=\"aligncenter size-full\"><img loading=\"lazy\" decoding=\"async\" width=\"700\" height=\"72\" src=\"https:\/\/www.aninite.at\/wp-content\/uploads\/\/PageTitelBanner.svg\" alt=\"\" class=\"wp-image-34807\"\/><\/figure>\n<\/div>\n<div style=\"height:48px\" aria-hidden=\"true\" class=\"wp-block-spacer\"><\/div>\n\n<p>\u305d\u306e\u540d\u306e\u901a\u308a\u3001\u30bb\u30fc\u30d5\u30be\u30fc\u30f3\u306f\u5b89\u5168\u306a\u5834\u6240\u3060\u3002<br\/>\u3082\u3057\u4eca\u3001\u4f55\u3082\u304b\u3082\u304c\u624b\u306b\u8ca0\u3048\u305a\u3001\u6c17\u5206\u304c\u3059\u3050\u308c\u306a\u3044\u306a\u3089\u3001\u3053\u3053\u3067\u5927\u4f1a\u306e\u30b9\u30c8\u30ec\u30b9\u304b\u3089\u56de\u5fa9\u3059\u308b\u3053\u3068\u304c\u3067\u304d\u308b\u3002\u30ea\u30e9\u30c3\u30af\u30b9\u3057\u305f\u96f0\u56f2\u6c17\u306e\u4e2d\u3067\u904e\u3054\u3059\u3053\u3068\u304c\u3067\u304d\u308b\u3002<br\/>\u8ab0\u306b\u3082\u90aa\u9b54\u3055\u308c\u306a\u3044\u3088\u3046\u306b\u3001<strong>\u5199\u771f\u64ae\u5f71\u306f<\/strong>\u7d76\u5bfe\u7981\u6b62\u3067\u3001\u5e73\u548c\u3067\u9759\u304b\u306a\u5834\u6240\u3060\uff01 <\/p>\n\n<h3 class=\"wp-block-heading has-text-color has-link-color wp-elements-bd28980d0ecf9d2ccf3b4f838031b237\" style=\"color:#801fdc\">\u5b89\u5168\u306a\u8a00\u8449<\/h3>\n\n<p>\u8ab0\u304b\u306b\u5acc\u304c\u3089\u305b\u3092\u53d7\u3051\u3066\u3044\u308b\u3068\u611f\u3058\u308b\u3053\u3068\u306f\u306a\u3044\u3060\u308d\u3046\u304b\uff1f\u99ac\u9e7f\u306b\u3055\u308c\u305f\u308a\u3001\u983c\u307e\u308c\u3066\u3082\u3044\u306a\u3044\u306e\u306b\u89e6\u3089\u308c\u305f\u308a\u3057\u3066\u3044\u308b\u306e\u306b\u3001\u8ab0\u3082\u52a9\u3051\u3066\u304f\u308c\u306a\u3044\uff1f\u5fc3\u914d\u3057\u306a\u3044\u3067\u3001\u79c1\u305f\u3061\u304c\u3044\u308b\uff01    <\/p>\n\n<p>\u8b66\u5099\u54e1\u306e\u3068\u3053\u308d\u306b\u884c\u304d\u3001\u30b0\u30eb\u30d6\u30b9\u30ad\u304c\u3044\u308b\u304b\u3069\u3046\u304b\u5c0b\u306d\u308b\u3002\u8b66\u5099\u54e1\u304c\u5b89\u5168\u306a\u5834\u6240\u306b\u6848\u5185\u3057\u3066\u304f\u308c\u308b\u3002<br\/>\u3001\u5408\u8a00\u8449\u3092\u5fd8\u308c\u306a\u3044\u3088\u3046\u306b\uff01<strong>\u300c\u30b0\u30eb\u30d6\u30b9\u30ad\u306f\u3044\u308b\u304b\uff1f<\/strong>  <\/p>\n\n<div style=\"height:100px\" aria-hidden=\"true\" class=\"wp-block-spacer\"><\/div>\n<div class=\"wp-block-image\">\n<figure class=\"aligncenter size-full\"><img loading=\"lazy\" decoding=\"async\" width=\"728\" height=\"162\" src=\"https:\/\/www.aninite.at\/wp-content\/uploads\/Footer_2026_FL.png\" alt=\"\" class=\"wp-image-34746\" srcset=\"https:\/\/www.aninite.at\/wp-content\/uploads\/Footer_2026_FL.png 728w, https:\/\/www.aninite.at\/wp-content\/uploads\/Footer_2026_FL-300x67.png 300w\" sizes=\"auto, (max-width: 728px) 100vw, 728px\" \/><\/figure>\n<\/div>","protected":false},"excerpt":{"rendered":"<p>\u305d\u306e\u540d\u306e\u901a\u308a\u3001\u30bb\u30fc\u30d5\u30be\u30fc\u30f3\u306f\u5b89\u5168\u306a\u5834\u6240\u3060\u3002\u3082\u3057\u4eca\u3001\u4f55\u3082\u304b\u3082\u304c\u624b\u306b\u8ca0\u3048\u305a\u3001\u6c17\u5206\u304c\u3059\u3050\u308c\u306a\u3044\u306a\u3089\u3001\u3053\u3053\u3067\u5927\u4f1a\u306e\u30b9\u30c8\u30ec\u30b9\u304b\u3089\u56de\u5fa9\u3059\u308b\u3053\u3068\u304c\u3067\u304d\u308b\u3002\u30ea\u30e9\u30c3\u30af\u30b9\u3057\u305f\u96f0\u56f2\u6c17\u306e\u4e2d\u3067\u904e\u3054\u3059\u3053\u3068\u304c\u3067\u304d\u308b\u3002\u8ab0\u306b\u3082\u90aa\u9b54\u3055\u308c\u306a\u3044\u3088\u3046\u306b\u3001\u5199\u771f\u64ae\u5f71\u306f\u7d76\u5bfe\u7981\u6b62\u3067\u3001\u5e73\u548c\u3067\u9759\u304b\u306a\u5834\u6240\u3060\uff01 \u5b89\u5168\u306a\u8a00\u8449 \u8ab0\u304b\u306b\u5acc\u304c\u3089\u305b\u3092\u53d7\u3051\u3066\u3044\u308b\u3068\u611f\u3058\u308b\u3053\u3068\u306f\u306a\u3044\u3060\u308d\u3046\u304b\uff1f\u99ac\u9e7f\u306b\u3055\u308c\u305f\u308a\u3001\u983c\u307e\u308c\u3066\u3082\u3044\u306a\u3044\u306e\u306b\u89e6\u3089\u308c\u305f\u308a\u3057\u3066\u3044\u308b\u306e\u306b\u3001\u8ab0\u3082\u52a9\u3051\u3066\u304f\u308c\u306a\u3044\uff1f\u5fc3\u914d\u3057\u306a\u3044\u3067\u3001\u79c1\u305f\u3061\u304c\u3044\u308b\uff01 \u8b66\u5099\u54e1\u306e\u3068\u3053\u308d\u306b\u884c\u304d\u3001\u30b0\u30eb\u30d6\u30b9\u30ad\u304c\u3044\u308b\u304b\u3069\u3046\u304b\u5c0b\u306d\u308b\u3002\u8b66\u5099\u54e1\u304c\u5b89\u5168\u306a\u5834\u6240\u306b\u6848\u5185\u3057\u3066\u304f\u308c\u308b\u3002\u3001\u5408\u8a00\u8449\u3092\u5fd8\u308c\u306a\u3044\u3088\u3046\u306b\uff01\u300c\u30b0\u30eb\u30d6\u30b9\u30ad\u306f\u3044\u308b\u304b\uff1f<\/p>\n","protected":false},"author":10,"featured_media":0,"parent":32716,"menu_order":0,"comment_status":"closed","ping_status":"closed","template":"","meta":{"inline_featured_image":false,"footnotes":""},"class_list":["post-33636","page","type-page","status-publish","hentry"],"yoast_head":"<!-- This site is optimized with the Yoast SEO plugin v27.4 - https:\/\/yoast.com\/product\/yoast-seo-wordpress\/ -->\n<title>\u30bb\u30fc\u30d5\u30be\u30fc\u30f3 - AniNite<\/title>\n<meta name=\"robots\" content=\"index, follow, max-snippet:-1, max-image-preview:large, max-video-preview:-1\" \/>\n<link rel=\"canonical\" href=\"https:\/\/www.aninite.at\/ja\/info-3\/safezone-2\/\" \/>\n<meta property=\"og:locale\" content=\"ja_JP\" \/>\n<meta property=\"og:type\" content=\"article\" \/>\n<meta property=\"og:title\" content=\"\u30bb\u30fc\u30d5\u30be\u30fc\u30f3 - AniNite\" \/>\n<meta property=\"og:description\" content=\"\u305d\u306e\u540d\u306e\u901a\u308a\u3001\u30bb\u30fc\u30d5\u30be\u30fc\u30f3\u306f\u5b89\u5168\u306a\u5834\u6240\u3060\u3002\u3082\u3057\u4eca\u3001\u4f55\u3082\u304b\u3082\u304c\u624b\u306b\u8ca0\u3048\u305a\u3001\u6c17\u5206\u304c\u3059\u3050\u308c\u306a\u3044\u306a\u3089\u3001\u3053\u3053\u3067\u5927\u4f1a\u306e\u30b9\u30c8\u30ec\u30b9\u304b\u3089\u56de\u5fa9\u3059\u308b\u3053\u3068\u304c\u3067\u304d\u308b\u3002\u30ea\u30e9\u30c3\u30af\u30b9\u3057\u305f\u96f0\u56f2\u6c17\u306e\u4e2d\u3067\u904e\u3054\u3059\u3053\u3068\u304c\u3067\u304d\u308b\u3002\u8ab0\u306b\u3082\u90aa\u9b54\u3055\u308c\u306a\u3044\u3088\u3046\u306b\u3001\u5199\u771f\u64ae\u5f71\u306f\u7d76\u5bfe\u7981\u6b62\u3067\u3001\u5e73\u548c\u3067\u9759\u304b\u306a\u5834\u6240\u3060\uff01 \u5b89\u5168\u306a\u8a00\u8449 \u8ab0\u304b\u306b\u5acc\u304c\u3089\u305b\u3092\u53d7\u3051\u3066\u3044\u308b\u3068\u611f\u3058\u308b\u3053\u3068\u306f\u306a\u3044\u3060\u308d\u3046\u304b\uff1f\u99ac\u9e7f\u306b\u3055\u308c\u305f\u308a\u3001\u983c\u307e\u308c\u3066\u3082\u3044\u306a\u3044\u306e\u306b\u89e6\u3089\u308c\u305f\u308a\u3057\u3066\u3044\u308b\u306e\u306b\u3001\u8ab0\u3082\u52a9\u3051\u3066\u304f\u308c\u306a\u3044\uff1f\u5fc3\u914d\u3057\u306a\u3044\u3067\u3001\u79c1\u305f\u3061\u304c\u3044\u308b\uff01 \u8b66\u5099\u54e1\u306e\u3068\u3053\u308d\u306b\u884c\u304d\u3001\u30b0\u30eb\u30d6\u30b9\u30ad\u304c\u3044\u308b\u304b\u3069\u3046\u304b\u5c0b\u306d\u308b\u3002\u8b66\u5099\u54e1\u304c\u5b89\u5168\u306a\u5834\u6240\u306b\u6848\u5185\u3057\u3066\u304f\u308c\u308b\u3002\u3001\u5408\u8a00\u8449\u3092\u5fd8\u308c\u306a\u3044\u3088\u3046\u306b\uff01\u300c\u30b0\u30eb\u30d6\u30b9\u30ad\u306f\u3044\u308b\u304b\uff1f\" \/>\n<meta property=\"og:url\" content=\"https:\/\/www.aninite.at\/ja\/info-3\/safezone-2\/\" \/>\n<meta property=\"og:site_name\" content=\"AniNite\" \/>\n<meta property=\"article:publisher\" content=\"https:\/\/www.facebook.com\/AniMangaAustria\" \/>\n<meta property=\"article:modified_time\" content=\"2026-04-15T18:42:28+00:00\" \/>\n<meta property=\"og:image\" content=\"https:\/\/www.aninite.at\/wp-content\/uploads\/cropped-Icon_2025.jpg\" \/>\n\t<meta property=\"og:image:width\" content=\"512\" \/>\n\t<meta property=\"og:image:height\" content=\"512\" \/>\n\t<meta property=\"og:image:type\" content=\"image\/jpeg\" \/>\n<meta name=\"twitter:card\" content=\"summary_large_image\" \/>\n<script type=\"application\/ld+json\" class=\"yoast-schema-graph\">{\"@context\":\"https:\\\/\\\/schema.org\",\"@graph\":[{\"@type\":\"WebPage\",\"@id\":\"https:\\\/\\\/www.aninite.at\\\/ja\\\/info-3\\\/safezone-2\\\/\",\"url\":\"https:\\\/\\\/www.aninite.at\\\/ja\\\/info-3\\\/safezone-2\\\/\",\"name\":\"\u30bb\u30fc\u30d5\u30be\u30fc\u30f3 - AniNite\",\"isPartOf\":{\"@id\":\"https:\\\/\\\/www.aninite.at\\\/ja\\\/#website\"},\"primaryImageOfPage\":{\"@id\":\"https:\\\/\\\/www.aninite.at\\\/ja\\\/info-3\\\/safezone-2\\\/#primaryimage\"},\"image\":{\"@id\":\"https:\\\/\\\/www.aninite.at\\\/ja\\\/info-3\\\/safezone-2\\\/#primaryimage\"},\"thumbnailUrl\":\"https:\\\/\\\/www.aninite.at\\\/wp-content\\\/uploads\\\/\\\/PageTitelBanner.svg\",\"datePublished\":\"2023-07-12T15:05:59+00:00\",\"dateModified\":\"2026-04-15T18:42:28+00:00\",\"breadcrumb\":{\"@id\":\"https:\\\/\\\/www.aninite.at\\\/ja\\\/info-3\\\/safezone-2\\\/#breadcrumb\"},\"inLanguage\":\"ja\",\"potentialAction\":[{\"@type\":\"ReadAction\",\"target\":[\"https:\\\/\\\/www.aninite.at\\\/ja\\\/info-3\\\/safezone-2\\\/\"]}]},{\"@type\":\"ImageObject\",\"inLanguage\":\"ja\",\"@id\":\"https:\\\/\\\/www.aninite.at\\\/ja\\\/info-3\\\/safezone-2\\\/#primaryimage\",\"url\":\"https:\\\/\\\/www.aninite.at\\\/wp-content\\\/uploads\\\/\\\/PageTitelBanner.svg\",\"contentUrl\":\"https:\\\/\\\/www.aninite.at\\\/wp-content\\\/uploads\\\/\\\/PageTitelBanner.svg\"},{\"@type\":\"BreadcrumbList\",\"@id\":\"https:\\\/\\\/www.aninite.at\\\/ja\\\/info-3\\\/safezone-2\\\/#breadcrumb\",\"itemListElement\":[{\"@type\":\"ListItem\",\"position\":1,\"name\":\"Startseite\",\"item\":\"https:\\\/\\\/www.aninite.at\\\/ja\\\/willkommen\\\/\"},{\"@type\":\"ListItem\",\"position\":2,\"name\":\"\u30a4\u30f3\u30d5\u30a9\u30e1\u30fc\u30b7\u30e7\u30f3\",\"item\":\"https:\\\/\\\/www.aninite.at\\\/ja\\\/info-3\\\/\"},{\"@type\":\"ListItem\",\"position\":3,\"name\":\"\u30bb\u30fc\u30d5\u30be\u30fc\u30f3\"}]},{\"@type\":\"WebSite\",\"@id\":\"https:\\\/\\\/www.aninite.at\\\/ja\\\/#website\",\"url\":\"https:\\\/\\\/www.aninite.at\\\/ja\\\/\",\"name\":\"AniNite\",\"description\":\"\u00d6sterreichs gr\u00f6\u00dfte Anime-, Manga- und Comic-Convention\",\"potentialAction\":[{\"@type\":\"SearchAction\",\"target\":{\"@type\":\"EntryPoint\",\"urlTemplate\":\"https:\\\/\\\/www.aninite.at\\\/ja\\\/?s={search_term_string}\"},\"query-input\":{\"@type\":\"PropertyValueSpecification\",\"valueRequired\":true,\"valueName\":\"search_term_string\"}}],\"inLanguage\":\"ja\"}]}<\/script>\n<!-- \/ Yoast SEO plugin. -->","yoast_head_json":{"title":"\u30bb\u30fc\u30d5\u30be\u30fc\u30f3 - AniNite","robots":{"index":"index","follow":"follow","max-snippet":"max-snippet:-1","max-image-preview":"max-image-preview:large","max-video-preview":"max-video-preview:-1"},"canonical":"https:\/\/www.aninite.at\/ja\/info-3\/safezone-2\/","og_locale":"ja_JP","og_type":"article","og_title":"\u30bb\u30fc\u30d5\u30be\u30fc\u30f3 - AniNite","og_description":"\u305d\u306e\u540d\u306e\u901a\u308a\u3001\u30bb\u30fc\u30d5\u30be\u30fc\u30f3\u306f\u5b89\u5168\u306a\u5834\u6240\u3060\u3002\u3082\u3057\u4eca\u3001\u4f55\u3082\u304b\u3082\u304c\u624b\u306b\u8ca0\u3048\u305a\u3001\u6c17\u5206\u304c\u3059\u3050\u308c\u306a\u3044\u306a\u3089\u3001\u3053\u3053\u3067\u5927\u4f1a\u306e\u30b9\u30c8\u30ec\u30b9\u304b\u3089\u56de\u5fa9\u3059\u308b\u3053\u3068\u304c\u3067\u304d\u308b\u3002\u30ea\u30e9\u30c3\u30af\u30b9\u3057\u305f\u96f0\u56f2\u6c17\u306e\u4e2d\u3067\u904e\u3054\u3059\u3053\u3068\u304c\u3067\u304d\u308b\u3002\u8ab0\u306b\u3082\u90aa\u9b54\u3055\u308c\u306a\u3044\u3088\u3046\u306b\u3001\u5199\u771f\u64ae\u5f71\u306f\u7d76\u5bfe\u7981\u6b62\u3067\u3001\u5e73\u548c\u3067\u9759\u304b\u306a\u5834\u6240\u3060\uff01 \u5b89\u5168\u306a\u8a00\u8449 \u8ab0\u304b\u306b\u5acc\u304c\u3089\u305b\u3092\u53d7\u3051\u3066\u3044\u308b\u3068\u611f\u3058\u308b\u3053\u3068\u306f\u306a\u3044\u3060\u308d\u3046\u304b\uff1f\u99ac\u9e7f\u306b\u3055\u308c\u305f\u308a\u3001\u983c\u307e\u308c\u3066\u3082\u3044\u306a\u3044\u306e\u306b\u89e6\u3089\u308c\u305f\u308a\u3057\u3066\u3044\u308b\u306e\u306b\u3001\u8ab0\u3082\u52a9\u3051\u3066\u304f\u308c\u306a\u3044\uff1f\u5fc3\u914d\u3057\u306a\u3044\u3067\u3001\u79c1\u305f\u3061\u304c\u3044\u308b\uff01 \u8b66\u5099\u54e1\u306e\u3068\u3053\u308d\u306b\u884c\u304d\u3001\u30b0\u30eb\u30d6\u30b9\u30ad\u304c\u3044\u308b\u304b\u3069\u3046\u304b\u5c0b\u306d\u308b\u3002\u8b66\u5099\u54e1\u304c\u5b89\u5168\u306a\u5834\u6240\u306b\u6848\u5185\u3057\u3066\u304f\u308c\u308b\u3002\u3001\u5408\u8a00\u8449\u3092\u5fd8\u308c\u306a\u3044\u3088\u3046\u306b\uff01\u300c\u30b0\u30eb\u30d6\u30b9\u30ad\u306f\u3044\u308b\u304b\uff1f","og_url":"https:\/\/www.aninite.at\/ja\/info-3\/safezone-2\/","og_site_name":"AniNite","article_publisher":"https:\/\/www.facebook.com\/AniMangaAustria","article_modified_time":"2026-04-15T18:42:28+00:00","og_image":[{"width":512,"height":512,"url":"https:\/\/www.aninite.at\/wp-content\/uploads\/cropped-Icon_2025.jpg","type":"image\/jpeg"}],"twitter_card":"summary_large_image","schema":{"@context":"https:\/\/schema.org","@graph":[{"@type":"WebPage","@id":"https:\/\/www.aninite.at\/ja\/info-3\/safezone-2\/","url":"https:\/\/www.aninite.at\/ja\/info-3\/safezone-2\/","name":"\u30bb\u30fc\u30d5\u30be\u30fc\u30f3 - AniNite","isPartOf":{"@id":"https:\/\/www.aninite.at\/ja\/#website"},"primaryImageOfPage":{"@id":"https:\/\/www.aninite.at\/ja\/info-3\/safezone-2\/#primaryimage"},"image":{"@id":"https:\/\/www.aninite.at\/ja\/info-3\/safezone-2\/#primaryimage"},"thumbnailUrl":"https:\/\/www.aninite.at\/wp-content\/uploads\/\/PageTitelBanner.svg","datePublished":"2023-07-12T15:05:59+00:00","dateModified":"2026-04-15T18:42:28+00:00","breadcrumb":{"@id":"https:\/\/www.aninite.at\/ja\/info-3\/safezone-2\/#breadcrumb"},"inLanguage":"ja","potentialAction":[{"@type":"ReadAction","target":["https:\/\/www.aninite.at\/ja\/info-3\/safezone-2\/"]}]},{"@type":"ImageObject","inLanguage":"ja","@id":"https:\/\/www.aninite.at\/ja\/info-3\/safezone-2\/#primaryimage","url":"https:\/\/www.aninite.at\/wp-content\/uploads\/\/PageTitelBanner.svg","contentUrl":"https:\/\/www.aninite.at\/wp-content\/uploads\/\/PageTitelBanner.svg"},{"@type":"BreadcrumbList","@id":"https:\/\/www.aninite.at\/ja\/info-3\/safezone-2\/#breadcrumb","itemListElement":[{"@type":"ListItem","position":1,"name":"Startseite","item":"https:\/\/www.aninite.at\/ja\/willkommen\/"},{"@type":"ListItem","position":2,"name":"\u30a4\u30f3\u30d5\u30a9\u30e1\u30fc\u30b7\u30e7\u30f3","item":"https:\/\/www.aninite.at\/ja\/info-3\/"},{"@type":"ListItem","position":3,"name":"\u30bb\u30fc\u30d5\u30be\u30fc\u30f3"}]},{"@type":"WebSite","@id":"https:\/\/www.aninite.at\/ja\/#website","url":"https:\/\/www.aninite.at\/ja\/","name":"AniNite","description":"\u00d6sterreichs gr\u00f6\u00dfte Anime-, Manga- und Comic-Convention","potentialAction":[{"@type":"SearchAction","target":{"@type":"EntryPoint","urlTemplate":"https:\/\/www.aninite.at\/ja\/?s={search_term_string}"},"query-input":{"@type":"PropertyValueSpecification","valueRequired":true,"valueName":"search_term_string"}}],"inLanguage":"ja"}]}},"acf":[],"_links":{"self":[{"href":"https:\/\/www.aninite.at\/ja\/wp-json\/wp\/v2\/pages\/33636","targetHints":{"allow":["GET"]}}],"collection":[{"href":"https:\/\/www.aninite.at\/ja\/wp-json\/wp\/v2\/pages"}],"about":[{"href":"https:\/\/www.aninite.at\/ja\/wp-json\/wp\/v2\/types\/page"}],"author":[{"embeddable":true,"href":"https:\/\/www.aninite.at\/ja\/wp-json\/wp\/v2\/users\/10"}],"replies":[{"embeddable":true,"href":"https:\/\/www.aninite.at\/ja\/wp-json\/wp\/v2\/comments?post=33636"}],"version-history":[{"count":2,"href":"https:\/\/www.aninite.at\/ja\/wp-json\/wp\/v2\/pages\/33636\/revisions"}],"predecessor-version":[{"id":34994,"href":"https:\/\/www.aninite.at\/ja\/wp-json\/wp\/v2\/pages\/33636\/revisions\/34994"}],"up":[{"embeddable":true,"href":"https:\/\/www.aninite.at\/ja\/wp-json\/wp\/v2\/pages\/32716"}],"wp:attachment":[{"href":"https:\/\/www.aninite.at\/ja\/wp-json\/wp\/v2\/media?parent=33636"}],"curies":[{"name":"wp","href":"https:\/\/api.w.org\/{rel}","templated":true}]}}