{"id":33990,"date":"2025-07-13T23:57:07","date_gmt":"2025-07-13T21:57:07","guid":{"rendered":"https:\/\/www.aninite.at\/vortraege-workshops-milkyrosa-2\/"},"modified":"2025-07-19T09:47:33","modified_gmt":"2025-07-19T07:47:33","slug":"vortraege-workshops-milkyrosa-2","status":"publish","type":"page","link":"https:\/\/www.aninite.at\/ja\/vortraege-workshops-milkyrosa-2\/","title":{"rendered":"\u30ec\u30af\u30c1\u30e3\u30fc\uff06\u30ef\u30fc\u30af\u30b7\u30e7\u30c3\u30d7 - MilkyRosa"},"content":{"rendered":"\n<figure class=\"wp-block-image size-large is-resized\"><img loading=\"lazy\" decoding=\"async\" width=\"1024\" height=\"768\" src=\"https:\/\/www.aninite.at\/wp-content\/uploads\/\/MilkyRosa_Branding_01s-1024x768.jpg\" alt=\"\" class=\"wp-image-33854\" style=\"width:403px;height:auto\" srcset=\"https:\/\/www.aninite.at\/wp-content\/uploads\/MilkyRosa_Branding_01s-1024x768.jpg 1024w, https:\/\/www.aninite.at\/wp-content\/uploads\/MilkyRosa_Branding_01s-300x225.jpg 300w, https:\/\/www.aninite.at\/wp-content\/uploads\/MilkyRosa_Branding_01s-768x576.jpg 768w, https:\/\/www.aninite.at\/wp-content\/uploads\/MilkyRosa_Branding_01s-1536x1152.jpg 1536w, https:\/\/www.aninite.at\/wp-content\/uploads\/MilkyRosa_Branding_01s-2048x1536.jpg 2048w, https:\/\/www.aninite.at\/wp-content\/uploads\/MilkyRosa_Branding_01s-1140x855.jpg 1140w\" sizes=\"auto, (max-width: 1024px) 100vw, 1024px\" \/><\/figure>\n\n<h2 class=\"wp-block-heading\"><em><mark style=\"background-color:rgba(0, 0, 0, 0)\" class=\"has-inline-color has-vivid-red-color\">\u30a2\u30fc\u30c6\u30a3\u30b9\u30c8\u3084\u5c0f\u898f\u6a21\u30ec\u30fc\u30d9\u30eb\u306e\u30d6\u30e9\u30f3\u30c7\u30a3\u30f3\u30b0<\/mark><\/em><\/h2>\n\n<p><em><mark style=\"background-color:rgba(0, 0, 0, 0)\" class=\"has-inline-color has-vivid-red-color\">\u65e5\u66dc\u65e5 11:45 - 13:15 - 0.31\u53f7\u5ba4<\/mark><\/em><\/p>\n\n<p>\u30a2\u30fc\u30c6\u30a3\u30b9\u30c8\u3084\u5c0f\u3055\u306a\u4f1a\u793e\u3068\u3057\u3066\u81ea\u5206\u306e\u30d3\u30b8\u30cd\u30b9\u3092\u59cb\u3081\u305f\u3044\u3001\u3042\u308b\u3044\u306f\u73fe\u5728\u306e\u30d1\u30d6\u30ea\u30c3\u30af\u30a4\u30e1\u30fc\u30b8\u3092\u5411\u4e0a\u3055\u305b\u305f\u3044\uff1f\u3053\u306e\u30d7\u30ec\u30bc\u30f3\u30c6\u30fc\u30b7\u30e7\u30f3\u3067\u306f\u3001\u30d6\u30e9\u30f3\u30c7\u30a3\u30f3\u30b0\u306e\u57fa\u672c\u3092\u5b66\u3073\u3001\u306a\u305c\u304d\u308c\u3044\u306a\u30ed\u30b4\u3060\u3051\u3067\u306f\u4e0d\u5341\u5206\u306a\u306e\u304b\u3092\u5b66\u3076\u3002\u3042\u306a\u305f\u306e\u30d6\u30e9\u30f3\u30c9\u3092\u7279\u5225\u306a\u3082\u306e\u306b\u3059\u308b\u3082\u306e\u3001\u9069\u5207\u306a\u4eba\u3005\u3092\u30bf\u30fc\u30b2\u30c3\u30c8\u306b\u3059\u308b\u65b9\u6cd5\u3001\u305d\u3057\u3066\u30ed\u30b4\u304b\u3089\u30d1\u30c3\u30b1\u30fc\u30b8\u307e\u3067\u3001\u3059\u3079\u3066\u3092\u76ee\u306b\u898b\u3048\u308b\u3082\u306e\u306b\u3059\u308b\u65b9\u6cd5\u3092\u4e00\u7dd2\u306b\u8003\u3048\u3066\u307f\u3088\u3046\u3002  <\/p>\n\n<p><strong>\u6240\u8981\u6642\u9593\uff1a<\/strong><br\/>1\u6642\u9593\u534a<\/p>\n\n<p><strong>\u53c2\u52a0\u8cbb<\/strong>\uff1a<br\/>15\u20ac -<mark style=\"background-color:rgba(0, 0, 0, 0)\" class=\"has-inline-color has-luminous-vivid-amber-color\">\u30ef\u30fc\u30af\u30b7\u30e7\u30c3\u30d7\u3067\u652f\u6255\u3046<\/mark>\uff08\u914d\u5e03\u8cc7\u6599\u4ee3\u3092\u542b\u3080\uff09\u3002<\/p>\n\n<p><strong>\u30bd\u30fc\u30b7\u30e3\u30eb\u30e1\u30c7\u30a3\u30a2<\/strong>\uff1a<br\/>@milkyrosadesignagency<br\/><\/p>\n\n<figure class=\"wp-block-image size-large is-resized\"><img loading=\"lazy\" decoding=\"async\" width=\"1024\" height=\"714\" src=\"https:\/\/www.aninite.at\/wp-content\/uploads\/\/MilkyRosa_Branding_02s-1024x714.jpg\" alt=\"\" class=\"wp-image-33857\" style=\"width:466px;height:auto\" srcset=\"https:\/\/www.aninite.at\/wp-content\/uploads\/MilkyRosa_Branding_02s-1024x714.jpg 1024w, https:\/\/www.aninite.at\/wp-content\/uploads\/MilkyRosa_Branding_02s-300x209.jpg 300w, https:\/\/www.aninite.at\/wp-content\/uploads\/MilkyRosa_Branding_02s-768x536.jpg 768w, https:\/\/www.aninite.at\/wp-content\/uploads\/MilkyRosa_Branding_02s-1536x1072.jpg 1536w, https:\/\/www.aninite.at\/wp-content\/uploads\/MilkyRosa_Branding_02s-1140x795.jpg 1140w, https:\/\/www.aninite.at\/wp-content\/uploads\/MilkyRosa_Branding_02s.jpg 2031w\" sizes=\"auto, (max-width: 1024px) 100vw, 1024px\" \/><\/figure>\n","protected":false},"excerpt":{"rendered":"<p>\u30a2\u30fc\u30c6\u30a3\u30b9\u30c8\u3084\u5c0f\u898f\u6a21\u30ec\u30fc\u30d9\u30eb\u306e\u30d6\u30e9\u30f3\u30c7\u30a3\u30f3\u30b0 \u65e5\u66dc\u65e5 11:45 - 13:15 - 0.31\u53f7\u5ba4 \u30a2\u30fc\u30c6\u30a3\u30b9\u30c8\u3084\u5c0f\u3055\u306a\u4f1a\u793e\u3068\u3057\u3066\u81ea\u5206\u306e\u30d3\u30b8\u30cd\u30b9\u3092\u59cb\u3081\u305f\u3044\u3001\u3042\u308b\u3044\u306f\u73fe\u5728\u306e\u30d1\u30d6\u30ea\u30c3\u30af\u30a4\u30e1\u30fc\u30b8\u3092\u5411\u4e0a\u3055\u305b\u305f\u3044\uff1f\u3053\u306e\u30d7\u30ec\u30bc\u30f3\u30c6\u30fc\u30b7\u30e7\u30f3\u3067\u306f\u3001\u30d6\u30e9\u30f3\u30c7\u30a3\u30f3\u30b0\u306e\u57fa\u672c\u3092\u5b66\u3073\u3001\u306a\u305c\u304d\u308c\u3044\u306a\u30ed\u30b4\u3060\u3051\u3067\u306f\u4e0d\u5341\u5206\u306a\u306e\u304b\u3092\u5b66\u3076\u3002\u3042\u306a\u305f\u306e\u30d6\u30e9\u30f3\u30c9\u3092\u7279\u5225\u306a\u3082\u306e\u306b\u3059\u308b\u3082\u306e\u3001\u9069\u5207\u306a\u4eba\u3005\u3092\u30bf\u30fc\u30b2\u30c3\u30c8\u306b\u3059\u308b\u65b9\u6cd5\u3001\u305d\u3057\u3066\u30ed\u30b4\u304b\u3089\u30d1\u30c3\u30b1\u30fc\u30b8\u307e\u3067\u3001\u3059\u3079\u3066\u3092\u76ee\u306b\u898b\u3048\u308b\u3082\u306e\u306b\u3059\u308b\u65b9\u6cd5\u3092\u4e00\u7dd2\u306b\u8003\u3048\u3066\u307f\u3088\u3046\u3002 \u6240\u8981\u6642\u9593\uff1a1\u6642\u9593\u534a \u53c2\u52a0\u8cbb\uff1a15\u20ac -\u30ef\u30fc\u30af\u30b7\u30e7\u30c3\u30d7\u3067\u652f\u6255\u3046\uff08\u914d\u5e03\u8cc7\u6599\u4ee3\u3092\u542b\u3080\uff09\u3002 \u30bd\u30fc\u30b7\u30e3\u30eb\u30e1\u30c7\u30a3\u30a2\uff1a@milkyrosadesignagency<\/p>\n","protected":false},"author":13,"featured_media":0,"parent":0,"menu_order":0,"comment_status":"closed","ping_status":"closed","template":"","meta":{"inline_featured_image":false,"footnotes":""},"class_list":["post-33990","page","type-page","status-publish","hentry"],"yoast_head":"<!-- This site is optimized with the Yoast SEO plugin v27.5 - https:\/\/yoast.com\/product\/yoast-seo-wordpress\/ -->\n<title>\u30ec\u30af\u30c1\u30e3\u30fc\uff06\u30ef\u30fc\u30af\u30b7\u30e7\u30c3\u30d7 - MilkyRosa - AniNite<\/title>\n<meta name=\"robots\" content=\"index, follow, max-snippet:-1, max-image-preview:large, max-video-preview:-1\" \/>\n<link rel=\"canonical\" href=\"https:\/\/www.aninite.at\/ja\/vortraege-workshops-milkyrosa-2\/\" \/>\n<meta property=\"og:locale\" content=\"ja_JP\" \/>\n<meta property=\"og:type\" content=\"article\" \/>\n<meta property=\"og:title\" content=\"\u30ec\u30af\u30c1\u30e3\u30fc\uff06\u30ef\u30fc\u30af\u30b7\u30e7\u30c3\u30d7 - MilkyRosa - AniNite\" \/>\n<meta property=\"og:description\" content=\"\u30a2\u30fc\u30c6\u30a3\u30b9\u30c8\u3084\u5c0f\u898f\u6a21\u30ec\u30fc\u30d9\u30eb\u306e\u30d6\u30e9\u30f3\u30c7\u30a3\u30f3\u30b0 \u65e5\u66dc\u65e5 11:45 - 13:15 - 0.31\u53f7\u5ba4 \u30a2\u30fc\u30c6\u30a3\u30b9\u30c8\u3084\u5c0f\u3055\u306a\u4f1a\u793e\u3068\u3057\u3066\u81ea\u5206\u306e\u30d3\u30b8\u30cd\u30b9\u3092\u59cb\u3081\u305f\u3044\u3001\u3042\u308b\u3044\u306f\u73fe\u5728\u306e\u30d1\u30d6\u30ea\u30c3\u30af\u30a4\u30e1\u30fc\u30b8\u3092\u5411\u4e0a\u3055\u305b\u305f\u3044\uff1f\u3053\u306e\u30d7\u30ec\u30bc\u30f3\u30c6\u30fc\u30b7\u30e7\u30f3\u3067\u306f\u3001\u30d6\u30e9\u30f3\u30c7\u30a3\u30f3\u30b0\u306e\u57fa\u672c\u3092\u5b66\u3073\u3001\u306a\u305c\u304d\u308c\u3044\u306a\u30ed\u30b4\u3060\u3051\u3067\u306f\u4e0d\u5341\u5206\u306a\u306e\u304b\u3092\u5b66\u3076\u3002\u3042\u306a\u305f\u306e\u30d6\u30e9\u30f3\u30c9\u3092\u7279\u5225\u306a\u3082\u306e\u306b\u3059\u308b\u3082\u306e\u3001\u9069\u5207\u306a\u4eba\u3005\u3092\u30bf\u30fc\u30b2\u30c3\u30c8\u306b\u3059\u308b\u65b9\u6cd5\u3001\u305d\u3057\u3066\u30ed\u30b4\u304b\u3089\u30d1\u30c3\u30b1\u30fc\u30b8\u307e\u3067\u3001\u3059\u3079\u3066\u3092\u76ee\u306b\u898b\u3048\u308b\u3082\u306e\u306b\u3059\u308b\u65b9\u6cd5\u3092\u4e00\u7dd2\u306b\u8003\u3048\u3066\u307f\u3088\u3046\u3002 \u6240\u8981\u6642\u9593\uff1a1\u6642\u9593\u534a \u53c2\u52a0\u8cbb\uff1a15\u20ac -\u30ef\u30fc\u30af\u30b7\u30e7\u30c3\u30d7\u3067\u652f\u6255\u3046\uff08\u914d\u5e03\u8cc7\u6599\u4ee3\u3092\u542b\u3080\uff09\u3002 \u30bd\u30fc\u30b7\u30e3\u30eb\u30e1\u30c7\u30a3\u30a2\uff1a@milkyrosadesignagency\" \/>\n<meta property=\"og:url\" content=\"https:\/\/www.aninite.at\/ja\/vortraege-workshops-milkyrosa-2\/\" \/>\n<meta property=\"og:site_name\" content=\"AniNite\" \/>\n<meta property=\"article:publisher\" content=\"https:\/\/www.facebook.com\/AniMangaAustria\" \/>\n<meta property=\"article:modified_time\" content=\"2025-07-19T07:47:33+00:00\" \/>\n<meta property=\"og:image\" content=\"https:\/\/www.aninite.at\/wp-content\/uploads\/MilkyRosa_Branding_01s-scaled.jpg\" \/>\n\t<meta property=\"og:image:width\" content=\"2560\" \/>\n\t<meta property=\"og:image:height\" content=\"1920\" \/>\n\t<meta property=\"og:image:type\" content=\"image\/jpeg\" \/>\n<meta name=\"twitter:card\" content=\"summary_large_image\" \/>\n<script type=\"application\/ld+json\" class=\"yoast-schema-graph\">{\"@context\":\"https:\\\/\\\/schema.org\",\"@graph\":[{\"@type\":\"WebPage\",\"@id\":\"https:\\\/\\\/www.aninite.at\\\/ja\\\/vortraege-workshops-milkyrosa-2\\\/\",\"url\":\"https:\\\/\\\/www.aninite.at\\\/ja\\\/vortraege-workshops-milkyrosa-2\\\/\",\"name\":\"\u30ec\u30af\u30c1\u30e3\u30fc\uff06\u30ef\u30fc\u30af\u30b7\u30e7\u30c3\u30d7 - MilkyRosa - AniNite\",\"isPartOf\":{\"@id\":\"https:\\\/\\\/www.aninite.at\\\/ja\\\/#website\"},\"primaryImageOfPage\":{\"@id\":\"https:\\\/\\\/www.aninite.at\\\/ja\\\/vortraege-workshops-milkyrosa-2\\\/#primaryimage\"},\"image\":{\"@id\":\"https:\\\/\\\/www.aninite.at\\\/ja\\\/vortraege-workshops-milkyrosa-2\\\/#primaryimage\"},\"thumbnailUrl\":\"https:\\\/\\\/www.aninite.at\\\/wp-content\\\/uploads\\\/\\\/MilkyRosa_Branding_01s-1024x768.jpg\",\"datePublished\":\"2025-07-13T21:57:07+00:00\",\"dateModified\":\"2025-07-19T07:47:33+00:00\",\"breadcrumb\":{\"@id\":\"https:\\\/\\\/www.aninite.at\\\/ja\\\/vortraege-workshops-milkyrosa-2\\\/#breadcrumb\"},\"inLanguage\":\"ja\",\"potentialAction\":[{\"@type\":\"ReadAction\",\"target\":[\"https:\\\/\\\/www.aninite.at\\\/ja\\\/vortraege-workshops-milkyrosa-2\\\/\"]}]},{\"@type\":\"ImageObject\",\"inLanguage\":\"ja\",\"@id\":\"https:\\\/\\\/www.aninite.at\\\/ja\\\/vortraege-workshops-milkyrosa-2\\\/#primaryimage\",\"url\":\"https:\\\/\\\/www.aninite.at\\\/wp-content\\\/uploads\\\/\\\/MilkyRosa_Branding_01s-1024x768.jpg\",\"contentUrl\":\"https:\\\/\\\/www.aninite.at\\\/wp-content\\\/uploads\\\/\\\/MilkyRosa_Branding_01s-1024x768.jpg\"},{\"@type\":\"BreadcrumbList\",\"@id\":\"https:\\\/\\\/www.aninite.at\\\/ja\\\/vortraege-workshops-milkyrosa-2\\\/#breadcrumb\",\"itemListElement\":[{\"@type\":\"ListItem\",\"position\":1,\"name\":\"Startseite\",\"item\":\"https:\\\/\\\/www.aninite.at\\\/ja\\\/willkommen\\\/\"},{\"@type\":\"ListItem\",\"position\":2,\"name\":\"\u30ec\u30af\u30c1\u30e3\u30fc\uff06\u30ef\u30fc\u30af\u30b7\u30e7\u30c3\u30d7 - MilkyRosa\"}]},{\"@type\":\"WebSite\",\"@id\":\"https:\\\/\\\/www.aninite.at\\\/ja\\\/#website\",\"url\":\"https:\\\/\\\/www.aninite.at\\\/ja\\\/\",\"name\":\"AniNite\",\"description\":\"\u00d6sterreichs gr\u00f6\u00dfte Anime-, Manga- und Comic-Convention\",\"potentialAction\":[{\"@type\":\"SearchAction\",\"target\":{\"@type\":\"EntryPoint\",\"urlTemplate\":\"https:\\\/\\\/www.aninite.at\\\/ja\\\/?s={search_term_string}\"},\"query-input\":{\"@type\":\"PropertyValueSpecification\",\"valueRequired\":true,\"valueName\":\"search_term_string\"}}],\"inLanguage\":\"ja\"}]}<\/script>\n<!-- \/ Yoast SEO plugin. -->","yoast_head_json":{"title":"\u30ec\u30af\u30c1\u30e3\u30fc\uff06\u30ef\u30fc\u30af\u30b7\u30e7\u30c3\u30d7 - MilkyRosa - AniNite","robots":{"index":"index","follow":"follow","max-snippet":"max-snippet:-1","max-image-preview":"max-image-preview:large","max-video-preview":"max-video-preview:-1"},"canonical":"https:\/\/www.aninite.at\/ja\/vortraege-workshops-milkyrosa-2\/","og_locale":"ja_JP","og_type":"article","og_title":"\u30ec\u30af\u30c1\u30e3\u30fc\uff06\u30ef\u30fc\u30af\u30b7\u30e7\u30c3\u30d7 - MilkyRosa - AniNite","og_description":"\u30a2\u30fc\u30c6\u30a3\u30b9\u30c8\u3084\u5c0f\u898f\u6a21\u30ec\u30fc\u30d9\u30eb\u306e\u30d6\u30e9\u30f3\u30c7\u30a3\u30f3\u30b0 \u65e5\u66dc\u65e5 11:45 - 13:15 - 0.31\u53f7\u5ba4 \u30a2\u30fc\u30c6\u30a3\u30b9\u30c8\u3084\u5c0f\u3055\u306a\u4f1a\u793e\u3068\u3057\u3066\u81ea\u5206\u306e\u30d3\u30b8\u30cd\u30b9\u3092\u59cb\u3081\u305f\u3044\u3001\u3042\u308b\u3044\u306f\u73fe\u5728\u306e\u30d1\u30d6\u30ea\u30c3\u30af\u30a4\u30e1\u30fc\u30b8\u3092\u5411\u4e0a\u3055\u305b\u305f\u3044\uff1f\u3053\u306e\u30d7\u30ec\u30bc\u30f3\u30c6\u30fc\u30b7\u30e7\u30f3\u3067\u306f\u3001\u30d6\u30e9\u30f3\u30c7\u30a3\u30f3\u30b0\u306e\u57fa\u672c\u3092\u5b66\u3073\u3001\u306a\u305c\u304d\u308c\u3044\u306a\u30ed\u30b4\u3060\u3051\u3067\u306f\u4e0d\u5341\u5206\u306a\u306e\u304b\u3092\u5b66\u3076\u3002\u3042\u306a\u305f\u306e\u30d6\u30e9\u30f3\u30c9\u3092\u7279\u5225\u306a\u3082\u306e\u306b\u3059\u308b\u3082\u306e\u3001\u9069\u5207\u306a\u4eba\u3005\u3092\u30bf\u30fc\u30b2\u30c3\u30c8\u306b\u3059\u308b\u65b9\u6cd5\u3001\u305d\u3057\u3066\u30ed\u30b4\u304b\u3089\u30d1\u30c3\u30b1\u30fc\u30b8\u307e\u3067\u3001\u3059\u3079\u3066\u3092\u76ee\u306b\u898b\u3048\u308b\u3082\u306e\u306b\u3059\u308b\u65b9\u6cd5\u3092\u4e00\u7dd2\u306b\u8003\u3048\u3066\u307f\u3088\u3046\u3002 \u6240\u8981\u6642\u9593\uff1a1\u6642\u9593\u534a \u53c2\u52a0\u8cbb\uff1a15\u20ac -\u30ef\u30fc\u30af\u30b7\u30e7\u30c3\u30d7\u3067\u652f\u6255\u3046\uff08\u914d\u5e03\u8cc7\u6599\u4ee3\u3092\u542b\u3080\uff09\u3002 \u30bd\u30fc\u30b7\u30e3\u30eb\u30e1\u30c7\u30a3\u30a2\uff1a@milkyrosadesignagency","og_url":"https:\/\/www.aninite.at\/ja\/vortraege-workshops-milkyrosa-2\/","og_site_name":"AniNite","article_publisher":"https:\/\/www.facebook.com\/AniMangaAustria","article_modified_time":"2025-07-19T07:47:33+00:00","og_image":[{"width":2560,"height":1920,"url":"https:\/\/www.aninite.at\/wp-content\/uploads\/MilkyRosa_Branding_01s-scaled.jpg","type":"image\/jpeg"}],"twitter_card":"summary_large_image","schema":{"@context":"https:\/\/schema.org","@graph":[{"@type":"WebPage","@id":"https:\/\/www.aninite.at\/ja\/vortraege-workshops-milkyrosa-2\/","url":"https:\/\/www.aninite.at\/ja\/vortraege-workshops-milkyrosa-2\/","name":"\u30ec\u30af\u30c1\u30e3\u30fc\uff06\u30ef\u30fc\u30af\u30b7\u30e7\u30c3\u30d7 - MilkyRosa - AniNite","isPartOf":{"@id":"https:\/\/www.aninite.at\/ja\/#website"},"primaryImageOfPage":{"@id":"https:\/\/www.aninite.at\/ja\/vortraege-workshops-milkyrosa-2\/#primaryimage"},"image":{"@id":"https:\/\/www.aninite.at\/ja\/vortraege-workshops-milkyrosa-2\/#primaryimage"},"thumbnailUrl":"https:\/\/www.aninite.at\/wp-content\/uploads\/\/MilkyRosa_Branding_01s-1024x768.jpg","datePublished":"2025-07-13T21:57:07+00:00","dateModified":"2025-07-19T07:47:33+00:00","breadcrumb":{"@id":"https:\/\/www.aninite.at\/ja\/vortraege-workshops-milkyrosa-2\/#breadcrumb"},"inLanguage":"ja","potentialAction":[{"@type":"ReadAction","target":["https:\/\/www.aninite.at\/ja\/vortraege-workshops-milkyrosa-2\/"]}]},{"@type":"ImageObject","inLanguage":"ja","@id":"https:\/\/www.aninite.at\/ja\/vortraege-workshops-milkyrosa-2\/#primaryimage","url":"https:\/\/www.aninite.at\/wp-content\/uploads\/\/MilkyRosa_Branding_01s-1024x768.jpg","contentUrl":"https:\/\/www.aninite.at\/wp-content\/uploads\/\/MilkyRosa_Branding_01s-1024x768.jpg"},{"@type":"BreadcrumbList","@id":"https:\/\/www.aninite.at\/ja\/vortraege-workshops-milkyrosa-2\/#breadcrumb","itemListElement":[{"@type":"ListItem","position":1,"name":"Startseite","item":"https:\/\/www.aninite.at\/ja\/willkommen\/"},{"@type":"ListItem","position":2,"name":"\u30ec\u30af\u30c1\u30e3\u30fc\uff06\u30ef\u30fc\u30af\u30b7\u30e7\u30c3\u30d7 - MilkyRosa"}]},{"@type":"WebSite","@id":"https:\/\/www.aninite.at\/ja\/#website","url":"https:\/\/www.aninite.at\/ja\/","name":"AniNite","description":"\u00d6sterreichs gr\u00f6\u00dfte Anime-, Manga- und Comic-Convention","potentialAction":[{"@type":"SearchAction","target":{"@type":"EntryPoint","urlTemplate":"https:\/\/www.aninite.at\/ja\/?s={search_term_string}"},"query-input":{"@type":"PropertyValueSpecification","valueRequired":true,"valueName":"search_term_string"}}],"inLanguage":"ja"}]}},"acf":[],"_links":{"self":[{"href":"https:\/\/www.aninite.at\/ja\/wp-json\/wp\/v2\/pages\/33990","targetHints":{"allow":["GET"]}}],"collection":[{"href":"https:\/\/www.aninite.at\/ja\/wp-json\/wp\/v2\/pages"}],"about":[{"href":"https:\/\/www.aninite.at\/ja\/wp-json\/wp\/v2\/types\/page"}],"author":[{"embeddable":true,"href":"https:\/\/www.aninite.at\/ja\/wp-json\/wp\/v2\/users\/13"}],"replies":[{"embeddable":true,"href":"https:\/\/www.aninite.at\/ja\/wp-json\/wp\/v2\/comments?post=33990"}],"version-history":[{"count":3,"href":"https:\/\/www.aninite.at\/ja\/wp-json\/wp\/v2\/pages\/33990\/revisions"}],"predecessor-version":[{"id":34264,"href":"https:\/\/www.aninite.at\/ja\/wp-json\/wp\/v2\/pages\/33990\/revisions\/34264"}],"wp:attachment":[{"href":"https:\/\/www.aninite.at\/ja\/wp-json\/wp\/v2\/media?parent=33990"}],"curies":[{"name":"wp","href":"https:\/\/api.w.org\/{rel}","templated":true}]}}