{"id":33992,"date":"2025-07-14T00:26:35","date_gmt":"2025-07-13T22:26:35","guid":{"rendered":"https:\/\/www.aninite.at\/vortraege-workshops-fav-whispie-creates\/"},"modified":"2025-07-16T10:46:38","modified_gmt":"2025-07-16T08:46:38","slug":"vortraege-workshops-fav-whispie-creates","status":"publish","type":"page","link":"https:\/\/www.aninite.at\/ja\/vortraege-workshops-fav-whispie-creates\/","title":{"rendered":"\u30ec\u30af\u30c1\u30e3\u30fc\uff06\u30ef\u30fc\u30af\u30b7\u30e7\u30c3\u30d7 - FAV - Whispie\u306f\u5275\u9020\u3059\u308b"},"content":{"rendered":"\n<figure class=\"wp-block-image size-large is-resized\"><img loading=\"lazy\" decoding=\"async\" width=\"1024\" height=\"724\" src=\"https:\/\/www.aninite.at\/wp-content\/uploads\/\/DIPLOM2-1024x724.png\" alt=\"\" class=\"wp-image-33900\" style=\"width:401px;height:auto\" srcset=\"https:\/\/www.aninite.at\/wp-content\/uploads\/DIPLOM2-1024x724.png 1024w, https:\/\/www.aninite.at\/wp-content\/uploads\/DIPLOM2-300x212.png 300w, https:\/\/www.aninite.at\/wp-content\/uploads\/DIPLOM2-768x543.png 768w, https:\/\/www.aninite.at\/wp-content\/uploads\/DIPLOM2-1536x1086.png 1536w, https:\/\/www.aninite.at\/wp-content\/uploads\/DIPLOM2-1140x806.png 1140w, https:\/\/www.aninite.at\/wp-content\/uploads\/DIPLOM2.png 2000w\" sizes=\"auto, (max-width: 1024px) 100vw, 1024px\" \/><\/figure>\n\n<h2 class=\"wp-block-heading\"><em><mark style=\"background-color:rgba(0, 0, 0, 0)\" class=\"has-inline-color has-vivid-red-color\">\u30a6\u30a3\u30c3\u30b0\u306e\u30b9\u30bf\u30a4\u30ea\u30f3\u30b0 - \u30d7\u30ed\u306e\u30c6\u30af\u30cb\u30c3\u30af\u3067\u9b45\u529b\u7684\u306a\u30b9\u30bf\u30a4\u30eb\u306b\u4ed5\u4e0a\u3052\u308b\u3002<\/mark><\/em><\/h2>\n\n<p><em><mark style=\"background-color:rgba(0, 0, 0, 0)\" class=\"has-inline-color has-vivid-red-color\">\u571f\u66dc\u65e5 11:45 - 13:45 - 0.32\u53f7\u5ba4<\/mark><\/em><\/p>\n\n<p><strong>\u30a6\u30a3\u30c3\u30b0\u30b9\u30bf\u30a4\u30ea\u30f3\u30b0\u306e<\/strong>\u9b45\u529b\u7684\u306a\u4e16\u754c\u306b\u6d78\u308a\u3001\u5408\u6210\u6bdb\u3084\u4eba\u6bdb\u306e\u30a6\u30a3\u30c3\u30b0\u3092\u30d7\u30ed\u3068\u3057\u3066\u30b9\u30bf\u30a4\u30ea\u30f3\u30b0\u3059\u308b\u65b9\u6cd5\u3092\u5b66\u3076\uff01\u3053\u306e\u30ef\u30fc\u30af\u30b7\u30e7\u30c3\u30d7\u3067\u306f\u3001\u6f14\u5287\u3001\u6620\u753b\u3001\u30b3\u30b9\u30d7\u30ec\u3001\u65e5\u5e38\u751f\u6d3b\u306b\u6700\u9069\u306a\u30a6\u30a3\u30c3\u30b0\u306e\u5f62\u3092\u6574\u3048\u3001\u30ab\u30c3\u30c8\u3057\u3001\u30b9\u30bf\u30a4\u30ea\u30f3\u30b0\u3059\u308b\u305f\u3081\u306e\u6700\u3082\u91cd\u8981\u306a\u30c6\u30af\u30cb\u30c3\u30af\u3092\u7d39\u4ecb\u3059\u308b\u3002 <\/p>\n\n<p><img decoding=\"async\" alt=\"&#x1F3AD;\" src=\"blob:https:\/\/www.aninite.at\/7406b91b-7ad1-4dd9-ae5e-b49ef41c4833\"\/> <strong>\u671f\u5f85\u3067\u304d\u308b\u3053\u3068<\/strong><br\/><img decoding=\"async\" alt=\"&#x2714;\" src=\"blob:https:\/\/www.aninite.at\/a980ae3e-61a0-480f-ba79-669a74232d9d\"\/> \u7d20\u6750\u3068\u30a6\u30a3\u30c3\u30b0\u306e\u7a2e\u985e\u306b\u95a2\u3059\u308b\u57fa\u790e\u77e5\u8b58<br\/><img decoding=\"async\" alt=\"&#x2714;\" src=\"blob:https:\/\/www.aninite.at\/72291928-27c4-444d-874e-3f7d1594ec9c\"\/> \u30ab\u30c3\u30c8\u3001\u30d6\u30ed\u30fc\u3001\u30b9\u30bf\u30a4\u30ea\u30f3\u30b0\u306e\u30c6\u30af\u30cb\u30c3\u30af<br\/><img decoding=\"async\" alt=\"&#x2714;\" src=\"blob:https:\/\/www.aninite.at\/7d0ae88c-bc26-4451-b460-6a618411255d\"\/> \u30ab\u30fc\u30eb\u3001\u7de8\u307f\u8fbc\u307f\u30d8\u30a2\u30b9\u30bf\u30a4\u30eb\u3001\u30a2\u30c3\u30d7\u30b9\u30bf\u30a4\u30eb\u3092\u4f5c\u308b<br\/><img decoding=\"async\" alt=\"&#x2714;\" src=\"blob:https:\/\/www.aninite.at\/74566fb2-cbea-4978-8bf3-7e8aa6fc20c6\"\/> \u30dc\u30ea\u30e5\u30fc\u30e0\u3068\u81ea\u7136\u306a\u30d8\u30a2\u30e9\u30a4\u30f3\u3092\u4f5c\u308b<br\/><img decoding=\"async\" alt=\"&#x2714;\" src=\"blob:https:\/\/www.aninite.at\/c95eec06-a03b-4347-bf38-98722a9b7400\"\/> \u9577\u6301\u3061\u3055\u305b\u308b\u305f\u3081\u306e\u56fa\u5b9a\u3068\u30b1\u30a2<\/p>\n\n<p><strong><mark style=\"background-color:rgba(0, 0, 0, 0)\" class=\"has-inline-color has-vivid-red-color\">\u30b9\u30bf\u30a4\u30ea\u30f3\u30b0\u3057\u305f\u3044\u30a6\u30a3\u30c3\u30b0\u3092\u6301\u53c2\u306e\u3053\u3068\uff01<\/mark><\/strong><\/p>\n\n<p><em>\u521d\u5fc3\u8005\u3067\u3082\u4e0a\u7d1a\u8005\u3067\u3082<\/em>-\u3053\u306e\u30ef\u30fc\u30af\u30b7\u30e7\u30c3\u30d7\u3067\u306f\u3001\u3042\u3089\u3086\u308b\u30a6\u30a3\u30c3\u30b0\u306b\u5b8c\u74a7\u306a\u30d8\u30a2\u30b9\u30bf\u30a4\u30eb\u3092\u4f5c\u308b\u305f\u3081\u306e\u8cb4\u91cd\u306a\u30d2\u30f3\u30c8\u3084\u30b3\u30c4\u3092\u6559\u3048\u3066\u304f\u308c\u308b\uff01<\/p>\n\n<p><strong>\u6240\u8981\u6642\u9593\uff1a<\/strong><br\/>2\u6642\u9593<\/p>\n\n<p><strong>\u53c2\u52a0\u8005\u6570\uff1a<\/strong><br\/>8 -<mark style=\"background-color:rgba(0, 0, 0, 0)\" class=\"has-inline-color has-luminous-vivid-amber-color\">\u30a4\u30f3\u30d5\u30a9\u30dd\u30a4\u30f3\u30c8\u306b\u3066\u767b\u9332<\/mark><\/p>\n\n<p>\u30bd\u30fc\u30b7\u30e3\u30eb\u30e1\u30c7\u30a3\u30a2:<br\/><a rel=\"noreferrer noopener\" target=\"_blank\" href=\"https:\/\/www.instagram.com\/fashion.academy.vienna\/\">Fashionacademy - \u6559\u80b2\u3001\u30c7\u30b6\u30a4\u30f3\u3001\u30e1\u30a4\u30af\u30a2\u30c3\u30d7\u3001\u30d5\u30a1\u30c3\u30b7\u30e7\u30f3\u30de\u30cd\u30fc\u30b8\u30e1\u30f3\u30c8(@fashion.academy.vienna) - Instagram photos and videos<\/a><\/p>\n\n<p><a rel=\"noreferrer noopener\" target=\"_blank\" href=\"https:\/\/at.pinterest.com\/fashionacademyvienna\/\">fashion academy vienna (fashionacademyvienna) - \u30d7\u30ed\u30d5\u30a3\u30fc\u30eb\uff5cPinterest<\/a><\/p>\n\n<p><a href=\"https:\/\/www.tiktok.com\/@fashion.academy.vienna\" target=\"_blank\" rel=\"noreferrer noopener\">FAV-fashion.academy.vienna (@fashion.academy.vienna) | TikTok<\/a><\/p>\n\n<h2 class=\"wp-block-heading\">\u7121\u6599\u30e1\u30a4\u30af\u30a2\u30c3\u30d7\u30fb\u30b5\u30fc\u30d3\u30b9<\/h2>\n\n<p>\u91d1\u66dc\u65e5\u3068\u65e5\u66dc\u65e5\u306e13:00\u304b\u308916:00\u307e\u3067\u3001FAV - \u30d5\u30a1\u30c3\u30b7\u30e7\u30f3\u30fb\u30a2\u30ab\u30c7\u30df\u30fc\u30fb\u30a6\u30a3\u30fc\u30f3\u306e\u30d6\u30fc\u30b9\u306b\u3066\u3002<\/p>\n\n<figure class=\"wp-block-gallery has-nested-images columns-default is-cropped wp-block-gallery-1 is-layout-flex wp-block-gallery-is-layout-flex\">\n<figure class=\"wp-block-image size-large\"><img loading=\"lazy\" decoding=\"async\" width=\"1024\" height=\"724\" data-id=\"33897\" src=\"https:\/\/www.aninite.at\/wp-content\/uploads\/\/DIPLOM-1024x724.png\" alt=\"\" class=\"wp-image-33897\" srcset=\"https:\/\/www.aninite.at\/wp-content\/uploads\/DIPLOM-1024x724.png 1024w, https:\/\/www.aninite.at\/wp-content\/uploads\/DIPLOM-300x212.png 300w, https:\/\/www.aninite.at\/wp-content\/uploads\/DIPLOM-768x543.png 768w, https:\/\/www.aninite.at\/wp-content\/uploads\/DIPLOM-1536x1086.png 1536w, https:\/\/www.aninite.at\/wp-content\/uploads\/DIPLOM-1140x806.png 1140w, https:\/\/www.aninite.at\/wp-content\/uploads\/DIPLOM.png 2000w\" sizes=\"auto, (max-width: 1024px) 100vw, 1024px\" \/><\/figure>\n\n\n\n<figure class=\"wp-block-image size-large\"><img loading=\"lazy\" decoding=\"async\" width=\"1024\" height=\"724\" data-id=\"33891\" src=\"https:\/\/www.aninite.at\/wp-content\/uploads\/\/DIPLOM3e5rz-1024x724.png\" alt=\"\" class=\"wp-image-33891\" srcset=\"https:\/\/www.aninite.at\/wp-content\/uploads\/DIPLOM3e5rz-1024x724.png 1024w, https:\/\/www.aninite.at\/wp-content\/uploads\/DIPLOM3e5rz-300x212.png 300w, https:\/\/www.aninite.at\/wp-content\/uploads\/DIPLOM3e5rz-768x543.png 768w, https:\/\/www.aninite.at\/wp-content\/uploads\/DIPLOM3e5rz-1536x1086.png 1536w, https:\/\/www.aninite.at\/wp-content\/uploads\/DIPLOM3e5rz-1140x806.png 1140w, https:\/\/www.aninite.at\/wp-content\/uploads\/DIPLOM3e5rz.png 2000w\" sizes=\"auto, (max-width: 1024px) 100vw, 1024px\" \/><\/figure>\n\n\n\n<figure class=\"wp-block-image size-large\"><img loading=\"lazy\" decoding=\"async\" width=\"500\" height=\"500\" data-id=\"33903\" src=\"https:\/\/www.aninite.at\/wp-content\/uploads\/logo2.png\" alt=\"\" class=\"wp-image-33903\" srcset=\"https:\/\/www.aninite.at\/wp-content\/uploads\/logo2.png 500w, https:\/\/www.aninite.at\/wp-content\/uploads\/logo2-300x300.png 300w, https:\/\/www.aninite.at\/wp-content\/uploads\/logo2-150x150.png 150w, https:\/\/www.aninite.at\/wp-content\/uploads\/logo2-75x75.png 75w\" sizes=\"auto, (max-width: 500px) 100vw, 500px\" \/><\/figure>\n<\/figure>\n\n<p><\/p>\n","protected":false},"excerpt":{"rendered":"<p>\u30a6\u30a3\u30c3\u30b0\u306e\u30b9\u30bf\u30a4\u30ea\u30f3\u30b0 - \u30d7\u30ed\u306e\u30c6\u30af\u30cb\u30c3\u30af\u3067\u9b45\u529b\u7684\u306a\u30b9\u30bf\u30a4\u30eb\u306b\u4ed5\u4e0a\u3052\u308b\u3002 \u571f\u66dc\u65e5 11:45 - 13:45 - 0.32\u53f7\u5ba4 \u30a6\u30a3\u30c3\u30b0\u30b9\u30bf\u30a4\u30ea\u30f3\u30b0\u306e\u9b45\u529b\u7684\u306a\u4e16\u754c\u306b\u6d78\u308a\u3001\u5408\u6210\u6bdb\u3084\u4eba\u6bdb\u306e\u30a6\u30a3\u30c3\u30b0\u3092\u30d7\u30ed\u3068\u3057\u3066\u30b9\u30bf\u30a4\u30ea\u30f3\u30b0\u3059\u308b\u65b9\u6cd5\u3092\u5b66\u3076\uff01\u3053\u306e\u30ef\u30fc\u30af\u30b7\u30e7\u30c3\u30d7\u3067\u306f\u3001\u6f14\u5287\u3001\u6620\u753b\u3001\u30b3\u30b9\u30d7\u30ec\u3001\u65e5\u5e38\u751f\u6d3b\u306b\u6700\u9069\u306a\u30a6\u30a3\u30c3\u30b0\u306e\u5f62\u3092\u6574\u3048\u3001\u30ab\u30c3\u30c8\u3057\u3001\u30b9\u30bf\u30a4\u30ea\u30f3\u30b0\u3059\u308b\u305f\u3081\u306e\u6700\u3082\u91cd\u8981\u306a\u30c6\u30af\u30cb\u30c3\u30af\u3092\u7d39\u4ecb\u3059\u308b\u3002 \u671f\u5f85\u3067\u304d\u308b\u3053\u3068 \u7d20\u6750\u3068\u30a6\u30a3\u30c3\u30b0\u306e\u7a2e\u985e\u306b\u95a2\u3059\u308b\u57fa\u790e\u77e5\u8b58 \u30ab\u30c3\u30c8\u3001\u30d6\u30ed\u30fc\u3001\u30b9\u30bf\u30a4\u30ea\u30f3\u30b0\u306e\u30c6\u30af\u30cb\u30c3\u30af \u30ab\u30fc\u30eb\u3001\u7de8\u307f\u8fbc\u307f\u30d8\u30a2\u30b9\u30bf\u30a4\u30eb\u3001\u30a2\u30c3\u30d7\u30b9\u30bf\u30a4\u30eb\u3092\u4f5c\u308b \u30dc\u30ea\u30e5\u30fc\u30e0\u3068\u81ea\u7136\u306a\u30d8\u30a2\u30e9\u30a4\u30f3\u3092\u4f5c\u308b \u9577\u6301\u3061\u3055\u305b\u308b\u305f\u3081\u306e\u56fa\u5b9a\u3068\u30b1\u30a2 \u30b9\u30bf\u30a4\u30ea\u30f3\u30b0\u3057\u305f\u3044\u30a6\u30a3\u30c3\u30b0\u3092\u6301\u53c2\u306e\u3053\u3068\uff01 \u521d\u5fc3\u8005\u3067\u3082\u4e0a\u7d1a\u8005\u3067\u3082-\u3053\u306e\u30ef\u30fc\u30af\u30b7\u30e7\u30c3\u30d7\u3067\u306f\u3001\u3042\u3089\u3086\u308b\u30a6\u30a3\u30c3\u30b0\u306b\u5b8c\u74a7\u306a\u30d8\u30a2\u30b9\u30bf\u30a4\u30eb\u3092\u4f5c\u308b\u305f\u3081\u306e\u8cb4\u91cd\u306a\u30d2\u30f3\u30c8\u3084\u30b3\u30c4\u3092\u6559\u3048\u3066\u304f\u308c\u308b\uff01 \u6240\u8981\u6642\u9593\uff1a2\u6642\u9593 \u53c2\u52a0\u8005\u6570\uff1a8 -\u30a4\u30f3\u30d5\u30a9\u30dd\u30a4\u30f3\u30c8\u306b\u3066\u767b\u9332 \u30bd\u30fc\u30b7\u30e3\u30eb\u30e1\u30c7\u30a3\u30a2:Fashionacademy - \u6559\u80b2\u3001\u30c7\u30b6\u30a4\u30f3\u3001\u30e1\u30a4\u30af\u30a2\u30c3\u30d7\u3001\u30d5\u30a1\u30c3\u30b7\u30e7\u30f3\u30de\u30cd\u30fc\u30b8\u30e1\u30f3\u30c8(@fashion.academy.vienna) - Instagram photos and videos fashion academy vienna (fashionacademyvienna) - \u30d7\u30ed\u30d5\u30a3\u30fc\u30eb\uff5cPinterest FAV-fashion.academy.vienna (@fashion.academy.vienna) | TikTok \u7121\u6599\u30e1\u30a4\u30af\u30a2\u30c3\u30d7\u30fb\u30b5\u30fc\u30d3\u30b9 \u91d1\u66dc\u65e5\u3068\u65e5\u66dc\u65e5\u306e13:00\u304b\u308916:00\u307e\u3067\u3001FAV - \u30d5\u30a1\u30c3\u30b7\u30e7\u30f3\u30fb\u30a2\u30ab\u30c7\u30df\u30fc\u30fb\u30a6\u30a3\u30fc\u30f3\u306e\u30d6\u30fc\u30b9\u306b\u3066\u3002<\/p>\n","protected":false},"author":13,"featured_media":0,"parent":0,"menu_order":0,"comment_status":"closed","ping_status":"closed","template":"","meta":{"inline_featured_image":false,"footnotes":""},"class_list":["post-33992","page","type-page","status-publish","hentry"],"yoast_head":"<!-- This site is optimized with the Yoast SEO plugin v27.5 - https:\/\/yoast.com\/product\/yoast-seo-wordpress\/ -->\n<title>\u30ec\u30af\u30c1\u30e3\u30fc\uff06\u30ef\u30fc\u30af\u30b7\u30e7\u30c3\u30d7 - FAV - Whispie\u306f\u5275\u9020\u3059\u308b - AniNite<\/title>\n<meta name=\"robots\" content=\"index, follow, max-snippet:-1, max-image-preview:large, max-video-preview:-1\" \/>\n<link rel=\"canonical\" href=\"https:\/\/www.aninite.at\/ja\/vortraege-workshops-fav-whispie-creates\/\" \/>\n<meta property=\"og:locale\" content=\"ja_JP\" \/>\n<meta property=\"og:type\" content=\"article\" \/>\n<meta property=\"og:title\" content=\"\u30ec\u30af\u30c1\u30e3\u30fc\uff06\u30ef\u30fc\u30af\u30b7\u30e7\u30c3\u30d7 - FAV - Whispie\u306f\u5275\u9020\u3059\u308b - AniNite\" \/>\n<meta property=\"og:description\" content=\"\u30a6\u30a3\u30c3\u30b0\u306e\u30b9\u30bf\u30a4\u30ea\u30f3\u30b0 - \u30d7\u30ed\u306e\u30c6\u30af\u30cb\u30c3\u30af\u3067\u9b45\u529b\u7684\u306a\u30b9\u30bf\u30a4\u30eb\u306b\u4ed5\u4e0a\u3052\u308b\u3002 \u571f\u66dc\u65e5 11:45 - 13:45 - 0.32\u53f7\u5ba4 \u30a6\u30a3\u30c3\u30b0\u30b9\u30bf\u30a4\u30ea\u30f3\u30b0\u306e\u9b45\u529b\u7684\u306a\u4e16\u754c\u306b\u6d78\u308a\u3001\u5408\u6210\u6bdb\u3084\u4eba\u6bdb\u306e\u30a6\u30a3\u30c3\u30b0\u3092\u30d7\u30ed\u3068\u3057\u3066\u30b9\u30bf\u30a4\u30ea\u30f3\u30b0\u3059\u308b\u65b9\u6cd5\u3092\u5b66\u3076\uff01\u3053\u306e\u30ef\u30fc\u30af\u30b7\u30e7\u30c3\u30d7\u3067\u306f\u3001\u6f14\u5287\u3001\u6620\u753b\u3001\u30b3\u30b9\u30d7\u30ec\u3001\u65e5\u5e38\u751f\u6d3b\u306b\u6700\u9069\u306a\u30a6\u30a3\u30c3\u30b0\u306e\u5f62\u3092\u6574\u3048\u3001\u30ab\u30c3\u30c8\u3057\u3001\u30b9\u30bf\u30a4\u30ea\u30f3\u30b0\u3059\u308b\u305f\u3081\u306e\u6700\u3082\u91cd\u8981\u306a\u30c6\u30af\u30cb\u30c3\u30af\u3092\u7d39\u4ecb\u3059\u308b\u3002 \u671f\u5f85\u3067\u304d\u308b\u3053\u3068 \u7d20\u6750\u3068\u30a6\u30a3\u30c3\u30b0\u306e\u7a2e\u985e\u306b\u95a2\u3059\u308b\u57fa\u790e\u77e5\u8b58 \u30ab\u30c3\u30c8\u3001\u30d6\u30ed\u30fc\u3001\u30b9\u30bf\u30a4\u30ea\u30f3\u30b0\u306e\u30c6\u30af\u30cb\u30c3\u30af \u30ab\u30fc\u30eb\u3001\u7de8\u307f\u8fbc\u307f\u30d8\u30a2\u30b9\u30bf\u30a4\u30eb\u3001\u30a2\u30c3\u30d7\u30b9\u30bf\u30a4\u30eb\u3092\u4f5c\u308b \u30dc\u30ea\u30e5\u30fc\u30e0\u3068\u81ea\u7136\u306a\u30d8\u30a2\u30e9\u30a4\u30f3\u3092\u4f5c\u308b \u9577\u6301\u3061\u3055\u305b\u308b\u305f\u3081\u306e\u56fa\u5b9a\u3068\u30b1\u30a2 \u30b9\u30bf\u30a4\u30ea\u30f3\u30b0\u3057\u305f\u3044\u30a6\u30a3\u30c3\u30b0\u3092\u6301\u53c2\u306e\u3053\u3068\uff01 \u521d\u5fc3\u8005\u3067\u3082\u4e0a\u7d1a\u8005\u3067\u3082-\u3053\u306e\u30ef\u30fc\u30af\u30b7\u30e7\u30c3\u30d7\u3067\u306f\u3001\u3042\u3089\u3086\u308b\u30a6\u30a3\u30c3\u30b0\u306b\u5b8c\u74a7\u306a\u30d8\u30a2\u30b9\u30bf\u30a4\u30eb\u3092\u4f5c\u308b\u305f\u3081\u306e\u8cb4\u91cd\u306a\u30d2\u30f3\u30c8\u3084\u30b3\u30c4\u3092\u6559\u3048\u3066\u304f\u308c\u308b\uff01 \u6240\u8981\u6642\u9593\uff1a2\u6642\u9593 \u53c2\u52a0\u8005\u6570\uff1a8 -\u30a4\u30f3\u30d5\u30a9\u30dd\u30a4\u30f3\u30c8\u306b\u3066\u767b\u9332 \u30bd\u30fc\u30b7\u30e3\u30eb\u30e1\u30c7\u30a3\u30a2:Fashionacademy - \u6559\u80b2\u3001\u30c7\u30b6\u30a4\u30f3\u3001\u30e1\u30a4\u30af\u30a2\u30c3\u30d7\u3001\u30d5\u30a1\u30c3\u30b7\u30e7\u30f3\u30de\u30cd\u30fc\u30b8\u30e1\u30f3\u30c8(@fashion.academy.vienna) - Instagram photos and videos fashion academy vienna (fashionacademyvienna) - \u30d7\u30ed\u30d5\u30a3\u30fc\u30eb\uff5cPinterest FAV-fashion.academy.vienna (@fashion.academy.vienna) | TikTok \u7121\u6599\u30e1\u30a4\u30af\u30a2\u30c3\u30d7\u30fb\u30b5\u30fc\u30d3\u30b9 \u91d1\u66dc\u65e5\u3068\u65e5\u66dc\u65e5\u306e13:00\u304b\u308916:00\u307e\u3067\u3001FAV - \u30d5\u30a1\u30c3\u30b7\u30e7\u30f3\u30fb\u30a2\u30ab\u30c7\u30df\u30fc\u30fb\u30a6\u30a3\u30fc\u30f3\u306e\u30d6\u30fc\u30b9\u306b\u3066\u3002\" \/>\n<meta property=\"og:url\" content=\"https:\/\/www.aninite.at\/ja\/vortraege-workshops-fav-whispie-creates\/\" \/>\n<meta property=\"og:site_name\" content=\"AniNite\" \/>\n<meta property=\"article:publisher\" content=\"https:\/\/www.facebook.com\/AniMangaAustria\" \/>\n<meta property=\"article:modified_time\" content=\"2025-07-16T08:46:38+00:00\" \/>\n<meta property=\"og:image\" content=\"https:\/\/www.aninite.at\/wp-content\/uploads\/DIPLOM2-1024x724.png\" \/>\n\t<meta property=\"og:image:width\" content=\"1024\" \/>\n\t<meta property=\"og:image:height\" content=\"724\" \/>\n\t<meta property=\"og:image:type\" content=\"image\/png\" \/>\n<meta name=\"twitter:card\" content=\"summary_large_image\" \/>\n<script type=\"application\/ld+json\" class=\"yoast-schema-graph\">{\"@context\":\"https:\\\/\\\/schema.org\",\"@graph\":[{\"@type\":\"WebPage\",\"@id\":\"https:\\\/\\\/www.aninite.at\\\/ja\\\/vortraege-workshops-fav-whispie-creates\\\/\",\"url\":\"https:\\\/\\\/www.aninite.at\\\/ja\\\/vortraege-workshops-fav-whispie-creates\\\/\",\"name\":\"\u30ec\u30af\u30c1\u30e3\u30fc\uff06\u30ef\u30fc\u30af\u30b7\u30e7\u30c3\u30d7 - FAV - Whispie\u306f\u5275\u9020\u3059\u308b - AniNite\",\"isPartOf\":{\"@id\":\"https:\\\/\\\/www.aninite.at\\\/ja\\\/#website\"},\"primaryImageOfPage\":{\"@id\":\"https:\\\/\\\/www.aninite.at\\\/ja\\\/vortraege-workshops-fav-whispie-creates\\\/#primaryimage\"},\"image\":{\"@id\":\"https:\\\/\\\/www.aninite.at\\\/ja\\\/vortraege-workshops-fav-whispie-creates\\\/#primaryimage\"},\"thumbnailUrl\":\"https:\\\/\\\/www.aninite.at\\\/wp-content\\\/uploads\\\/\\\/DIPLOM2-1024x724.png\",\"datePublished\":\"2025-07-13T22:26:35+00:00\",\"dateModified\":\"2025-07-16T08:46:38+00:00\",\"breadcrumb\":{\"@id\":\"https:\\\/\\\/www.aninite.at\\\/ja\\\/vortraege-workshops-fav-whispie-creates\\\/#breadcrumb\"},\"inLanguage\":\"ja\",\"potentialAction\":[{\"@type\":\"ReadAction\",\"target\":[\"https:\\\/\\\/www.aninite.at\\\/ja\\\/vortraege-workshops-fav-whispie-creates\\\/\"]}]},{\"@type\":\"ImageObject\",\"inLanguage\":\"ja\",\"@id\":\"https:\\\/\\\/www.aninite.at\\\/ja\\\/vortraege-workshops-fav-whispie-creates\\\/#primaryimage\",\"url\":\"https:\\\/\\\/www.aninite.at\\\/wp-content\\\/uploads\\\/\\\/DIPLOM2-1024x724.png\",\"contentUrl\":\"https:\\\/\\\/www.aninite.at\\\/wp-content\\\/uploads\\\/\\\/DIPLOM2-1024x724.png\"},{\"@type\":\"BreadcrumbList\",\"@id\":\"https:\\\/\\\/www.aninite.at\\\/ja\\\/vortraege-workshops-fav-whispie-creates\\\/#breadcrumb\",\"itemListElement\":[{\"@type\":\"ListItem\",\"position\":1,\"name\":\"Startseite\",\"item\":\"https:\\\/\\\/www.aninite.at\\\/ja\\\/willkommen\\\/\"},{\"@type\":\"ListItem\",\"position\":2,\"name\":\"\u30ec\u30af\u30c1\u30e3\u30fc\uff06\u30ef\u30fc\u30af\u30b7\u30e7\u30c3\u30d7 &#8211; FAV &#8211; Whispie\u306f\u5275\u9020\u3059\u308b\"}]},{\"@type\":\"WebSite\",\"@id\":\"https:\\\/\\\/www.aninite.at\\\/ja\\\/#website\",\"url\":\"https:\\\/\\\/www.aninite.at\\\/ja\\\/\",\"name\":\"AniNite\",\"description\":\"\u00d6sterreichs gr\u00f6\u00dfte Anime-, Manga- und Comic-Convention\",\"potentialAction\":[{\"@type\":\"SearchAction\",\"target\":{\"@type\":\"EntryPoint\",\"urlTemplate\":\"https:\\\/\\\/www.aninite.at\\\/ja\\\/?s={search_term_string}\"},\"query-input\":{\"@type\":\"PropertyValueSpecification\",\"valueRequired\":true,\"valueName\":\"search_term_string\"}}],\"inLanguage\":\"ja\"}]}<\/script>\n<!-- \/ Yoast SEO plugin. -->","yoast_head_json":{"title":"\u30ec\u30af\u30c1\u30e3\u30fc\uff06\u30ef\u30fc\u30af\u30b7\u30e7\u30c3\u30d7 - FAV - Whispie\u306f\u5275\u9020\u3059\u308b - AniNite","robots":{"index":"index","follow":"follow","max-snippet":"max-snippet:-1","max-image-preview":"max-image-preview:large","max-video-preview":"max-video-preview:-1"},"canonical":"https:\/\/www.aninite.at\/ja\/vortraege-workshops-fav-whispie-creates\/","og_locale":"ja_JP","og_type":"article","og_title":"\u30ec\u30af\u30c1\u30e3\u30fc\uff06\u30ef\u30fc\u30af\u30b7\u30e7\u30c3\u30d7 - FAV - Whispie\u306f\u5275\u9020\u3059\u308b - AniNite","og_description":"\u30a6\u30a3\u30c3\u30b0\u306e\u30b9\u30bf\u30a4\u30ea\u30f3\u30b0 - \u30d7\u30ed\u306e\u30c6\u30af\u30cb\u30c3\u30af\u3067\u9b45\u529b\u7684\u306a\u30b9\u30bf\u30a4\u30eb\u306b\u4ed5\u4e0a\u3052\u308b\u3002 \u571f\u66dc\u65e5 11:45 - 13:45 - 0.32\u53f7\u5ba4 \u30a6\u30a3\u30c3\u30b0\u30b9\u30bf\u30a4\u30ea\u30f3\u30b0\u306e\u9b45\u529b\u7684\u306a\u4e16\u754c\u306b\u6d78\u308a\u3001\u5408\u6210\u6bdb\u3084\u4eba\u6bdb\u306e\u30a6\u30a3\u30c3\u30b0\u3092\u30d7\u30ed\u3068\u3057\u3066\u30b9\u30bf\u30a4\u30ea\u30f3\u30b0\u3059\u308b\u65b9\u6cd5\u3092\u5b66\u3076\uff01\u3053\u306e\u30ef\u30fc\u30af\u30b7\u30e7\u30c3\u30d7\u3067\u306f\u3001\u6f14\u5287\u3001\u6620\u753b\u3001\u30b3\u30b9\u30d7\u30ec\u3001\u65e5\u5e38\u751f\u6d3b\u306b\u6700\u9069\u306a\u30a6\u30a3\u30c3\u30b0\u306e\u5f62\u3092\u6574\u3048\u3001\u30ab\u30c3\u30c8\u3057\u3001\u30b9\u30bf\u30a4\u30ea\u30f3\u30b0\u3059\u308b\u305f\u3081\u306e\u6700\u3082\u91cd\u8981\u306a\u30c6\u30af\u30cb\u30c3\u30af\u3092\u7d39\u4ecb\u3059\u308b\u3002 \u671f\u5f85\u3067\u304d\u308b\u3053\u3068 \u7d20\u6750\u3068\u30a6\u30a3\u30c3\u30b0\u306e\u7a2e\u985e\u306b\u95a2\u3059\u308b\u57fa\u790e\u77e5\u8b58 \u30ab\u30c3\u30c8\u3001\u30d6\u30ed\u30fc\u3001\u30b9\u30bf\u30a4\u30ea\u30f3\u30b0\u306e\u30c6\u30af\u30cb\u30c3\u30af \u30ab\u30fc\u30eb\u3001\u7de8\u307f\u8fbc\u307f\u30d8\u30a2\u30b9\u30bf\u30a4\u30eb\u3001\u30a2\u30c3\u30d7\u30b9\u30bf\u30a4\u30eb\u3092\u4f5c\u308b \u30dc\u30ea\u30e5\u30fc\u30e0\u3068\u81ea\u7136\u306a\u30d8\u30a2\u30e9\u30a4\u30f3\u3092\u4f5c\u308b \u9577\u6301\u3061\u3055\u305b\u308b\u305f\u3081\u306e\u56fa\u5b9a\u3068\u30b1\u30a2 \u30b9\u30bf\u30a4\u30ea\u30f3\u30b0\u3057\u305f\u3044\u30a6\u30a3\u30c3\u30b0\u3092\u6301\u53c2\u306e\u3053\u3068\uff01 \u521d\u5fc3\u8005\u3067\u3082\u4e0a\u7d1a\u8005\u3067\u3082-\u3053\u306e\u30ef\u30fc\u30af\u30b7\u30e7\u30c3\u30d7\u3067\u306f\u3001\u3042\u3089\u3086\u308b\u30a6\u30a3\u30c3\u30b0\u306b\u5b8c\u74a7\u306a\u30d8\u30a2\u30b9\u30bf\u30a4\u30eb\u3092\u4f5c\u308b\u305f\u3081\u306e\u8cb4\u91cd\u306a\u30d2\u30f3\u30c8\u3084\u30b3\u30c4\u3092\u6559\u3048\u3066\u304f\u308c\u308b\uff01 \u6240\u8981\u6642\u9593\uff1a2\u6642\u9593 \u53c2\u52a0\u8005\u6570\uff1a8 -\u30a4\u30f3\u30d5\u30a9\u30dd\u30a4\u30f3\u30c8\u306b\u3066\u767b\u9332 \u30bd\u30fc\u30b7\u30e3\u30eb\u30e1\u30c7\u30a3\u30a2:Fashionacademy - \u6559\u80b2\u3001\u30c7\u30b6\u30a4\u30f3\u3001\u30e1\u30a4\u30af\u30a2\u30c3\u30d7\u3001\u30d5\u30a1\u30c3\u30b7\u30e7\u30f3\u30de\u30cd\u30fc\u30b8\u30e1\u30f3\u30c8(@fashion.academy.vienna) - Instagram photos and videos fashion academy vienna (fashionacademyvienna) - \u30d7\u30ed\u30d5\u30a3\u30fc\u30eb\uff5cPinterest FAV-fashion.academy.vienna (@fashion.academy.vienna) | TikTok \u7121\u6599\u30e1\u30a4\u30af\u30a2\u30c3\u30d7\u30fb\u30b5\u30fc\u30d3\u30b9 \u91d1\u66dc\u65e5\u3068\u65e5\u66dc\u65e5\u306e13:00\u304b\u308916:00\u307e\u3067\u3001FAV - \u30d5\u30a1\u30c3\u30b7\u30e7\u30f3\u30fb\u30a2\u30ab\u30c7\u30df\u30fc\u30fb\u30a6\u30a3\u30fc\u30f3\u306e\u30d6\u30fc\u30b9\u306b\u3066\u3002","og_url":"https:\/\/www.aninite.at\/ja\/vortraege-workshops-fav-whispie-creates\/","og_site_name":"AniNite","article_publisher":"https:\/\/www.facebook.com\/AniMangaAustria","article_modified_time":"2025-07-16T08:46:38+00:00","og_image":[{"width":1024,"height":724,"url":"https:\/\/www.aninite.at\/wp-content\/uploads\/DIPLOM2-1024x724.png","type":"image\/png"}],"twitter_card":"summary_large_image","schema":{"@context":"https:\/\/schema.org","@graph":[{"@type":"WebPage","@id":"https:\/\/www.aninite.at\/ja\/vortraege-workshops-fav-whispie-creates\/","url":"https:\/\/www.aninite.at\/ja\/vortraege-workshops-fav-whispie-creates\/","name":"\u30ec\u30af\u30c1\u30e3\u30fc\uff06\u30ef\u30fc\u30af\u30b7\u30e7\u30c3\u30d7 - FAV - Whispie\u306f\u5275\u9020\u3059\u308b - AniNite","isPartOf":{"@id":"https:\/\/www.aninite.at\/ja\/#website"},"primaryImageOfPage":{"@id":"https:\/\/www.aninite.at\/ja\/vortraege-workshops-fav-whispie-creates\/#primaryimage"},"image":{"@id":"https:\/\/www.aninite.at\/ja\/vortraege-workshops-fav-whispie-creates\/#primaryimage"},"thumbnailUrl":"https:\/\/www.aninite.at\/wp-content\/uploads\/\/DIPLOM2-1024x724.png","datePublished":"2025-07-13T22:26:35+00:00","dateModified":"2025-07-16T08:46:38+00:00","breadcrumb":{"@id":"https:\/\/www.aninite.at\/ja\/vortraege-workshops-fav-whispie-creates\/#breadcrumb"},"inLanguage":"ja","potentialAction":[{"@type":"ReadAction","target":["https:\/\/www.aninite.at\/ja\/vortraege-workshops-fav-whispie-creates\/"]}]},{"@type":"ImageObject","inLanguage":"ja","@id":"https:\/\/www.aninite.at\/ja\/vortraege-workshops-fav-whispie-creates\/#primaryimage","url":"https:\/\/www.aninite.at\/wp-content\/uploads\/\/DIPLOM2-1024x724.png","contentUrl":"https:\/\/www.aninite.at\/wp-content\/uploads\/\/DIPLOM2-1024x724.png"},{"@type":"BreadcrumbList","@id":"https:\/\/www.aninite.at\/ja\/vortraege-workshops-fav-whispie-creates\/#breadcrumb","itemListElement":[{"@type":"ListItem","position":1,"name":"Startseite","item":"https:\/\/www.aninite.at\/ja\/willkommen\/"},{"@type":"ListItem","position":2,"name":"\u30ec\u30af\u30c1\u30e3\u30fc\uff06\u30ef\u30fc\u30af\u30b7\u30e7\u30c3\u30d7 &#8211; FAV &#8211; Whispie\u306f\u5275\u9020\u3059\u308b"}]},{"@type":"WebSite","@id":"https:\/\/www.aninite.at\/ja\/#website","url":"https:\/\/www.aninite.at\/ja\/","name":"AniNite","description":"\u00d6sterreichs gr\u00f6\u00dfte Anime-, Manga- und Comic-Convention","potentialAction":[{"@type":"SearchAction","target":{"@type":"EntryPoint","urlTemplate":"https:\/\/www.aninite.at\/ja\/?s={search_term_string}"},"query-input":{"@type":"PropertyValueSpecification","valueRequired":true,"valueName":"search_term_string"}}],"inLanguage":"ja"}]}},"acf":[],"_links":{"self":[{"href":"https:\/\/www.aninite.at\/ja\/wp-json\/wp\/v2\/pages\/33992","targetHints":{"allow":["GET"]}}],"collection":[{"href":"https:\/\/www.aninite.at\/ja\/wp-json\/wp\/v2\/pages"}],"about":[{"href":"https:\/\/www.aninite.at\/ja\/wp-json\/wp\/v2\/types\/page"}],"author":[{"embeddable":true,"href":"https:\/\/www.aninite.at\/ja\/wp-json\/wp\/v2\/users\/13"}],"replies":[{"embeddable":true,"href":"https:\/\/www.aninite.at\/ja\/wp-json\/wp\/v2\/comments?post=33992"}],"version-history":[{"count":1,"href":"https:\/\/www.aninite.at\/ja\/wp-json\/wp\/v2\/pages\/33992\/revisions"}],"predecessor-version":[{"id":33995,"href":"https:\/\/www.aninite.at\/ja\/wp-json\/wp\/v2\/pages\/33992\/revisions\/33995"}],"wp:attachment":[{"href":"https:\/\/www.aninite.at\/ja\/wp-json\/wp\/v2\/media?parent=33992"}],"curies":[{"name":"wp","href":"https:\/\/api.w.org\/{rel}","templated":true}]}}