{"id":33998,"date":"2025-07-13T23:46:44","date_gmt":"2025-07-13T21:46:44","guid":{"rendered":"https:\/\/www.aninite.at\/vortraege-workshops-milkyrosa\/"},"modified":"2025-07-19T09:48:16","modified_gmt":"2025-07-19T07:48:16","slug":"vortraege-workshops-milkyrosa","status":"publish","type":"page","link":"https:\/\/www.aninite.at\/ja\/vortraege-workshops-milkyrosa\/","title":{"rendered":"\u30ec\u30af\u30c1\u30e3\u30fc\uff06\u30ef\u30fc\u30af\u30b7\u30e7\u30c3\u30d7 - MilkyRosa"},"content":{"rendered":"\n<figure class=\"wp-block-image size-large is-resized\"><img loading=\"lazy\" decoding=\"async\" width=\"717\" height=\"1024\" src=\"https:\/\/www.aninite.at\/wp-content\/uploads\/\/MilkyRosa_Musterdesign_01s-717x1024.jpg\" alt=\"\" class=\"wp-image-33860\" style=\"width:400px;height:auto\" srcset=\"https:\/\/www.aninite.at\/wp-content\/uploads\/MilkyRosa_Musterdesign_01s-717x1024.jpg 717w, https:\/\/www.aninite.at\/wp-content\/uploads\/MilkyRosa_Musterdesign_01s-210x300.jpg 210w, https:\/\/www.aninite.at\/wp-content\/uploads\/MilkyRosa_Musterdesign_01s-768x1096.jpg 768w, https:\/\/www.aninite.at\/wp-content\/uploads\/MilkyRosa_Musterdesign_01s-1076x1536.jpg 1076w, https:\/\/www.aninite.at\/wp-content\/uploads\/MilkyRosa_Musterdesign_01s-1435x2048.jpg 1435w, https:\/\/www.aninite.at\/wp-content\/uploads\/MilkyRosa_Musterdesign_01s-1140x1627.jpg 1140w, https:\/\/www.aninite.at\/wp-content\/uploads\/MilkyRosa_Musterdesign_01s.jpg 1655w\" sizes=\"auto, (max-width: 717px) 100vw, 717px\" \/><\/figure>\n\n<h2 class=\"wp-block-heading\"><em><mark style=\"background-color:rgba(0, 0, 0, 0)\" class=\"has-inline-color has-vivid-red-color\">\u5546\u54c1\u3068\u30b3\u30b9\u30d7\u30ec\u306e\u30d1\u30bf\u30fc\u30f3\u30c7\u30b6\u30a4\u30f3<\/mark><\/em><\/h2>\n\n<p><em><mark style=\"background-color:rgba(0, 0, 0, 0)\" class=\"has-inline-color has-vivid-red-color\">\u91d1\u66dc\u65e5 13:30 - 15:00 - 0.32\u53f7\u5ba4<\/mark><\/em><\/p>\n\n<p>\u30b3\u30b9\u30d7\u30ec\u30a4\u30e4\u30fc\u3068\u3057\u3066\u3001\u30b3\u30b9\u30d7\u30ec\u306b\u306f\u672c\u7269\u306e\u751f\u5730\u3092\u4f7f\u3046\u5fc5\u8981\u304c\u3042\u308b\u3002\u3057\u304b\u3057\u3001\u8cfc\u5165\u3067\u304d\u306a\u3044\u3068\u3057\u305f\u3089\u3069\u3046\u3060\u308d\u3046\uff1f\u3042\u308b\u3044\u306f\u3001\u81ea\u5206\u306e\u5546\u54c1\u3092\u4f5c\u308a\u305f\u3044\u306e\u3067\u3001\u81ea\u5206\u3067\u751f\u5730\u3092\u30c7\u30b6\u30a4\u30f3\u3057\u305f\u3044\u3002\u3053\u306e\u30ef\u30fc\u30af\u30b7\u30e7\u30c3\u30d7\u3067\u306f\u3001\u67c4\u306e\u4f5c\u308a\u65b9\u306b\u3064\u3044\u3066\u8aac\u660e\u3057\u3001\u30d5\u30a1\u30d6\u30ea\u30c3\u30af\u30d7\u30ea\u30f3\u30c8\u7528\u306b\u67c4\u3092\u30c7\u30b6\u30a4\u30f3\u3059\u308b\u65b9\u6cd5\u3068\u3001\u30d7\u30ea\u30f3\u30c8\u3059\u308b\u969b\u306e\u6ce8\u610f\u70b9\u3092\u7d39\u4ecb\u3059\u308b\u3002\u4e00\u7dd2\u306b\u4f1d\u7d71\u7684\u306a\u30d1\u30bf\u30fc\u30f3\u30ea\u30d4\u30fc\u30c8\u3092\u4f5c\u6210\u3057\u3001\u5e03\u5730\u30d7\u30ea\u30f3\u30c8\u696d\u8005\u306e\u30ea\u30b9\u30c8\u3068\u305d\u306e\u54c1\u63c3\u3048\u3092\u304a\u6e21\u3057\u3059\u308b\u3002\u4e88\u5099\u77e5\u8b58\u306f\u5fc5\u8981\u306a\u3044\u3002     <\/p>\n\n<p><strong>\u6240\u8981\u6642\u9593\uff1a<\/strong><br\/>1\u6642\u9593\u534a<\/p>\n\n<p><strong>\u53c2\u52a0\u8005\u6570\uff1a<\/strong><br\/>20\u540d -<mark style=\"background-color:rgba(0, 0, 0, 0)\" class=\"has-inline-color has-luminous-vivid-amber-color\">\u30a4\u30f3\u30d5\u30a9\u30dd\u30a4\u30f3\u30c8\u3067\u767b\u9332\u3059\u308b\u3002<\/mark><\/p>\n\n<p><strong>\u53c2\u52a0\u8cbb<\/strong>\uff1a<br\/>12\u20ac -<mark style=\"background-color:rgba(0, 0, 0, 0)\" class=\"has-inline-color has-luminous-vivid-amber-color\">\u30ef\u30fc\u30af\u30b7\u30e7\u30c3\u30d7\u3067\u652f\u6255\u3046<\/mark>\uff08\u8cc7\u6599\u3068\u30c7\u30b8\u30bf\u30eb\u30d7\u30ea\u30f3\u30c8\u3092\u542b\u3080\uff09\u3002<\/p>\n\n<p><strong>\u30bd\u30fc\u30b7\u30e3\u30eb\u30e1\u30c7\u30a3\u30a2<\/strong>\uff1a<br\/>@milkyrosadesignagency<\/p>\n\n<figure class=\"wp-block-gallery has-nested-images columns-default is-cropped wp-block-gallery-1 is-layout-flex wp-block-gallery-is-layout-flex\">\n<figure class=\"wp-block-image size-large\"><img loading=\"lazy\" decoding=\"async\" width=\"966\" height=\"1024\" data-id=\"33863\" src=\"https:\/\/www.aninite.at\/wp-content\/uploads\/\/MilkyRosa_Musterdesign_02s-966x1024.jpg\" alt=\"\" class=\"wp-image-33863\" srcset=\"https:\/\/www.aninite.at\/wp-content\/uploads\/MilkyRosa_Musterdesign_02s-966x1024.jpg 966w, https:\/\/www.aninite.at\/wp-content\/uploads\/MilkyRosa_Musterdesign_02s-283x300.jpg 283w, https:\/\/www.aninite.at\/wp-content\/uploads\/MilkyRosa_Musterdesign_02s-768x814.jpg 768w, https:\/\/www.aninite.at\/wp-content\/uploads\/MilkyRosa_Musterdesign_02s-1449x1536.jpg 1449w, https:\/\/www.aninite.at\/wp-content\/uploads\/MilkyRosa_Musterdesign_02s-1140x1208.jpg 1140w, https:\/\/www.aninite.at\/wp-content\/uploads\/MilkyRosa_Musterdesign_02s.jpg 1672w\" sizes=\"auto, (max-width: 966px) 100vw, 966px\" \/><\/figure>\n\n\n\n<figure class=\"wp-block-image size-large\"><img loading=\"lazy\" decoding=\"async\" width=\"1024\" height=\"683\" data-id=\"33866\" src=\"https:\/\/www.aninite.at\/wp-content\/uploads\/\/MilkyRosa_Musterdesign_03s-1024x683.jpg\" alt=\"\" class=\"wp-image-33866\" srcset=\"https:\/\/www.aninite.at\/wp-content\/uploads\/MilkyRosa_Musterdesign_03s-1024x683.jpg 1024w, https:\/\/www.aninite.at\/wp-content\/uploads\/MilkyRosa_Musterdesign_03s-300x200.jpg 300w, https:\/\/www.aninite.at\/wp-content\/uploads\/MilkyRosa_Musterdesign_03s-768x512.jpg 768w, https:\/\/www.aninite.at\/wp-content\/uploads\/MilkyRosa_Musterdesign_03s-1140x760.jpg 1140w, https:\/\/www.aninite.at\/wp-content\/uploads\/MilkyRosa_Musterdesign_03s.jpg 1200w\" sizes=\"auto, (max-width: 1024px) 100vw, 1024px\" \/><\/figure>\n<\/figure>\n","protected":false},"excerpt":{"rendered":"<p>\u5546\u54c1\u3068\u30b3\u30b9\u30d7\u30ec\u306e\u30d1\u30bf\u30fc\u30f3\u30c7\u30b6\u30a4\u30f3 \u91d1\u66dc\u65e5 13:30 - 15:00 - 0.32\u53f7\u5ba4 \u30b3\u30b9\u30d7\u30ec\u30a4\u30e4\u30fc\u3068\u3057\u3066\u3001\u30b3\u30b9\u30d7\u30ec\u306b\u306f\u672c\u7269\u306e\u751f\u5730\u3092\u4f7f\u3046\u5fc5\u8981\u304c\u3042\u308b\u3002\u3057\u304b\u3057\u3001\u8cfc\u5165\u3067\u304d\u306a\u3044\u3068\u3057\u305f\u3089\u3069\u3046\u3060\u308d\u3046\uff1f\u3042\u308b\u3044\u306f\u3001\u81ea\u5206\u306e\u5546\u54c1\u3092\u4f5c\u308a\u305f\u3044\u306e\u3067\u3001\u81ea\u5206\u3067\u751f\u5730\u3092\u30c7\u30b6\u30a4\u30f3\u3057\u305f\u3044\u3002\u3053\u306e\u30ef\u30fc\u30af\u30b7\u30e7\u30c3\u30d7\u3067\u306f\u3001\u67c4\u306e\u4f5c\u308a\u65b9\u306b\u3064\u3044\u3066\u8aac\u660e\u3057\u3001\u30d5\u30a1\u30d6\u30ea\u30c3\u30af\u30d7\u30ea\u30f3\u30c8\u7528\u306b\u67c4\u3092\u30c7\u30b6\u30a4\u30f3\u3059\u308b\u65b9\u6cd5\u3068\u3001\u30d7\u30ea\u30f3\u30c8\u3059\u308b\u969b\u306e\u6ce8\u610f\u70b9\u3092\u7d39\u4ecb\u3059\u308b\u3002\u4e00\u7dd2\u306b\u4f1d\u7d71\u7684\u306a\u30d1\u30bf\u30fc\u30f3\u30ea\u30d4\u30fc\u30c8\u3092\u4f5c\u6210\u3057\u3001\u5e03\u5730\u30d7\u30ea\u30f3\u30c8\u696d\u8005\u306e\u30ea\u30b9\u30c8\u3068\u305d\u306e\u54c1\u63c3\u3048\u3092\u304a\u6e21\u3057\u3059\u308b\u3002\u4e88\u5099\u77e5\u8b58\u306f\u5fc5\u8981\u306a\u3044\u3002 \u6240\u8981\u6642\u9593\uff1a1\u6642\u9593\u534a \u53c2\u52a0\u8005\u6570\uff1a20\u540d -\u30a4\u30f3\u30d5\u30a9\u30dd\u30a4\u30f3\u30c8\u3067\u767b\u9332\u3059\u308b\u3002 \u53c2\u52a0\u8cbb\uff1a12\u20ac -\u30ef\u30fc\u30af\u30b7\u30e7\u30c3\u30d7\u3067\u652f\u6255\u3046\uff08\u8cc7\u6599\u3068\u30c7\u30b8\u30bf\u30eb\u30d7\u30ea\u30f3\u30c8\u3092\u542b\u3080\uff09\u3002 \u30bd\u30fc\u30b7\u30e3\u30eb\u30e1\u30c7\u30a3\u30a2\uff1a@milkyrosadesignagency<\/p>\n","protected":false},"author":13,"featured_media":0,"parent":0,"menu_order":0,"comment_status":"closed","ping_status":"closed","template":"","meta":{"inline_featured_image":false,"footnotes":""},"class_list":["post-33998","page","type-page","status-publish","hentry"],"yoast_head":"<!-- This site is optimized with the Yoast SEO plugin v27.5 - https:\/\/yoast.com\/product\/yoast-seo-wordpress\/ -->\n<title>\u30ec\u30af\u30c1\u30e3\u30fc\uff06\u30ef\u30fc\u30af\u30b7\u30e7\u30c3\u30d7 - MilkyRosa - AniNite<\/title>\n<meta name=\"robots\" content=\"index, follow, max-snippet:-1, max-image-preview:large, max-video-preview:-1\" \/>\n<link rel=\"canonical\" href=\"https:\/\/www.aninite.at\/ja\/vortraege-workshops-milkyrosa\/\" \/>\n<meta property=\"og:locale\" content=\"ja_JP\" \/>\n<meta property=\"og:type\" content=\"article\" \/>\n<meta property=\"og:title\" content=\"\u30ec\u30af\u30c1\u30e3\u30fc\uff06\u30ef\u30fc\u30af\u30b7\u30e7\u30c3\u30d7 - MilkyRosa - AniNite\" \/>\n<meta property=\"og:description\" content=\"\u5546\u54c1\u3068\u30b3\u30b9\u30d7\u30ec\u306e\u30d1\u30bf\u30fc\u30f3\u30c7\u30b6\u30a4\u30f3 \u91d1\u66dc\u65e5 13:30 - 15:00 - 0.32\u53f7\u5ba4 \u30b3\u30b9\u30d7\u30ec\u30a4\u30e4\u30fc\u3068\u3057\u3066\u3001\u30b3\u30b9\u30d7\u30ec\u306b\u306f\u672c\u7269\u306e\u751f\u5730\u3092\u4f7f\u3046\u5fc5\u8981\u304c\u3042\u308b\u3002\u3057\u304b\u3057\u3001\u8cfc\u5165\u3067\u304d\u306a\u3044\u3068\u3057\u305f\u3089\u3069\u3046\u3060\u308d\u3046\uff1f\u3042\u308b\u3044\u306f\u3001\u81ea\u5206\u306e\u5546\u54c1\u3092\u4f5c\u308a\u305f\u3044\u306e\u3067\u3001\u81ea\u5206\u3067\u751f\u5730\u3092\u30c7\u30b6\u30a4\u30f3\u3057\u305f\u3044\u3002\u3053\u306e\u30ef\u30fc\u30af\u30b7\u30e7\u30c3\u30d7\u3067\u306f\u3001\u67c4\u306e\u4f5c\u308a\u65b9\u306b\u3064\u3044\u3066\u8aac\u660e\u3057\u3001\u30d5\u30a1\u30d6\u30ea\u30c3\u30af\u30d7\u30ea\u30f3\u30c8\u7528\u306b\u67c4\u3092\u30c7\u30b6\u30a4\u30f3\u3059\u308b\u65b9\u6cd5\u3068\u3001\u30d7\u30ea\u30f3\u30c8\u3059\u308b\u969b\u306e\u6ce8\u610f\u70b9\u3092\u7d39\u4ecb\u3059\u308b\u3002\u4e00\u7dd2\u306b\u4f1d\u7d71\u7684\u306a\u30d1\u30bf\u30fc\u30f3\u30ea\u30d4\u30fc\u30c8\u3092\u4f5c\u6210\u3057\u3001\u5e03\u5730\u30d7\u30ea\u30f3\u30c8\u696d\u8005\u306e\u30ea\u30b9\u30c8\u3068\u305d\u306e\u54c1\u63c3\u3048\u3092\u304a\u6e21\u3057\u3059\u308b\u3002\u4e88\u5099\u77e5\u8b58\u306f\u5fc5\u8981\u306a\u3044\u3002 \u6240\u8981\u6642\u9593\uff1a1\u6642\u9593\u534a \u53c2\u52a0\u8005\u6570\uff1a20\u540d -\u30a4\u30f3\u30d5\u30a9\u30dd\u30a4\u30f3\u30c8\u3067\u767b\u9332\u3059\u308b\u3002 \u53c2\u52a0\u8cbb\uff1a12\u20ac -\u30ef\u30fc\u30af\u30b7\u30e7\u30c3\u30d7\u3067\u652f\u6255\u3046\uff08\u8cc7\u6599\u3068\u30c7\u30b8\u30bf\u30eb\u30d7\u30ea\u30f3\u30c8\u3092\u542b\u3080\uff09\u3002 \u30bd\u30fc\u30b7\u30e3\u30eb\u30e1\u30c7\u30a3\u30a2\uff1a@milkyrosadesignagency\" \/>\n<meta property=\"og:url\" content=\"https:\/\/www.aninite.at\/ja\/vortraege-workshops-milkyrosa\/\" \/>\n<meta property=\"og:site_name\" content=\"AniNite\" \/>\n<meta property=\"article:publisher\" content=\"https:\/\/www.facebook.com\/AniMangaAustria\" \/>\n<meta property=\"article:modified_time\" content=\"2025-07-19T07:48:16+00:00\" \/>\n<meta property=\"og:image\" content=\"https:\/\/www.aninite.at\/wp-content\/uploads\/MilkyRosa_Musterdesign_01s.jpg\" \/>\n\t<meta property=\"og:image:width\" content=\"1655\" \/>\n\t<meta property=\"og:image:height\" content=\"2362\" \/>\n\t<meta property=\"og:image:type\" content=\"image\/jpeg\" \/>\n<meta name=\"twitter:card\" content=\"summary_large_image\" \/>\n<script type=\"application\/ld+json\" class=\"yoast-schema-graph\">{\"@context\":\"https:\\\/\\\/schema.org\",\"@graph\":[{\"@type\":\"WebPage\",\"@id\":\"https:\\\/\\\/www.aninite.at\\\/ja\\\/vortraege-workshops-milkyrosa\\\/\",\"url\":\"https:\\\/\\\/www.aninite.at\\\/ja\\\/vortraege-workshops-milkyrosa\\\/\",\"name\":\"\u30ec\u30af\u30c1\u30e3\u30fc\uff06\u30ef\u30fc\u30af\u30b7\u30e7\u30c3\u30d7 - MilkyRosa - AniNite\",\"isPartOf\":{\"@id\":\"https:\\\/\\\/www.aninite.at\\\/ja\\\/#website\"},\"primaryImageOfPage\":{\"@id\":\"https:\\\/\\\/www.aninite.at\\\/ja\\\/vortraege-workshops-milkyrosa\\\/#primaryimage\"},\"image\":{\"@id\":\"https:\\\/\\\/www.aninite.at\\\/ja\\\/vortraege-workshops-milkyrosa\\\/#primaryimage\"},\"thumbnailUrl\":\"https:\\\/\\\/www.aninite.at\\\/wp-content\\\/uploads\\\/\\\/MilkyRosa_Musterdesign_01s-717x1024.jpg\",\"datePublished\":\"2025-07-13T21:46:44+00:00\",\"dateModified\":\"2025-07-19T07:48:16+00:00\",\"breadcrumb\":{\"@id\":\"https:\\\/\\\/www.aninite.at\\\/ja\\\/vortraege-workshops-milkyrosa\\\/#breadcrumb\"},\"inLanguage\":\"ja\",\"potentialAction\":[{\"@type\":\"ReadAction\",\"target\":[\"https:\\\/\\\/www.aninite.at\\\/ja\\\/vortraege-workshops-milkyrosa\\\/\"]}]},{\"@type\":\"ImageObject\",\"inLanguage\":\"ja\",\"@id\":\"https:\\\/\\\/www.aninite.at\\\/ja\\\/vortraege-workshops-milkyrosa\\\/#primaryimage\",\"url\":\"https:\\\/\\\/www.aninite.at\\\/wp-content\\\/uploads\\\/\\\/MilkyRosa_Musterdesign_01s-717x1024.jpg\",\"contentUrl\":\"https:\\\/\\\/www.aninite.at\\\/wp-content\\\/uploads\\\/\\\/MilkyRosa_Musterdesign_01s-717x1024.jpg\"},{\"@type\":\"BreadcrumbList\",\"@id\":\"https:\\\/\\\/www.aninite.at\\\/ja\\\/vortraege-workshops-milkyrosa\\\/#breadcrumb\",\"itemListElement\":[{\"@type\":\"ListItem\",\"position\":1,\"name\":\"Startseite\",\"item\":\"https:\\\/\\\/www.aninite.at\\\/ja\\\/willkommen\\\/\"},{\"@type\":\"ListItem\",\"position\":2,\"name\":\"\u30ec\u30af\u30c1\u30e3\u30fc\uff06\u30ef\u30fc\u30af\u30b7\u30e7\u30c3\u30d7 - MilkyRosa\"}]},{\"@type\":\"WebSite\",\"@id\":\"https:\\\/\\\/www.aninite.at\\\/ja\\\/#website\",\"url\":\"https:\\\/\\\/www.aninite.at\\\/ja\\\/\",\"name\":\"AniNite\",\"description\":\"\u00d6sterreichs gr\u00f6\u00dfte Anime-, Manga- und Comic-Convention\",\"potentialAction\":[{\"@type\":\"SearchAction\",\"target\":{\"@type\":\"EntryPoint\",\"urlTemplate\":\"https:\\\/\\\/www.aninite.at\\\/ja\\\/?s={search_term_string}\"},\"query-input\":{\"@type\":\"PropertyValueSpecification\",\"valueRequired\":true,\"valueName\":\"search_term_string\"}}],\"inLanguage\":\"ja\"}]}<\/script>\n<!-- \/ Yoast SEO plugin. -->","yoast_head_json":{"title":"\u30ec\u30af\u30c1\u30e3\u30fc\uff06\u30ef\u30fc\u30af\u30b7\u30e7\u30c3\u30d7 - MilkyRosa - AniNite","robots":{"index":"index","follow":"follow","max-snippet":"max-snippet:-1","max-image-preview":"max-image-preview:large","max-video-preview":"max-video-preview:-1"},"canonical":"https:\/\/www.aninite.at\/ja\/vortraege-workshops-milkyrosa\/","og_locale":"ja_JP","og_type":"article","og_title":"\u30ec\u30af\u30c1\u30e3\u30fc\uff06\u30ef\u30fc\u30af\u30b7\u30e7\u30c3\u30d7 - MilkyRosa - AniNite","og_description":"\u5546\u54c1\u3068\u30b3\u30b9\u30d7\u30ec\u306e\u30d1\u30bf\u30fc\u30f3\u30c7\u30b6\u30a4\u30f3 \u91d1\u66dc\u65e5 13:30 - 15:00 - 0.32\u53f7\u5ba4 \u30b3\u30b9\u30d7\u30ec\u30a4\u30e4\u30fc\u3068\u3057\u3066\u3001\u30b3\u30b9\u30d7\u30ec\u306b\u306f\u672c\u7269\u306e\u751f\u5730\u3092\u4f7f\u3046\u5fc5\u8981\u304c\u3042\u308b\u3002\u3057\u304b\u3057\u3001\u8cfc\u5165\u3067\u304d\u306a\u3044\u3068\u3057\u305f\u3089\u3069\u3046\u3060\u308d\u3046\uff1f\u3042\u308b\u3044\u306f\u3001\u81ea\u5206\u306e\u5546\u54c1\u3092\u4f5c\u308a\u305f\u3044\u306e\u3067\u3001\u81ea\u5206\u3067\u751f\u5730\u3092\u30c7\u30b6\u30a4\u30f3\u3057\u305f\u3044\u3002\u3053\u306e\u30ef\u30fc\u30af\u30b7\u30e7\u30c3\u30d7\u3067\u306f\u3001\u67c4\u306e\u4f5c\u308a\u65b9\u306b\u3064\u3044\u3066\u8aac\u660e\u3057\u3001\u30d5\u30a1\u30d6\u30ea\u30c3\u30af\u30d7\u30ea\u30f3\u30c8\u7528\u306b\u67c4\u3092\u30c7\u30b6\u30a4\u30f3\u3059\u308b\u65b9\u6cd5\u3068\u3001\u30d7\u30ea\u30f3\u30c8\u3059\u308b\u969b\u306e\u6ce8\u610f\u70b9\u3092\u7d39\u4ecb\u3059\u308b\u3002\u4e00\u7dd2\u306b\u4f1d\u7d71\u7684\u306a\u30d1\u30bf\u30fc\u30f3\u30ea\u30d4\u30fc\u30c8\u3092\u4f5c\u6210\u3057\u3001\u5e03\u5730\u30d7\u30ea\u30f3\u30c8\u696d\u8005\u306e\u30ea\u30b9\u30c8\u3068\u305d\u306e\u54c1\u63c3\u3048\u3092\u304a\u6e21\u3057\u3059\u308b\u3002\u4e88\u5099\u77e5\u8b58\u306f\u5fc5\u8981\u306a\u3044\u3002 \u6240\u8981\u6642\u9593\uff1a1\u6642\u9593\u534a \u53c2\u52a0\u8005\u6570\uff1a20\u540d -\u30a4\u30f3\u30d5\u30a9\u30dd\u30a4\u30f3\u30c8\u3067\u767b\u9332\u3059\u308b\u3002 \u53c2\u52a0\u8cbb\uff1a12\u20ac -\u30ef\u30fc\u30af\u30b7\u30e7\u30c3\u30d7\u3067\u652f\u6255\u3046\uff08\u8cc7\u6599\u3068\u30c7\u30b8\u30bf\u30eb\u30d7\u30ea\u30f3\u30c8\u3092\u542b\u3080\uff09\u3002 \u30bd\u30fc\u30b7\u30e3\u30eb\u30e1\u30c7\u30a3\u30a2\uff1a@milkyrosadesignagency","og_url":"https:\/\/www.aninite.at\/ja\/vortraege-workshops-milkyrosa\/","og_site_name":"AniNite","article_publisher":"https:\/\/www.facebook.com\/AniMangaAustria","article_modified_time":"2025-07-19T07:48:16+00:00","og_image":[{"width":1655,"height":2362,"url":"https:\/\/www.aninite.at\/wp-content\/uploads\/MilkyRosa_Musterdesign_01s.jpg","type":"image\/jpeg"}],"twitter_card":"summary_large_image","schema":{"@context":"https:\/\/schema.org","@graph":[{"@type":"WebPage","@id":"https:\/\/www.aninite.at\/ja\/vortraege-workshops-milkyrosa\/","url":"https:\/\/www.aninite.at\/ja\/vortraege-workshops-milkyrosa\/","name":"\u30ec\u30af\u30c1\u30e3\u30fc\uff06\u30ef\u30fc\u30af\u30b7\u30e7\u30c3\u30d7 - MilkyRosa - AniNite","isPartOf":{"@id":"https:\/\/www.aninite.at\/ja\/#website"},"primaryImageOfPage":{"@id":"https:\/\/www.aninite.at\/ja\/vortraege-workshops-milkyrosa\/#primaryimage"},"image":{"@id":"https:\/\/www.aninite.at\/ja\/vortraege-workshops-milkyrosa\/#primaryimage"},"thumbnailUrl":"https:\/\/www.aninite.at\/wp-content\/uploads\/\/MilkyRosa_Musterdesign_01s-717x1024.jpg","datePublished":"2025-07-13T21:46:44+00:00","dateModified":"2025-07-19T07:48:16+00:00","breadcrumb":{"@id":"https:\/\/www.aninite.at\/ja\/vortraege-workshops-milkyrosa\/#breadcrumb"},"inLanguage":"ja","potentialAction":[{"@type":"ReadAction","target":["https:\/\/www.aninite.at\/ja\/vortraege-workshops-milkyrosa\/"]}]},{"@type":"ImageObject","inLanguage":"ja","@id":"https:\/\/www.aninite.at\/ja\/vortraege-workshops-milkyrosa\/#primaryimage","url":"https:\/\/www.aninite.at\/wp-content\/uploads\/\/MilkyRosa_Musterdesign_01s-717x1024.jpg","contentUrl":"https:\/\/www.aninite.at\/wp-content\/uploads\/\/MilkyRosa_Musterdesign_01s-717x1024.jpg"},{"@type":"BreadcrumbList","@id":"https:\/\/www.aninite.at\/ja\/vortraege-workshops-milkyrosa\/#breadcrumb","itemListElement":[{"@type":"ListItem","position":1,"name":"Startseite","item":"https:\/\/www.aninite.at\/ja\/willkommen\/"},{"@type":"ListItem","position":2,"name":"\u30ec\u30af\u30c1\u30e3\u30fc\uff06\u30ef\u30fc\u30af\u30b7\u30e7\u30c3\u30d7 - MilkyRosa"}]},{"@type":"WebSite","@id":"https:\/\/www.aninite.at\/ja\/#website","url":"https:\/\/www.aninite.at\/ja\/","name":"AniNite","description":"\u00d6sterreichs gr\u00f6\u00dfte Anime-, Manga- und Comic-Convention","potentialAction":[{"@type":"SearchAction","target":{"@type":"EntryPoint","urlTemplate":"https:\/\/www.aninite.at\/ja\/?s={search_term_string}"},"query-input":{"@type":"PropertyValueSpecification","valueRequired":true,"valueName":"search_term_string"}}],"inLanguage":"ja"}]}},"acf":[],"_links":{"self":[{"href":"https:\/\/www.aninite.at\/ja\/wp-json\/wp\/v2\/pages\/33998","targetHints":{"allow":["GET"]}}],"collection":[{"href":"https:\/\/www.aninite.at\/ja\/wp-json\/wp\/v2\/pages"}],"about":[{"href":"https:\/\/www.aninite.at\/ja\/wp-json\/wp\/v2\/types\/page"}],"author":[{"embeddable":true,"href":"https:\/\/www.aninite.at\/ja\/wp-json\/wp\/v2\/users\/13"}],"replies":[{"embeddable":true,"href":"https:\/\/www.aninite.at\/ja\/wp-json\/wp\/v2\/comments?post=33998"}],"version-history":[{"count":4,"href":"https:\/\/www.aninite.at\/ja\/wp-json\/wp\/v2\/pages\/33998\/revisions"}],"predecessor-version":[{"id":34269,"href":"https:\/\/www.aninite.at\/ja\/wp-json\/wp\/v2\/pages\/33998\/revisions\/34269"}],"wp:attachment":[{"href":"https:\/\/www.aninite.at\/ja\/wp-json\/wp\/v2\/media?parent=33998"}],"curies":[{"name":"wp","href":"https:\/\/api.w.org\/{rel}","templated":true}]}}