{"id":34011,"date":"2025-07-13T22:05:36","date_gmt":"2025-07-13T20:05:36","guid":{"rendered":"https:\/\/www.aninite.at\/vortraege-workshops-tinyfufu\/"},"modified":"2025-07-16T10:47:16","modified_gmt":"2025-07-16T08:47:16","slug":"vortraege-workshops-tinyfufu","status":"publish","type":"page","link":"https:\/\/www.aninite.at\/ja\/vortraege-workshops-tinyfufu\/","title":{"rendered":"\u30ec\u30af\u30c1\u30e3\u30fc\uff06\u30ef\u30fc\u30af\u30b7\u30e7\u30c3\u30d7 - Tinyfufu"},"content":{"rendered":"\n<figure class=\"wp-block-image size-large is-resized\"><img loading=\"lazy\" decoding=\"async\" width=\"1024\" height=\"746\" src=\"https:\/\/www.aninite.at\/wp-content\/uploads\/\/IMG-20250513-WA0008-1024x746.jpg\" alt=\"\" class=\"wp-image-33778\" style=\"width:389px;height:auto\" srcset=\"https:\/\/www.aninite.at\/wp-content\/uploads\/IMG-20250513-WA0008-1024x746.jpg 1024w, https:\/\/www.aninite.at\/wp-content\/uploads\/IMG-20250513-WA0008-300x219.jpg 300w, https:\/\/www.aninite.at\/wp-content\/uploads\/IMG-20250513-WA0008-768x560.jpg 768w, https:\/\/www.aninite.at\/wp-content\/uploads\/IMG-20250513-WA0008-1536x1119.jpg 1536w, https:\/\/www.aninite.at\/wp-content\/uploads\/IMG-20250513-WA0008-1140x831.jpg 1140w, https:\/\/www.aninite.at\/wp-content\/uploads\/IMG-20250513-WA0008.jpg 1766w\" sizes=\"auto, (max-width: 1024px) 100vw, 1024px\" \/><\/figure>\n\n<h2 class=\"wp-block-heading\"><em><mark style=\"background-color:rgba(0, 0, 0, 0)\" class=\"has-inline-color has-vivid-red-color\">\u30b3\u30f3\u30af\u30e9\u30f3\u30c1\u306e\u4f5c\u308a\u65b9<\/mark><\/em><\/h2>\n\n<p><em><mark style=\"background-color:rgba(0, 0, 0, 0)\" class=\"has-inline-color has-vivid-red-color\">\u91d1\u66dc\u65e5 12:15 - 13:15 - 0.31\u53f7\u5ba4<\/mark><\/em><\/p>\n\n<p>\u30a2\u30cb\u30cb\u30c6\u304c\u9593\u8fd1\u306b\u8feb\u3063\u3066\u3044\u308b\u306e\u306b\u3001\u30b3\u30b9\u30d7\u30ec\u306e\u6e96\u5099\u306f\u307e\u3060\u3067\u304d\u3066\u3044\u306a\u3044\u3002\u30a8\u30ca\u30b8\u30fc\u30c9\u30ea\u30f3\u30af\u3084\u30b3\u30fc\u30d2\u30fc\u3092\u98f2\u307f\u306a\u304c\u3089\u3001\u533b\u8005\u304c\u6765\u308b\u307e\u3067\u306e\u9593\u3001\u7e2b\u3063\u305f\u308a\u3001\u524a\u3063\u305f\u308a\u3001\u7cca\u4ed8\u3051\u3057\u305f\u308a\u3001\u7d75\u3092\u63cf\u3044\u305f\u308a\u3059\u308b\u306e\u3060\u3002\u3067\u3082\u3001\u3069\u3046\u3059\u308c\u3070\u6b21\u306f\u3082\u3063\u3068\u65e9\u304f\u3001\u5c11\u306a\u304f\u3068\u3082\u3082\u3046\u5c11\u3057\u30b9\u30c8\u30ec\u30b9\u306a\u304f\u4ed5\u4e0a\u3052\u308b\u3053\u3068\u304c\u3067\u304d\u308b\u306e\u3060\u308d\u3046\uff1f\u305d\u308c\u306a\u3089\u3001\u3053\u306e\u30ef\u30fc\u30af\u30b7\u30e7\u30c3\u30d7\u304c\u3046\u3063\u3066\u3064\u3051\u3060\u3002\u30e2\u30c1\u30d9\u30fc\u30b7\u30e7\u30f3\u3092\u4fdd\u3064\u306b\u306f\u3069\u3046\u3057\u305f\u3089\u3044\u3044\u306e\u304b\u300d\u3001\u300c\u4f1a\u5834\u3067\u30be\u30f3\u30d3\u306b\u306a\u3089\u306a\u3044\u3088\u3046\u306b\u3059\u308b\u306b\u306f\u3069\u3046\u3057\u305f\u3089\u3044\u3044\u306e\u304b\u300d\u3001\u300c\u30bb\u30e1\u30f3\u30c8\u306e\u84b8\u6c17\u3092\u5438\u3044\u8fbc\u3080\u306e\u306f\u3044\u3064\u306b\u306a\u3063\u305f\u3089\u3044\u3044\u306e\u304b\u300d\u3068\u3044\u3063\u305f\u30c8\u30d4\u30c3\u30af\u304c\u3053\u3053\u3067\u8a71\u3057\u5408\u308f\u308c\u308b\u3002\u3053\u308c\u3089\u306e\u30d2\u30f3\u30c8\u3084\u30b3\u30c4\u304c\u3001\u6700\u60aa\u306e\u30d4\u30f3\u30c1\u3092\u3088\u308a\u8010\u3048\u3084\u3059\u304f\u3057\u3001\u305b\u3044\u305c\u3044\u30b3\u30f3\u524d\u65e5\u306e\u591c\u52e4\u3092\u6551\u3063\u3066\u304f\u308c\u308b\u3053\u3068\u3092\u9858\u3063\u3066\u3044\u308b\u3002      <\/p>\n\n<p><strong>\u6240\u8981\u6642\u9593\uff1a<\/strong><br\/>1\u6642\u9593<\/p>\n\n<p><strong>\u30bd\u30fc\u30b7\u30e3\u30eb\u30e1\u30c7\u30a3\u30a2<\/strong><br\/><a href=\"https:\/\/www.instagram.com\/tinyfufu\/\" target=\"_blank\" rel=\"noreferrer noopener\">https:\/\/www.instagram.com\/tinyfufu\/<\/a><\/p>\n\n<p><\/p>\n","protected":false},"excerpt":{"rendered":"<p>\u30b3\u30f3\u30af\u30e9\u30f3\u30c1\u306e\u4f5c\u308a\u65b9 \u91d1\u66dc\u65e5 12:15 - 13:15 - 0.31\u53f7\u5ba4 \u30a2\u30cb\u30cb\u30c6\u304c\u9593\u8fd1\u306b\u8feb\u3063\u3066\u3044\u308b\u306e\u306b\u3001\u30b3\u30b9\u30d7\u30ec\u306e\u6e96\u5099\u306f\u307e\u3060\u3067\u304d\u3066\u3044\u306a\u3044\u3002\u30a8\u30ca\u30b8\u30fc\u30c9\u30ea\u30f3\u30af\u3084\u30b3\u30fc\u30d2\u30fc\u3092\u98f2\u307f\u306a\u304c\u3089\u3001\u533b\u8005\u304c\u6765\u308b\u307e\u3067\u306e\u9593\u3001\u7e2b\u3063\u305f\u308a\u3001\u524a\u3063\u305f\u308a\u3001\u7cca\u4ed8\u3051\u3057\u305f\u308a\u3001\u7d75\u3092\u63cf\u3044\u305f\u308a\u3059\u308b\u306e\u3060\u3002\u3067\u3082\u3001\u3069\u3046\u3059\u308c\u3070\u6b21\u306f\u3082\u3063\u3068\u65e9\u304f\u3001\u5c11\u306a\u304f\u3068\u3082\u3082\u3046\u5c11\u3057\u30b9\u30c8\u30ec\u30b9\u306a\u304f\u4ed5\u4e0a\u3052\u308b\u3053\u3068\u304c\u3067\u304d\u308b\u306e\u3060\u308d\u3046\uff1f\u305d\u308c\u306a\u3089\u3001\u3053\u306e\u30ef\u30fc\u30af\u30b7\u30e7\u30c3\u30d7\u304c\u3046\u3063\u3066\u3064\u3051\u3060\u3002\u30e2\u30c1\u30d9\u30fc\u30b7\u30e7\u30f3\u3092\u4fdd\u3064\u306b\u306f\u3069\u3046\u3057\u305f\u3089\u3044\u3044\u306e\u304b\u300d\u3001\u300c\u4f1a\u5834\u3067\u30be\u30f3\u30d3\u306b\u306a\u3089\u306a\u3044\u3088\u3046\u306b\u3059\u308b\u306b\u306f\u3069\u3046\u3057\u305f\u3089\u3044\u3044\u306e\u304b\u300d\u3001\u300c\u30bb\u30e1\u30f3\u30c8\u306e\u84b8\u6c17\u3092\u5438\u3044\u8fbc\u3080\u306e\u306f\u3044\u3064\u306b\u306a\u3063\u305f\u3089\u3044\u3044\u306e\u304b\u300d\u3068\u3044\u3063\u305f\u30c8\u30d4\u30c3\u30af\u304c\u3053\u3053\u3067\u8a71\u3057\u5408\u308f\u308c\u308b\u3002\u3053\u308c\u3089\u306e\u30d2\u30f3\u30c8\u3084\u30b3\u30c4\u304c\u3001\u6700\u60aa\u306e\u30d4\u30f3\u30c1\u3092\u3088\u308a\u8010\u3048\u3084\u3059\u304f\u3057\u3001\u305b\u3044\u305c\u3044\u30b3\u30f3\u524d\u65e5\u306e\u591c\u52e4\u3092\u6551\u3063\u3066\u304f\u308c\u308b\u3053\u3068\u3092\u9858\u3063\u3066\u3044\u308b\u3002 \u6240\u8981\u6642\u9593\uff1a1\u6642\u9593 \u30bd\u30fc\u30b7\u30e3\u30eb\u30e1\u30c7\u30a3\u30a2https:\/\/www.instagram.com\/tinyfufu\/<\/p>\n","protected":false},"author":13,"featured_media":0,"parent":0,"menu_order":0,"comment_status":"closed","ping_status":"closed","template":"","meta":{"inline_featured_image":false,"footnotes":""},"class_list":["post-34011","page","type-page","status-publish","hentry"],"yoast_head":"<!-- This site is optimized with the Yoast SEO plugin v27.5 - https:\/\/yoast.com\/product\/yoast-seo-wordpress\/ -->\n<title>\u30ec\u30af\u30c1\u30e3\u30fc\uff06\u30ef\u30fc\u30af\u30b7\u30e7\u30c3\u30d7 - Tinyfufu - AniNite<\/title>\n<meta name=\"robots\" content=\"index, follow, max-snippet:-1, max-image-preview:large, max-video-preview:-1\" \/>\n<link rel=\"canonical\" href=\"https:\/\/www.aninite.at\/ja\/vortraege-workshops-tinyfufu\/\" \/>\n<meta property=\"og:locale\" content=\"ja_JP\" \/>\n<meta property=\"og:type\" content=\"article\" \/>\n<meta property=\"og:title\" content=\"\u30ec\u30af\u30c1\u30e3\u30fc\uff06\u30ef\u30fc\u30af\u30b7\u30e7\u30c3\u30d7 - Tinyfufu - AniNite\" \/>\n<meta property=\"og:description\" content=\"\u30b3\u30f3\u30af\u30e9\u30f3\u30c1\u306e\u4f5c\u308a\u65b9 \u91d1\u66dc\u65e5 12:15 - 13:15 - 0.31\u53f7\u5ba4 \u30a2\u30cb\u30cb\u30c6\u304c\u9593\u8fd1\u306b\u8feb\u3063\u3066\u3044\u308b\u306e\u306b\u3001\u30b3\u30b9\u30d7\u30ec\u306e\u6e96\u5099\u306f\u307e\u3060\u3067\u304d\u3066\u3044\u306a\u3044\u3002\u30a8\u30ca\u30b8\u30fc\u30c9\u30ea\u30f3\u30af\u3084\u30b3\u30fc\u30d2\u30fc\u3092\u98f2\u307f\u306a\u304c\u3089\u3001\u533b\u8005\u304c\u6765\u308b\u307e\u3067\u306e\u9593\u3001\u7e2b\u3063\u305f\u308a\u3001\u524a\u3063\u305f\u308a\u3001\u7cca\u4ed8\u3051\u3057\u305f\u308a\u3001\u7d75\u3092\u63cf\u3044\u305f\u308a\u3059\u308b\u306e\u3060\u3002\u3067\u3082\u3001\u3069\u3046\u3059\u308c\u3070\u6b21\u306f\u3082\u3063\u3068\u65e9\u304f\u3001\u5c11\u306a\u304f\u3068\u3082\u3082\u3046\u5c11\u3057\u30b9\u30c8\u30ec\u30b9\u306a\u304f\u4ed5\u4e0a\u3052\u308b\u3053\u3068\u304c\u3067\u304d\u308b\u306e\u3060\u308d\u3046\uff1f\u305d\u308c\u306a\u3089\u3001\u3053\u306e\u30ef\u30fc\u30af\u30b7\u30e7\u30c3\u30d7\u304c\u3046\u3063\u3066\u3064\u3051\u3060\u3002\u30e2\u30c1\u30d9\u30fc\u30b7\u30e7\u30f3\u3092\u4fdd\u3064\u306b\u306f\u3069\u3046\u3057\u305f\u3089\u3044\u3044\u306e\u304b\u300d\u3001\u300c\u4f1a\u5834\u3067\u30be\u30f3\u30d3\u306b\u306a\u3089\u306a\u3044\u3088\u3046\u306b\u3059\u308b\u306b\u306f\u3069\u3046\u3057\u305f\u3089\u3044\u3044\u306e\u304b\u300d\u3001\u300c\u30bb\u30e1\u30f3\u30c8\u306e\u84b8\u6c17\u3092\u5438\u3044\u8fbc\u3080\u306e\u306f\u3044\u3064\u306b\u306a\u3063\u305f\u3089\u3044\u3044\u306e\u304b\u300d\u3068\u3044\u3063\u305f\u30c8\u30d4\u30c3\u30af\u304c\u3053\u3053\u3067\u8a71\u3057\u5408\u308f\u308c\u308b\u3002\u3053\u308c\u3089\u306e\u30d2\u30f3\u30c8\u3084\u30b3\u30c4\u304c\u3001\u6700\u60aa\u306e\u30d4\u30f3\u30c1\u3092\u3088\u308a\u8010\u3048\u3084\u3059\u304f\u3057\u3001\u305b\u3044\u305c\u3044\u30b3\u30f3\u524d\u65e5\u306e\u591c\u52e4\u3092\u6551\u3063\u3066\u304f\u308c\u308b\u3053\u3068\u3092\u9858\u3063\u3066\u3044\u308b\u3002 \u6240\u8981\u6642\u9593\uff1a1\u6642\u9593 \u30bd\u30fc\u30b7\u30e3\u30eb\u30e1\u30c7\u30a3\u30a2https:\/\/www.instagram.com\/tinyfufu\/\" \/>\n<meta property=\"og:url\" content=\"https:\/\/www.aninite.at\/ja\/vortraege-workshops-tinyfufu\/\" \/>\n<meta property=\"og:site_name\" content=\"AniNite\" \/>\n<meta property=\"article:publisher\" content=\"https:\/\/www.facebook.com\/AniMangaAustria\" \/>\n<meta property=\"article:modified_time\" content=\"2025-07-16T08:47:16+00:00\" \/>\n<meta property=\"og:image\" content=\"https:\/\/www.aninite.at\/wp-content\/uploads\/IMG-20250513-WA0008.jpg\" \/>\n\t<meta property=\"og:image:width\" content=\"1766\" \/>\n\t<meta property=\"og:image:height\" content=\"1287\" \/>\n\t<meta property=\"og:image:type\" content=\"image\/jpeg\" \/>\n<meta name=\"twitter:card\" content=\"summary_large_image\" \/>\n<script type=\"application\/ld+json\" class=\"yoast-schema-graph\">{\"@context\":\"https:\\\/\\\/schema.org\",\"@graph\":[{\"@type\":\"WebPage\",\"@id\":\"https:\\\/\\\/www.aninite.at\\\/ja\\\/vortraege-workshops-tinyfufu\\\/\",\"url\":\"https:\\\/\\\/www.aninite.at\\\/ja\\\/vortraege-workshops-tinyfufu\\\/\",\"name\":\"\u30ec\u30af\u30c1\u30e3\u30fc\uff06\u30ef\u30fc\u30af\u30b7\u30e7\u30c3\u30d7 - Tinyfufu - AniNite\",\"isPartOf\":{\"@id\":\"https:\\\/\\\/www.aninite.at\\\/ja\\\/#website\"},\"primaryImageOfPage\":{\"@id\":\"https:\\\/\\\/www.aninite.at\\\/ja\\\/vortraege-workshops-tinyfufu\\\/#primaryimage\"},\"image\":{\"@id\":\"https:\\\/\\\/www.aninite.at\\\/ja\\\/vortraege-workshops-tinyfufu\\\/#primaryimage\"},\"thumbnailUrl\":\"https:\\\/\\\/www.aninite.at\\\/wp-content\\\/uploads\\\/\\\/IMG-20250513-WA0008-1024x746.jpg\",\"datePublished\":\"2025-07-13T20:05:36+00:00\",\"dateModified\":\"2025-07-16T08:47:16+00:00\",\"breadcrumb\":{\"@id\":\"https:\\\/\\\/www.aninite.at\\\/ja\\\/vortraege-workshops-tinyfufu\\\/#breadcrumb\"},\"inLanguage\":\"ja\",\"potentialAction\":[{\"@type\":\"ReadAction\",\"target\":[\"https:\\\/\\\/www.aninite.at\\\/ja\\\/vortraege-workshops-tinyfufu\\\/\"]}]},{\"@type\":\"ImageObject\",\"inLanguage\":\"ja\",\"@id\":\"https:\\\/\\\/www.aninite.at\\\/ja\\\/vortraege-workshops-tinyfufu\\\/#primaryimage\",\"url\":\"https:\\\/\\\/www.aninite.at\\\/wp-content\\\/uploads\\\/\\\/IMG-20250513-WA0008-1024x746.jpg\",\"contentUrl\":\"https:\\\/\\\/www.aninite.at\\\/wp-content\\\/uploads\\\/\\\/IMG-20250513-WA0008-1024x746.jpg\"},{\"@type\":\"BreadcrumbList\",\"@id\":\"https:\\\/\\\/www.aninite.at\\\/ja\\\/vortraege-workshops-tinyfufu\\\/#breadcrumb\",\"itemListElement\":[{\"@type\":\"ListItem\",\"position\":1,\"name\":\"Startseite\",\"item\":\"https:\\\/\\\/www.aninite.at\\\/ja\\\/willkommen\\\/\"},{\"@type\":\"ListItem\",\"position\":2,\"name\":\"\u30ec\u30af\u30c1\u30e3\u30fc\uff06\u30ef\u30fc\u30af\u30b7\u30e7\u30c3\u30d7 &#8211; Tinyfufu\"}]},{\"@type\":\"WebSite\",\"@id\":\"https:\\\/\\\/www.aninite.at\\\/ja\\\/#website\",\"url\":\"https:\\\/\\\/www.aninite.at\\\/ja\\\/\",\"name\":\"AniNite\",\"description\":\"\u00d6sterreichs gr\u00f6\u00dfte Anime-, Manga- und Comic-Convention\",\"potentialAction\":[{\"@type\":\"SearchAction\",\"target\":{\"@type\":\"EntryPoint\",\"urlTemplate\":\"https:\\\/\\\/www.aninite.at\\\/ja\\\/?s={search_term_string}\"},\"query-input\":{\"@type\":\"PropertyValueSpecification\",\"valueRequired\":true,\"valueName\":\"search_term_string\"}}],\"inLanguage\":\"ja\"}]}<\/script>\n<!-- \/ Yoast SEO plugin. -->","yoast_head_json":{"title":"\u30ec\u30af\u30c1\u30e3\u30fc\uff06\u30ef\u30fc\u30af\u30b7\u30e7\u30c3\u30d7 - Tinyfufu - AniNite","robots":{"index":"index","follow":"follow","max-snippet":"max-snippet:-1","max-image-preview":"max-image-preview:large","max-video-preview":"max-video-preview:-1"},"canonical":"https:\/\/www.aninite.at\/ja\/vortraege-workshops-tinyfufu\/","og_locale":"ja_JP","og_type":"article","og_title":"\u30ec\u30af\u30c1\u30e3\u30fc\uff06\u30ef\u30fc\u30af\u30b7\u30e7\u30c3\u30d7 - Tinyfufu - AniNite","og_description":"\u30b3\u30f3\u30af\u30e9\u30f3\u30c1\u306e\u4f5c\u308a\u65b9 \u91d1\u66dc\u65e5 12:15 - 13:15 - 0.31\u53f7\u5ba4 \u30a2\u30cb\u30cb\u30c6\u304c\u9593\u8fd1\u306b\u8feb\u3063\u3066\u3044\u308b\u306e\u306b\u3001\u30b3\u30b9\u30d7\u30ec\u306e\u6e96\u5099\u306f\u307e\u3060\u3067\u304d\u3066\u3044\u306a\u3044\u3002\u30a8\u30ca\u30b8\u30fc\u30c9\u30ea\u30f3\u30af\u3084\u30b3\u30fc\u30d2\u30fc\u3092\u98f2\u307f\u306a\u304c\u3089\u3001\u533b\u8005\u304c\u6765\u308b\u307e\u3067\u306e\u9593\u3001\u7e2b\u3063\u305f\u308a\u3001\u524a\u3063\u305f\u308a\u3001\u7cca\u4ed8\u3051\u3057\u305f\u308a\u3001\u7d75\u3092\u63cf\u3044\u305f\u308a\u3059\u308b\u306e\u3060\u3002\u3067\u3082\u3001\u3069\u3046\u3059\u308c\u3070\u6b21\u306f\u3082\u3063\u3068\u65e9\u304f\u3001\u5c11\u306a\u304f\u3068\u3082\u3082\u3046\u5c11\u3057\u30b9\u30c8\u30ec\u30b9\u306a\u304f\u4ed5\u4e0a\u3052\u308b\u3053\u3068\u304c\u3067\u304d\u308b\u306e\u3060\u308d\u3046\uff1f\u305d\u308c\u306a\u3089\u3001\u3053\u306e\u30ef\u30fc\u30af\u30b7\u30e7\u30c3\u30d7\u304c\u3046\u3063\u3066\u3064\u3051\u3060\u3002\u30e2\u30c1\u30d9\u30fc\u30b7\u30e7\u30f3\u3092\u4fdd\u3064\u306b\u306f\u3069\u3046\u3057\u305f\u3089\u3044\u3044\u306e\u304b\u300d\u3001\u300c\u4f1a\u5834\u3067\u30be\u30f3\u30d3\u306b\u306a\u3089\u306a\u3044\u3088\u3046\u306b\u3059\u308b\u306b\u306f\u3069\u3046\u3057\u305f\u3089\u3044\u3044\u306e\u304b\u300d\u3001\u300c\u30bb\u30e1\u30f3\u30c8\u306e\u84b8\u6c17\u3092\u5438\u3044\u8fbc\u3080\u306e\u306f\u3044\u3064\u306b\u306a\u3063\u305f\u3089\u3044\u3044\u306e\u304b\u300d\u3068\u3044\u3063\u305f\u30c8\u30d4\u30c3\u30af\u304c\u3053\u3053\u3067\u8a71\u3057\u5408\u308f\u308c\u308b\u3002\u3053\u308c\u3089\u306e\u30d2\u30f3\u30c8\u3084\u30b3\u30c4\u304c\u3001\u6700\u60aa\u306e\u30d4\u30f3\u30c1\u3092\u3088\u308a\u8010\u3048\u3084\u3059\u304f\u3057\u3001\u305b\u3044\u305c\u3044\u30b3\u30f3\u524d\u65e5\u306e\u591c\u52e4\u3092\u6551\u3063\u3066\u304f\u308c\u308b\u3053\u3068\u3092\u9858\u3063\u3066\u3044\u308b\u3002 \u6240\u8981\u6642\u9593\uff1a1\u6642\u9593 \u30bd\u30fc\u30b7\u30e3\u30eb\u30e1\u30c7\u30a3\u30a2https:\/\/www.instagram.com\/tinyfufu\/","og_url":"https:\/\/www.aninite.at\/ja\/vortraege-workshops-tinyfufu\/","og_site_name":"AniNite","article_publisher":"https:\/\/www.facebook.com\/AniMangaAustria","article_modified_time":"2025-07-16T08:47:16+00:00","og_image":[{"width":1766,"height":1287,"url":"https:\/\/www.aninite.at\/wp-content\/uploads\/IMG-20250513-WA0008.jpg","type":"image\/jpeg"}],"twitter_card":"summary_large_image","schema":{"@context":"https:\/\/schema.org","@graph":[{"@type":"WebPage","@id":"https:\/\/www.aninite.at\/ja\/vortraege-workshops-tinyfufu\/","url":"https:\/\/www.aninite.at\/ja\/vortraege-workshops-tinyfufu\/","name":"\u30ec\u30af\u30c1\u30e3\u30fc\uff06\u30ef\u30fc\u30af\u30b7\u30e7\u30c3\u30d7 - Tinyfufu - AniNite","isPartOf":{"@id":"https:\/\/www.aninite.at\/ja\/#website"},"primaryImageOfPage":{"@id":"https:\/\/www.aninite.at\/ja\/vortraege-workshops-tinyfufu\/#primaryimage"},"image":{"@id":"https:\/\/www.aninite.at\/ja\/vortraege-workshops-tinyfufu\/#primaryimage"},"thumbnailUrl":"https:\/\/www.aninite.at\/wp-content\/uploads\/\/IMG-20250513-WA0008-1024x746.jpg","datePublished":"2025-07-13T20:05:36+00:00","dateModified":"2025-07-16T08:47:16+00:00","breadcrumb":{"@id":"https:\/\/www.aninite.at\/ja\/vortraege-workshops-tinyfufu\/#breadcrumb"},"inLanguage":"ja","potentialAction":[{"@type":"ReadAction","target":["https:\/\/www.aninite.at\/ja\/vortraege-workshops-tinyfufu\/"]}]},{"@type":"ImageObject","inLanguage":"ja","@id":"https:\/\/www.aninite.at\/ja\/vortraege-workshops-tinyfufu\/#primaryimage","url":"https:\/\/www.aninite.at\/wp-content\/uploads\/\/IMG-20250513-WA0008-1024x746.jpg","contentUrl":"https:\/\/www.aninite.at\/wp-content\/uploads\/\/IMG-20250513-WA0008-1024x746.jpg"},{"@type":"BreadcrumbList","@id":"https:\/\/www.aninite.at\/ja\/vortraege-workshops-tinyfufu\/#breadcrumb","itemListElement":[{"@type":"ListItem","position":1,"name":"Startseite","item":"https:\/\/www.aninite.at\/ja\/willkommen\/"},{"@type":"ListItem","position":2,"name":"\u30ec\u30af\u30c1\u30e3\u30fc\uff06\u30ef\u30fc\u30af\u30b7\u30e7\u30c3\u30d7 &#8211; Tinyfufu"}]},{"@type":"WebSite","@id":"https:\/\/www.aninite.at\/ja\/#website","url":"https:\/\/www.aninite.at\/ja\/","name":"AniNite","description":"\u00d6sterreichs gr\u00f6\u00dfte Anime-, Manga- und Comic-Convention","potentialAction":[{"@type":"SearchAction","target":{"@type":"EntryPoint","urlTemplate":"https:\/\/www.aninite.at\/ja\/?s={search_term_string}"},"query-input":{"@type":"PropertyValueSpecification","valueRequired":true,"valueName":"search_term_string"}}],"inLanguage":"ja"}]}},"acf":[],"_links":{"self":[{"href":"https:\/\/www.aninite.at\/ja\/wp-json\/wp\/v2\/pages\/34011","targetHints":{"allow":["GET"]}}],"collection":[{"href":"https:\/\/www.aninite.at\/ja\/wp-json\/wp\/v2\/pages"}],"about":[{"href":"https:\/\/www.aninite.at\/ja\/wp-json\/wp\/v2\/types\/page"}],"author":[{"embeddable":true,"href":"https:\/\/www.aninite.at\/ja\/wp-json\/wp\/v2\/users\/13"}],"replies":[{"embeddable":true,"href":"https:\/\/www.aninite.at\/ja\/wp-json\/wp\/v2\/comments?post=34011"}],"version-history":[{"count":1,"href":"https:\/\/www.aninite.at\/ja\/wp-json\/wp\/v2\/pages\/34011\/revisions"}],"predecessor-version":[{"id":34014,"href":"https:\/\/www.aninite.at\/ja\/wp-json\/wp\/v2\/pages\/34011\/revisions\/34014"}],"wp:attachment":[{"href":"https:\/\/www.aninite.at\/ja\/wp-json\/wp\/v2\/media?parent=34011"}],"curies":[{"name":"wp","href":"https:\/\/api.w.org\/{rel}","templated":true}]}}