{"id":34021,"date":"2025-07-13T21:51:34","date_gmt":"2025-07-13T19:51:34","guid":{"rendered":"https:\/\/www.aninite.at\/vortraege-workshops-gina\/"},"modified":"2025-07-19T09:12:18","modified_gmt":"2025-07-19T07:12:18","slug":"vortraege-workshops-gina","status":"publish","type":"page","link":"https:\/\/www.aninite.at\/ja\/vortraege-workshops-gina\/","title":{"rendered":"\u30ec\u30af\u30c1\u30e3\u30fc\uff06\u30ef\u30fc\u30af\u30b7\u30e7\u30c3\u30d7 - \u30b8\u30fc\u30ca"},"content":{"rendered":"\n<figure class=\"wp-block-image size-large is-resized\"><img loading=\"lazy\" decoding=\"async\" width=\"724\" height=\"1024\" src=\"https:\/\/www.aninite.at\/wp-content\/uploads\/\/cover_manga-724x1024.png\" alt=\"\" class=\"wp-image-33757\" style=\"width:228px;height:auto\" srcset=\"https:\/\/www.aninite.at\/wp-content\/uploads\/cover_manga-724x1024.png 724w, https:\/\/www.aninite.at\/wp-content\/uploads\/cover_manga-212x300.png 212w, https:\/\/www.aninite.at\/wp-content\/uploads\/cover_manga-768x1086.png 768w, https:\/\/www.aninite.at\/wp-content\/uploads\/cover_manga-1086x1536.png 1086w, https:\/\/www.aninite.at\/wp-content\/uploads\/cover_manga-1448x2048.png 1448w, https:\/\/www.aninite.at\/wp-content\/uploads\/cover_manga-1140x1612.png 1140w, https:\/\/www.aninite.at\/wp-content\/uploads\/cover_manga-scaled.png 1810w\" sizes=\"auto, (max-width: 724px) 100vw, 724px\" \/><\/figure>\n\n<h2 class=\"wp-block-heading\"><mark style=\"background-color:rgba(0, 0, 0, 0)\" class=\"has-inline-color has-vivid-red-color\"><em>\u30de\u30f3\u30ac\u306e\u30da\u30fc\u30b8\u3092\u5c55\u958b\u3059\u308b<\/em><\/mark><\/h2>\n\n<p><em><mark style=\"background-color:rgba(0, 0, 0, 0)\" class=\"has-inline-color has-vivid-red-color\">\u91d1\u66dc\u65e5 11:00 - 12:00 - 0.31\u53f7\u5ba4<\/mark><\/em><\/p>\n\n<p>\u30de\u30f3\u30ac\u306e\u30da\u30fc\u30b8\u306e\u69cb\u6210\u306f\u5b9f\u306b\u3055\u307e\u3056\u307e\u3067\u3001\u3055\u307e\u3056\u307e\u306a\u7d20\u6750\u3067\u63cf\u304f\u3053\u3068\u304c\u3067\u304d\u308b\u3002\u3053\u306e\u8b1b\u7fa9\u3067\u306f\u3001\u30de\u30f3\u30ac\u30da\u30fc\u30b8\u306e\u30c7\u30b6\u30a4\u30f3\u3001\u9069\u5207\u306a\u30b9\u30c8\u30fc\u30ea\u30fc\u3068\u7d75\u30b3\u30f3\u30c6\u306e\u4f5c\u6210\u306b\u3064\u3044\u3066\u7c21\u5358\u306b\u8aac\u660e\u3059\u308b\u3002\u63cf\u753b\u306b\u4f7f\u7528\u3067\u304d\u308b\u7d20\u6750\u3082\u7d39\u4ecb\u3059\u308b\u3002\u3055\u3089\u306b\u3001\u30b3\u30de\u306e\u5206\u5272\u3001\u30d1\u30fc\u30b9\u306e\u4f7f\u3044\u65b9\u3001\u8868\u60c5\u3001\u52b9\u679c\u97f3\u306b\u3064\u3044\u3066\u3082\u6982\u89b3\u3059\u308b\u3002   <\/p>\n\n<p><strong>\u6240\u8981\u6642\u9593\uff1a<\/strong><br\/>1\u6642\u9593<\/p>\n\n<p><strong>\u30bd\u30fc\u30b7\u30e3\u30eb\u30e1\u30c7\u30a3\u30a2<\/strong><br\/><a href=\"https:\/\/www.instagram.com\/0gina_0\/\" target=\"_blank\" rel=\"noreferrer noopener\">https:\/\/www.instagram.com\/0gina_0\/<\/a><\/p>\n\n<figure class=\"wp-block-gallery has-nested-images columns-default is-cropped wp-block-gallery-1 is-layout-flex wp-block-gallery-is-layout-flex\">\n<figure class=\"wp-block-image size-large\"><img loading=\"lazy\" decoding=\"async\" width=\"1024\" height=\"724\" data-id=\"33769\" src=\"https:\/\/www.aninite.at\/wp-content\/uploads\/\/vortrag1-1024x724.png\" alt=\"\" class=\"wp-image-33769\" srcset=\"https:\/\/www.aninite.at\/wp-content\/uploads\/vortrag1-1024x724.png 1024w, https:\/\/www.aninite.at\/wp-content\/uploads\/vortrag1-300x212.png 300w, https:\/\/www.aninite.at\/wp-content\/uploads\/vortrag1-768x543.png 768w, https:\/\/www.aninite.at\/wp-content\/uploads\/vortrag1-1536x1086.png 1536w, https:\/\/www.aninite.at\/wp-content\/uploads\/vortrag1-2048x1448.png 2048w, https:\/\/www.aninite.at\/wp-content\/uploads\/vortrag1-1140x806.png 1140w\" sizes=\"auto, (max-width: 1024px) 100vw, 1024px\" \/><\/figure>\n\n\n\n<figure class=\"wp-block-image size-large\"><img loading=\"lazy\" decoding=\"async\" width=\"1024\" height=\"724\" data-id=\"33763\" src=\"https:\/\/www.aninite.at\/wp-content\/uploads\/\/vortrag3-1024x724.png\" alt=\"\" class=\"wp-image-33763\" srcset=\"https:\/\/www.aninite.at\/wp-content\/uploads\/vortrag3-1024x724.png 1024w, https:\/\/www.aninite.at\/wp-content\/uploads\/vortrag3-300x212.png 300w, https:\/\/www.aninite.at\/wp-content\/uploads\/vortrag3-768x543.png 768w, https:\/\/www.aninite.at\/wp-content\/uploads\/vortrag3-1536x1086.png 1536w, https:\/\/www.aninite.at\/wp-content\/uploads\/vortrag3-2048x1448.png 2048w, https:\/\/www.aninite.at\/wp-content\/uploads\/vortrag3-1140x806.png 1140w\" sizes=\"auto, (max-width: 1024px) 100vw, 1024px\" \/><\/figure>\n\n\n\n<figure class=\"wp-block-image size-large\"><img loading=\"lazy\" decoding=\"async\" width=\"1024\" height=\"724\" data-id=\"33760\" src=\"https:\/\/www.aninite.at\/wp-content\/uploads\/\/vortrag2-1024x724.png\" alt=\"\" class=\"wp-image-33760\" srcset=\"https:\/\/www.aninite.at\/wp-content\/uploads\/vortrag2-1024x724.png 1024w, https:\/\/www.aninite.at\/wp-content\/uploads\/vortrag2-300x212.png 300w, https:\/\/www.aninite.at\/wp-content\/uploads\/vortrag2-768x543.png 768w, https:\/\/www.aninite.at\/wp-content\/uploads\/vortrag2-1536x1086.png 1536w, https:\/\/www.aninite.at\/wp-content\/uploads\/vortrag2-2048x1448.png 2048w, https:\/\/www.aninite.at\/wp-content\/uploads\/vortrag2-1140x806.png 1140w\" sizes=\"auto, (max-width: 1024px) 100vw, 1024px\" \/><\/figure>\n<\/figure>\n","protected":false},"excerpt":{"rendered":"<p>\u30de\u30f3\u30ac\u306e\u30da\u30fc\u30b8\u3092\u5c55\u958b\u3059\u308b \u91d1\u66dc\u65e5 11:00 - 12:00 - 0.31\u53f7\u5ba4 \u30de\u30f3\u30ac\u306e\u30da\u30fc\u30b8\u306e\u69cb\u6210\u306f\u5b9f\u306b\u3055\u307e\u3056\u307e\u3067\u3001\u3055\u307e\u3056\u307e\u306a\u7d20\u6750\u3067\u63cf\u304f\u3053\u3068\u304c\u3067\u304d\u308b\u3002\u3053\u306e\u8b1b\u7fa9\u3067\u306f\u3001\u30de\u30f3\u30ac\u30da\u30fc\u30b8\u306e\u30c7\u30b6\u30a4\u30f3\u3001\u9069\u5207\u306a\u30b9\u30c8\u30fc\u30ea\u30fc\u3068\u7d75\u30b3\u30f3\u30c6\u306e\u4f5c\u6210\u306b\u3064\u3044\u3066\u7c21\u5358\u306b\u8aac\u660e\u3059\u308b\u3002\u63cf\u753b\u306b\u4f7f\u7528\u3067\u304d\u308b\u7d20\u6750\u3082\u7d39\u4ecb\u3059\u308b\u3002\u3055\u3089\u306b\u3001\u30b3\u30de\u306e\u5206\u5272\u3001\u30d1\u30fc\u30b9\u306e\u4f7f\u3044\u65b9\u3001\u8868\u60c5\u3001\u52b9\u679c\u97f3\u306b\u3064\u3044\u3066\u3082\u6982\u89b3\u3059\u308b\u3002 \u6240\u8981\u6642\u9593\uff1a1\u6642\u9593 \u30bd\u30fc\u30b7\u30e3\u30eb\u30e1\u30c7\u30a3\u30a2https:\/\/www.instagram.com\/0gina_0\/<\/p>\n","protected":false},"author":13,"featured_media":0,"parent":0,"menu_order":0,"comment_status":"closed","ping_status":"closed","template":"","meta":{"inline_featured_image":false,"footnotes":""},"class_list":["post-34021","page","type-page","status-publish","hentry"],"yoast_head":"<!-- This site is optimized with the Yoast SEO plugin v27.5 - https:\/\/yoast.com\/product\/yoast-seo-wordpress\/ -->\n<title>\u30ec\u30af\u30c1\u30e3\u30fc\uff06\u30ef\u30fc\u30af\u30b7\u30e7\u30c3\u30d7 - \u30b8\u30fc\u30ca - AniNite<\/title>\n<meta name=\"robots\" content=\"index, follow, max-snippet:-1, max-image-preview:large, max-video-preview:-1\" \/>\n<link rel=\"canonical\" href=\"https:\/\/www.aninite.at\/ja\/vortraege-workshops-gina\/\" \/>\n<meta property=\"og:locale\" content=\"ja_JP\" \/>\n<meta property=\"og:type\" content=\"article\" \/>\n<meta property=\"og:title\" content=\"\u30ec\u30af\u30c1\u30e3\u30fc\uff06\u30ef\u30fc\u30af\u30b7\u30e7\u30c3\u30d7 - \u30b8\u30fc\u30ca - AniNite\" \/>\n<meta property=\"og:description\" content=\"\u30de\u30f3\u30ac\u306e\u30da\u30fc\u30b8\u3092\u5c55\u958b\u3059\u308b \u91d1\u66dc\u65e5 11:00 - 12:00 - 0.31\u53f7\u5ba4 \u30de\u30f3\u30ac\u306e\u30da\u30fc\u30b8\u306e\u69cb\u6210\u306f\u5b9f\u306b\u3055\u307e\u3056\u307e\u3067\u3001\u3055\u307e\u3056\u307e\u306a\u7d20\u6750\u3067\u63cf\u304f\u3053\u3068\u304c\u3067\u304d\u308b\u3002\u3053\u306e\u8b1b\u7fa9\u3067\u306f\u3001\u30de\u30f3\u30ac\u30da\u30fc\u30b8\u306e\u30c7\u30b6\u30a4\u30f3\u3001\u9069\u5207\u306a\u30b9\u30c8\u30fc\u30ea\u30fc\u3068\u7d75\u30b3\u30f3\u30c6\u306e\u4f5c\u6210\u306b\u3064\u3044\u3066\u7c21\u5358\u306b\u8aac\u660e\u3059\u308b\u3002\u63cf\u753b\u306b\u4f7f\u7528\u3067\u304d\u308b\u7d20\u6750\u3082\u7d39\u4ecb\u3059\u308b\u3002\u3055\u3089\u306b\u3001\u30b3\u30de\u306e\u5206\u5272\u3001\u30d1\u30fc\u30b9\u306e\u4f7f\u3044\u65b9\u3001\u8868\u60c5\u3001\u52b9\u679c\u97f3\u306b\u3064\u3044\u3066\u3082\u6982\u89b3\u3059\u308b\u3002 \u6240\u8981\u6642\u9593\uff1a1\u6642\u9593 \u30bd\u30fc\u30b7\u30e3\u30eb\u30e1\u30c7\u30a3\u30a2https:\/\/www.instagram.com\/0gina_0\/\" \/>\n<meta property=\"og:url\" content=\"https:\/\/www.aninite.at\/ja\/vortraege-workshops-gina\/\" \/>\n<meta property=\"og:site_name\" content=\"AniNite\" \/>\n<meta property=\"article:publisher\" content=\"https:\/\/www.facebook.com\/AniMangaAustria\" \/>\n<meta property=\"article:modified_time\" content=\"2025-07-19T07:12:18+00:00\" \/>\n<meta property=\"og:image\" content=\"https:\/\/www.aninite.at\/wp-content\/uploads\/cover_manga-scaled.png\" \/>\n\t<meta property=\"og:image:width\" content=\"1810\" \/>\n\t<meta property=\"og:image:height\" content=\"2560\" \/>\n\t<meta property=\"og:image:type\" content=\"image\/png\" \/>\n<meta name=\"twitter:card\" content=\"summary_large_image\" \/>\n<script type=\"application\/ld+json\" class=\"yoast-schema-graph\">{\"@context\":\"https:\\\/\\\/schema.org\",\"@graph\":[{\"@type\":\"WebPage\",\"@id\":\"https:\\\/\\\/www.aninite.at\\\/ja\\\/vortraege-workshops-gina\\\/\",\"url\":\"https:\\\/\\\/www.aninite.at\\\/ja\\\/vortraege-workshops-gina\\\/\",\"name\":\"\u30ec\u30af\u30c1\u30e3\u30fc\uff06\u30ef\u30fc\u30af\u30b7\u30e7\u30c3\u30d7 - \u30b8\u30fc\u30ca - AniNite\",\"isPartOf\":{\"@id\":\"https:\\\/\\\/www.aninite.at\\\/ja\\\/#website\"},\"primaryImageOfPage\":{\"@id\":\"https:\\\/\\\/www.aninite.at\\\/ja\\\/vortraege-workshops-gina\\\/#primaryimage\"},\"image\":{\"@id\":\"https:\\\/\\\/www.aninite.at\\\/ja\\\/vortraege-workshops-gina\\\/#primaryimage\"},\"thumbnailUrl\":\"https:\\\/\\\/www.aninite.at\\\/wp-content\\\/uploads\\\/\\\/cover_manga-724x1024.png\",\"datePublished\":\"2025-07-13T19:51:34+00:00\",\"dateModified\":\"2025-07-19T07:12:18+00:00\",\"breadcrumb\":{\"@id\":\"https:\\\/\\\/www.aninite.at\\\/ja\\\/vortraege-workshops-gina\\\/#breadcrumb\"},\"inLanguage\":\"ja\",\"potentialAction\":[{\"@type\":\"ReadAction\",\"target\":[\"https:\\\/\\\/www.aninite.at\\\/ja\\\/vortraege-workshops-gina\\\/\"]}]},{\"@type\":\"ImageObject\",\"inLanguage\":\"ja\",\"@id\":\"https:\\\/\\\/www.aninite.at\\\/ja\\\/vortraege-workshops-gina\\\/#primaryimage\",\"url\":\"https:\\\/\\\/www.aninite.at\\\/wp-content\\\/uploads\\\/\\\/cover_manga-724x1024.png\",\"contentUrl\":\"https:\\\/\\\/www.aninite.at\\\/wp-content\\\/uploads\\\/\\\/cover_manga-724x1024.png\"},{\"@type\":\"BreadcrumbList\",\"@id\":\"https:\\\/\\\/www.aninite.at\\\/ja\\\/vortraege-workshops-gina\\\/#breadcrumb\",\"itemListElement\":[{\"@type\":\"ListItem\",\"position\":1,\"name\":\"Startseite\",\"item\":\"https:\\\/\\\/www.aninite.at\\\/ja\\\/willkommen\\\/\"},{\"@type\":\"ListItem\",\"position\":2,\"name\":\"\u30ec\u30af\u30c1\u30e3\u30fc\uff06\u30ef\u30fc\u30af\u30b7\u30e7\u30c3\u30d7 - \u30b8\u30fc\u30ca\"}]},{\"@type\":\"WebSite\",\"@id\":\"https:\\\/\\\/www.aninite.at\\\/ja\\\/#website\",\"url\":\"https:\\\/\\\/www.aninite.at\\\/ja\\\/\",\"name\":\"AniNite\",\"description\":\"\u00d6sterreichs gr\u00f6\u00dfte Anime-, Manga- und Comic-Convention\",\"potentialAction\":[{\"@type\":\"SearchAction\",\"target\":{\"@type\":\"EntryPoint\",\"urlTemplate\":\"https:\\\/\\\/www.aninite.at\\\/ja\\\/?s={search_term_string}\"},\"query-input\":{\"@type\":\"PropertyValueSpecification\",\"valueRequired\":true,\"valueName\":\"search_term_string\"}}],\"inLanguage\":\"ja\"}]}<\/script>\n<!-- \/ Yoast SEO plugin. -->","yoast_head_json":{"title":"\u30ec\u30af\u30c1\u30e3\u30fc\uff06\u30ef\u30fc\u30af\u30b7\u30e7\u30c3\u30d7 - \u30b8\u30fc\u30ca - AniNite","robots":{"index":"index","follow":"follow","max-snippet":"max-snippet:-1","max-image-preview":"max-image-preview:large","max-video-preview":"max-video-preview:-1"},"canonical":"https:\/\/www.aninite.at\/ja\/vortraege-workshops-gina\/","og_locale":"ja_JP","og_type":"article","og_title":"\u30ec\u30af\u30c1\u30e3\u30fc\uff06\u30ef\u30fc\u30af\u30b7\u30e7\u30c3\u30d7 - \u30b8\u30fc\u30ca - AniNite","og_description":"\u30de\u30f3\u30ac\u306e\u30da\u30fc\u30b8\u3092\u5c55\u958b\u3059\u308b \u91d1\u66dc\u65e5 11:00 - 12:00 - 0.31\u53f7\u5ba4 \u30de\u30f3\u30ac\u306e\u30da\u30fc\u30b8\u306e\u69cb\u6210\u306f\u5b9f\u306b\u3055\u307e\u3056\u307e\u3067\u3001\u3055\u307e\u3056\u307e\u306a\u7d20\u6750\u3067\u63cf\u304f\u3053\u3068\u304c\u3067\u304d\u308b\u3002\u3053\u306e\u8b1b\u7fa9\u3067\u306f\u3001\u30de\u30f3\u30ac\u30da\u30fc\u30b8\u306e\u30c7\u30b6\u30a4\u30f3\u3001\u9069\u5207\u306a\u30b9\u30c8\u30fc\u30ea\u30fc\u3068\u7d75\u30b3\u30f3\u30c6\u306e\u4f5c\u6210\u306b\u3064\u3044\u3066\u7c21\u5358\u306b\u8aac\u660e\u3059\u308b\u3002\u63cf\u753b\u306b\u4f7f\u7528\u3067\u304d\u308b\u7d20\u6750\u3082\u7d39\u4ecb\u3059\u308b\u3002\u3055\u3089\u306b\u3001\u30b3\u30de\u306e\u5206\u5272\u3001\u30d1\u30fc\u30b9\u306e\u4f7f\u3044\u65b9\u3001\u8868\u60c5\u3001\u52b9\u679c\u97f3\u306b\u3064\u3044\u3066\u3082\u6982\u89b3\u3059\u308b\u3002 \u6240\u8981\u6642\u9593\uff1a1\u6642\u9593 \u30bd\u30fc\u30b7\u30e3\u30eb\u30e1\u30c7\u30a3\u30a2https:\/\/www.instagram.com\/0gina_0\/","og_url":"https:\/\/www.aninite.at\/ja\/vortraege-workshops-gina\/","og_site_name":"AniNite","article_publisher":"https:\/\/www.facebook.com\/AniMangaAustria","article_modified_time":"2025-07-19T07:12:18+00:00","og_image":[{"width":1810,"height":2560,"url":"https:\/\/www.aninite.at\/wp-content\/uploads\/cover_manga-scaled.png","type":"image\/png"}],"twitter_card":"summary_large_image","schema":{"@context":"https:\/\/schema.org","@graph":[{"@type":"WebPage","@id":"https:\/\/www.aninite.at\/ja\/vortraege-workshops-gina\/","url":"https:\/\/www.aninite.at\/ja\/vortraege-workshops-gina\/","name":"\u30ec\u30af\u30c1\u30e3\u30fc\uff06\u30ef\u30fc\u30af\u30b7\u30e7\u30c3\u30d7 - \u30b8\u30fc\u30ca - AniNite","isPartOf":{"@id":"https:\/\/www.aninite.at\/ja\/#website"},"primaryImageOfPage":{"@id":"https:\/\/www.aninite.at\/ja\/vortraege-workshops-gina\/#primaryimage"},"image":{"@id":"https:\/\/www.aninite.at\/ja\/vortraege-workshops-gina\/#primaryimage"},"thumbnailUrl":"https:\/\/www.aninite.at\/wp-content\/uploads\/\/cover_manga-724x1024.png","datePublished":"2025-07-13T19:51:34+00:00","dateModified":"2025-07-19T07:12:18+00:00","breadcrumb":{"@id":"https:\/\/www.aninite.at\/ja\/vortraege-workshops-gina\/#breadcrumb"},"inLanguage":"ja","potentialAction":[{"@type":"ReadAction","target":["https:\/\/www.aninite.at\/ja\/vortraege-workshops-gina\/"]}]},{"@type":"ImageObject","inLanguage":"ja","@id":"https:\/\/www.aninite.at\/ja\/vortraege-workshops-gina\/#primaryimage","url":"https:\/\/www.aninite.at\/wp-content\/uploads\/\/cover_manga-724x1024.png","contentUrl":"https:\/\/www.aninite.at\/wp-content\/uploads\/\/cover_manga-724x1024.png"},{"@type":"BreadcrumbList","@id":"https:\/\/www.aninite.at\/ja\/vortraege-workshops-gina\/#breadcrumb","itemListElement":[{"@type":"ListItem","position":1,"name":"Startseite","item":"https:\/\/www.aninite.at\/ja\/willkommen\/"},{"@type":"ListItem","position":2,"name":"\u30ec\u30af\u30c1\u30e3\u30fc\uff06\u30ef\u30fc\u30af\u30b7\u30e7\u30c3\u30d7 - \u30b8\u30fc\u30ca"}]},{"@type":"WebSite","@id":"https:\/\/www.aninite.at\/ja\/#website","url":"https:\/\/www.aninite.at\/ja\/","name":"AniNite","description":"\u00d6sterreichs gr\u00f6\u00dfte Anime-, Manga- und Comic-Convention","potentialAction":[{"@type":"SearchAction","target":{"@type":"EntryPoint","urlTemplate":"https:\/\/www.aninite.at\/ja\/?s={search_term_string}"},"query-input":{"@type":"PropertyValueSpecification","valueRequired":true,"valueName":"search_term_string"}}],"inLanguage":"ja"}]}},"acf":[],"_links":{"self":[{"href":"https:\/\/www.aninite.at\/ja\/wp-json\/wp\/v2\/pages\/34021","targetHints":{"allow":["GET"]}}],"collection":[{"href":"https:\/\/www.aninite.at\/ja\/wp-json\/wp\/v2\/pages"}],"about":[{"href":"https:\/\/www.aninite.at\/ja\/wp-json\/wp\/v2\/types\/page"}],"author":[{"embeddable":true,"href":"https:\/\/www.aninite.at\/ja\/wp-json\/wp\/v2\/users\/13"}],"replies":[{"embeddable":true,"href":"https:\/\/www.aninite.at\/ja\/wp-json\/wp\/v2\/comments?post=34021"}],"version-history":[{"count":2,"href":"https:\/\/www.aninite.at\/ja\/wp-json\/wp\/v2\/pages\/34021\/revisions"}],"predecessor-version":[{"id":34239,"href":"https:\/\/www.aninite.at\/ja\/wp-json\/wp\/v2\/pages\/34021\/revisions\/34239"}],"wp:attachment":[{"href":"https:\/\/www.aninite.at\/ja\/wp-json\/wp\/v2\/media?parent=34021"}],"curies":[{"name":"wp","href":"https:\/\/api.w.org\/{rel}","templated":true}]}}