{"id":34025,"date":"2025-07-13T22:22:58","date_gmt":"2025-07-13T20:22:58","guid":{"rendered":"https:\/\/www.aninite.at\/vortraege-workshops-kiako\/"},"modified":"2025-07-19T09:16:49","modified_gmt":"2025-07-19T07:16:49","slug":"vortraege-workshops-kiako","status":"publish","type":"page","link":"https:\/\/www.aninite.at\/ja\/vortraege-workshops-kiako\/","title":{"rendered":"\u30ec\u30af\u30c1\u30e3\u30fc\uff06\u30ef\u30fc\u30af\u30b7\u30e7\u30c3\u30d7 - Kiako"},"content":{"rendered":"\n<figure class=\"wp-block-image size-large is-resized\"><img loading=\"lazy\" decoding=\"async\" width=\"768\" height=\"1024\" src=\"https:\/\/www.aninite.at\/wp-content\/uploads\/\/tokiogameshow_booth-768x1024.jpg\" alt=\"\" class=\"wp-image-33789\" style=\"width:382px;height:auto\" srcset=\"https:\/\/www.aninite.at\/wp-content\/uploads\/tokiogameshow_booth-768x1024.jpg 768w, https:\/\/www.aninite.at\/wp-content\/uploads\/tokiogameshow_booth-225x300.jpg 225w, https:\/\/www.aninite.at\/wp-content\/uploads\/tokiogameshow_booth-1152x1536.jpg 1152w, https:\/\/www.aninite.at\/wp-content\/uploads\/tokiogameshow_booth-1536x2048.jpg 1536w, https:\/\/www.aninite.at\/wp-content\/uploads\/tokiogameshow_booth-1140x1520.jpg 1140w, https:\/\/www.aninite.at\/wp-content\/uploads\/tokiogameshow_booth-scaled.jpg 1920w\" sizes=\"auto, (max-width: 768px) 100vw, 768px\" \/><\/figure>\n\n<h2 class=\"wp-block-heading\"><mark style=\"background-color:rgba(0, 0, 0, 0)\" class=\"has-inline-color has-vivid-red-color\"><em>\u30b2\u30fc\u30e0\u958b\u767a\u3078\u306e\u6d1e\u5bdf<\/em><\/mark><\/h2>\n\n<p><em><mark style=\"background-color:rgba(0, 0, 0, 0)\" class=\"has-inline-color has-vivid-red-color\">\u91d1\u66dc\u65e5 15:15 - 16:15 - 0.31\u53f7\u5ba4<\/mark><\/em><\/p>\n\n<p>\u30b3\u30f3\u30d4\u30e5\u30fc\u30bf\u30fc\u30b2\u30fc\u30e0\u306f\u3001\u4eca\u65e5\u3001\u79c1\u305f\u3061\u306e\u793e\u4f1a\u306e\u5927\u304d\u306a\u90e8\u5206\u3092\u5360\u3081\u3066\u3044\u308b\u3002\u79c1\u306f\u30b7\u30cb\u30a2\u30b2\u30fc\u30e0\u30c7\u30b6\u30a4\u30ca\u30fc\u3068\u3057\u3066\u3001\u904e\u53bb10\u5e74\u9593\u3001\u30e2\u30d0\u30a4\u30eb\u30b2\u30fc\u30e0\u304b\u3089\u3059\u3079\u3066\u306e\u4e3b\u8981\u30b2\u30fc\u30e0\u6a5f\u3084PC\u306e\u30d2\u30c3\u30c8\u30bf\u30a4\u30c8\u30eb\u307e\u3067\u3001\u30b2\u30fc\u30e0\u958b\u767a\u3067\u5927\u304d\u306a\u5f79\u5272\u3092\u679c\u305f\u3059\u6a5f\u4f1a\u306b\u6075\u307e\u308c\u305f\u3002\u672c\u8b1b\u6f14\u3067\u306f\u3001\u30b2\u30fc\u30e0\u958b\u767a\u306e\u30b3\u30f3\u30bb\u30d7\u30c8\u304b\u3089\u30ea\u30ea\u30fc\u30b9\u307e\u3067\u3001\u305d\u3057\u3066\u30b2\u30fc\u30e0\u958b\u767a\u306b\u307e\u3064\u308f\u308b\u3059\u3079\u3066\u306e\u3053\u3068\u306b\u3064\u3044\u3066\u6d1e\u5bdf\u3059\u308b\u3002\u8b1b\u6f14\u5f8c\u306e\u8cea\u7591\u5fdc\u7b54\u3067\u306f\u3001\u30b2\u30fc\u30e0\u958b\u767a\u306b\u95a2\u3059\u308b\u5207\u5b9f\u306a\u8cea\u554f\u3082\u53d7\u3051\u4ed8\u3051\u308b\u3002   <\/p>\n\n<p><strong>\u6240\u8981\u6642\u9593\uff1a<\/strong><br\/>1\u6642\u9593<\/p>\n\n<p><strong>\u30bd\u30fc\u30b7\u30e3\u30eb\u30e1\u30c7\u30a3\u30a2<\/strong><br\/><a href=\"https:\/\/www.instagram.com\/akuma_no_cha\/\" target=\"_blank\" rel=\"noreferrer noopener\">https:\/\/www.instagram.com\/akuma_no_cha\/<\/a><\/p>\n\n<figure class=\"wp-block-gallery has-nested-images columns-default is-cropped wp-block-gallery-1 is-layout-flex wp-block-gallery-is-layout-flex\">\n<figure class=\"wp-block-image size-large\"><img loading=\"lazy\" decoding=\"async\" width=\"768\" height=\"1024\" data-id=\"33786\" src=\"https:\/\/www.aninite.at\/wp-content\/uploads\/\/gamescom_banner-768x1024.jpg\" alt=\"\" class=\"wp-image-33786\" srcset=\"https:\/\/www.aninite.at\/wp-content\/uploads\/gamescom_banner-768x1024.jpg 768w, https:\/\/www.aninite.at\/wp-content\/uploads\/gamescom_banner-225x300.jpg 225w, https:\/\/www.aninite.at\/wp-content\/uploads\/gamescom_banner-1152x1536.jpg 1152w, https:\/\/www.aninite.at\/wp-content\/uploads\/gamescom_banner-1536x2048.jpg 1536w, https:\/\/www.aninite.at\/wp-content\/uploads\/gamescom_banner-1140x1520.jpg 1140w, https:\/\/www.aninite.at\/wp-content\/uploads\/gamescom_banner-scaled.jpg 1920w\" sizes=\"auto, (max-width: 768px) 100vw, 768px\" \/><\/figure>\n\n\n\n<figure class=\"wp-block-image size-large\"><img loading=\"lazy\" decoding=\"async\" width=\"480\" height=\"270\" data-id=\"33792\" src=\"https:\/\/www.aninite.at\/wp-content\/uploads\/cosmicshake.jpg\" alt=\"\" class=\"wp-image-33792\" srcset=\"https:\/\/www.aninite.at\/wp-content\/uploads\/cosmicshake.jpg 480w, https:\/\/www.aninite.at\/wp-content\/uploads\/cosmicshake-300x169.jpg 300w\" sizes=\"auto, (max-width: 480px) 100vw, 480px\" \/><\/figure>\n\n\n\n<figure class=\"wp-block-image size-large\"><img loading=\"lazy\" decoding=\"async\" width=\"768\" height=\"1024\" data-id=\"33789\" src=\"https:\/\/www.aninite.at\/wp-content\/uploads\/\/tokiogameshow_booth-768x1024.jpg\" alt=\"\" class=\"wp-image-33789\" srcset=\"https:\/\/www.aninite.at\/wp-content\/uploads\/tokiogameshow_booth-768x1024.jpg 768w, https:\/\/www.aninite.at\/wp-content\/uploads\/tokiogameshow_booth-225x300.jpg 225w, https:\/\/www.aninite.at\/wp-content\/uploads\/tokiogameshow_booth-1152x1536.jpg 1152w, https:\/\/www.aninite.at\/wp-content\/uploads\/tokiogameshow_booth-1536x2048.jpg 1536w, https:\/\/www.aninite.at\/wp-content\/uploads\/tokiogameshow_booth-1140x1520.jpg 1140w, https:\/\/www.aninite.at\/wp-content\/uploads\/tokiogameshow_booth-scaled.jpg 1920w\" sizes=\"auto, (max-width: 768px) 100vw, 768px\" \/><\/figure>\n<\/figure>\n","protected":false},"excerpt":{"rendered":"<p>\u30b2\u30fc\u30e0\u958b\u767a\u3078\u306e\u6d1e\u5bdf \u91d1\u66dc\u65e5 15:15 - 16:15 - 0.31\u53f7\u5ba4 \u30b3\u30f3\u30d4\u30e5\u30fc\u30bf\u30fc\u30b2\u30fc\u30e0\u306f\u3001\u4eca\u65e5\u3001\u79c1\u305f\u3061\u306e\u793e\u4f1a\u306e\u5927\u304d\u306a\u90e8\u5206\u3092\u5360\u3081\u3066\u3044\u308b\u3002\u79c1\u306f\u30b7\u30cb\u30a2\u30b2\u30fc\u30e0\u30c7\u30b6\u30a4\u30ca\u30fc\u3068\u3057\u3066\u3001\u904e\u53bb10\u5e74\u9593\u3001\u30e2\u30d0\u30a4\u30eb\u30b2\u30fc\u30e0\u304b\u3089\u3059\u3079\u3066\u306e\u4e3b\u8981\u30b2\u30fc\u30e0\u6a5f\u3084PC\u306e\u30d2\u30c3\u30c8\u30bf\u30a4\u30c8\u30eb\u307e\u3067\u3001\u30b2\u30fc\u30e0\u958b\u767a\u3067\u5927\u304d\u306a\u5f79\u5272\u3092\u679c\u305f\u3059\u6a5f\u4f1a\u306b\u6075\u307e\u308c\u305f\u3002\u672c\u8b1b\u6f14\u3067\u306f\u3001\u30b2\u30fc\u30e0\u958b\u767a\u306e\u30b3\u30f3\u30bb\u30d7\u30c8\u304b\u3089\u30ea\u30ea\u30fc\u30b9\u307e\u3067\u3001\u305d\u3057\u3066\u30b2\u30fc\u30e0\u958b\u767a\u306b\u307e\u3064\u308f\u308b\u3059\u3079\u3066\u306e\u3053\u3068\u306b\u3064\u3044\u3066\u6d1e\u5bdf\u3059\u308b\u3002\u8b1b\u6f14\u5f8c\u306e\u8cea\u7591\u5fdc\u7b54\u3067\u306f\u3001\u30b2\u30fc\u30e0\u958b\u767a\u306b\u95a2\u3059\u308b\u5207\u5b9f\u306a\u8cea\u554f\u3082\u53d7\u3051\u4ed8\u3051\u308b\u3002 \u6240\u8981\u6642\u9593\uff1a1\u6642\u9593 \u30bd\u30fc\u30b7\u30e3\u30eb\u30e1\u30c7\u30a3\u30a2https:\/\/www.instagram.com\/akuma_no_cha\/<\/p>\n","protected":false},"author":13,"featured_media":0,"parent":0,"menu_order":0,"comment_status":"closed","ping_status":"closed","template":"","meta":{"inline_featured_image":false,"footnotes":""},"class_list":["post-34025","page","type-page","status-publish","hentry"],"yoast_head":"<!-- This site is optimized with the Yoast SEO plugin v27.5 - https:\/\/yoast.com\/product\/yoast-seo-wordpress\/ -->\n<title>\u30ec\u30af\u30c1\u30e3\u30fc\uff06\u30ef\u30fc\u30af\u30b7\u30e7\u30c3\u30d7 - Kiako - AniNite<\/title>\n<meta name=\"robots\" content=\"index, follow, max-snippet:-1, max-image-preview:large, max-video-preview:-1\" \/>\n<link rel=\"canonical\" href=\"https:\/\/www.aninite.at\/ja\/vortraege-workshops-kiako\/\" \/>\n<meta property=\"og:locale\" content=\"ja_JP\" \/>\n<meta property=\"og:type\" content=\"article\" \/>\n<meta property=\"og:title\" content=\"\u30ec\u30af\u30c1\u30e3\u30fc\uff06\u30ef\u30fc\u30af\u30b7\u30e7\u30c3\u30d7 - Kiako - AniNite\" \/>\n<meta property=\"og:description\" content=\"\u30b2\u30fc\u30e0\u958b\u767a\u3078\u306e\u6d1e\u5bdf \u91d1\u66dc\u65e5 15:15 - 16:15 - 0.31\u53f7\u5ba4 \u30b3\u30f3\u30d4\u30e5\u30fc\u30bf\u30fc\u30b2\u30fc\u30e0\u306f\u3001\u4eca\u65e5\u3001\u79c1\u305f\u3061\u306e\u793e\u4f1a\u306e\u5927\u304d\u306a\u90e8\u5206\u3092\u5360\u3081\u3066\u3044\u308b\u3002\u79c1\u306f\u30b7\u30cb\u30a2\u30b2\u30fc\u30e0\u30c7\u30b6\u30a4\u30ca\u30fc\u3068\u3057\u3066\u3001\u904e\u53bb10\u5e74\u9593\u3001\u30e2\u30d0\u30a4\u30eb\u30b2\u30fc\u30e0\u304b\u3089\u3059\u3079\u3066\u306e\u4e3b\u8981\u30b2\u30fc\u30e0\u6a5f\u3084PC\u306e\u30d2\u30c3\u30c8\u30bf\u30a4\u30c8\u30eb\u307e\u3067\u3001\u30b2\u30fc\u30e0\u958b\u767a\u3067\u5927\u304d\u306a\u5f79\u5272\u3092\u679c\u305f\u3059\u6a5f\u4f1a\u306b\u6075\u307e\u308c\u305f\u3002\u672c\u8b1b\u6f14\u3067\u306f\u3001\u30b2\u30fc\u30e0\u958b\u767a\u306e\u30b3\u30f3\u30bb\u30d7\u30c8\u304b\u3089\u30ea\u30ea\u30fc\u30b9\u307e\u3067\u3001\u305d\u3057\u3066\u30b2\u30fc\u30e0\u958b\u767a\u306b\u307e\u3064\u308f\u308b\u3059\u3079\u3066\u306e\u3053\u3068\u306b\u3064\u3044\u3066\u6d1e\u5bdf\u3059\u308b\u3002\u8b1b\u6f14\u5f8c\u306e\u8cea\u7591\u5fdc\u7b54\u3067\u306f\u3001\u30b2\u30fc\u30e0\u958b\u767a\u306b\u95a2\u3059\u308b\u5207\u5b9f\u306a\u8cea\u554f\u3082\u53d7\u3051\u4ed8\u3051\u308b\u3002 \u6240\u8981\u6642\u9593\uff1a1\u6642\u9593 \u30bd\u30fc\u30b7\u30e3\u30eb\u30e1\u30c7\u30a3\u30a2https:\/\/www.instagram.com\/akuma_no_cha\/\" \/>\n<meta property=\"og:url\" content=\"https:\/\/www.aninite.at\/ja\/vortraege-workshops-kiako\/\" \/>\n<meta property=\"og:site_name\" content=\"AniNite\" \/>\n<meta property=\"article:publisher\" content=\"https:\/\/www.facebook.com\/AniMangaAustria\" \/>\n<meta property=\"article:modified_time\" content=\"2025-07-19T07:16:49+00:00\" \/>\n<meta property=\"og:image\" content=\"https:\/\/www.aninite.at\/wp-content\/uploads\/tokiogameshow_booth-scaled.jpg\" \/>\n\t<meta property=\"og:image:width\" content=\"1920\" \/>\n\t<meta property=\"og:image:height\" content=\"2560\" \/>\n\t<meta property=\"og:image:type\" content=\"image\/jpeg\" \/>\n<meta name=\"twitter:card\" content=\"summary_large_image\" \/>\n<script type=\"application\/ld+json\" class=\"yoast-schema-graph\">{\"@context\":\"https:\\\/\\\/schema.org\",\"@graph\":[{\"@type\":\"WebPage\",\"@id\":\"https:\\\/\\\/www.aninite.at\\\/ja\\\/vortraege-workshops-kiako\\\/\",\"url\":\"https:\\\/\\\/www.aninite.at\\\/ja\\\/vortraege-workshops-kiako\\\/\",\"name\":\"\u30ec\u30af\u30c1\u30e3\u30fc\uff06\u30ef\u30fc\u30af\u30b7\u30e7\u30c3\u30d7 - Kiako - AniNite\",\"isPartOf\":{\"@id\":\"https:\\\/\\\/www.aninite.at\\\/ja\\\/#website\"},\"primaryImageOfPage\":{\"@id\":\"https:\\\/\\\/www.aninite.at\\\/ja\\\/vortraege-workshops-kiako\\\/#primaryimage\"},\"image\":{\"@id\":\"https:\\\/\\\/www.aninite.at\\\/ja\\\/vortraege-workshops-kiako\\\/#primaryimage\"},\"thumbnailUrl\":\"https:\\\/\\\/www.aninite.at\\\/wp-content\\\/uploads\\\/\\\/tokiogameshow_booth-768x1024.jpg\",\"datePublished\":\"2025-07-13T20:22:58+00:00\",\"dateModified\":\"2025-07-19T07:16:49+00:00\",\"breadcrumb\":{\"@id\":\"https:\\\/\\\/www.aninite.at\\\/ja\\\/vortraege-workshops-kiako\\\/#breadcrumb\"},\"inLanguage\":\"ja\",\"potentialAction\":[{\"@type\":\"ReadAction\",\"target\":[\"https:\\\/\\\/www.aninite.at\\\/ja\\\/vortraege-workshops-kiako\\\/\"]}]},{\"@type\":\"ImageObject\",\"inLanguage\":\"ja\",\"@id\":\"https:\\\/\\\/www.aninite.at\\\/ja\\\/vortraege-workshops-kiako\\\/#primaryimage\",\"url\":\"https:\\\/\\\/www.aninite.at\\\/wp-content\\\/uploads\\\/\\\/tokiogameshow_booth-768x1024.jpg\",\"contentUrl\":\"https:\\\/\\\/www.aninite.at\\\/wp-content\\\/uploads\\\/\\\/tokiogameshow_booth-768x1024.jpg\"},{\"@type\":\"BreadcrumbList\",\"@id\":\"https:\\\/\\\/www.aninite.at\\\/ja\\\/vortraege-workshops-kiako\\\/#breadcrumb\",\"itemListElement\":[{\"@type\":\"ListItem\",\"position\":1,\"name\":\"Startseite\",\"item\":\"https:\\\/\\\/www.aninite.at\\\/ja\\\/willkommen\\\/\"},{\"@type\":\"ListItem\",\"position\":2,\"name\":\"\u30ec\u30af\u30c1\u30e3\u30fc\uff06\u30ef\u30fc\u30af\u30b7\u30e7\u30c3\u30d7 - Kiako\"}]},{\"@type\":\"WebSite\",\"@id\":\"https:\\\/\\\/www.aninite.at\\\/ja\\\/#website\",\"url\":\"https:\\\/\\\/www.aninite.at\\\/ja\\\/\",\"name\":\"AniNite\",\"description\":\"\u00d6sterreichs gr\u00f6\u00dfte Anime-, Manga- und Comic-Convention\",\"potentialAction\":[{\"@type\":\"SearchAction\",\"target\":{\"@type\":\"EntryPoint\",\"urlTemplate\":\"https:\\\/\\\/www.aninite.at\\\/ja\\\/?s={search_term_string}\"},\"query-input\":{\"@type\":\"PropertyValueSpecification\",\"valueRequired\":true,\"valueName\":\"search_term_string\"}}],\"inLanguage\":\"ja\"}]}<\/script>\n<!-- \/ Yoast SEO plugin. -->","yoast_head_json":{"title":"\u30ec\u30af\u30c1\u30e3\u30fc\uff06\u30ef\u30fc\u30af\u30b7\u30e7\u30c3\u30d7 - Kiako - AniNite","robots":{"index":"index","follow":"follow","max-snippet":"max-snippet:-1","max-image-preview":"max-image-preview:large","max-video-preview":"max-video-preview:-1"},"canonical":"https:\/\/www.aninite.at\/ja\/vortraege-workshops-kiako\/","og_locale":"ja_JP","og_type":"article","og_title":"\u30ec\u30af\u30c1\u30e3\u30fc\uff06\u30ef\u30fc\u30af\u30b7\u30e7\u30c3\u30d7 - Kiako - AniNite","og_description":"\u30b2\u30fc\u30e0\u958b\u767a\u3078\u306e\u6d1e\u5bdf \u91d1\u66dc\u65e5 15:15 - 16:15 - 0.31\u53f7\u5ba4 \u30b3\u30f3\u30d4\u30e5\u30fc\u30bf\u30fc\u30b2\u30fc\u30e0\u306f\u3001\u4eca\u65e5\u3001\u79c1\u305f\u3061\u306e\u793e\u4f1a\u306e\u5927\u304d\u306a\u90e8\u5206\u3092\u5360\u3081\u3066\u3044\u308b\u3002\u79c1\u306f\u30b7\u30cb\u30a2\u30b2\u30fc\u30e0\u30c7\u30b6\u30a4\u30ca\u30fc\u3068\u3057\u3066\u3001\u904e\u53bb10\u5e74\u9593\u3001\u30e2\u30d0\u30a4\u30eb\u30b2\u30fc\u30e0\u304b\u3089\u3059\u3079\u3066\u306e\u4e3b\u8981\u30b2\u30fc\u30e0\u6a5f\u3084PC\u306e\u30d2\u30c3\u30c8\u30bf\u30a4\u30c8\u30eb\u307e\u3067\u3001\u30b2\u30fc\u30e0\u958b\u767a\u3067\u5927\u304d\u306a\u5f79\u5272\u3092\u679c\u305f\u3059\u6a5f\u4f1a\u306b\u6075\u307e\u308c\u305f\u3002\u672c\u8b1b\u6f14\u3067\u306f\u3001\u30b2\u30fc\u30e0\u958b\u767a\u306e\u30b3\u30f3\u30bb\u30d7\u30c8\u304b\u3089\u30ea\u30ea\u30fc\u30b9\u307e\u3067\u3001\u305d\u3057\u3066\u30b2\u30fc\u30e0\u958b\u767a\u306b\u307e\u3064\u308f\u308b\u3059\u3079\u3066\u306e\u3053\u3068\u306b\u3064\u3044\u3066\u6d1e\u5bdf\u3059\u308b\u3002\u8b1b\u6f14\u5f8c\u306e\u8cea\u7591\u5fdc\u7b54\u3067\u306f\u3001\u30b2\u30fc\u30e0\u958b\u767a\u306b\u95a2\u3059\u308b\u5207\u5b9f\u306a\u8cea\u554f\u3082\u53d7\u3051\u4ed8\u3051\u308b\u3002 \u6240\u8981\u6642\u9593\uff1a1\u6642\u9593 \u30bd\u30fc\u30b7\u30e3\u30eb\u30e1\u30c7\u30a3\u30a2https:\/\/www.instagram.com\/akuma_no_cha\/","og_url":"https:\/\/www.aninite.at\/ja\/vortraege-workshops-kiako\/","og_site_name":"AniNite","article_publisher":"https:\/\/www.facebook.com\/AniMangaAustria","article_modified_time":"2025-07-19T07:16:49+00:00","og_image":[{"width":1920,"height":2560,"url":"https:\/\/www.aninite.at\/wp-content\/uploads\/tokiogameshow_booth-scaled.jpg","type":"image\/jpeg"}],"twitter_card":"summary_large_image","schema":{"@context":"https:\/\/schema.org","@graph":[{"@type":"WebPage","@id":"https:\/\/www.aninite.at\/ja\/vortraege-workshops-kiako\/","url":"https:\/\/www.aninite.at\/ja\/vortraege-workshops-kiako\/","name":"\u30ec\u30af\u30c1\u30e3\u30fc\uff06\u30ef\u30fc\u30af\u30b7\u30e7\u30c3\u30d7 - Kiako - AniNite","isPartOf":{"@id":"https:\/\/www.aninite.at\/ja\/#website"},"primaryImageOfPage":{"@id":"https:\/\/www.aninite.at\/ja\/vortraege-workshops-kiako\/#primaryimage"},"image":{"@id":"https:\/\/www.aninite.at\/ja\/vortraege-workshops-kiako\/#primaryimage"},"thumbnailUrl":"https:\/\/www.aninite.at\/wp-content\/uploads\/\/tokiogameshow_booth-768x1024.jpg","datePublished":"2025-07-13T20:22:58+00:00","dateModified":"2025-07-19T07:16:49+00:00","breadcrumb":{"@id":"https:\/\/www.aninite.at\/ja\/vortraege-workshops-kiako\/#breadcrumb"},"inLanguage":"ja","potentialAction":[{"@type":"ReadAction","target":["https:\/\/www.aninite.at\/ja\/vortraege-workshops-kiako\/"]}]},{"@type":"ImageObject","inLanguage":"ja","@id":"https:\/\/www.aninite.at\/ja\/vortraege-workshops-kiako\/#primaryimage","url":"https:\/\/www.aninite.at\/wp-content\/uploads\/\/tokiogameshow_booth-768x1024.jpg","contentUrl":"https:\/\/www.aninite.at\/wp-content\/uploads\/\/tokiogameshow_booth-768x1024.jpg"},{"@type":"BreadcrumbList","@id":"https:\/\/www.aninite.at\/ja\/vortraege-workshops-kiako\/#breadcrumb","itemListElement":[{"@type":"ListItem","position":1,"name":"Startseite","item":"https:\/\/www.aninite.at\/ja\/willkommen\/"},{"@type":"ListItem","position":2,"name":"\u30ec\u30af\u30c1\u30e3\u30fc\uff06\u30ef\u30fc\u30af\u30b7\u30e7\u30c3\u30d7 - Kiako"}]},{"@type":"WebSite","@id":"https:\/\/www.aninite.at\/ja\/#website","url":"https:\/\/www.aninite.at\/ja\/","name":"AniNite","description":"\u00d6sterreichs gr\u00f6\u00dfte Anime-, Manga- und Comic-Convention","potentialAction":[{"@type":"SearchAction","target":{"@type":"EntryPoint","urlTemplate":"https:\/\/www.aninite.at\/ja\/?s={search_term_string}"},"query-input":{"@type":"PropertyValueSpecification","valueRequired":true,"valueName":"search_term_string"}}],"inLanguage":"ja"}]}},"acf":[],"_links":{"self":[{"href":"https:\/\/www.aninite.at\/ja\/wp-json\/wp\/v2\/pages\/34025","targetHints":{"allow":["GET"]}}],"collection":[{"href":"https:\/\/www.aninite.at\/ja\/wp-json\/wp\/v2\/pages"}],"about":[{"href":"https:\/\/www.aninite.at\/ja\/wp-json\/wp\/v2\/types\/page"}],"author":[{"embeddable":true,"href":"https:\/\/www.aninite.at\/ja\/wp-json\/wp\/v2\/users\/13"}],"replies":[{"embeddable":true,"href":"https:\/\/www.aninite.at\/ja\/wp-json\/wp\/v2\/comments?post=34025"}],"version-history":[{"count":2,"href":"https:\/\/www.aninite.at\/ja\/wp-json\/wp\/v2\/pages\/34025\/revisions"}],"predecessor-version":[{"id":34250,"href":"https:\/\/www.aninite.at\/ja\/wp-json\/wp\/v2\/pages\/34025\/revisions\/34250"}],"wp:attachment":[{"href":"https:\/\/www.aninite.at\/ja\/wp-json\/wp\/v2\/media?parent=34025"}],"curies":[{"name":"wp","href":"https:\/\/api.w.org\/{rel}","templated":true}]}}