{"id":34050,"date":"2025-07-14T01:12:19","date_gmt":"2025-07-13T23:12:19","guid":{"rendered":"https:\/\/www.aninite.at\/vortraege-workshops-wellenkind\/"},"modified":"2025-07-19T09:11:12","modified_gmt":"2025-07-19T07:11:12","slug":"vortraege-workshops-wellenkind","status":"publish","type":"page","link":"https:\/\/www.aninite.at\/ja\/vortraege-workshops-wellenkind\/","title":{"rendered":"\u30ec\u30af\u30c1\u30e3\u30fc\uff06\u30ef\u30fc\u30af\u30b7\u30e7\u30c3\u30d7 - \u30a6\u30a7\u30ec\u30f3\u30ad\u30f3\u30c8"},"content":{"rendered":"\n<figure class=\"wp-block-image size-large is-resized\"><img loading=\"lazy\" decoding=\"async\" width=\"1024\" height=\"683\" src=\"https:\/\/www.aninite.at\/wp-content\/uploads\/\/SAM_7717-1024x683.jpg\" alt=\"\" class=\"wp-image-33919\" style=\"width:402px;height:auto\" srcset=\"https:\/\/www.aninite.at\/wp-content\/uploads\/SAM_7717-1024x683.jpg 1024w, https:\/\/www.aninite.at\/wp-content\/uploads\/SAM_7717-300x200.jpg 300w, https:\/\/www.aninite.at\/wp-content\/uploads\/SAM_7717-768x512.jpg 768w, https:\/\/www.aninite.at\/wp-content\/uploads\/SAM_7717-1536x1024.jpg 1536w, https:\/\/www.aninite.at\/wp-content\/uploads\/SAM_7717-2048x1365.jpg 2048w, https:\/\/www.aninite.at\/wp-content\/uploads\/SAM_7717-1140x760.jpg 1140w\" sizes=\"auto, (max-width: 1024px) 100vw, 1024px\" \/><\/figure>\n\n<h2 class=\"wp-block-heading\"><em><mark style=\"background-color:rgba(0, 0, 0, 0)\" class=\"has-inline-color has-vivid-red-color\">\u9ea6\u308f\u3089\u5e3d\u5b50\u3092\u4f5c\u308d\u3046<\/mark><\/em><\/h2>\n\n<p><mark style=\"background-color:rgba(0, 0, 0, 0)\" class=\"has-inline-color has-vivid-red-color\"><em>\u7b2c1\u90e8\uff1a\u91d1\u66dc\u65e5 13:30 - 15:30 - 0.50\u53f7\u5ba4<\/em><br\/><em>\u30d1\u30fc\u30c82\uff1a\u571f\u66dc\u65e514.15 - 18.15 - 0.50\u53f7\u5ba4<\/em><\/mark><\/p>\n\n<p>\u30eb\u30d5\u30a3\u3084\u30bd\u30d5\u30a3\u30fc\u306f\u3001\u305d\u306e\u8c61\u5fb4\u7684\u306a\u5e3d\u5b50\u306a\u3057\u306b\u306f\u3069\u3046\u306a\u308b\u306e\u3060\u308d\u3046\u304b\uff1f<\/p>\n\n<p>&#8220;\u5c02\u9580\u5bb6\u306e\u6307\u5c0e\u306e\u4e0b\u3001\u30b7\u30f3\u30d7\u30eb\u306a\u9ea6\u308f\u3089\u5e3d\u5b50\u3092\u4f5c\u308b\uff01\u30eb\u30d5\u30a3\u304b\u3089\u30bd\u30d5\u30a3\u30fc\u307e\u3067\u3001\u3042\u308b\u3044\u306f\u6b21\u306eLARP\u306e\u305f\u3081\u306b<br\/>\u3002<br\/>\u98fe\u308a\u4ed8\u3051\u306f\u3001\u4e09\u3064\u7de8\u307f\u3001\u82b1\u3001\u98fe\u308a\u306a\u3069\u3092\u7528\u610f\u3059\u308b\u304c\u3001\u81ea\u5206\u306e\u98fe\u308a\u3092\u6301\u53c2\u3059\u308b\u3053\u3068\u3082\u6b53\u8fce\u3059\u308b\u3002\u7cca\u4ed8\u3051\u3088\u308a\u3082\u7e2b\u3044\u4ed8\u3051\u304c\u591a\u304f\u306a\u308b\u306e\u3067\u3001\u5c11\u3057\u306e\u5fcd\u8010\u529b\u3068<br\/>\u5668\u7528\u3055\u3092\u6301\u53c2\u3057\u3066\u307b\u3057\u3044\u3002   <\/p>\n\n<p>\u7279\u5225\u306a\u8cea\u554f\u3084\u8981\u671b\u304c\u3042\u308c\u3070\u3001\u4e8b\u524d\u306b hut@wellenkind.at \u307e\u3067\u9001\u3063\u3066\u307b\u3057\u3044\u3002<\/p>\n\n<p><strong>\u6240\u8981\u6642\u9593\uff1a<\/strong><br\/>\u30d1\u30fc\u30c81\uff1a1\uff5e2\u6642\u9593<br\/>\u30d1\u30fc\u30c82\uff1a3\uff5e4\u6642\u9593<\/p>\n\n<p><strong>\u53c2\u52a0\u8005\u6570\uff1a<\/strong><br\/>5 -<mark style=\"background-color:rgba(0, 0, 0, 0)\" class=\"has-inline-color has-luminous-vivid-amber-color\">\u30a4\u30f3\u30d5\u30a9\u30dd\u30a4\u30f3\u30c8\u3067\u306e\u767b\u9332<\/mark><\/p>\n\n<p><strong>\u53c2\u52a0\u8cbb<\/strong>\uff1a<br\/>50 \u20ac -<mark style=\"background-color:rgba(0, 0, 0, 0)\" class=\"has-inline-color has-luminous-vivid-amber-color\">\u30ef\u30fc\u30af\u30b7\u30e7\u30c3\u30d7\u3067\u652f\u6255\u3046\u3002<\/mark><\/p>\n\n<p>\u30bd\u30fc\u30b7\u30e3\u30eb\u30e1\u30c7\u30a3\u30a2<a href=\"https:\/\/www.instagram.com\/wellenkind_millinery\">\uff1a<br\/>https:\/\/www.instagram.com\/wellenkind_millinery<\/a><\/p>\n\n<p><a href=\"http:\/\/www.facebook.com\/wellenkind\/\" target=\"_blank\" rel=\"noreferrer noopener\">www.facebook.com\/wellenkind\/<\/a><\/p>\n\n<p><a href=\"http:\/\/www.wellenkind.at\" target=\"_blank\" rel=\"noreferrer noopener\">www.wellenkind.at<\/a><\/p>\n\n<figure class=\"wp-block-gallery has-nested-images columns-default is-cropped wp-block-gallery-1 is-layout-flex wp-block-gallery-is-layout-flex\">\n<figure class=\"wp-block-image size-large\"><img loading=\"lazy\" decoding=\"async\" width=\"683\" height=\"1024\" data-id=\"33916\" src=\"https:\/\/www.aninite.at\/wp-content\/uploads\/\/SAM_7419-683x1024.jpg\" alt=\"\" class=\"wp-image-33916\" srcset=\"https:\/\/www.aninite.at\/wp-content\/uploads\/SAM_7419-683x1024.jpg 683w, https:\/\/www.aninite.at\/wp-content\/uploads\/SAM_7419-200x300.jpg 200w, https:\/\/www.aninite.at\/wp-content\/uploads\/SAM_7419-768x1152.jpg 768w, https:\/\/www.aninite.at\/wp-content\/uploads\/SAM_7419-1024x1536.jpg 1024w, https:\/\/www.aninite.at\/wp-content\/uploads\/SAM_7419-1365x2048.jpg 1365w, https:\/\/www.aninite.at\/wp-content\/uploads\/SAM_7419-1140x1710.jpg 1140w, https:\/\/www.aninite.at\/wp-content\/uploads\/SAM_7419-scaled.jpg 1707w\" sizes=\"auto, (max-width: 683px) 100vw, 683px\" \/><\/figure>\n\n\n\n<figure class=\"wp-block-image size-large\"><img loading=\"lazy\" decoding=\"async\" width=\"768\" height=\"1024\" data-id=\"33913\" src=\"https:\/\/www.aninite.at\/wp-content\/uploads\/\/IMG_20250509_110556-768x1024.jpg\" alt=\"\" class=\"wp-image-33913\" srcset=\"https:\/\/www.aninite.at\/wp-content\/uploads\/IMG_20250509_110556-768x1024.jpg 768w, https:\/\/www.aninite.at\/wp-content\/uploads\/IMG_20250509_110556-225x300.jpg 225w, https:\/\/www.aninite.at\/wp-content\/uploads\/IMG_20250509_110556-1152x1536.jpg 1152w, https:\/\/www.aninite.at\/wp-content\/uploads\/IMG_20250509_110556-1536x2048.jpg 1536w, https:\/\/www.aninite.at\/wp-content\/uploads\/IMG_20250509_110556-1140x1520.jpg 1140w, https:\/\/www.aninite.at\/wp-content\/uploads\/IMG_20250509_110556-scaled.jpg 1920w\" sizes=\"auto, (max-width: 768px) 100vw, 768px\" \/><\/figure>\n\n\n\n<figure class=\"wp-block-image size-large\"><img loading=\"lazy\" decoding=\"async\" width=\"768\" height=\"1024\" data-id=\"33910\" src=\"https:\/\/www.aninite.at\/wp-content\/uploads\/\/IMG_20240408_164136-768x1024.jpg\" alt=\"\" class=\"wp-image-33910\" srcset=\"https:\/\/www.aninite.at\/wp-content\/uploads\/IMG_20240408_164136-768x1024.jpg 768w, https:\/\/www.aninite.at\/wp-content\/uploads\/IMG_20240408_164136-225x300.jpg 225w, https:\/\/www.aninite.at\/wp-content\/uploads\/IMG_20240408_164136-1152x1536.jpg 1152w, https:\/\/www.aninite.at\/wp-content\/uploads\/IMG_20240408_164136-1536x2048.jpg 1536w, https:\/\/www.aninite.at\/wp-content\/uploads\/IMG_20240408_164136-1140x1520.jpg 1140w, https:\/\/www.aninite.at\/wp-content\/uploads\/IMG_20240408_164136-scaled.jpg 1920w\" sizes=\"auto, (max-width: 768px) 100vw, 768px\" \/><\/figure>\n<\/figure>\n\n<p><\/p>\n","protected":false},"excerpt":{"rendered":"<p>\u9ea6\u308f\u3089\u5e3d\u5b50\u3092\u4f5c\u308d\u3046 \u7b2c1\u90e8\uff1a\u91d1\u66dc\u65e5 13:30 - 15:30 - 0.50\u53f7\u5ba4\u30d1\u30fc\u30c82\uff1a\u571f\u66dc\u65e514.15 - 18.15 - 0.50\u53f7\u5ba4 \u30eb\u30d5\u30a3\u3084\u30bd\u30d5\u30a3\u30fc\u306f\u3001\u305d\u306e\u8c61\u5fb4\u7684\u306a\u5e3d\u5b50\u306a\u3057\u306b\u306f\u3069\u3046\u306a\u308b\u306e\u3060\u308d\u3046\u304b\uff1f &#8220;\u5c02\u9580\u5bb6\u306e\u6307\u5c0e\u306e\u4e0b\u3001\u30b7\u30f3\u30d7\u30eb\u306a\u9ea6\u308f\u3089\u5e3d\u5b50\u3092\u4f5c\u308b\uff01\u30eb\u30d5\u30a3\u304b\u3089\u30bd\u30d5\u30a3\u30fc\u307e\u3067\u3001\u3042\u308b\u3044\u306f\u6b21\u306eLARP\u306e\u305f\u3081\u306b\u3002\u98fe\u308a\u4ed8\u3051\u306f\u3001\u4e09\u3064\u7de8\u307f\u3001\u82b1\u3001\u98fe\u308a\u306a\u3069\u3092\u7528\u610f\u3059\u308b\u304c\u3001\u81ea\u5206\u306e\u98fe\u308a\u3092\u6301\u53c2\u3059\u308b\u3053\u3068\u3082\u6b53\u8fce\u3059\u308b\u3002\u7cca\u4ed8\u3051\u3088\u308a\u3082\u7e2b\u3044\u4ed8\u3051\u304c\u591a\u304f\u306a\u308b\u306e\u3067\u3001\u5c11\u3057\u306e\u5fcd\u8010\u529b\u3068\u5668\u7528\u3055\u3092\u6301\u53c2\u3057\u3066\u307b\u3057\u3044\u3002 \u7279\u5225\u306a\u8cea\u554f\u3084\u8981\u671b\u304c\u3042\u308c\u3070\u3001\u4e8b\u524d\u306b hut@wellenkind.at \u307e\u3067\u9001\u3063\u3066\u307b\u3057\u3044\u3002 \u6240\u8981\u6642\u9593\uff1a\u30d1\u30fc\u30c81\uff1a1\uff5e2\u6642\u9593\u30d1\u30fc\u30c82\uff1a3\uff5e4\u6642\u9593 \u53c2\u52a0\u8005\u6570\uff1a5 -\u30a4\u30f3\u30d5\u30a9\u30dd\u30a4\u30f3\u30c8\u3067\u306e\u767b\u9332 \u53c2\u52a0\u8cbb\uff1a50 \u20ac -\u30ef\u30fc\u30af\u30b7\u30e7\u30c3\u30d7\u3067\u652f\u6255\u3046\u3002 \u30bd\u30fc\u30b7\u30e3\u30eb\u30e1\u30c7\u30a3\u30a2\uff1ahttps:\/\/www.instagram.com\/wellenkind_millinery www.facebook.com\/wellenkind\/ www.wellenkind.at<\/p>\n","protected":false},"author":13,"featured_media":0,"parent":0,"menu_order":0,"comment_status":"closed","ping_status":"closed","template":"","meta":{"inline_featured_image":false,"footnotes":""},"class_list":["post-34050","page","type-page","status-publish","hentry"],"yoast_head":"<!-- This site is optimized with the Yoast SEO plugin v27.5 - https:\/\/yoast.com\/product\/yoast-seo-wordpress\/ -->\n<title>\u30ec\u30af\u30c1\u30e3\u30fc\uff06\u30ef\u30fc\u30af\u30b7\u30e7\u30c3\u30d7 - \u30a6\u30a7\u30ec\u30f3\u30ad\u30f3\u30c8 - AniNite<\/title>\n<meta name=\"robots\" content=\"index, follow, max-snippet:-1, max-image-preview:large, max-video-preview:-1\" \/>\n<link rel=\"canonical\" href=\"https:\/\/www.aninite.at\/ja\/vortraege-workshops-wellenkind\/\" \/>\n<meta property=\"og:locale\" content=\"ja_JP\" \/>\n<meta property=\"og:type\" content=\"article\" \/>\n<meta property=\"og:title\" content=\"\u30ec\u30af\u30c1\u30e3\u30fc\uff06\u30ef\u30fc\u30af\u30b7\u30e7\u30c3\u30d7 - \u30a6\u30a7\u30ec\u30f3\u30ad\u30f3\u30c8 - AniNite\" \/>\n<meta property=\"og:description\" content=\"\u9ea6\u308f\u3089\u5e3d\u5b50\u3092\u4f5c\u308d\u3046 \u7b2c1\u90e8\uff1a\u91d1\u66dc\u65e5 13:30 - 15:30 - 0.50\u53f7\u5ba4\u30d1\u30fc\u30c82\uff1a\u571f\u66dc\u65e514.15 - 18.15 - 0.50\u53f7\u5ba4 \u30eb\u30d5\u30a3\u3084\u30bd\u30d5\u30a3\u30fc\u306f\u3001\u305d\u306e\u8c61\u5fb4\u7684\u306a\u5e3d\u5b50\u306a\u3057\u306b\u306f\u3069\u3046\u306a\u308b\u306e\u3060\u308d\u3046\u304b\uff1f &#8220;\u5c02\u9580\u5bb6\u306e\u6307\u5c0e\u306e\u4e0b\u3001\u30b7\u30f3\u30d7\u30eb\u306a\u9ea6\u308f\u3089\u5e3d\u5b50\u3092\u4f5c\u308b\uff01\u30eb\u30d5\u30a3\u304b\u3089\u30bd\u30d5\u30a3\u30fc\u307e\u3067\u3001\u3042\u308b\u3044\u306f\u6b21\u306eLARP\u306e\u305f\u3081\u306b\u3002\u98fe\u308a\u4ed8\u3051\u306f\u3001\u4e09\u3064\u7de8\u307f\u3001\u82b1\u3001\u98fe\u308a\u306a\u3069\u3092\u7528\u610f\u3059\u308b\u304c\u3001\u81ea\u5206\u306e\u98fe\u308a\u3092\u6301\u53c2\u3059\u308b\u3053\u3068\u3082\u6b53\u8fce\u3059\u308b\u3002\u7cca\u4ed8\u3051\u3088\u308a\u3082\u7e2b\u3044\u4ed8\u3051\u304c\u591a\u304f\u306a\u308b\u306e\u3067\u3001\u5c11\u3057\u306e\u5fcd\u8010\u529b\u3068\u5668\u7528\u3055\u3092\u6301\u53c2\u3057\u3066\u307b\u3057\u3044\u3002 \u7279\u5225\u306a\u8cea\u554f\u3084\u8981\u671b\u304c\u3042\u308c\u3070\u3001\u4e8b\u524d\u306b hut@wellenkind.at \u307e\u3067\u9001\u3063\u3066\u307b\u3057\u3044\u3002 \u6240\u8981\u6642\u9593\uff1a\u30d1\u30fc\u30c81\uff1a1\uff5e2\u6642\u9593\u30d1\u30fc\u30c82\uff1a3\uff5e4\u6642\u9593 \u53c2\u52a0\u8005\u6570\uff1a5 -\u30a4\u30f3\u30d5\u30a9\u30dd\u30a4\u30f3\u30c8\u3067\u306e\u767b\u9332 \u53c2\u52a0\u8cbb\uff1a50 \u20ac -\u30ef\u30fc\u30af\u30b7\u30e7\u30c3\u30d7\u3067\u652f\u6255\u3046\u3002 \u30bd\u30fc\u30b7\u30e3\u30eb\u30e1\u30c7\u30a3\u30a2\uff1ahttps:\/\/www.instagram.com\/wellenkind_millinery www.facebook.com\/wellenkind\/ www.wellenkind.at\" \/>\n<meta property=\"og:url\" content=\"https:\/\/www.aninite.at\/ja\/vortraege-workshops-wellenkind\/\" \/>\n<meta property=\"og:site_name\" content=\"AniNite\" \/>\n<meta property=\"article:publisher\" content=\"https:\/\/www.facebook.com\/AniMangaAustria\" \/>\n<meta property=\"article:modified_time\" content=\"2025-07-19T07:11:12+00:00\" \/>\n<meta property=\"og:image\" content=\"https:\/\/www.aninite.at\/wp-content\/uploads\/SAM_7717-scaled.jpg\" \/>\n\t<meta property=\"og:image:width\" content=\"2560\" \/>\n\t<meta property=\"og:image:height\" content=\"1707\" \/>\n\t<meta property=\"og:image:type\" content=\"image\/jpeg\" \/>\n<meta name=\"twitter:card\" content=\"summary_large_image\" \/>\n<script type=\"application\/ld+json\" class=\"yoast-schema-graph\">{\"@context\":\"https:\\\/\\\/schema.org\",\"@graph\":[{\"@type\":\"WebPage\",\"@id\":\"https:\\\/\\\/www.aninite.at\\\/ja\\\/vortraege-workshops-wellenkind\\\/\",\"url\":\"https:\\\/\\\/www.aninite.at\\\/ja\\\/vortraege-workshops-wellenkind\\\/\",\"name\":\"\u30ec\u30af\u30c1\u30e3\u30fc\uff06\u30ef\u30fc\u30af\u30b7\u30e7\u30c3\u30d7 - \u30a6\u30a7\u30ec\u30f3\u30ad\u30f3\u30c8 - AniNite\",\"isPartOf\":{\"@id\":\"https:\\\/\\\/www.aninite.at\\\/ja\\\/#website\"},\"primaryImageOfPage\":{\"@id\":\"https:\\\/\\\/www.aninite.at\\\/ja\\\/vortraege-workshops-wellenkind\\\/#primaryimage\"},\"image\":{\"@id\":\"https:\\\/\\\/www.aninite.at\\\/ja\\\/vortraege-workshops-wellenkind\\\/#primaryimage\"},\"thumbnailUrl\":\"https:\\\/\\\/www.aninite.at\\\/wp-content\\\/uploads\\\/\\\/SAM_7717-1024x683.jpg\",\"datePublished\":\"2025-07-13T23:12:19+00:00\",\"dateModified\":\"2025-07-19T07:11:12+00:00\",\"breadcrumb\":{\"@id\":\"https:\\\/\\\/www.aninite.at\\\/ja\\\/vortraege-workshops-wellenkind\\\/#breadcrumb\"},\"inLanguage\":\"ja\",\"potentialAction\":[{\"@type\":\"ReadAction\",\"target\":[\"https:\\\/\\\/www.aninite.at\\\/ja\\\/vortraege-workshops-wellenkind\\\/\"]}]},{\"@type\":\"ImageObject\",\"inLanguage\":\"ja\",\"@id\":\"https:\\\/\\\/www.aninite.at\\\/ja\\\/vortraege-workshops-wellenkind\\\/#primaryimage\",\"url\":\"https:\\\/\\\/www.aninite.at\\\/wp-content\\\/uploads\\\/\\\/SAM_7717-1024x683.jpg\",\"contentUrl\":\"https:\\\/\\\/www.aninite.at\\\/wp-content\\\/uploads\\\/\\\/SAM_7717-1024x683.jpg\"},{\"@type\":\"BreadcrumbList\",\"@id\":\"https:\\\/\\\/www.aninite.at\\\/ja\\\/vortraege-workshops-wellenkind\\\/#breadcrumb\",\"itemListElement\":[{\"@type\":\"ListItem\",\"position\":1,\"name\":\"Startseite\",\"item\":\"https:\\\/\\\/www.aninite.at\\\/ja\\\/willkommen\\\/\"},{\"@type\":\"ListItem\",\"position\":2,\"name\":\"\u30ec\u30af\u30c1\u30e3\u30fc\uff06\u30ef\u30fc\u30af\u30b7\u30e7\u30c3\u30d7 - \u30a6\u30a7\u30ec\u30f3\u30ad\u30f3\u30c8\"}]},{\"@type\":\"WebSite\",\"@id\":\"https:\\\/\\\/www.aninite.at\\\/ja\\\/#website\",\"url\":\"https:\\\/\\\/www.aninite.at\\\/ja\\\/\",\"name\":\"AniNite\",\"description\":\"\u00d6sterreichs gr\u00f6\u00dfte Anime-, Manga- und Comic-Convention\",\"potentialAction\":[{\"@type\":\"SearchAction\",\"target\":{\"@type\":\"EntryPoint\",\"urlTemplate\":\"https:\\\/\\\/www.aninite.at\\\/ja\\\/?s={search_term_string}\"},\"query-input\":{\"@type\":\"PropertyValueSpecification\",\"valueRequired\":true,\"valueName\":\"search_term_string\"}}],\"inLanguage\":\"ja\"}]}<\/script>\n<!-- \/ Yoast SEO plugin. -->","yoast_head_json":{"title":"\u30ec\u30af\u30c1\u30e3\u30fc\uff06\u30ef\u30fc\u30af\u30b7\u30e7\u30c3\u30d7 - \u30a6\u30a7\u30ec\u30f3\u30ad\u30f3\u30c8 - AniNite","robots":{"index":"index","follow":"follow","max-snippet":"max-snippet:-1","max-image-preview":"max-image-preview:large","max-video-preview":"max-video-preview:-1"},"canonical":"https:\/\/www.aninite.at\/ja\/vortraege-workshops-wellenkind\/","og_locale":"ja_JP","og_type":"article","og_title":"\u30ec\u30af\u30c1\u30e3\u30fc\uff06\u30ef\u30fc\u30af\u30b7\u30e7\u30c3\u30d7 - \u30a6\u30a7\u30ec\u30f3\u30ad\u30f3\u30c8 - AniNite","og_description":"\u9ea6\u308f\u3089\u5e3d\u5b50\u3092\u4f5c\u308d\u3046 \u7b2c1\u90e8\uff1a\u91d1\u66dc\u65e5 13:30 - 15:30 - 0.50\u53f7\u5ba4\u30d1\u30fc\u30c82\uff1a\u571f\u66dc\u65e514.15 - 18.15 - 0.50\u53f7\u5ba4 \u30eb\u30d5\u30a3\u3084\u30bd\u30d5\u30a3\u30fc\u306f\u3001\u305d\u306e\u8c61\u5fb4\u7684\u306a\u5e3d\u5b50\u306a\u3057\u306b\u306f\u3069\u3046\u306a\u308b\u306e\u3060\u308d\u3046\u304b\uff1f &#8220;\u5c02\u9580\u5bb6\u306e\u6307\u5c0e\u306e\u4e0b\u3001\u30b7\u30f3\u30d7\u30eb\u306a\u9ea6\u308f\u3089\u5e3d\u5b50\u3092\u4f5c\u308b\uff01\u30eb\u30d5\u30a3\u304b\u3089\u30bd\u30d5\u30a3\u30fc\u307e\u3067\u3001\u3042\u308b\u3044\u306f\u6b21\u306eLARP\u306e\u305f\u3081\u306b\u3002\u98fe\u308a\u4ed8\u3051\u306f\u3001\u4e09\u3064\u7de8\u307f\u3001\u82b1\u3001\u98fe\u308a\u306a\u3069\u3092\u7528\u610f\u3059\u308b\u304c\u3001\u81ea\u5206\u306e\u98fe\u308a\u3092\u6301\u53c2\u3059\u308b\u3053\u3068\u3082\u6b53\u8fce\u3059\u308b\u3002\u7cca\u4ed8\u3051\u3088\u308a\u3082\u7e2b\u3044\u4ed8\u3051\u304c\u591a\u304f\u306a\u308b\u306e\u3067\u3001\u5c11\u3057\u306e\u5fcd\u8010\u529b\u3068\u5668\u7528\u3055\u3092\u6301\u53c2\u3057\u3066\u307b\u3057\u3044\u3002 \u7279\u5225\u306a\u8cea\u554f\u3084\u8981\u671b\u304c\u3042\u308c\u3070\u3001\u4e8b\u524d\u306b hut@wellenkind.at \u307e\u3067\u9001\u3063\u3066\u307b\u3057\u3044\u3002 \u6240\u8981\u6642\u9593\uff1a\u30d1\u30fc\u30c81\uff1a1\uff5e2\u6642\u9593\u30d1\u30fc\u30c82\uff1a3\uff5e4\u6642\u9593 \u53c2\u52a0\u8005\u6570\uff1a5 -\u30a4\u30f3\u30d5\u30a9\u30dd\u30a4\u30f3\u30c8\u3067\u306e\u767b\u9332 \u53c2\u52a0\u8cbb\uff1a50 \u20ac -\u30ef\u30fc\u30af\u30b7\u30e7\u30c3\u30d7\u3067\u652f\u6255\u3046\u3002 \u30bd\u30fc\u30b7\u30e3\u30eb\u30e1\u30c7\u30a3\u30a2\uff1ahttps:\/\/www.instagram.com\/wellenkind_millinery www.facebook.com\/wellenkind\/ www.wellenkind.at","og_url":"https:\/\/www.aninite.at\/ja\/vortraege-workshops-wellenkind\/","og_site_name":"AniNite","article_publisher":"https:\/\/www.facebook.com\/AniMangaAustria","article_modified_time":"2025-07-19T07:11:12+00:00","og_image":[{"width":2560,"height":1707,"url":"https:\/\/www.aninite.at\/wp-content\/uploads\/SAM_7717-scaled.jpg","type":"image\/jpeg"}],"twitter_card":"summary_large_image","schema":{"@context":"https:\/\/schema.org","@graph":[{"@type":"WebPage","@id":"https:\/\/www.aninite.at\/ja\/vortraege-workshops-wellenkind\/","url":"https:\/\/www.aninite.at\/ja\/vortraege-workshops-wellenkind\/","name":"\u30ec\u30af\u30c1\u30e3\u30fc\uff06\u30ef\u30fc\u30af\u30b7\u30e7\u30c3\u30d7 - \u30a6\u30a7\u30ec\u30f3\u30ad\u30f3\u30c8 - AniNite","isPartOf":{"@id":"https:\/\/www.aninite.at\/ja\/#website"},"primaryImageOfPage":{"@id":"https:\/\/www.aninite.at\/ja\/vortraege-workshops-wellenkind\/#primaryimage"},"image":{"@id":"https:\/\/www.aninite.at\/ja\/vortraege-workshops-wellenkind\/#primaryimage"},"thumbnailUrl":"https:\/\/www.aninite.at\/wp-content\/uploads\/\/SAM_7717-1024x683.jpg","datePublished":"2025-07-13T23:12:19+00:00","dateModified":"2025-07-19T07:11:12+00:00","breadcrumb":{"@id":"https:\/\/www.aninite.at\/ja\/vortraege-workshops-wellenkind\/#breadcrumb"},"inLanguage":"ja","potentialAction":[{"@type":"ReadAction","target":["https:\/\/www.aninite.at\/ja\/vortraege-workshops-wellenkind\/"]}]},{"@type":"ImageObject","inLanguage":"ja","@id":"https:\/\/www.aninite.at\/ja\/vortraege-workshops-wellenkind\/#primaryimage","url":"https:\/\/www.aninite.at\/wp-content\/uploads\/\/SAM_7717-1024x683.jpg","contentUrl":"https:\/\/www.aninite.at\/wp-content\/uploads\/\/SAM_7717-1024x683.jpg"},{"@type":"BreadcrumbList","@id":"https:\/\/www.aninite.at\/ja\/vortraege-workshops-wellenkind\/#breadcrumb","itemListElement":[{"@type":"ListItem","position":1,"name":"Startseite","item":"https:\/\/www.aninite.at\/ja\/willkommen\/"},{"@type":"ListItem","position":2,"name":"\u30ec\u30af\u30c1\u30e3\u30fc\uff06\u30ef\u30fc\u30af\u30b7\u30e7\u30c3\u30d7 - \u30a6\u30a7\u30ec\u30f3\u30ad\u30f3\u30c8"}]},{"@type":"WebSite","@id":"https:\/\/www.aninite.at\/ja\/#website","url":"https:\/\/www.aninite.at\/ja\/","name":"AniNite","description":"\u00d6sterreichs gr\u00f6\u00dfte Anime-, Manga- und Comic-Convention","potentialAction":[{"@type":"SearchAction","target":{"@type":"EntryPoint","urlTemplate":"https:\/\/www.aninite.at\/ja\/?s={search_term_string}"},"query-input":{"@type":"PropertyValueSpecification","valueRequired":true,"valueName":"search_term_string"}}],"inLanguage":"ja"}]}},"acf":[],"_links":{"self":[{"href":"https:\/\/www.aninite.at\/ja\/wp-json\/wp\/v2\/pages\/34050","targetHints":{"allow":["GET"]}}],"collection":[{"href":"https:\/\/www.aninite.at\/ja\/wp-json\/wp\/v2\/pages"}],"about":[{"href":"https:\/\/www.aninite.at\/ja\/wp-json\/wp\/v2\/types\/page"}],"author":[{"embeddable":true,"href":"https:\/\/www.aninite.at\/ja\/wp-json\/wp\/v2\/users\/13"}],"replies":[{"embeddable":true,"href":"https:\/\/www.aninite.at\/ja\/wp-json\/wp\/v2\/comments?post=34050"}],"version-history":[{"count":3,"href":"https:\/\/www.aninite.at\/ja\/wp-json\/wp\/v2\/pages\/34050\/revisions"}],"predecessor-version":[{"id":34236,"href":"https:\/\/www.aninite.at\/ja\/wp-json\/wp\/v2\/pages\/34050\/revisions\/34236"}],"wp:attachment":[{"href":"https:\/\/www.aninite.at\/ja\/wp-json\/wp\/v2\/media?parent=34050"}],"curies":[{"name":"wp","href":"https:\/\/api.w.org\/{rel}","templated":true}]}}