{"id":34056,"date":"2025-07-13T23:27:28","date_gmt":"2025-07-13T21:27:28","guid":{"rendered":"https:\/\/www.aninite.at\/vortraege-workshops-quinns-art\/"},"modified":"2025-07-19T09:19:51","modified_gmt":"2025-07-19T07:19:51","slug":"vortraege-workshops-quinns-art","status":"publish","type":"page","link":"https:\/\/www.aninite.at\/ja\/vortraege-workshops-quinns-art\/","title":{"rendered":"\u30ec\u30af\u30c1\u30e3\u30fc\uff06\u30ef\u30fc\u30af\u30b7\u30e7\u30c3\u30d7 - \u30af\u30a4\u30f3\u30ba\u30fb\u30a2\u30fc\u30c8"},"content":{"rendered":"\n<figure class=\"wp-block-image size-full is-resized\"><img decoding=\"async\" src=\"https:\/\/www.aninite.at\/wp-content\/uploads\/Teaser_Quinn&#xB4;sArt.png\" alt=\"\" class=\"wp-image-33844\" style=\"width:404px;height:auto\"\/><\/figure>\n\n<h2 class=\"wp-block-heading\"><em><mark style=\"background-color:rgba(0, 0, 0, 0)\" class=\"has-inline-color has-vivid-red-color\">\u304b\u3093\u3056\u3057\u30a2\u30fc\u30c8 1&#215;1<\/mark><\/em><\/h2>\n\n<p><em><mark style=\"background-color:rgba(0, 0, 0, 0)\" class=\"has-inline-color has-vivid-red-color\">\u65e5\u66dc\u65e5 10:30 - 11:30 - 0.32\u53f7\u5ba4<\/mark><\/em><\/p>\n\n<p>\u8272\u5f69\u8c4a\u304b\u306a\u304b\u3093\u3056\u3057\u30a2\u30fc\u30c8\u306e\u4e16\u754c\u306b\u6d78\u308d\u3046\u3002\u79c1\u306e\u30ef\u30fc\u30af\u30b7\u30e7\u30c3\u30d7 &#8220;\u304b\u3093\u3056\u3057\u30a2\u30fc\u30c8\u306e1&#215;1 &#8220;\u3067\u306f\u3001\u304b\u3093\u3056\u3057\u30a2\u30fc\u30c8\u3092\u59cb\u3081\u308b\u306e\u306b\u5fc5\u8981\u306a\u6700\u3082\u91cd\u8981\u306a\u6750\u6599\u3068\u9053\u5177\u306b\u3064\u3044\u3066\u3059\u3079\u3066\u8aac\u660e\u3059\u308b\u3002\u521d\u3081\u3066\u7f8e\u3057\u3044\u304b\u3093\u3056\u3057\u306e\u82b1\u3092\u4f5c\u308b\u306e\u306b\u5fc5\u8981\u306a\u751f\u5730\u3001\u88c1\u65ad\u9053\u5177\u3001\u30a2\u30af\u30bb\u30b5\u30ea\u30fc\u3092\u7d39\u4ecb\u3059\u308b\u3002\u307e\u305f\u3001\u6750\u6599\u3092\u5b89\u304f\u3001\u9ad8\u54c1\u8cea\u3067\u8cfc\u5165\u3067\u304d\u308b\u5834\u6240\u3084\u30b3\u30c4\u3082\u7d39\u4ecb\u3059\u308b\u3002\u3053\u308c\u3067\u3001\u3042\u306a\u305f\u306e\u30af\u30ea\u30a8\u30a4\u30c6\u30a3\u30d6\u306a\u30b9\u30bf\u30fc\u30c8\u3092\u90aa\u9b54\u3059\u308b\u3082\u306e\u306f\u4f55\u3082\u306a\u304f\u306a\u3063\u305f\uff01    <\/p>\n\n<p><strong>\u6240\u8981\u6642\u9593\uff1a<\/strong><br\/>1\u6642\u9593<\/p>\n\n<p><strong>\u53c2\u52a0\u8005\u6570\uff1a<\/strong><br\/>30\u540d -<mark style=\"background-color:rgba(0, 0, 0, 0)\" class=\"has-inline-color has-luminous-vivid-amber-color\">\u30a4\u30f3\u30d5\u30a9\u30dd\u30a4\u30f3\u30c8\u306b\u3066\u53d7\u4ed8<\/mark><\/p>\n\n<p><strong>\u30bd\u30fc\u30b7\u30e3\u30eb\u30e1\u30c7\u30a3\u30a2<\/strong>\uff1a<br\/>quinnskanzashi<\/p>\n\n<figure class=\"wp-block-gallery has-nested-images columns-default is-cropped wp-block-gallery-1 is-layout-flex wp-block-gallery-is-layout-flex\">\n<figure class=\"wp-block-image size-large\"><img loading=\"lazy\" decoding=\"async\" width=\"970\" height=\"1024\" data-id=\"33838\" src=\"https:\/\/www.aninite.at\/wp-content\/uploads\/\/QuinnsArt-1-970x1024.jpg\" alt=\"\" class=\"wp-image-33838\" srcset=\"https:\/\/www.aninite.at\/wp-content\/uploads\/QuinnsArt-1-970x1024.jpg 970w, https:\/\/www.aninite.at\/wp-content\/uploads\/QuinnsArt-1-284x300.jpg 284w, https:\/\/www.aninite.at\/wp-content\/uploads\/QuinnsArt-1-768x811.jpg 768w, https:\/\/www.aninite.at\/wp-content\/uploads\/QuinnsArt-1-1455x1536.jpg 1455w, https:\/\/www.aninite.at\/wp-content\/uploads\/QuinnsArt-1-1940x2048.jpg 1940w, https:\/\/www.aninite.at\/wp-content\/uploads\/QuinnsArt-1-1140x1203.jpg 1140w, https:\/\/www.aninite.at\/wp-content\/uploads\/QuinnsArt-1.jpg 2033w\" sizes=\"auto, (max-width: 970px) 100vw, 970px\" \/><\/figure>\n\n\n\n<figure class=\"wp-block-image size-large\"><img loading=\"lazy\" decoding=\"async\" width=\"706\" height=\"1024\" data-id=\"33841\" src=\"https:\/\/www.aninite.at\/wp-content\/uploads\/\/QuinnsArt5-706x1024.jpg\" alt=\"\" class=\"wp-image-33841\" srcset=\"https:\/\/www.aninite.at\/wp-content\/uploads\/QuinnsArt5-706x1024.jpg 706w, https:\/\/www.aninite.at\/wp-content\/uploads\/QuinnsArt5-207x300.jpg 207w, https:\/\/www.aninite.at\/wp-content\/uploads\/QuinnsArt5-768x1114.jpg 768w, https:\/\/www.aninite.at\/wp-content\/uploads\/QuinnsArt5-1059x1536.jpg 1059w, https:\/\/www.aninite.at\/wp-content\/uploads\/QuinnsArt5-1412x2048.jpg 1412w, https:\/\/www.aninite.at\/wp-content\/uploads\/QuinnsArt5-1140x1654.jpg 1140w, https:\/\/www.aninite.at\/wp-content\/uploads\/QuinnsArt5-scaled.jpg 1765w\" sizes=\"auto, (max-width: 706px) 100vw, 706px\" \/><\/figure>\n\n\n\n<figure class=\"wp-block-image size-large\"><img decoding=\"async\" data-id=\"33844\" src=\"https:\/\/www.aninite.at\/wp-content\/uploads\/Teaser_Quinn&#xB4;sArt.png\" alt=\"\" class=\"wp-image-33844\"\/><\/figure>\n<\/figure>\n","protected":false},"excerpt":{"rendered":"<p>\u304b\u3093\u3056\u3057\u30a2\u30fc\u30c8 1&#215;1 \u65e5\u66dc\u65e5 10:30 - 11:30 - 0.32\u53f7\u5ba4 \u8272\u5f69\u8c4a\u304b\u306a\u304b\u3093\u3056\u3057\u30a2\u30fc\u30c8\u306e\u4e16\u754c\u306b\u6d78\u308d\u3046\u3002\u79c1\u306e\u30ef\u30fc\u30af\u30b7\u30e7\u30c3\u30d7 &#8220;\u304b\u3093\u3056\u3057\u30a2\u30fc\u30c8\u306e1&#215;1 &#8220;\u3067\u306f\u3001\u304b\u3093\u3056\u3057\u30a2\u30fc\u30c8\u3092\u59cb\u3081\u308b\u306e\u306b\u5fc5\u8981\u306a\u6700\u3082\u91cd\u8981\u306a\u6750\u6599\u3068\u9053\u5177\u306b\u3064\u3044\u3066\u3059\u3079\u3066\u8aac\u660e\u3059\u308b\u3002\u521d\u3081\u3066\u7f8e\u3057\u3044\u304b\u3093\u3056\u3057\u306e\u82b1\u3092\u4f5c\u308b\u306e\u306b\u5fc5\u8981\u306a\u751f\u5730\u3001\u88c1\u65ad\u9053\u5177\u3001\u30a2\u30af\u30bb\u30b5\u30ea\u30fc\u3092\u7d39\u4ecb\u3059\u308b\u3002\u307e\u305f\u3001\u6750\u6599\u3092\u5b89\u304f\u3001\u9ad8\u54c1\u8cea\u3067\u8cfc\u5165\u3067\u304d\u308b\u5834\u6240\u3084\u30b3\u30c4\u3082\u7d39\u4ecb\u3059\u308b\u3002\u3053\u308c\u3067\u3001\u3042\u306a\u305f\u306e\u30af\u30ea\u30a8\u30a4\u30c6\u30a3\u30d6\u306a\u30b9\u30bf\u30fc\u30c8\u3092\u90aa\u9b54\u3059\u308b\u3082\u306e\u306f\u4f55\u3082\u306a\u304f\u306a\u3063\u305f\uff01 \u6240\u8981\u6642\u9593\uff1a1\u6642\u9593 \u53c2\u52a0\u8005\u6570\uff1a30\u540d -\u30a4\u30f3\u30d5\u30a9\u30dd\u30a4\u30f3\u30c8\u306b\u3066\u53d7\u4ed8 \u30bd\u30fc\u30b7\u30e3\u30eb\u30e1\u30c7\u30a3\u30a2\uff1aquinnskanzashi<\/p>\n","protected":false},"author":13,"featured_media":0,"parent":0,"menu_order":0,"comment_status":"closed","ping_status":"closed","template":"","meta":{"inline_featured_image":false,"footnotes":""},"class_list":["post-34056","page","type-page","status-publish","hentry"],"yoast_head":"<!-- This site is optimized with the Yoast SEO plugin v27.5 - https:\/\/yoast.com\/product\/yoast-seo-wordpress\/ -->\n<title>\u30ec\u30af\u30c1\u30e3\u30fc\uff06\u30ef\u30fc\u30af\u30b7\u30e7\u30c3\u30d7 - \u30af\u30a4\u30f3\u30ba\u30fb\u30a2\u30fc\u30c8 - AniNite<\/title>\n<meta name=\"robots\" content=\"index, follow, max-snippet:-1, max-image-preview:large, max-video-preview:-1\" \/>\n<link rel=\"canonical\" href=\"https:\/\/www.aninite.at\/ja\/vortraege-workshops-quinns-art\/\" \/>\n<meta property=\"og:locale\" content=\"ja_JP\" \/>\n<meta property=\"og:type\" content=\"article\" \/>\n<meta property=\"og:title\" content=\"\u30ec\u30af\u30c1\u30e3\u30fc\uff06\u30ef\u30fc\u30af\u30b7\u30e7\u30c3\u30d7 - \u30af\u30a4\u30f3\u30ba\u30fb\u30a2\u30fc\u30c8 - AniNite\" \/>\n<meta property=\"og:description\" content=\"\u304b\u3093\u3056\u3057\u30a2\u30fc\u30c8 1&#215;1 \u65e5\u66dc\u65e5 10:30 - 11:30 - 0.32\u53f7\u5ba4 \u8272\u5f69\u8c4a\u304b\u306a\u304b\u3093\u3056\u3057\u30a2\u30fc\u30c8\u306e\u4e16\u754c\u306b\u6d78\u308d\u3046\u3002\u79c1\u306e\u30ef\u30fc\u30af\u30b7\u30e7\u30c3\u30d7 &#8220;\u304b\u3093\u3056\u3057\u30a2\u30fc\u30c8\u306e1&#215;1 &#8220;\u3067\u306f\u3001\u304b\u3093\u3056\u3057\u30a2\u30fc\u30c8\u3092\u59cb\u3081\u308b\u306e\u306b\u5fc5\u8981\u306a\u6700\u3082\u91cd\u8981\u306a\u6750\u6599\u3068\u9053\u5177\u306b\u3064\u3044\u3066\u3059\u3079\u3066\u8aac\u660e\u3059\u308b\u3002\u521d\u3081\u3066\u7f8e\u3057\u3044\u304b\u3093\u3056\u3057\u306e\u82b1\u3092\u4f5c\u308b\u306e\u306b\u5fc5\u8981\u306a\u751f\u5730\u3001\u88c1\u65ad\u9053\u5177\u3001\u30a2\u30af\u30bb\u30b5\u30ea\u30fc\u3092\u7d39\u4ecb\u3059\u308b\u3002\u307e\u305f\u3001\u6750\u6599\u3092\u5b89\u304f\u3001\u9ad8\u54c1\u8cea\u3067\u8cfc\u5165\u3067\u304d\u308b\u5834\u6240\u3084\u30b3\u30c4\u3082\u7d39\u4ecb\u3059\u308b\u3002\u3053\u308c\u3067\u3001\u3042\u306a\u305f\u306e\u30af\u30ea\u30a8\u30a4\u30c6\u30a3\u30d6\u306a\u30b9\u30bf\u30fc\u30c8\u3092\u90aa\u9b54\u3059\u308b\u3082\u306e\u306f\u4f55\u3082\u306a\u304f\u306a\u3063\u305f\uff01 \u6240\u8981\u6642\u9593\uff1a1\u6642\u9593 \u53c2\u52a0\u8005\u6570\uff1a30\u540d -\u30a4\u30f3\u30d5\u30a9\u30dd\u30a4\u30f3\u30c8\u306b\u3066\u53d7\u4ed8 \u30bd\u30fc\u30b7\u30e3\u30eb\u30e1\u30c7\u30a3\u30a2\uff1aquinnskanzashi\" \/>\n<meta property=\"og:url\" content=\"https:\/\/www.aninite.at\/ja\/vortraege-workshops-quinns-art\/\" \/>\n<meta property=\"og:site_name\" content=\"AniNite\" \/>\n<meta property=\"article:publisher\" content=\"https:\/\/www.facebook.com\/AniMangaAustria\" \/>\n<meta property=\"article:modified_time\" content=\"2025-07-19T07:19:51+00:00\" \/>\n<meta property=\"og:image\" content=\"https:\/\/www.aninite.at\/wp-content\/uploads\/Teaser_Quinn&#xB4;sArt.png\" \/>\n<meta name=\"twitter:card\" content=\"summary_large_image\" \/>\n<script type=\"application\/ld+json\" class=\"yoast-schema-graph\">{\"@context\":\"https:\\\/\\\/schema.org\",\"@graph\":[{\"@type\":\"WebPage\",\"@id\":\"https:\\\/\\\/www.aninite.at\\\/ja\\\/vortraege-workshops-quinns-art\\\/\",\"url\":\"https:\\\/\\\/www.aninite.at\\\/ja\\\/vortraege-workshops-quinns-art\\\/\",\"name\":\"\u30ec\u30af\u30c1\u30e3\u30fc\uff06\u30ef\u30fc\u30af\u30b7\u30e7\u30c3\u30d7 - \u30af\u30a4\u30f3\u30ba\u30fb\u30a2\u30fc\u30c8 - AniNite\",\"isPartOf\":{\"@id\":\"https:\\\/\\\/www.aninite.at\\\/ja\\\/#website\"},\"primaryImageOfPage\":{\"@id\":\"https:\\\/\\\/www.aninite.at\\\/ja\\\/vortraege-workshops-quinns-art\\\/#primaryimage\"},\"image\":{\"@id\":\"https:\\\/\\\/www.aninite.at\\\/ja\\\/vortraege-workshops-quinns-art\\\/#primaryimage\"},\"thumbnailUrl\":\"https:\\\/\\\/www.aninite.at\\\/wp-content\\\/uploads\\\/Teaser_Quinn&#xB4;sArt.png\",\"datePublished\":\"2025-07-13T21:27:28+00:00\",\"dateModified\":\"2025-07-19T07:19:51+00:00\",\"breadcrumb\":{\"@id\":\"https:\\\/\\\/www.aninite.at\\\/ja\\\/vortraege-workshops-quinns-art\\\/#breadcrumb\"},\"inLanguage\":\"ja\",\"potentialAction\":[{\"@type\":\"ReadAction\",\"target\":[\"https:\\\/\\\/www.aninite.at\\\/ja\\\/vortraege-workshops-quinns-art\\\/\"]}]},{\"@type\":\"ImageObject\",\"inLanguage\":\"ja\",\"@id\":\"https:\\\/\\\/www.aninite.at\\\/ja\\\/vortraege-workshops-quinns-art\\\/#primaryimage\",\"url\":\"https:\\\/\\\/www.aninite.at\\\/wp-content\\\/uploads\\\/Teaser_Quinn&#xB4;sArt.png\",\"contentUrl\":\"https:\\\/\\\/www.aninite.at\\\/wp-content\\\/uploads\\\/Teaser_Quinn&#xB4;sArt.png\"},{\"@type\":\"BreadcrumbList\",\"@id\":\"https:\\\/\\\/www.aninite.at\\\/ja\\\/vortraege-workshops-quinns-art\\\/#breadcrumb\",\"itemListElement\":[{\"@type\":\"ListItem\",\"position\":1,\"name\":\"Startseite\",\"item\":\"https:\\\/\\\/www.aninite.at\\\/ja\\\/willkommen\\\/\"},{\"@type\":\"ListItem\",\"position\":2,\"name\":\"\u30ec\u30af\u30c1\u30e3\u30fc\uff06\u30ef\u30fc\u30af\u30b7\u30e7\u30c3\u30d7 - \u30af\u30a4\u30f3\u30ba\u30fb\u30a2\u30fc\u30c8\"}]},{\"@type\":\"WebSite\",\"@id\":\"https:\\\/\\\/www.aninite.at\\\/ja\\\/#website\",\"url\":\"https:\\\/\\\/www.aninite.at\\\/ja\\\/\",\"name\":\"AniNite\",\"description\":\"\u00d6sterreichs gr\u00f6\u00dfte Anime-, Manga- und Comic-Convention\",\"potentialAction\":[{\"@type\":\"SearchAction\",\"target\":{\"@type\":\"EntryPoint\",\"urlTemplate\":\"https:\\\/\\\/www.aninite.at\\\/ja\\\/?s={search_term_string}\"},\"query-input\":{\"@type\":\"PropertyValueSpecification\",\"valueRequired\":true,\"valueName\":\"search_term_string\"}}],\"inLanguage\":\"ja\"}]}<\/script>\n<!-- \/ Yoast SEO plugin. -->","yoast_head_json":{"title":"\u30ec\u30af\u30c1\u30e3\u30fc\uff06\u30ef\u30fc\u30af\u30b7\u30e7\u30c3\u30d7 - \u30af\u30a4\u30f3\u30ba\u30fb\u30a2\u30fc\u30c8 - AniNite","robots":{"index":"index","follow":"follow","max-snippet":"max-snippet:-1","max-image-preview":"max-image-preview:large","max-video-preview":"max-video-preview:-1"},"canonical":"https:\/\/www.aninite.at\/ja\/vortraege-workshops-quinns-art\/","og_locale":"ja_JP","og_type":"article","og_title":"\u30ec\u30af\u30c1\u30e3\u30fc\uff06\u30ef\u30fc\u30af\u30b7\u30e7\u30c3\u30d7 - \u30af\u30a4\u30f3\u30ba\u30fb\u30a2\u30fc\u30c8 - AniNite","og_description":"\u304b\u3093\u3056\u3057\u30a2\u30fc\u30c8 1&#215;1 \u65e5\u66dc\u65e5 10:30 - 11:30 - 0.32\u53f7\u5ba4 \u8272\u5f69\u8c4a\u304b\u306a\u304b\u3093\u3056\u3057\u30a2\u30fc\u30c8\u306e\u4e16\u754c\u306b\u6d78\u308d\u3046\u3002\u79c1\u306e\u30ef\u30fc\u30af\u30b7\u30e7\u30c3\u30d7 &#8220;\u304b\u3093\u3056\u3057\u30a2\u30fc\u30c8\u306e1&#215;1 &#8220;\u3067\u306f\u3001\u304b\u3093\u3056\u3057\u30a2\u30fc\u30c8\u3092\u59cb\u3081\u308b\u306e\u306b\u5fc5\u8981\u306a\u6700\u3082\u91cd\u8981\u306a\u6750\u6599\u3068\u9053\u5177\u306b\u3064\u3044\u3066\u3059\u3079\u3066\u8aac\u660e\u3059\u308b\u3002\u521d\u3081\u3066\u7f8e\u3057\u3044\u304b\u3093\u3056\u3057\u306e\u82b1\u3092\u4f5c\u308b\u306e\u306b\u5fc5\u8981\u306a\u751f\u5730\u3001\u88c1\u65ad\u9053\u5177\u3001\u30a2\u30af\u30bb\u30b5\u30ea\u30fc\u3092\u7d39\u4ecb\u3059\u308b\u3002\u307e\u305f\u3001\u6750\u6599\u3092\u5b89\u304f\u3001\u9ad8\u54c1\u8cea\u3067\u8cfc\u5165\u3067\u304d\u308b\u5834\u6240\u3084\u30b3\u30c4\u3082\u7d39\u4ecb\u3059\u308b\u3002\u3053\u308c\u3067\u3001\u3042\u306a\u305f\u306e\u30af\u30ea\u30a8\u30a4\u30c6\u30a3\u30d6\u306a\u30b9\u30bf\u30fc\u30c8\u3092\u90aa\u9b54\u3059\u308b\u3082\u306e\u306f\u4f55\u3082\u306a\u304f\u306a\u3063\u305f\uff01 \u6240\u8981\u6642\u9593\uff1a1\u6642\u9593 \u53c2\u52a0\u8005\u6570\uff1a30\u540d -\u30a4\u30f3\u30d5\u30a9\u30dd\u30a4\u30f3\u30c8\u306b\u3066\u53d7\u4ed8 \u30bd\u30fc\u30b7\u30e3\u30eb\u30e1\u30c7\u30a3\u30a2\uff1aquinnskanzashi","og_url":"https:\/\/www.aninite.at\/ja\/vortraege-workshops-quinns-art\/","og_site_name":"AniNite","article_publisher":"https:\/\/www.facebook.com\/AniMangaAustria","article_modified_time":"2025-07-19T07:19:51+00:00","og_image":[{"url":"https:\/\/www.aninite.at\/wp-content\/uploads\/Teaser_Quinn&#xB4;sArt.png","type":"","width":"","height":""}],"twitter_card":"summary_large_image","schema":{"@context":"https:\/\/schema.org","@graph":[{"@type":"WebPage","@id":"https:\/\/www.aninite.at\/ja\/vortraege-workshops-quinns-art\/","url":"https:\/\/www.aninite.at\/ja\/vortraege-workshops-quinns-art\/","name":"\u30ec\u30af\u30c1\u30e3\u30fc\uff06\u30ef\u30fc\u30af\u30b7\u30e7\u30c3\u30d7 - \u30af\u30a4\u30f3\u30ba\u30fb\u30a2\u30fc\u30c8 - AniNite","isPartOf":{"@id":"https:\/\/www.aninite.at\/ja\/#website"},"primaryImageOfPage":{"@id":"https:\/\/www.aninite.at\/ja\/vortraege-workshops-quinns-art\/#primaryimage"},"image":{"@id":"https:\/\/www.aninite.at\/ja\/vortraege-workshops-quinns-art\/#primaryimage"},"thumbnailUrl":"https:\/\/www.aninite.at\/wp-content\/uploads\/Teaser_Quinn&#xB4;sArt.png","datePublished":"2025-07-13T21:27:28+00:00","dateModified":"2025-07-19T07:19:51+00:00","breadcrumb":{"@id":"https:\/\/www.aninite.at\/ja\/vortraege-workshops-quinns-art\/#breadcrumb"},"inLanguage":"ja","potentialAction":[{"@type":"ReadAction","target":["https:\/\/www.aninite.at\/ja\/vortraege-workshops-quinns-art\/"]}]},{"@type":"ImageObject","inLanguage":"ja","@id":"https:\/\/www.aninite.at\/ja\/vortraege-workshops-quinns-art\/#primaryimage","url":"https:\/\/www.aninite.at\/wp-content\/uploads\/Teaser_Quinn&#xB4;sArt.png","contentUrl":"https:\/\/www.aninite.at\/wp-content\/uploads\/Teaser_Quinn&#xB4;sArt.png"},{"@type":"BreadcrumbList","@id":"https:\/\/www.aninite.at\/ja\/vortraege-workshops-quinns-art\/#breadcrumb","itemListElement":[{"@type":"ListItem","position":1,"name":"Startseite","item":"https:\/\/www.aninite.at\/ja\/willkommen\/"},{"@type":"ListItem","position":2,"name":"\u30ec\u30af\u30c1\u30e3\u30fc\uff06\u30ef\u30fc\u30af\u30b7\u30e7\u30c3\u30d7 - \u30af\u30a4\u30f3\u30ba\u30fb\u30a2\u30fc\u30c8"}]},{"@type":"WebSite","@id":"https:\/\/www.aninite.at\/ja\/#website","url":"https:\/\/www.aninite.at\/ja\/","name":"AniNite","description":"\u00d6sterreichs gr\u00f6\u00dfte Anime-, Manga- und Comic-Convention","potentialAction":[{"@type":"SearchAction","target":{"@type":"EntryPoint","urlTemplate":"https:\/\/www.aninite.at\/ja\/?s={search_term_string}"},"query-input":{"@type":"PropertyValueSpecification","valueRequired":true,"valueName":"search_term_string"}}],"inLanguage":"ja"}]}},"acf":[],"_links":{"self":[{"href":"https:\/\/www.aninite.at\/ja\/wp-json\/wp\/v2\/pages\/34056","targetHints":{"allow":["GET"]}}],"collection":[{"href":"https:\/\/www.aninite.at\/ja\/wp-json\/wp\/v2\/pages"}],"about":[{"href":"https:\/\/www.aninite.at\/ja\/wp-json\/wp\/v2\/types\/page"}],"author":[{"embeddable":true,"href":"https:\/\/www.aninite.at\/ja\/wp-json\/wp\/v2\/users\/13"}],"replies":[{"embeddable":true,"href":"https:\/\/www.aninite.at\/ja\/wp-json\/wp\/v2\/comments?post=34056"}],"version-history":[{"count":2,"href":"https:\/\/www.aninite.at\/ja\/wp-json\/wp\/v2\/pages\/34056\/revisions"}],"predecessor-version":[{"id":34256,"href":"https:\/\/www.aninite.at\/ja\/wp-json\/wp\/v2\/pages\/34056\/revisions\/34256"}],"wp:attachment":[{"href":"https:\/\/www.aninite.at\/ja\/wp-json\/wp\/v2\/media?parent=34056"}],"curies":[{"name":"wp","href":"https:\/\/api.w.org\/{rel}","templated":true}]}}