{"id":34062,"date":"2025-07-14T00:02:46","date_gmt":"2025-07-13T22:02:46","guid":{"rendered":"https:\/\/www.aninite.at\/vortraege-workshops-oejg\/"},"modified":"2025-07-16T10:49:07","modified_gmt":"2025-07-16T08:49:07","slug":"vortraege-workshops-oejg","status":"publish","type":"page","link":"https:\/\/www.aninite.at\/ja\/vortraege-workshops-oejg\/","title":{"rendered":"\u30ec\u30af\u30c1\u30e3\u30fc\uff06\u30ef\u30fc\u30af\u30b7\u30e7\u30c3\u30d7 - \u00d6JG"},"content":{"rendered":"\n<h2 class=\"wp-block-heading\"><em><mark style=\"background-color:rgba(0, 0, 0, 0)\" class=\"has-inline-color has-vivid-red-color\">\u30aa\u30fc\u30b9\u30c8\u30ea\u30a2\u65e5\u672c\u5354\u4f1a\u306e\u6d3b\u52d5 - \u30aa\u30fc\u30b9\u30c8\u30ea\u30a2\u306b\u304a\u3051\u308b\u300c\u65e5\u672c\u4e8b\u60c5<\/mark><\/em><\/h2>\n\n<p><em><mark style=\"background-color:rgba(0, 0, 0, 0)\" class=\"has-inline-color has-vivid-red-color\">\u65e5\u66dc\u65e5 13:30 - 14:15 - 0.31\u53f7\u5ba4<\/mark><\/em><\/p>\n\n<p>\u30aa\u30fc\u30b9\u30c8\u30ea\u30a2\u65e5\u672c\u5354\u4f1a(\u00d6JG)\u304c\u30aa\u30fc\u30b9\u30c8\u30ea\u30a2\u3068\u65e5\u672c\u306e\u8ddd\u96e2\u3092\u7e2e\u3081\u308b - \u6587\u5316\u304b\u3089\u30b9\u30dd\u30fc\u30c4\u307e\u3067<\/p>\n\n<p><strong>\u6240\u8981\u6642\u9593\uff1a<\/strong><br\/>45\u5206<\/p>\n\n<p><strong>\u30bd\u30fc\u30b7\u30e3\u30eb\u30e1\u30c7\u30a3\u30a2<\/strong><br\/><a href=\"https:\/\/www.instagram.com\/oejg_official?igsh=aXk1cHpsd2JjNHJ0\" target=\"_blank\" rel=\"noreferrer noopener\">https:\/\/www.instagram.com\/oejg_official?igsh=aXk1cHpsd2JjNHJ0<\/a><\/p>\n","protected":false},"excerpt":{"rendered":"<p>\u30aa\u30fc\u30b9\u30c8\u30ea\u30a2\u65e5\u672c\u5354\u4f1a\u306e\u6d3b\u52d5 - \u30aa\u30fc\u30b9\u30c8\u30ea\u30a2\u306b\u304a\u3051\u308b\u300c\u65e5\u672c\u4e8b\u60c5 \u65e5\u66dc\u65e5 13:30 - 14:15 - 0.31\u53f7\u5ba4 \u30aa\u30fc\u30b9\u30c8\u30ea\u30a2\u65e5\u672c\u5354\u4f1a(\u00d6JG)\u304c\u30aa\u30fc\u30b9\u30c8\u30ea\u30a2\u3068\u65e5\u672c\u306e\u8ddd\u96e2\u3092\u7e2e\u3081\u308b - \u6587\u5316\u304b\u3089\u30b9\u30dd\u30fc\u30c4\u307e\u3067 \u6240\u8981\u6642\u9593\uff1a45\u5206 \u30bd\u30fc\u30b7\u30e3\u30eb\u30e1\u30c7\u30a3\u30a2https:\/\/www.instagram.com\/oejg_official?igsh=aXk1cHpsd2JjNHJ0<\/p>\n","protected":false},"author":13,"featured_media":0,"parent":0,"menu_order":0,"comment_status":"closed","ping_status":"closed","template":"","meta":{"inline_featured_image":false,"footnotes":""},"class_list":["post-34062","page","type-page","status-publish","hentry"],"yoast_head":"<!-- This site is optimized with the Yoast SEO plugin v27.5 - https:\/\/yoast.com\/product\/yoast-seo-wordpress\/ -->\n<title>\u30ec\u30af\u30c1\u30e3\u30fc\uff06\u30ef\u30fc\u30af\u30b7\u30e7\u30c3\u30d7 - \u00d6JG - AniNite<\/title>\n<meta name=\"robots\" content=\"index, follow, max-snippet:-1, max-image-preview:large, max-video-preview:-1\" \/>\n<link rel=\"canonical\" href=\"https:\/\/www.aninite.at\/ja\/vortraege-workshops-oejg\/\" \/>\n<meta property=\"og:locale\" content=\"ja_JP\" \/>\n<meta property=\"og:type\" content=\"article\" \/>\n<meta property=\"og:title\" content=\"\u30ec\u30af\u30c1\u30e3\u30fc\uff06\u30ef\u30fc\u30af\u30b7\u30e7\u30c3\u30d7 - \u00d6JG - AniNite\" \/>\n<meta property=\"og:description\" content=\"\u30aa\u30fc\u30b9\u30c8\u30ea\u30a2\u65e5\u672c\u5354\u4f1a\u306e\u6d3b\u52d5 - \u30aa\u30fc\u30b9\u30c8\u30ea\u30a2\u306b\u304a\u3051\u308b\u300c\u65e5\u672c\u4e8b\u60c5 \u65e5\u66dc\u65e5 13:30 - 14:15 - 0.31\u53f7\u5ba4 \u30aa\u30fc\u30b9\u30c8\u30ea\u30a2\u65e5\u672c\u5354\u4f1a(\u00d6JG)\u304c\u30aa\u30fc\u30b9\u30c8\u30ea\u30a2\u3068\u65e5\u672c\u306e\u8ddd\u96e2\u3092\u7e2e\u3081\u308b - \u6587\u5316\u304b\u3089\u30b9\u30dd\u30fc\u30c4\u307e\u3067 \u6240\u8981\u6642\u9593\uff1a45\u5206 \u30bd\u30fc\u30b7\u30e3\u30eb\u30e1\u30c7\u30a3\u30a2https:\/\/www.instagram.com\/oejg_official?igsh=aXk1cHpsd2JjNHJ0\" \/>\n<meta property=\"og:url\" content=\"https:\/\/www.aninite.at\/ja\/vortraege-workshops-oejg\/\" \/>\n<meta property=\"og:site_name\" content=\"AniNite\" \/>\n<meta property=\"article:publisher\" content=\"https:\/\/www.facebook.com\/AniMangaAustria\" \/>\n<meta property=\"article:modified_time\" content=\"2025-07-16T08:49:07+00:00\" \/>\n<meta property=\"og:image\" content=\"https:\/\/www.aninite.at\/wp-content\/uploads\/cropped-Icon_2025.jpg\" \/>\n\t<meta property=\"og:image:width\" content=\"512\" \/>\n\t<meta property=\"og:image:height\" content=\"512\" \/>\n\t<meta property=\"og:image:type\" content=\"image\/jpeg\" \/>\n<meta name=\"twitter:card\" content=\"summary_large_image\" \/>\n<script type=\"application\/ld+json\" class=\"yoast-schema-graph\">{\"@context\":\"https:\\\/\\\/schema.org\",\"@graph\":[{\"@type\":\"WebPage\",\"@id\":\"https:\\\/\\\/www.aninite.at\\\/ja\\\/vortraege-workshops-oejg\\\/\",\"url\":\"https:\\\/\\\/www.aninite.at\\\/ja\\\/vortraege-workshops-oejg\\\/\",\"name\":\"\u30ec\u30af\u30c1\u30e3\u30fc\uff06\u30ef\u30fc\u30af\u30b7\u30e7\u30c3\u30d7 - \u00d6JG - AniNite\",\"isPartOf\":{\"@id\":\"https:\\\/\\\/www.aninite.at\\\/ja\\\/#website\"},\"datePublished\":\"2025-07-13T22:02:46+00:00\",\"dateModified\":\"2025-07-16T08:49:07+00:00\",\"breadcrumb\":{\"@id\":\"https:\\\/\\\/www.aninite.at\\\/ja\\\/vortraege-workshops-oejg\\\/#breadcrumb\"},\"inLanguage\":\"ja\",\"potentialAction\":[{\"@type\":\"ReadAction\",\"target\":[\"https:\\\/\\\/www.aninite.at\\\/ja\\\/vortraege-workshops-oejg\\\/\"]}]},{\"@type\":\"BreadcrumbList\",\"@id\":\"https:\\\/\\\/www.aninite.at\\\/ja\\\/vortraege-workshops-oejg\\\/#breadcrumb\",\"itemListElement\":[{\"@type\":\"ListItem\",\"position\":1,\"name\":\"Startseite\",\"item\":\"https:\\\/\\\/www.aninite.at\\\/ja\\\/willkommen\\\/\"},{\"@type\":\"ListItem\",\"position\":2,\"name\":\"\u30ec\u30af\u30c1\u30e3\u30fc\uff06\u30ef\u30fc\u30af\u30b7\u30e7\u30c3\u30d7 &#8211; \u00d6JG\"}]},{\"@type\":\"WebSite\",\"@id\":\"https:\\\/\\\/www.aninite.at\\\/ja\\\/#website\",\"url\":\"https:\\\/\\\/www.aninite.at\\\/ja\\\/\",\"name\":\"AniNite\",\"description\":\"\u00d6sterreichs gr\u00f6\u00dfte Anime-, Manga- und Comic-Convention\",\"potentialAction\":[{\"@type\":\"SearchAction\",\"target\":{\"@type\":\"EntryPoint\",\"urlTemplate\":\"https:\\\/\\\/www.aninite.at\\\/ja\\\/?s={search_term_string}\"},\"query-input\":{\"@type\":\"PropertyValueSpecification\",\"valueRequired\":true,\"valueName\":\"search_term_string\"}}],\"inLanguage\":\"ja\"}]}<\/script>\n<!-- \/ Yoast SEO plugin. -->","yoast_head_json":{"title":"\u30ec\u30af\u30c1\u30e3\u30fc\uff06\u30ef\u30fc\u30af\u30b7\u30e7\u30c3\u30d7 - \u00d6JG - AniNite","robots":{"index":"index","follow":"follow","max-snippet":"max-snippet:-1","max-image-preview":"max-image-preview:large","max-video-preview":"max-video-preview:-1"},"canonical":"https:\/\/www.aninite.at\/ja\/vortraege-workshops-oejg\/","og_locale":"ja_JP","og_type":"article","og_title":"\u30ec\u30af\u30c1\u30e3\u30fc\uff06\u30ef\u30fc\u30af\u30b7\u30e7\u30c3\u30d7 - \u00d6JG - AniNite","og_description":"\u30aa\u30fc\u30b9\u30c8\u30ea\u30a2\u65e5\u672c\u5354\u4f1a\u306e\u6d3b\u52d5 - \u30aa\u30fc\u30b9\u30c8\u30ea\u30a2\u306b\u304a\u3051\u308b\u300c\u65e5\u672c\u4e8b\u60c5 \u65e5\u66dc\u65e5 13:30 - 14:15 - 0.31\u53f7\u5ba4 \u30aa\u30fc\u30b9\u30c8\u30ea\u30a2\u65e5\u672c\u5354\u4f1a(\u00d6JG)\u304c\u30aa\u30fc\u30b9\u30c8\u30ea\u30a2\u3068\u65e5\u672c\u306e\u8ddd\u96e2\u3092\u7e2e\u3081\u308b - \u6587\u5316\u304b\u3089\u30b9\u30dd\u30fc\u30c4\u307e\u3067 \u6240\u8981\u6642\u9593\uff1a45\u5206 \u30bd\u30fc\u30b7\u30e3\u30eb\u30e1\u30c7\u30a3\u30a2https:\/\/www.instagram.com\/oejg_official?igsh=aXk1cHpsd2JjNHJ0","og_url":"https:\/\/www.aninite.at\/ja\/vortraege-workshops-oejg\/","og_site_name":"AniNite","article_publisher":"https:\/\/www.facebook.com\/AniMangaAustria","article_modified_time":"2025-07-16T08:49:07+00:00","og_image":[{"width":512,"height":512,"url":"https:\/\/www.aninite.at\/wp-content\/uploads\/cropped-Icon_2025.jpg","type":"image\/jpeg"}],"twitter_card":"summary_large_image","schema":{"@context":"https:\/\/schema.org","@graph":[{"@type":"WebPage","@id":"https:\/\/www.aninite.at\/ja\/vortraege-workshops-oejg\/","url":"https:\/\/www.aninite.at\/ja\/vortraege-workshops-oejg\/","name":"\u30ec\u30af\u30c1\u30e3\u30fc\uff06\u30ef\u30fc\u30af\u30b7\u30e7\u30c3\u30d7 - \u00d6JG - AniNite","isPartOf":{"@id":"https:\/\/www.aninite.at\/ja\/#website"},"datePublished":"2025-07-13T22:02:46+00:00","dateModified":"2025-07-16T08:49:07+00:00","breadcrumb":{"@id":"https:\/\/www.aninite.at\/ja\/vortraege-workshops-oejg\/#breadcrumb"},"inLanguage":"ja","potentialAction":[{"@type":"ReadAction","target":["https:\/\/www.aninite.at\/ja\/vortraege-workshops-oejg\/"]}]},{"@type":"BreadcrumbList","@id":"https:\/\/www.aninite.at\/ja\/vortraege-workshops-oejg\/#breadcrumb","itemListElement":[{"@type":"ListItem","position":1,"name":"Startseite","item":"https:\/\/www.aninite.at\/ja\/willkommen\/"},{"@type":"ListItem","position":2,"name":"\u30ec\u30af\u30c1\u30e3\u30fc\uff06\u30ef\u30fc\u30af\u30b7\u30e7\u30c3\u30d7 &#8211; \u00d6JG"}]},{"@type":"WebSite","@id":"https:\/\/www.aninite.at\/ja\/#website","url":"https:\/\/www.aninite.at\/ja\/","name":"AniNite","description":"\u00d6sterreichs gr\u00f6\u00dfte Anime-, Manga- und Comic-Convention","potentialAction":[{"@type":"SearchAction","target":{"@type":"EntryPoint","urlTemplate":"https:\/\/www.aninite.at\/ja\/?s={search_term_string}"},"query-input":{"@type":"PropertyValueSpecification","valueRequired":true,"valueName":"search_term_string"}}],"inLanguage":"ja"}]}},"acf":[],"_links":{"self":[{"href":"https:\/\/www.aninite.at\/ja\/wp-json\/wp\/v2\/pages\/34062","targetHints":{"allow":["GET"]}}],"collection":[{"href":"https:\/\/www.aninite.at\/ja\/wp-json\/wp\/v2\/pages"}],"about":[{"href":"https:\/\/www.aninite.at\/ja\/wp-json\/wp\/v2\/types\/page"}],"author":[{"embeddable":true,"href":"https:\/\/www.aninite.at\/ja\/wp-json\/wp\/v2\/users\/13"}],"replies":[{"embeddable":true,"href":"https:\/\/www.aninite.at\/ja\/wp-json\/wp\/v2\/comments?post=34062"}],"version-history":[{"count":1,"href":"https:\/\/www.aninite.at\/ja\/wp-json\/wp\/v2\/pages\/34062\/revisions"}],"predecessor-version":[{"id":34065,"href":"https:\/\/www.aninite.at\/ja\/wp-json\/wp\/v2\/pages\/34062\/revisions\/34065"}],"wp:attachment":[{"href":"https:\/\/www.aninite.at\/ja\/wp-json\/wp\/v2\/media?parent=34062"}],"curies":[{"name":"wp","href":"https:\/\/api.w.org\/{rel}","templated":true}]}}