{"id":34064,"date":"2025-07-13T23:06:11","date_gmt":"2025-07-13T21:06:11","guid":{"rendered":"https:\/\/www.aninite.at\/vortraege-workshops-goro_orb\/"},"modified":"2025-07-16T10:49:16","modified_gmt":"2025-07-16T08:49:16","slug":"vortraege-workshops-goro_orb","status":"publish","type":"page","link":"https:\/\/www.aninite.at\/ja\/vortraege-workshops-goro_orb\/","title":{"rendered":"\u30ec\u30af\u30c1\u30e3\u30fc\uff06\u30ef\u30fc\u30af\u30b7\u30e7\u30c3\u30d7 - goro_orb"},"content":{"rendered":"\n<figure class=\"wp-block-image size-large is-resized\"><img loading=\"lazy\" decoding=\"async\" width=\"1024\" height=\"576\" src=\"https:\/\/www.aninite.at\/wp-content\/uploads\/\/N5ppkSU-1024x576.jpeg\" alt=\"\" class=\"wp-image-33832\" style=\"width:564px;height:auto\" srcset=\"https:\/\/www.aninite.at\/wp-content\/uploads\/N5ppkSU-1024x576.jpeg 1024w, https:\/\/www.aninite.at\/wp-content\/uploads\/N5ppkSU-300x169.jpeg 300w, https:\/\/www.aninite.at\/wp-content\/uploads\/N5ppkSU-768x432.jpeg 768w, https:\/\/www.aninite.at\/wp-content\/uploads\/N5ppkSU-1536x864.jpeg 1536w, https:\/\/www.aninite.at\/wp-content\/uploads\/N5ppkSU-2048x1152.jpeg 2048w, https:\/\/www.aninite.at\/wp-content\/uploads\/N5ppkSU-1140x641.jpeg 1140w\" sizes=\"auto, (max-width: 1024px) 100vw, 1024px\" \/><\/figure>\n\n<p><em><mark style=\"background-color:rgba(0, 0, 0, 0)\" class=\"has-inline-color has-vivid-red-color\">\u65e5\u66dc\u65e5 14:45 - 15:45 - 0.31\u53f7\u5ba4<\/mark><\/em><\/p>\n\n<p>\u8ab0\u3082\u304c\u304a\u3063\u3071\u3044\u304c\u5927\u597d\u304d\u3060\u304c\u3001\u6b63\u76f4\u306b\u8a00\u304a\u3046\uff1a\u304a\u3063\u3071\u3044\u3092\u63cf\u304f\u306e\u306f\u898b\u305f\u76ee\u4ee5\u4e0a\u306b\u96e3\u3057\u3044\u3082\u306e\u3060\u3002\u6c34\u98a8\u82392\u500b\u304b\u3001\u60b2\u3057\u3044\u30d1\u30f3\u30b1\u30fc\u30ad2\u679a\u306b\u306a\u3063\u3066\u3057\u307e\u3046\u3002\u3053\u306e\u30ef\u30fc\u30af\u30b7\u30e7\u30c3\u30d7\u3067\u306f\u3001\u304a\u3063\u3071\u3044\u3092\u5b8c\u74a7\u306b\u63cf\u304f\u65b9\u6cd5\u3092\u5b66\u3076\u3002\u308f\u304b\u308a\u3084\u3059\u3044\u30b9\u30c6\u30c3\u30d7\u30fb\u30d0\u30a4\u30fb\u30b9\u30c6\u30c3\u30d7\u306e\u89e3\u8aac\u3068\u5b9f\u8df5\u7684\u306a\u30d2\u30f3\u30c8\u3067\u3001\u30a2\u30ca\u30c8\u30df\u30fc\u306b\u81ea\u4fe1\u304c\u6301\u3066\u308b\u3088\u3046\u306b\u306a\u308b\u3002\u30dc\u30fc\u30ca\u30b9\u3068\u3057\u3066\u3001\u3042\u306a\u305f\u306e\u30d7\u30ed\u30b8\u30a7\u30af\u30c8\u306b\u4f7f\u3048\u308b\u30c6\u30f3\u30d7\u30ec\u30fc\u30c8\u3092\u7121\u6599\u3067\u30c0\u30a6\u30f3\u30ed\u30fc\u30c9\u3067\u304d\u308b\u3002\u521d\u5fc3\u8005\u3067\u3082\u30d7\u30ed\u3067\u3082\u3001\u3053\u306e\u672c\u3067\u6b63\u3057\u3044\u66f2\u7dda\u3092\u624b\u306b\u5165\u308c\u3088\u3046\uff01     <\/p>\n\n<p><strong>\u6240\u8981\u6642\u9593\uff1a<\/strong><br\/>1\u6642\u9593<\/p>\n\n<p><strong>\u30bd\u30fc\u30b7\u30e3\u30eb\u30e1\u30c7\u30a3\u30a2<\/strong>\uff1a<br\/>\u30c4\u30a4\u30c3\u30bf\u30fc\u3001\u30a4\u30f3\u30b9\u30bf\u30b0\u30e9\u30e0 goro_orb<\/p>\n\n<p><\/p>\n","protected":false},"excerpt":{"rendered":"<p>\u65e5\u66dc\u65e5 14:45 - 15:45 - 0.31\u53f7\u5ba4 \u8ab0\u3082\u304c\u304a\u3063\u3071\u3044\u304c\u5927\u597d\u304d\u3060\u304c\u3001\u6b63\u76f4\u306b\u8a00\u304a\u3046\uff1a\u304a\u3063\u3071\u3044\u3092\u63cf\u304f\u306e\u306f\u898b\u305f\u76ee\u4ee5\u4e0a\u306b\u96e3\u3057\u3044\u3082\u306e\u3060\u3002\u6c34\u98a8\u82392\u500b\u304b\u3001\u60b2\u3057\u3044\u30d1\u30f3\u30b1\u30fc\u30ad2\u679a\u306b\u306a\u3063\u3066\u3057\u307e\u3046\u3002\u3053\u306e\u30ef\u30fc\u30af\u30b7\u30e7\u30c3\u30d7\u3067\u306f\u3001\u304a\u3063\u3071\u3044\u3092\u5b8c\u74a7\u306b\u63cf\u304f\u65b9\u6cd5\u3092\u5b66\u3076\u3002\u308f\u304b\u308a\u3084\u3059\u3044\u30b9\u30c6\u30c3\u30d7\u30fb\u30d0\u30a4\u30fb\u30b9\u30c6\u30c3\u30d7\u306e\u89e3\u8aac\u3068\u5b9f\u8df5\u7684\u306a\u30d2\u30f3\u30c8\u3067\u3001\u30a2\u30ca\u30c8\u30df\u30fc\u306b\u81ea\u4fe1\u304c\u6301\u3066\u308b\u3088\u3046\u306b\u306a\u308b\u3002\u30dc\u30fc\u30ca\u30b9\u3068\u3057\u3066\u3001\u3042\u306a\u305f\u306e\u30d7\u30ed\u30b8\u30a7\u30af\u30c8\u306b\u4f7f\u3048\u308b\u30c6\u30f3\u30d7\u30ec\u30fc\u30c8\u3092\u7121\u6599\u3067\u30c0\u30a6\u30f3\u30ed\u30fc\u30c9\u3067\u304d\u308b\u3002\u521d\u5fc3\u8005\u3067\u3082\u30d7\u30ed\u3067\u3082\u3001\u3053\u306e\u672c\u3067\u6b63\u3057\u3044\u66f2\u7dda\u3092\u624b\u306b\u5165\u308c\u3088\u3046\uff01 \u6240\u8981\u6642\u9593\uff1a1\u6642\u9593 \u30bd\u30fc\u30b7\u30e3\u30eb\u30e1\u30c7\u30a3\u30a2\uff1a\u30c4\u30a4\u30c3\u30bf\u30fc\u3001\u30a4\u30f3\u30b9\u30bf\u30b0\u30e9\u30e0 goro_orb<\/p>\n","protected":false},"author":13,"featured_media":0,"parent":0,"menu_order":0,"comment_status":"closed","ping_status":"closed","template":"","meta":{"inline_featured_image":false,"footnotes":""},"class_list":["post-34064","page","type-page","status-publish","hentry"],"yoast_head":"<!-- This site is optimized with the Yoast SEO plugin v27.5 - https:\/\/yoast.com\/product\/yoast-seo-wordpress\/ -->\n<title>\u30ec\u30af\u30c1\u30e3\u30fc\uff06\u30ef\u30fc\u30af\u30b7\u30e7\u30c3\u30d7 - goro_orb - AniNite<\/title>\n<meta name=\"robots\" content=\"index, follow, max-snippet:-1, max-image-preview:large, max-video-preview:-1\" \/>\n<link rel=\"canonical\" href=\"https:\/\/www.aninite.at\/ja\/vortraege-workshops-goro_orb\/\" \/>\n<meta property=\"og:locale\" content=\"ja_JP\" \/>\n<meta property=\"og:type\" content=\"article\" \/>\n<meta property=\"og:title\" content=\"\u30ec\u30af\u30c1\u30e3\u30fc\uff06\u30ef\u30fc\u30af\u30b7\u30e7\u30c3\u30d7 - goro_orb - AniNite\" \/>\n<meta property=\"og:description\" content=\"\u65e5\u66dc\u65e5 14:45 - 15:45 - 0.31\u53f7\u5ba4 \u8ab0\u3082\u304c\u304a\u3063\u3071\u3044\u304c\u5927\u597d\u304d\u3060\u304c\u3001\u6b63\u76f4\u306b\u8a00\u304a\u3046\uff1a\u304a\u3063\u3071\u3044\u3092\u63cf\u304f\u306e\u306f\u898b\u305f\u76ee\u4ee5\u4e0a\u306b\u96e3\u3057\u3044\u3082\u306e\u3060\u3002\u6c34\u98a8\u82392\u500b\u304b\u3001\u60b2\u3057\u3044\u30d1\u30f3\u30b1\u30fc\u30ad2\u679a\u306b\u306a\u3063\u3066\u3057\u307e\u3046\u3002\u3053\u306e\u30ef\u30fc\u30af\u30b7\u30e7\u30c3\u30d7\u3067\u306f\u3001\u304a\u3063\u3071\u3044\u3092\u5b8c\u74a7\u306b\u63cf\u304f\u65b9\u6cd5\u3092\u5b66\u3076\u3002\u308f\u304b\u308a\u3084\u3059\u3044\u30b9\u30c6\u30c3\u30d7\u30fb\u30d0\u30a4\u30fb\u30b9\u30c6\u30c3\u30d7\u306e\u89e3\u8aac\u3068\u5b9f\u8df5\u7684\u306a\u30d2\u30f3\u30c8\u3067\u3001\u30a2\u30ca\u30c8\u30df\u30fc\u306b\u81ea\u4fe1\u304c\u6301\u3066\u308b\u3088\u3046\u306b\u306a\u308b\u3002\u30dc\u30fc\u30ca\u30b9\u3068\u3057\u3066\u3001\u3042\u306a\u305f\u306e\u30d7\u30ed\u30b8\u30a7\u30af\u30c8\u306b\u4f7f\u3048\u308b\u30c6\u30f3\u30d7\u30ec\u30fc\u30c8\u3092\u7121\u6599\u3067\u30c0\u30a6\u30f3\u30ed\u30fc\u30c9\u3067\u304d\u308b\u3002\u521d\u5fc3\u8005\u3067\u3082\u30d7\u30ed\u3067\u3082\u3001\u3053\u306e\u672c\u3067\u6b63\u3057\u3044\u66f2\u7dda\u3092\u624b\u306b\u5165\u308c\u3088\u3046\uff01 \u6240\u8981\u6642\u9593\uff1a1\u6642\u9593 \u30bd\u30fc\u30b7\u30e3\u30eb\u30e1\u30c7\u30a3\u30a2\uff1a\u30c4\u30a4\u30c3\u30bf\u30fc\u3001\u30a4\u30f3\u30b9\u30bf\u30b0\u30e9\u30e0 goro_orb\" \/>\n<meta property=\"og:url\" content=\"https:\/\/www.aninite.at\/ja\/vortraege-workshops-goro_orb\/\" \/>\n<meta property=\"og:site_name\" content=\"AniNite\" \/>\n<meta property=\"article:publisher\" content=\"https:\/\/www.facebook.com\/AniMangaAustria\" \/>\n<meta property=\"article:modified_time\" content=\"2025-07-16T08:49:16+00:00\" \/>\n<meta property=\"og:image\" content=\"https:\/\/www.aninite.at\/wp-content\/uploads\/N5ppkSU-scaled.jpeg\" \/>\n\t<meta property=\"og:image:width\" content=\"2560\" \/>\n\t<meta property=\"og:image:height\" content=\"1440\" \/>\n\t<meta property=\"og:image:type\" content=\"image\/jpeg\" \/>\n<meta name=\"twitter:card\" content=\"summary_large_image\" \/>\n<script type=\"application\/ld+json\" class=\"yoast-schema-graph\">{\"@context\":\"https:\\\/\\\/schema.org\",\"@graph\":[{\"@type\":\"WebPage\",\"@id\":\"https:\\\/\\\/www.aninite.at\\\/ja\\\/vortraege-workshops-goro_orb\\\/\",\"url\":\"https:\\\/\\\/www.aninite.at\\\/ja\\\/vortraege-workshops-goro_orb\\\/\",\"name\":\"\u30ec\u30af\u30c1\u30e3\u30fc\uff06\u30ef\u30fc\u30af\u30b7\u30e7\u30c3\u30d7 - goro_orb - AniNite\",\"isPartOf\":{\"@id\":\"https:\\\/\\\/www.aninite.at\\\/ja\\\/#website\"},\"primaryImageOfPage\":{\"@id\":\"https:\\\/\\\/www.aninite.at\\\/ja\\\/vortraege-workshops-goro_orb\\\/#primaryimage\"},\"image\":{\"@id\":\"https:\\\/\\\/www.aninite.at\\\/ja\\\/vortraege-workshops-goro_orb\\\/#primaryimage\"},\"thumbnailUrl\":\"https:\\\/\\\/www.aninite.at\\\/wp-content\\\/uploads\\\/\\\/N5ppkSU-1024x576.jpeg\",\"datePublished\":\"2025-07-13T21:06:11+00:00\",\"dateModified\":\"2025-07-16T08:49:16+00:00\",\"breadcrumb\":{\"@id\":\"https:\\\/\\\/www.aninite.at\\\/ja\\\/vortraege-workshops-goro_orb\\\/#breadcrumb\"},\"inLanguage\":\"ja\",\"potentialAction\":[{\"@type\":\"ReadAction\",\"target\":[\"https:\\\/\\\/www.aninite.at\\\/ja\\\/vortraege-workshops-goro_orb\\\/\"]}]},{\"@type\":\"ImageObject\",\"inLanguage\":\"ja\",\"@id\":\"https:\\\/\\\/www.aninite.at\\\/ja\\\/vortraege-workshops-goro_orb\\\/#primaryimage\",\"url\":\"https:\\\/\\\/www.aninite.at\\\/wp-content\\\/uploads\\\/\\\/N5ppkSU-1024x576.jpeg\",\"contentUrl\":\"https:\\\/\\\/www.aninite.at\\\/wp-content\\\/uploads\\\/\\\/N5ppkSU-1024x576.jpeg\"},{\"@type\":\"BreadcrumbList\",\"@id\":\"https:\\\/\\\/www.aninite.at\\\/ja\\\/vortraege-workshops-goro_orb\\\/#breadcrumb\",\"itemListElement\":[{\"@type\":\"ListItem\",\"position\":1,\"name\":\"Startseite\",\"item\":\"https:\\\/\\\/www.aninite.at\\\/ja\\\/willkommen\\\/\"},{\"@type\":\"ListItem\",\"position\":2,\"name\":\"\u30ec\u30af\u30c1\u30e3\u30fc\uff06\u30ef\u30fc\u30af\u30b7\u30e7\u30c3\u30d7 &#8211; goro_orb\"}]},{\"@type\":\"WebSite\",\"@id\":\"https:\\\/\\\/www.aninite.at\\\/ja\\\/#website\",\"url\":\"https:\\\/\\\/www.aninite.at\\\/ja\\\/\",\"name\":\"AniNite\",\"description\":\"\u00d6sterreichs gr\u00f6\u00dfte Anime-, Manga- und Comic-Convention\",\"potentialAction\":[{\"@type\":\"SearchAction\",\"target\":{\"@type\":\"EntryPoint\",\"urlTemplate\":\"https:\\\/\\\/www.aninite.at\\\/ja\\\/?s={search_term_string}\"},\"query-input\":{\"@type\":\"PropertyValueSpecification\",\"valueRequired\":true,\"valueName\":\"search_term_string\"}}],\"inLanguage\":\"ja\"}]}<\/script>\n<!-- \/ Yoast SEO plugin. -->","yoast_head_json":{"title":"\u30ec\u30af\u30c1\u30e3\u30fc\uff06\u30ef\u30fc\u30af\u30b7\u30e7\u30c3\u30d7 - goro_orb - AniNite","robots":{"index":"index","follow":"follow","max-snippet":"max-snippet:-1","max-image-preview":"max-image-preview:large","max-video-preview":"max-video-preview:-1"},"canonical":"https:\/\/www.aninite.at\/ja\/vortraege-workshops-goro_orb\/","og_locale":"ja_JP","og_type":"article","og_title":"\u30ec\u30af\u30c1\u30e3\u30fc\uff06\u30ef\u30fc\u30af\u30b7\u30e7\u30c3\u30d7 - goro_orb - AniNite","og_description":"\u65e5\u66dc\u65e5 14:45 - 15:45 - 0.31\u53f7\u5ba4 \u8ab0\u3082\u304c\u304a\u3063\u3071\u3044\u304c\u5927\u597d\u304d\u3060\u304c\u3001\u6b63\u76f4\u306b\u8a00\u304a\u3046\uff1a\u304a\u3063\u3071\u3044\u3092\u63cf\u304f\u306e\u306f\u898b\u305f\u76ee\u4ee5\u4e0a\u306b\u96e3\u3057\u3044\u3082\u306e\u3060\u3002\u6c34\u98a8\u82392\u500b\u304b\u3001\u60b2\u3057\u3044\u30d1\u30f3\u30b1\u30fc\u30ad2\u679a\u306b\u306a\u3063\u3066\u3057\u307e\u3046\u3002\u3053\u306e\u30ef\u30fc\u30af\u30b7\u30e7\u30c3\u30d7\u3067\u306f\u3001\u304a\u3063\u3071\u3044\u3092\u5b8c\u74a7\u306b\u63cf\u304f\u65b9\u6cd5\u3092\u5b66\u3076\u3002\u308f\u304b\u308a\u3084\u3059\u3044\u30b9\u30c6\u30c3\u30d7\u30fb\u30d0\u30a4\u30fb\u30b9\u30c6\u30c3\u30d7\u306e\u89e3\u8aac\u3068\u5b9f\u8df5\u7684\u306a\u30d2\u30f3\u30c8\u3067\u3001\u30a2\u30ca\u30c8\u30df\u30fc\u306b\u81ea\u4fe1\u304c\u6301\u3066\u308b\u3088\u3046\u306b\u306a\u308b\u3002\u30dc\u30fc\u30ca\u30b9\u3068\u3057\u3066\u3001\u3042\u306a\u305f\u306e\u30d7\u30ed\u30b8\u30a7\u30af\u30c8\u306b\u4f7f\u3048\u308b\u30c6\u30f3\u30d7\u30ec\u30fc\u30c8\u3092\u7121\u6599\u3067\u30c0\u30a6\u30f3\u30ed\u30fc\u30c9\u3067\u304d\u308b\u3002\u521d\u5fc3\u8005\u3067\u3082\u30d7\u30ed\u3067\u3082\u3001\u3053\u306e\u672c\u3067\u6b63\u3057\u3044\u66f2\u7dda\u3092\u624b\u306b\u5165\u308c\u3088\u3046\uff01 \u6240\u8981\u6642\u9593\uff1a1\u6642\u9593 \u30bd\u30fc\u30b7\u30e3\u30eb\u30e1\u30c7\u30a3\u30a2\uff1a\u30c4\u30a4\u30c3\u30bf\u30fc\u3001\u30a4\u30f3\u30b9\u30bf\u30b0\u30e9\u30e0 goro_orb","og_url":"https:\/\/www.aninite.at\/ja\/vortraege-workshops-goro_orb\/","og_site_name":"AniNite","article_publisher":"https:\/\/www.facebook.com\/AniMangaAustria","article_modified_time":"2025-07-16T08:49:16+00:00","og_image":[{"width":2560,"height":1440,"url":"https:\/\/www.aninite.at\/wp-content\/uploads\/N5ppkSU-scaled.jpeg","type":"image\/jpeg"}],"twitter_card":"summary_large_image","schema":{"@context":"https:\/\/schema.org","@graph":[{"@type":"WebPage","@id":"https:\/\/www.aninite.at\/ja\/vortraege-workshops-goro_orb\/","url":"https:\/\/www.aninite.at\/ja\/vortraege-workshops-goro_orb\/","name":"\u30ec\u30af\u30c1\u30e3\u30fc\uff06\u30ef\u30fc\u30af\u30b7\u30e7\u30c3\u30d7 - goro_orb - AniNite","isPartOf":{"@id":"https:\/\/www.aninite.at\/ja\/#website"},"primaryImageOfPage":{"@id":"https:\/\/www.aninite.at\/ja\/vortraege-workshops-goro_orb\/#primaryimage"},"image":{"@id":"https:\/\/www.aninite.at\/ja\/vortraege-workshops-goro_orb\/#primaryimage"},"thumbnailUrl":"https:\/\/www.aninite.at\/wp-content\/uploads\/\/N5ppkSU-1024x576.jpeg","datePublished":"2025-07-13T21:06:11+00:00","dateModified":"2025-07-16T08:49:16+00:00","breadcrumb":{"@id":"https:\/\/www.aninite.at\/ja\/vortraege-workshops-goro_orb\/#breadcrumb"},"inLanguage":"ja","potentialAction":[{"@type":"ReadAction","target":["https:\/\/www.aninite.at\/ja\/vortraege-workshops-goro_orb\/"]}]},{"@type":"ImageObject","inLanguage":"ja","@id":"https:\/\/www.aninite.at\/ja\/vortraege-workshops-goro_orb\/#primaryimage","url":"https:\/\/www.aninite.at\/wp-content\/uploads\/\/N5ppkSU-1024x576.jpeg","contentUrl":"https:\/\/www.aninite.at\/wp-content\/uploads\/\/N5ppkSU-1024x576.jpeg"},{"@type":"BreadcrumbList","@id":"https:\/\/www.aninite.at\/ja\/vortraege-workshops-goro_orb\/#breadcrumb","itemListElement":[{"@type":"ListItem","position":1,"name":"Startseite","item":"https:\/\/www.aninite.at\/ja\/willkommen\/"},{"@type":"ListItem","position":2,"name":"\u30ec\u30af\u30c1\u30e3\u30fc\uff06\u30ef\u30fc\u30af\u30b7\u30e7\u30c3\u30d7 &#8211; goro_orb"}]},{"@type":"WebSite","@id":"https:\/\/www.aninite.at\/ja\/#website","url":"https:\/\/www.aninite.at\/ja\/","name":"AniNite","description":"\u00d6sterreichs gr\u00f6\u00dfte Anime-, Manga- und Comic-Convention","potentialAction":[{"@type":"SearchAction","target":{"@type":"EntryPoint","urlTemplate":"https:\/\/www.aninite.at\/ja\/?s={search_term_string}"},"query-input":{"@type":"PropertyValueSpecification","valueRequired":true,"valueName":"search_term_string"}}],"inLanguage":"ja"}]}},"acf":[],"_links":{"self":[{"href":"https:\/\/www.aninite.at\/ja\/wp-json\/wp\/v2\/pages\/34064","targetHints":{"allow":["GET"]}}],"collection":[{"href":"https:\/\/www.aninite.at\/ja\/wp-json\/wp\/v2\/pages"}],"about":[{"href":"https:\/\/www.aninite.at\/ja\/wp-json\/wp\/v2\/types\/page"}],"author":[{"embeddable":true,"href":"https:\/\/www.aninite.at\/ja\/wp-json\/wp\/v2\/users\/13"}],"replies":[{"embeddable":true,"href":"https:\/\/www.aninite.at\/ja\/wp-json\/wp\/v2\/comments?post=34064"}],"version-history":[{"count":1,"href":"https:\/\/www.aninite.at\/ja\/wp-json\/wp\/v2\/pages\/34064\/revisions"}],"predecessor-version":[{"id":34066,"href":"https:\/\/www.aninite.at\/ja\/wp-json\/wp\/v2\/pages\/34064\/revisions\/34066"}],"wp:attachment":[{"href":"https:\/\/www.aninite.at\/ja\/wp-json\/wp\/v2\/media?parent=34064"}],"curies":[{"name":"wp","href":"https:\/\/api.w.org\/{rel}","templated":true}]}}