{"id":34071,"date":"2025-07-13T22:57:16","date_gmt":"2025-07-13T20:57:16","guid":{"rendered":"https:\/\/www.aninite.at\/vortraege-workshops-zangah-studio\/"},"modified":"2025-07-19T09:21:06","modified_gmt":"2025-07-19T07:21:06","slug":"vortraege-workshops-zangah-studio","status":"publish","type":"page","link":"https:\/\/www.aninite.at\/ja\/vortraege-workshops-zangah-studio\/","title":{"rendered":"\u30ec\u30af\u30c1\u30e3\u30fc\uff06\u30ef\u30fc\u30af\u30b7\u30e7\u30c3\u30d7 - \u30b6\u30f3\u30ac\u30fb\u30b9\u30bf\u30b8\u30aa"},"content":{"rendered":"\n<figure class=\"wp-block-image size-large is-resized\"><img loading=\"lazy\" decoding=\"async\" width=\"1024\" height=\"768\" src=\"https:\/\/www.aninite.at\/wp-content\/uploads\/\/1000003456-1024x768.jpg\" alt=\"\" class=\"wp-image-33824\" style=\"width:398px;height:auto\" srcset=\"https:\/\/www.aninite.at\/wp-content\/uploads\/1000003456-1024x768.jpg 1024w, https:\/\/www.aninite.at\/wp-content\/uploads\/1000003456-300x225.jpg 300w, https:\/\/www.aninite.at\/wp-content\/uploads\/1000003456-768x576.jpg 768w, https:\/\/www.aninite.at\/wp-content\/uploads\/1000003456-1140x855.jpg 1140w, https:\/\/www.aninite.at\/wp-content\/uploads\/1000003456.jpg 1400w\" sizes=\"auto, (max-width: 1024px) 100vw, 1024px\" \/><\/figure>\n\n<h2 class=\"wp-block-heading\"><em><mark style=\"background-color:rgba(0, 0, 0, 0)\" class=\"has-inline-color has-vivid-red-color\">\u3089\u304f\u304c\u304d\uff1a\u30c9\u30ed\u30fc\u30a4\u30f3\u30b0\u30fb\u30ef\u30fc\u30af\u30b7\u30e7\u30c3\u30d7<\/mark><\/em><\/h2>\n\n<p><em><mark style=\"background-color:rgba(0, 0, 0, 0)\" class=\"has-inline-color has-vivid-red-color\">\u65e5\u66dc\u65e5 13:30 - 14:30 - 0.32\u53f7\u5ba4<\/mark><\/em><\/p>\n\n<p>\u3053\u306e\u30ef\u30fc\u30af\u30b7\u30e7\u30c3\u30d7\u306f\u3001\u30a2\u30fc\u30c6\u30a3\u30b9\u30c8\u306e\u8457\u66f8\u300e<em>Scribbles: An Annotated Sketchbook<\/em>\u300f\u3067\u4f7f\u308f\u308c\u3066\u3044\u308b\u6280\u6cd5\u306b\u57fa\u3065\u3044\u3066\u3044\u308b\u3002\u30a2\u30fc\u30c6\u30a3\u30b9\u30c8\u306b\u3088\u308b\u30b5\u30fc\u30c1\u30f3\u30b0\u30fb\u30e9\u30a4\u30f3\uff08\u307e\u305f\u306f\u9023\u7d9a\u7dda\uff09\u6280\u6cd5\u306e\u7c21\u5358\u306a\u30c7\u30e2\u30f3\u30b9\u30c8\u30ec\u30fc\u30b7\u30e7\u30f3\u304c\u3042\u308a\u3001\u305d\u306e\u5f8c\u3001\u53c2\u52a0\u8005\u304c\u89b3\u5bdf\u30c9\u30ed\u30fc\u30a4\u30f3\u30b0\u3092\u901a\u3057\u3066\u7df4\u7fd2\u3059\u308b\u30ac\u30a4\u30c9\u4ed8\u304d\u7df4\u7fd2\u304c\u884c\u308f\u308c\u308b\u3002\u305d\u306e\u76ee\u7684\u306f\u3001\u53c2\u52a0\u8005\u5168\u54e1\u304c\u771f\u3063\u767d\u306a\u30da\u30fc\u30b8\u306b\u6c17\u8efd\u306b\u89e6\u308c\u3001\u30c7\u30c3\u30b5\u30f3\u306e\u30d7\u30ed\u30bb\u30b9\u3092\u697d\u3057\u307f\u3001\u6700\u7d42\u7684\u306b\u306f\u89b3\u5bdf\u529b\u3092\u5fdc\u7528\u3057\u3066\u81ea\u5206\u81ea\u8eab\u306e\u60f3\u50cf\u306e\u4e16\u754c\u3092\u767a\u5c55\u3055\u305b\u308b\u3053\u3068\u3067\u3042\u308b\u3002  <\/p>\n\n<p><strong>\u6240\u8981\u6642\u9593\uff1a<\/strong><br\/>1\u6642\u9593<\/p>\n\n<p><strong>\u8a00\u8a9e\uff1a<\/strong><br\/>\u82f1\u8a9e<\/p>\n\n<p><strong>\u53c2\u52a0\u8005\u6570\uff1a<\/strong><br\/>20\u540d -<mark style=\"background-color:rgba(0, 0, 0, 0)\" class=\"has-inline-color has-luminous-vivid-amber-color\">&#8220;\u30a4\u30f3\u30d5\u30a9\u30dd\u30a4\u30f3\u30c8 &#8220;\u3067\u767b\u9332\u3059\u308b\u3002<\/mark><\/p>\n\n<p><strong>\u30bd\u30fc\u30b7\u30e3\u30eb\u30e1\u30c7\u30a3\u30a2<\/strong><br\/><a href=\"http:\/\/instagram.com\/zhangahstudio\" target=\"_blank\" rel=\"noreferrer noopener\">instagram.com\/zhangahstudio<\/a><\/p>\n\n<figure class=\"wp-block-gallery has-nested-images columns-default is-cropped wp-block-gallery-1 is-layout-flex wp-block-gallery-is-layout-flex\">\n<figure class=\"wp-block-image size-large\"><img loading=\"lazy\" decoding=\"async\" width=\"1024\" height=\"768\" data-id=\"33818\" src=\"https:\/\/www.aninite.at\/wp-content\/uploads\/\/1000003457-1024x768.jpg\" alt=\"\" class=\"wp-image-33818\" srcset=\"https:\/\/www.aninite.at\/wp-content\/uploads\/1000003457-1024x768.jpg 1024w, https:\/\/www.aninite.at\/wp-content\/uploads\/1000003457-300x225.jpg 300w, https:\/\/www.aninite.at\/wp-content\/uploads\/1000003457-768x576.jpg 768w, https:\/\/www.aninite.at\/wp-content\/uploads\/1000003457-1140x855.jpg 1140w, https:\/\/www.aninite.at\/wp-content\/uploads\/1000003457.jpg 1400w\" sizes=\"auto, (max-width: 1024px) 100vw, 1024px\" \/><\/figure>\n\n\n\n<figure class=\"wp-block-image size-large\"><img loading=\"lazy\" decoding=\"async\" width=\"1024\" height=\"768\" data-id=\"33821\" src=\"https:\/\/www.aninite.at\/wp-content\/uploads\/\/1000003458-1024x768.jpg\" alt=\"\" class=\"wp-image-33821\" srcset=\"https:\/\/www.aninite.at\/wp-content\/uploads\/1000003458-1024x768.jpg 1024w, https:\/\/www.aninite.at\/wp-content\/uploads\/1000003458-300x225.jpg 300w, https:\/\/www.aninite.at\/wp-content\/uploads\/1000003458-768x576.jpg 768w, https:\/\/www.aninite.at\/wp-content\/uploads\/1000003458-1140x855.jpg 1140w, https:\/\/www.aninite.at\/wp-content\/uploads\/1000003458.jpg 1400w\" sizes=\"auto, (max-width: 1024px) 100vw, 1024px\" \/><\/figure>\n\n\n\n<figure class=\"wp-block-image size-large\"><img loading=\"lazy\" decoding=\"async\" width=\"1024\" height=\"768\" data-id=\"33824\" src=\"https:\/\/www.aninite.at\/wp-content\/uploads\/\/1000003456-1024x768.jpg\" alt=\"\" class=\"wp-image-33824\" srcset=\"https:\/\/www.aninite.at\/wp-content\/uploads\/1000003456-1024x768.jpg 1024w, https:\/\/www.aninite.at\/wp-content\/uploads\/1000003456-300x225.jpg 300w, https:\/\/www.aninite.at\/wp-content\/uploads\/1000003456-768x576.jpg 768w, https:\/\/www.aninite.at\/wp-content\/uploads\/1000003456-1140x855.jpg 1140w, https:\/\/www.aninite.at\/wp-content\/uploads\/1000003456.jpg 1400w\" sizes=\"auto, (max-width: 1024px) 100vw, 1024px\" \/><\/figure>\n<\/figure>\n","protected":false},"excerpt":{"rendered":"<p>\u3089\u304f\u304c\u304d\uff1a\u30c9\u30ed\u30fc\u30a4\u30f3\u30b0\u30fb\u30ef\u30fc\u30af\u30b7\u30e7\u30c3\u30d7 \u65e5\u66dc\u65e5 13:30 - 14:30 - 0.32\u53f7\u5ba4 \u3053\u306e\u30ef\u30fc\u30af\u30b7\u30e7\u30c3\u30d7\u306f\u3001\u30a2\u30fc\u30c6\u30a3\u30b9\u30c8\u306e\u8457\u66f8\u300eScribbles: An Annotated Sketchbook\u300f\u3067\u4f7f\u308f\u308c\u3066\u3044\u308b\u6280\u6cd5\u306b\u57fa\u3065\u3044\u3066\u3044\u308b\u3002\u30a2\u30fc\u30c6\u30a3\u30b9\u30c8\u306b\u3088\u308b\u30b5\u30fc\u30c1\u30f3\u30b0\u30fb\u30e9\u30a4\u30f3\uff08\u307e\u305f\u306f\u9023\u7d9a\u7dda\uff09\u6280\u6cd5\u306e\u7c21\u5358\u306a\u30c7\u30e2\u30f3\u30b9\u30c8\u30ec\u30fc\u30b7\u30e7\u30f3\u304c\u3042\u308a\u3001\u305d\u306e\u5f8c\u3001\u53c2\u52a0\u8005\u304c\u89b3\u5bdf\u30c9\u30ed\u30fc\u30a4\u30f3\u30b0\u3092\u901a\u3057\u3066\u7df4\u7fd2\u3059\u308b\u30ac\u30a4\u30c9\u4ed8\u304d\u7df4\u7fd2\u304c\u884c\u308f\u308c\u308b\u3002\u305d\u306e\u76ee\u7684\u306f\u3001\u53c2\u52a0\u8005\u5168\u54e1\u304c\u771f\u3063\u767d\u306a\u30da\u30fc\u30b8\u306b\u6c17\u8efd\u306b\u89e6\u308c\u3001\u30c7\u30c3\u30b5\u30f3\u306e\u30d7\u30ed\u30bb\u30b9\u3092\u697d\u3057\u307f\u3001\u6700\u7d42\u7684\u306b\u306f\u89b3\u5bdf\u529b\u3092\u5fdc\u7528\u3057\u3066\u81ea\u5206\u81ea\u8eab\u306e\u60f3\u50cf\u306e\u4e16\u754c\u3092\u767a\u5c55\u3055\u305b\u308b\u3053\u3068\u3067\u3042\u308b\u3002 \u6240\u8981\u6642\u9593\uff1a1\u6642\u9593 \u8a00\u8a9e\uff1a\u82f1\u8a9e \u53c2\u52a0\u8005\u6570\uff1a20\u540d -&#8220;\u30a4\u30f3\u30d5\u30a9\u30dd\u30a4\u30f3\u30c8 &#8220;\u3067\u767b\u9332\u3059\u308b\u3002 \u30bd\u30fc\u30b7\u30e3\u30eb\u30e1\u30c7\u30a3\u30a2instagram.com\/zhangahstudio<\/p>\n","protected":false},"author":13,"featured_media":0,"parent":0,"menu_order":0,"comment_status":"closed","ping_status":"closed","template":"","meta":{"inline_featured_image":false,"footnotes":""},"class_list":["post-34071","page","type-page","status-publish","hentry"],"yoast_head":"<!-- This site is optimized with the Yoast SEO plugin v27.5 - https:\/\/yoast.com\/product\/yoast-seo-wordpress\/ -->\n<title>\u30ec\u30af\u30c1\u30e3\u30fc\uff06\u30ef\u30fc\u30af\u30b7\u30e7\u30c3\u30d7 - \u30b6\u30f3\u30ac\u30fb\u30b9\u30bf\u30b8\u30aa - AniNite<\/title>\n<meta name=\"robots\" content=\"index, follow, max-snippet:-1, max-image-preview:large, max-video-preview:-1\" \/>\n<link rel=\"canonical\" href=\"https:\/\/www.aninite.at\/ja\/vortraege-workshops-zangah-studio\/\" \/>\n<meta property=\"og:locale\" content=\"ja_JP\" \/>\n<meta property=\"og:type\" content=\"article\" \/>\n<meta property=\"og:title\" content=\"\u30ec\u30af\u30c1\u30e3\u30fc\uff06\u30ef\u30fc\u30af\u30b7\u30e7\u30c3\u30d7 - \u30b6\u30f3\u30ac\u30fb\u30b9\u30bf\u30b8\u30aa - AniNite\" \/>\n<meta property=\"og:description\" content=\"\u3089\u304f\u304c\u304d\uff1a\u30c9\u30ed\u30fc\u30a4\u30f3\u30b0\u30fb\u30ef\u30fc\u30af\u30b7\u30e7\u30c3\u30d7 \u65e5\u66dc\u65e5 13:30 - 14:30 - 0.32\u53f7\u5ba4 \u3053\u306e\u30ef\u30fc\u30af\u30b7\u30e7\u30c3\u30d7\u306f\u3001\u30a2\u30fc\u30c6\u30a3\u30b9\u30c8\u306e\u8457\u66f8\u300eScribbles: An Annotated Sketchbook\u300f\u3067\u4f7f\u308f\u308c\u3066\u3044\u308b\u6280\u6cd5\u306b\u57fa\u3065\u3044\u3066\u3044\u308b\u3002\u30a2\u30fc\u30c6\u30a3\u30b9\u30c8\u306b\u3088\u308b\u30b5\u30fc\u30c1\u30f3\u30b0\u30fb\u30e9\u30a4\u30f3\uff08\u307e\u305f\u306f\u9023\u7d9a\u7dda\uff09\u6280\u6cd5\u306e\u7c21\u5358\u306a\u30c7\u30e2\u30f3\u30b9\u30c8\u30ec\u30fc\u30b7\u30e7\u30f3\u304c\u3042\u308a\u3001\u305d\u306e\u5f8c\u3001\u53c2\u52a0\u8005\u304c\u89b3\u5bdf\u30c9\u30ed\u30fc\u30a4\u30f3\u30b0\u3092\u901a\u3057\u3066\u7df4\u7fd2\u3059\u308b\u30ac\u30a4\u30c9\u4ed8\u304d\u7df4\u7fd2\u304c\u884c\u308f\u308c\u308b\u3002\u305d\u306e\u76ee\u7684\u306f\u3001\u53c2\u52a0\u8005\u5168\u54e1\u304c\u771f\u3063\u767d\u306a\u30da\u30fc\u30b8\u306b\u6c17\u8efd\u306b\u89e6\u308c\u3001\u30c7\u30c3\u30b5\u30f3\u306e\u30d7\u30ed\u30bb\u30b9\u3092\u697d\u3057\u307f\u3001\u6700\u7d42\u7684\u306b\u306f\u89b3\u5bdf\u529b\u3092\u5fdc\u7528\u3057\u3066\u81ea\u5206\u81ea\u8eab\u306e\u60f3\u50cf\u306e\u4e16\u754c\u3092\u767a\u5c55\u3055\u305b\u308b\u3053\u3068\u3067\u3042\u308b\u3002 \u6240\u8981\u6642\u9593\uff1a1\u6642\u9593 \u8a00\u8a9e\uff1a\u82f1\u8a9e \u53c2\u52a0\u8005\u6570\uff1a20\u540d -&#8220;\u30a4\u30f3\u30d5\u30a9\u30dd\u30a4\u30f3\u30c8 &#8220;\u3067\u767b\u9332\u3059\u308b\u3002 \u30bd\u30fc\u30b7\u30e3\u30eb\u30e1\u30c7\u30a3\u30a2instagram.com\/zhangahstudio\" \/>\n<meta property=\"og:url\" content=\"https:\/\/www.aninite.at\/ja\/vortraege-workshops-zangah-studio\/\" \/>\n<meta property=\"og:site_name\" content=\"AniNite\" \/>\n<meta property=\"article:publisher\" content=\"https:\/\/www.facebook.com\/AniMangaAustria\" \/>\n<meta property=\"article:modified_time\" content=\"2025-07-19T07:21:06+00:00\" \/>\n<meta property=\"og:image\" content=\"https:\/\/www.aninite.at\/wp-content\/uploads\/1000003456.jpg\" \/>\n\t<meta property=\"og:image:width\" content=\"1400\" \/>\n\t<meta property=\"og:image:height\" content=\"1050\" \/>\n\t<meta property=\"og:image:type\" content=\"image\/jpeg\" \/>\n<meta name=\"twitter:card\" content=\"summary_large_image\" \/>\n<script type=\"application\/ld+json\" class=\"yoast-schema-graph\">{\"@context\":\"https:\\\/\\\/schema.org\",\"@graph\":[{\"@type\":\"WebPage\",\"@id\":\"https:\\\/\\\/www.aninite.at\\\/ja\\\/vortraege-workshops-zangah-studio\\\/\",\"url\":\"https:\\\/\\\/www.aninite.at\\\/ja\\\/vortraege-workshops-zangah-studio\\\/\",\"name\":\"\u30ec\u30af\u30c1\u30e3\u30fc\uff06\u30ef\u30fc\u30af\u30b7\u30e7\u30c3\u30d7 - \u30b6\u30f3\u30ac\u30fb\u30b9\u30bf\u30b8\u30aa - AniNite\",\"isPartOf\":{\"@id\":\"https:\\\/\\\/www.aninite.at\\\/ja\\\/#website\"},\"primaryImageOfPage\":{\"@id\":\"https:\\\/\\\/www.aninite.at\\\/ja\\\/vortraege-workshops-zangah-studio\\\/#primaryimage\"},\"image\":{\"@id\":\"https:\\\/\\\/www.aninite.at\\\/ja\\\/vortraege-workshops-zangah-studio\\\/#primaryimage\"},\"thumbnailUrl\":\"https:\\\/\\\/www.aninite.at\\\/wp-content\\\/uploads\\\/\\\/1000003456-1024x768.jpg\",\"datePublished\":\"2025-07-13T20:57:16+00:00\",\"dateModified\":\"2025-07-19T07:21:06+00:00\",\"breadcrumb\":{\"@id\":\"https:\\\/\\\/www.aninite.at\\\/ja\\\/vortraege-workshops-zangah-studio\\\/#breadcrumb\"},\"inLanguage\":\"ja\",\"potentialAction\":[{\"@type\":\"ReadAction\",\"target\":[\"https:\\\/\\\/www.aninite.at\\\/ja\\\/vortraege-workshops-zangah-studio\\\/\"]}]},{\"@type\":\"ImageObject\",\"inLanguage\":\"ja\",\"@id\":\"https:\\\/\\\/www.aninite.at\\\/ja\\\/vortraege-workshops-zangah-studio\\\/#primaryimage\",\"url\":\"https:\\\/\\\/www.aninite.at\\\/wp-content\\\/uploads\\\/\\\/1000003456-1024x768.jpg\",\"contentUrl\":\"https:\\\/\\\/www.aninite.at\\\/wp-content\\\/uploads\\\/\\\/1000003456-1024x768.jpg\"},{\"@type\":\"BreadcrumbList\",\"@id\":\"https:\\\/\\\/www.aninite.at\\\/ja\\\/vortraege-workshops-zangah-studio\\\/#breadcrumb\",\"itemListElement\":[{\"@type\":\"ListItem\",\"position\":1,\"name\":\"Startseite\",\"item\":\"https:\\\/\\\/www.aninite.at\\\/ja\\\/willkommen\\\/\"},{\"@type\":\"ListItem\",\"position\":2,\"name\":\"\u30ec\u30af\u30c1\u30e3\u30fc\uff06\u30ef\u30fc\u30af\u30b7\u30e7\u30c3\u30d7 - \u30b6\u30f3\u30ac\u30fb\u30b9\u30bf\u30b8\u30aa\"}]},{\"@type\":\"WebSite\",\"@id\":\"https:\\\/\\\/www.aninite.at\\\/ja\\\/#website\",\"url\":\"https:\\\/\\\/www.aninite.at\\\/ja\\\/\",\"name\":\"AniNite\",\"description\":\"\u00d6sterreichs gr\u00f6\u00dfte Anime-, Manga- und Comic-Convention\",\"potentialAction\":[{\"@type\":\"SearchAction\",\"target\":{\"@type\":\"EntryPoint\",\"urlTemplate\":\"https:\\\/\\\/www.aninite.at\\\/ja\\\/?s={search_term_string}\"},\"query-input\":{\"@type\":\"PropertyValueSpecification\",\"valueRequired\":true,\"valueName\":\"search_term_string\"}}],\"inLanguage\":\"ja\"}]}<\/script>\n<!-- \/ Yoast SEO plugin. -->","yoast_head_json":{"title":"\u30ec\u30af\u30c1\u30e3\u30fc\uff06\u30ef\u30fc\u30af\u30b7\u30e7\u30c3\u30d7 - \u30b6\u30f3\u30ac\u30fb\u30b9\u30bf\u30b8\u30aa - AniNite","robots":{"index":"index","follow":"follow","max-snippet":"max-snippet:-1","max-image-preview":"max-image-preview:large","max-video-preview":"max-video-preview:-1"},"canonical":"https:\/\/www.aninite.at\/ja\/vortraege-workshops-zangah-studio\/","og_locale":"ja_JP","og_type":"article","og_title":"\u30ec\u30af\u30c1\u30e3\u30fc\uff06\u30ef\u30fc\u30af\u30b7\u30e7\u30c3\u30d7 - \u30b6\u30f3\u30ac\u30fb\u30b9\u30bf\u30b8\u30aa - AniNite","og_description":"\u3089\u304f\u304c\u304d\uff1a\u30c9\u30ed\u30fc\u30a4\u30f3\u30b0\u30fb\u30ef\u30fc\u30af\u30b7\u30e7\u30c3\u30d7 \u65e5\u66dc\u65e5 13:30 - 14:30 - 0.32\u53f7\u5ba4 \u3053\u306e\u30ef\u30fc\u30af\u30b7\u30e7\u30c3\u30d7\u306f\u3001\u30a2\u30fc\u30c6\u30a3\u30b9\u30c8\u306e\u8457\u66f8\u300eScribbles: An Annotated Sketchbook\u300f\u3067\u4f7f\u308f\u308c\u3066\u3044\u308b\u6280\u6cd5\u306b\u57fa\u3065\u3044\u3066\u3044\u308b\u3002\u30a2\u30fc\u30c6\u30a3\u30b9\u30c8\u306b\u3088\u308b\u30b5\u30fc\u30c1\u30f3\u30b0\u30fb\u30e9\u30a4\u30f3\uff08\u307e\u305f\u306f\u9023\u7d9a\u7dda\uff09\u6280\u6cd5\u306e\u7c21\u5358\u306a\u30c7\u30e2\u30f3\u30b9\u30c8\u30ec\u30fc\u30b7\u30e7\u30f3\u304c\u3042\u308a\u3001\u305d\u306e\u5f8c\u3001\u53c2\u52a0\u8005\u304c\u89b3\u5bdf\u30c9\u30ed\u30fc\u30a4\u30f3\u30b0\u3092\u901a\u3057\u3066\u7df4\u7fd2\u3059\u308b\u30ac\u30a4\u30c9\u4ed8\u304d\u7df4\u7fd2\u304c\u884c\u308f\u308c\u308b\u3002\u305d\u306e\u76ee\u7684\u306f\u3001\u53c2\u52a0\u8005\u5168\u54e1\u304c\u771f\u3063\u767d\u306a\u30da\u30fc\u30b8\u306b\u6c17\u8efd\u306b\u89e6\u308c\u3001\u30c7\u30c3\u30b5\u30f3\u306e\u30d7\u30ed\u30bb\u30b9\u3092\u697d\u3057\u307f\u3001\u6700\u7d42\u7684\u306b\u306f\u89b3\u5bdf\u529b\u3092\u5fdc\u7528\u3057\u3066\u81ea\u5206\u81ea\u8eab\u306e\u60f3\u50cf\u306e\u4e16\u754c\u3092\u767a\u5c55\u3055\u305b\u308b\u3053\u3068\u3067\u3042\u308b\u3002 \u6240\u8981\u6642\u9593\uff1a1\u6642\u9593 \u8a00\u8a9e\uff1a\u82f1\u8a9e \u53c2\u52a0\u8005\u6570\uff1a20\u540d -&#8220;\u30a4\u30f3\u30d5\u30a9\u30dd\u30a4\u30f3\u30c8 &#8220;\u3067\u767b\u9332\u3059\u308b\u3002 \u30bd\u30fc\u30b7\u30e3\u30eb\u30e1\u30c7\u30a3\u30a2instagram.com\/zhangahstudio","og_url":"https:\/\/www.aninite.at\/ja\/vortraege-workshops-zangah-studio\/","og_site_name":"AniNite","article_publisher":"https:\/\/www.facebook.com\/AniMangaAustria","article_modified_time":"2025-07-19T07:21:06+00:00","og_image":[{"width":1400,"height":1050,"url":"https:\/\/www.aninite.at\/wp-content\/uploads\/1000003456.jpg","type":"image\/jpeg"}],"twitter_card":"summary_large_image","schema":{"@context":"https:\/\/schema.org","@graph":[{"@type":"WebPage","@id":"https:\/\/www.aninite.at\/ja\/vortraege-workshops-zangah-studio\/","url":"https:\/\/www.aninite.at\/ja\/vortraege-workshops-zangah-studio\/","name":"\u30ec\u30af\u30c1\u30e3\u30fc\uff06\u30ef\u30fc\u30af\u30b7\u30e7\u30c3\u30d7 - \u30b6\u30f3\u30ac\u30fb\u30b9\u30bf\u30b8\u30aa - AniNite","isPartOf":{"@id":"https:\/\/www.aninite.at\/ja\/#website"},"primaryImageOfPage":{"@id":"https:\/\/www.aninite.at\/ja\/vortraege-workshops-zangah-studio\/#primaryimage"},"image":{"@id":"https:\/\/www.aninite.at\/ja\/vortraege-workshops-zangah-studio\/#primaryimage"},"thumbnailUrl":"https:\/\/www.aninite.at\/wp-content\/uploads\/\/1000003456-1024x768.jpg","datePublished":"2025-07-13T20:57:16+00:00","dateModified":"2025-07-19T07:21:06+00:00","breadcrumb":{"@id":"https:\/\/www.aninite.at\/ja\/vortraege-workshops-zangah-studio\/#breadcrumb"},"inLanguage":"ja","potentialAction":[{"@type":"ReadAction","target":["https:\/\/www.aninite.at\/ja\/vortraege-workshops-zangah-studio\/"]}]},{"@type":"ImageObject","inLanguage":"ja","@id":"https:\/\/www.aninite.at\/ja\/vortraege-workshops-zangah-studio\/#primaryimage","url":"https:\/\/www.aninite.at\/wp-content\/uploads\/\/1000003456-1024x768.jpg","contentUrl":"https:\/\/www.aninite.at\/wp-content\/uploads\/\/1000003456-1024x768.jpg"},{"@type":"BreadcrumbList","@id":"https:\/\/www.aninite.at\/ja\/vortraege-workshops-zangah-studio\/#breadcrumb","itemListElement":[{"@type":"ListItem","position":1,"name":"Startseite","item":"https:\/\/www.aninite.at\/ja\/willkommen\/"},{"@type":"ListItem","position":2,"name":"\u30ec\u30af\u30c1\u30e3\u30fc\uff06\u30ef\u30fc\u30af\u30b7\u30e7\u30c3\u30d7 - \u30b6\u30f3\u30ac\u30fb\u30b9\u30bf\u30b8\u30aa"}]},{"@type":"WebSite","@id":"https:\/\/www.aninite.at\/ja\/#website","url":"https:\/\/www.aninite.at\/ja\/","name":"AniNite","description":"\u00d6sterreichs gr\u00f6\u00dfte Anime-, Manga- und Comic-Convention","potentialAction":[{"@type":"SearchAction","target":{"@type":"EntryPoint","urlTemplate":"https:\/\/www.aninite.at\/ja\/?s={search_term_string}"},"query-input":{"@type":"PropertyValueSpecification","valueRequired":true,"valueName":"search_term_string"}}],"inLanguage":"ja"}]}},"acf":[],"_links":{"self":[{"href":"https:\/\/www.aninite.at\/ja\/wp-json\/wp\/v2\/pages\/34071","targetHints":{"allow":["GET"]}}],"collection":[{"href":"https:\/\/www.aninite.at\/ja\/wp-json\/wp\/v2\/pages"}],"about":[{"href":"https:\/\/www.aninite.at\/ja\/wp-json\/wp\/v2\/types\/page"}],"author":[{"embeddable":true,"href":"https:\/\/www.aninite.at\/ja\/wp-json\/wp\/v2\/users\/13"}],"replies":[{"embeddable":true,"href":"https:\/\/www.aninite.at\/ja\/wp-json\/wp\/v2\/comments?post=34071"}],"version-history":[{"count":2,"href":"https:\/\/www.aninite.at\/ja\/wp-json\/wp\/v2\/pages\/34071\/revisions"}],"predecessor-version":[{"id":34259,"href":"https:\/\/www.aninite.at\/ja\/wp-json\/wp\/v2\/pages\/34071\/revisions\/34259"}],"wp:attachment":[{"href":"https:\/\/www.aninite.at\/ja\/wp-json\/wp\/v2\/media?parent=34071"}],"curies":[{"name":"wp","href":"https:\/\/api.w.org\/{rel}","templated":true}]}}