{"id":34074,"date":"2025-07-13T22:43:38","date_gmt":"2025-07-13T20:43:38","guid":{"rendered":"https:\/\/www.aninite.at\/vortraege-workshops-akailein\/"},"modified":"2025-07-19T09:18:36","modified_gmt":"2025-07-19T07:18:36","slug":"vortraege-workshops-akailein","status":"publish","type":"page","link":"https:\/\/www.aninite.at\/ja\/vortraege-workshops-akailein\/","title":{"rendered":"\u30ec\u30af\u30c1\u30e3\u30fc\uff06\u30ef\u30fc\u30af\u30b7\u30e7\u30c3\u30d7 - \u8d64\u5dba"},"content":{"rendered":"\n<figure class=\"wp-block-image size-large is-resized\"><img loading=\"lazy\" decoding=\"async\" width=\"942\" height=\"1024\" src=\"https:\/\/www.aninite.at\/wp-content\/uploads\/\/20250502_2112251-942x1024.jpg\" alt=\"\" class=\"wp-image-33805\" style=\"width:390px;height:auto\" srcset=\"https:\/\/www.aninite.at\/wp-content\/uploads\/20250502_2112251-942x1024.jpg 942w, https:\/\/www.aninite.at\/wp-content\/uploads\/20250502_2112251-276x300.jpg 276w, https:\/\/www.aninite.at\/wp-content\/uploads\/20250502_2112251-768x835.jpg 768w, https:\/\/www.aninite.at\/wp-content\/uploads\/20250502_2112251.jpg 1120w\" sizes=\"auto, (max-width: 942px) 100vw, 942px\" \/><\/figure>\n\n<h2 class=\"wp-block-heading\"><em><mark style=\"background-color:rgba(0, 0, 0, 0)\" class=\"has-inline-color has-vivid-red-color\">\u30a2\u30af\u30ea\u30eb\u30de\u30fc\u30ab\u30fc\u306e\u4f7f\u3044\u65b9<\/mark><\/em><\/h2>\n\n<p><mark style=\"background-color:rgba(0, 0, 0, 0)\" class=\"has-inline-color has-vivid-red-color\"><em>\u571f\u66dc\u65e5 14:15 - 15:15 - 0.32\u53f7\u5ba4<\/em><\/mark><\/p>\n\n<p>\u30a2\u30af\u30ea\u30eb\u30de\u30fc\u30ab\u30fc\u3092\u4f7f\u3048\u3070\u3001\u9bae\u3084\u304b\u306a\u8272\u5f69\u3068\u8f1d\u304f\u30c7\u30a3\u30c6\u30fc\u30eb\u3067\u30ad\u30e3\u30e9\u30af\u30bf\u30fc\u306b\u547d\u3092\u5439\u304d\u8fbc\u3080\u3053\u3068\u304c\u3067\u304d\u308b\u3002\u3053\u308c\u3089\u306e\u30de\u30fc\u30ab\u30fc\u306f\u3001\u30de\u30f3\u30ac\u306e\u9854\u3001\u9aea\u3001\u80cc\u666f\u306b\u6700\u9069\u3002\u9632\u6c34\u3067\u8010\u5149\u6027\u304c\u3042\u308a\u3001\u30ad\u30e3\u30f3\u30d0\u30b9\u3084\u7d19\u306b\u6700\u9069\u3060\u3002\u3053\u306e\u30ef\u30fc\u30af\u30b7\u30e7\u30c3\u30d7\u3067\u306f\u3001\u3055\u307e\u3056\u307e\u306a\u30de\u30fc\u30ab\u30fc\u3092\u7d39\u4ecb\u3057\u3001\u3069\u306e\u3088\u3046\u306b\u4f7f\u3046\u306e\u304c\u30d9\u30b9\u30c8\u306a\u306e\u304b\u306b\u3064\u3044\u3066\u8a71\u3059\u3002\u30ef\u30fc\u30af\u30b7\u30e7\u30c3\u30d7\u3067\u306f\u3001\u3042\u306a\u305f\u306e\u30d3\u30b8\u30e7\u30f3\u3092\u5b9f\u73fe\u3059\u308b\u305f\u3081\u306e\u30de\u30fc\u30ab\u30fc\u306e\u4f7f\u3044\u65b9\u3092\u5b66\u3076\u3002\u521d\u5fc3\u8005\u3067\u3082\u4e0a\u7d1a\u8005\u3067\u3082\u3001\u3042\u306a\u305f\u306e\u5275\u9020\u529b\u3092\u767a\u63ee\u3057\u306b\u6765\u3066\u306d\uff01     <\/p>\n\n<p><strong>\u6240\u8981\u6642\u9593\uff1a<\/strong><br\/>1\u6642\u9593<\/p>\n\n<p><strong>\u53c2\u52a0\u8005\u6570\uff1a<\/strong><br\/>15 -<mark style=\"background-color:rgba(0, 0, 0, 0)\" class=\"has-inline-color has-luminous-vivid-amber-color\">\u30a4\u30f3\u30d5\u30a9\u30dd\u30a4\u30f3\u30c8\u3067\u767b\u9332\u3059\u308b\u3002<\/mark><\/p>\n\n<p><strong>\u30bd\u30fc\u30b7\u30e3\u30eb\u30e1\u30c7\u30a3\u30a2<\/strong>\uff1a<br\/>@akailein<a href=\"https:\/\/akaislaberecke.wordpress.com\/\" target=\"_blank\" rel=\"noreferrer noopener\">https:\/\/akaislaberecke.wordpress.com\/<\/a><\/p>\n\n<figure class=\"wp-block-gallery has-nested-images columns-default is-cropped wp-block-gallery-1 is-layout-flex wp-block-gallery-is-layout-flex\">\n<figure class=\"wp-block-image size-large\"><img loading=\"lazy\" decoding=\"async\" width=\"907\" height=\"1024\" data-id=\"33802\" src=\"https:\/\/www.aninite.at\/wp-content\/uploads\/\/20241124_1351081-907x1024.jpg\" alt=\"\" class=\"wp-image-33802\" srcset=\"https:\/\/www.aninite.at\/wp-content\/uploads\/20241124_1351081-907x1024.jpg 907w, https:\/\/www.aninite.at\/wp-content\/uploads\/20241124_1351081-266x300.jpg 266w, https:\/\/www.aninite.at\/wp-content\/uploads\/20241124_1351081-768x867.jpg 768w, https:\/\/www.aninite.at\/wp-content\/uploads\/20241124_1351081-1360x1536.jpg 1360w, https:\/\/www.aninite.at\/wp-content\/uploads\/20241124_1351081-1814x2048.jpg 1814w, https:\/\/www.aninite.at\/wp-content\/uploads\/20241124_1351081-1140x1287.jpg 1140w\" sizes=\"auto, (max-width: 907px) 100vw, 907px\" \/><\/figure>\n\n\n\n<figure class=\"wp-block-image size-large\"><img loading=\"lazy\" decoding=\"async\" width=\"577\" height=\"1024\" data-id=\"33808\" src=\"https:\/\/www.aninite.at\/wp-content\/uploads\/\/20241117_140008-577x1024.jpg\" alt=\"\" class=\"wp-image-33808\" srcset=\"https:\/\/www.aninite.at\/wp-content\/uploads\/20241117_140008-577x1024.jpg 577w, https:\/\/www.aninite.at\/wp-content\/uploads\/20241117_140008-169x300.jpg 169w, https:\/\/www.aninite.at\/wp-content\/uploads\/20241117_140008-768x1364.jpg 768w, https:\/\/www.aninite.at\/wp-content\/uploads\/20241117_140008-865x1536.jpg 865w, https:\/\/www.aninite.at\/wp-content\/uploads\/20241117_140008-1153x2048.jpg 1153w, https:\/\/www.aninite.at\/wp-content\/uploads\/20241117_140008-1140x2025.jpg 1140w, https:\/\/www.aninite.at\/wp-content\/uploads\/20241117_140008-scaled.jpg 1441w\" sizes=\"auto, (max-width: 577px) 100vw, 577px\" \/><\/figure>\n\n\n\n<figure class=\"wp-block-image size-large\"><img loading=\"lazy\" decoding=\"async\" width=\"942\" height=\"1024\" data-id=\"33805\" src=\"https:\/\/www.aninite.at\/wp-content\/uploads\/\/20250502_2112251-942x1024.jpg\" alt=\"\" class=\"wp-image-33805\" srcset=\"https:\/\/www.aninite.at\/wp-content\/uploads\/20250502_2112251-942x1024.jpg 942w, https:\/\/www.aninite.at\/wp-content\/uploads\/20250502_2112251-276x300.jpg 276w, https:\/\/www.aninite.at\/wp-content\/uploads\/20250502_2112251-768x835.jpg 768w, https:\/\/www.aninite.at\/wp-content\/uploads\/20250502_2112251.jpg 1120w\" sizes=\"auto, (max-width: 942px) 100vw, 942px\" \/><\/figure>\n<\/figure>\n","protected":false},"excerpt":{"rendered":"<p>\u30a2\u30af\u30ea\u30eb\u30de\u30fc\u30ab\u30fc\u306e\u4f7f\u3044\u65b9 \u571f\u66dc\u65e5 14:15 - 15:15 - 0.32\u53f7\u5ba4 \u30a2\u30af\u30ea\u30eb\u30de\u30fc\u30ab\u30fc\u3092\u4f7f\u3048\u3070\u3001\u9bae\u3084\u304b\u306a\u8272\u5f69\u3068\u8f1d\u304f\u30c7\u30a3\u30c6\u30fc\u30eb\u3067\u30ad\u30e3\u30e9\u30af\u30bf\u30fc\u306b\u547d\u3092\u5439\u304d\u8fbc\u3080\u3053\u3068\u304c\u3067\u304d\u308b\u3002\u3053\u308c\u3089\u306e\u30de\u30fc\u30ab\u30fc\u306f\u3001\u30de\u30f3\u30ac\u306e\u9854\u3001\u9aea\u3001\u80cc\u666f\u306b\u6700\u9069\u3002\u9632\u6c34\u3067\u8010\u5149\u6027\u304c\u3042\u308a\u3001\u30ad\u30e3\u30f3\u30d0\u30b9\u3084\u7d19\u306b\u6700\u9069\u3060\u3002\u3053\u306e\u30ef\u30fc\u30af\u30b7\u30e7\u30c3\u30d7\u3067\u306f\u3001\u3055\u307e\u3056\u307e\u306a\u30de\u30fc\u30ab\u30fc\u3092\u7d39\u4ecb\u3057\u3001\u3069\u306e\u3088\u3046\u306b\u4f7f\u3046\u306e\u304c\u30d9\u30b9\u30c8\u306a\u306e\u304b\u306b\u3064\u3044\u3066\u8a71\u3059\u3002\u30ef\u30fc\u30af\u30b7\u30e7\u30c3\u30d7\u3067\u306f\u3001\u3042\u306a\u305f\u306e\u30d3\u30b8\u30e7\u30f3\u3092\u5b9f\u73fe\u3059\u308b\u305f\u3081\u306e\u30de\u30fc\u30ab\u30fc\u306e\u4f7f\u3044\u65b9\u3092\u5b66\u3076\u3002\u521d\u5fc3\u8005\u3067\u3082\u4e0a\u7d1a\u8005\u3067\u3082\u3001\u3042\u306a\u305f\u306e\u5275\u9020\u529b\u3092\u767a\u63ee\u3057\u306b\u6765\u3066\u306d\uff01 \u6240\u8981\u6642\u9593\uff1a1\u6642\u9593 \u53c2\u52a0\u8005\u6570\uff1a15 -\u30a4\u30f3\u30d5\u30a9\u30dd\u30a4\u30f3\u30c8\u3067\u767b\u9332\u3059\u308b\u3002 \u30bd\u30fc\u30b7\u30e3\u30eb\u30e1\u30c7\u30a3\u30a2\uff1a@akaileinhttps:\/\/akaislaberecke.wordpress.com\/<\/p>\n","protected":false},"author":13,"featured_media":0,"parent":0,"menu_order":0,"comment_status":"closed","ping_status":"closed","template":"","meta":{"inline_featured_image":false,"footnotes":""},"class_list":["post-34074","page","type-page","status-publish","hentry"],"yoast_head":"<!-- This site is optimized with the Yoast SEO plugin v27.5 - https:\/\/yoast.com\/product\/yoast-seo-wordpress\/ -->\n<title>\u30ec\u30af\u30c1\u30e3\u30fc\uff06\u30ef\u30fc\u30af\u30b7\u30e7\u30c3\u30d7 - \u8d64\u5dba - AniNite<\/title>\n<meta name=\"robots\" content=\"index, follow, max-snippet:-1, max-image-preview:large, max-video-preview:-1\" \/>\n<link rel=\"canonical\" href=\"https:\/\/www.aninite.at\/ja\/vortraege-workshops-akailein\/\" \/>\n<meta property=\"og:locale\" content=\"ja_JP\" \/>\n<meta property=\"og:type\" content=\"article\" \/>\n<meta property=\"og:title\" content=\"\u30ec\u30af\u30c1\u30e3\u30fc\uff06\u30ef\u30fc\u30af\u30b7\u30e7\u30c3\u30d7 - \u8d64\u5dba - AniNite\" \/>\n<meta property=\"og:description\" content=\"\u30a2\u30af\u30ea\u30eb\u30de\u30fc\u30ab\u30fc\u306e\u4f7f\u3044\u65b9 \u571f\u66dc\u65e5 14:15 - 15:15 - 0.32\u53f7\u5ba4 \u30a2\u30af\u30ea\u30eb\u30de\u30fc\u30ab\u30fc\u3092\u4f7f\u3048\u3070\u3001\u9bae\u3084\u304b\u306a\u8272\u5f69\u3068\u8f1d\u304f\u30c7\u30a3\u30c6\u30fc\u30eb\u3067\u30ad\u30e3\u30e9\u30af\u30bf\u30fc\u306b\u547d\u3092\u5439\u304d\u8fbc\u3080\u3053\u3068\u304c\u3067\u304d\u308b\u3002\u3053\u308c\u3089\u306e\u30de\u30fc\u30ab\u30fc\u306f\u3001\u30de\u30f3\u30ac\u306e\u9854\u3001\u9aea\u3001\u80cc\u666f\u306b\u6700\u9069\u3002\u9632\u6c34\u3067\u8010\u5149\u6027\u304c\u3042\u308a\u3001\u30ad\u30e3\u30f3\u30d0\u30b9\u3084\u7d19\u306b\u6700\u9069\u3060\u3002\u3053\u306e\u30ef\u30fc\u30af\u30b7\u30e7\u30c3\u30d7\u3067\u306f\u3001\u3055\u307e\u3056\u307e\u306a\u30de\u30fc\u30ab\u30fc\u3092\u7d39\u4ecb\u3057\u3001\u3069\u306e\u3088\u3046\u306b\u4f7f\u3046\u306e\u304c\u30d9\u30b9\u30c8\u306a\u306e\u304b\u306b\u3064\u3044\u3066\u8a71\u3059\u3002\u30ef\u30fc\u30af\u30b7\u30e7\u30c3\u30d7\u3067\u306f\u3001\u3042\u306a\u305f\u306e\u30d3\u30b8\u30e7\u30f3\u3092\u5b9f\u73fe\u3059\u308b\u305f\u3081\u306e\u30de\u30fc\u30ab\u30fc\u306e\u4f7f\u3044\u65b9\u3092\u5b66\u3076\u3002\u521d\u5fc3\u8005\u3067\u3082\u4e0a\u7d1a\u8005\u3067\u3082\u3001\u3042\u306a\u305f\u306e\u5275\u9020\u529b\u3092\u767a\u63ee\u3057\u306b\u6765\u3066\u306d\uff01 \u6240\u8981\u6642\u9593\uff1a1\u6642\u9593 \u53c2\u52a0\u8005\u6570\uff1a15 -\u30a4\u30f3\u30d5\u30a9\u30dd\u30a4\u30f3\u30c8\u3067\u767b\u9332\u3059\u308b\u3002 \u30bd\u30fc\u30b7\u30e3\u30eb\u30e1\u30c7\u30a3\u30a2\uff1a@akaileinhttps:\/\/akaislaberecke.wordpress.com\/\" \/>\n<meta property=\"og:url\" content=\"https:\/\/www.aninite.at\/ja\/vortraege-workshops-akailein\/\" \/>\n<meta property=\"og:site_name\" content=\"AniNite\" \/>\n<meta property=\"article:publisher\" content=\"https:\/\/www.facebook.com\/AniMangaAustria\" \/>\n<meta property=\"article:modified_time\" content=\"2025-07-19T07:18:36+00:00\" \/>\n<meta property=\"og:image\" content=\"https:\/\/www.aninite.at\/wp-content\/uploads\/20250502_2112251.jpg\" \/>\n\t<meta property=\"og:image:width\" content=\"1120\" \/>\n\t<meta property=\"og:image:height\" content=\"1218\" \/>\n\t<meta property=\"og:image:type\" content=\"image\/jpeg\" \/>\n<meta name=\"twitter:card\" content=\"summary_large_image\" \/>\n<script type=\"application\/ld+json\" class=\"yoast-schema-graph\">{\"@context\":\"https:\\\/\\\/schema.org\",\"@graph\":[{\"@type\":\"WebPage\",\"@id\":\"https:\\\/\\\/www.aninite.at\\\/ja\\\/vortraege-workshops-akailein\\\/\",\"url\":\"https:\\\/\\\/www.aninite.at\\\/ja\\\/vortraege-workshops-akailein\\\/\",\"name\":\"\u30ec\u30af\u30c1\u30e3\u30fc\uff06\u30ef\u30fc\u30af\u30b7\u30e7\u30c3\u30d7 - \u8d64\u5dba - AniNite\",\"isPartOf\":{\"@id\":\"https:\\\/\\\/www.aninite.at\\\/ja\\\/#website\"},\"primaryImageOfPage\":{\"@id\":\"https:\\\/\\\/www.aninite.at\\\/ja\\\/vortraege-workshops-akailein\\\/#primaryimage\"},\"image\":{\"@id\":\"https:\\\/\\\/www.aninite.at\\\/ja\\\/vortraege-workshops-akailein\\\/#primaryimage\"},\"thumbnailUrl\":\"https:\\\/\\\/www.aninite.at\\\/wp-content\\\/uploads\\\/\\\/20250502_2112251-942x1024.jpg\",\"datePublished\":\"2025-07-13T20:43:38+00:00\",\"dateModified\":\"2025-07-19T07:18:36+00:00\",\"breadcrumb\":{\"@id\":\"https:\\\/\\\/www.aninite.at\\\/ja\\\/vortraege-workshops-akailein\\\/#breadcrumb\"},\"inLanguage\":\"ja\",\"potentialAction\":[{\"@type\":\"ReadAction\",\"target\":[\"https:\\\/\\\/www.aninite.at\\\/ja\\\/vortraege-workshops-akailein\\\/\"]}]},{\"@type\":\"ImageObject\",\"inLanguage\":\"ja\",\"@id\":\"https:\\\/\\\/www.aninite.at\\\/ja\\\/vortraege-workshops-akailein\\\/#primaryimage\",\"url\":\"https:\\\/\\\/www.aninite.at\\\/wp-content\\\/uploads\\\/\\\/20250502_2112251-942x1024.jpg\",\"contentUrl\":\"https:\\\/\\\/www.aninite.at\\\/wp-content\\\/uploads\\\/\\\/20250502_2112251-942x1024.jpg\"},{\"@type\":\"BreadcrumbList\",\"@id\":\"https:\\\/\\\/www.aninite.at\\\/ja\\\/vortraege-workshops-akailein\\\/#breadcrumb\",\"itemListElement\":[{\"@type\":\"ListItem\",\"position\":1,\"name\":\"Startseite\",\"item\":\"https:\\\/\\\/www.aninite.at\\\/ja\\\/willkommen\\\/\"},{\"@type\":\"ListItem\",\"position\":2,\"name\":\"\u30ec\u30af\u30c1\u30e3\u30fc\uff06\u30ef\u30fc\u30af\u30b7\u30e7\u30c3\u30d7 - \u8d64\u5dba\"}]},{\"@type\":\"WebSite\",\"@id\":\"https:\\\/\\\/www.aninite.at\\\/ja\\\/#website\",\"url\":\"https:\\\/\\\/www.aninite.at\\\/ja\\\/\",\"name\":\"AniNite\",\"description\":\"\u00d6sterreichs gr\u00f6\u00dfte Anime-, Manga- und Comic-Convention\",\"potentialAction\":[{\"@type\":\"SearchAction\",\"target\":{\"@type\":\"EntryPoint\",\"urlTemplate\":\"https:\\\/\\\/www.aninite.at\\\/ja\\\/?s={search_term_string}\"},\"query-input\":{\"@type\":\"PropertyValueSpecification\",\"valueRequired\":true,\"valueName\":\"search_term_string\"}}],\"inLanguage\":\"ja\"}]}<\/script>\n<!-- \/ Yoast SEO plugin. -->","yoast_head_json":{"title":"\u30ec\u30af\u30c1\u30e3\u30fc\uff06\u30ef\u30fc\u30af\u30b7\u30e7\u30c3\u30d7 - \u8d64\u5dba - AniNite","robots":{"index":"index","follow":"follow","max-snippet":"max-snippet:-1","max-image-preview":"max-image-preview:large","max-video-preview":"max-video-preview:-1"},"canonical":"https:\/\/www.aninite.at\/ja\/vortraege-workshops-akailein\/","og_locale":"ja_JP","og_type":"article","og_title":"\u30ec\u30af\u30c1\u30e3\u30fc\uff06\u30ef\u30fc\u30af\u30b7\u30e7\u30c3\u30d7 - \u8d64\u5dba - AniNite","og_description":"\u30a2\u30af\u30ea\u30eb\u30de\u30fc\u30ab\u30fc\u306e\u4f7f\u3044\u65b9 \u571f\u66dc\u65e5 14:15 - 15:15 - 0.32\u53f7\u5ba4 \u30a2\u30af\u30ea\u30eb\u30de\u30fc\u30ab\u30fc\u3092\u4f7f\u3048\u3070\u3001\u9bae\u3084\u304b\u306a\u8272\u5f69\u3068\u8f1d\u304f\u30c7\u30a3\u30c6\u30fc\u30eb\u3067\u30ad\u30e3\u30e9\u30af\u30bf\u30fc\u306b\u547d\u3092\u5439\u304d\u8fbc\u3080\u3053\u3068\u304c\u3067\u304d\u308b\u3002\u3053\u308c\u3089\u306e\u30de\u30fc\u30ab\u30fc\u306f\u3001\u30de\u30f3\u30ac\u306e\u9854\u3001\u9aea\u3001\u80cc\u666f\u306b\u6700\u9069\u3002\u9632\u6c34\u3067\u8010\u5149\u6027\u304c\u3042\u308a\u3001\u30ad\u30e3\u30f3\u30d0\u30b9\u3084\u7d19\u306b\u6700\u9069\u3060\u3002\u3053\u306e\u30ef\u30fc\u30af\u30b7\u30e7\u30c3\u30d7\u3067\u306f\u3001\u3055\u307e\u3056\u307e\u306a\u30de\u30fc\u30ab\u30fc\u3092\u7d39\u4ecb\u3057\u3001\u3069\u306e\u3088\u3046\u306b\u4f7f\u3046\u306e\u304c\u30d9\u30b9\u30c8\u306a\u306e\u304b\u306b\u3064\u3044\u3066\u8a71\u3059\u3002\u30ef\u30fc\u30af\u30b7\u30e7\u30c3\u30d7\u3067\u306f\u3001\u3042\u306a\u305f\u306e\u30d3\u30b8\u30e7\u30f3\u3092\u5b9f\u73fe\u3059\u308b\u305f\u3081\u306e\u30de\u30fc\u30ab\u30fc\u306e\u4f7f\u3044\u65b9\u3092\u5b66\u3076\u3002\u521d\u5fc3\u8005\u3067\u3082\u4e0a\u7d1a\u8005\u3067\u3082\u3001\u3042\u306a\u305f\u306e\u5275\u9020\u529b\u3092\u767a\u63ee\u3057\u306b\u6765\u3066\u306d\uff01 \u6240\u8981\u6642\u9593\uff1a1\u6642\u9593 \u53c2\u52a0\u8005\u6570\uff1a15 -\u30a4\u30f3\u30d5\u30a9\u30dd\u30a4\u30f3\u30c8\u3067\u767b\u9332\u3059\u308b\u3002 \u30bd\u30fc\u30b7\u30e3\u30eb\u30e1\u30c7\u30a3\u30a2\uff1a@akaileinhttps:\/\/akaislaberecke.wordpress.com\/","og_url":"https:\/\/www.aninite.at\/ja\/vortraege-workshops-akailein\/","og_site_name":"AniNite","article_publisher":"https:\/\/www.facebook.com\/AniMangaAustria","article_modified_time":"2025-07-19T07:18:36+00:00","og_image":[{"width":1120,"height":1218,"url":"https:\/\/www.aninite.at\/wp-content\/uploads\/20250502_2112251.jpg","type":"image\/jpeg"}],"twitter_card":"summary_large_image","schema":{"@context":"https:\/\/schema.org","@graph":[{"@type":"WebPage","@id":"https:\/\/www.aninite.at\/ja\/vortraege-workshops-akailein\/","url":"https:\/\/www.aninite.at\/ja\/vortraege-workshops-akailein\/","name":"\u30ec\u30af\u30c1\u30e3\u30fc\uff06\u30ef\u30fc\u30af\u30b7\u30e7\u30c3\u30d7 - \u8d64\u5dba - AniNite","isPartOf":{"@id":"https:\/\/www.aninite.at\/ja\/#website"},"primaryImageOfPage":{"@id":"https:\/\/www.aninite.at\/ja\/vortraege-workshops-akailein\/#primaryimage"},"image":{"@id":"https:\/\/www.aninite.at\/ja\/vortraege-workshops-akailein\/#primaryimage"},"thumbnailUrl":"https:\/\/www.aninite.at\/wp-content\/uploads\/\/20250502_2112251-942x1024.jpg","datePublished":"2025-07-13T20:43:38+00:00","dateModified":"2025-07-19T07:18:36+00:00","breadcrumb":{"@id":"https:\/\/www.aninite.at\/ja\/vortraege-workshops-akailein\/#breadcrumb"},"inLanguage":"ja","potentialAction":[{"@type":"ReadAction","target":["https:\/\/www.aninite.at\/ja\/vortraege-workshops-akailein\/"]}]},{"@type":"ImageObject","inLanguage":"ja","@id":"https:\/\/www.aninite.at\/ja\/vortraege-workshops-akailein\/#primaryimage","url":"https:\/\/www.aninite.at\/wp-content\/uploads\/\/20250502_2112251-942x1024.jpg","contentUrl":"https:\/\/www.aninite.at\/wp-content\/uploads\/\/20250502_2112251-942x1024.jpg"},{"@type":"BreadcrumbList","@id":"https:\/\/www.aninite.at\/ja\/vortraege-workshops-akailein\/#breadcrumb","itemListElement":[{"@type":"ListItem","position":1,"name":"Startseite","item":"https:\/\/www.aninite.at\/ja\/willkommen\/"},{"@type":"ListItem","position":2,"name":"\u30ec\u30af\u30c1\u30e3\u30fc\uff06\u30ef\u30fc\u30af\u30b7\u30e7\u30c3\u30d7 - \u8d64\u5dba"}]},{"@type":"WebSite","@id":"https:\/\/www.aninite.at\/ja\/#website","url":"https:\/\/www.aninite.at\/ja\/","name":"AniNite","description":"\u00d6sterreichs gr\u00f6\u00dfte Anime-, Manga- und Comic-Convention","potentialAction":[{"@type":"SearchAction","target":{"@type":"EntryPoint","urlTemplate":"https:\/\/www.aninite.at\/ja\/?s={search_term_string}"},"query-input":{"@type":"PropertyValueSpecification","valueRequired":true,"valueName":"search_term_string"}}],"inLanguage":"ja"}]}},"acf":[],"_links":{"self":[{"href":"https:\/\/www.aninite.at\/ja\/wp-json\/wp\/v2\/pages\/34074","targetHints":{"allow":["GET"]}}],"collection":[{"href":"https:\/\/www.aninite.at\/ja\/wp-json\/wp\/v2\/pages"}],"about":[{"href":"https:\/\/www.aninite.at\/ja\/wp-json\/wp\/v2\/types\/page"}],"author":[{"embeddable":true,"href":"https:\/\/www.aninite.at\/ja\/wp-json\/wp\/v2\/users\/13"}],"replies":[{"embeddable":true,"href":"https:\/\/www.aninite.at\/ja\/wp-json\/wp\/v2\/comments?post=34074"}],"version-history":[{"count":2,"href":"https:\/\/www.aninite.at\/ja\/wp-json\/wp\/v2\/pages\/34074\/revisions"}],"predecessor-version":[{"id":34253,"href":"https:\/\/www.aninite.at\/ja\/wp-json\/wp\/v2\/pages\/34074\/revisions\/34253"}],"wp:attachment":[{"href":"https:\/\/www.aninite.at\/ja\/wp-json\/wp\/v2\/media?parent=34074"}],"curies":[{"name":"wp","href":"https:\/\/api.w.org\/{rel}","templated":true}]}}