{"id":34148,"date":"2025-07-13T21:15:53","date_gmt":"2025-07-13T19:15:53","guid":{"rendered":"https:\/\/www.aninite.at\/vortraege-workshops-photolisteners\/"},"modified":"2025-07-16T10:55:45","modified_gmt":"2025-07-16T08:55:45","slug":"vortraege-workshops-photolisteners","status":"publish","type":"page","link":"https:\/\/www.aninite.at\/ja\/vortraege-workshops-photolisteners\/","title":{"rendered":"\u30ec\u30af\u30c1\u30e3\u30fc\uff06\u30ef\u30fc\u30af\u30b7\u30e7\u30c3\u30d7 - \u30d5\u30a9\u30c8\u30ea\u30b9\u30ca\u30fc"},"content":{"rendered":"\n<figure class=\"wp-block-image size-large\"><img loading=\"lazy\" decoding=\"async\" width=\"1024\" height=\"307\" src=\"https:\/\/www.aninite.at\/wp-content\/uploads\/\/PHO_BAN_001_Banner-Cosplay-Fotografie-Workshop_3000x900-1024x307.jpg\" alt=\"\" class=\"wp-image-33739\" srcset=\"https:\/\/www.aninite.at\/wp-content\/uploads\/PHO_BAN_001_Banner-Cosplay-Fotografie-Workshop_3000x900-1024x307.jpg 1024w, https:\/\/www.aninite.at\/wp-content\/uploads\/PHO_BAN_001_Banner-Cosplay-Fotografie-Workshop_3000x900-300x90.jpg 300w, https:\/\/www.aninite.at\/wp-content\/uploads\/PHO_BAN_001_Banner-Cosplay-Fotografie-Workshop_3000x900-768x230.jpg 768w, https:\/\/www.aninite.at\/wp-content\/uploads\/PHO_BAN_001_Banner-Cosplay-Fotografie-Workshop_3000x900-1536x461.jpg 1536w, https:\/\/www.aninite.at\/wp-content\/uploads\/PHO_BAN_001_Banner-Cosplay-Fotografie-Workshop_3000x900-2048x614.jpg 2048w, https:\/\/www.aninite.at\/wp-content\/uploads\/PHO_BAN_001_Banner-Cosplay-Fotografie-Workshop_3000x900-1140x342.jpg 1140w\" sizes=\"auto, (max-width: 1024px) 100vw, 1024px\" \/><\/figure>\n\n<p><em><mark style=\"background-color:rgba(0, 0, 0, 0)\" class=\"has-inline-color has-vivid-red-color\">\u571f\u66dc\u65e5 11:45 - 12:45 - 0.31\u53f7\u5ba4<\/mark><\/em><\/p>\n\n<p>\u30b3\u30b9\u30d7\u30ec\u64ae\u5f71\u8b1b\u5ea7\uff1a\u30a2\u30a4\u30c7\u30a2\u304b\u3089\u5091\u4f5c\u307e\u3067\u300d\u3067\u306f\u3001\u30d5\u30a9\u30c8\u30b0\u30e9\u30d5\u30a1\u30fc\u3068\u30b3\u30b9\u30d7\u30ec\u30a4\u30e4\u30fc\u304c1\u6642\u9593\u306e\u8b1b\u5ea7\u3067\u30b3\u30b9\u30d7\u30ec\u64ae\u5f71\u306e\u30b9\u30ad\u30eb\u3092\u6df1\u3081\u308b\u3053\u3068\u304c\u3067\u304d\u308b\u3002\u30d5\u30a9\u30c8\u30ea\u30b9\u30ca\u30fc\u304c\u8b1b\u5e2b\u3068\u306a\u308a\u3001\u8b1b\u7fa9\u306f3\u3064\u306e\u30d5\u30a7\u30fc\u30ba\u306b\u5206\u3051\u3089\u308c\u308b\uff1a\u30d7\u30ea\u30d7\u30ed\u30c0\u30af\u30b7\u30e7\u30f3\u3001\u30d7\u30ed\u30c0\u30af\u30b7\u30e7\u30f3\u3001\u30dd\u30b9\u30c8\u30d7\u30ed\u30c0\u30af\u30b7\u30e7\u30f3\u306e3\u3064\u306e\u30d5\u30a7\u30fc\u30ba\u306b\u5206\u3051\u3001\u305d\u308c\u305e\u308c\u306e\u8a73\u7d30\u3092\u898b\u3066\u3044\u304f\u3002\u30d7\u30ea\u30d7\u30ed\u30c0\u30af\u30b7\u30e7\u30f3\u3067\u306f\u3001\u30b3\u30df\u30e5\u30cb\u30b1\u30fc\u30b7\u30e7\u30f3\u3068\u6e96\u5099\u3092\u53d6\u308a\u4e0a\u3052\u308b\u3002\u30d7\u30ed\u30c0\u30af\u30b7\u30e7\u30f3\u306e\u6bb5\u968e\u3067\u306f\u3001\u30ed\u30b1\u30cf\u30f3\u3001\u30bb\u30c3\u30c8\u30a2\u30c3\u30d7\uff08\u30ab\u30e1\u30e9\u3068\u7167\u660e\uff09\u3001\u30dd\u30fc\u30b8\u30f3\u30b0\u306e\u30ac\u30a4\u30c9\u30e9\u30a4\u30f3\u3001\u5c0f\u9053\u5177\u306e\u30af\u30ea\u30a8\u30a4\u30c6\u30a3\u30d6\u306a\u4f7f\u3044\u65b9\u306a\u3069\u3092\u53d6\u308a\u4e0a\u3052\u308b\u3002\u6700\u5f8c\u306b\u3001\u30dd\u30b9\u30c8\u30d7\u30ed\u30c0\u30af\u30b7\u30e7\u30f3\u3067\u306f\u3001\u753b\u50cf\u306e\u9078\u629e\u3001\u7de8\u96c6\u3001\u5171\u6709\u3092\u6271\u3046\u3002\u3053\u306e\u30ec\u30af\u30c1\u30e3\u30fc\u306f\u3001\u5305\u62ec\u7684\u306a\u7d39\u4ecb\u3092\u63d0\u4f9b\u3057\u3001\u30d5\u30a9\u30c8\u30b0\u30e9\u30d5\u30a1\u30fc\u3068\u30b3\u30b9\u30d7\u30ec\u30a4\u30e4\u30fc\u306b\u30b3\u30b9\u30d7\u30ec\u64ae\u5f71\u306e\u30b9\u30ad\u30eb\u3092\u30de\u30b9\u30bf\u30fc\u3059\u308b\u30a4\u30f3\u30b9\u30d4\u30ec\u30fc\u30b7\u30e7\u30f3\u3092\u4e0e\u3048\u308b\u3002     <\/p>\n\n<p><strong>\u5bfe\u8c61\uff1a <\/strong><br\/>\u30b3\u30b9\u30d7\u30ec\u64ae\u5f71\u306e\u30b9\u30ad\u30eb\u30a2\u30c3\u30d7\u3092\u76ee\u6307\u3059\u30d5\u30a9\u30c8\u30b0\u30e9\u30d5\u30a1\u30fc\u3001\u30b3\u30b9\u30d7\u30ec\u30a4\u30e4\u30fc\u3002<\/p>\n\n<p><strong>\u8a00\u8a9e\uff1a<\/strong><br\/>\u30c9\u30a4\u30c4\u8a9e<\/p>\n\n<p><strong>\u6240\u8981\u6642\u9593\uff1a<\/strong><br\/>1\u6642\u9593<\/p>\n\n<p><strong>\u53c2\u52a0\u8cbb<\/strong>\uff1a<br\/>\u306a\u3057<\/p>\n\n<p><strong>\u30bd\u30fc\u30b7\u30e3\u30eb\u30e1\u30c7\u30a3\u30a2<\/strong><br\/><a href=\"https:\/\/www.instagram.com\/photolisteners\/\">https:\/\/www.instagram.com\/photolisteners\/<\/a><\/p>\n\n<figure class=\"wp-block-image size-large\"><img loading=\"lazy\" decoding=\"async\" width=\"1024\" height=\"1024\" src=\"https:\/\/www.aninite.at\/wp-content\/uploads\/\/PHO_POS_001_Poster-Cosplay-Fotografie-Workshop_1500x1500-1024x1024.jpg\" alt=\"\" class=\"wp-image-33736\" srcset=\"https:\/\/www.aninite.at\/wp-content\/uploads\/PHO_POS_001_Poster-Cosplay-Fotografie-Workshop_1500x1500-1024x1024.jpg 1024w, https:\/\/www.aninite.at\/wp-content\/uploads\/PHO_POS_001_Poster-Cosplay-Fotografie-Workshop_1500x1500-300x300.jpg 300w, https:\/\/www.aninite.at\/wp-content\/uploads\/PHO_POS_001_Poster-Cosplay-Fotografie-Workshop_1500x1500-150x150.jpg 150w, https:\/\/www.aninite.at\/wp-content\/uploads\/PHO_POS_001_Poster-Cosplay-Fotografie-Workshop_1500x1500-768x768.jpg 768w, https:\/\/www.aninite.at\/wp-content\/uploads\/PHO_POS_001_Poster-Cosplay-Fotografie-Workshop_1500x1500-1140x1140.jpg 1140w, https:\/\/www.aninite.at\/wp-content\/uploads\/PHO_POS_001_Poster-Cosplay-Fotografie-Workshop_1500x1500-75x75.jpg 75w, https:\/\/www.aninite.at\/wp-content\/uploads\/PHO_POS_001_Poster-Cosplay-Fotografie-Workshop_1500x1500.jpg 1500w\" sizes=\"auto, (max-width: 1024px) 100vw, 1024px\" \/><\/figure>\n","protected":false},"excerpt":{"rendered":"<p>\u571f\u66dc\u65e5 11:45 - 12:45 - 0.31\u53f7\u5ba4 \u30b3\u30b9\u30d7\u30ec\u64ae\u5f71\u8b1b\u5ea7\uff1a\u30a2\u30a4\u30c7\u30a2\u304b\u3089\u5091\u4f5c\u307e\u3067\u300d\u3067\u306f\u3001\u30d5\u30a9\u30c8\u30b0\u30e9\u30d5\u30a1\u30fc\u3068\u30b3\u30b9\u30d7\u30ec\u30a4\u30e4\u30fc\u304c1\u6642\u9593\u306e\u8b1b\u5ea7\u3067\u30b3\u30b9\u30d7\u30ec\u64ae\u5f71\u306e\u30b9\u30ad\u30eb\u3092\u6df1\u3081\u308b\u3053\u3068\u304c\u3067\u304d\u308b\u3002\u30d5\u30a9\u30c8\u30ea\u30b9\u30ca\u30fc\u304c\u8b1b\u5e2b\u3068\u306a\u308a\u3001\u8b1b\u7fa9\u306f3\u3064\u306e\u30d5\u30a7\u30fc\u30ba\u306b\u5206\u3051\u3089\u308c\u308b\uff1a\u30d7\u30ea\u30d7\u30ed\u30c0\u30af\u30b7\u30e7\u30f3\u3001\u30d7\u30ed\u30c0\u30af\u30b7\u30e7\u30f3\u3001\u30dd\u30b9\u30c8\u30d7\u30ed\u30c0\u30af\u30b7\u30e7\u30f3\u306e3\u3064\u306e\u30d5\u30a7\u30fc\u30ba\u306b\u5206\u3051\u3001\u305d\u308c\u305e\u308c\u306e\u8a73\u7d30\u3092\u898b\u3066\u3044\u304f\u3002\u30d7\u30ea\u30d7\u30ed\u30c0\u30af\u30b7\u30e7\u30f3\u3067\u306f\u3001\u30b3\u30df\u30e5\u30cb\u30b1\u30fc\u30b7\u30e7\u30f3\u3068\u6e96\u5099\u3092\u53d6\u308a\u4e0a\u3052\u308b\u3002\u30d7\u30ed\u30c0\u30af\u30b7\u30e7\u30f3\u306e\u6bb5\u968e\u3067\u306f\u3001\u30ed\u30b1\u30cf\u30f3\u3001\u30bb\u30c3\u30c8\u30a2\u30c3\u30d7\uff08\u30ab\u30e1\u30e9\u3068\u7167\u660e\uff09\u3001\u30dd\u30fc\u30b8\u30f3\u30b0\u306e\u30ac\u30a4\u30c9\u30e9\u30a4\u30f3\u3001\u5c0f\u9053\u5177\u306e\u30af\u30ea\u30a8\u30a4\u30c6\u30a3\u30d6\u306a\u4f7f\u3044\u65b9\u306a\u3069\u3092\u53d6\u308a\u4e0a\u3052\u308b\u3002\u6700\u5f8c\u306b\u3001\u30dd\u30b9\u30c8\u30d7\u30ed\u30c0\u30af\u30b7\u30e7\u30f3\u3067\u306f\u3001\u753b\u50cf\u306e\u9078\u629e\u3001\u7de8\u96c6\u3001\u5171\u6709\u3092\u6271\u3046\u3002\u3053\u306e\u30ec\u30af\u30c1\u30e3\u30fc\u306f\u3001\u5305\u62ec\u7684\u306a\u7d39\u4ecb\u3092\u63d0\u4f9b\u3057\u3001\u30d5\u30a9\u30c8\u30b0\u30e9\u30d5\u30a1\u30fc\u3068\u30b3\u30b9\u30d7\u30ec\u30a4\u30e4\u30fc\u306b\u30b3\u30b9\u30d7\u30ec\u64ae\u5f71\u306e\u30b9\u30ad\u30eb\u3092\u30de\u30b9\u30bf\u30fc\u3059\u308b\u30a4\u30f3\u30b9\u30d4\u30ec\u30fc\u30b7\u30e7\u30f3\u3092\u4e0e\u3048\u308b\u3002 \u5bfe\u8c61\uff1a \u30b3\u30b9\u30d7\u30ec\u64ae\u5f71\u306e\u30b9\u30ad\u30eb\u30a2\u30c3\u30d7\u3092\u76ee\u6307\u3059\u30d5\u30a9\u30c8\u30b0\u30e9\u30d5\u30a1\u30fc\u3001\u30b3\u30b9\u30d7\u30ec\u30a4\u30e4\u30fc\u3002 \u8a00\u8a9e\uff1a\u30c9\u30a4\u30c4\u8a9e \u6240\u8981\u6642\u9593\uff1a1\u6642\u9593 \u53c2\u52a0\u8cbb\uff1a\u306a\u3057 \u30bd\u30fc\u30b7\u30e3\u30eb\u30e1\u30c7\u30a3\u30a2https:\/\/www.instagram.com\/photolisteners\/<\/p>\n","protected":false},"author":13,"featured_media":0,"parent":0,"menu_order":0,"comment_status":"closed","ping_status":"closed","template":"","meta":{"inline_featured_image":false,"footnotes":""},"class_list":["post-34148","page","type-page","status-publish","hentry"],"yoast_head":"<!-- This site is optimized with the Yoast SEO plugin v27.5 - https:\/\/yoast.com\/product\/yoast-seo-wordpress\/ -->\n<title>\u30ec\u30af\u30c1\u30e3\u30fc\uff06\u30ef\u30fc\u30af\u30b7\u30e7\u30c3\u30d7 - \u30d5\u30a9\u30c8\u30ea\u30b9\u30ca\u30fc - AniNite<\/title>\n<meta name=\"robots\" content=\"index, follow, max-snippet:-1, max-image-preview:large, max-video-preview:-1\" \/>\n<link rel=\"canonical\" href=\"https:\/\/www.aninite.at\/ja\/vortraege-workshops-photolisteners\/\" \/>\n<meta property=\"og:locale\" content=\"ja_JP\" \/>\n<meta property=\"og:type\" content=\"article\" \/>\n<meta property=\"og:title\" content=\"\u30ec\u30af\u30c1\u30e3\u30fc\uff06\u30ef\u30fc\u30af\u30b7\u30e7\u30c3\u30d7 - \u30d5\u30a9\u30c8\u30ea\u30b9\u30ca\u30fc - AniNite\" \/>\n<meta property=\"og:description\" content=\"\u571f\u66dc\u65e5 11:45 - 12:45 - 0.31\u53f7\u5ba4 \u30b3\u30b9\u30d7\u30ec\u64ae\u5f71\u8b1b\u5ea7\uff1a\u30a2\u30a4\u30c7\u30a2\u304b\u3089\u5091\u4f5c\u307e\u3067\u300d\u3067\u306f\u3001\u30d5\u30a9\u30c8\u30b0\u30e9\u30d5\u30a1\u30fc\u3068\u30b3\u30b9\u30d7\u30ec\u30a4\u30e4\u30fc\u304c1\u6642\u9593\u306e\u8b1b\u5ea7\u3067\u30b3\u30b9\u30d7\u30ec\u64ae\u5f71\u306e\u30b9\u30ad\u30eb\u3092\u6df1\u3081\u308b\u3053\u3068\u304c\u3067\u304d\u308b\u3002\u30d5\u30a9\u30c8\u30ea\u30b9\u30ca\u30fc\u304c\u8b1b\u5e2b\u3068\u306a\u308a\u3001\u8b1b\u7fa9\u306f3\u3064\u306e\u30d5\u30a7\u30fc\u30ba\u306b\u5206\u3051\u3089\u308c\u308b\uff1a\u30d7\u30ea\u30d7\u30ed\u30c0\u30af\u30b7\u30e7\u30f3\u3001\u30d7\u30ed\u30c0\u30af\u30b7\u30e7\u30f3\u3001\u30dd\u30b9\u30c8\u30d7\u30ed\u30c0\u30af\u30b7\u30e7\u30f3\u306e3\u3064\u306e\u30d5\u30a7\u30fc\u30ba\u306b\u5206\u3051\u3001\u305d\u308c\u305e\u308c\u306e\u8a73\u7d30\u3092\u898b\u3066\u3044\u304f\u3002\u30d7\u30ea\u30d7\u30ed\u30c0\u30af\u30b7\u30e7\u30f3\u3067\u306f\u3001\u30b3\u30df\u30e5\u30cb\u30b1\u30fc\u30b7\u30e7\u30f3\u3068\u6e96\u5099\u3092\u53d6\u308a\u4e0a\u3052\u308b\u3002\u30d7\u30ed\u30c0\u30af\u30b7\u30e7\u30f3\u306e\u6bb5\u968e\u3067\u306f\u3001\u30ed\u30b1\u30cf\u30f3\u3001\u30bb\u30c3\u30c8\u30a2\u30c3\u30d7\uff08\u30ab\u30e1\u30e9\u3068\u7167\u660e\uff09\u3001\u30dd\u30fc\u30b8\u30f3\u30b0\u306e\u30ac\u30a4\u30c9\u30e9\u30a4\u30f3\u3001\u5c0f\u9053\u5177\u306e\u30af\u30ea\u30a8\u30a4\u30c6\u30a3\u30d6\u306a\u4f7f\u3044\u65b9\u306a\u3069\u3092\u53d6\u308a\u4e0a\u3052\u308b\u3002\u6700\u5f8c\u306b\u3001\u30dd\u30b9\u30c8\u30d7\u30ed\u30c0\u30af\u30b7\u30e7\u30f3\u3067\u306f\u3001\u753b\u50cf\u306e\u9078\u629e\u3001\u7de8\u96c6\u3001\u5171\u6709\u3092\u6271\u3046\u3002\u3053\u306e\u30ec\u30af\u30c1\u30e3\u30fc\u306f\u3001\u5305\u62ec\u7684\u306a\u7d39\u4ecb\u3092\u63d0\u4f9b\u3057\u3001\u30d5\u30a9\u30c8\u30b0\u30e9\u30d5\u30a1\u30fc\u3068\u30b3\u30b9\u30d7\u30ec\u30a4\u30e4\u30fc\u306b\u30b3\u30b9\u30d7\u30ec\u64ae\u5f71\u306e\u30b9\u30ad\u30eb\u3092\u30de\u30b9\u30bf\u30fc\u3059\u308b\u30a4\u30f3\u30b9\u30d4\u30ec\u30fc\u30b7\u30e7\u30f3\u3092\u4e0e\u3048\u308b\u3002 \u5bfe\u8c61\uff1a \u30b3\u30b9\u30d7\u30ec\u64ae\u5f71\u306e\u30b9\u30ad\u30eb\u30a2\u30c3\u30d7\u3092\u76ee\u6307\u3059\u30d5\u30a9\u30c8\u30b0\u30e9\u30d5\u30a1\u30fc\u3001\u30b3\u30b9\u30d7\u30ec\u30a4\u30e4\u30fc\u3002 \u8a00\u8a9e\uff1a\u30c9\u30a4\u30c4\u8a9e \u6240\u8981\u6642\u9593\uff1a1\u6642\u9593 \u53c2\u52a0\u8cbb\uff1a\u306a\u3057 \u30bd\u30fc\u30b7\u30e3\u30eb\u30e1\u30c7\u30a3\u30a2https:\/\/www.instagram.com\/photolisteners\/\" \/>\n<meta property=\"og:url\" content=\"https:\/\/www.aninite.at\/ja\/vortraege-workshops-photolisteners\/\" \/>\n<meta property=\"og:site_name\" content=\"AniNite\" \/>\n<meta property=\"article:publisher\" content=\"https:\/\/www.facebook.com\/AniMangaAustria\" \/>\n<meta property=\"article:modified_time\" content=\"2025-07-16T08:55:45+00:00\" \/>\n<meta property=\"og:image\" content=\"https:\/\/www.aninite.at\/wp-content\/uploads\/PHO_BAN_001_Banner-Cosplay-Fotografie-Workshop_3000x900-scaled.jpg\" \/>\n\t<meta property=\"og:image:width\" content=\"2560\" \/>\n\t<meta property=\"og:image:height\" content=\"768\" \/>\n\t<meta property=\"og:image:type\" content=\"image\/jpeg\" \/>\n<meta name=\"twitter:card\" content=\"summary_large_image\" \/>\n<script type=\"application\/ld+json\" class=\"yoast-schema-graph\">{\"@context\":\"https:\\\/\\\/schema.org\",\"@graph\":[{\"@type\":\"WebPage\",\"@id\":\"https:\\\/\\\/www.aninite.at\\\/ja\\\/vortraege-workshops-photolisteners\\\/\",\"url\":\"https:\\\/\\\/www.aninite.at\\\/ja\\\/vortraege-workshops-photolisteners\\\/\",\"name\":\"\u30ec\u30af\u30c1\u30e3\u30fc\uff06\u30ef\u30fc\u30af\u30b7\u30e7\u30c3\u30d7 - \u30d5\u30a9\u30c8\u30ea\u30b9\u30ca\u30fc - AniNite\",\"isPartOf\":{\"@id\":\"https:\\\/\\\/www.aninite.at\\\/ja\\\/#website\"},\"primaryImageOfPage\":{\"@id\":\"https:\\\/\\\/www.aninite.at\\\/ja\\\/vortraege-workshops-photolisteners\\\/#primaryimage\"},\"image\":{\"@id\":\"https:\\\/\\\/www.aninite.at\\\/ja\\\/vortraege-workshops-photolisteners\\\/#primaryimage\"},\"thumbnailUrl\":\"https:\\\/\\\/www.aninite.at\\\/wp-content\\\/uploads\\\/\\\/PHO_BAN_001_Banner-Cosplay-Fotografie-Workshop_3000x900-1024x307.jpg\",\"datePublished\":\"2025-07-13T19:15:53+00:00\",\"dateModified\":\"2025-07-16T08:55:45+00:00\",\"breadcrumb\":{\"@id\":\"https:\\\/\\\/www.aninite.at\\\/ja\\\/vortraege-workshops-photolisteners\\\/#breadcrumb\"},\"inLanguage\":\"ja\",\"potentialAction\":[{\"@type\":\"ReadAction\",\"target\":[\"https:\\\/\\\/www.aninite.at\\\/ja\\\/vortraege-workshops-photolisteners\\\/\"]}]},{\"@type\":\"ImageObject\",\"inLanguage\":\"ja\",\"@id\":\"https:\\\/\\\/www.aninite.at\\\/ja\\\/vortraege-workshops-photolisteners\\\/#primaryimage\",\"url\":\"https:\\\/\\\/www.aninite.at\\\/wp-content\\\/uploads\\\/\\\/PHO_BAN_001_Banner-Cosplay-Fotografie-Workshop_3000x900-1024x307.jpg\",\"contentUrl\":\"https:\\\/\\\/www.aninite.at\\\/wp-content\\\/uploads\\\/\\\/PHO_BAN_001_Banner-Cosplay-Fotografie-Workshop_3000x900-1024x307.jpg\"},{\"@type\":\"BreadcrumbList\",\"@id\":\"https:\\\/\\\/www.aninite.at\\\/ja\\\/vortraege-workshops-photolisteners\\\/#breadcrumb\",\"itemListElement\":[{\"@type\":\"ListItem\",\"position\":1,\"name\":\"Startseite\",\"item\":\"https:\\\/\\\/www.aninite.at\\\/ja\\\/willkommen\\\/\"},{\"@type\":\"ListItem\",\"position\":2,\"name\":\"\u30ec\u30af\u30c1\u30e3\u30fc\uff06\u30ef\u30fc\u30af\u30b7\u30e7\u30c3\u30d7 - \u30d5\u30a9\u30c8\u30ea\u30b9\u30ca\u30fc\"}]},{\"@type\":\"WebSite\",\"@id\":\"https:\\\/\\\/www.aninite.at\\\/ja\\\/#website\",\"url\":\"https:\\\/\\\/www.aninite.at\\\/ja\\\/\",\"name\":\"AniNite\",\"description\":\"\u00d6sterreichs gr\u00f6\u00dfte Anime-, Manga- und Comic-Convention\",\"potentialAction\":[{\"@type\":\"SearchAction\",\"target\":{\"@type\":\"EntryPoint\",\"urlTemplate\":\"https:\\\/\\\/www.aninite.at\\\/ja\\\/?s={search_term_string}\"},\"query-input\":{\"@type\":\"PropertyValueSpecification\",\"valueRequired\":true,\"valueName\":\"search_term_string\"}}],\"inLanguage\":\"ja\"}]}<\/script>\n<!-- \/ Yoast SEO plugin. -->","yoast_head_json":{"title":"\u30ec\u30af\u30c1\u30e3\u30fc\uff06\u30ef\u30fc\u30af\u30b7\u30e7\u30c3\u30d7 - \u30d5\u30a9\u30c8\u30ea\u30b9\u30ca\u30fc - AniNite","robots":{"index":"index","follow":"follow","max-snippet":"max-snippet:-1","max-image-preview":"max-image-preview:large","max-video-preview":"max-video-preview:-1"},"canonical":"https:\/\/www.aninite.at\/ja\/vortraege-workshops-photolisteners\/","og_locale":"ja_JP","og_type":"article","og_title":"\u30ec\u30af\u30c1\u30e3\u30fc\uff06\u30ef\u30fc\u30af\u30b7\u30e7\u30c3\u30d7 - \u30d5\u30a9\u30c8\u30ea\u30b9\u30ca\u30fc - AniNite","og_description":"\u571f\u66dc\u65e5 11:45 - 12:45 - 0.31\u53f7\u5ba4 \u30b3\u30b9\u30d7\u30ec\u64ae\u5f71\u8b1b\u5ea7\uff1a\u30a2\u30a4\u30c7\u30a2\u304b\u3089\u5091\u4f5c\u307e\u3067\u300d\u3067\u306f\u3001\u30d5\u30a9\u30c8\u30b0\u30e9\u30d5\u30a1\u30fc\u3068\u30b3\u30b9\u30d7\u30ec\u30a4\u30e4\u30fc\u304c1\u6642\u9593\u306e\u8b1b\u5ea7\u3067\u30b3\u30b9\u30d7\u30ec\u64ae\u5f71\u306e\u30b9\u30ad\u30eb\u3092\u6df1\u3081\u308b\u3053\u3068\u304c\u3067\u304d\u308b\u3002\u30d5\u30a9\u30c8\u30ea\u30b9\u30ca\u30fc\u304c\u8b1b\u5e2b\u3068\u306a\u308a\u3001\u8b1b\u7fa9\u306f3\u3064\u306e\u30d5\u30a7\u30fc\u30ba\u306b\u5206\u3051\u3089\u308c\u308b\uff1a\u30d7\u30ea\u30d7\u30ed\u30c0\u30af\u30b7\u30e7\u30f3\u3001\u30d7\u30ed\u30c0\u30af\u30b7\u30e7\u30f3\u3001\u30dd\u30b9\u30c8\u30d7\u30ed\u30c0\u30af\u30b7\u30e7\u30f3\u306e3\u3064\u306e\u30d5\u30a7\u30fc\u30ba\u306b\u5206\u3051\u3001\u305d\u308c\u305e\u308c\u306e\u8a73\u7d30\u3092\u898b\u3066\u3044\u304f\u3002\u30d7\u30ea\u30d7\u30ed\u30c0\u30af\u30b7\u30e7\u30f3\u3067\u306f\u3001\u30b3\u30df\u30e5\u30cb\u30b1\u30fc\u30b7\u30e7\u30f3\u3068\u6e96\u5099\u3092\u53d6\u308a\u4e0a\u3052\u308b\u3002\u30d7\u30ed\u30c0\u30af\u30b7\u30e7\u30f3\u306e\u6bb5\u968e\u3067\u306f\u3001\u30ed\u30b1\u30cf\u30f3\u3001\u30bb\u30c3\u30c8\u30a2\u30c3\u30d7\uff08\u30ab\u30e1\u30e9\u3068\u7167\u660e\uff09\u3001\u30dd\u30fc\u30b8\u30f3\u30b0\u306e\u30ac\u30a4\u30c9\u30e9\u30a4\u30f3\u3001\u5c0f\u9053\u5177\u306e\u30af\u30ea\u30a8\u30a4\u30c6\u30a3\u30d6\u306a\u4f7f\u3044\u65b9\u306a\u3069\u3092\u53d6\u308a\u4e0a\u3052\u308b\u3002\u6700\u5f8c\u306b\u3001\u30dd\u30b9\u30c8\u30d7\u30ed\u30c0\u30af\u30b7\u30e7\u30f3\u3067\u306f\u3001\u753b\u50cf\u306e\u9078\u629e\u3001\u7de8\u96c6\u3001\u5171\u6709\u3092\u6271\u3046\u3002\u3053\u306e\u30ec\u30af\u30c1\u30e3\u30fc\u306f\u3001\u5305\u62ec\u7684\u306a\u7d39\u4ecb\u3092\u63d0\u4f9b\u3057\u3001\u30d5\u30a9\u30c8\u30b0\u30e9\u30d5\u30a1\u30fc\u3068\u30b3\u30b9\u30d7\u30ec\u30a4\u30e4\u30fc\u306b\u30b3\u30b9\u30d7\u30ec\u64ae\u5f71\u306e\u30b9\u30ad\u30eb\u3092\u30de\u30b9\u30bf\u30fc\u3059\u308b\u30a4\u30f3\u30b9\u30d4\u30ec\u30fc\u30b7\u30e7\u30f3\u3092\u4e0e\u3048\u308b\u3002 \u5bfe\u8c61\uff1a \u30b3\u30b9\u30d7\u30ec\u64ae\u5f71\u306e\u30b9\u30ad\u30eb\u30a2\u30c3\u30d7\u3092\u76ee\u6307\u3059\u30d5\u30a9\u30c8\u30b0\u30e9\u30d5\u30a1\u30fc\u3001\u30b3\u30b9\u30d7\u30ec\u30a4\u30e4\u30fc\u3002 \u8a00\u8a9e\uff1a\u30c9\u30a4\u30c4\u8a9e \u6240\u8981\u6642\u9593\uff1a1\u6642\u9593 \u53c2\u52a0\u8cbb\uff1a\u306a\u3057 \u30bd\u30fc\u30b7\u30e3\u30eb\u30e1\u30c7\u30a3\u30a2https:\/\/www.instagram.com\/photolisteners\/","og_url":"https:\/\/www.aninite.at\/ja\/vortraege-workshops-photolisteners\/","og_site_name":"AniNite","article_publisher":"https:\/\/www.facebook.com\/AniMangaAustria","article_modified_time":"2025-07-16T08:55:45+00:00","og_image":[{"width":2560,"height":768,"url":"https:\/\/www.aninite.at\/wp-content\/uploads\/PHO_BAN_001_Banner-Cosplay-Fotografie-Workshop_3000x900-scaled.jpg","type":"image\/jpeg"}],"twitter_card":"summary_large_image","schema":{"@context":"https:\/\/schema.org","@graph":[{"@type":"WebPage","@id":"https:\/\/www.aninite.at\/ja\/vortraege-workshops-photolisteners\/","url":"https:\/\/www.aninite.at\/ja\/vortraege-workshops-photolisteners\/","name":"\u30ec\u30af\u30c1\u30e3\u30fc\uff06\u30ef\u30fc\u30af\u30b7\u30e7\u30c3\u30d7 - \u30d5\u30a9\u30c8\u30ea\u30b9\u30ca\u30fc - AniNite","isPartOf":{"@id":"https:\/\/www.aninite.at\/ja\/#website"},"primaryImageOfPage":{"@id":"https:\/\/www.aninite.at\/ja\/vortraege-workshops-photolisteners\/#primaryimage"},"image":{"@id":"https:\/\/www.aninite.at\/ja\/vortraege-workshops-photolisteners\/#primaryimage"},"thumbnailUrl":"https:\/\/www.aninite.at\/wp-content\/uploads\/\/PHO_BAN_001_Banner-Cosplay-Fotografie-Workshop_3000x900-1024x307.jpg","datePublished":"2025-07-13T19:15:53+00:00","dateModified":"2025-07-16T08:55:45+00:00","breadcrumb":{"@id":"https:\/\/www.aninite.at\/ja\/vortraege-workshops-photolisteners\/#breadcrumb"},"inLanguage":"ja","potentialAction":[{"@type":"ReadAction","target":["https:\/\/www.aninite.at\/ja\/vortraege-workshops-photolisteners\/"]}]},{"@type":"ImageObject","inLanguage":"ja","@id":"https:\/\/www.aninite.at\/ja\/vortraege-workshops-photolisteners\/#primaryimage","url":"https:\/\/www.aninite.at\/wp-content\/uploads\/\/PHO_BAN_001_Banner-Cosplay-Fotografie-Workshop_3000x900-1024x307.jpg","contentUrl":"https:\/\/www.aninite.at\/wp-content\/uploads\/\/PHO_BAN_001_Banner-Cosplay-Fotografie-Workshop_3000x900-1024x307.jpg"},{"@type":"BreadcrumbList","@id":"https:\/\/www.aninite.at\/ja\/vortraege-workshops-photolisteners\/#breadcrumb","itemListElement":[{"@type":"ListItem","position":1,"name":"Startseite","item":"https:\/\/www.aninite.at\/ja\/willkommen\/"},{"@type":"ListItem","position":2,"name":"\u30ec\u30af\u30c1\u30e3\u30fc\uff06\u30ef\u30fc\u30af\u30b7\u30e7\u30c3\u30d7 - \u30d5\u30a9\u30c8\u30ea\u30b9\u30ca\u30fc"}]},{"@type":"WebSite","@id":"https:\/\/www.aninite.at\/ja\/#website","url":"https:\/\/www.aninite.at\/ja\/","name":"AniNite","description":"\u00d6sterreichs gr\u00f6\u00dfte Anime-, Manga- und Comic-Convention","potentialAction":[{"@type":"SearchAction","target":{"@type":"EntryPoint","urlTemplate":"https:\/\/www.aninite.at\/ja\/?s={search_term_string}"},"query-input":{"@type":"PropertyValueSpecification","valueRequired":true,"valueName":"search_term_string"}}],"inLanguage":"ja"}]}},"acf":[],"_links":{"self":[{"href":"https:\/\/www.aninite.at\/ja\/wp-json\/wp\/v2\/pages\/34148","targetHints":{"allow":["GET"]}}],"collection":[{"href":"https:\/\/www.aninite.at\/ja\/wp-json\/wp\/v2\/pages"}],"about":[{"href":"https:\/\/www.aninite.at\/ja\/wp-json\/wp\/v2\/types\/page"}],"author":[{"embeddable":true,"href":"https:\/\/www.aninite.at\/ja\/wp-json\/wp\/v2\/users\/13"}],"replies":[{"embeddable":true,"href":"https:\/\/www.aninite.at\/ja\/wp-json\/wp\/v2\/comments?post=34148"}],"version-history":[{"count":1,"href":"https:\/\/www.aninite.at\/ja\/wp-json\/wp\/v2\/pages\/34148\/revisions"}],"predecessor-version":[{"id":34150,"href":"https:\/\/www.aninite.at\/ja\/wp-json\/wp\/v2\/pages\/34148\/revisions\/34150"}],"wp:attachment":[{"href":"https:\/\/www.aninite.at\/ja\/wp-json\/wp\/v2\/media?parent=34148"}],"curies":[{"name":"wp","href":"https:\/\/api.w.org\/{rel}","templated":true}]}}