{"id":34223,"date":"2025-07-19T09:08:29","date_gmt":"2025-07-19T07:08:29","guid":{"rendered":"https:\/\/www.aninite.at\/vortraege-workshops-leroni\/"},"modified":"2025-07-19T09:14:01","modified_gmt":"2025-07-19T07:14:01","slug":"vortraege-workshops-leroni","status":"publish","type":"page","link":"https:\/\/www.aninite.at\/ja\/vortraege-workshops-leroni\/","title":{"rendered":"\u30ec\u30af\u30c1\u30e3\u30fc\uff06\u30ef\u30fc\u30af\u30b7\u30e7\u30c3\u30d7 - \u30ec\u30ed\u30fc\u30cb"},"content":{"rendered":"\n<figure class=\"wp-block-image size-full is-resized\"><img loading=\"lazy\" decoding=\"async\" width=\"1080\" height=\"1920\" src=\"https:\/\/www.aninite.at\/wp-content\/uploads\/1_1.jpg\" alt=\"\" class=\"wp-image-34218\" style=\"width:220px;height:auto\" srcset=\"https:\/\/www.aninite.at\/wp-content\/uploads\/1_1.jpg 1080w, https:\/\/www.aninite.at\/wp-content\/uploads\/1_1-169x300.jpg 169w, https:\/\/www.aninite.at\/wp-content\/uploads\/1_1-576x1024.jpg 576w, https:\/\/www.aninite.at\/wp-content\/uploads\/1_1-768x1365.jpg 768w, https:\/\/www.aninite.at\/wp-content\/uploads\/1_1-864x1536.jpg 864w\" sizes=\"auto, (max-width: 1080px) 100vw, 1080px\" \/><\/figure>\n\n<h2 class=\"wp-block-heading\"><em><mark style=\"background-color:rgba(0, 0, 0, 0)\" class=\"has-inline-color has-vivid-red-color\">\u30a8\u30f3\u30dc\u30b9\u30ec\u30b6\u30fc<\/mark><\/em><\/h2>\n\n<p><em><mark style=\"background-color:rgba(0, 0, 0, 0)\" class=\"has-inline-color has-vivid-red-color\">\u91d1\u66dc\u65e5 11:00 - 13:15 - 0.50\u53f7\u5ba4<\/mark><\/em><\/p>\n\n<p>\u9769\u7d30\u5de5\u3084\u30a8\u30f3\u30dc\u30b9\u52a0\u5de5\uff08\u30d1\u30f3\u30c1\u30f3\u30b0\uff09\u306f\u3001\u53e4\u4ee3\u3084\u4e2d\u4e16\u306b\u304a\u3044\u3066\u3001\u9769\u3092\u82b8\u8853\u7684\u306b\u88c5\u98fe\u3057\u3001\u5f62\u3092\u6574\u3048\u308b\u305f\u3081\u306b\u7528\u3044\u3089\u308c\u305f\u53e4\u4ee3\u306e\u5de5\u82b8\u54c1\u3067\u3042\u308b\u3002\u3057\u304b\u3057\u3001\u4eba\u5de5\u76ae\u9769\uff08\u300c\u30d7\u30e9\u30b9\u30c1\u30c3\u30af\u30ec\u30b6\u30fc\u300d\uff09\u3092\u9ad8\u54c1\u8cea\u3067\u8010\u4e45\u6027\u306e\u3042\u308b\u672c\u9769\u306b\u7f6e\u304d\u63db\u3048\u308b\u3053\u3068\u306f\u3001\u4eca\u65e5\u306e\u30b3\u30b9\u30d7\u30ec\u306b\u304a\u3044\u3066\u3082\u7279\u306b\u6ce8\u76ee\u3055\u308c\u3066\u3044\u308b\u3002 <\/p>\n\n<p>\u30d9\u30fc\u30b7\u30c3\u30af\u30fb\u30b3\u30fc\u30b9\u3067\u306f\u3001\u30a8\u30f3\u30dc\u30b9\u306e\u57fa\u672c\u539f\u7406\u3092\u5b66\u3076\u3002\u3069\u306e\u3088\u3046\u306a\u7279\u6b8a\u5de5\u5177\u304c\u5fc5\u8981\u306a\u306e\u304b\u3001\u6280\u8853\u7684\u306a\u57fa\u672c\u3092\u8a73\u3057\u304f\u6559\u3048\u3001\u8aac\u660e\u3059\u308b\u3002\u53c2\u52a0\u8005\u306f\u30ef\u30fc\u30af\u30b7\u30e7\u30c3\u30d7\u306e\u9593\u3001\u81ea\u5206\u306e\u30ef\u30fc\u30af\u30d4\u30fc\u30b9\u3092\u52a0\u5de5\u3059\u308b\u3002  <\/p>\n\n<p><strong>\u6240\u8981\u6642\u9593\uff1a<\/strong><br\/>2.25\u6642\u9593<\/p>\n\n<p><strong>\u53c2\u52a0\u8005\u6570\uff1a<\/strong><br\/>5 -<mark style=\"background-color:rgba(0, 0, 0, 0)\" class=\"has-inline-color has-luminous-vivid-amber-color\">\u30a4\u30f3\u30d5\u30a9\u30dd\u30a4\u30f3\u30c8\u3067\u306e\u767b\u9332<\/mark><\/p>\n\n<p><strong>\u53c2\u52a0\u8cbb<\/strong>\uff1a<br\/>35 \u20ac -<mark style=\"background-color:rgba(0, 0, 0, 0)\" class=\"has-inline-color has-luminous-vivid-amber-color\">\u30ef\u30fc\u30af\u30b7\u30e7\u30c3\u30d7\u3067\u652f\u6255\u3046\u3002<\/mark><\/p>\n\n<p><strong>\u30bd\u30fc\u30b7\u30e3\u30eb\u30e1\u30c7\u30a3\u30a2<\/strong><br\/><a href=\"http:\/\/www.twobluetwileks.com\">www.twobluetwileks.com<\/a><\/p>\n\n<p><a href=\"http:\/\/www.facebook.com\/twileksaga\">www.facebook.com\/twileksaga<\/a><\/p>\n\n<p><a href=\"http:\/\/www.instagram.com\/twobluetwileks\">www.instagram.com\/twobluetwileks<\/a><\/p>\n\n<figure class=\"wp-block-gallery has-nested-images columns-default is-cropped wp-block-gallery-1 is-layout-flex wp-block-gallery-is-layout-flex\">\n<figure class=\"wp-block-image size-large\"><img loading=\"lazy\" decoding=\"async\" width=\"1024\" height=\"861\" data-id=\"34212\" src=\"https:\/\/www.aninite.at\/wp-content\/uploads\/\/DSC_0142-1024x861.jpg\" alt=\"\" class=\"wp-image-34212\" srcset=\"https:\/\/www.aninite.at\/wp-content\/uploads\/DSC_0142-1024x861.jpg 1024w, https:\/\/www.aninite.at\/wp-content\/uploads\/DSC_0142-300x252.jpg 300w, https:\/\/www.aninite.at\/wp-content\/uploads\/DSC_0142-768x645.jpg 768w, https:\/\/www.aninite.at\/wp-content\/uploads\/DSC_0142-1536x1291.jpg 1536w, https:\/\/www.aninite.at\/wp-content\/uploads\/DSC_0142-2048x1721.jpg 2048w, https:\/\/www.aninite.at\/wp-content\/uploads\/DSC_0142-1140x958.jpg 1140w\" sizes=\"auto, (max-width: 1024px) 100vw, 1024px\" \/><\/figure>\n\n\n\n<figure class=\"wp-block-image size-large\"><img loading=\"lazy\" decoding=\"async\" width=\"945\" height=\"655\" data-id=\"34215\" src=\"https:\/\/www.aninite.at\/wp-content\/uploads\/T2-1.jpg\" alt=\"\" class=\"wp-image-34215\" srcset=\"https:\/\/www.aninite.at\/wp-content\/uploads\/T2-1.jpg 945w, https:\/\/www.aninite.at\/wp-content\/uploads\/T2-1-300x208.jpg 300w, https:\/\/www.aninite.at\/wp-content\/uploads\/T2-1-768x532.jpg 768w\" sizes=\"auto, (max-width: 945px) 100vw, 945px\" \/><\/figure>\n\n\n\n<figure class=\"wp-block-image size-large\"><img loading=\"lazy\" decoding=\"async\" width=\"1024\" height=\"971\" data-id=\"34209\" src=\"https:\/\/www.aninite.at\/wp-content\/uploads\/\/DSC_0095-1024x971.jpg\" alt=\"\" class=\"wp-image-34209\" srcset=\"https:\/\/www.aninite.at\/wp-content\/uploads\/DSC_0095-1024x971.jpg 1024w, https:\/\/www.aninite.at\/wp-content\/uploads\/DSC_0095-300x284.jpg 300w, https:\/\/www.aninite.at\/wp-content\/uploads\/DSC_0095-768x728.jpg 768w, https:\/\/www.aninite.at\/wp-content\/uploads\/DSC_0095-1536x1456.jpg 1536w, https:\/\/www.aninite.at\/wp-content\/uploads\/DSC_0095-2048x1942.jpg 2048w, https:\/\/www.aninite.at\/wp-content\/uploads\/DSC_0095-1140x1081.jpg 1140w\" sizes=\"auto, (max-width: 1024px) 100vw, 1024px\" \/><\/figure>\n\n\n\n<figure class=\"wp-block-image size-large\"><img loading=\"lazy\" decoding=\"async\" width=\"1003\" height=\"1024\" data-id=\"34206\" src=\"https:\/\/www.aninite.at\/wp-content\/uploads\/\/wolfsmond-lederuhr-1003x1024.jpg\" alt=\"\" class=\"wp-image-34206\" srcset=\"https:\/\/www.aninite.at\/wp-content\/uploads\/wolfsmond-lederuhr-1003x1024.jpg 1003w, https:\/\/www.aninite.at\/wp-content\/uploads\/wolfsmond-lederuhr-294x300.jpg 294w, https:\/\/www.aninite.at\/wp-content\/uploads\/wolfsmond-lederuhr-768x784.jpg 768w, https:\/\/www.aninite.at\/wp-content\/uploads\/wolfsmond-lederuhr.jpg 1051w\" sizes=\"auto, (max-width: 1003px) 100vw, 1003px\" \/><\/figure>\n\n\n\n<figure class=\"wp-block-image size-large\"><img loading=\"lazy\" decoding=\"async\" width=\"752\" height=\"641\" data-id=\"34203\" src=\"https:\/\/www.aninite.at\/wp-content\/uploads\/Pokemon-brett-evee.jpg\" alt=\"\" class=\"wp-image-34203\" srcset=\"https:\/\/www.aninite.at\/wp-content\/uploads\/Pokemon-brett-evee.jpg 752w, https:\/\/www.aninite.at\/wp-content\/uploads\/Pokemon-brett-evee-300x256.jpg 300w\" sizes=\"auto, (max-width: 752px) 100vw, 752px\" \/><\/figure>\n\n\n\n<figure class=\"wp-block-image size-large\"><img loading=\"lazy\" decoding=\"async\" width=\"952\" height=\"990\" data-id=\"34200\" src=\"https:\/\/www.aninite.at\/wp-content\/uploads\/Box3.jpg\" alt=\"\" class=\"wp-image-34200\" srcset=\"https:\/\/www.aninite.at\/wp-content\/uploads\/Box3.jpg 952w, https:\/\/www.aninite.at\/wp-content\/uploads\/Box3-288x300.jpg 288w, https:\/\/www.aninite.at\/wp-content\/uploads\/Box3-768x799.jpg 768w\" sizes=\"auto, (max-width: 952px) 100vw, 952px\" \/><\/figure>\n\n\n\n<figure class=\"wp-block-image size-large\"><img loading=\"lazy\" decoding=\"async\" width=\"768\" height=\"1024\" data-id=\"34197\" src=\"https:\/\/www.aninite.at\/wp-content\/uploads\/\/25_1-768x1024.jpg\" alt=\"\" class=\"wp-image-34197\" srcset=\"https:\/\/www.aninite.at\/wp-content\/uploads\/25_1-768x1023.jpg 768w, https:\/\/www.aninite.at\/wp-content\/uploads\/25_1-225x300.jpg 225w, https:\/\/www.aninite.at\/wp-content\/uploads\/25_1-1153x1536.jpg 1153w, https:\/\/www.aninite.at\/wp-content\/uploads\/25_1-1140x1519.jpg 1140w, https:\/\/www.aninite.at\/wp-content\/uploads\/25_1.jpg 1200w\" sizes=\"auto, (max-width: 768px) 100vw, 768px\" \/><\/figure>\n\n\n\n<figure class=\"wp-block-image size-large\"><img loading=\"lazy\" decoding=\"async\" width=\"1024\" height=\"707\" data-id=\"34191\" src=\"https:\/\/www.aninite.at\/wp-content\/uploads\/\/6-1024x707.jpg\" alt=\"\" class=\"wp-image-34191\" srcset=\"https:\/\/www.aninite.at\/wp-content\/uploads\/6-1024x707.jpg 1024w, https:\/\/www.aninite.at\/wp-content\/uploads\/6-300x207.jpg 300w, https:\/\/www.aninite.at\/wp-content\/uploads\/6-768x530.jpg 768w, https:\/\/www.aninite.at\/wp-content\/uploads\/6-1140x787.jpg 1140w, https:\/\/www.aninite.at\/wp-content\/uploads\/6.jpg 1415w\" sizes=\"auto, (max-width: 1024px) 100vw, 1024px\" \/><\/figure>\n\n\n\n<figure class=\"wp-block-image size-large\"><img loading=\"lazy\" decoding=\"async\" width=\"897\" height=\"1024\" data-id=\"34192\" src=\"https:\/\/www.aninite.at\/wp-content\/uploads\/\/1-1-897x1024.jpg\" alt=\"\" class=\"wp-image-34192\" srcset=\"https:\/\/www.aninite.at\/wp-content\/uploads\/1-1-897x1024.jpg 897w, https:\/\/www.aninite.at\/wp-content\/uploads\/1-1-263x300.jpg 263w, https:\/\/www.aninite.at\/wp-content\/uploads\/1-1-768x877.jpg 768w, https:\/\/www.aninite.at\/wp-content\/uploads\/1-1.jpg 1060w\" sizes=\"auto, (max-width: 897px) 100vw, 897px\" \/><\/figure>\n<\/figure>\n","protected":false},"excerpt":{"rendered":"<p>\u30a8\u30f3\u30dc\u30b9\u30ec\u30b6\u30fc \u91d1\u66dc\u65e5 11:00 - 13:15 - 0.50\u53f7\u5ba4 \u9769\u7d30\u5de5\u3084\u30a8\u30f3\u30dc\u30b9\u52a0\u5de5\uff08\u30d1\u30f3\u30c1\u30f3\u30b0\uff09\u306f\u3001\u53e4\u4ee3\u3084\u4e2d\u4e16\u306b\u304a\u3044\u3066\u3001\u9769\u3092\u82b8\u8853\u7684\u306b\u88c5\u98fe\u3057\u3001\u5f62\u3092\u6574\u3048\u308b\u305f\u3081\u306b\u7528\u3044\u3089\u308c\u305f\u53e4\u4ee3\u306e\u5de5\u82b8\u54c1\u3067\u3042\u308b\u3002\u3057\u304b\u3057\u3001\u4eba\u5de5\u76ae\u9769\uff08\u300c\u30d7\u30e9\u30b9\u30c1\u30c3\u30af\u30ec\u30b6\u30fc\u300d\uff09\u3092\u9ad8\u54c1\u8cea\u3067\u8010\u4e45\u6027\u306e\u3042\u308b\u672c\u9769\u306b\u7f6e\u304d\u63db\u3048\u308b\u3053\u3068\u306f\u3001\u4eca\u65e5\u306e\u30b3\u30b9\u30d7\u30ec\u306b\u304a\u3044\u3066\u3082\u7279\u306b\u6ce8\u76ee\u3055\u308c\u3066\u3044\u308b\u3002 \u30d9\u30fc\u30b7\u30c3\u30af\u30fb\u30b3\u30fc\u30b9\u3067\u306f\u3001\u30a8\u30f3\u30dc\u30b9\u306e\u57fa\u672c\u539f\u7406\u3092\u5b66\u3076\u3002\u3069\u306e\u3088\u3046\u306a\u7279\u6b8a\u5de5\u5177\u304c\u5fc5\u8981\u306a\u306e\u304b\u3001\u6280\u8853\u7684\u306a\u57fa\u672c\u3092\u8a73\u3057\u304f\u6559\u3048\u3001\u8aac\u660e\u3059\u308b\u3002\u53c2\u52a0\u8005\u306f\u30ef\u30fc\u30af\u30b7\u30e7\u30c3\u30d7\u306e\u9593\u3001\u81ea\u5206\u306e\u30ef\u30fc\u30af\u30d4\u30fc\u30b9\u3092\u52a0\u5de5\u3059\u308b\u3002 \u6240\u8981\u6642\u9593\uff1a2.25\u6642\u9593 \u53c2\u52a0\u8005\u6570\uff1a5 -\u30a4\u30f3\u30d5\u30a9\u30dd\u30a4\u30f3\u30c8\u3067\u306e\u767b\u9332 \u53c2\u52a0\u8cbb\uff1a35 \u20ac -\u30ef\u30fc\u30af\u30b7\u30e7\u30c3\u30d7\u3067\u652f\u6255\u3046\u3002 \u30bd\u30fc\u30b7\u30e3\u30eb\u30e1\u30c7\u30a3\u30a2www.twobluetwileks.com www.facebook.com\/twileksaga www.instagram.com\/twobluetwileks<\/p>\n","protected":false},"author":13,"featured_media":0,"parent":0,"menu_order":0,"comment_status":"closed","ping_status":"closed","template":"","meta":{"inline_featured_image":false,"footnotes":""},"class_list":["post-34223","page","type-page","status-publish","hentry"],"yoast_head":"<!-- This site is optimized with the Yoast SEO plugin v27.5 - https:\/\/yoast.com\/product\/yoast-seo-wordpress\/ -->\n<title>\u30ec\u30af\u30c1\u30e3\u30fc\uff06\u30ef\u30fc\u30af\u30b7\u30e7\u30c3\u30d7 - \u30ec\u30ed\u30fc\u30cb - AniNite<\/title>\n<meta name=\"robots\" content=\"index, follow, max-snippet:-1, max-image-preview:large, max-video-preview:-1\" \/>\n<link rel=\"canonical\" href=\"https:\/\/www.aninite.at\/ja\/vortraege-workshops-leroni\/\" \/>\n<meta property=\"og:locale\" content=\"ja_JP\" \/>\n<meta property=\"og:type\" content=\"article\" \/>\n<meta property=\"og:title\" content=\"\u30ec\u30af\u30c1\u30e3\u30fc\uff06\u30ef\u30fc\u30af\u30b7\u30e7\u30c3\u30d7 - \u30ec\u30ed\u30fc\u30cb - AniNite\" \/>\n<meta property=\"og:description\" content=\"\u30a8\u30f3\u30dc\u30b9\u30ec\u30b6\u30fc \u91d1\u66dc\u65e5 11:00 - 13:15 - 0.50\u53f7\u5ba4 \u9769\u7d30\u5de5\u3084\u30a8\u30f3\u30dc\u30b9\u52a0\u5de5\uff08\u30d1\u30f3\u30c1\u30f3\u30b0\uff09\u306f\u3001\u53e4\u4ee3\u3084\u4e2d\u4e16\u306b\u304a\u3044\u3066\u3001\u9769\u3092\u82b8\u8853\u7684\u306b\u88c5\u98fe\u3057\u3001\u5f62\u3092\u6574\u3048\u308b\u305f\u3081\u306b\u7528\u3044\u3089\u308c\u305f\u53e4\u4ee3\u306e\u5de5\u82b8\u54c1\u3067\u3042\u308b\u3002\u3057\u304b\u3057\u3001\u4eba\u5de5\u76ae\u9769\uff08\u300c\u30d7\u30e9\u30b9\u30c1\u30c3\u30af\u30ec\u30b6\u30fc\u300d\uff09\u3092\u9ad8\u54c1\u8cea\u3067\u8010\u4e45\u6027\u306e\u3042\u308b\u672c\u9769\u306b\u7f6e\u304d\u63db\u3048\u308b\u3053\u3068\u306f\u3001\u4eca\u65e5\u306e\u30b3\u30b9\u30d7\u30ec\u306b\u304a\u3044\u3066\u3082\u7279\u306b\u6ce8\u76ee\u3055\u308c\u3066\u3044\u308b\u3002 \u30d9\u30fc\u30b7\u30c3\u30af\u30fb\u30b3\u30fc\u30b9\u3067\u306f\u3001\u30a8\u30f3\u30dc\u30b9\u306e\u57fa\u672c\u539f\u7406\u3092\u5b66\u3076\u3002\u3069\u306e\u3088\u3046\u306a\u7279\u6b8a\u5de5\u5177\u304c\u5fc5\u8981\u306a\u306e\u304b\u3001\u6280\u8853\u7684\u306a\u57fa\u672c\u3092\u8a73\u3057\u304f\u6559\u3048\u3001\u8aac\u660e\u3059\u308b\u3002\u53c2\u52a0\u8005\u306f\u30ef\u30fc\u30af\u30b7\u30e7\u30c3\u30d7\u306e\u9593\u3001\u81ea\u5206\u306e\u30ef\u30fc\u30af\u30d4\u30fc\u30b9\u3092\u52a0\u5de5\u3059\u308b\u3002 \u6240\u8981\u6642\u9593\uff1a2.25\u6642\u9593 \u53c2\u52a0\u8005\u6570\uff1a5 -\u30a4\u30f3\u30d5\u30a9\u30dd\u30a4\u30f3\u30c8\u3067\u306e\u767b\u9332 \u53c2\u52a0\u8cbb\uff1a35 \u20ac -\u30ef\u30fc\u30af\u30b7\u30e7\u30c3\u30d7\u3067\u652f\u6255\u3046\u3002 \u30bd\u30fc\u30b7\u30e3\u30eb\u30e1\u30c7\u30a3\u30a2www.twobluetwileks.com www.facebook.com\/twileksaga www.instagram.com\/twobluetwileks\" \/>\n<meta property=\"og:url\" content=\"https:\/\/www.aninite.at\/ja\/vortraege-workshops-leroni\/\" \/>\n<meta property=\"og:site_name\" content=\"AniNite\" \/>\n<meta property=\"article:publisher\" content=\"https:\/\/www.facebook.com\/AniMangaAustria\" \/>\n<meta property=\"article:modified_time\" content=\"2025-07-19T07:14:01+00:00\" \/>\n<meta property=\"og:image\" content=\"https:\/\/www.aninite.at\/wp-content\/uploads\/1_1.jpg\" \/>\n\t<meta property=\"og:image:width\" content=\"1080\" \/>\n\t<meta property=\"og:image:height\" content=\"1920\" \/>\n\t<meta property=\"og:image:type\" content=\"image\/jpeg\" \/>\n<meta name=\"twitter:card\" content=\"summary_large_image\" \/>\n<script type=\"application\/ld+json\" class=\"yoast-schema-graph\">{\"@context\":\"https:\\\/\\\/schema.org\",\"@graph\":[{\"@type\":\"WebPage\",\"@id\":\"https:\\\/\\\/www.aninite.at\\\/ja\\\/vortraege-workshops-leroni\\\/\",\"url\":\"https:\\\/\\\/www.aninite.at\\\/ja\\\/vortraege-workshops-leroni\\\/\",\"name\":\"\u30ec\u30af\u30c1\u30e3\u30fc\uff06\u30ef\u30fc\u30af\u30b7\u30e7\u30c3\u30d7 - \u30ec\u30ed\u30fc\u30cb - AniNite\",\"isPartOf\":{\"@id\":\"https:\\\/\\\/www.aninite.at\\\/ja\\\/#website\"},\"primaryImageOfPage\":{\"@id\":\"https:\\\/\\\/www.aninite.at\\\/ja\\\/vortraege-workshops-leroni\\\/#primaryimage\"},\"image\":{\"@id\":\"https:\\\/\\\/www.aninite.at\\\/ja\\\/vortraege-workshops-leroni\\\/#primaryimage\"},\"thumbnailUrl\":\"https:\\\/\\\/www.aninite.at\\\/wp-content\\\/uploads\\\/1_1.jpg\",\"datePublished\":\"2025-07-19T07:08:29+00:00\",\"dateModified\":\"2025-07-19T07:14:01+00:00\",\"breadcrumb\":{\"@id\":\"https:\\\/\\\/www.aninite.at\\\/ja\\\/vortraege-workshops-leroni\\\/#breadcrumb\"},\"inLanguage\":\"ja\",\"potentialAction\":[{\"@type\":\"ReadAction\",\"target\":[\"https:\\\/\\\/www.aninite.at\\\/ja\\\/vortraege-workshops-leroni\\\/\"]}]},{\"@type\":\"ImageObject\",\"inLanguage\":\"ja\",\"@id\":\"https:\\\/\\\/www.aninite.at\\\/ja\\\/vortraege-workshops-leroni\\\/#primaryimage\",\"url\":\"https:\\\/\\\/www.aninite.at\\\/wp-content\\\/uploads\\\/1_1.jpg\",\"contentUrl\":\"https:\\\/\\\/www.aninite.at\\\/wp-content\\\/uploads\\\/1_1.jpg\"},{\"@type\":\"BreadcrumbList\",\"@id\":\"https:\\\/\\\/www.aninite.at\\\/ja\\\/vortraege-workshops-leroni\\\/#breadcrumb\",\"itemListElement\":[{\"@type\":\"ListItem\",\"position\":1,\"name\":\"Startseite\",\"item\":\"https:\\\/\\\/www.aninite.at\\\/ja\\\/willkommen\\\/\"},{\"@type\":\"ListItem\",\"position\":2,\"name\":\"\u30ec\u30af\u30c1\u30e3\u30fc\uff06\u30ef\u30fc\u30af\u30b7\u30e7\u30c3\u30d7 - \u30ec\u30ed\u30fc\u30cb\"}]},{\"@type\":\"WebSite\",\"@id\":\"https:\\\/\\\/www.aninite.at\\\/ja\\\/#website\",\"url\":\"https:\\\/\\\/www.aninite.at\\\/ja\\\/\",\"name\":\"AniNite\",\"description\":\"\u00d6sterreichs gr\u00f6\u00dfte Anime-, Manga- und Comic-Convention\",\"potentialAction\":[{\"@type\":\"SearchAction\",\"target\":{\"@type\":\"EntryPoint\",\"urlTemplate\":\"https:\\\/\\\/www.aninite.at\\\/ja\\\/?s={search_term_string}\"},\"query-input\":{\"@type\":\"PropertyValueSpecification\",\"valueRequired\":true,\"valueName\":\"search_term_string\"}}],\"inLanguage\":\"ja\"}]}<\/script>\n<!-- \/ Yoast SEO plugin. -->","yoast_head_json":{"title":"\u30ec\u30af\u30c1\u30e3\u30fc\uff06\u30ef\u30fc\u30af\u30b7\u30e7\u30c3\u30d7 - \u30ec\u30ed\u30fc\u30cb - AniNite","robots":{"index":"index","follow":"follow","max-snippet":"max-snippet:-1","max-image-preview":"max-image-preview:large","max-video-preview":"max-video-preview:-1"},"canonical":"https:\/\/www.aninite.at\/ja\/vortraege-workshops-leroni\/","og_locale":"ja_JP","og_type":"article","og_title":"\u30ec\u30af\u30c1\u30e3\u30fc\uff06\u30ef\u30fc\u30af\u30b7\u30e7\u30c3\u30d7 - \u30ec\u30ed\u30fc\u30cb - AniNite","og_description":"\u30a8\u30f3\u30dc\u30b9\u30ec\u30b6\u30fc \u91d1\u66dc\u65e5 11:00 - 13:15 - 0.50\u53f7\u5ba4 \u9769\u7d30\u5de5\u3084\u30a8\u30f3\u30dc\u30b9\u52a0\u5de5\uff08\u30d1\u30f3\u30c1\u30f3\u30b0\uff09\u306f\u3001\u53e4\u4ee3\u3084\u4e2d\u4e16\u306b\u304a\u3044\u3066\u3001\u9769\u3092\u82b8\u8853\u7684\u306b\u88c5\u98fe\u3057\u3001\u5f62\u3092\u6574\u3048\u308b\u305f\u3081\u306b\u7528\u3044\u3089\u308c\u305f\u53e4\u4ee3\u306e\u5de5\u82b8\u54c1\u3067\u3042\u308b\u3002\u3057\u304b\u3057\u3001\u4eba\u5de5\u76ae\u9769\uff08\u300c\u30d7\u30e9\u30b9\u30c1\u30c3\u30af\u30ec\u30b6\u30fc\u300d\uff09\u3092\u9ad8\u54c1\u8cea\u3067\u8010\u4e45\u6027\u306e\u3042\u308b\u672c\u9769\u306b\u7f6e\u304d\u63db\u3048\u308b\u3053\u3068\u306f\u3001\u4eca\u65e5\u306e\u30b3\u30b9\u30d7\u30ec\u306b\u304a\u3044\u3066\u3082\u7279\u306b\u6ce8\u76ee\u3055\u308c\u3066\u3044\u308b\u3002 \u30d9\u30fc\u30b7\u30c3\u30af\u30fb\u30b3\u30fc\u30b9\u3067\u306f\u3001\u30a8\u30f3\u30dc\u30b9\u306e\u57fa\u672c\u539f\u7406\u3092\u5b66\u3076\u3002\u3069\u306e\u3088\u3046\u306a\u7279\u6b8a\u5de5\u5177\u304c\u5fc5\u8981\u306a\u306e\u304b\u3001\u6280\u8853\u7684\u306a\u57fa\u672c\u3092\u8a73\u3057\u304f\u6559\u3048\u3001\u8aac\u660e\u3059\u308b\u3002\u53c2\u52a0\u8005\u306f\u30ef\u30fc\u30af\u30b7\u30e7\u30c3\u30d7\u306e\u9593\u3001\u81ea\u5206\u306e\u30ef\u30fc\u30af\u30d4\u30fc\u30b9\u3092\u52a0\u5de5\u3059\u308b\u3002 \u6240\u8981\u6642\u9593\uff1a2.25\u6642\u9593 \u53c2\u52a0\u8005\u6570\uff1a5 -\u30a4\u30f3\u30d5\u30a9\u30dd\u30a4\u30f3\u30c8\u3067\u306e\u767b\u9332 \u53c2\u52a0\u8cbb\uff1a35 \u20ac -\u30ef\u30fc\u30af\u30b7\u30e7\u30c3\u30d7\u3067\u652f\u6255\u3046\u3002 \u30bd\u30fc\u30b7\u30e3\u30eb\u30e1\u30c7\u30a3\u30a2www.twobluetwileks.com www.facebook.com\/twileksaga www.instagram.com\/twobluetwileks","og_url":"https:\/\/www.aninite.at\/ja\/vortraege-workshops-leroni\/","og_site_name":"AniNite","article_publisher":"https:\/\/www.facebook.com\/AniMangaAustria","article_modified_time":"2025-07-19T07:14:01+00:00","og_image":[{"width":1080,"height":1920,"url":"https:\/\/www.aninite.at\/wp-content\/uploads\/1_1.jpg","type":"image\/jpeg"}],"twitter_card":"summary_large_image","schema":{"@context":"https:\/\/schema.org","@graph":[{"@type":"WebPage","@id":"https:\/\/www.aninite.at\/ja\/vortraege-workshops-leroni\/","url":"https:\/\/www.aninite.at\/ja\/vortraege-workshops-leroni\/","name":"\u30ec\u30af\u30c1\u30e3\u30fc\uff06\u30ef\u30fc\u30af\u30b7\u30e7\u30c3\u30d7 - \u30ec\u30ed\u30fc\u30cb - AniNite","isPartOf":{"@id":"https:\/\/www.aninite.at\/ja\/#website"},"primaryImageOfPage":{"@id":"https:\/\/www.aninite.at\/ja\/vortraege-workshops-leroni\/#primaryimage"},"image":{"@id":"https:\/\/www.aninite.at\/ja\/vortraege-workshops-leroni\/#primaryimage"},"thumbnailUrl":"https:\/\/www.aninite.at\/wp-content\/uploads\/1_1.jpg","datePublished":"2025-07-19T07:08:29+00:00","dateModified":"2025-07-19T07:14:01+00:00","breadcrumb":{"@id":"https:\/\/www.aninite.at\/ja\/vortraege-workshops-leroni\/#breadcrumb"},"inLanguage":"ja","potentialAction":[{"@type":"ReadAction","target":["https:\/\/www.aninite.at\/ja\/vortraege-workshops-leroni\/"]}]},{"@type":"ImageObject","inLanguage":"ja","@id":"https:\/\/www.aninite.at\/ja\/vortraege-workshops-leroni\/#primaryimage","url":"https:\/\/www.aninite.at\/wp-content\/uploads\/1_1.jpg","contentUrl":"https:\/\/www.aninite.at\/wp-content\/uploads\/1_1.jpg"},{"@type":"BreadcrumbList","@id":"https:\/\/www.aninite.at\/ja\/vortraege-workshops-leroni\/#breadcrumb","itemListElement":[{"@type":"ListItem","position":1,"name":"Startseite","item":"https:\/\/www.aninite.at\/ja\/willkommen\/"},{"@type":"ListItem","position":2,"name":"\u30ec\u30af\u30c1\u30e3\u30fc\uff06\u30ef\u30fc\u30af\u30b7\u30e7\u30c3\u30d7 - \u30ec\u30ed\u30fc\u30cb"}]},{"@type":"WebSite","@id":"https:\/\/www.aninite.at\/ja\/#website","url":"https:\/\/www.aninite.at\/ja\/","name":"AniNite","description":"\u00d6sterreichs gr\u00f6\u00dfte Anime-, Manga- und Comic-Convention","potentialAction":[{"@type":"SearchAction","target":{"@type":"EntryPoint","urlTemplate":"https:\/\/www.aninite.at\/ja\/?s={search_term_string}"},"query-input":{"@type":"PropertyValueSpecification","valueRequired":true,"valueName":"search_term_string"}}],"inLanguage":"ja"}]}},"acf":[],"_links":{"self":[{"href":"https:\/\/www.aninite.at\/ja\/wp-json\/wp\/v2\/pages\/34223","targetHints":{"allow":["GET"]}}],"collection":[{"href":"https:\/\/www.aninite.at\/ja\/wp-json\/wp\/v2\/pages"}],"about":[{"href":"https:\/\/www.aninite.at\/ja\/wp-json\/wp\/v2\/types\/page"}],"author":[{"embeddable":true,"href":"https:\/\/www.aninite.at\/ja\/wp-json\/wp\/v2\/users\/13"}],"replies":[{"embeddable":true,"href":"https:\/\/www.aninite.at\/ja\/wp-json\/wp\/v2\/comments?post=34223"}],"version-history":[{"count":3,"href":"https:\/\/www.aninite.at\/ja\/wp-json\/wp\/v2\/pages\/34223\/revisions"}],"predecessor-version":[{"id":34244,"href":"https:\/\/www.aninite.at\/ja\/wp-json\/wp\/v2\/pages\/34223\/revisions\/34244"}],"wp:attachment":[{"href":"https:\/\/www.aninite.at\/ja\/wp-json\/wp\/v2\/media?parent=34223"}],"curies":[{"name":"wp","href":"https:\/\/api.w.org\/{rel}","templated":true}]}}