{"id":34418,"date":"2025-08-01T17:37:32","date_gmt":"2025-08-01T15:37:32","guid":{"rendered":"https:\/\/www.aninite.at\/vortraege-workshops-chiana-art\/"},"modified":"2025-08-01T17:37:50","modified_gmt":"2025-08-01T15:37:50","slug":"vortraege-workshops-chiana-art","status":"publish","type":"page","link":"https:\/\/www.aninite.at\/ja\/vortraege-workshops-chiana-art\/","title":{"rendered":"\u30ec\u30af\u30c1\u30e3\u30fc\uff06\u30ef\u30fc\u30af\u30b7\u30e7\u30c3\u30d7 - Chiana.art"},"content":{"rendered":"\n<h2 class=\"wp-block-heading\"><em><mark style=\"background-color:rgba(0, 0, 0, 0)\" class=\"has-inline-color has-vivid-red-color\">\u521d\u5fc3\u8005\u306e\u305f\u3081\u306e\u30de\u30f3\u30ac\u98a8\u30c7\u30c3\u30b5\u30f3<\/mark><\/em><\/h2>\n\n<p><em><mark style=\"background-color:rgba(0, 0, 0, 0)\" class=\"has-inline-color has-vivid-red-color\">\u571f\u66dc\u65e5 14:15 - 15:15 - 0.31\u53f7\u5ba4<\/mark><\/em><\/p>\n\n<p>\u3053\u3053\u3067\u306f\u3001\u4f55\u3092\u8003\u616e\u3057\u3001\u3069\u306e\u3088\u3046\u306b\u59cb\u3081\u308b\u306e\u304c\u30d9\u30b9\u30c8\u306a\u306e\u304b\u3001\u3069\u306e\u66f8\u985e\u304c\u9069\u3057\u3066\u3044\u308b\u306e\u304b\u3092\u7d39\u4ecb\u3059\u308b\u3002<\/p>\n\n<p>\u6240\u8981\u6642\u9593\uff1a<br\/>1\u6642\u9593<\/p>\n\n<p>\u30bd\u30fc\u30b7\u30e3\u30eb\u30e1\u30c7\u30a3\u30a2<a href=\"https:\/\/www.instagram.com\/chiana.art\/\">\uff1a<br\/>https:\/\/www.instagram.com\/chiana.art\/<\/a><\/p>\n\n<p><br\/><\/p>\n","protected":false},"excerpt":{"rendered":"<p>\u521d\u5fc3\u8005\u306e\u305f\u3081\u306e\u30de\u30f3\u30ac\u98a8\u30c7\u30c3\u30b5\u30f3 \u571f\u66dc\u65e5 14:15 - 15:15 - 0.31\u53f7\u5ba4 \u3053\u3053\u3067\u306f\u3001\u4f55\u3092\u8003\u616e\u3057\u3001\u3069\u306e\u3088\u3046\u306b\u59cb\u3081\u308b\u306e\u304c\u30d9\u30b9\u30c8\u306a\u306e\u304b\u3001\u3069\u306e\u66f8\u985e\u304c\u9069\u3057\u3066\u3044\u308b\u306e\u304b\u3092\u7d39\u4ecb\u3059\u308b\u3002 \u6240\u8981\u6642\u9593\uff1a1\u6642\u9593 \u30bd\u30fc\u30b7\u30e3\u30eb\u30e1\u30c7\u30a3\u30a2\uff1ahttps:\/\/www.instagram.com\/chiana.art\/<\/p>\n","protected":false},"author":13,"featured_media":0,"parent":0,"menu_order":0,"comment_status":"closed","ping_status":"closed","template":"","meta":{"inline_featured_image":false,"footnotes":""},"class_list":["post-34418","page","type-page","status-publish","hentry"],"yoast_head":"<!-- This site is optimized with the Yoast SEO plugin v27.5 - https:\/\/yoast.com\/product\/yoast-seo-wordpress\/ -->\n<title>\u30ec\u30af\u30c1\u30e3\u30fc\uff06\u30ef\u30fc\u30af\u30b7\u30e7\u30c3\u30d7 - Chiana.art - AniNite<\/title>\n<meta name=\"robots\" content=\"index, follow, max-snippet:-1, max-image-preview:large, max-video-preview:-1\" \/>\n<link rel=\"canonical\" href=\"https:\/\/www.aninite.at\/ja\/vortraege-workshops-chiana-art\/\" \/>\n<meta property=\"og:locale\" content=\"ja_JP\" \/>\n<meta property=\"og:type\" content=\"article\" \/>\n<meta property=\"og:title\" content=\"\u30ec\u30af\u30c1\u30e3\u30fc\uff06\u30ef\u30fc\u30af\u30b7\u30e7\u30c3\u30d7 - Chiana.art - AniNite\" \/>\n<meta property=\"og:description\" content=\"\u521d\u5fc3\u8005\u306e\u305f\u3081\u306e\u30de\u30f3\u30ac\u98a8\u30c7\u30c3\u30b5\u30f3 \u571f\u66dc\u65e5 14:15 - 15:15 - 0.31\u53f7\u5ba4 \u3053\u3053\u3067\u306f\u3001\u4f55\u3092\u8003\u616e\u3057\u3001\u3069\u306e\u3088\u3046\u306b\u59cb\u3081\u308b\u306e\u304c\u30d9\u30b9\u30c8\u306a\u306e\u304b\u3001\u3069\u306e\u66f8\u985e\u304c\u9069\u3057\u3066\u3044\u308b\u306e\u304b\u3092\u7d39\u4ecb\u3059\u308b\u3002 \u6240\u8981\u6642\u9593\uff1a1\u6642\u9593 \u30bd\u30fc\u30b7\u30e3\u30eb\u30e1\u30c7\u30a3\u30a2\uff1ahttps:\/\/www.instagram.com\/chiana.art\/\" \/>\n<meta property=\"og:url\" content=\"https:\/\/www.aninite.at\/ja\/vortraege-workshops-chiana-art\/\" \/>\n<meta property=\"og:site_name\" content=\"AniNite\" \/>\n<meta property=\"article:publisher\" content=\"https:\/\/www.facebook.com\/AniMangaAustria\" \/>\n<meta property=\"article:modified_time\" content=\"2025-08-01T15:37:50+00:00\" \/>\n<meta property=\"og:image\" content=\"https:\/\/www.aninite.at\/wp-content\/uploads\/cropped-Icon_2025.jpg\" \/>\n\t<meta property=\"og:image:width\" content=\"512\" \/>\n\t<meta property=\"og:image:height\" content=\"512\" \/>\n\t<meta property=\"og:image:type\" content=\"image\/jpeg\" \/>\n<meta name=\"twitter:card\" content=\"summary_large_image\" \/>\n<script type=\"application\/ld+json\" class=\"yoast-schema-graph\">{\"@context\":\"https:\\\/\\\/schema.org\",\"@graph\":[{\"@type\":\"WebPage\",\"@id\":\"https:\\\/\\\/www.aninite.at\\\/ja\\\/vortraege-workshops-chiana-art\\\/\",\"url\":\"https:\\\/\\\/www.aninite.at\\\/ja\\\/vortraege-workshops-chiana-art\\\/\",\"name\":\"\u30ec\u30af\u30c1\u30e3\u30fc\uff06\u30ef\u30fc\u30af\u30b7\u30e7\u30c3\u30d7 - Chiana.art - AniNite\",\"isPartOf\":{\"@id\":\"https:\\\/\\\/www.aninite.at\\\/ja\\\/#website\"},\"datePublished\":\"2025-08-01T15:37:32+00:00\",\"dateModified\":\"2025-08-01T15:37:50+00:00\",\"breadcrumb\":{\"@id\":\"https:\\\/\\\/www.aninite.at\\\/ja\\\/vortraege-workshops-chiana-art\\\/#breadcrumb\"},\"inLanguage\":\"ja\",\"potentialAction\":[{\"@type\":\"ReadAction\",\"target\":[\"https:\\\/\\\/www.aninite.at\\\/ja\\\/vortraege-workshops-chiana-art\\\/\"]}]},{\"@type\":\"BreadcrumbList\",\"@id\":\"https:\\\/\\\/www.aninite.at\\\/ja\\\/vortraege-workshops-chiana-art\\\/#breadcrumb\",\"itemListElement\":[{\"@type\":\"ListItem\",\"position\":1,\"name\":\"Startseite\",\"item\":\"https:\\\/\\\/www.aninite.at\\\/ja\\\/willkommen\\\/\"},{\"@type\":\"ListItem\",\"position\":2,\"name\":\"\u30ec\u30af\u30c1\u30e3\u30fc\uff06\u30ef\u30fc\u30af\u30b7\u30e7\u30c3\u30d7 - Chiana.art\"}]},{\"@type\":\"WebSite\",\"@id\":\"https:\\\/\\\/www.aninite.at\\\/ja\\\/#website\",\"url\":\"https:\\\/\\\/www.aninite.at\\\/ja\\\/\",\"name\":\"AniNite\",\"description\":\"\u00d6sterreichs gr\u00f6\u00dfte Anime-, Manga- und Comic-Convention\",\"potentialAction\":[{\"@type\":\"SearchAction\",\"target\":{\"@type\":\"EntryPoint\",\"urlTemplate\":\"https:\\\/\\\/www.aninite.at\\\/ja\\\/?s={search_term_string}\"},\"query-input\":{\"@type\":\"PropertyValueSpecification\",\"valueRequired\":true,\"valueName\":\"search_term_string\"}}],\"inLanguage\":\"ja\"}]}<\/script>\n<!-- \/ Yoast SEO plugin. -->","yoast_head_json":{"title":"\u30ec\u30af\u30c1\u30e3\u30fc\uff06\u30ef\u30fc\u30af\u30b7\u30e7\u30c3\u30d7 - Chiana.art - AniNite","robots":{"index":"index","follow":"follow","max-snippet":"max-snippet:-1","max-image-preview":"max-image-preview:large","max-video-preview":"max-video-preview:-1"},"canonical":"https:\/\/www.aninite.at\/ja\/vortraege-workshops-chiana-art\/","og_locale":"ja_JP","og_type":"article","og_title":"\u30ec\u30af\u30c1\u30e3\u30fc\uff06\u30ef\u30fc\u30af\u30b7\u30e7\u30c3\u30d7 - Chiana.art - AniNite","og_description":"\u521d\u5fc3\u8005\u306e\u305f\u3081\u306e\u30de\u30f3\u30ac\u98a8\u30c7\u30c3\u30b5\u30f3 \u571f\u66dc\u65e5 14:15 - 15:15 - 0.31\u53f7\u5ba4 \u3053\u3053\u3067\u306f\u3001\u4f55\u3092\u8003\u616e\u3057\u3001\u3069\u306e\u3088\u3046\u306b\u59cb\u3081\u308b\u306e\u304c\u30d9\u30b9\u30c8\u306a\u306e\u304b\u3001\u3069\u306e\u66f8\u985e\u304c\u9069\u3057\u3066\u3044\u308b\u306e\u304b\u3092\u7d39\u4ecb\u3059\u308b\u3002 \u6240\u8981\u6642\u9593\uff1a1\u6642\u9593 \u30bd\u30fc\u30b7\u30e3\u30eb\u30e1\u30c7\u30a3\u30a2\uff1ahttps:\/\/www.instagram.com\/chiana.art\/","og_url":"https:\/\/www.aninite.at\/ja\/vortraege-workshops-chiana-art\/","og_site_name":"AniNite","article_publisher":"https:\/\/www.facebook.com\/AniMangaAustria","article_modified_time":"2025-08-01T15:37:50+00:00","og_image":[{"width":512,"height":512,"url":"https:\/\/www.aninite.at\/wp-content\/uploads\/cropped-Icon_2025.jpg","type":"image\/jpeg"}],"twitter_card":"summary_large_image","schema":{"@context":"https:\/\/schema.org","@graph":[{"@type":"WebPage","@id":"https:\/\/www.aninite.at\/ja\/vortraege-workshops-chiana-art\/","url":"https:\/\/www.aninite.at\/ja\/vortraege-workshops-chiana-art\/","name":"\u30ec\u30af\u30c1\u30e3\u30fc\uff06\u30ef\u30fc\u30af\u30b7\u30e7\u30c3\u30d7 - Chiana.art - AniNite","isPartOf":{"@id":"https:\/\/www.aninite.at\/ja\/#website"},"datePublished":"2025-08-01T15:37:32+00:00","dateModified":"2025-08-01T15:37:50+00:00","breadcrumb":{"@id":"https:\/\/www.aninite.at\/ja\/vortraege-workshops-chiana-art\/#breadcrumb"},"inLanguage":"ja","potentialAction":[{"@type":"ReadAction","target":["https:\/\/www.aninite.at\/ja\/vortraege-workshops-chiana-art\/"]}]},{"@type":"BreadcrumbList","@id":"https:\/\/www.aninite.at\/ja\/vortraege-workshops-chiana-art\/#breadcrumb","itemListElement":[{"@type":"ListItem","position":1,"name":"Startseite","item":"https:\/\/www.aninite.at\/ja\/willkommen\/"},{"@type":"ListItem","position":2,"name":"\u30ec\u30af\u30c1\u30e3\u30fc\uff06\u30ef\u30fc\u30af\u30b7\u30e7\u30c3\u30d7 - Chiana.art"}]},{"@type":"WebSite","@id":"https:\/\/www.aninite.at\/ja\/#website","url":"https:\/\/www.aninite.at\/ja\/","name":"AniNite","description":"\u00d6sterreichs gr\u00f6\u00dfte Anime-, Manga- und Comic-Convention","potentialAction":[{"@type":"SearchAction","target":{"@type":"EntryPoint","urlTemplate":"https:\/\/www.aninite.at\/ja\/?s={search_term_string}"},"query-input":{"@type":"PropertyValueSpecification","valueRequired":true,"valueName":"search_term_string"}}],"inLanguage":"ja"}]}},"acf":[],"_links":{"self":[{"href":"https:\/\/www.aninite.at\/ja\/wp-json\/wp\/v2\/pages\/34418","targetHints":{"allow":["GET"]}}],"collection":[{"href":"https:\/\/www.aninite.at\/ja\/wp-json\/wp\/v2\/pages"}],"about":[{"href":"https:\/\/www.aninite.at\/ja\/wp-json\/wp\/v2\/types\/page"}],"author":[{"embeddable":true,"href":"https:\/\/www.aninite.at\/ja\/wp-json\/wp\/v2\/users\/13"}],"replies":[{"embeddable":true,"href":"https:\/\/www.aninite.at\/ja\/wp-json\/wp\/v2\/comments?post=34418"}],"version-history":[{"count":1,"href":"https:\/\/www.aninite.at\/ja\/wp-json\/wp\/v2\/pages\/34418\/revisions"}],"predecessor-version":[{"id":34420,"href":"https:\/\/www.aninite.at\/ja\/wp-json\/wp\/v2\/pages\/34418\/revisions\/34420"}],"wp:attachment":[{"href":"https:\/\/www.aninite.at\/ja\/wp-json\/wp\/v2\/media?parent=34418"}],"curies":[{"name":"wp","href":"https:\/\/api.w.org\/{rel}","templated":true}]}}