{"id":34437,"date":"2025-08-01T17:44:07","date_gmt":"2025-08-01T15:44:07","guid":{"rendered":"https:\/\/www.aninite.at\/vortraege-workshops-avena\/"},"modified":"2025-08-01T17:44:23","modified_gmt":"2025-08-01T15:44:23","slug":"vortraege-workshops-avena","status":"publish","type":"page","link":"https:\/\/www.aninite.at\/ja\/vortraege-workshops-avena\/","title":{"rendered":"\u30ec\u30af\u30c1\u30e3\u30fc\uff06\u30ef\u30fc\u30af\u30b7\u30e7\u30c3\u30d7 - \u30a2\u30f4\u30a7\u30ca"},"content":{"rendered":"\n<h2 class=\"wp-block-heading\"><em><mark style=\"background-color:rgba(0, 0, 0, 0)\" class=\"has-inline-color has-vivid-red-color\">\u7d21\u7e3e\u5de5\u5834<\/mark><\/em><\/h2>\n\n<p><em><mark style=\"background-color:rgba(0, 0, 0, 0)\" class=\"has-inline-color has-vivid-red-color\">\u65e5\u66dc\u65e5 15:00 - 16:00 - 0.32\u53f7\u5ba4<\/mark><\/em><\/p>\n\n<p>\u7e4a\u7dad\u304b\u3089\u81ea\u5206\u306e\u30b3\u30b9\u30d7\u30ec\u3092\u4f5c\u308a\u305f\u3044\u4eba\u306f\u30af\u30ec\u30a4\u30b8\u30fc\uff1f\u305d\u3046\u3060\u308d\u3046\uff1f\u305d\u3046\u3060\u3088\uff01\u7d21\u3050\u3093\u3060\uff01\u81ea\u5206\u3067\u7cf8\u3092\u7d21\u3050\u3093\u3060\uff01\u79c1\u306e\u30ef\u30fc\u30af\u30b7\u30e7\u30c3\u30d7\u3067\u306f\u3001\u7d21\u304e\u8eca\u3068\u306e\u51fa\u4f1a\u3044\u306b\u3064\u3044\u3066\u3001\u7e4a\u7dad\u3001\u649a\u308a\u3001\u30d7\u30e9\u30a4\u306b\u3064\u3044\u3066\u8aac\u660e\u3057\u3001\u7de8\u307f\u7269\u3001\u304b\u304e\u91dd\u7de8\u307f\u3001\u7e54\u7269\u306a\u3069\u3001\u7d21\u304e\u3092\u72ec\u5b66\u3067\u5b66\u3076\u65b9\u6cd5\u306b\u3064\u3044\u3066\u8aac\u660e\u3059\u308b\u3002     <\/p>\n\n<p>\u6240\u8981\u6642\u9593\uff1a<br\/>1\u6642\u9593<\/p>\n","protected":false},"excerpt":{"rendered":"<p>\u7d21\u7e3e\u5de5\u5834 \u65e5\u66dc\u65e5 15:00 - 16:00 - 0.32\u53f7\u5ba4 \u7e4a\u7dad\u304b\u3089\u81ea\u5206\u306e\u30b3\u30b9\u30d7\u30ec\u3092\u4f5c\u308a\u305f\u3044\u4eba\u306f\u30af\u30ec\u30a4\u30b8\u30fc\uff1f\u305d\u3046\u3060\u308d\u3046\uff1f\u305d\u3046\u3060\u3088\uff01\u7d21\u3050\u3093\u3060\uff01\u81ea\u5206\u3067\u7cf8\u3092\u7d21\u3050\u3093\u3060\uff01\u79c1\u306e\u30ef\u30fc\u30af\u30b7\u30e7\u30c3\u30d7\u3067\u306f\u3001\u7d21\u304e\u8eca\u3068\u306e\u51fa\u4f1a\u3044\u306b\u3064\u3044\u3066\u3001\u7e4a\u7dad\u3001\u649a\u308a\u3001\u30d7\u30e9\u30a4\u306b\u3064\u3044\u3066\u8aac\u660e\u3057\u3001\u7de8\u307f\u7269\u3001\u304b\u304e\u91dd\u7de8\u307f\u3001\u7e54\u7269\u306a\u3069\u3001\u7d21\u304e\u3092\u72ec\u5b66\u3067\u5b66\u3076\u65b9\u6cd5\u306b\u3064\u3044\u3066\u8aac\u660e\u3059\u308b\u3002 \u6240\u8981\u6642\u9593\uff1a1\u6642\u9593<\/p>\n","protected":false},"author":13,"featured_media":0,"parent":0,"menu_order":0,"comment_status":"closed","ping_status":"closed","template":"","meta":{"inline_featured_image":false,"footnotes":""},"class_list":["post-34437","page","type-page","status-publish","hentry"],"yoast_head":"<!-- This site is optimized with the Yoast SEO plugin v27.5 - https:\/\/yoast.com\/product\/yoast-seo-wordpress\/ -->\n<title>\u30ec\u30af\u30c1\u30e3\u30fc\uff06\u30ef\u30fc\u30af\u30b7\u30e7\u30c3\u30d7 - \u30a2\u30f4\u30a7\u30ca - AniNite<\/title>\n<meta name=\"robots\" content=\"index, follow, max-snippet:-1, max-image-preview:large, max-video-preview:-1\" \/>\n<link rel=\"canonical\" href=\"https:\/\/www.aninite.at\/ja\/vortraege-workshops-avena\/\" \/>\n<meta property=\"og:locale\" content=\"ja_JP\" \/>\n<meta property=\"og:type\" content=\"article\" \/>\n<meta property=\"og:title\" content=\"\u30ec\u30af\u30c1\u30e3\u30fc\uff06\u30ef\u30fc\u30af\u30b7\u30e7\u30c3\u30d7 - \u30a2\u30f4\u30a7\u30ca - AniNite\" \/>\n<meta property=\"og:description\" content=\"\u7d21\u7e3e\u5de5\u5834 \u65e5\u66dc\u65e5 15:00 - 16:00 - 0.32\u53f7\u5ba4 \u7e4a\u7dad\u304b\u3089\u81ea\u5206\u306e\u30b3\u30b9\u30d7\u30ec\u3092\u4f5c\u308a\u305f\u3044\u4eba\u306f\u30af\u30ec\u30a4\u30b8\u30fc\uff1f\u305d\u3046\u3060\u308d\u3046\uff1f\u305d\u3046\u3060\u3088\uff01\u7d21\u3050\u3093\u3060\uff01\u81ea\u5206\u3067\u7cf8\u3092\u7d21\u3050\u3093\u3060\uff01\u79c1\u306e\u30ef\u30fc\u30af\u30b7\u30e7\u30c3\u30d7\u3067\u306f\u3001\u7d21\u304e\u8eca\u3068\u306e\u51fa\u4f1a\u3044\u306b\u3064\u3044\u3066\u3001\u7e4a\u7dad\u3001\u649a\u308a\u3001\u30d7\u30e9\u30a4\u306b\u3064\u3044\u3066\u8aac\u660e\u3057\u3001\u7de8\u307f\u7269\u3001\u304b\u304e\u91dd\u7de8\u307f\u3001\u7e54\u7269\u306a\u3069\u3001\u7d21\u304e\u3092\u72ec\u5b66\u3067\u5b66\u3076\u65b9\u6cd5\u306b\u3064\u3044\u3066\u8aac\u660e\u3059\u308b\u3002 \u6240\u8981\u6642\u9593\uff1a1\u6642\u9593\" \/>\n<meta property=\"og:url\" content=\"https:\/\/www.aninite.at\/ja\/vortraege-workshops-avena\/\" \/>\n<meta property=\"og:site_name\" content=\"AniNite\" \/>\n<meta property=\"article:publisher\" content=\"https:\/\/www.facebook.com\/AniMangaAustria\" \/>\n<meta property=\"article:modified_time\" content=\"2025-08-01T15:44:23+00:00\" \/>\n<meta property=\"og:image\" content=\"https:\/\/www.aninite.at\/wp-content\/uploads\/cropped-Icon_2025.jpg\" \/>\n\t<meta property=\"og:image:width\" content=\"512\" \/>\n\t<meta property=\"og:image:height\" content=\"512\" \/>\n\t<meta property=\"og:image:type\" content=\"image\/jpeg\" \/>\n<meta name=\"twitter:card\" content=\"summary_large_image\" \/>\n<script type=\"application\/ld+json\" class=\"yoast-schema-graph\">{\"@context\":\"https:\\\/\\\/schema.org\",\"@graph\":[{\"@type\":\"WebPage\",\"@id\":\"https:\\\/\\\/www.aninite.at\\\/ja\\\/vortraege-workshops-avena\\\/\",\"url\":\"https:\\\/\\\/www.aninite.at\\\/ja\\\/vortraege-workshops-avena\\\/\",\"name\":\"\u30ec\u30af\u30c1\u30e3\u30fc\uff06\u30ef\u30fc\u30af\u30b7\u30e7\u30c3\u30d7 - \u30a2\u30f4\u30a7\u30ca - AniNite\",\"isPartOf\":{\"@id\":\"https:\\\/\\\/www.aninite.at\\\/ja\\\/#website\"},\"datePublished\":\"2025-08-01T15:44:07+00:00\",\"dateModified\":\"2025-08-01T15:44:23+00:00\",\"breadcrumb\":{\"@id\":\"https:\\\/\\\/www.aninite.at\\\/ja\\\/vortraege-workshops-avena\\\/#breadcrumb\"},\"inLanguage\":\"ja\",\"potentialAction\":[{\"@type\":\"ReadAction\",\"target\":[\"https:\\\/\\\/www.aninite.at\\\/ja\\\/vortraege-workshops-avena\\\/\"]}]},{\"@type\":\"BreadcrumbList\",\"@id\":\"https:\\\/\\\/www.aninite.at\\\/ja\\\/vortraege-workshops-avena\\\/#breadcrumb\",\"itemListElement\":[{\"@type\":\"ListItem\",\"position\":1,\"name\":\"Startseite\",\"item\":\"https:\\\/\\\/www.aninite.at\\\/ja\\\/willkommen\\\/\"},{\"@type\":\"ListItem\",\"position\":2,\"name\":\"\u30ec\u30af\u30c1\u30e3\u30fc\uff06\u30ef\u30fc\u30af\u30b7\u30e7\u30c3\u30d7 - \u30a2\u30f4\u30a7\u30ca\"}]},{\"@type\":\"WebSite\",\"@id\":\"https:\\\/\\\/www.aninite.at\\\/ja\\\/#website\",\"url\":\"https:\\\/\\\/www.aninite.at\\\/ja\\\/\",\"name\":\"AniNite\",\"description\":\"\u00d6sterreichs gr\u00f6\u00dfte Anime-, Manga- und Comic-Convention\",\"potentialAction\":[{\"@type\":\"SearchAction\",\"target\":{\"@type\":\"EntryPoint\",\"urlTemplate\":\"https:\\\/\\\/www.aninite.at\\\/ja\\\/?s={search_term_string}\"},\"query-input\":{\"@type\":\"PropertyValueSpecification\",\"valueRequired\":true,\"valueName\":\"search_term_string\"}}],\"inLanguage\":\"ja\"}]}<\/script>\n<!-- \/ Yoast SEO plugin. -->","yoast_head_json":{"title":"\u30ec\u30af\u30c1\u30e3\u30fc\uff06\u30ef\u30fc\u30af\u30b7\u30e7\u30c3\u30d7 - \u30a2\u30f4\u30a7\u30ca - AniNite","robots":{"index":"index","follow":"follow","max-snippet":"max-snippet:-1","max-image-preview":"max-image-preview:large","max-video-preview":"max-video-preview:-1"},"canonical":"https:\/\/www.aninite.at\/ja\/vortraege-workshops-avena\/","og_locale":"ja_JP","og_type":"article","og_title":"\u30ec\u30af\u30c1\u30e3\u30fc\uff06\u30ef\u30fc\u30af\u30b7\u30e7\u30c3\u30d7 - \u30a2\u30f4\u30a7\u30ca - AniNite","og_description":"\u7d21\u7e3e\u5de5\u5834 \u65e5\u66dc\u65e5 15:00 - 16:00 - 0.32\u53f7\u5ba4 \u7e4a\u7dad\u304b\u3089\u81ea\u5206\u306e\u30b3\u30b9\u30d7\u30ec\u3092\u4f5c\u308a\u305f\u3044\u4eba\u306f\u30af\u30ec\u30a4\u30b8\u30fc\uff1f\u305d\u3046\u3060\u308d\u3046\uff1f\u305d\u3046\u3060\u3088\uff01\u7d21\u3050\u3093\u3060\uff01\u81ea\u5206\u3067\u7cf8\u3092\u7d21\u3050\u3093\u3060\uff01\u79c1\u306e\u30ef\u30fc\u30af\u30b7\u30e7\u30c3\u30d7\u3067\u306f\u3001\u7d21\u304e\u8eca\u3068\u306e\u51fa\u4f1a\u3044\u306b\u3064\u3044\u3066\u3001\u7e4a\u7dad\u3001\u649a\u308a\u3001\u30d7\u30e9\u30a4\u306b\u3064\u3044\u3066\u8aac\u660e\u3057\u3001\u7de8\u307f\u7269\u3001\u304b\u304e\u91dd\u7de8\u307f\u3001\u7e54\u7269\u306a\u3069\u3001\u7d21\u304e\u3092\u72ec\u5b66\u3067\u5b66\u3076\u65b9\u6cd5\u306b\u3064\u3044\u3066\u8aac\u660e\u3059\u308b\u3002 \u6240\u8981\u6642\u9593\uff1a1\u6642\u9593","og_url":"https:\/\/www.aninite.at\/ja\/vortraege-workshops-avena\/","og_site_name":"AniNite","article_publisher":"https:\/\/www.facebook.com\/AniMangaAustria","article_modified_time":"2025-08-01T15:44:23+00:00","og_image":[{"width":512,"height":512,"url":"https:\/\/www.aninite.at\/wp-content\/uploads\/cropped-Icon_2025.jpg","type":"image\/jpeg"}],"twitter_card":"summary_large_image","schema":{"@context":"https:\/\/schema.org","@graph":[{"@type":"WebPage","@id":"https:\/\/www.aninite.at\/ja\/vortraege-workshops-avena\/","url":"https:\/\/www.aninite.at\/ja\/vortraege-workshops-avena\/","name":"\u30ec\u30af\u30c1\u30e3\u30fc\uff06\u30ef\u30fc\u30af\u30b7\u30e7\u30c3\u30d7 - \u30a2\u30f4\u30a7\u30ca - AniNite","isPartOf":{"@id":"https:\/\/www.aninite.at\/ja\/#website"},"datePublished":"2025-08-01T15:44:07+00:00","dateModified":"2025-08-01T15:44:23+00:00","breadcrumb":{"@id":"https:\/\/www.aninite.at\/ja\/vortraege-workshops-avena\/#breadcrumb"},"inLanguage":"ja","potentialAction":[{"@type":"ReadAction","target":["https:\/\/www.aninite.at\/ja\/vortraege-workshops-avena\/"]}]},{"@type":"BreadcrumbList","@id":"https:\/\/www.aninite.at\/ja\/vortraege-workshops-avena\/#breadcrumb","itemListElement":[{"@type":"ListItem","position":1,"name":"Startseite","item":"https:\/\/www.aninite.at\/ja\/willkommen\/"},{"@type":"ListItem","position":2,"name":"\u30ec\u30af\u30c1\u30e3\u30fc\uff06\u30ef\u30fc\u30af\u30b7\u30e7\u30c3\u30d7 - \u30a2\u30f4\u30a7\u30ca"}]},{"@type":"WebSite","@id":"https:\/\/www.aninite.at\/ja\/#website","url":"https:\/\/www.aninite.at\/ja\/","name":"AniNite","description":"\u00d6sterreichs gr\u00f6\u00dfte Anime-, Manga- und Comic-Convention","potentialAction":[{"@type":"SearchAction","target":{"@type":"EntryPoint","urlTemplate":"https:\/\/www.aninite.at\/ja\/?s={search_term_string}"},"query-input":{"@type":"PropertyValueSpecification","valueRequired":true,"valueName":"search_term_string"}}],"inLanguage":"ja"}]}},"acf":[],"_links":{"self":[{"href":"https:\/\/www.aninite.at\/ja\/wp-json\/wp\/v2\/pages\/34437","targetHints":{"allow":["GET"]}}],"collection":[{"href":"https:\/\/www.aninite.at\/ja\/wp-json\/wp\/v2\/pages"}],"about":[{"href":"https:\/\/www.aninite.at\/ja\/wp-json\/wp\/v2\/types\/page"}],"author":[{"embeddable":true,"href":"https:\/\/www.aninite.at\/ja\/wp-json\/wp\/v2\/users\/13"}],"replies":[{"embeddable":true,"href":"https:\/\/www.aninite.at\/ja\/wp-json\/wp\/v2\/comments?post=34437"}],"version-history":[{"count":1,"href":"https:\/\/www.aninite.at\/ja\/wp-json\/wp\/v2\/pages\/34437\/revisions"}],"predecessor-version":[{"id":34439,"href":"https:\/\/www.aninite.at\/ja\/wp-json\/wp\/v2\/pages\/34437\/revisions\/34439"}],"wp:attachment":[{"href":"https:\/\/www.aninite.at\/ja\/wp-json\/wp\/v2\/media?parent=34437"}],"curies":[{"name":"wp","href":"https:\/\/api.w.org\/{rel}","templated":true}]}}